{"id":1954,"date":"2023-07-05T17:02:06","date_gmt":"2023-07-05T15:02:06","guid":{"rendered":"https:\/\/mnwell.com\/?post_type=product&#038;p=1954"},"modified":"2024-01-22T16:14:13","modified_gmt":"2024-01-22T15:14:13","slug":"high-pressure-aluminum-die-casting-parts","status":"publish","type":"product","link":"https:\/\/mnwell.com\/de\/produkt\/high-pressure-aluminum-die-casting-parts\/","title":{"rendered":"Aluminium-Druckgussteile mit hohem Druck"},"content":{"rendered":"<p>Bei Aluminium-Druckgussteilen wird geschmolzenes Metall unter hohem Druck eingespritzt, wodurch das Metall in einer Form schnell erstarrt. Die schnelle Erstarrung tr\u00e4gt zur Bildung eines feinen Korngef\u00fcges bei und verbessert die mechanischen Eigenschaften und die Oberfl\u00e4chenqualit\u00e4t der Gussteile. Aufgrund der Beschaffenheit des Druckgusses sind wir in der Lage, hochpr\u00e4zise Gussteile mit genauen Abmessungen und glatten Oberfl\u00e4chen herzustellen. Es k\u00f6nnen komplexe geometrische Formen und d\u00fcnnwandige Strukturen realisiert werden, um die Designanforderungen komplexer Produkte zu erf\u00fcllen.<\/p>\n<p>Die Leistung von Aluminium-Material hat die Eigenschaften der hohen Festigkeit und einfache Verarbeitung, so <a href=\"https:\/\/mnwell.com\/de\/what-are-high-pressure-aluminum-die-casting-parts\/\">Aluminium-Druckgussteile mit hohem Druck<\/a> haben eine hohe Festigkeit, H\u00e4rte und Verschlei\u00dffestigkeit, die den Anwendungsanforderungen spezifischer Teile entsprechen, wie z. B. Autoteile, Raumfahrzeugteile und Elektronik, Haushaltsger\u00e4te, Industriemaschinen.<\/p>\n<p>Unser Unternehmen beherrscht die Druckgusstechnologie und verf\u00fcgt \u00fcber Druckgussanlagen, die eine hocheffiziente Produktion erm\u00f6glichen. Wir laden Sie ein, Ihre Ideen f\u00fcr Aluminium-Hochdruckgussteile mit uns auszutauschen. Unsere Ingenieure werden Sie so schnell wie m\u00f6glich kontaktieren. Wenn es andere Materialien wie Aluminium-Legierung, Sie sind auch willkommen, uns f\u00fcr die Hochdruck-Druckguss Bed\u00fcrfnisse von Magnesium-Legierung und Zink-Legierung zu kontaktieren.<\/p>\n<p><img loading=\"lazy\" decoding=\"async\" class=\"alignnone wp-image-4009 size-full\" src=\"http:\/\/mnwell.com\/wp-content\/uploads\/2023\/07\/IMG_20231021_121116.jpg\" alt=\"High-pressure casting\" width=\"800\" height=\"800\" srcset=\"https:\/\/mnwell.com\/wp-content\/uploads\/2023\/07\/IMG_20231021_121116.jpg 800w, https:\/\/mnwell.com\/wp-content\/uploads\/2023\/07\/IMG_20231021_121116-150x150.jpg 150w, https:\/\/mnwell.com\/wp-content\/uploads\/2023\/07\/IMG_20231021_121116-768x768.jpg 768w, https:\/\/mnwell.com\/wp-content\/uploads\/2023\/07\/IMG_20231021_121116-12x12.jpg 12w, https:\/\/mnwell.com\/wp-content\/uploads\/2023\/07\/IMG_20231021_121116-300x300.jpg 300w, https:\/\/mnwell.com\/wp-content\/uploads\/2023\/07\/IMG_20231021_121116-600x600.jpg 600w, https:\/\/mnwell.com\/wp-content\/uploads\/2023\/07\/IMG_20231021_121116-100x100.jpg 100w\" sizes=\"(max-width: 800px) 100vw, 800px\" \/><\/p>\n<h3>Kundenspezifische Hochdruck-Aluminium-Druckgussteile<\/h3>\n<p>Wir bieten kundenspezifische Druckgussteile an. Unser Unternehmen genie\u00dft einen guten Ruf und verf\u00fcgt \u00fcber Fachwissen und technische Erfahrung im Druckguss. Wir verf\u00fcgen \u00fcber ein komplettes Qualit\u00e4tskontrollsystem und fortschrittliche Ausr\u00fcstung, um Ihnen die Druckgussvorschl\u00e4ge und L\u00f6sungen zu bieten, die Sie ben\u00f6tigen. Im Folgenden finden Sie unsere kundenspezifischen Schritte, die je nach der tats\u00e4chlichen Situation umgesetzt werden:<\/p>\n<ul>\n<li>Festlegung von Anforderungen und Spezifikationen<\/li>\n<li>Eingehende Kommunikation<\/li>\n<li>Materialbestimmung und Projektbestimmung<\/li>\n<li>Design und Formenbau<\/li>\n<li>Musterherstellung, Produktpr\u00fcfung<\/li>\n<li>Massenproduktion<\/li>\n<li>Nachbearbeitung (Oberfl\u00e4chenbehandlung und Montage usw.)<\/li>\n<li>Verpackung und Versand<\/li>\n<\/ul>\n<p>Unser Unternehmen steht in engem Kontakt mit den Kunden, wenn es um die Anpassung von Aluminium-Druckgussteilen geht, und pflegt einen intensiven Austausch und Verhandlungen, um sicherzustellen, dass das Endprodukt Ihren Anforderungen entspricht. Wir verbessern auch st\u00e4ndig unsere Ausr\u00fcstung und verf\u00fcgen \u00fcber professionelles technisches Personal, um unseren Kunden professionelle Druckgussdienstleistungen zu bieten.<\/p>\n<p><img loading=\"lazy\" decoding=\"async\" class=\"alignnone wp-image-4010 size-full\" src=\"http:\/\/mnwell.com\/wp-content\/uploads\/2023\/07\/IMG_20231021_121106.jpg\" alt=\"igh pressure aluminum die castings\" width=\"800\" height=\"800\" srcset=\"https:\/\/mnwell.com\/wp-content\/uploads\/2023\/07\/IMG_20231021_121106.jpg 800w, https:\/\/mnwell.com\/wp-content\/uploads\/2023\/07\/IMG_20231021_121106-150x150.jpg 150w, https:\/\/mnwell.com\/wp-content\/uploads\/2023\/07\/IMG_20231021_121106-768x768.jpg 768w, https:\/\/mnwell.com\/wp-content\/uploads\/2023\/07\/IMG_20231021_121106-12x12.jpg 12w, https:\/\/mnwell.com\/wp-content\/uploads\/2023\/07\/IMG_20231021_121106-300x300.jpg 300w, https:\/\/mnwell.com\/wp-content\/uploads\/2023\/07\/IMG_20231021_121106-600x600.jpg 600w, https:\/\/mnwell.com\/wp-content\/uploads\/2023\/07\/IMG_20231021_121106-100x100.jpg 100w\" sizes=\"(max-width: 800px) 100vw, 800px\" \/><\/p>\n<p>&nbsp;<\/p>\n<h3>Vorteile des Aluminiumdruckgusses<\/h3>\n<ol>\n<li>Festigkeit: Aufgrund seines ausgezeichneten Verh\u00e4ltnisses von Festigkeit zu Gewicht sind Aluminiumdruckgussst\u00fccke eine gute Wahl f\u00fcr Anwendungen, die leicht und langlebig sein m\u00fcssen.<\/li>\n<li>Komplexit\u00e4t: Durch die Herstellung komplizierter Teile mit engen Toleranzen entf\u00e4llt beim Druckguss die Notwendigkeit einer zus\u00e4tzlichen Bearbeitung.<\/li>\n<li>Kosteng\u00fcnstig: Da im Aluminiumdruckguss eine gro\u00dfe Anzahl von Bauteilen mit geringem Materialabfall hergestellt werden kann, handelt es sich um ein kosteng\u00fcnstiges Herstellungsverfahren.<\/li>\n<li>Korrosionsbest\u00e4ndigkeit: Die sch\u00fctzende Oxidschicht des Aluminiums w\u00e4chst auf nat\u00fcrliche Weise, was ihm eine au\u00dfergew\u00f6hnliche Korrosionsbest\u00e4ndigkeit verleiht und die Lebensdauer des Teils verl\u00e4ngert.<\/li>\n<li>W\u00e4rmeableitung: Aluminium ist aufgrund seiner hohen W\u00e4rmeleitf\u00e4higkeit eine hervorragende Materialoption f\u00fcr Anwendungen, die eine effektive W\u00e4rmeableitung erfordern.<\/li>\n<\/ol>\n<h3>Anwendung von Aluminium-Druckgussst\u00fccken mit hohem Druck<\/h3>\n<ol>\n<li>Automobil: Motorteile, Getriebegeh\u00e4use und Strukturteile geh\u00f6ren zu den Artikeln, die im Automobilsektor verwendet werden.<\/li>\n<li>Elektronik: Um optimale Leistung und Zuverl\u00e4ssigkeit zu gew\u00e4hrleisten, bieten wir Druckgusskomponenten f\u00fcr K\u00fchlk\u00f6rper, Anschl\u00fcsse und Elektronikgeh\u00e4use.<\/li>\n<li>Luft- und Raumfahrt: Unsere Produkte sind leichte und langlebige L\u00f6sungen f\u00fcr Flugzeugkomponenten, die den strengen Anforderungen der Luft- und Raumfahrtindustrie entsprechen.<\/li>\n<li>Industrielle Maschinen: Pumpen, Ventile und hydraulische Systeme sind nur einige der Anwendungen f\u00fcr unsere Aluminium-Druckgussteile mit hohem Druck.<\/li>\n<li>Konsumg\u00fcter: Wir liefern Druckgussteile f\u00fcr eine Reihe von Konsumg\u00fctern, darunter Elektrowerkzeuge, Sportartikel und Haushaltsger\u00e4te.<\/li>\n<\/ol>\n<p><img loading=\"lazy\" decoding=\"async\" class=\"alignnone wp-image-4011 size-full\" src=\"http:\/\/mnwell.com\/wp-content\/uploads\/2023\/07\/IMG_20231021_120955.jpg\" alt=\"high pressure aluminum die castings-2\" width=\"800\" height=\"800\" srcset=\"https:\/\/mnwell.com\/wp-content\/uploads\/2023\/07\/IMG_20231021_120955.jpg 800w, https:\/\/mnwell.com\/wp-content\/uploads\/2023\/07\/IMG_20231021_120955-150x150.jpg 150w, https:\/\/mnwell.com\/wp-content\/uploads\/2023\/07\/IMG_20231021_120955-768x768.jpg 768w, https:\/\/mnwell.com\/wp-content\/uploads\/2023\/07\/IMG_20231021_120955-12x12.jpg 12w, https:\/\/mnwell.com\/wp-content\/uploads\/2023\/07\/IMG_20231021_120955-300x300.jpg 300w, https:\/\/mnwell.com\/wp-content\/uploads\/2023\/07\/IMG_20231021_120955-600x600.jpg 600w, https:\/\/mnwell.com\/wp-content\/uploads\/2023\/07\/IMG_20231021_120955-100x100.jpg 100w\" sizes=\"(max-width: 800px) 100vw, 800px\" \/><\/p>\n<p>&nbsp;<\/p>\n<h3>Warum sollten Sie uns w\u00e4hlen?<\/h3>\n<ol>\n<li>Fachwissen: Die Entwicklung und Herstellung hochwertiger Druckgussteile ist ein langj\u00e4hriges Know-how unserer Gruppe erfahrener Ingenieure und Handwerker.<\/li>\n<li>Qualit\u00e4t: Um zu gew\u00e4hrleisten, dass unsere Komponenten den h\u00f6chsten Anforderungen entsprechen, f\u00fchren wir w\u00e4hrend des gesamten Produktionsprozesses strenge Qualit\u00e4tskontrollen durch.<\/li>\n<li>Ma\u00dfarbeit: Von Oberfl\u00e4chenbehandlungen bis hin zu Designanpassungen bieten wir ma\u00dfgeschneiderte L\u00f6sungen f\u00fcr Ihre individuellen Bed\u00fcrfnisse.<\/li>\n<li>P\u00fcnktliche Lieferung: Wir sind uns des Wertes einer p\u00fcnktlichen Lieferung bewusst und arbeiten hart daran, die W\u00fcnsche unserer Kunden zu erf\u00fcllen, ohne dabei Abstriche bei der Qualit\u00e4t zu machen.<\/li>\n<li>Die Zufriedenheit unserer Kunden hat f\u00fcr uns oberste Priorit\u00e4t, und wir arbeiten eng mit ihnen zusammen, um sicherzustellen, dass ihre Anforderungen erf\u00fcllt werden.<\/li>\n<\/ol>\n<p>Wir verf\u00fcgen \u00fcber das Wissen und die Ressourcen, um die von Ihnen gew\u00fcnschten Aluminium-Druckgussteile zu liefern, sei es f\u00fcr die Automobilindustrie, die Elektronik, die Luft- und Raumfahrt oder jeden anderen Sektor. Um Ihre Projektanforderungen zu erkunden und zu erfahren, wie wir Sie unterst\u00fctzen k\u00f6nnen, setzen Sie sich jetzt mit uns in Verbindung.<\/p>\n<p>&nbsp;<\/p>\n<p><img loading=\"lazy\" decoding=\"async\" class=\"alignnone size-full wp-image-1953\" src=\"http:\/\/mnwell.com\/wp-content\/uploads\/2023\/07\/AYU9598.jpg\" alt=\"mindwell die casting factory\" width=\"750\" height=\"500\" srcset=\"https:\/\/mnwell.com\/wp-content\/uploads\/2023\/07\/AYU9598.jpg 750w, https:\/\/mnwell.com\/wp-content\/uploads\/2023\/07\/AYU9598-600x400.jpg 600w\" sizes=\"(max-width: 750px) 100vw, 750px\" \/><\/p>\n<p>&nbsp;<\/p>\n<h3>Was ist Aluminiumdruckguss?<\/h3>\n<p>Beim Aluminiumdruckguss handelt es sich um ein hochentwickeltes Herstellungsverfahren, bei dem geschmolzenes Aluminium unter hohem Druck in eine Stahlform oder Gussform gespritzt wird. Bei diesem Verfahren entstehen mit viel Geschick komplizierte Teile mit hervorragender Oberfl\u00e4cheng\u00fcte und engen Toleranzen.<\/p>\n<p>Druckgussteile aus Aluminium sind aufgrund ihrer bemerkenswerten Festigkeit, ihres geringen Gewichts und ihrer Korrosionsbest\u00e4ndigkeit sehr vielseitig einsetzbar. W\u00e4hrend des gesamten Produktionsprozesses wird hoher Druck verwendet, um zu gew\u00e4hrleisten, dass das geschmolzene Aluminium die Form vollst\u00e4ndig ausf\u00fcllt, so dass einwandfreie und l\u00fcckenlose Teile entstehen.<\/p>\n<h4>Die einzelnen Schritte des Prozesses:<\/h4>\n<ul>\n<li>Vorbereitung der Rohmaterialien: Beginnen Sie mit der Auswahl hochwertiger Aluminiumlegierungen. Diesen Legierungen werden h\u00e4ufig Aluminium, Kupfer, Zink und andere Elemente zugesetzt, um die Festigkeit und andere Eigenschaften des Bauteils zu verbessern.<\/li>\n<li>Entwurf und Herstellung der Form: Um zu gew\u00e4hrleisten, dass der fertige Artikel die richtige Form und Gr\u00f6\u00dfe hat und den Kr\u00e4ften einer Hochdruckeinspritzung standh\u00e4lt, ist die Konstruktion der Stahlform von entscheidender Bedeutung.<\/li>\n<li>Schmelzen von Aluminiumlegierungen: Um einen geschmolzenen Zustand zu erreichen, wird die Aluminiumlegierung auf ihren Schmelzpunkt erhitzt. Um sicherzustellen, dass die Legierung die richtige Flie\u00dff\u00e4higkeit hat, wird dieser Schritt h\u00e4ufig in einem Elektroofen durchgef\u00fchrt.<\/li>\n<li>Einspritzverfahren: Eine Hochdruckgie\u00dfmaschine oder eine zuvor vorbereitete Stahlform wird schnell mit geschmolzener Aluminiumlegierung gef\u00fcllt.<\/li>\n<li>Druckgie\u00dfen und Abk\u00fchlen: Die Aluminiumlegierung k\u00fchlt ab und erstarrt in der Form, w\u00e4hrend diese geschlossen ist. Dies garantiert die Pr\u00e4zision und Stabilit\u00e4t der Bauteile.<\/li>\n<li>\u00d6ffnen der Form und Entfernen der Schlacke: Nachdem das Bauteil vollst\u00e4ndig abgek\u00fchlt ist, wird die Form ge\u00f6ffnet, um das Bauteil aus Aluminiumlegierung freizulegen. Zu diesem Zeitpunkt k\u00f6nnen Verfahren zur Oberfl\u00e4chenvorbereitung wie Entgraten und Schlackenentfernung erforderlich sein.<\/li>\n<li>W\u00e4rmebehandlung (optional): Um die mechanischen Eigenschaften und die Korrosionsbest\u00e4ndigkeit eines Teils zu verbessern, kann manchmal eine W\u00e4rmebehandlung erforderlich sein.<\/li>\n<\/ul>\n<p>&nbsp;<\/p>","protected":false},"excerpt":{"rendered":"<p>Bei Aluminium-Druckgussteilen wird geschmolzenes Metall unter hohem Druck eingespritzt, wodurch das Metall in einer Form schnell erstarrt. Die schnelle Erstarrung tr\u00e4gt zur Bildung eines feinen Korngef\u00fcges bei und verbessert die mechanischen Eigenschaften und die Oberfl\u00e4chenqualit\u00e4t der Gussteile. Aufgrund der Beschaffenheit des Druckgusses sind wir in der Lage, hochpr\u00e4zise Gussteile mit genauen Abmessungen und glatten Oberfl\u00e4chen herzustellen. Es k\u00f6nnen komplexe geometrische Formen und d\u00fcnnwandige Strukturen realisiert werden, um die Designanforderungen komplexer Produkte zu erf\u00fcllen.<\/p>\n<p>Die Leistung von Aluminium-Material hat die Eigenschaften der hohen Festigkeit und einfache Verarbeitung, so <a href=\"https:\/\/mnwell.com\/de\/what-are-high-pressure-aluminum-die-casting-parts\/\">Aluminium-Druckgussteile mit hohem Druck<\/a> haben eine hohe Festigkeit, H\u00e4rte und Verschlei\u00dffestigkeit, die den Anwendungsanforderungen spezifischer Teile entsprechen, wie z. B. Autoteile, Raumfahrzeugteile und Elektronik, Haushaltsger\u00e4te, Industriemaschinen.<\/p>","protected":false},"featured_media":4007,"template":"","meta":{"om_disable_all_campaigns":false,"_monsterinsights_skip_tracking":false,"_monsterinsights_sitenote_active":false,"_monsterinsights_sitenote_note":"","_monsterinsights_sitenote_category":0,"_uf_show_specific_survey":0,"_uf_disable_surveys":false,"site-sidebar-layout":"default","site-content-layout":"default","ast-global-header-display":"","ast-banner-title-visibility":"","ast-main-header-display":"","ast-hfb-above-header-display":"","ast-hfb-below-header-display":"","ast-hfb-mobile-header-display":"","site-post-title":"","ast-breadcrumbs-content":"","ast-featured-img":"","footer-sml-layout":"","theme-transparent-header-meta":"default","adv-header-id-meta":"","stick-header-meta":"","header-above-stick-meta":"","header-main-stick-meta":"","header-below-stick-meta":""},"product_cat":[18],"product_tag":[47,45,46],"aioseo_notices":[],"_links":{"self":[{"href":"https:\/\/mnwell.com\/de\/wp-json\/wp\/v2\/product\/1954"}],"collection":[{"href":"https:\/\/mnwell.com\/de\/wp-json\/wp\/v2\/product"}],"about":[{"href":"https:\/\/mnwell.com\/de\/wp-json\/wp\/v2\/types\/product"}],"wp:featuredmedia":[{"embeddable":true,"href":"https:\/\/mnwell.com\/de\/wp-json\/wp\/v2\/media\/4007"}],"wp:attachment":[{"href":"https:\/\/mnwell.com\/de\/wp-json\/wp\/v2\/media?parent=1954"}],"wp:term":[{"taxonomy":"product_cat","embeddable":true,"href":"https:\/\/mnwell.com\/de\/wp-json\/wp\/v2\/product_cat?post=1954"},{"taxonomy":"product_tag","embeddable":true,"href":"https:\/\/mnwell.com\/de\/wp-json\/wp\/v2\/product_tag?post=1954"}],"curies":[{"name":"wp","href":"https:\/\/api.w.org\/{rel}","templated":true}]}}