{"id":1986,"date":"2023-07-09T08:34:28","date_gmt":"2023-07-09T06:34:28","guid":{"rendered":"https:\/\/mnwell.com\/?post_type=product&#038;p=1986"},"modified":"2023-12-22T16:06:49","modified_gmt":"2023-12-22T15:06:49","slug":"products-made-from-die-casting","status":"publish","type":"product","link":"https:\/\/mnwell.com\/de\/produkt\/products-made-from-die-casting\/","title":{"rendered":"Produkte aus Druckguss"},"content":{"rendered":"<p>Druckgusserzeugnisse sind in verschiedenen Bereichen weit verbreitet, z. B. in der Industrie, im Automobilbau, in der medizinischen Versorgung und in der M\u00f6belindustrie. Auch in der Produktion sind wir oft damit konfrontiert.<\/p>\n<h3>Klassifizierung<\/h3>\n<p>Es gibt viele Arten von Druckgussteilen. Je nach Material k\u00f6nnen wir sie in Aluminiumlegierungs-Druckgussteile, Zinklegierungs-Druckgussteile, Magnesiumlegierungs-Druckgussteile, Kupferlegierungs-Druckgussteile usw. unterteilen. Wenn Sie Ideen f\u00fcr kundenspezifische Druckgussteile haben, freuen wir uns, mit Ihnen zu kommunizieren.<\/p>\n<p>Unsere Erfahrung mit Produkten aus Druckguss:<\/p>\n<ul>\n<li>Druckguss aus einer Aluminiumlegierung ist die am weitesten verbreitete Variante. Sie hat nicht nur gute mechanische Eigenschaften, sondern auch eine hervorragende W\u00e4rmeleitf\u00e4higkeit, elektrische Leitf\u00e4higkeit und Korrosionsbest\u00e4ndigkeit. Daher hat es eine breite Palette von Anwendungen in den Bereichen Automobile, Luftfahrt, Raumfahrt, Elektronik und Industriemaschinen.<\/li>\n<li><a href=\"https:\/\/mnwell.com\/de\/produkt\/zinc-alloy-die-casting-product\/\">Druckgussteile aus Zinklegierung<\/a> haben die Vorteile von geringer Dichte, hoher Festigkeit, Verschlei\u00dffestigkeit und Korrosionsbest\u00e4ndigkeit. Weit verbreitet in Haushaltsger\u00e4ten, elektronischen Instrumenten, Autoteilen, Baumaterialien, handgefertigten Geschenken und anderen Bereichen.<\/li>\n<li>Druckgussteile aus Magnesiumlegierungen zeichnen sich durch geringe Dichte, hohe Festigkeit, hohe Temperaturbest\u00e4ndigkeit und hervorragende Schlagz\u00e4higkeit aus und werden daher h\u00e4ufig in Automotoren, Hydrauliksystemen, Luftfahrtger\u00e4ten, Waffen, Sportger\u00e4ten und anderen Bereichen eingesetzt.<\/li>\n<li>Kupferlegierungsdruckguss ist ein hochwertiger Druckguss. Da Kupfer eine gute elektrische und thermische Leitf\u00e4higkeit besitzt und zudem korrosionsbest\u00e4ndig ist, wird es h\u00e4ufig f\u00fcr die Herstellung von elektrischen Teilen, Fahrradteilen, Autoteilen usw. verwendet.<\/li>\n<\/ul>\n<p>Dies sind unsere g\u00e4ngigsten Druckgussprodukte und Anwendungen f\u00fcr verschiedene Materialien. Druckgussprodukte k\u00f6nnen in vielen Bereichen eingesetzt werden und bringen Qualit\u00e4tssicherung und wirtschaftliche Vorteile f\u00fcr verschiedene Bereiche. Wenn Sie ein bestimmtes Produkt herstellen m\u00fcssen, pr\u00fcfen Sie bitte, ob es im Druckgussverfahren hergestellt werden kann. Sie k\u00f6nnen uns auch die Zeichnung schicken, und wir werden Sie professionell beraten und vertraulich behandeln.<\/p>\n<p>&nbsp;<\/p>\n<h3>Druckguss-Produktparameter<\/h3>\n<ol>\n<li>Produktmaterial: Aluminiumlegierung ADC10, ADC12, A360, A380, A413, A356, Zinklegierung 3#, 5#, 8#, Magnesiumlegierung, Messing, Kupfer<\/li>\n<li>Verarbeitungskapazit\u00e4t: Das Unternehmen verf\u00fcgt \u00fcber Druckgie\u00dfmaschinen (88 Tonnen, 280 Tonnen, 400 Tonnen, 500 Tonnen, 800 Tonnen und 1250 Tonnen), Funkenmaschinen und ein CNC-Bearbeitungszentrum<\/li>\n<li>Zeichnungsformat: step, dwg, igs, pdf<\/li>\n<li>QC-System: 100%-Inspektion oder Einzelpr\u00fcfung vor der Verpackung<\/li>\n<\/ol>\n<p><img loading=\"lazy\" decoding=\"async\" class=\"alignnone size-full wp-image-1987\" src=\"http:\/\/mnwell.com\/wp-content\/uploads\/2023\/07\/AYU9529.jpg\" alt=\"products made from die casting\" width=\"800\" height=\"800\" srcset=\"https:\/\/mnwell.com\/wp-content\/uploads\/2023\/07\/AYU9529.jpg 800w, https:\/\/mnwell.com\/wp-content\/uploads\/2023\/07\/AYU9529-150x150.jpg 150w, https:\/\/mnwell.com\/wp-content\/uploads\/2023\/07\/AYU9529-768x768.jpg 768w, https:\/\/mnwell.com\/wp-content\/uploads\/2023\/07\/AYU9529-300x300.jpg 300w, https:\/\/mnwell.com\/wp-content\/uploads\/2023\/07\/AYU9529-600x600.jpg 600w, https:\/\/mnwell.com\/wp-content\/uploads\/2023\/07\/AYU9529-100x100.jpg 100w\" sizes=\"(max-width: 800px) 100vw, 800px\" \/><img loading=\"lazy\" decoding=\"async\" class=\"alignnone size-full wp-image-1946\" src=\"http:\/\/mnwell.com\/wp-content\/uploads\/2023\/07\/AYU9497.jpg\" alt=\"die cast aluminum heat sink\" width=\"800\" height=\"800\" srcset=\"https:\/\/mnwell.com\/wp-content\/uploads\/2023\/07\/AYU9497.jpg 800w, https:\/\/mnwell.com\/wp-content\/uploads\/2023\/07\/AYU9497-150x150.jpg 150w, https:\/\/mnwell.com\/wp-content\/uploads\/2023\/07\/AYU9497-768x768.jpg 768w, https:\/\/mnwell.com\/wp-content\/uploads\/2023\/07\/AYU9497-300x300.jpg 300w, https:\/\/mnwell.com\/wp-content\/uploads\/2023\/07\/AYU9497-600x600.jpg 600w, https:\/\/mnwell.com\/wp-content\/uploads\/2023\/07\/AYU9497-100x100.jpg 100w\" sizes=\"(max-width: 800px) 100vw, 800px\" \/><img loading=\"lazy\" decoding=\"async\" class=\"alignnone size-full wp-image-1975\" src=\"http:\/\/mnwell.com\/wp-content\/uploads\/2023\/07\/01.jpg\" alt=\"\" width=\"800\" height=\"800\" srcset=\"https:\/\/mnwell.com\/wp-content\/uploads\/2023\/07\/01.jpg 800w, https:\/\/mnwell.com\/wp-content\/uploads\/2023\/07\/01-150x150.jpg 150w, https:\/\/mnwell.com\/wp-content\/uploads\/2023\/07\/01-768x768.jpg 768w, https:\/\/mnwell.com\/wp-content\/uploads\/2023\/07\/01-300x300.jpg 300w, https:\/\/mnwell.com\/wp-content\/uploads\/2023\/07\/01-600x600.jpg 600w, https:\/\/mnwell.com\/wp-content\/uploads\/2023\/07\/01-100x100.jpg 100w\" sizes=\"(max-width: 800px) 100vw, 800px\" \/><\/p>\n<p>&nbsp;<\/p>\n<h3>Form und Gr\u00f6\u00dfe von Druckgussprodukten<\/h3>\n<p>Wir verf\u00fcgen \u00fcber Druckgussmaschinen verschiedener Tonnagen und k\u00f6nnen Druckgussprodukte verschiedener Formen und Gr\u00f6\u00dfen nach Ihren Anforderungen herstellen. Die endg\u00fcltige Auswahl des Verfahrens richtet sich nach dem Verwendungszweck und den Materialien Ihrer individuellen Druckgussprodukte. Druckgussteile in Form und Gr\u00f6\u00dfe:<\/p>\n<ul>\n<li><a href=\"https:\/\/mnwell.com\/de\/produkt\/die-casting-small-parts\/\">Kleine Pr\u00e4zisionsteile:<\/a> Im Druckgussverfahren k\u00f6nnen kleine Teile mit komplexen Geometrien und Details hergestellt werden, z. B. Teile f\u00fcr Mobiltelefone, Geh\u00e4use f\u00fcr elektronische Ger\u00e4te, Brillengestelle usw.<\/li>\n<li>Mittlere und gro\u00dfe mechanische Teile: Druckguss kann auch zur Herstellung mittlerer und gro\u00dfer mechanischer Teile verwendet werden, wie z. B. Motorenteile f\u00fcr Kraftfahrzeuge, Geh\u00e4use f\u00fcr Industrieanlagen, Komponenten f\u00fcr die Luft- und Raumfahrt usw.<\/li>\n<li>D\u00fcnnwandige Bauteile: Mit der Druckgusstechnik lassen sich d\u00fcnnwandige Bauteile herstellen, wie z. B. K\u00fchlerlamellen, Computergeh\u00e4use usw. .<\/li>\n<li>Komplexe Strukturteile: Im Druckguss k\u00f6nnen auch Teile mit komplexen Strukturen hergestellt werden, z. B. Zahnr\u00e4der, Turbinenschaufeln, Pumpengeh\u00e4use usw.<\/li>\n<\/ul>\n<p>Die Form und Gr\u00f6\u00dfe des endg\u00fcltigen Druckgussprodukts sollte entsprechend den Designanforderungen und der Machbarkeit des Verfahrens festgelegt werden. Unser Ingenieurteam wird Sie professionell beraten und Ihre Fertigungsideen umfassend ber\u00fccksichtigen.<\/p>\n<p>&nbsp;<\/p>\n<h3>G\u00e4ngige Druckgussprodukte und ihre Vorteile<\/h3>\n<p>1. Autoteile:<br \/>\nDer Druckguss spielt im Automobilsektor eine wichtige Rolle bei der Herstellung von Bauteilen wie Motorbl\u00f6cken, Getrieben, Zylinderk\u00f6pfen und Ansaugrohren. Die Anwendung des Druckgusses gew\u00e4hrleistet die Herstellung von leichten und dennoch stabilen Teilen, die zur Verbesserung der Kraftstoffeffizienz und der Gesamtleistung beitragen. Dar\u00fcber hinaus erm\u00f6glicht der Druckguss die Integration mehrerer Merkmale und komplexer Geometrien, was zu einer effizienten und kosteng\u00fcnstigen Fertigung f\u00fchrt.<\/p>\n<p>2. Produkte der Unterhaltungselektronik:<br \/>\nDruckguss ist bei der Herstellung von Ger\u00e4ten und Komponenten der Unterhaltungselektronik wie Laptop-Rahmen, Smartphone- und Tablet-Geh\u00e4usen weit verbreitet. Dieses Verfahren hat den Vorteil, dass d\u00fcnnwandige Teile mit hervorragender Festigkeit und Formstabilit\u00e4t hergestellt werden k\u00f6nnen. Stilvolle und ausgefeilte Designs und die M\u00f6glichkeit zur Integration von Merkmalen wie <a href=\"https:\/\/mnwell.com\/de\/heat-sink\/\">W\u00e4rmesenken<\/a> und Steckverbinder machen Druckgusskomponenten ideal f\u00fcr elektronische Ger\u00e4te.<\/p>\n<p>3. Teile f\u00fcr Luft- und Raumfahrt und Verteidigung:<br \/>\nSchl\u00fcsselkomponenten in der Luft- und Raumfahrt- sowie der Verteidigungsindustrie werden h\u00e4ufig im Druckgussverfahren hergestellt. Dazu geh\u00f6ren Teile von Flugzeugtriebwerken, Strukturteile und Verteidigungsausr\u00fcstung. <a href=\"https:\/\/mnwell.com\/de\/custom-die-casting\/\">Druckguss<\/a> kann hochfeste, leichte Teile herstellen, die den strengen Qualit\u00e4ts- und Leistungsstandards dieser Branchen entsprechen.<\/p>\n<p>4. Beleuchtungsk\u00f6rper:<br \/>\nDruckguss ist bei der Herstellung von Beleuchtungsk\u00f6rpern, einschlie\u00dflich Lampensockeln, Geh\u00e4usen und Reflektoren, \u00fcblich. Mit diesem Verfahren lassen sich komplexe Designs und pr\u00e4zise Details herstellen, was zu optisch ansprechenden und funktionalen Produkten f\u00fchrt. Druckgussleuchten haben eine hervorragende W\u00e4rmeableitung, Korrosionsbest\u00e4ndigkeit und Langlebigkeit und sind f\u00fcr verschiedene Umgebungen geeignet.<\/p>\n<p>5. M\u00f6belbeschl\u00e4ge:<br \/>\nDas Druckgussverfahren hat die Herstellung von M\u00f6belbeschl\u00e4gen ma\u00dfgeblich beeinflusst und zur Herstellung von Griffen, Kn\u00f6pfen und dekorativen Accessoires beigetragen. Dieses Verfahren erm\u00f6glicht die Herstellung komplexer Formen und komplizierter Muster, die das Gesamtdesign und die Funktionalit\u00e4t der M\u00f6bel verbessern. Druckgegossene M\u00f6belbeschl\u00e4ge sind langlebig, korrosionsbest\u00e4ndig und \u00e4sthetisch ansprechend.<\/p>\n<p>6. medizinische Ausr\u00fcstung:<br \/>\nDruckguss wird bei der Herstellung von medizinischen Ger\u00e4ten und Anlagen zur Herstellung von Komponenten wie chirurgischen Instrumenten, Teilen f\u00fcr bildgebende Ger\u00e4te und zahnmedizinischen Werkzeugen verwendet. Druckgegossene medizinische Ger\u00e4te bieten hohe Pr\u00e4zision, Ma\u00dfgenauigkeit und eine hervorragende Oberfl\u00e4chenbeschaffenheit und gew\u00e4hrleisten die Einhaltung der strengen Qualit\u00e4ts- und Leistungsanforderungen der medizinischen Industrie.<\/p>\n<p>Zusammenfassend l\u00e4sst sich sagen, dass der Druckguss ein vielseitiges Herstellungsverfahren ist, mit dem sich eine breite Palette hochwertiger Produkte herstellen l\u00e4sst. Von Kfz-Teilen \u00fcber Unterhaltungselektronik und Teile f\u00fcr die Luft- und Raumfahrt bis hin zu M\u00f6belbeschl\u00e4gen bieten Druckgussprodukte eine Vielzahl von Vorteilen, wie z. B. hervorragende Ma\u00dfgenauigkeit, komplizierte Designs und Langlebigkeit. Druckguss ist in der Lage, komplexe Formen zu verarbeiten und mehrere Merkmale zu integrieren, was ihn zur ersten Wahl in verschiedenen Branchen macht, um die vielf\u00e4ltigen Anforderungen der modernen Fertigung zu erf\u00fcllen.<\/p>\n<p>&nbsp;<\/p>\n<h4>W\u00e4hlen Sie die Vorteile von MindWell:<\/h4>\n<p>MindWell ist ein traditionelles Druckgie\u00dfereiunternehmen. Wir engagieren uns f\u00fcr die Forschung und Entwicklung von Druckgusstechnologie, Produktdesign und effizienter Produktion. Wir haben ein professionelles Ingenieurteam mit der F\u00e4higkeit des Produktdesigns und der Formgestaltung. Direktes Andocken erm\u00f6glicht es uns, Ihnen schneller ein Angebot zu machen. Unser Verkaufsteam wird dies gut machen. Wir werden ein Projekt f\u00fcr jedes unserer Projekte erstellen, und jedes Projekt ist mit den entsprechenden Verk\u00e4ufern und Ingenieuren ausgestattet, die Ihnen so schnell wie m\u00f6glich antworten werden.<\/p>\n<p><img loading=\"lazy\" decoding=\"async\" class=\"alignnone size-full wp-image-3791\" src=\"http:\/\/mnwell.com\/wp-content\/uploads\/2023\/12\/AYU9598.webp\" alt=\"die casting manufacturers\" width=\"750\" height=\"500\" srcset=\"https:\/\/mnwell.com\/wp-content\/uploads\/2023\/12\/AYU9598.webp 750w, https:\/\/mnwell.com\/wp-content\/uploads\/2023\/12\/AYU9598-18x12.webp 18w, https:\/\/mnwell.com\/wp-content\/uploads\/2023\/12\/AYU9598-600x400.webp 600w\" sizes=\"(max-width: 750px) 100vw, 750px\" \/><\/p>","protected":false},"excerpt":{"rendered":"<p>Im Druckgussverfahren hergestellte Produkte werden in verschiedenen Bereichen wie Industrieanlagen, Automobilen, medizinischer Behandlung und M\u00f6beln verwendet. Druckguss ist ein vielseitiges Herstellungsverfahren, mit dem eine breite Palette hochwertiger Produkte hergestellt werden kann, darunter Druckgussteile aus Aluminium-, Zink-, Magnesium- und Kupferlegierungen. Druckgussteile aus Aluminiumlegierungen sind am weitesten verbreitet und bieten hervorragende mechanische Eigenschaften, W\u00e4rmeleitf\u00e4higkeit, elektrische Leitf\u00e4higkeit und Korrosionsbest\u00e4ndigkeit. Druckgussteile aus Zinklegierungen werden in Haushaltsger\u00e4ten, elektronischen Instrumenten, Autoteilen, Baubeschl\u00e4gen und handgefertigten Geschenken verwendet. Druckgussteile aus Magnesiumlegierungen werden in Automotoren, Hydrauliksystemen, Luftfahrtger\u00e4ten, Waffen, Sportger\u00e4ten und anderen Bereichen verwendet. Druckguss aus Kupferlegierungen ist ein hochwertiger Druckguss mit guter elektrischer und thermischer Leitf\u00e4higkeit und Korrosionsbest\u00e4ndigkeit. Druckguss kann an verschiedene Formen und Gr\u00f6\u00dfen angepasst werden, was Qualit\u00e4tssicherung und wirtschaftliche Vorteile gew\u00e4hrleistet. Zu den g\u00e4ngigen Druckgussprodukten geh\u00f6ren Autoteile, Unterhaltungselektronik, Teile f\u00fcr die Luft- und Raumfahrt und die Verteidigung, Beleuchtungsk\u00f6rper, M\u00f6belbeschl\u00e4ge und medizinische Ger\u00e4te. MindWell, ein traditionelles Druckgussunternehmen, engagiert sich in der Forschung und Entwicklung von Druckgusstechnologie, Produktdesign und effizienter Produktion.<\/p>","protected":false},"featured_media":1987,"template":"","meta":{"om_disable_all_campaigns":false,"_monsterinsights_skip_tracking":false,"_monsterinsights_sitenote_active":false,"_monsterinsights_sitenote_note":"","_monsterinsights_sitenote_category":0,"_uf_show_specific_survey":0,"_uf_disable_surveys":false,"site-sidebar-layout":"default","site-content-layout":"default","ast-global-header-display":"","ast-banner-title-visibility":"","ast-main-header-display":"","ast-hfb-above-header-display":"","ast-hfb-below-header-display":"","ast-hfb-mobile-header-display":"","site-post-title":"","ast-breadcrumbs-content":"","ast-featured-img":"","footer-sml-layout":"","theme-transparent-header-meta":"default","adv-header-id-meta":"","stick-header-meta":"","header-above-stick-meta":"","header-main-stick-meta":"","header-below-stick-meta":""},"product_cat":[18],"product_tag":[56,458],"aioseo_notices":[],"_links":{"self":[{"href":"https:\/\/mnwell.com\/de\/wp-json\/wp\/v2\/product\/1986"}],"collection":[{"href":"https:\/\/mnwell.com\/de\/wp-json\/wp\/v2\/product"}],"about":[{"href":"https:\/\/mnwell.com\/de\/wp-json\/wp\/v2\/types\/product"}],"wp:featuredmedia":[{"embeddable":true,"href":"https:\/\/mnwell.com\/de\/wp-json\/wp\/v2\/media\/1987"}],"wp:attachment":[{"href":"https:\/\/mnwell.com\/de\/wp-json\/wp\/v2\/media?parent=1986"}],"wp:term":[{"taxonomy":"product_cat","embeddable":true,"href":"https:\/\/mnwell.com\/de\/wp-json\/wp\/v2\/product_cat?post=1986"},{"taxonomy":"product_tag","embeddable":true,"href":"https:\/\/mnwell.com\/de\/wp-json\/wp\/v2\/product_tag?post=1986"}],"curies":[{"name":"wp","href":"https:\/\/api.w.org\/{rel}","templated":true}]}}