{"id":2171,"date":"2023-07-21T17:40:36","date_gmt":"2023-07-21T15:40:36","guid":{"rendered":"https:\/\/mnwell.com\/?post_type=product&#038;p=2171"},"modified":"2023-07-21T17:40:36","modified_gmt":"2023-07-21T15:40:36","slug":"zinc-alloy-die-casting-product","status":"publish","type":"product","link":"https:\/\/mnwell.com\/de\/produkt\/zinc-alloy-die-casting-product\/","title":{"rendered":"Druckgusserzeugnis aus Zinklegierung"},"content":{"rendered":"<p>Zinkdruckguss ist aufgrund seiner Duktilit\u00e4t, Schlagfestigkeit und seines niedrigen Schmelzpunkts zu einem beliebten Herstellungsverfahren f\u00fcr Teile geworden. Druckgussteile aus Zinklegierungen weisen ausgezeichnete D\u00e4mpfungs- und Schwingungsd\u00e4mpfungseigenschaften sowie hervorragende Bearbeitungseigenschaften auf. Es gibt verschiedene Zinklegierungen, die sich f\u00fcr den Druckguss eignen, z. B. Zamak 3, Zamak 7, ZA-8, ACuZinc5, EZAC und ZA-27. Jede Legierung verf\u00fcgt \u00fcber einzigartige Eigenschaften wie hohe Pr\u00e4zision, verbesserte mechanische Leistung und bessere Korrosionsbest\u00e4ndigkeit. Sie ist am einfachsten zu gie\u00dfen und bietet eine breite Palette physikalischer und mechanischer Eigenschaften, was sie zur idealen Wahl f\u00fcr die Herstellung hochwertiger Produkte macht. Zinklegierungen sind f\u00fcr ihre Langlebigkeit, Pr\u00e4zision und hohe Duktilit\u00e4t bekannt, was sie zu einer idealen Wahl f\u00fcr Druckgussverfahren macht.<\/p>\n<p>&nbsp;<\/p>\n<p><img loading=\"lazy\" decoding=\"async\" class=\"alignnone size-full wp-image-2172\" src=\"http:\/\/mnwell.com\/wp-content\/uploads\/2023\/07\/Custom-Metal-Structure-Magnesium-Zinc-Aluminum-Alloy-Die-Casting-Parts111.jpg\" alt=\"zinc alloy die casting product\" width=\"800\" height=\"800\" srcset=\"https:\/\/mnwell.com\/wp-content\/uploads\/2023\/07\/Custom-Metal-Structure-Magnesium-Zinc-Aluminum-Alloy-Die-Casting-Parts111.jpg 800w, https:\/\/mnwell.com\/wp-content\/uploads\/2023\/07\/Custom-Metal-Structure-Magnesium-Zinc-Aluminum-Alloy-Die-Casting-Parts111-150x150.jpg 150w, https:\/\/mnwell.com\/wp-content\/uploads\/2023\/07\/Custom-Metal-Structure-Magnesium-Zinc-Aluminum-Alloy-Die-Casting-Parts111-768x768.jpg 768w, https:\/\/mnwell.com\/wp-content\/uploads\/2023\/07\/Custom-Metal-Structure-Magnesium-Zinc-Aluminum-Alloy-Die-Casting-Parts111-300x300.jpg 300w, https:\/\/mnwell.com\/wp-content\/uploads\/2023\/07\/Custom-Metal-Structure-Magnesium-Zinc-Aluminum-Alloy-Die-Casting-Parts111-600x600.jpg 600w, https:\/\/mnwell.com\/wp-content\/uploads\/2023\/07\/Custom-Metal-Structure-Magnesium-Zinc-Aluminum-Alloy-Die-Casting-Parts111-100x100.jpg 100w\" sizes=\"(max-width: 800px) 100vw, 800px\" \/><\/p>\n<h3>Vorteile:<\/h3>\n<p>Zinklegierungen haben mehrere Vorteile, darunter Oberfl\u00e4chenbearbeitung, geringerer Materialbedarf, Designflexibilit\u00e4t, schnellere Produktion, reduzierte Montagevorg\u00e4nge, Optionen f\u00fcr niedrige, mittlere und hohe Produktionsmengen, reduzierte Bearbeitungsvorg\u00e4nge und verl\u00e4ngerte Werkzeuglebensdauer. Zinkdruckgussteile bieten au\u00dferdem hohe Festigkeit, vollst\u00e4ndige Wiederverwertbarkeit, gute Stabilit\u00e4t und Korrosionsbest\u00e4ndigkeit.<\/p>\n<ul>\n<li>Die Verarbeitung von Zinklegierungen ist aufgrund ihrer niedrigen Schmelztemperatur und der M\u00f6glichkeit, Tausende oder sogar Millionen von Teilen mit einem einzigen Werkzeug herzustellen, \u00e4u\u00dferst wirtschaftlich.<\/li>\n<li>Zinklegierungen eignen sich auch f\u00fcr die Herstellung von Teilen mit komplexen Geometrien, l\u00e4ngeren Werkzeugstandzeiten, schnellerer Produktion und verschiedenen Nachbearbeitungsm\u00f6glichkeiten.<\/li>\n<li>Der komplette Zinkdruckgusszyklus ist der schnellste und bietet Vorteile wie lange Werkzeuglebensdauer, hohe Toleranzgenauigkeit, hervorragende W\u00e4rmeleitf\u00e4higkeit, kurze Zykluszeiten, Korrosionsbest\u00e4ndigkeit und geringe Energiekosten.<\/li>\n<li>Zinkdruckgussteile sind stabiler, haben glattere Oberfl\u00e4chen und sind aufgrund des geringeren Arbeitsaufwands und der geringeren Bearbeitungskosten billiger. Sie k\u00f6nnen sekund\u00e4ren Prozessen unterzogen werden, wie z. B. Vibrationsbearbeitung, CNC-Bearbeitung, Elektrobeschichtung, Lackierung, Strahlen und Beschneiden von Formen, um die gew\u00fcnschte \u00c4sthetik zu erreichen.<\/li>\n<li>Zinklegierungen bieten Vorteile wie hohe Duktilit\u00e4t, hohe Schlagfestigkeit und einen niedrigen Schmelzpunkt. Au\u00dferdem sind Zinklegierungen kosteng\u00fcnstig, haben eine gute elektrische und thermische Leitf\u00e4higkeit, eine hohe Stabilit\u00e4t und d\u00fcnne W\u00e4nde.<\/li>\n<\/ul>\n<p><img loading=\"lazy\" decoding=\"async\" class=\"alignnone size-full wp-image-2174\" src=\"http:\/\/mnwell.com\/wp-content\/uploads\/2023\/07\/Custom-Metal-Structure-Magnesium-Zinc-Aluminum-Alloy-Die-Casting-Parts1.jpg\" alt=\"zinc die casting products\" width=\"800\" height=\"800\" srcset=\"https:\/\/mnwell.com\/wp-content\/uploads\/2023\/07\/Custom-Metal-Structure-Magnesium-Zinc-Aluminum-Alloy-Die-Casting-Parts1.jpg 800w, https:\/\/mnwell.com\/wp-content\/uploads\/2023\/07\/Custom-Metal-Structure-Magnesium-Zinc-Aluminum-Alloy-Die-Casting-Parts1-150x150.jpg 150w, https:\/\/mnwell.com\/wp-content\/uploads\/2023\/07\/Custom-Metal-Structure-Magnesium-Zinc-Aluminum-Alloy-Die-Casting-Parts1-768x768.jpg 768w, https:\/\/mnwell.com\/wp-content\/uploads\/2023\/07\/Custom-Metal-Structure-Magnesium-Zinc-Aluminum-Alloy-Die-Casting-Parts1-300x300.jpg 300w, https:\/\/mnwell.com\/wp-content\/uploads\/2023\/07\/Custom-Metal-Structure-Magnesium-Zinc-Aluminum-Alloy-Die-Casting-Parts1-600x600.jpg 600w, https:\/\/mnwell.com\/wp-content\/uploads\/2023\/07\/Custom-Metal-Structure-Magnesium-Zinc-Aluminum-Alloy-Die-Casting-Parts1-100x100.jpg 100w\" sizes=\"(max-width: 800px) 100vw, 800px\" \/><\/p>\n<h4>Vergleich mit anderen Materialien:<\/h4>\n<p>Im Vergleich zu anderen Werkstoffen bieten Zinkdruckgusslegierungen mehrere Vorteile:<\/p>\n<ol>\n<li>Zinkdruckguss ist ein wirtschaftlicher und effizienter technischer Werkstoff, der Druckgussprodukten Steifigkeit, Festigkeit und einen h\u00f6heren Wert verleiht.<\/li>\n<li>Zinkdruckgussteile lassen sich schneller herstellen als Aluminium- oder Magnesiumteile, und sie k\u00f6nnen mit geringeren Toleranzen gegossen werden.<\/li>\n<li>Zinklegierungen weisen eine hervorragende Flie\u00dff\u00e4higkeit, Festigkeit und Steifigkeit auf, was die Herstellung von d\u00fcnnwandigen Profilen erm\u00f6glicht, das Gewicht reduziert und Materialkosten spart.<\/li>\n<li>Zinklegierungen sind pr\u00e4ziser und leistungsf\u00e4higer und haben geringere Formkosten als Aluminium oder Magnesium.<\/li>\n<li>Zinklegierungen erfordern niedrigere Schmelztemperaturen, h\u00f6here Einspritzdr\u00fccke und h\u00f6here Zyklusraten, was die Produktion beschleunigt und Kosten spart.<\/li>\n<li>Zinklegierungen bieten Vorteile wie gute elektrische und thermische Leitf\u00e4higkeit, niedrige Kosten, hohe Stabilit\u00e4t, d\u00fcnne W\u00e4nde, gutes Kosten-Nutzen-Verh\u00e4ltnis, niedrige Schmelzpunkte, lange Werkzeuglebensdauer, komplexe geometrische Formen und hochwertige Beschichtungen und Verchromungen. Sie konkurrieren mit anderen Werkstoffen wie Aluminium, Gusseisen, bearbeitetes Messing, bearbeiteter Stahl und Magnesium. Im Vergleich zu Gusseisen haben Zinklegierungen niedrigere Gusskosten, eine h\u00f6here Pr\u00e4zision und eine ausgezeichnete thermische und elektrische Leitf\u00e4higkeit. Im Vergleich zu bearbeitetem Messing haben Zinklegierungen niedrigere Prozess- und Materialkosten und weniger Prozessabf\u00e4lle. Schlie\u00dflich haben Zinklegierungen im Vergleich zu Magnesiumlegierungen eine ausgezeichnete Korrosionsbest\u00e4ndigkeit und k\u00fcrzere Zykluszeiten.<\/li>\n<\/ol>\n<h4>Die Vorteile unseres Unternehmens:<\/h4>\n<p>Mindwell nutzt fortschrittliche Druckguss- und Bearbeitungsanlagen, interne Konstruktion\/Engineering sowie Werkzeug- und Formenbau, um Pr\u00e4zisionszinkdruckgussdienste anzubieten. Wir bieten verschiedene Zinklegierungen an, um Ihren Anforderungen gerecht zu werden, und bieten Vorteile wie eine l\u00e4ngere Werkzeuglebensdauer, niedrigere Formkosten und die M\u00f6glichkeit, endkonturnahe Formen mit komplexen Geometrien zu gie\u00dfen. Mit unserem Warmkammer-Druckgussverfahren k\u00f6nnen wir komplexe Details und strenge Ma\u00dftoleranzen erreichen und die physikalischen, chemischen, elektrischen und korrosionsbest\u00e4ndigen Eigenschaften von Zinklegierungen verbessern, so dass sie die bevorzugte Wahl f\u00fcr Druckgussprojekte sind.<\/p>\n<p>Mindwell kann auf eine lange Erfolgsgeschichte zur\u00fcckblicken und nimmt eine herausragende Stellung auf dem wettbewerbsintensiven Markt ein. Unsere erfahrenen Fachleute k\u00fcmmern sich um die strukturellen Details der Produkte und bieten verschiedene L\u00f6sungen an. Dar\u00fcber hinaus bieten wir hochwertige Zinkdruckguss-Dienstleistungen zu angemessenen Preisen, beziehen Rohstoffe aus Zinklegierungen zu niedrigen Kosten und bieten Formen zu \u00e4u\u00dferst wettbewerbsf\u00e4higen Preisen an.<\/p>\n<p>Mit einer flie\u00dfenden englischen \u00dcbersetzung wird der Artikel fl\u00fcssiger.<\/p>\n<p><img loading=\"lazy\" decoding=\"async\" class=\"alignnone size-full wp-image-2103\" src=\"http:\/\/mnwell.com\/wp-content\/uploads\/2023\/07\/AYU9581.jpg\" alt=\"die casting factory\" width=\"750\" height=\"500\" srcset=\"https:\/\/mnwell.com\/wp-content\/uploads\/2023\/07\/AYU9581.jpg 750w, https:\/\/mnwell.com\/wp-content\/uploads\/2023\/07\/AYU9581-600x400.jpg 600w\" sizes=\"(max-width: 750px) 100vw, 750px\" \/><\/p>\n<p>&nbsp;<\/p>\n<h3>Anwendungen:<\/h3>\n<p>Zinkdruckguss ist ein weit verbreitetes industrielles Verfahren zur Herstellung verschiedener Komponenten. Es wird in verschiedenen Branchen wie der Elektronik-, Automobil- und Ger\u00e4teindustrie eingesetzt.<\/p>\n<p>F\u00fcr Branchen wie die Elektronikindustrie sind Zinkdruckgussteile eine wirtschaftliche und effiziente Wahl.<\/p>\n<p><a href=\"\/de\/%view_link%\/\">Zinklegierungsmatrize<\/a> Das Gie\u00dfereiprodukt ist ein beliebtes Verfahren in der Automobilindustrie. Die Anwendungen reichen von \u00e4sthetischen Komponenten f\u00fcr den Innenraum bis hin zu Solarpaneelen, mechanischen Teilen, Motorkomponenten, Abdeckungen unter der Motorhaube, Servolenkungen, Bremskomponenten, Teilen f\u00fcr Klimaanlagen, Fahrwerksteilen, Komponenten f\u00fcr Sicherheitsgurtsysteme, Teilen f\u00fcr Klimaanlagen und Kraftstoffsystemen.<\/p>\n<p>&nbsp;<\/p>","protected":false},"excerpt":{"rendered":"<p>Zinklegierungen werden aufgrund ihrer ausgezeichneten Gie\u00dfeigenschaften, ihrer leichten Gie\u00dfbarkeit und ihrer guten mechanischen Eigenschaften h\u00e4ufig im Druckguss verwendet. Zamak-Legierungen wie Zamak 2, 3, 5 und 7 werden haupts\u00e4chlich zum Pressen von Zinklegierungen verwendet. Sie werden aufgrund ihrer Festigkeit, Schlagz\u00e4higkeit und Duktilit\u00e4t in einer Vielzahl von Anwendungen eingesetzt.<br \/>\nMindwell ist ein Druckgusshersteller, der qualitativ hochwertige Zinklegierungsdruckgussdienste anbietet, einschlie\u00dflich ZAMAK 3, ZAMAK 5 und ZAMAK 7. Wir verf\u00fcgen \u00fcber professionelle Ingenieure und Techniker, die uns in der Design- und Entwicklungsphase unterst\u00fctzen und modernste Werkzeuge und Methoden einsetzen, um Pr\u00e4zision und hohe Qualit\u00e4t zu gew\u00e4hrleisten.<\/p>","protected":false},"featured_media":2172,"template":"","meta":{"om_disable_all_campaigns":false,"_monsterinsights_skip_tracking":false,"_monsterinsights_sitenote_active":false,"_monsterinsights_sitenote_note":"","_monsterinsights_sitenote_category":0,"_uf_show_specific_survey":0,"_uf_disable_surveys":false,"site-sidebar-layout":"default","site-content-layout":"default","ast-global-header-display":"","ast-banner-title-visibility":"","ast-main-header-display":"","ast-hfb-above-header-display":"","ast-hfb-below-header-display":"","ast-hfb-mobile-header-display":"","site-post-title":"","ast-breadcrumbs-content":"","ast-featured-img":"","footer-sml-layout":"","theme-transparent-header-meta":"default","adv-header-id-meta":"","stick-header-meta":"","header-above-stick-meta":"","header-main-stick-meta":"","header-below-stick-meta":""},"product_cat":[18],"product_tag":[124,123,122,121,120,125,119,118],"aioseo_notices":[],"_links":{"self":[{"href":"https:\/\/mnwell.com\/de\/wp-json\/wp\/v2\/product\/2171"}],"collection":[{"href":"https:\/\/mnwell.com\/de\/wp-json\/wp\/v2\/product"}],"about":[{"href":"https:\/\/mnwell.com\/de\/wp-json\/wp\/v2\/types\/product"}],"wp:featuredmedia":[{"embeddable":true,"href":"https:\/\/mnwell.com\/de\/wp-json\/wp\/v2\/media\/2172"}],"wp:attachment":[{"href":"https:\/\/mnwell.com\/de\/wp-json\/wp\/v2\/media?parent=2171"}],"wp:term":[{"taxonomy":"product_cat","embeddable":true,"href":"https:\/\/mnwell.com\/de\/wp-json\/wp\/v2\/product_cat?post=2171"},{"taxonomy":"product_tag","embeddable":true,"href":"https:\/\/mnwell.com\/de\/wp-json\/wp\/v2\/product_tag?post=2171"}],"curies":[{"name":"wp","href":"https:\/\/api.w.org\/{rel}","templated":true}]}}