{"id":2179,"date":"2023-07-22T09:16:35","date_gmt":"2023-07-22T07:16:35","guid":{"rendered":"https:\/\/mnwell.com\/?post_type=product&#038;p=2179"},"modified":"2023-09-15T07:56:43","modified_gmt":"2023-09-15T05:56:43","slug":"aluminum-die-casting-auto-parts","status":"publish","type":"product","link":"https:\/\/mnwell.com\/de\/produkt\/aluminum-die-casting-auto-parts\/","title":{"rendered":"Aluminium-Druckguss-Autoteile"},"content":{"rendered":"<p>Der Aluminiumdruckguss hat sich in der Automobilindustrie als Methode der Wahl f\u00fcr die Herstellung leichter und zuverl\u00e4ssiger Komponenten etabliert und tr\u00e4gt so zu sichereren und umweltfreundlicheren Fahrzeugen bei. Durch den Einsatz dieser Technologie kann die Automobilindustrie energieeffiziente und leistungsstarke Fahrzeuge herstellen, die die strengen Kraftstoffverbrauchsstandards und Nachhaltigkeitsziele erf\u00fcllen.<\/p>\n<p>Die wichtigsten Vorteile des Aluminiumdruckgusses in der Automobilindustrie sind die hervorragende W\u00e4rme\u00fcbertragung, die Oberfl\u00e4cheng\u00fcte und die M\u00f6glichkeit, starke und d\u00fcnnwandige Teile ohne Qualit\u00e4tseinbu\u00dfen herzustellen. Die beiden wichtigsten Arten von Druckgussverfahren sind der Warmdruckguss, bei dem das Metall vor dem Gie\u00dfen geschmolzen wird, und der Kaltkammerdruckguss, bei dem das Metall mit einem Druck von 30 bis 150 MPa beaufschlagt wird.<\/p>\n<p>Zu den \u00fcblicherweise im Druckguss verwendeten Materialien geh\u00f6ren Zink, Aluminium und Magnesium. W\u00e4hrend Zinkdruckguss eine hohe Schlagz\u00e4higkeit und Flexibilit\u00e4t bietet, zeichnen sich Aluminiumdruckgussst\u00fccke durch ihre Korrosionsbest\u00e4ndigkeit, thermische und elektrische Leitf\u00e4higkeit und Formstabilit\u00e4t aus. Diese Eigenschaften machen Aluminium zum idealen Werkstoff f\u00fcr leichtgewichtige Komponenten, die den Kraftstoffverbrauch senken und W\u00e4rme und Reibung abhalten.<\/p>\n<p><img loading=\"lazy\" decoding=\"async\" class=\"alignnone size-full wp-image-2181\" src=\"http:\/\/mnwell.com\/wp-content\/uploads\/2023\/07\/timg-1111-\u526f\u672c.jpg\" alt=\"automotive aluminum die casting\" width=\"800\" height=\"800\" srcset=\"https:\/\/mnwell.com\/wp-content\/uploads\/2023\/07\/timg-1111-\u526f\u672c.jpg 800w, https:\/\/mnwell.com\/wp-content\/uploads\/2023\/07\/timg-1111-\u526f\u672c-150x150.jpg 150w, https:\/\/mnwell.com\/wp-content\/uploads\/2023\/07\/timg-1111-\u526f\u672c-768x768.jpg 768w, https:\/\/mnwell.com\/wp-content\/uploads\/2023\/07\/timg-1111-\u526f\u672c-300x300.jpg 300w, https:\/\/mnwell.com\/wp-content\/uploads\/2023\/07\/timg-1111-\u526f\u672c-600x600.jpg 600w, https:\/\/mnwell.com\/wp-content\/uploads\/2023\/07\/timg-1111-\u526f\u672c-100x100.jpg 100w\" sizes=\"(max-width: 800px) 100vw, 800px\" \/><\/p>\n<h3>Vorteile von Aluminiumdruckguss in der Automobilindustrie<\/h3>\n<p>In der Automobilindustrie bietet der Aluminiumdruckguss mehrere Vorteile, darunter leichte Bauteile, die die Flexibilit\u00e4t, Sicherheit und Zuverl\u00e4ssigkeit erh\u00f6hen und gleichzeitig umweltfreundlicher sind. Das Verfahren ist kosteneffizient, kann Hunderte bis Tausende von Teilen pro Tag produzieren und reduziert den Abfall, was Herstellern und Kunden gleicherma\u00dfen Zeit und Geld spart.<\/p>\n<p>Die Pr\u00e4zisionsdruckgusstechnologie ist entscheidend f\u00fcr die Entwicklung von Druckgussteilen f\u00fcr die Automobilindustrie und erm\u00f6glicht die Herstellung von Metallteilen mit unterschiedlichen Formen und Tiefen. Der Druckguss bietet zahlreiche Nachbearbeitungsm\u00f6glichkeiten, eine schnelle Produktion, Ma\u00dfgenauigkeit und leichte, aber dennoch stabile Komponenten, was ihn aufgrund seiner Korrosionsbest\u00e4ndigkeit und seines ausgezeichneten Verh\u00e4ltnisses zwischen Festigkeit und Gewicht zu einer bevorzugten Wahl f\u00fcr die Herstellung von Motorrad- und Automobilteilen macht.<\/p>\n<p>&nbsp;<\/p>\n<h4>Anmeldung<\/h4>\n<p>Aufgrund der vielf\u00e4ltigen Vorteile von Aluminium bei der Herstellung von Autoteilen werden Aluminiumdruckgussteile in der Automobilindustrie h\u00e4ufig eingesetzt. Aluminiumdruckgussteile werden aus folgenden Gr\u00fcnden h\u00e4ufig in Automobilen verwendet:<\/p>\n<ul>\n<li>Motorkomponenten wie Zylinderk\u00f6pfe, Zylinderbl\u00f6cke, Kurbelgeh\u00e4use, Ansaugkr\u00fcmmer und Wasserpumpengeh\u00e4use werden normalerweise aus Aluminiumdruckguss hergestellt. Die \u00fcberlegene W\u00e4rmeleitf\u00e4higkeit von Aluminium tr\u00e4gt zu einer verbesserten K\u00fchlleistung und Motorstabilit\u00e4t bei hohen Temperaturen bei.<\/li>\n<li>Getriebe und Antriebsstr\u00e4nge: Die Geh\u00e4use von Getrieben und Antriebsstr\u00e4ngen werden aus Aluminiumdruckguss hergestellt. Diese Komponenten m\u00fcssen leicht sein, um die Kraftstoffeffizienz zu verbessern und das Gesamtgewicht des Fahrzeugs zu reduzieren.<\/li>\n<li>Aluminiumdruckguss wird auch zur Herstellung von Fahrwerkskomponenten wie Querlenkern, Bremss\u00e4tteln, Achsschenkeln und Quertr\u00e4gern verwendet. Um das Fahrverhalten des Fahrzeugs zu optimieren, m\u00fcssen diese Komponenten stark und steif sein, aber dennoch ein geringes Gewicht aufweisen.<\/li>\n<li>Auch Naben und R\u00e4der werden h\u00e4ufig aus Aluminiumdruckguss hergestellt. Leichte Aluminiumr\u00e4der k\u00f6nnen das Fahrverhalten und die Kraftstoffeffizienz eines Fahrzeugs verbessern, indem sie das Tr\u00e4gheitsmoment verringern.<\/li>\n<li>K\u00fchlsystem: Aluminiumdruckguss ist f\u00fcr das K\u00fchlsystem des Fahrzeugs von entscheidender Bedeutung. Wasserpumpengeh\u00e4use und K\u00fchlerabdeckungen werden zum Beispiel h\u00e4ufig aus Aluminium gefertigt, um die Effizienz des K\u00fchlsystems zu gew\u00e4hrleisten.<\/li>\n<li>Komponenten von Autoklimaanlagen, wie Kompressorgeh\u00e4use und Auspuffrohre, werden in der Regel aus Aluminiumdruckguss hergestellt, da Aluminiumwerkstoffe die W\u00e4rme gut ableiten k\u00f6nnen.<\/li>\n<\/ul>\n<p><img loading=\"lazy\" decoding=\"async\" class=\"alignnone size-full wp-image-2182\" src=\"http:\/\/mnwell.com\/wp-content\/uploads\/2023\/07\/timg-1212-\u526f\u672c.jpg\" alt=\"aluminium die casting auto parts\" width=\"800\" height=\"800\" srcset=\"https:\/\/mnwell.com\/wp-content\/uploads\/2023\/07\/timg-1212-\u526f\u672c.jpg 800w, https:\/\/mnwell.com\/wp-content\/uploads\/2023\/07\/timg-1212-\u526f\u672c-150x150.jpg 150w, https:\/\/mnwell.com\/wp-content\/uploads\/2023\/07\/timg-1212-\u526f\u672c-768x768.jpg 768w, https:\/\/mnwell.com\/wp-content\/uploads\/2023\/07\/timg-1212-\u526f\u672c-300x300.jpg 300w, https:\/\/mnwell.com\/wp-content\/uploads\/2023\/07\/timg-1212-\u526f\u672c-600x600.jpg 600w, https:\/\/mnwell.com\/wp-content\/uploads\/2023\/07\/timg-1212-\u526f\u672c-100x100.jpg 100w\" sizes=\"(max-width: 800px) 100vw, 800px\" \/><\/p>\n<p>&nbsp;<\/p>\n<p>&nbsp;<\/p>\n<h4>\u00dcber Mindwell<\/h4>\n<p>Mindwell ist ein f\u00fchrender Anbieter von <a href=\"https:\/\/mnwell.com\/de\/custom-die-casting\/\">Kundenspezifische Aluminium-Druckguss-Dienstleistungen<\/a> f\u00fcr verschiedene Autoteile. Ihre Produkte wiegen nur ein Drittel des Gewichts von Stahlteilen und bieten damit erhebliche Vorteile bei der Gewichtsreduzierung. Mindwells Angebot an Autoteilen umfasst Luftk\u00fchlertanks, Turbolader, Ansaugkr\u00fcmmer, Getriebegeh\u00e4use und Wasserausl\u00e4sse. Das Unternehmen ist nach ISO 9001:2008 und TS16949:2009 zertifiziert und produziert t\u00e4glich Hunderte bis Tausende von Autoteilen, wobei die kontinuierliche Verbesserung der Qualit\u00e4t und die p\u00fcnktliche Lieferung im Vordergrund stehen. Mindwell bietet einen Service aus einer Hand, vom Formenbau bis zur Massenproduktion, und spart den Kunden dadurch Kosten und Arbeit.<\/p>\n<p>Zahlreiche gro\u00dfe \"Tier 1\"-Automobilhersteller haben ihre eigenen Produktionsst\u00e4tten und beziehen Aluminium-Autoteile von Mindwell. Dar\u00fcber hinaus verlassen sich die Hersteller von Autoersatzteilen auf Mindwell, wenn es um die Entwicklung und Produktion hochwertiger Autoteile zu wettbewerbsf\u00e4higen Preisen geht.<\/p>\n<p><img loading=\"lazy\" decoding=\"async\" class=\"alignnone size-full wp-image-2103\" src=\"http:\/\/mnwell.com\/wp-content\/uploads\/2023\/07\/AYU9581.jpg\" alt=\"die casting factory\" width=\"750\" height=\"500\" srcset=\"https:\/\/mnwell.com\/wp-content\/uploads\/2023\/07\/AYU9581.jpg 750w, https:\/\/mnwell.com\/wp-content\/uploads\/2023\/07\/AYU9581-600x400.jpg 600w\" sizes=\"(max-width: 750px) 100vw, 750px\" \/><\/p>","protected":false},"excerpt":{"rendered":"<p>Der Aluminiumdruckguss hat sich in der Automobilindustrie als Methode der Wahl f\u00fcr die Herstellung leichter und zuverl\u00e4ssiger Komponenten etabliert und tr\u00e4gt so zu sichereren und umweltfreundlicheren Fahrzeugen bei. Durch den Einsatz dieser Technologie kann die Automobilindustrie energieeffiziente und leistungsstarke Fahrzeuge herstellen, die die strengen Kraftstoffverbrauchsstandards und Nachhaltigkeitsziele erf\u00fcllen.<\/p>\n<p>Die wichtigsten Vorteile des Aluminiumdruckgusses in der Automobilindustrie sind die hervorragende W\u00e4rme\u00fcbertragung, die Oberfl\u00e4cheng\u00fcte und die M\u00f6glichkeit, starke und d\u00fcnnwandige Teile ohne Qualit\u00e4tseinbu\u00dfen herzustellen. Die beiden wichtigsten Arten von Druckgussverfahren sind der Warmdruckguss, bei dem das Metall vor dem Gie\u00dfen geschmolzen wird, und der Kaltkammerdruckguss, bei dem das Metall mit einem Druck von 30 bis 150 MPa beaufschlagt wird.<\/p>","protected":false},"featured_media":2180,"template":"","meta":{"om_disable_all_campaigns":false,"_monsterinsights_skip_tracking":false,"_monsterinsights_sitenote_active":false,"_monsterinsights_sitenote_note":"","_monsterinsights_sitenote_category":0,"_uf_show_specific_survey":0,"_uf_disable_surveys":false,"site-sidebar-layout":"default","site-content-layout":"default","ast-global-header-display":"","ast-banner-title-visibility":"","ast-main-header-display":"","ast-hfb-above-header-display":"","ast-hfb-below-header-display":"","ast-hfb-mobile-header-display":"","site-post-title":"","ast-breadcrumbs-content":"","ast-featured-img":"","footer-sml-layout":"","theme-transparent-header-meta":"default","adv-header-id-meta":"","stick-header-meta":"","header-above-stick-meta":"","header-main-stick-meta":"","header-below-stick-meta":""},"product_cat":[18],"product_tag":[129,126,130,60,127,128],"aioseo_notices":[],"_links":{"self":[{"href":"https:\/\/mnwell.com\/de\/wp-json\/wp\/v2\/product\/2179"}],"collection":[{"href":"https:\/\/mnwell.com\/de\/wp-json\/wp\/v2\/product"}],"about":[{"href":"https:\/\/mnwell.com\/de\/wp-json\/wp\/v2\/types\/product"}],"wp:featuredmedia":[{"embeddable":true,"href":"https:\/\/mnwell.com\/de\/wp-json\/wp\/v2\/media\/2180"}],"wp:attachment":[{"href":"https:\/\/mnwell.com\/de\/wp-json\/wp\/v2\/media?parent=2179"}],"wp:term":[{"taxonomy":"product_cat","embeddable":true,"href":"https:\/\/mnwell.com\/de\/wp-json\/wp\/v2\/product_cat?post=2179"},{"taxonomy":"product_tag","embeddable":true,"href":"https:\/\/mnwell.com\/de\/wp-json\/wp\/v2\/product_tag?post=2179"}],"curies":[{"name":"wp","href":"https:\/\/api.w.org\/{rel}","templated":true}]}}