{"id":2942,"date":"2023-08-27T15:20:56","date_gmt":"2023-08-27T13:20:56","guid":{"rendered":"https:\/\/mnwell.com\/?post_type=product&#038;p=2942"},"modified":"2023-08-27T15:20:56","modified_gmt":"2023-08-27T13:20:56","slug":"aluminium-die-casting-led-housing","status":"publish","type":"product","link":"https:\/\/mnwell.com\/de\/produkt\/aluminium-die-casting-led-housing\/","title":{"rendered":"aluminium druckguss led geh\u00e4use"},"content":{"rendered":"<p>Das Aluminium-Druckgussverfahren des LED-Lampengeh\u00e4uses ist ein Druckgussverfahren des Lampengeh\u00e4uses. Der Herstellungsprozess des LED-Lampengeh\u00e4uses wird aus hochwertigen Aluminiumlegierungsmaterialien durch das Druckgussverfahren hergestellt. Aluminium-Druckguss-Verfahren ist weit verbreitet in der Herstellung von Schalen von verschiedenen LED-Lampen, einschlie\u00dflich Strahler, Downlights, High Bay Lights, etc.<\/p>\n<p><a href=\"https:\/\/mnwell.com\/de\/what-is-aluminum-die-cast-housing\/\">LED-Lichtgeh\u00e4use aus Aluminium-Druckgu\u00df<\/a> hat zahlreiche Vorteile, die es zu einer bevorzugten Wahl f\u00fcr LED-Beleuchtungsprodukte machen. Es hat vor allem die folgenden Vorteile:<\/p>\n<ul>\n<li>Geringes Gewicht: Aluminium ist ein sehr leichtes Material, so dass das LED-Lampengeh\u00e4use aus Aluminiumlegierung das Gesamtgewicht der Lampe nicht erh\u00f6ht, was f\u00fcr die Installation und Aufh\u00e4ngung der Lampe sehr wichtig ist.<\/li>\n<li>Korrosionsbest\u00e4ndigkeit: Die Aluminiumlegierung hat eine ausgezeichnete Korrosionsbest\u00e4ndigkeit. Die Umgebung des LED-Lampengeh\u00e4uses wird normalerweise an einem hohen Ort verwendet, und die Wartung ist unbequem. Es muss in der Lage sein, eine ausgezeichnete Leistung f\u00fcr eine lange Zeit zu erhalten. Die Korrosionsbest\u00e4ndigkeit der Aluminiumlegierung ist sehr gut geeignet. Au\u00dferdem werden viele Lampen nicht in einer guten Umgebung eingesetzt. Das Druckgie\u00dfen von Aluminiumlegierungen kann sicherstellen, dass das Aussehen und die Leistung der Lampe unter verschiedenen Umweltbedingungen erhalten bleiben.<\/li>\n<li>Gute W\u00e4rmeableitungsleistung: Der Chip der LED-Lampe erzeugt w\u00e4hrend des Beleuchtungsvorgangs kontinuierlich W\u00e4rme. Zu diesem Zeitpunkt ben\u00f6tigt das Geh\u00e4use ein gutes w\u00e4rmeleitendes Material, um die W\u00e4rme effektiv abzuleiten. Die W\u00e4rmeableitung von Aluminiumlegierungen ist die beste unter allen Metallen. Die Verwendung einer Aluminiumlegierung zur Herstellung des LED-Geh\u00e4uses gew\u00e4hrleistet die langfristige Stabilit\u00e4t der LED-Lampe. Dies ist entscheidend f\u00fcr die Lebensdauer des LED-Chips.<\/li>\n<li>Kosteng\u00fcnstig: Die Kosten f\u00fcr Aluminium sind relativ niedrig, was dazu beitr\u00e4gt, die Herstellungskosten von LED-Leuchten zu senken und sie wettbewerbsf\u00e4higer zu machen.<\/li>\n<li>Hohe Plastizit\u00e4t: Die Aluminiumlegierung hat eine gute Plastizit\u00e4t und kann durch die Druckgusstechnologie in viele komplexe geometrische Formen und Designs verarbeitet werden, was den Beleuchtungsdesignern mehr Freiheitsgrade bietet.<\/li>\n<li>Insgesamt ist der Aluminiumdruckguss f\u00fcr LED-Leuchtengeh\u00e4use ein effizientes und zuverl\u00e4ssiges Herstellungsverfahren, das geringes Gewicht, Langlebigkeit und gute W\u00e4rmeableitung miteinander verbindet und damit ideal f\u00fcr die Anforderungen moderner LED-Beleuchtungsprodukte ist. Die breite Verf\u00fcgbarkeit dieses Materials und dieses Herstellungsverfahrens tr\u00e4gt dazu bei, dass qualitativ hochwertige, leistungsstarke LED-Leuchten angeboten werden k\u00f6nnen, die die Anforderungen verschiedener Beleuchtungsanwendungen erf\u00fcllen.<\/li>\n<\/ul>\n<h3>Welches Aluminiummaterial ist f\u00fcr LED-Lampengeh\u00e4use geeignet?<\/h3>\n<p>Das Aluminiumlegierungsmodell des LED-Lampengeh\u00e4uses wird in der Regel nach den spezifischen Bed\u00fcrfnissen und Anwendungen der LED-Lampe ausgew\u00e4hlt. Unser Unternehmen verwendet mehrere Aluminiummodelle, die f\u00fcr LED-Lampengeh\u00e4use geeignet sind, einschlie\u00dflich AA6061 und AA60631. AA6061 und AA6063 haben eine gute W\u00e4rmeleitf\u00e4higkeit und Verarbeitbarkeit, eignen sich f\u00fcr das Strangpressen und werden h\u00e4ufig in der K\u00fchlk\u00f6rperverarbeitung eingesetzt.<\/p>\n<p>Das Geh\u00e4use der LED-Lampe besteht in der Regel aus einer Zink-Aluminium-Legierung und hat eine Leitf\u00e4higkeit von etwa 80W\/M.K. Viele Scheinwerfer mit geringer Leistung von 1-3W verwenden grunds\u00e4tzlich dieses Verfahren. Seine Vorteile sind niedrige Produktionskosten und hohe Produktionsgeschwindigkeit, aber schlechte W\u00e4rmeableitung. Die Aluminiumlegierung 6063-T5 wird im Allgemeinen f\u00fcr das Aluminiumgeh\u00e4use von LED-Energiesparlampen ausgew\u00e4hlt, und ihre W\u00e4rmeleitf\u00e4higkeit betr\u00e4gt etwa 180 W\/M.K. Dieses Verfahren wird f\u00fcr die Geh\u00e4use von LED-Energiesparlampen mit h\u00f6herer Leistung verwendet. Das Aluminium des Fahrzeugs kann feiner gestaltet werden, und die Dicke ist leicht zu kontrollieren. Die w\u00e4rmeableitende Oberfl\u00e4che wird vergr\u00f6\u00dfert, wodurch die W\u00e4rmeableitung verbessert wird.<\/p>\n<p><img loading=\"lazy\" decoding=\"async\" class=\"alignnone wp-image-2945\" src=\"http:\/\/mnwell.com\/wp-content\/uploads\/2023\/08\/led-housing-die-cast-aluminum.webp\" alt=\"\" width=\"600\" height=\"600\" srcset=\"https:\/\/mnwell.com\/wp-content\/uploads\/2023\/08\/led-housing-die-cast-aluminum.webp 800w, https:\/\/mnwell.com\/wp-content\/uploads\/2023\/08\/led-housing-die-cast-aluminum-150x150.webp 150w, https:\/\/mnwell.com\/wp-content\/uploads\/2023\/08\/led-housing-die-cast-aluminum-768x768.webp 768w, https:\/\/mnwell.com\/wp-content\/uploads\/2023\/08\/led-housing-die-cast-aluminum-300x300.webp 300w, https:\/\/mnwell.com\/wp-content\/uploads\/2023\/08\/led-housing-die-cast-aluminum-600x600.webp 600w, https:\/\/mnwell.com\/wp-content\/uploads\/2023\/08\/led-housing-die-cast-aluminum-100x100.webp 100w\" sizes=\"(max-width: 600px) 100vw, 600px\" \/><\/p>\n<h3>Herstellungsschritte f\u00fcr das LED-Lampengeh\u00e4use im Aluminiumdruckguss:<\/h3>\n<p>Bei Mindwell stellen wir Aluminium-Druckgussgeh\u00e4use her, die weithin in Autoteilen, Lampengeh\u00e4usen, Geh\u00e4usen f\u00fcr mechanische Ger\u00e4te und mehr verwendet werden. Unser Unternehmen verf\u00fcgt \u00fcber reiche Erfahrung in der Produktion und Herstellung von Aluminium-Druckguss-Geh\u00e4usen. Der allgemeine Herstellungsprozess ist wie folgt. Wenn es spezielle Design-Anforderungen gibt, m\u00fcssen wir gut in der Zeichnung Design zu kommunizieren. Unsere Ingenieure werden die speziellen Designanforderungen entsprechend den Bed\u00fcrfnissen erf\u00fcllen.<\/p>\n<ol>\n<li>Schmelzen und Gie\u00dfen: Zun\u00e4chst wird das Material aus der Aluminiumlegierung in einem Ofen auf Schmelztemperatur erhitzt. Sobald der richtige Schmelzpunkt erreicht ist, wird die geschmolzene Aluminiumlegierung in eine Druckgussmaschine bef\u00f6rdert. In einer Druckgussmaschine wird die Aluminiumlegierung durch hohen Druck schnell in eine vorher entworfene Form gespritzt. Der hohe Druck stellt sicher, dass die Aluminiumlegierung jedes Detail der Form ausf\u00fcllt, um Pr\u00e4zision und Konsistenz der endg\u00fcltigen Schale zu gew\u00e4hrleisten.<\/li>\n<li>Abk\u00fchlung und Erstarrung: Nachdem die Aluminiumlegierung in die Form gespritzt wurde, beginnt sie abzuk\u00fchlen und zu erstarren. Die Abk\u00fchlungszeiten variieren im Allgemeinen je nach Art der Aluminiumlegierung und der Gr\u00f6\u00dfe des Geh\u00e4uses. Dieser Schritt stellt sicher, dass die Schale nach dem Aush\u00e4rten ihre Form und Struktur beibeh\u00e4lt.<\/li>\n<li>\u00d6ffnen der Form: Sobald die Aluminiumlegierung vollst\u00e4ndig erstarrt ist, wird die Form ge\u00f6ffnet und das geformte LED-Lampengeh\u00e4use aus der Form genommen. Dies ist ein wichtiger Schritt, um sicherzustellen, dass das Geh\u00e4use unbesch\u00e4digt ist und leicht entfernt werden kann.<\/li>\n<li>Nachtr\u00e4gliche Bearbeitung: Geformte Leuchtengeh\u00e4use aus Aluminium k\u00f6nnen einige Grate oder raue Oberfl\u00e4chen aufweisen. Daher wird das Geh\u00e4use entgratet, geschliffen und gereinigt, um eine glatte Oberfl\u00e4che zu gew\u00e4hrleisten und die Qualit\u00e4tsstandards zu erf\u00fcllen. Au\u00dferdem kann das Geh\u00e4use je nach Bedarf lackiert oder mit anderen speziellen Beschichtungen versehen werden, um Design und \u00e4sthetischen Anforderungen zu entsprechen.<\/li>\n<li>Zusammenbau: Die fertigen Aluminium-Lampengeh\u00e4use werden an die Montagelinie geschickt, wo sie gem\u00e4\u00df den Konstruktionszeichnungen zusammengebaut werden. In dieser Phase werden Komponenten wie elektrische Bauteile und Lichtquellen der LED-Leuchten in das Geh\u00e4use eingebaut, um eine komplette LED-Leuchte zu bilden.<\/li>\n<li>Inspektion und Verpackung: Nach Abschluss der Montage werden die LED-Leuchten einer umfassenden Inspektion und Pr\u00fcfung unterzogen, um sicherzustellen, dass die Produktqualit\u00e4t den Standardanforderungen entspricht. Nach bestandener Pr\u00fcfung wird die LED-Leuchte verpackt, wobei in der Regel geeignete Verpackungsmaterialien verwendet werden, um sie w\u00e4hrend des Versands und der Lagerung vor Sch\u00e4den zu sch\u00fctzen.<\/li>\n<\/ol>\n<h4>Klassifizierung verschiedener LED-Lampen-Druckguss-Designs<\/h4>\n<p>LED-Beleuchtung ist seit vielen Jahren entwickelt worden. LED-Leuchten f\u00fcr unterschiedliche Zwecke verwenden unterschiedliche Aluminiumlegierungen, und auch die Formen und Gr\u00f6\u00dfen der Verarbeitung sind uneinheitlich. Mindwell hat auf der Grundlage jahrelanger Erfahrung einige Klassifizierungen von Aluminiumdruckguss f\u00fcr LED-Leuchten zusammengestellt.<\/p>\n<ul>\n<li style=\"text-align: left;\">Panel-Leuchten verwenden in der Regel Aluminium-Profile als Rahmen, plus Aluminium-Ecken, und Aluminium-R\u00fcckw\u00e4nde montiert sind, wie 300mmX300mm. Schalttafel-Leuchten verwenden auch Druckgussteile aus Aluminiumlegierung als Rahmen. High-End-Panel-Leuchten verwenden in der Regel dicke Aluminiumprofile und Oxidation, w\u00e4hrend normale Leuchten d\u00fcnne Aluminiumprofile und Spritzen verwenden. Es gibt auch einige Kreis-Typ, S-Typ, und Start-und Landebahn-Typ Wie B\u00fcro-und kommerziellen Panel-Leuchten sind in der Regel aus Aluminium-Profil Biegen Schwei\u00dfen oder Nieten, und dann heben nach dem Spr\u00fchen gemacht;<\/li>\n<li style=\"text-align: left;\">Bei Scheinwerfern werden im Allgemeinen Druckgussteile aus einer Aluminiumlegierung verwendet, um Aluminiumgeh\u00e4use herzustellen. Hinter der internen Leiterplatte ist ein Aluminiumk\u00fchler angebracht, um die W\u00e4rmeabfuhr zu verbessern. An der Au\u00dfenseite ist eine Halterung angebracht, um die feste Installation zu erleichtern. Die Oberfl\u00e4chenbehandlung des Druckgussgeh\u00e4uses wird im Allgemeinen f\u00fcr die Au\u00dfenlackierung verwendet. Einige werden mit Polyester bespr\u00fcht, andere mit Fluorkohlenstoff, und f\u00fcr die Au\u00dfenlackierung mit besonderen Schutzanforderungen werden in der Regel Pulver von Fong, DuPont, Aksu usw. verwendet, um die Lebensdauer der Au\u00dfenlackierung zu verl\u00e4ngern. Die Toleranz ist gering, damit das Glas eingebaut und die Wasserdichtigkeit erh\u00f6ht werden kann;<\/li>\n<li style=\"text-align: left;\">Stra\u00dfenlaternen verwenden in der Regel gro\u00dffl\u00e4chige Aluminiumprofile mit mehreren Z\u00e4hnen als K\u00fchlk\u00f6rper im Inneren. Sie sind alle gebohrt und mit Gewinde versehen, um die Leiterplatte zu befestigen. Beleuchtungsk\u00f6rper mit hohen Qualit\u00e4tsanforderungen werden oft als Aluminiumprofile mit CNC-Fr\u00e4skavit\u00e4t entworfen, um die Leiterplatte tief zu vergraben. Der Weg, um die W\u00e4rmeableitung Koeffizient und W\u00e4rmeableitung Wirkung zu erh\u00f6hen; das \u00c4u\u00dfere der Stra\u00dfenlaterne ist in der Regel aus Aluminium-Legierung Druckguss-Teile, um die sch\u00fctzende Schale zu machen, plus die Abdichtung Gummiring, um die wasserdichte Ebene zu erh\u00f6hen, und die Oberfl\u00e4che ist auch durch Outdoor-Pulver Spr\u00fchen durchgef\u00fchrt.<\/li>\n<li style=\"text-align: left;\">Linienleuchten, Landschaftsleuchten und Wandfluter bestehen in der Regel aus U-f\u00f6rmigen Aluminiumprofilen f\u00fcr feste Lichtleisten oder Klebef\u00fcllungen und werden in der Regel als Au\u00dfenleuchten verwendet;<\/li>\n<\/ul>\n<p>&nbsp;<\/p>\n<h3>unser Unternehmen<\/h3>\n<p>Mindwell Aluminum Die Casting Company ist ein f\u00fchrender Druckgusshersteller mit langj\u00e4hriger Erfahrung in der Bereitstellung von hochwertigen Aluminiumdruckgussl\u00f6sungen f\u00fcr verschiedene Branchen. Seit unserer Gr\u00fcndung im Jahr 2005 haben wir Kunden auf der ganzen Welt mit unserer professionellen Technologie und hochwertigen Dienstleistungen hervorragende Produkte und Dienstleistungen zur Verf\u00fcgung gestellt.<\/p>\n<p>Unser Unternehmen verf\u00fcgt \u00fcber reiche Erfahrung im Aluminiumdruckguss von LED-Lampen und hat in diesem Bereich mit vielen Lampenherstellern zusammengearbeitet. Wir sind mit der Herstellungstechnologie und dem Prozess von Lampengeh\u00e4usen vertraut. Unsere professionellen Teammitglieder kennen sich auch mit den Eigenschaften und der Verarbeitung von Aluminiumlegierungen aus, die die Anforderungen verschiedener LED-Lampengeh\u00e4use erf\u00fcllen k\u00f6nnen, egal ob es darum geht, einzigartige Formen zu entwerfen oder strenge Leistungen zu verlangen.<\/p>\n<h4>Unser Vorteil<\/h4>\n<ul>\n<li>Hochwertige Fertigung: Unser Aluminium-Druckgussverfahren gew\u00e4hrleistet gleichbleibende Qualit\u00e4t und Pr\u00e4zision f\u00fcr die LED-Leuchtengeh\u00e4use nach h\u00f6chsten Standards.<\/li>\n<li>W\u00e4rmeableitungsleistung: Wir kennen die Eigenschaften von Aluminiumlegierungen, daher hat unser Geh\u00e4usedesign eine ausgezeichnete W\u00e4rmeableitung, die eine lange Lebensdauer und hohe Effizienz der LED gew\u00e4hrleistet.<\/li>\n<li>Ma\u00dfgeschneiderte L\u00f6sungen: Wir sind bestrebt, kundenspezifische Aluminiumdruckgussl\u00f6sungen anzubieten, um die einzigartigen Design- und Spezifikationsanforderungen unserer Kunden zu erf\u00fcllen.<\/li>\n<li>Nachhaltigkeit: Unser Unternehmen k\u00fcmmert sich um die Umwelt und konzentriert sich auf die Reduzierung von Abfall und Ressourcenverschwendung. Wir bestehen darauf, keine Umweltverschmutzung zu verursachen.<\/li>\n<li><img loading=\"lazy\" decoding=\"async\" class=\"alignnone size-full wp-image-2713\" src=\"http:\/\/mnwell.com\/wp-content\/uploads\/2023\/08\/die-casting-parts.webp\" alt=\"\" width=\"750\" height=\"500\" srcset=\"https:\/\/mnwell.com\/wp-content\/uploads\/2023\/08\/die-casting-parts.webp 750w, https:\/\/mnwell.com\/wp-content\/uploads\/2023\/08\/die-casting-parts-600x400.webp 600w\" sizes=\"(max-width: 750px) 100vw, 750px\" \/><\/li>\n<\/ul>","protected":false},"excerpt":{"rendered":"<p>F\u00fcnf Merkmale von Druckguss aus Aluminiumlegierungen<\/p>\n<ul>\n<li>Langlebigkeit: Aluminium ist stabil, Anti-Oxidations-, Aluminium-Legierung Gussteile sind nicht rostig und korrosionsbest\u00e4ndig; das Aussehen ist von elektrostatischen Pulver-Spritzen und Fluorcarbon-Beschichtungen, in verschiedenen gro\u00dfen Inneneinrichtung Produkte, die in der Farbe f\u00fcr eine lange Zeit anhalten kann gemacht.<\/li>\n<li>Plastizit\u00e4t: Aluminium hat eine gute Dehnbarkeit und l\u00e4sst sich leicht in verschiedene Formen bringen. Es ist geduldig und kann immer wieder verwendet und recycelt werden.<\/li>\n<li>Sicherheit: Durch verschiedene strenge Experimente wird die Erdbebensicherheit, der Winddruck und die Witterungsbest\u00e4ndigkeit der Aluminiumlegierung im Druckgussverfahren garantiert.<\/li>\n<li>Verl\u00e4ngern Sie die Nutzungsdauer und die Lichtabfallzeit der Lampe vollst\u00e4ndig. Eine gute Beleuchtungslampe verwendet im Allgemeinen einen K\u00fchlk\u00f6rper mit einem hohen W\u00e4rmeableitungskoeffizienten und hochreinem Aluminiummaterial. Deckenleuchten, Deckenleuchten, Strahler, Autoleuchten, High Bay Lights, Kronleuchter und andere kreisf\u00f6rmige Strukturen sind in der Regel aus Aluminiumprofilen + CNC-Drehmaschinen, um Heizk\u00f6rper zu machen, und dann oxidiert, um schwarz oder Aluminium Farbe f\u00fcr die Installation und Verwendung;<\/li>\n<li>Geringes Gewicht: Druckgussteile aus Aluminiumlegierungen zeichnen sich auch durch ihr geringes Gewicht, ihre einfache Installation und Wartung aus.<\/li>\n<\/ul>","protected":false},"featured_media":2943,"template":"","meta":{"om_disable_all_campaigns":false,"_monsterinsights_skip_tracking":false,"_monsterinsights_sitenote_active":false,"_monsterinsights_sitenote_note":"","_monsterinsights_sitenote_category":0,"_uf_show_specific_survey":0,"_uf_disable_surveys":false,"site-sidebar-layout":"default","site-content-layout":"default","ast-global-header-display":"","ast-banner-title-visibility":"","ast-main-header-display":"","ast-hfb-above-header-display":"","ast-hfb-below-header-display":"","ast-hfb-mobile-header-display":"","site-post-title":"","ast-breadcrumbs-content":"","ast-featured-img":"","footer-sml-layout":"","theme-transparent-header-meta":"default","adv-header-id-meta":"","stick-header-meta":"","header-above-stick-meta":"","header-main-stick-meta":"","header-below-stick-meta":""},"product_cat":[18],"product_tag":[195,194,198,197,196,192,193],"aioseo_notices":[],"_links":{"self":[{"href":"https:\/\/mnwell.com\/de\/wp-json\/wp\/v2\/product\/2942"}],"collection":[{"href":"https:\/\/mnwell.com\/de\/wp-json\/wp\/v2\/product"}],"about":[{"href":"https:\/\/mnwell.com\/de\/wp-json\/wp\/v2\/types\/product"}],"wp:featuredmedia":[{"embeddable":true,"href":"https:\/\/mnwell.com\/de\/wp-json\/wp\/v2\/media\/2943"}],"wp:attachment":[{"href":"https:\/\/mnwell.com\/de\/wp-json\/wp\/v2\/media?parent=2942"}],"wp:term":[{"taxonomy":"product_cat","embeddable":true,"href":"https:\/\/mnwell.com\/de\/wp-json\/wp\/v2\/product_cat?post=2942"},{"taxonomy":"product_tag","embeddable":true,"href":"https:\/\/mnwell.com\/de\/wp-json\/wp\/v2\/product_tag?post=2942"}],"curies":[{"name":"wp","href":"https:\/\/api.w.org\/{rel}","templated":true}]}}