{"id":3131,"date":"2023-09-11T17:14:22","date_gmt":"2023-09-11T15:14:22","guid":{"rendered":"https:\/\/mnwell.com\/?post_type=product&#038;p=3131"},"modified":"2023-09-11T17:15:17","modified_gmt":"2023-09-11T15:15:17","slug":"custom-plastic-electronic-enclosures","status":"publish","type":"product","link":"https:\/\/mnwell.com\/de\/produkt\/custom-plastic-electronic-enclosures\/","title":{"rendered":"kundenspezifische Elektronikgeh\u00e4use aus Kunststoff"},"content":{"rendered":"<p>Elektronikgeh\u00e4use aus Kunststoff sind elektronische und elektrische Schutzgeh\u00e4use, die im Spritzgussverfahren hergestellt werden. Sie verf\u00fcgen \u00fcber gute physikalische Eigenschaften, Verschlei\u00dffestigkeit, hohe Temperaturbest\u00e4ndigkeit und starke Isolationseigenschaften. Weit verbreitet in verschiedenen elektronischen und elektrischen Ger\u00e4ten.<br \/>\nSpritzgie\u00dfen ist ein effizientes und hochpr\u00e4zises Kunststoffverarbeitungsverfahren, das sich sehr gut f\u00fcr die Massenproduktion von Elektronik- und Elektrogeh\u00e4usen eignet. Das Spritzgie\u00dfen erm\u00f6glicht die Herstellung komplex geformter Teile und hat die Vorteile hoher Effizienz, hoher Pr\u00e4zision und eines hohen Automatisierungsgrads.<\/p>\n<p>Bei Mindwell setzen wir vollst\u00e4ndig kundenorientierte Prozessl\u00f6sungen f\u00fcr die Materialauswahl, den Formenbau, die Verarbeitungstechnologie, die Oberfl\u00e4chenbehandlung und die Qualit\u00e4tspr\u00fcfung von elektronischen Kunststoffgeh\u00e4usen um. Sie m\u00fcssen uns nur die Zeichnungen geben und wir werden das elektronische Geh\u00e4use, das Sie ben\u00f6tigen, anpassen.<\/p>\n<h3>Auswahl des Materials<\/h3>\n<p>Bei der Auswahl von Kunststoffrohstoffen f\u00fcr die Verwendung in elektronischen und elektrischen Geh\u00e4usen sind mehrere Schl\u00fcsselfaktoren zu ber\u00fccksichtigen, um sicherzustellen, dass das Material die Anforderungen des Ger\u00e4ts erf\u00fcllen kann. H\u00e4ufig verwendete Kunststoffe wie ABS, PC, PP usw. haben in jeder Hinsicht hervorragende Eigenschaften, die die Leistung und Qualit\u00e4t des Produkts gew\u00e4hrleisten.<\/p>\n<h4>Hohe Temperaturbest\u00e4ndigkeit<\/h4>\n<p>Elektronische und elektrische Ger\u00e4te erzeugen in der Regel eine gewisse W\u00e4rme, so dass das Geh\u00e4usematerial in der Lage sein muss, hohen Temperaturen standzuhalten, ohne sich zu verformen oder zu schmelzen. PC (Polycarbonat) zeichnet sich in dieser Hinsicht aus, da es eine hohe Hitzebest\u00e4ndigkeit aufweist und h\u00f6heren Temperaturen standhalten kann, ohne an Stabilit\u00e4t zu verlieren.<\/p>\n<h4>Korrosionsbest\u00e4ndigkeit<\/h4>\n<p>Elektronische Ger\u00e4te k\u00f6nnen durch eine Vielzahl von Umwelteinfl\u00fcssen wie Chemikalien oder Feuchtigkeit beeintr\u00e4chtigt werden. Daher muss das Material der Au\u00dfenh\u00fclle eine gute Korrosionsbest\u00e4ndigkeit aufweisen, um die internen Schaltkreise vor Sch\u00e4den zu sch\u00fctzen. In dieser Hinsicht zeichnen sich sowohl PA (Polyamid) als auch PBT (Polybutylenterephthalat) durch ihre hohe chemische Stabilit\u00e4t aus.<\/p>\n<h4>Mechanische Festigkeit<\/h4>\n<p>Das Geh\u00e4use muss in der Lage sein, die elektronischen Komponenten im Inneren vor physischen St\u00f6\u00dfen und Sch\u00e4den zu sch\u00fctzen. ABS (Acrylnitril-Butadien-Styrol-Copolymer) ist ein h\u00e4ufig verwendetes Material, das \u00fcber eine ausgezeichnete Z\u00e4higkeit und Festigkeit verf\u00fcgt und mechanischen Belastungen und St\u00f6\u00dfen wirksam standhalten kann.<\/p>\n<p>Im Allgemeinen k\u00f6nnen bei der Auswahl von Kunststoffen f\u00fcr Elektronik- und Elektrogeh\u00e4use Faktoren wie hohe Temperaturbest\u00e4ndigkeit, Korrosionsbest\u00e4ndigkeit und mechanische Festigkeit umfassend ber\u00fccksichtigt werden. G\u00e4ngige Kunststoffe wie ABS, PC, PA und PBT k\u00f6nnen diese Anforderungen erf\u00fcllen und zeichnen sich durch gute Z\u00e4higkeit, hohe Festigkeit, Verschlei\u00dffestigkeit und Temperaturbest\u00e4ndigkeit aus. Sie k\u00f6nnen zuverl\u00e4ssige Geh\u00e4usematerialien f\u00fcr elektronische und elektrische Ger\u00e4te darstellen. Die spezifischen Materialien basieren auf den Anforderungen elektronischer Ger\u00e4te, die individuell ausgew\u00e4hlt werden m\u00fcssen.<\/p>\n<p><img loading=\"lazy\" decoding=\"async\" class=\"alignnone size-full wp-image-3132\" src=\"http:\/\/mnwell.com\/wp-content\/uploads\/2023\/09\/custom-plastic-electronic-enclosures.jpg\" alt=\"custom plastic electronic enclosures\" width=\"800\" height=\"800\" srcset=\"https:\/\/mnwell.com\/wp-content\/uploads\/2023\/09\/custom-plastic-electronic-enclosures.jpg 800w, https:\/\/mnwell.com\/wp-content\/uploads\/2023\/09\/custom-plastic-electronic-enclosures-150x150.jpg 150w, https:\/\/mnwell.com\/wp-content\/uploads\/2023\/09\/custom-plastic-electronic-enclosures-768x768.jpg 768w, https:\/\/mnwell.com\/wp-content\/uploads\/2023\/09\/custom-plastic-electronic-enclosures-300x300.jpg 300w, https:\/\/mnwell.com\/wp-content\/uploads\/2023\/09\/custom-plastic-electronic-enclosures-600x600.jpg 600w, https:\/\/mnwell.com\/wp-content\/uploads\/2023\/09\/custom-plastic-electronic-enclosures-100x100.jpg 100w\" sizes=\"(max-width: 800px) 100vw, 800px\" \/><\/p>\n<p>&nbsp;<\/p>\n<h3>Elektronisches Kunststoffgeh\u00e4use<\/h3>\n<p>Das Design von elektronischen Kunststoffgeh\u00e4usen spielt bei elektronischen und elektrischen Ger\u00e4ten eine sehr wichtige Rolle. Es ist nicht nur eine einfache H\u00fclle, die die \u00e4u\u00dfere Umgebung und die internen Komponenten sch\u00fctzt, sondern hat auch einen Bezug zu \u00c4sthetik, Ergonomie und Benutzerfreundlichkeit.<\/p>\n<ul>\n<li>Sch\u00fctzen Sie die internen Schaltkreise und Komponenten: Das Wichtigste ist, dass die internen Schaltkreise und Bauteile vor Sch\u00e4den durch \u00e4u\u00dfere Einfl\u00fcsse wie Staub, Feuchtigkeit, St\u00f6\u00dfe usw. gesch\u00fctzt werden. Elektronikgeh\u00e4use m\u00fcssen einen angemessenen Schutz bieten, um die Zuverl\u00e4ssigkeit und Langlebigkeit der Ger\u00e4te zu gew\u00e4hrleisten.<\/li>\n<li>Sch\u00f6nes Aussehen: Aussehen des Ger\u00e4ts Ein attraktives Design kann die Attraktivit\u00e4t des Produkts erh\u00f6hen und mehr potenzielle Nutzer anziehen. Das Aussehen, die Farbe und die Beschaffenheit des Geh\u00e4uses k\u00f6nnen Teil der Markenidentit\u00e4t werden und den Wiedererkennungswert der Marke erh\u00f6hen.<\/li>\n<li>Ergonomie: Bei der Gestaltung des Geh\u00e4uses m\u00fcssen die Nutzungsgewohnheiten und der Komfort des Benutzers ber\u00fccksichtigt werden. Ein ergonomisches Geh\u00e4usedesign macht es einfacher, das Ger\u00e4t zu halten, zu tragen und zu bedienen. Ein gutes Design der Mensch-Maschine-Schnittstelle kann die Benutzerzufriedenheit und den Komfort verbessern.<\/li>\n<li>Benutzerfreundlichkeit: Das Design des Ger\u00e4tegeh\u00e4uses wirkt sich direkt auf das Benutzererlebnis aus. Leicht zug\u00e4ngliche Tasten, Schnittstellen und Anzeigen, ein logisches Layout und eine klare Beschilderung k\u00f6nnen die Interaktion mit dem Benutzer verbessern. Ein gutes Geh\u00e4usedesign kann dazu beitragen, dass sich die Benutzer wohlf\u00fchlen und das Produkt besser annehmen.<\/li>\n<\/ul>\n<p>Das Geh\u00e4usedesign ist f\u00fcr den Erfolg von elektronischen und elektrischen Ger\u00e4ten sehr wichtig. Es hat nicht nur mit dem Schutz und der Leistung der Ger\u00e4te zu tun, sondern auch mit der Benutzerfreundlichkeit und der Marktattraktivit\u00e4t. Daher sollte bei der Produktentwicklung dem Design von Elektronikgeh\u00e4usen volle Aufmerksamkeit gewidmet werden, und bei der Massenproduktion von Elektronikgeh\u00e4usen hat das Werkzeugdesign oberste Priorit\u00e4t.<\/p>\n<p>&nbsp;<\/p>\n<p><img loading=\"lazy\" decoding=\"async\" class=\"alignnone size-full wp-image-1349\" src=\"http:\/\/mnwell.com\/wp-content\/uploads\/2023\/06\/\u5de5\u51771-e1685782865734.jpg\" alt=\"\" width=\"603\" height=\"171\" srcset=\"https:\/\/mnwell.com\/wp-content\/uploads\/2023\/06\/\u5de5\u51771-e1685782865734.jpg 603w, https:\/\/mnwell.com\/wp-content\/uploads\/2023\/06\/\u5de5\u51771-e1685782865734-600x170.jpg 600w\" sizes=\"(max-width: 603px) 100vw, 603px\" \/><\/p>\n<p>&nbsp;<\/p>\n<h3>Verarbeitungstechnik<\/h3>\n<p>Die Herstellung von Elektronik- und Elektrogeh\u00e4usen erfolgt in der Regel im Spritzgussverfahren, einer weit verbreiteten und effizienten Methode zur Herstellung von Kunststoffteilen.<\/p>\n<ol>\n<li>Beim Spritzgie\u00dfen m\u00fcssen Parameter wie die Temperatur der Materialaufl\u00f6sung, der Einspritzdruck und die Einspritzgeschwindigkeit kontrolliert werden, um die Qualit\u00e4t und Genauigkeit der Schale zu gew\u00e4hrleisten.<\/li>\n<li>Das Spritzgie\u00dfverfahren umfasst mehrere Schritte, darunter das Spritzgie\u00dfen, das Abk\u00fchlen und die Entformung. Beim Spritzgie\u00dfen wird das Kunststoffmaterial erhitzt und in die Form gespritzt, und anschlie\u00dfend verfestigt sich der Kunststoff in der Abk\u00fchlphase. Dieser Prozess erfordert eine strenge Kontrolle jedes einzelnen Schritts und eine genaue \u00dcberwachung des Fortschritts.<\/li>\n<li>Nach dem Spritzgussverfahren ist eine Oberfl\u00e4chenbehandlung erforderlich. Diese kann Spr\u00fchen, Galvanisieren, Siebdruck, Laminieren und andere Verfahren umfassen, um die Oberfl\u00e4chenbeschaffenheit, Ebenheit und Haltbarkeit der Schale zu verbessern. Diese Oberfl\u00e4chenbehandlungsverfahren verbessern nicht nur das Aussehen, sondern erh\u00f6hen auch die Korrosions- und Verschlei\u00dffestigkeit des Produkts.<\/li>\n<\/ol>\n<p>Im Allgemeinen ist die Herstellung von Elektronik- und Elektrogeh\u00e4usen ein komplexer Prozess, der mehrere Schritte und eine Kontrolle der Parameter erfordert. Die endg\u00fcltige Qualit\u00e4t und Leistung des Geh\u00e4uses h\u00e4ngt auch von der genauen Kontrolle des Bearbeitungsprozesses und der Oberfl\u00e4chenbehandlung ab. Durch eine angemessene Prozess- und Qualit\u00e4tskontrolle ist es m\u00f6glich, die Produktion von qualitativ hochwertigen Elektronik- und Elektrogeh\u00e4usen zu gew\u00e4hrleisten, um die kundenspezifischen Anforderungen an ma\u00dfgeschneiderte elektronische Kunststoffgeh\u00e4use zu erf\u00fcllen.<\/p>\n<p><img loading=\"lazy\" decoding=\"async\" class=\"alignnone size-full wp-image-3133\" src=\"http:\/\/mnwell.com\/wp-content\/uploads\/2023\/09\/electronics-injection-molding.jpg\" alt=\"\" width=\"800\" height=\"800\" srcset=\"https:\/\/mnwell.com\/wp-content\/uploads\/2023\/09\/electronics-injection-molding.jpg 800w, https:\/\/mnwell.com\/wp-content\/uploads\/2023\/09\/electronics-injection-molding-150x150.jpg 150w, https:\/\/mnwell.com\/wp-content\/uploads\/2023\/09\/electronics-injection-molding-768x768.jpg 768w, https:\/\/mnwell.com\/wp-content\/uploads\/2023\/09\/electronics-injection-molding-300x300.jpg 300w, https:\/\/mnwell.com\/wp-content\/uploads\/2023\/09\/electronics-injection-molding-600x600.jpg 600w, https:\/\/mnwell.com\/wp-content\/uploads\/2023\/09\/electronics-injection-molding-100x100.jpg 100w\" sizes=\"(max-width: 800px) 100vw, 800px\" \/><\/p>\n<h3>Anwendungen von elektronischen und elektrischen Geh\u00e4usen<\/h3>\n<p>Kunststoffgeh\u00e4use werden auch h\u00e4ufig in elektronischen Ger\u00e4ten verwendet, vor allem in den folgenden Branchen:<br \/>\nHandys und Tablets:<\/p>\n<ul>\n<li>TV und Fernbedienung<\/li>\n<li>Redner und Rednerinnen<\/li>\n<li>Elektronische Spielkonsolen und Steuerger\u00e4te<\/li>\n<li>Haushaltsger\u00e4te<\/li>\n<li>medizinische Ausr\u00fcstung<\/li>\n<li>PCB-Panel<\/li>\n<li>Industrieanlagen<\/li>\n<\/ul>\n<p>Dar\u00fcber hinaus gibt es viele Elektronik- und Elektrogeh\u00e4use, die im Kunststoffspritzgussverfahren hergestellt werden. Kunststoffgeh\u00e4use f\u00fcr elektronische und elektrische Ger\u00e4te spielen eine Schl\u00fcsselrolle in vielen elektronischen Ger\u00e4ten. Sie haben nicht nur die Funktion, interne Schaltkreise und Komponenten zu sch\u00fctzen, sondern auch Aussehen, Textur und Design zu vermitteln.<\/p>\n<p>Kunststoffgeh\u00e4use f\u00fcr elektronische Produkte sind eines der am h\u00e4ufigsten im Spritzgussverfahren hergestellten Produkte, da die Verwendung von Kunststoffgeh\u00e4usen in elektronischen Ger\u00e4ten sehr verbreitet ist. Wir verf\u00fcgen \u00fcber mehr als zehn Jahre Produktions- und Verarbeitungserfahrung in diesem Bereich und sind in der Lage, alle Ihre individuellen Anforderungen zu erf\u00fcllen. Wir bieten ma\u00dfgeschneiderte Dienstleistungen in den Bereichen Produktdesign, Formenbau und Massenproduktion, Oberfl\u00e4chenbehandlung, Montage und Verpackung aus einer Hand an.<\/p>\n<p><img loading=\"lazy\" decoding=\"async\" class=\"alignnone size-full wp-image-3113\" src=\"http:\/\/mnwell.com\/wp-content\/uploads\/2023\/09\/office.webp\" alt=\"Injection mold structure design\" width=\"750\" height=\"500\" srcset=\"https:\/\/mnwell.com\/wp-content\/uploads\/2023\/09\/office.webp 750w, https:\/\/mnwell.com\/wp-content\/uploads\/2023\/09\/office-600x400.webp 600w\" sizes=\"(max-width: 750px) 100vw, 750px\" \/><\/p>","protected":false},"excerpt":{"rendered":"<p>Das Spritzgie\u00dfen ist die g\u00e4ngigste Verarbeitungsmethode bei der Herstellung von Kunststoffgeh\u00e4usen f\u00fcr elektronische Produkte. Es hat die Vorteile einer hohen Effizienz, einer hohen Pr\u00e4zision und eines hohen Automatisierungsgrads. Es erm\u00f6glicht die Herstellung von Komponenten mit komplexen Formen, die Vermeidung von Fehlern und Verschwendung durch menschliche Faktoren und die Senkung der Produktionskosten.<br \/>\nBei der Herstellung von Kunststoffen f\u00fcr Elektronikgeh\u00e4use ber\u00fccksichtigen wir die spezifischen Anforderungen an Form, Gr\u00f6\u00dfe und Materialeigenschaften des zu verwendenden Geh\u00e4uses und w\u00e4hlen geeignete Materialien wie ABS, PC, PP usw. aus, um die Leistung und Qualit\u00e4t des Produkts zu gew\u00e4hrleisten. Gleichzeitig f\u00fchrt Mindwell w\u00e4hrend des Produktionsprozesses strenge Qualit\u00e4tskontrollen durch, um sicherzustellen, dass die hergestellten Geh\u00e4use den einschl\u00e4gigen Normen und Anforderungen entsprechen, damit die Sicherheit und Stabilit\u00e4t der elektronischen und elektrischen Produkte gew\u00e4hrleistet werden kann.<\/p>","protected":false},"featured_media":3132,"template":"","meta":{"om_disable_all_campaigns":false,"_monsterinsights_skip_tracking":false,"_monsterinsights_sitenote_active":false,"_monsterinsights_sitenote_note":"","_monsterinsights_sitenote_category":0,"_uf_show_specific_survey":0,"_uf_disable_surveys":false,"site-sidebar-layout":"default","site-content-layout":"default","ast-global-header-display":"","ast-banner-title-visibility":"","ast-main-header-display":"","ast-hfb-above-header-display":"","ast-hfb-below-header-display":"","ast-hfb-mobile-header-display":"","site-post-title":"","ast-breadcrumbs-content":"","ast-featured-img":"","footer-sml-layout":"","theme-transparent-header-meta":"default","adv-header-id-meta":"","stick-header-meta":"","header-above-stick-meta":"","header-main-stick-meta":"","header-below-stick-meta":""},"product_cat":[19],"product_tag":[235,233,232,234,231,230,229],"aioseo_notices":[],"_links":{"self":[{"href":"https:\/\/mnwell.com\/de\/wp-json\/wp\/v2\/product\/3131"}],"collection":[{"href":"https:\/\/mnwell.com\/de\/wp-json\/wp\/v2\/product"}],"about":[{"href":"https:\/\/mnwell.com\/de\/wp-json\/wp\/v2\/types\/product"}],"wp:featuredmedia":[{"embeddable":true,"href":"https:\/\/mnwell.com\/de\/wp-json\/wp\/v2\/media\/3132"}],"wp:attachment":[{"href":"https:\/\/mnwell.com\/de\/wp-json\/wp\/v2\/media?parent=3131"}],"wp:term":[{"taxonomy":"product_cat","embeddable":true,"href":"https:\/\/mnwell.com\/de\/wp-json\/wp\/v2\/product_cat?post=3131"},{"taxonomy":"product_tag","embeddable":true,"href":"https:\/\/mnwell.com\/de\/wp-json\/wp\/v2\/product_tag?post=3131"}],"curies":[{"name":"wp","href":"https:\/\/api.w.org\/{rel}","templated":true}]}}