{"id":3835,"date":"2023-12-19T16:08:29","date_gmt":"2023-12-19T15:08:29","guid":{"rendered":"https:\/\/mnwell.com\/?post_type=product&#038;p=3835"},"modified":"2023-12-19T16:08:37","modified_gmt":"2023-12-19T15:08:37","slug":"aluminum-pressure-die-casting-products","status":"publish","type":"product","link":"https:\/\/mnwell.com\/de\/produkt\/aluminum-pressure-die-casting-products\/","title":{"rendered":"Aluminium-Druckguss-Produkte"},"content":{"rendered":"<p>Aluminiumdruckguss ist ein hocheffizientes und kosteng\u00fcnstiges Fertigungsverfahren, mit dem hochwertige, komplizierte und langlebige Metallteile hergestellt werden. Bei diesem Verfahren wird geschmolzenes Aluminium unter hohem Druck in eine Stahlform oder -matrize gespritzt. Das geschmolzene Metall erstarrt schnell und nimmt die Form der Gussform an, was zur Herstellung komplexer und pr\u00e4ziser Aluminiumteile f\u00fchrt.<\/p>\n<p>Wir bei Mindwell haben uns auf die Herstellung einer breiten Palette von Aluminium-Druckgussprodukten spezialisiert. Unsere Produkte sind bekannt f\u00fcr ihre au\u00dfergew\u00f6hnliche Festigkeit, hervorragende Verarbeitung und exzellente Ma\u00dfhaltigkeit. Mit unseren hochmodernen Anlagen und unserem hochqualifizierten Team sind wir in der Lage, komplexe und komplizierte Teile herzustellen, die den h\u00f6chsten Industriestandards entsprechen.<\/p>\n<p><img loading=\"lazy\" decoding=\"async\" class=\"alignnone wp-image-3836\" src=\"http:\/\/mnwell.com\/wp-content\/uploads\/2023\/12\/DJI_0336.jpg\" alt=\"Aluminum Pressure Die Casting Products\" width=\"500\" height=\"500\" srcset=\"https:\/\/mnwell.com\/wp-content\/uploads\/2023\/12\/DJI_0336.jpg 800w, https:\/\/mnwell.com\/wp-content\/uploads\/2023\/12\/DJI_0336-150x150.jpg 150w, https:\/\/mnwell.com\/wp-content\/uploads\/2023\/12\/DJI_0336-768x768.jpg 768w, https:\/\/mnwell.com\/wp-content\/uploads\/2023\/12\/DJI_0336-12x12.jpg 12w, https:\/\/mnwell.com\/wp-content\/uploads\/2023\/12\/DJI_0336-300x300.jpg 300w, https:\/\/mnwell.com\/wp-content\/uploads\/2023\/12\/DJI_0336-600x600.jpg 600w, https:\/\/mnwell.com\/wp-content\/uploads\/2023\/12\/DJI_0336-100x100.jpg 100w\" sizes=\"(max-width: 500px) 100vw, 500px\" \/><\/p>\n<h2>Vorteile von Aluminium-Druckgussprodukten<\/h2>\n<p>Der Aluminiumdruckguss bietet mehrere Vorteile gegen\u00fcber anderen Herstellungsverfahren:<\/p>\n<ul>\n<li><strong>Leicht und stark:<\/strong> Aluminium ist ein leichtes Metall, das ein ausgezeichnetes Verh\u00e4ltnis von Festigkeit zu Gewicht bietet. Dies macht es zu einer idealen Wahl f\u00fcr Anwendungen, bei denen eine Gewichtsreduzierung entscheidend ist, ohne dass die Festigkeit darunter leidet.<\/li>\n<li><strong>Komplexe Geometrien:<\/strong> Das Druckgussverfahren erm\u00f6glicht die Herstellung von Teilen mit komplizierten und komplexen Formen, die mit anderen Fertigungsmethoden nur schwer zu erreichen sind.<\/li>\n<li><strong>Hochdimensionale Genauigkeit:<\/strong> Die Verwendung von Pr\u00e4zisionsstahlformen gew\u00e4hrleistet, dass die Endprodukte eine hervorragende Ma\u00dfgenauigkeit und Konsistenz aufweisen.<\/li>\n<li><strong>Kosteng\u00fcnstig:<\/strong> Aluminiumdruckguss ist aufgrund seiner hohen Produktionsraten, des minimalen Materialverlusts und der geringen Arbeitskosten ein kosteneffizientes Herstellungsverfahren.<\/li>\n<li><strong>Ausgezeichnete Oberfl\u00e4cheng\u00fcte:<\/strong> Im Druckgussverfahren werden Teile mit einer glatten Oberfl\u00e4che hergestellt, so dass keine zus\u00e4tzlichen Bearbeitungs- oder Nachbearbeitungsschritte erforderlich sind.<\/li>\n<\/ul>\n<h2>Anpassungsdienste f\u00fcr Aluminium-Druckgussprodukte<\/h2>\n<p>Wir bei Mindwell wissen, dass jedes Projekt einzigartige Anforderungen hat. Deshalb bieten wir umfassende Anpassungsleistungen f\u00fcr unsere Aluminium-Druckgussprodukte an. Unser Team aus erfahrenen Ingenieuren und Designern arbeitet eng mit unseren Kunden zusammen, um ihre spezifischen Bed\u00fcrfnisse zu verstehen und ma\u00dfgeschneiderte L\u00f6sungen anzubieten.<\/p>\n<p>Unsere Anpassungsdienste umfassen:<\/p>\n<ul>\n<li><strong>Unterst\u00fctzung bei der Gestaltung:<\/strong> Unser Expertenteam kann Sie bei der Optimierung Ihres Produktdesigns f\u00fcr das Druckgussverfahren unterst\u00fctzen. Wir k\u00f6nnen Ihnen wertvolle Einblicke und Empfehlungen geben, um die Herstellbarkeit zu verbessern, die Kosten zu senken und die Produktleistung zu erh\u00f6hen.<\/li>\n<li><strong>Auswahl der Materialien:<\/strong> Wir bieten eine breite Palette von Aluminiumlegierungen mit unterschiedlichen mechanischen Eigenschaften an, um Ihre spezifischen Anforderungen zu erf\u00fcllen. Unsere Experten k\u00f6nnen Ihnen bei der Auswahl der am besten geeigneten Legierung helfen, die ein ausgewogenes Verh\u00e4ltnis zwischen Festigkeit, Gewicht und Kosten bietet.<\/li>\n<li><strong>Oberfl\u00e4chenveredelung:<\/strong> Wir bieten verschiedene M\u00f6glichkeiten der Oberfl\u00e4chenveredelung, einschlie\u00dflich Pulverbeschichtung, Eloxieren und Polieren, um das Aussehen und die Korrosionsbest\u00e4ndigkeit Ihrer Druckgussprodukte zu verbessern.<\/li>\n<li><strong>Sekund\u00e4re Operationen:<\/strong> Neben dem Druckguss bieten wir auch sekund\u00e4re Bearbeitungen wie CNC-Bearbeitung, Bohren, Gewindeschneiden und Montage an, um fertige und gebrauchsfertige Produkte zu liefern.<\/li>\n<li><strong>Qualit\u00e4tssicherung:<\/strong> Wir verf\u00fcgen \u00fcber strenge Qualit\u00e4tskontrollma\u00dfnahmen, die sicherstellen, dass jedes Produkt den h\u00f6chsten Standards entspricht. Unser Team f\u00fchrt in jeder Phase des Herstellungsprozesses gr\u00fcndliche Inspektionen und Tests durch, um die Qualit\u00e4t und Zuverl\u00e4ssigkeit unserer Produkte zu gew\u00e4hrleisten.<\/li>\n<\/ul>\n<h2>Anwendungen von Aluminium-Druckgussprodukten<\/h2>\n<p>Aluminium-Druckgussprodukte finden in verschiedenen Branchen Anwendung, darunter:<\/p>\n<ul>\n<li>Automobilindustrie<\/li>\n<li>Luft- und Raumfahrt<\/li>\n<li>Elektronik<\/li>\n<li>Ger\u00e4te<\/li>\n<li>Telekommunikation<\/li>\n<li>Industrielle Maschinen<\/li>\n<\/ul>\n<p>Diese Produkte werden in einer Vielzahl von Anwendungen eingesetzt, z. B. in Motorkomponenten, Getriebegeh\u00e4usen und elektrischen Steckern, <a href=\"https:\/\/mnwell.com\/de\/heat-sink\/\">W\u00e4rmesenken<\/a>und viele mehr.<\/p>\n<h2>Schlussfolgerung<\/h2>\n<p>Mindwell ist ein zuverl\u00e4ssiger Anbieter von hochwertigen Aluminium-Druckgussprodukten und kundenspezifischen Dienstleistungen. Mit unserem Fachwissen und unserem Engagement f\u00fcr Spitzenleistungen k\u00f6nnen wir Ihre spezifischen Anforderungen erf\u00fcllen und hervorragende Produkte liefern, die den h\u00f6chsten Industriestandards entsprechen. Setzen Sie sich noch heute mit uns in Verbindung, um Ihr Projekt zu besprechen und herauszufinden, wie Ihr Unternehmen von unseren Aluminium-Druckgussl\u00f6sungen profitieren kann.<\/p>\n<p><img loading=\"lazy\" decoding=\"async\" class=\"alignnone size-full wp-image-3791\" src=\"http:\/\/mnwell.com\/wp-content\/uploads\/2023\/12\/AYU9598.webp\" alt=\"die casting manufacturers\" width=\"750\" height=\"500\" srcset=\"https:\/\/mnwell.com\/wp-content\/uploads\/2023\/12\/AYU9598.webp 750w, https:\/\/mnwell.com\/wp-content\/uploads\/2023\/12\/AYU9598-18x12.webp 18w, https:\/\/mnwell.com\/wp-content\/uploads\/2023\/12\/AYU9598-600x400.webp 600w\" sizes=\"(max-width: 750px) 100vw, 750px\" \/><\/p>","protected":false},"excerpt":{"rendered":"<p>Druckguss ist ein kosteng\u00fcnstiges und effizientes Herstellungsverfahren, mit dem hochwertige, komplizierte und langlebige Metallteile hergestellt werden. Dabei wird geschmolzenes Aluminium unter hohem Druck in eine Stahlform oder ein Werkzeug gespritzt, wodurch komplexe und pr\u00e4zise Komponenten entstehen. Mindwell, ein spezialisierter Anbieter von Aluminium-Druckgussprodukten, bietet kundenspezifische Dienstleistungen an, um einzigartige Projektanforderungen zu erf\u00fcllen.<\/p>\n<p>Dienstleistungen: Unterst\u00fctzung bei der Planung, Materialauswahl, Oberfl\u00e4chenbehandlung, Nachbearbeitung und Qualit\u00e4tssicherung.<br \/>\nAnwendungen: Automobilindustrie, Luft- und Raumfahrt, Elektronik, Telekommunikation und Industriemaschinen.<br \/>\nAusf\u00fchrung: Beschichtung, Lackierung, Pulverbeschichtung<br \/>\nZerspanung\uff1aCNC<br \/>\nTechnologie\uff1aDruckguss<br \/>\nNorm: ASTM, AISI &amp; DIN<br \/>\nOEM\uff1aVerf\u00fcgbar<br \/>\nAbmessungen\uff1aKundenindividuell<br \/>\nVerpackungsdetails: Karton + Palette, Sperrholzkisten, oder andere Verpackungen nach Kundenwunsch<\/p>","protected":false},"featured_media":3836,"template":"","meta":{"om_disable_all_campaigns":false,"_monsterinsights_skip_tracking":false,"_monsterinsights_sitenote_active":false,"_monsterinsights_sitenote_note":"","_monsterinsights_sitenote_category":0,"_uf_show_specific_survey":0,"_uf_disable_surveys":false,"site-sidebar-layout":"default","site-content-layout":"default","ast-global-header-display":"","ast-banner-title-visibility":"","ast-main-header-display":"","ast-hfb-above-header-display":"","ast-hfb-below-header-display":"","ast-hfb-mobile-header-display":"","site-post-title":"","ast-breadcrumbs-content":"","ast-featured-img":"","footer-sml-layout":"","theme-transparent-header-meta":"default","adv-header-id-meta":"","stick-header-meta":"","header-above-stick-meta":"","header-main-stick-meta":"","header-below-stick-meta":""},"product_cat":[18],"product_tag":[451,450],"aioseo_notices":[],"_links":{"self":[{"href":"https:\/\/mnwell.com\/de\/wp-json\/wp\/v2\/product\/3835"}],"collection":[{"href":"https:\/\/mnwell.com\/de\/wp-json\/wp\/v2\/product"}],"about":[{"href":"https:\/\/mnwell.com\/de\/wp-json\/wp\/v2\/types\/product"}],"wp:featuredmedia":[{"embeddable":true,"href":"https:\/\/mnwell.com\/de\/wp-json\/wp\/v2\/media\/3836"}],"wp:attachment":[{"href":"https:\/\/mnwell.com\/de\/wp-json\/wp\/v2\/media?parent=3835"}],"wp:term":[{"taxonomy":"product_cat","embeddable":true,"href":"https:\/\/mnwell.com\/de\/wp-json\/wp\/v2\/product_cat?post=3835"},{"taxonomy":"product_tag","embeddable":true,"href":"https:\/\/mnwell.com\/de\/wp-json\/wp\/v2\/product_tag?post=3835"}],"curies":[{"name":"wp","href":"https:\/\/api.w.org\/{rel}","templated":true}]}}