{"id":4025,"date":"2024-01-29T14:20:15","date_gmt":"2024-01-29T13:20:15","guid":{"rendered":"https:\/\/mnwell.com\/?post_type=product&#038;p=4025"},"modified":"2024-01-29T14:20:30","modified_gmt":"2024-01-29T13:20:30","slug":"aluminum-die-cast-motor-housing","status":"publish","type":"product","link":"https:\/\/mnwell.com\/de\/produkt\/aluminum-die-cast-motor-housing\/","title":{"rendered":"Motorgeh\u00e4use aus Aluminium-Druckgu\u00df"},"content":{"rendered":"<p>Das Motorgeh\u00e4use aus Aluminiumdruckguss ist eine entscheidende Komponente in verschiedenen industriellen und kommerziellen Anwendungen. Sein hervorragender Schutz und Halt f\u00fcr Elektromotoren gew\u00e4hrleistet deren Lebensdauer und maximale Leistung. F\u00fcr die Konstruktion dieses Motorgeh\u00e4uses wird eine hochwertige Aluminiumlegierung verwendet, die hervorragende Festigkeit, Haltbarkeit und W\u00e4rmeableitungseigenschaften bietet.<\/p>\n<p><img loading=\"lazy\" decoding=\"async\" class=\"alignnone wp-image-4026 size-full\" src=\"http:\/\/mnwell.com\/wp-content\/uploads\/2024\/01\/IMG_20231021_121126_1-1.jpg\" alt=\"Aluminum Die-Cast Motor Housing\" width=\"800\" height=\"800\" srcset=\"https:\/\/mnwell.com\/wp-content\/uploads\/2024\/01\/IMG_20231021_121126_1-1.jpg 800w, https:\/\/mnwell.com\/wp-content\/uploads\/2024\/01\/IMG_20231021_121126_1-1-150x150.jpg 150w, https:\/\/mnwell.com\/wp-content\/uploads\/2024\/01\/IMG_20231021_121126_1-1-768x768.jpg 768w, https:\/\/mnwell.com\/wp-content\/uploads\/2024\/01\/IMG_20231021_121126_1-1-12x12.jpg 12w, https:\/\/mnwell.com\/wp-content\/uploads\/2024\/01\/IMG_20231021_121126_1-1-300x300.jpg 300w, https:\/\/mnwell.com\/wp-content\/uploads\/2024\/01\/IMG_20231021_121126_1-1-600x600.jpg 600w, https:\/\/mnwell.com\/wp-content\/uploads\/2024\/01\/IMG_20231021_121126_1-1-100x100.jpg 100w\" sizes=\"(max-width: 800px) 100vw, 800px\" \/> <img loading=\"lazy\" decoding=\"async\" class=\"alignnone size-medium wp-image-4027\" src=\"http:\/\/mnwell.com\/wp-content\/uploads\/2024\/01\/IMG_20231021_120937.jpg\" alt=\"\" width=\"800\" height=\"800\" srcset=\"https:\/\/mnwell.com\/wp-content\/uploads\/2024\/01\/IMG_20231021_120937.jpg 800w, https:\/\/mnwell.com\/wp-content\/uploads\/2024\/01\/IMG_20231021_120937-150x150.jpg 150w, https:\/\/mnwell.com\/wp-content\/uploads\/2024\/01\/IMG_20231021_120937-768x768.jpg 768w, https:\/\/mnwell.com\/wp-content\/uploads\/2024\/01\/IMG_20231021_120937-12x12.jpg 12w, https:\/\/mnwell.com\/wp-content\/uploads\/2024\/01\/IMG_20231021_120937-300x300.jpg 300w, https:\/\/mnwell.com\/wp-content\/uploads\/2024\/01\/IMG_20231021_120937-600x600.jpg 600w, https:\/\/mnwell.com\/wp-content\/uploads\/2024\/01\/IMG_20231021_120937-100x100.jpg 100w\" sizes=\"(max-width: 800px) 100vw, 800px\" \/><\/p>\n<h3>Eigenschaften<\/h3>\n<ul>\n<li>Robuste Konstruktion: Das Motorgeh\u00e4use besteht aus einer Aluminiumlegierung, die f\u00fcr ihre au\u00dfergew\u00f6hnliche Haltbarkeit und Korrosionsbest\u00e4ndigkeit bekannt ist. Dies garantiert die F\u00e4higkeit des Geh\u00e4uses, schwierigen Arbeitsbedingungen standzuhalten und bietet dem Motor zuverl\u00e4ssigen Schutz.<\/li>\n<li>W\u00e4rmeableitung: Das Motorgeh\u00e4use kann die w\u00e4hrend des Motorbetriebs entstehende W\u00e4rme effektiv ableiten, da Aluminium ein guter W\u00e4rmeleiter ist. Dies garantiert Spitzenleistung und Zuverl\u00e4ssigkeit und tr\u00e4gt zur Vermeidung von \u00dcberhitzung bei.<\/li>\n<li>Geringes Gewicht: Aluminium ist ein leichtes Material mit hoher Festigkeit im Vergleich zu anderen Materialien. Dies senkt das Gesamtgewicht der Motorbaugruppe und macht das Motorgeh\u00e4use bei der Installation und Wartung einfacher zu handhaben.<\/li>\n<li>Hervorragende elektrische Leitf\u00e4higkeit: Die interne elektrische Energie\u00fcbertragung des Motors wird durch die hervorragende elektrische Leitf\u00e4higkeit von Aluminium erm\u00f6glicht. Dies f\u00f6rdert einen effizienten Betrieb und reduziert Energieverluste.<\/li>\n<li>Schutz: Das Motorgeh\u00e4use bietet eine Umh\u00fcllung, die die inneren Teile des Motors vor Verunreinigungen wie Feuchtigkeit und Staub sch\u00fctzt, die sie besch\u00e4digen oder ihre Funktion beeintr\u00e4chtigen k\u00f6nnten.<\/li>\n<li>Einfache Anpassung: Komplexe Formen und Muster k\u00f6nnen im Aluminiumdruckgussverfahren hergestellt werden, was die Anpassung des Motorgeh\u00e4uses an besondere Anforderungen erleichtert. Dazu geh\u00f6ren Zubeh\u00f6rteile wie Montagehalterungen, K\u00fchlrippen und zus\u00e4tzliche Bel\u00fcftungs- oder Kabel\u00f6ffnungen.<\/li>\n<\/ul>\n<p><img loading=\"lazy\" decoding=\"async\" class=\"alignnone wp-image-4028 size-full\" src=\"http:\/\/mnwell.com\/wp-content\/uploads\/2024\/01\/IMG_20231021_121106.jpg\" alt=\"Aluminum Die-Cast Motor Housing-2\" width=\"800\" height=\"800\" srcset=\"https:\/\/mnwell.com\/wp-content\/uploads\/2024\/01\/IMG_20231021_121106.jpg 800w, https:\/\/mnwell.com\/wp-content\/uploads\/2024\/01\/IMG_20231021_121106-150x150.jpg 150w, https:\/\/mnwell.com\/wp-content\/uploads\/2024\/01\/IMG_20231021_121106-768x768.jpg 768w, https:\/\/mnwell.com\/wp-content\/uploads\/2024\/01\/IMG_20231021_121106-12x12.jpg 12w, https:\/\/mnwell.com\/wp-content\/uploads\/2024\/01\/IMG_20231021_121106-300x300.jpg 300w, https:\/\/mnwell.com\/wp-content\/uploads\/2024\/01\/IMG_20231021_121106-600x600.jpg 600w, https:\/\/mnwell.com\/wp-content\/uploads\/2024\/01\/IMG_20231021_121106-100x100.jpg 100w\" sizes=\"(max-width: 800px) 100vw, 800px\" \/><\/p>\n<h3>Anwendungen<\/h3>\n<p>Zahlreiche Branchen und Anwendungen nutzen das Aluminium-Druckguss-Motorgeh\u00e4use in gro\u00dfem Umfang, darunter:<\/p>\n<ol>\n<li>Industriegetriebe<\/li>\n<li>Elektrowerkzeuge f\u00fcr Autos<\/li>\n<li>HVAC-Systeme stehen f\u00fcr Heizung, L\u00fcftung und Klimatisierung.<\/li>\n<li>Kompressoren und Pumpen<\/li>\n<li>Elektrische K\u00fcchenger\u00e4te<\/li>\n<li>Vorteile von Aluminium-Druckguss-Motorgeh\u00e4usen f\u00fcr die Robotik<\/li>\n<\/ol>\n<h4>Die Wahl eines Motorgeh\u00e4uses aus Aluminiumdruckguss bietet mehrere Vorteile:<\/h4>\n<ul>\n<li>Kosteng\u00fcnstig: Die Herstellung von hochwertigen Motorgeh\u00e4usen zu vern\u00fcnftigen Preisen wird durch die Wirtschaftlichkeit des Aluminium-Druckgusses erm\u00f6glicht.<\/li>\n<li>Hohe Pr\u00e4zision: Durch das Druckgussverfahren werden Motorgeh\u00e4use hergestellt, die genau passen und die Motorleistung insgesamt verbessern, indem sie konstante und genaue Abmessungen gew\u00e4hrleisten.<\/li>\n<li>Verbesserte \u00c4sthetik: Um ihr Aussehen zu verbessern und einen besseren Korrosionsschutz zu bieten, k\u00f6nnen Aluminium-Motorgeh\u00e4use mit verschiedenen Oberfl\u00e4chenbehandlungen versehen werden, z. B. durch Lackieren, Eloxieren oder Pulverbeschichten.<\/li>\n<li>Umweltfreundlich: Da Aluminium recycelt werden kann, ist es ein nachhaltiges Material f\u00fcr Motorgeh\u00e4use. Es kann recycelt und eingeschmolzen werden, um Abfall und Ressourcenverbrauch zu reduzieren.<\/li>\n<\/ul>\n<h3><img loading=\"lazy\" decoding=\"async\" class=\"alignnone wp-image-4029 size-full\" src=\"http:\/\/mnwell.com\/wp-content\/uploads\/2024\/01\/IMG_20231021_120955.jpg\" alt=\"Aluminum Die-Cast Motor Housing-3\" width=\"800\" height=\"800\" srcset=\"https:\/\/mnwell.com\/wp-content\/uploads\/2024\/01\/IMG_20231021_120955.jpg 800w, https:\/\/mnwell.com\/wp-content\/uploads\/2024\/01\/IMG_20231021_120955-150x150.jpg 150w, https:\/\/mnwell.com\/wp-content\/uploads\/2024\/01\/IMG_20231021_120955-768x768.jpg 768w, https:\/\/mnwell.com\/wp-content\/uploads\/2024\/01\/IMG_20231021_120955-12x12.jpg 12w, https:\/\/mnwell.com\/wp-content\/uploads\/2024\/01\/IMG_20231021_120955-300x300.jpg 300w, https:\/\/mnwell.com\/wp-content\/uploads\/2024\/01\/IMG_20231021_120955-600x600.jpg 600w, https:\/\/mnwell.com\/wp-content\/uploads\/2024\/01\/IMG_20231021_120955-100x100.jpg 100w\" sizes=\"(max-width: 800px) 100vw, 800px\" \/><\/h3>\n<h3>Warum mindwell w\u00e4hlen?<\/h3>\n<p>Eine Firma namens Mindwell ist auf die Herstellung von Motorgeh\u00e4usen aus Aluminiumdruckguss spezialisiert. Das Unternehmen hat es sich zur Aufgabe gemacht, die Anforderungen vieler Branchen zu erf\u00fcllen, indem es seinen Kunden hochwertige, kreativ gestaltete Motorgeh\u00e4use aus Aluminiumlegierungen anbietet. Mindwell, ein Vorreiter im Fertigungssektor, bietet seinen Kunden mit modernsten Produktionsmaschinen und hochqualifizierten technischen Teams eine umfassende Palette von Dienstleistungen.<\/p>\n<p>Das Unternehmen unterh\u00e4lt ein strenges Qualit\u00e4tskontrollsystem, um sicherzustellen, dass jedes Produkt den Anforderungen der Verbraucher und den Industriestandards entspricht. Das Produkt ist sehr stabil und korrosionsbest\u00e4ndig, da es im Aluminiumdruckgussverfahren hergestellt wird, das auch die pr\u00e4zise Fertigung komplizierter Formen und Merkmale erm\u00f6glicht. Das Ergebnis ist ein Motor mit besserer Leistung und Zuverl\u00e4ssigkeit.<\/p>\n<p>Mindwell hat sich der Innovation im Produktdesign verschrieben und arbeitet eng mit seinen Kunden zusammen, um deren Anforderungen zu verstehen und ma\u00dfgeschneiderte L\u00f6sungen anzubieten. Das Unternehmen ist in der Lage, eine breite Palette von Kundenw\u00fcnschen zu erf\u00fcllen, sei es die Fertigung f\u00fcr unterschiedliche Gr\u00f6\u00dfen und Standards oder die ma\u00dfgeschneiderte Konstruktion f\u00fcr bestimmte Anwendungsbereiche.<\/p>\n<div class=\"ast-oembed-container\" style=\"height: 100%;\"><iframe loading=\"lazy\" title=\"Candy f\u00fchrt Sie durch Mindwell&#039;s Druckgie\u00dferei\" width=\"500\" height=\"281\" src=\"https:\/\/www.youtube.com\/embed\/EBMqzMlVq3M?feature=oembed\" frameborder=\"0\" allow=\"accelerometer; autoplay; clipboard-write; encrypted-media; gyroscope; picture-in-picture; web-share\" allowfullscreen><\/iframe><\/div>\n<h3>Schlussfolgerung<\/h3>\n<p>Elektromotoren k\u00f6nnen durch das Aluminium-Druckguss-Motorgeh\u00e4use zuverl\u00e4ssig und effektiv unterst\u00fctzt und gesch\u00fctzt werden. Es ist die perfekte Alternative f\u00fcr eine Vielzahl kommerzieller und industrieller Anwendungen, da es ein geringes Gewicht, eine au\u00dfergew\u00f6hnliche W\u00e4rmeableitung, eine robuste Konstruktion und anpassbare M\u00f6glichkeiten bietet. Das Motorgeh\u00e4use aus Aluminiumdruckguss ist aufgrund seiner hohen Genauigkeit, Erschwinglichkeit und Umweltfreundlichkeit eine hervorragende Option f\u00fcr Motorschutz und Leistung.<\/p>","protected":false},"excerpt":{"rendered":"<p>Aluminiumdruckguss ist eine wichtige Komponente in industriellen und kommerziellen Anwendungen und bietet robusten Schutz und Halt f\u00fcr Elektromotoren. Dieses leichte Motorgeh\u00e4use ist aus einer hochwertigen Aluminiumlegierung gefertigt und bietet au\u00dfergew\u00f6hnliche Festigkeit, Haltbarkeit und W\u00e4rmeableitung. Durch sein geringes Gewicht, seine hervorragende elektrische Leitf\u00e4higkeit und seine einfache Anpassung ist es leicht zu modifizieren und zu warten. Zu den Anwendungen geh\u00f6ren Industriegetriebe, Elektrowerkzeuge, HLK-Systeme, Kompressoren und elektrische K\u00fcchenger\u00e4te. Motorgeh\u00e4use aus Aluminiumdruckguss sind kosteng\u00fcnstig, hochpr\u00e4zise, \u00e4sthetisch ansprechend und umweltfreundlich. Mindwell, ein f\u00fchrender Hersteller, bietet ma\u00dfgeschneiderte L\u00f6sungen f\u00fcr verschiedene Anwendungen.<\/p>","protected":false},"featured_media":4026,"template":"","meta":{"om_disable_all_campaigns":false,"_monsterinsights_skip_tracking":false,"_monsterinsights_sitenote_active":false,"_monsterinsights_sitenote_note":"","_monsterinsights_sitenote_category":0,"_uf_show_specific_survey":0,"_uf_disable_surveys":false,"site-sidebar-layout":"default","site-content-layout":"default","ast-global-header-display":"","ast-banner-title-visibility":"","ast-main-header-display":"","ast-hfb-above-header-display":"","ast-hfb-below-header-display":"","ast-hfb-mobile-header-display":"","site-post-title":"","ast-breadcrumbs-content":"","ast-featured-img":"","footer-sml-layout":"","theme-transparent-header-meta":"default","adv-header-id-meta":"","stick-header-meta":"","header-above-stick-meta":"","header-main-stick-meta":"","header-below-stick-meta":""},"product_cat":[18],"product_tag":[],"aioseo_notices":[],"_links":{"self":[{"href":"https:\/\/mnwell.com\/de\/wp-json\/wp\/v2\/product\/4025"}],"collection":[{"href":"https:\/\/mnwell.com\/de\/wp-json\/wp\/v2\/product"}],"about":[{"href":"https:\/\/mnwell.com\/de\/wp-json\/wp\/v2\/types\/product"}],"wp:featuredmedia":[{"embeddable":true,"href":"https:\/\/mnwell.com\/de\/wp-json\/wp\/v2\/media\/4026"}],"wp:attachment":[{"href":"https:\/\/mnwell.com\/de\/wp-json\/wp\/v2\/media?parent=4025"}],"wp:term":[{"taxonomy":"product_cat","embeddable":true,"href":"https:\/\/mnwell.com\/de\/wp-json\/wp\/v2\/product_cat?post=4025"},{"taxonomy":"product_tag","embeddable":true,"href":"https:\/\/mnwell.com\/de\/wp-json\/wp\/v2\/product_tag?post=4025"}],"curies":[{"name":"wp","href":"https:\/\/api.w.org\/{rel}","templated":true}]}}