{"id":1940,"date":"2023-07-01T11:50:59","date_gmt":"2023-07-01T09:50:59","guid":{"rendered":"https:\/\/mnwell.com\/?post_type=product&#038;p=1940"},"modified":"2023-07-01T11:52:34","modified_gmt":"2023-07-01T09:52:34","slug":"die-cast-aluminum-heat-sink","status":"publish","type":"product","link":"https:\/\/mnwell.com\/es\/producto\/die-cast-aluminum-heat-sink\/","title":{"rendered":"disipador de calor de aluminio fundido a presi\u00f3n"},"content":{"rendered":"<p>Nuestra empresa tiene una gran experiencia en el dise\u00f1o y fabricaci\u00f3n de productos de aluminio fundido a presi\u00f3n. <a href=\"https:\/\/mnwell.com\/es\/heat-sink\/\">disipadores de calor<\/a>. Hemos proporcionado servicios personalizados de disipadores de calor de aluminio fundido a presi\u00f3n para muchos clientes de todo el mundo. Nos env\u00edan los planos de dise\u00f1o o muestras de disipadores de calor de aluminio que necesitan. Nuestros ingenieros cotizan r\u00e1pidamente y dan sugerencias razonables basadas en las caracter\u00edsticas de las piezas de aluminio. En la actualidad <a href=\"https:\/\/mnwell.com\/es\/what-is-aluminum-die-cast-housing\/\">aluminio fundido a presi\u00f3n<\/a> Los disipadores de calor exportados por nuestra empresa se utilizan en el control principal de autom\u00f3viles, equipos electr\u00f3nicos, ordenadores, sistemas de iluminaci\u00f3n LED y otras industrias.<\/p>\n<p><img loading=\"lazy\" decoding=\"async\" class=\"alignnone wp-image-1944\" src=\"http:\/\/mnwell.com\/wp-content\/uploads\/2023\/07\/AYU9498.jpg\" alt=\"die cast heat sink\" width=\"600\" height=\"600\" srcset=\"https:\/\/mnwell.com\/wp-content\/uploads\/2023\/07\/AYU9498.jpg 800w, https:\/\/mnwell.com\/wp-content\/uploads\/2023\/07\/AYU9498-150x150.jpg 150w, https:\/\/mnwell.com\/wp-content\/uploads\/2023\/07\/AYU9498-768x768.jpg 768w, https:\/\/mnwell.com\/wp-content\/uploads\/2023\/07\/AYU9498-300x300.jpg 300w, https:\/\/mnwell.com\/wp-content\/uploads\/2023\/07\/AYU9498-600x600.jpg 600w, https:\/\/mnwell.com\/wp-content\/uploads\/2023\/07\/AYU9498-100x100.jpg 100w\" sizes=\"(max-width: 600px) 100vw, 600px\" \/><\/p>\n<h3><\/h3>\n<h3>\u00bfPor qu\u00e9 los disipadores utilizan la tecnolog\u00eda de fundici\u00f3n a presi\u00f3n?<\/h3>\n<p>Debido a que el proceso de fundici\u00f3n a presi\u00f3n puede formar formas complejas y disipadores de calor, lo que aumenta el \u00e1rea de superficie para una mejor disipaci\u00f3n del calor. Si personaliza el disipador de calor de aluminio, tambi\u00e9n debe ser utilizado para equipos electr\u00f3nicos para disipar el calor generado por los componentes electr\u00f3nicos. O la transferencia de calor de otros equipos. En este momento, el proceso de fundici\u00f3n a presi\u00f3n puede producir piezas en forma de aleta, y se utilizan materiales de aluminio. Todos sabemos que el aluminio es uno de los materiales m\u00e1s adecuados para la fundici\u00f3n a presi\u00f3n. Junto con su peso ligero, resistencia a la corrosi\u00f3n y caracter\u00edsticas de r\u00e1pida disipaci\u00f3n del calor, proporciona una refrigeraci\u00f3n eficaz para los equipos electr\u00f3nicos, garantizando el mejor rendimiento y vida \u00fatil de las piezas generadoras de calor al evitar el sobrecalentamiento. Por lo tanto, le sugerimos que utilice el proceso de fundici\u00f3n a presi\u00f3n de aluminio para el disipador de calor que desea personalizar. Por supuesto, si tiene requisitos para otros materiales o procesos, tambi\u00e9n podemos satisfacer sus necesidades, porque somos un fabricante de piezas de hardware bajo demanda.<\/p>\n<p>&nbsp;<\/p>\n<h3>Por qu\u00e9 encontrar disipadores de calor de fundici\u00f3n de aluminio personalizados MindWell<\/h3>\n<p>&nbsp;<\/p>\n<ul>\n<li>Profesionalidad: MindWell es una empresa especializada en <a href=\"https:\/\/mnwell.com\/es\/custom-die-casting\/\">servicios personalizados de fundici\u00f3n de aluminio a presi\u00f3n<\/a>. Contamos con una rica experiencia y tecnolog\u00eda profesional. La empresa lleva m\u00e1s de diez a\u00f1os dedicada a la industria de la fundici\u00f3n a presi\u00f3n. Cuenta con m\u00faltiples m\u00e1quinas de fundici\u00f3n a presi\u00f3n y equipos de procesamiento secundario, que pueden proporcionarle productos y soluciones de fundici\u00f3n a presi\u00f3n de alta calidad.<\/li>\n<li>Requisitos de personalizaci\u00f3n: La aplicaci\u00f3n de los disipadores de calor sigue siendo muy amplia. Los requisitos de disipaci\u00f3n de calor de cada componente electr\u00f3nico de calefacci\u00f3n, incluyendo el tama\u00f1o y la forma, pueden ser diferentes, por lo que necesita ser personalizado de acuerdo a los requisitos espec\u00edficos. MindWell puede proporcionar este tipo de servicios personalizados, porque ya tenemos mucha experiencia de personalizaci\u00f3n de los clientes, por lo que podemos dise\u00f1ar y fabricar de acuerdo a las necesidades del cliente, y nuestra experiencia y tecnolog\u00eda madura puede garantizar el rendimiento y la idoneidad de los disipadores de calor Compatibilidad.<\/li>\n<li>Efecto de disipaci\u00f3n del calor: La calidad y el dise\u00f1o del disipador de calor afectan directamente al efecto de disipaci\u00f3n de calor del producto. Nuestros ingenieros tienen un plan perfecto para el principio y el dise\u00f1o del disipador de calor. Ya se han resuelto y optimizado varios problemas menores en la producci\u00f3n de clientes anteriores. En la actualidad, estamos muy familiarizados con el dise\u00f1o y la producci\u00f3n de disipadores de calor, y la eficacia es muy alta.<\/li>\n<li>Calidad y fiabilidad del producto: La experiencia es muy importante en la fundici\u00f3n a presi\u00f3n, porque el proceso de fundici\u00f3n a presi\u00f3n es un proceso de experimentaci\u00f3n y desarrollo continuos. MindWell comenz\u00f3 a prestar servicios de fundici\u00f3n a presi\u00f3n de aluminio a clientes de todo el mundo hace m\u00e1s de diez a\u00f1os. Entre ellos, el volumen de exportaci\u00f3n de disipadores de calor Tambi\u00e9n sigue avanzando. Porque nuestros clientes han estado haciendo pedidos con nosotros durante muchos a\u00f1os, y los moldes est\u00e1n todav\u00eda en nuestra f\u00e1brica, por la confianza, porque creemos que podemos proporcionar disipadores de calor de alta calidad. El hecho tambi\u00e9n es cierto, nunca hemos decepcionado a nuestros clientes, nuestra f\u00e1brica sigue proporcionando la tecnolog\u00eda de fundici\u00f3n a presi\u00f3n profesional y la introducci\u00f3n de equipos de fundici\u00f3n a presi\u00f3n de alto rendimiento, control de calidad y pruebas en la producci\u00f3n para garantizar la calidad y fiabilidad del producto, mejorar la vida \u00fatil del producto y el rendimiento para garantizar la calidad del producto.<\/li>\n<li>Control de costes: Desde el dise\u00f1o del equipo de ingenieros, a las ventas post-venta, al departamento de producci\u00f3n, y el departamento de control de calidad, ya tenemos un sistema de producci\u00f3n ajustada para evitar el desperdicio de costes no v\u00e1lidos, por lo que podemos minimizar el costo de producci\u00f3n, Y se puede personalizar de acuerdo a los requisitos del presupuesto del cliente para ayudar a los clientes a lograr un equilibrio entre el costo y el rendimiento y proporcionar la mejor soluci\u00f3n.<\/li>\n<\/ul>\n<p>En resumen, elegir MindWell disipador de calor de fundici\u00f3n a presi\u00f3n de aluminio personalizado puede satisfacer sus necesidades espec\u00edficas de disipaci\u00f3n de calor y obtener productos de alta calidad y fiables. Esperamos poder cooperar con usted.<\/p>\n<p><img loading=\"lazy\" decoding=\"async\" class=\"alignnone size-full wp-image-1945\" src=\"http:\/\/mnwell.com\/wp-content\/uploads\/2023\/07\/AYU9494.jpg\" alt=\"cast aluminum heat sink\" width=\"800\" height=\"800\" srcset=\"https:\/\/mnwell.com\/wp-content\/uploads\/2023\/07\/AYU9494.jpg 800w, https:\/\/mnwell.com\/wp-content\/uploads\/2023\/07\/AYU9494-150x150.jpg 150w, https:\/\/mnwell.com\/wp-content\/uploads\/2023\/07\/AYU9494-768x768.jpg 768w, https:\/\/mnwell.com\/wp-content\/uploads\/2023\/07\/AYU9494-300x300.jpg 300w, https:\/\/mnwell.com\/wp-content\/uploads\/2023\/07\/AYU9494-600x600.jpg 600w, https:\/\/mnwell.com\/wp-content\/uploads\/2023\/07\/AYU9494-100x100.jpg 100w\" sizes=\"(max-width: 800px) 100vw, 800px\" \/><\/p>\n<p>&nbsp;<\/p>","protected":false},"excerpt":{"rendered":"<p>Nuestra empresa cuenta con una amplia experiencia en el dise\u00f1o y fabricaci\u00f3n de disipadores de calor de aluminio fundido a presi\u00f3n. Hemos proporcionado servicios personalizados de disipadores de calor de aluminio fundido a presi\u00f3n para muchos clientes de todo el mundo. Ellos nos env\u00edan los dibujos de dise\u00f1o o muestras de disipadores de calor de aluminio que necesitan. Nuestros ingenieros cotizan r\u00e1pidamente y dan sugerencias razonables basadas en las caracter\u00edsticas de las piezas de aluminio. En la actualidad <a href=\"https:\/\/mnwell.com\/es\/what-is-aluminum-die-cast-housing\/\">aluminio fundido a presi\u00f3n<\/a> Los disipadores de calor exportados por nuestra empresa se utilizan en el control principal de autom\u00f3viles, equipos electr\u00f3nicos, ordenadores, sistemas de iluminaci\u00f3n LED y otras industrias.<\/p>","protected":false},"featured_media":1943,"template":"","meta":{"om_disable_all_campaigns":false,"_monsterinsights_skip_tracking":false,"_monsterinsights_sitenote_active":false,"_monsterinsights_sitenote_note":"","_monsterinsights_sitenote_category":0,"_uf_show_specific_survey":0,"_uf_disable_surveys":false,"site-sidebar-layout":"default","site-content-layout":"default","ast-global-header-display":"","ast-banner-title-visibility":"","ast-main-header-display":"","ast-hfb-above-header-display":"","ast-hfb-below-header-display":"","ast-hfb-mobile-header-display":"","site-post-title":"","ast-breadcrumbs-content":"","ast-featured-img":"","footer-sml-layout":"","theme-transparent-header-meta":"default","adv-header-id-meta":"","stick-header-meta":"","header-above-stick-meta":"","header-main-stick-meta":"","header-below-stick-meta":""},"product_cat":[18],"product_tag":[37,38],"aioseo_notices":[],"_links":{"self":[{"href":"https:\/\/mnwell.com\/es\/wp-json\/wp\/v2\/product\/1940"}],"collection":[{"href":"https:\/\/mnwell.com\/es\/wp-json\/wp\/v2\/product"}],"about":[{"href":"https:\/\/mnwell.com\/es\/wp-json\/wp\/v2\/types\/product"}],"wp:featuredmedia":[{"embeddable":true,"href":"https:\/\/mnwell.com\/es\/wp-json\/wp\/v2\/media\/1943"}],"wp:attachment":[{"href":"https:\/\/mnwell.com\/es\/wp-json\/wp\/v2\/media?parent=1940"}],"wp:term":[{"taxonomy":"product_cat","embeddable":true,"href":"https:\/\/mnwell.com\/es\/wp-json\/wp\/v2\/product_cat?post=1940"},{"taxonomy":"product_tag","embeddable":true,"href":"https:\/\/mnwell.com\/es\/wp-json\/wp\/v2\/product_tag?post=1940"}],"curies":[{"name":"wp","href":"https:\/\/api.w.org\/{rel}","templated":true}]}}