{"id":1965,"date":"2023-07-06T15:22:48","date_gmt":"2023-07-06T13:22:48","guid":{"rendered":"https:\/\/mnwell.com\/?post_type=product&#038;p=1965"},"modified":"2023-07-06T15:23:40","modified_gmt":"2023-07-06T13:23:40","slug":"die-cast-aluminum-enclosure","status":"publish","type":"product","link":"https:\/\/mnwell.com\/es\/producto\/die-cast-aluminum-enclosure\/","title":{"rendered":"caja de aluminio fundido a presi\u00f3n"},"content":{"rendered":"<p>Aclare sus necesidades y requisitos personalizados para las cajas de aluminio de fundici\u00f3n a presi\u00f3n, incluidos el tama\u00f1o de la caja, la forma, los requisitos funcionales y la instalaci\u00f3n de accesorios. Llevaremos a cabo una comunicaci\u00f3n t\u00e9cnica con usted, propondremos optimizaciones y sugerencias razonables, y garantizaremos la calidad y el rendimiento de la caja de aluminio.<\/p>\n<p>Usted puede proporcionar dibujos t\u00e9cnicos detallados o documentos de dise\u00f1o, y elegir el material de aleaci\u00f3n de aluminio adecuado y el proceso de fundici\u00f3n a presi\u00f3n de acuerdo con los requisitos de uso y rendimiento de la carcasa de aluminio. MindWell es un fabricante profesional de fundici\u00f3n a presi\u00f3n de aluminio con amplia experiencia en el campo de la fundici\u00f3n a presi\u00f3n de aluminio. Haremos muestras para verificaci\u00f3n y prueba, y se las enviaremos. Despu\u00e9s de la confirmaci\u00f3n, entraremos en la producci\u00f3n en masa. Durante este proceso, nos comunicamos con los clientes comunicaci\u00f3n en profundidad para entender las necesidades y requerimientos de los clientes, para asegurar que la c\u00e1scara de aluminio fundido a presi\u00f3n cumple con el uso del cliente y garantizar la calidad de la c\u00e1scara.<\/p>\n<p><img loading=\"lazy\" decoding=\"async\" class=\"alignnone size-full wp-image-1966\" src=\"http:\/\/mnwell.com\/wp-content\/uploads\/2023\/07\/AYU9524.jpg\" alt=\"die cast aluminum enclosure\" width=\"800\" height=\"800\" srcset=\"https:\/\/mnwell.com\/wp-content\/uploads\/2023\/07\/AYU9524.jpg 800w, https:\/\/mnwell.com\/wp-content\/uploads\/2023\/07\/AYU9524-150x150.jpg 150w, https:\/\/mnwell.com\/wp-content\/uploads\/2023\/07\/AYU9524-768x768.jpg 768w, https:\/\/mnwell.com\/wp-content\/uploads\/2023\/07\/AYU9524-300x300.jpg 300w, https:\/\/mnwell.com\/wp-content\/uploads\/2023\/07\/AYU9524-600x600.jpg 600w, https:\/\/mnwell.com\/wp-content\/uploads\/2023\/07\/AYU9524-100x100.jpg 100w\" sizes=\"(max-width: 800px) 100vw, 800px\" \/><\/p>\n<p>&nbsp;<\/p>\n<h3>Carcasa de aluminio fundido a medida<\/h3>\n<p>&nbsp;<\/p>\n<p>Puede proporcionarnos requisitos detallados y requisitos de dise\u00f1o, para que podamos hacer sugerencias y dise\u00f1os razonables de acuerdo con sus escenarios y objetivos de aplicaci\u00f3n. Los siguientes aspectos son los principales par\u00e1metros para la personalizaci\u00f3n:<\/p>\n<h4>1. tama\u00f1o<\/h4>\n<p>De acuerdo con el espacio de instalaci\u00f3n de la caja de aluminio, y los componentes internos, placas de circuitos, conectores u otros accesorios necesarios para acomodarla, podemos personalizar el tama\u00f1o de la caja de aluminio para que se ajuste al espacio de uso de la caja y cumpla con los requisitos de la aplicaci\u00f3n.<\/p>\n<p>&nbsp;<\/p>\n<h4>2. Estructura y forma<\/h4>\n<p>El entorno de uso y las funciones requeridas de la carcasa de aluminio pueden personalizar la estructura y la forma requeridas de la carcasa, adem\u00e1s de la longitud, la anchura, la altura o el di\u00e1metro de la carcasa total, as\u00ed como los requisitos estructurales de superficies curvas, esquinas, orificios, etc. Si desea personalizar la <a href=\"https:\/\/mnwell.com\/es\/what-is-aluminum-die-cast-housing\/\">carcasa de aluminio fundido a presi\u00f3n<\/a> para aplicaciones electr\u00f3nicas y tienen requisitos de disipaci\u00f3n de calor, puede personalizar la forma del disipador de calor.<\/p>\n<p>&nbsp;<\/p>\n<h4>3. Funci\u00f3n<\/h4>\n<p>Para la protecci\u00f3n, las carcasas de aluminio fundido a presi\u00f3n son ideales, ya que su resistencia y dureza son justas.<br \/>\nPara disipar el calor o proteger los componentes sensibles al calor, hay que tener en cuenta el tama\u00f1o de la carcasa para garantizar una superficie o espacio de disipaci\u00f3n suficiente.<br \/>\nEn los dispositivos port\u00e1tiles o interfaces de operador, la ergonom\u00eda es una consideraci\u00f3n importante. El tama\u00f1o de la carcasa debe determinarse en funci\u00f3n del confort de la mano humana y la comodidad de manejo.<\/p>\n<p>&nbsp;<\/p>\n<p><img loading=\"lazy\" decoding=\"async\" class=\"alignnone size-full wp-image-1953\" src=\"http:\/\/mnwell.com\/wp-content\/uploads\/2023\/07\/AYU9598.jpg\" alt=\"mindwell die casting factory\" width=\"750\" height=\"500\" srcset=\"https:\/\/mnwell.com\/wp-content\/uploads\/2023\/07\/AYU9598.jpg 750w, https:\/\/mnwell.com\/wp-content\/uploads\/2023\/07\/AYU9598-600x400.jpg 600w\" sizes=\"(max-width: 750px) 100vw, 750px\" \/><\/p>\n<p>&nbsp;<\/p>\n<h3>Caja de aluminio Aplicaci\u00f3n<\/h3>\n<p>&nbsp;<\/p>\n<p>Las cajas de aluminio fundido a presi\u00f3n se utilizan ampliamente en diversos sectores y campos, y su alto rendimiento y dise\u00f1os diversificados las hacen adecuadas para una amplia gama de productos. Algunas \u00e1reas de aplicaci\u00f3n frecuentes son las siguientes:<\/p>\n<ul>\n<li>Las cajas de aluminio fundido a presi\u00f3n se utilizan a menudo en equipos electr\u00f3nicos y de comunicaciones como ordenadores, servidores, routers, tel\u00e9fonos m\u00f3viles, tabletas, etc.<\/li>\n<li>Las cajas de aluminio fundido a presi\u00f3n tambi\u00e9n se utilizan ampliamente en electrodom\u00e9sticos y art\u00edculos para el hogar como frigor\u00edficos, aparatos de aire acondicionado, calentadores de agua, estufas, equipos de iluminaci\u00f3n, etc.<\/li>\n<li>Bombas, v\u00e1lvulas, instrumentos, m\u00e1quinas herramienta y otros equipos y maquinaria industriales, por ejemplo, emplean carcasas de aluminio fundido a presi\u00f3n.<\/li>\n<li>Las cajas de aluminio fundido a presi\u00f3n tambi\u00e9n se utilizan para equipos m\u00e9dicos como equipos m\u00e9dicos, equipos de monitorizaci\u00f3n m\u00e9dica, equipos de diagn\u00f3stico por imagen, etc. La caja est\u00e1 pensada para adaptarse a los estrictos criterios de los equipos m\u00e9dicos, como la resistencia a la corrosi\u00f3n, la facilidad de limpieza y el rendimiento de protecci\u00f3n, entre otros.<\/li>\n<\/ul>\n<p>El uso preciso de una caja de aluminio fundido a presi\u00f3n variar\u00e1 en funci\u00f3n de la industria y el producto. Se pueden desarrollar y fabricar armarios de aluminio fundido a medida para satisfacer las necesidades de una amplia gama de aplicaciones.<\/p>\n<p>&nbsp;<\/p>\n<p><img loading=\"lazy\" decoding=\"async\" class=\"alignnone size-full wp-image-1967\" src=\"http:\/\/mnwell.com\/wp-content\/uploads\/2023\/07\/AYU9559.jpg\" alt=\"\" width=\"750\" height=\"500\" srcset=\"https:\/\/mnwell.com\/wp-content\/uploads\/2023\/07\/AYU9559.jpg 750w, https:\/\/mnwell.com\/wp-content\/uploads\/2023\/07\/AYU9559-600x400.jpg 600w\" sizes=\"(max-width: 750px) 100vw, 750px\" \/><\/p>","protected":false},"excerpt":{"rendered":"<p>Aclare sus necesidades y requisitos personalizados para las cajas de aluminio de fundici\u00f3n a presi\u00f3n, incluidos el tama\u00f1o de la caja, la forma, los requisitos funcionales y la instalaci\u00f3n de accesorios. Llevaremos a cabo una comunicaci\u00f3n t\u00e9cnica con usted, propondremos optimizaciones y sugerencias razonables, y garantizaremos la calidad y el rendimiento de la caja de aluminio.<\/p>\n<p>Usted puede proporcionar dibujos t\u00e9cnicos detallados o documentos de dise\u00f1o, y elegir el material de aleaci\u00f3n de aluminio adecuado y el proceso de fundici\u00f3n a presi\u00f3n de acuerdo con los requisitos de uso y rendimiento de la carcasa de aluminio. MindWell es un fabricante profesional de fundici\u00f3n a presi\u00f3n de aluminio con amplia experiencia en el campo de la fundici\u00f3n a presi\u00f3n de aluminio. Haremos muestras para verificaci\u00f3n y prueba, y se las enviaremos. Despu\u00e9s de la confirmaci\u00f3n, entraremos en la producci\u00f3n en masa. Durante este proceso, nos comunicamos con los clientes comunicaci\u00f3n en profundidad para entender las necesidades y requerimientos de los clientes, para asegurar que la c\u00e1scara de aluminio fundido a presi\u00f3n cumple con el uso del cliente y garantizar la calidad de la c\u00e1scara.<\/p>","protected":false},"featured_media":1966,"template":"","meta":{"om_disable_all_campaigns":false,"_monsterinsights_skip_tracking":false,"_monsterinsights_sitenote_active":false,"_monsterinsights_sitenote_note":"","_monsterinsights_sitenote_category":0,"_uf_show_specific_survey":0,"_uf_disable_surveys":false,"site-sidebar-layout":"default","site-content-layout":"default","ast-global-header-display":"","ast-banner-title-visibility":"","ast-main-header-display":"","ast-hfb-above-header-display":"","ast-hfb-below-header-display":"","ast-hfb-mobile-header-display":"","site-post-title":"","ast-breadcrumbs-content":"","ast-featured-img":"","footer-sml-layout":"","theme-transparent-header-meta":"default","adv-header-id-meta":"","stick-header-meta":"","header-above-stick-meta":"","header-main-stick-meta":"","header-below-stick-meta":""},"product_cat":[18],"product_tag":[50],"aioseo_notices":[],"_links":{"self":[{"href":"https:\/\/mnwell.com\/es\/wp-json\/wp\/v2\/product\/1965"}],"collection":[{"href":"https:\/\/mnwell.com\/es\/wp-json\/wp\/v2\/product"}],"about":[{"href":"https:\/\/mnwell.com\/es\/wp-json\/wp\/v2\/types\/product"}],"wp:featuredmedia":[{"embeddable":true,"href":"https:\/\/mnwell.com\/es\/wp-json\/wp\/v2\/media\/1966"}],"wp:attachment":[{"href":"https:\/\/mnwell.com\/es\/wp-json\/wp\/v2\/media?parent=1965"}],"wp:term":[{"taxonomy":"product_cat","embeddable":true,"href":"https:\/\/mnwell.com\/es\/wp-json\/wp\/v2\/product_cat?post=1965"},{"taxonomy":"product_tag","embeddable":true,"href":"https:\/\/mnwell.com\/es\/wp-json\/wp\/v2\/product_tag?post=1965"}],"curies":[{"name":"wp","href":"https:\/\/api.w.org\/{rel}","templated":true}]}}