{"id":1974,"date":"2023-07-06T16:30:49","date_gmt":"2023-07-06T14:30:49","guid":{"rendered":"https:\/\/mnwell.com\/?post_type=product&#038;p=1974"},"modified":"2023-07-06T16:30:50","modified_gmt":"2023-07-06T14:30:50","slug":"aluminum-low-pressure-die-casting","status":"publish","type":"product","link":"https:\/\/mnwell.com\/es\/producto\/aluminum-low-pressure-die-casting\/","title":{"rendered":"fundici\u00f3n de aluminio a baja presi\u00f3n"},"content":{"rendered":"<p>La fundici\u00f3n a baja presi\u00f3n es un proceso que utilizamos para piezas de aluminio grandes, complejas y de paredes finas. Debido a las caracter\u00edsticas de la fundici\u00f3n a baja presi\u00f3n, el material l\u00edquido ser\u00e1 m\u00e1s suave durante el proceso de llenado a una presi\u00f3n m\u00e1s baja, reduciendo la generaci\u00f3n de poros y burbujas de aire. La presi\u00f3n m\u00e1s baja y el proceso de llenado suave pueden reducir la p\u00e9rdida del molde y pueden llenar cavidades de molde m\u00e1s grandes de una sola vez, produciendo piezas m\u00e1s grandes.<\/p>\n<p><img loading=\"lazy\" decoding=\"async\" class=\"alignnone wp-image-1976\" src=\"http:\/\/mnwell.com\/wp-content\/uploads\/2023\/07\/02.jpg\" alt=\"\" width=\"400\" height=\"400\" srcset=\"https:\/\/mnwell.com\/wp-content\/uploads\/2023\/07\/02.jpg 800w, https:\/\/mnwell.com\/wp-content\/uploads\/2023\/07\/02-150x150.jpg 150w, https:\/\/mnwell.com\/wp-content\/uploads\/2023\/07\/02-768x768.jpg 768w, https:\/\/mnwell.com\/wp-content\/uploads\/2023\/07\/02-300x300.jpg 300w, https:\/\/mnwell.com\/wp-content\/uploads\/2023\/07\/02-600x600.jpg 600w, https:\/\/mnwell.com\/wp-content\/uploads\/2023\/07\/02-100x100.jpg 100w\" sizes=\"(max-width: 400px) 100vw, 400px\" \/><\/p>\n<p>&nbsp;<\/p>\n<h3>Ventajas<\/h3>\n<p>&nbsp;<\/p>\n<ul>\n<li>Coste m\u00e1s barato: En comparaci\u00f3n con la fundici\u00f3n a alta presi\u00f3n, los costes de equipamiento y utillaje de la fundici\u00f3n a baja presi\u00f3n son m\u00e1s baratos.Producci\u00f3n de componentes m\u00e1s grandes: La fundici\u00f3n a baja presi\u00f3n puede crear piezas m\u00e1s sencillas y de mayor tama\u00f1o. El proceso es capaz de manejar espesores de pared m\u00e1s gruesos y es adecuado para componentes con formas complejas y altos requisitos de cavidad.<\/li>\n<li>La fundici\u00f3n a baja presi\u00f3n puede ofrecer una excelente precisi\u00f3n dimensional y consistencia de conformado para garantizar la fabricaci\u00f3n de componentes de aleaci\u00f3n de aluminio que cumplan las especificaciones de dise\u00f1o.<\/li>\n<li>Reducir la porosidad y los defectos: Debido a la presi\u00f3n reducida, la fundici\u00f3n a baja presi\u00f3n puede reducir la producci\u00f3n de porosidad y defectos, mejorando la calidad de los componentes de aleaci\u00f3n de aluminio.<\/li>\n<\/ul>\n<p>&nbsp;<\/p>\n<h3>Fases del proceso de fundici\u00f3n a baja presi\u00f3n<\/h3>\n<p>&nbsp;<\/p>\n<ol>\n<li>Preparaci\u00f3n de moldes: De acuerdo con nuestros requisitos de fundici\u00f3n a baja presi\u00f3n, dise\u00f1amos a medida los moldes de fundici\u00f3n a baja presi\u00f3n que necesitamos.<\/li>\n<li>Preparaci\u00f3n del material: elegir materiales de aleaci\u00f3n de aluminio adecuados, y elegir diferentes tipos de materiales de aleaci\u00f3n de aluminio seg\u00fan la aplicaci\u00f3n de las piezas fundidas a presi\u00f3n.<\/li>\n<li>Calentar y fundir aleaci\u00f3n de aluminio: fundir aleaci\u00f3n de aluminio en estado l\u00edquido<\/li>\n<li>Preparaci\u00f3n del molde e inyecci\u00f3n: Coloque el molde met\u00e1lico precalentado sobre la mesa de la m\u00e1quina de fundici\u00f3n a baja presi\u00f3n. Se abre el molde y se precalienta a la temperatura adecuada. La aleaci\u00f3n de aluminio fundida se vierte en el molde precalentado.<\/li>\n<li>Aplique baja presi\u00f3n: Cierre el molde y aplique baja presi\u00f3n, normalmente entre 10 y 100 psi (libra de fuerza por pulgada cuadrada). La baja presi\u00f3n ayuda a que la aleaci\u00f3n de aluminio llene la cavidad del molde y forme la pieza deseada.<\/li>\n<li>Enfriamiento y solidificaci\u00f3n: Mantener el molde fr\u00edo a baja presi\u00f3n para garantizar la solidificaci\u00f3n completa de las piezas de aleaci\u00f3n de aluminio. El tiempo de enfriamiento depende del grosor y el tama\u00f1o de la pieza.<\/li>\n<li>Apertura y extracci\u00f3n del molde: Cuando la pieza de aleaci\u00f3n de aluminio est\u00e1 completamente enfriada y solidificada, se abre el molde y se desmolda.<\/li>\n<li>Recorte y tratamiento posterior: Recorte las piezas de aleaci\u00f3n de aluminio retiradas para eliminar posibles rebabas o residuos. Realice otros tratamientos superficiales, pulverizaci\u00f3n, pulido u otros procesos de postratamiento seg\u00fan sea necesario.<\/li>\n<\/ol>\n<p>En la aplicaci\u00f3n real, nuestra empresa puede realizar algunos ajustes y optimizaciones seg\u00fan los requisitos espec\u00edficos del producto y el rendimiento del equipo de los clientes. Para garantizar los pasos de proceso m\u00e1s adecuados para la fundici\u00f3n a baja presi\u00f3n.<\/p>\n<p><img loading=\"lazy\" decoding=\"async\" class=\"alignnone size-full wp-image-1978\" src=\"http:\/\/mnwell.com\/wp-content\/uploads\/2023\/07\/AYU9599.jpg\" alt=\"low pressure die casting company\" width=\"750\" height=\"500\" srcset=\"https:\/\/mnwell.com\/wp-content\/uploads\/2023\/07\/AYU9599.jpg 750w, https:\/\/mnwell.com\/wp-content\/uploads\/2023\/07\/AYU9599-600x400.jpg 600w\" sizes=\"(max-width: 750px) 100vw, 750px\" \/><\/p>","protected":false},"excerpt":{"rendered":"<p>La fundici\u00f3n a baja presi\u00f3n es un proceso que utilizamos para piezas de aluminio grandes, complejas y de paredes finas. Debido a las caracter\u00edsticas de la fundici\u00f3n a baja presi\u00f3n, el material l\u00edquido ser\u00e1 m\u00e1s suave durante el proceso de llenado a una presi\u00f3n m\u00e1s baja, reduciendo la generaci\u00f3n de poros y burbujas de aire. La presi\u00f3n m\u00e1s baja y el proceso de llenado suave pueden reducir la p\u00e9rdida del molde y pueden llenar cavidades de molde m\u00e1s grandes de una sola vez, produciendo piezas m\u00e1s grandes.<\/p>","protected":false},"featured_media":1976,"template":"","meta":{"om_disable_all_campaigns":false,"_monsterinsights_skip_tracking":false,"_monsterinsights_sitenote_active":false,"_monsterinsights_sitenote_note":"","_monsterinsights_sitenote_category":0,"_uf_show_specific_survey":0,"_uf_disable_surveys":false,"site-sidebar-layout":"default","site-content-layout":"default","ast-global-header-display":"","ast-banner-title-visibility":"","ast-main-header-display":"","ast-hfb-above-header-display":"","ast-hfb-below-header-display":"","ast-hfb-mobile-header-display":"","site-post-title":"","ast-breadcrumbs-content":"","ast-featured-img":"","footer-sml-layout":"","theme-transparent-header-meta":"default","adv-header-id-meta":"","stick-header-meta":"","header-above-stick-meta":"","header-main-stick-meta":"","header-below-stick-meta":""},"product_cat":[18],"product_tag":[53,54],"aioseo_notices":[],"_links":{"self":[{"href":"https:\/\/mnwell.com\/es\/wp-json\/wp\/v2\/product\/1974"}],"collection":[{"href":"https:\/\/mnwell.com\/es\/wp-json\/wp\/v2\/product"}],"about":[{"href":"https:\/\/mnwell.com\/es\/wp-json\/wp\/v2\/types\/product"}],"wp:featuredmedia":[{"embeddable":true,"href":"https:\/\/mnwell.com\/es\/wp-json\/wp\/v2\/media\/1976"}],"wp:attachment":[{"href":"https:\/\/mnwell.com\/es\/wp-json\/wp\/v2\/media?parent=1974"}],"wp:term":[{"taxonomy":"product_cat","embeddable":true,"href":"https:\/\/mnwell.com\/es\/wp-json\/wp\/v2\/product_cat?post=1974"},{"taxonomy":"product_tag","embeddable":true,"href":"https:\/\/mnwell.com\/es\/wp-json\/wp\/v2\/product_tag?post=1974"}],"curies":[{"name":"wp","href":"https:\/\/api.w.org\/{rel}","templated":true}]}}