{"id":1983,"date":"2023-07-08T06:27:15","date_gmt":"2023-07-08T04:27:15","guid":{"rendered":"https:\/\/mnwell.com\/?post_type=product&#038;p=1983"},"modified":"2023-12-22T15:54:04","modified_gmt":"2023-12-22T14:54:04","slug":"customized-aluminum-motor-housing-casting","status":"publish","type":"product","link":"https:\/\/mnwell.com\/es\/producto\/customized-aluminum-motor-housing-casting\/","title":{"rendered":"Fundici\u00f3n de aluminio a medida de la carcasa del motor"},"content":{"rendered":"<p>La fundici\u00f3n de aluminio para carcasas de motores es una soluci\u00f3n duradera y de alta calidad para carcasas de motores. Proporcionan una excelente protecci\u00f3n y soporte para motores en una gran variedad de aplicaciones. El producto se fabrica utilizando tecnolog\u00eda de fundici\u00f3n avanzada para garantizar unas dimensiones precisas y un rendimiento superior. En Mindwell, proporcionamos <a href=\"https:\/\/mnwell.com\/es\/producto\/motor-housing-casting\/\">fundici\u00f3n de la carcasa del motor<\/a> soluciones. Nuestra actividad principal es ofrecer <a href=\"https:\/\/mnwell.com\/es\/high-pressure-aluminum-die-casting-the-complete-guide\/\">fundici\u00f3n de aluminio de la carcasa del motor<\/a> servicios para satisfacer las distintas necesidades y aplicaciones de nuestros clientes.<\/p>\n<p><img loading=\"lazy\" decoding=\"async\" class=\"alignnone wp-image-1984\" src=\"http:\/\/mnwell.com\/wp-content\/uploads\/2023\/07\/01-1.jpg\" alt=\"motor housing casting\" width=\"500\" height=\"500\" srcset=\"https:\/\/mnwell.com\/wp-content\/uploads\/2023\/07\/01-1.jpg 800w, https:\/\/mnwell.com\/wp-content\/uploads\/2023\/07\/01-1-150x150.jpg 150w, https:\/\/mnwell.com\/wp-content\/uploads\/2023\/07\/01-1-768x768.jpg 768w, https:\/\/mnwell.com\/wp-content\/uploads\/2023\/07\/01-1-300x300.jpg 300w, https:\/\/mnwell.com\/wp-content\/uploads\/2023\/07\/01-1-600x600.jpg 600w, https:\/\/mnwell.com\/wp-content\/uploads\/2023\/07\/01-1-100x100.jpg 100w\" sizes=\"(max-width: 500px) 100vw, 500px\" \/><\/p>\n<p>&nbsp;<\/p>\n<h2>proceso de fabricaci\u00f3n<\/h2>\n<p>Para alcanzar la calidad y funcionalidad necesarias, las piezas fundidas de aluminio para carcasas de motores deben pasar por una serie de procesos en el proceso de producci\u00f3n. El primer paso consiste en seleccionar una aleaci\u00f3n de aluminio de gran calidad que proporcione una fuerza y una resistencia a la corrosi\u00f3n excepcionales. Despu\u00e9s, la aleaci\u00f3n se funde y se vierte en un molde creado para crear las caracter\u00edsticas y la forma del c\u00e1rter del motor requeridas. La pieza fundida se extrae cuidadosamente del molde y se somete a procedimientos de acabado, como el tratamiento superficial, el pulido y el mecanizado, una vez que se ha enfriado y solidificado.<\/p>\n<h2>Caracter\u00edsticas<\/h2>\n<p>Las fundiciones de aluminio para carcasas de motores ofrecen una serie de propiedades que las hacen ideales para carcasas de motores:<\/p>\n<ul>\n<li>Durabilidad: La aleaci\u00f3n de aluminio utilizada en las piezas fundidas proporciona una excelente resistencia y durabilidad, garantizando un rendimiento duradero incluso en entornos dif\u00edciles.<\/li>\n<li>Resistencia a la corrosi\u00f3n: La resistencia a la corrosi\u00f3n inherente al aluminio hace que las carcasas de los motores sean adecuadas para aplicaciones interiores y exteriores.<\/li>\n<li>Disipaci\u00f3n del calor: El aluminio tiene una excelente conductividad t\u00e9rmica y puede disipar eficazmente el calor del motor, ayudando a mantener temperaturas de funcionamiento \u00f3ptimas.<\/li>\n<li>Ligereza: El aluminio es ligero y m\u00e1s f\u00e1cil de manejar e instalar que otros materiales. Esta caracter\u00edstica tambi\u00e9n contribuye a la eficiencia energ\u00e9tica.<\/li>\n<li>Personalizaci\u00f3n: Las piezas fundidas de la carcasa del motor pueden personalizarse para satisfacer requisitos espec\u00edficos, como orificios de montaje adicionales, puntos de entrada de cables o formas exclusivas.<\/li>\n<\/ul>\n<h2>\u00c1mbitos de aplicaci\u00f3n<\/h2>\n<p>Las piezas fundidas de aluminio para carcasas de motores se utilizan ampliamente en diversas industrias y campos, como:<\/p>\n<ol>\n<li>autom\u00f3vil<\/li>\n<li>maquinaria industrial<\/li>\n<li>productos electr\u00f3nicos<\/li>\n<li>aeroespacial<\/li>\n<li>generar electricidad<\/li>\n<li>Su versatilidad y durabilidad lo hacen adecuado para su uso con diversos tipos de motores, incluidos motores el\u00e9ctricos, generadores, bombas y compresores.<\/li>\n<\/ol>\n<h2>Servicios personalizados<\/h2>\n<p>Somos conscientes de que diversas aplicaciones pueden tener necesidades particulares. Ofrecemos servicios de personalizaci\u00f3n de piezas fundidas de aluminio para carcasas de motores con el fin de satisfacer estas demandas. Nuestros cualificados ingenieros y dise\u00f1adores colaboran estrechamente con los clientes para crear soluciones \u00fanicas que se ajusten a sus requisitos exactos. Ya se trate de cambiar el tama\u00f1o, incluir m\u00e1s funciones o a\u00f1adir marcas, nuestro objetivo es entregar productos ideales para el uso previsto.<\/p>\n<h3>\u00bfPor qu\u00e9 elegir las carcasas de motor MindWell Custom Die Casting?<\/h3>\n<p>Ofrecemos a nuestros clientes diversas opciones de fundici\u00f3n de carcasas de motor, incluida la fundici\u00f3n de una sola pieza y la fundici\u00f3n de varias piezas. Para la producci\u00f3n de grandes vol\u00famenes, utilizamos la tecnolog\u00eda de fundici\u00f3n de piezas m\u00faltiples para mejorar la eficiencia de la producci\u00f3n. Para productos de alto rendimiento y exigentes, utilizamos la tecnolog\u00eda de fundici\u00f3n monol\u00edtica para proporcionar una mayor calidad y precisi\u00f3n. Adem\u00e1s, ofrecemos una variedad de tecnolog\u00edas anticorrosi\u00f3n y de tratamiento de superficies para garantizar la larga vida \u00fatil de la carcasa del motor.<\/p>\n<p>Nuestro equipo t\u00e9cnico est\u00e1 formado por un grupo de profesionales experimentados y apasionados. Todos ellos poseen excelentes conocimientos t\u00e9cnicos y habilidades t\u00e9cnicas punteras para ofrecer a los clientes las mejores soluciones y servicios.<\/p>\n<p>Si busca servicios profesionales de fundici\u00f3n de carcasas de motor de alta calidad y rendimiento fiable, le invitamos a ponerse en contacto con nuestro equipo. Estaremos encantados de ofrecerle la mejor soluci\u00f3n.<\/p>\n<p><img loading=\"lazy\" decoding=\"async\" class=\"alignnone size-full wp-image-3791\" src=\"http:\/\/mnwell.com\/wp-content\/uploads\/2023\/12\/AYU9598.webp\" alt=\"die casting manufacturers\" width=\"750\" height=\"500\" srcset=\"https:\/\/mnwell.com\/wp-content\/uploads\/2023\/12\/AYU9598.webp 750w, https:\/\/mnwell.com\/wp-content\/uploads\/2023\/12\/AYU9598-18x12.webp 18w, https:\/\/mnwell.com\/wp-content\/uploads\/2023\/12\/AYU9598-600x400.webp 600w\" sizes=\"(max-width: 750px) 100vw, 750px\" \/><\/p>\n<p>&nbsp;<\/p>\n<h3 class=\"JlqpRe\"><span class=\"JCzEY ZwRhJd\"><span class=\"CSkcDe\">\u00bfDe qu\u00e9 est\u00e1n hechas las carcasas de los motores?<\/span><\/span><\/h3>\n<p>&nbsp;<\/p>\n<p>El material de la carcasa del motor suele ser de acero, aluminio fundido, cobre fundido y otros materiales met\u00e1licos, que tienen las caracter\u00edsticas de alta resistencia, alta rigidez y alta protecci\u00f3n. La elecci\u00f3n de materiales espec\u00edficos depende principalmente de los escenarios de uso y las necesidades del motor. En Mindwell, el material que m\u00e1s utilizamos actualmente es el aluminio.<\/p>\n<p>Uno de los materiales m\u00e1s populares para las carcasas de motores es el hierro fundido, que tiene la ventaja de ser barato y muy duradero. La fundici\u00f3n gris o la fundici\u00f3n d\u00factil se suelen utilizar para fabricar carcasas de hierro fundido y, para mejorar su aspecto y su resistencia a la corrosi\u00f3n, la superficie se suele pintar o rociar con pl\u00e1stico. Sin embargo, su inconveniente es que su peso interfiere en la construcci\u00f3n ligera del motor.<\/p>\n<p>Por su ligereza y excelente disipaci\u00f3n del calor, la carcasa de aleaci\u00f3n de aluminio es una opci\u00f3n magn\u00edfica para fabricar motores compactos o de alta velocidad. A menudo se utilizan las aleaciones de aluminio 6061 y ADC12. Estos materiales pueden moldearse y tienen altas cualidades de procesamiento. Su superficie puede anodizarse para aumentar su atractivo est\u00e9tico y su resistencia a la corrosi\u00f3n.<br \/>\nAdem\u00e1s, las carcasas de los motores pueden fabricarse con diversos materiales pl\u00e1sticos o compuestos, adem\u00e1s de metal. Estos materiales no met\u00e1licos suelen emplearse en entornos singulares o con limitaciones presupuestarias.<\/p>\n<div class=\"aj35ze\"><\/div>\n<h2>en conclusi\u00f3n<\/h2>\n<p>Una opci\u00f3n fiable y adaptable de carcasa de motor son las piezas de fundici\u00f3n de aluminio para carcasas de motor. Es una gran opci\u00f3n para muchas aplicaciones debido a su solidez, resistencia a la corrosi\u00f3n, capacidad de disipaci\u00f3n del calor y bajo peso. Mediante nuestro servicio de personalizaci\u00f3n, las piezas fundidas para carcasas de motores pueden adaptarse a las necesidades individuales, garantizando la m\u00e1xima eficacia y funcionalidad. Nuestras piezas fundidas de aluminio para carcasas de motores ofrecen soluciones de primera calidad que satisfacen las demandas de muchos sectores, ya sea para aplicaciones de automoci\u00f3n, industriales o aeroespaciales.<\/p>","protected":false},"excerpt":{"rendered":"<p>Las piezas fundidas de aluminio para carcasas de motores son una soluci\u00f3n duradera y de alta calidad para las carcasas de motores, ya que proporcionan protecci\u00f3n y soporte en diversas aplicaciones. Fabricadas con tecnolog\u00eda de fundici\u00f3n avanzada, estas piezas de fundici\u00f3n ofrecen un rendimiento y una precisi\u00f3n superiores. Son adecuadas para diversas industrias, como la automoci\u00f3n, la maquinaria industrial, los productos electr\u00f3nicos y la industria aeroespacial. La fuerza inherente del aluminio, su resistencia a la corrosi\u00f3n, la disipaci\u00f3n del calor y su ligereza lo hacen ideal para diversas aplicaciones. Mindwell <a href=\"https:\/\/mnwell.com\/es\/custom-die-casting\/\">Fundici\u00f3n a presi\u00f3n a medida<\/a> Motor Housings ofrece diversas opciones de fundici\u00f3n, como fundici\u00f3n de una o varias piezas, y tecnolog\u00edas anticorrosi\u00f3n y de tratamiento de superficies.<\/p>\n<p>Material: Hierro, Aluminio<br \/>\nAcabado: chapado, pintura, pintura en polvo<br \/>\nMecanizado\uff1aCNC<br \/>\nTecnolog\u00eda: Fundici\u00f3n en arena, fundici\u00f3n a presi\u00f3n, fundici\u00f3n por gravedad<br \/>\nEst\u00e1ndar: ASTM, AISI, DIN<br \/>\nOEM\uff1aDisponible<br \/>\nDimensiones\uff1aPersonalizadas<br \/>\nAplicaci\u00f3n\uff1aIndustrial<\/p>","protected":false},"featured_media":1984,"template":"","meta":{"om_disable_all_campaigns":false,"_monsterinsights_skip_tracking":false,"_monsterinsights_sitenote_active":false,"_monsterinsights_sitenote_note":"","_monsterinsights_sitenote_category":0,"_uf_show_specific_survey":0,"_uf_disable_surveys":false,"site-sidebar-layout":"default","site-content-layout":"default","ast-global-header-display":"","ast-banner-title-visibility":"","ast-main-header-display":"","ast-hfb-above-header-display":"","ast-hfb-below-header-display":"","ast-hfb-mobile-header-display":"","site-post-title":"","ast-breadcrumbs-content":"","ast-featured-img":"","footer-sml-layout":"","theme-transparent-header-meta":"default","adv-header-id-meta":"","stick-header-meta":"","header-above-stick-meta":"","header-main-stick-meta":"","header-below-stick-meta":""},"product_cat":[18],"product_tag":[160,55],"aioseo_notices":[],"_links":{"self":[{"href":"https:\/\/mnwell.com\/es\/wp-json\/wp\/v2\/product\/1983"}],"collection":[{"href":"https:\/\/mnwell.com\/es\/wp-json\/wp\/v2\/product"}],"about":[{"href":"https:\/\/mnwell.com\/es\/wp-json\/wp\/v2\/types\/product"}],"wp:featuredmedia":[{"embeddable":true,"href":"https:\/\/mnwell.com\/es\/wp-json\/wp\/v2\/media\/1984"}],"wp:attachment":[{"href":"https:\/\/mnwell.com\/es\/wp-json\/wp\/v2\/media?parent=1983"}],"wp:term":[{"taxonomy":"product_cat","embeddable":true,"href":"https:\/\/mnwell.com\/es\/wp-json\/wp\/v2\/product_cat?post=1983"},{"taxonomy":"product_tag","embeddable":true,"href":"https:\/\/mnwell.com\/es\/wp-json\/wp\/v2\/product_tag?post=1983"}],"curies":[{"name":"wp","href":"https:\/\/api.w.org\/{rel}","templated":true}]}}