{"id":2030,"date":"2023-07-12T14:39:33","date_gmt":"2023-07-12T12:39:33","guid":{"rendered":"https:\/\/mnwell.com\/?post_type=product&#038;p=2030"},"modified":"2023-07-14T03:41:56","modified_gmt":"2023-07-14T01:41:56","slug":"stainless-steel-watch-case-parts","status":"publish","type":"product","link":"https:\/\/mnwell.com\/es\/producto\/stainless-steel-watch-case-parts\/","title":{"rendered":"Piezas de la caja del reloj de acero inoxidable"},"content":{"rendered":"<p>Las piezas de acero inoxidable para cajas de reloj se refieren a las distintas partes que componen la caja de un reloj y est\u00e1n fabricadas en acero inoxidable, un material duradero y resistente a la corrosi\u00f3n que se utiliza habitualmente en relojer\u00eda. Nuestra empresa utiliza materiales de alta calidad y tecnolog\u00eda avanzada en la fabricaci\u00f3n de cajas de reloj para garantizar los m\u00e1s altos niveles de calidad y precisi\u00f3n.<\/p>\n<p>La calidad y la durabilidad son los factores clave que debemos tener en cuenta a la hora de dise\u00f1ar y fabricar las piezas de la caja de acero inoxidable. Los materiales de alta calidad, la fabricaci\u00f3n de alta precisi\u00f3n y los estrictos procesos de control de calidad son esenciales para garantizar la longevidad y fiabilidad de estas piezas, ya que la ingenier\u00eda de precisi\u00f3n de estas piezas garantiza que encajen de forma segura en el mecanismo del reloj y funcionen a la perfecci\u00f3n.<\/p>\n<p><img loading=\"lazy\" decoding=\"async\" class=\"alignnone size-full wp-image-2031\" src=\"http:\/\/mnwell.com\/wp-content\/uploads\/2023\/07\/cnc-watch-case.jpg\" alt=\"cnc watch case\" width=\"750\" height=\"750\" srcset=\"https:\/\/mnwell.com\/wp-content\/uploads\/2023\/07\/cnc-watch-case.jpg 750w, https:\/\/mnwell.com\/wp-content\/uploads\/2023\/07\/cnc-watch-case-150x150.jpg 150w, https:\/\/mnwell.com\/wp-content\/uploads\/2023\/07\/cnc-watch-case-300x300.jpg 300w, https:\/\/mnwell.com\/wp-content\/uploads\/2023\/07\/cnc-watch-case-600x600.jpg 600w, https:\/\/mnwell.com\/wp-content\/uploads\/2023\/07\/cnc-watch-case-100x100.jpg 100w\" sizes=\"(max-width: 750px) 100vw, 750px\" \/><\/p>\n<h3>Piezas de cajas de reloj de acero inoxidable personalizadas<\/h3>\n<p>Nuestra empresa emplea tecnolog\u00eda y maquinaria avanzadas para suministrar piezas de precisi\u00f3n que cumplen las normas m\u00e1s exigentes del sector, utilizando acero inoxidable de primera calidad en la selecci\u00f3n de materiales y t\u00e9cnicas innovadoras como la fundici\u00f3n a presi\u00f3n en proceso para producir piezas con el m\u00e1ximo nivel de precisi\u00f3n y consistencia.<\/p>\n<p>Proporcionamos servicios personalizados para adaptar las especificaciones de las piezas de la caja requeridas seg\u00fan sus necesidades individuales, y tambi\u00e9n ofrecemos distintos acabados entre los que elegir, como pulido, cepillado y arenado, para satisfacer las distintas necesidades de la industria relojera. Para crear un dise\u00f1o de reloj \u00fanico y sofisticado.<\/p>\n<h4>Aplicaci\u00f3n de las piezas de acero inoxidable para cajas de relojes<\/h4>\n<p>Los componentes de las cajas de acero inoxidable se utilizan en una amplia gama de relojes de alta gama, incluidos los relojes de lujo, los relojes deportivos y los cron\u00f3grafos. Estos relojes presentan una gran variedad de dise\u00f1os y estilos, y son bonitos, c\u00f3modos y funcionales.<\/p>\n<p>&nbsp;<\/p>\n<h4>Par\u00e1metro<\/h4>\n<ul>\n<li>Equipamiento: Centro de mecanizado\/fresado\/torno de 3\/4\/5 ejes, etc.<\/li>\n<li>Formato de dibujo: Solid Works(STEP), Pro\/Engineer, AutoCAD(DXF,DWG), PDF, etc.<\/li>\n<li>Tratamiento de superficies: Anodizado, cepillado, galvanizado, grabado l\u00e1ser, serigraf\u00eda, pulido, pintura en polvo, etc.<\/li>\n<li>Procesamiento: Fundici\u00f3n a presi\u00f3n, mecanizado CNC<\/li>\n<\/ul>\n<p><img loading=\"lazy\" decoding=\"async\" class=\"alignnone size-full wp-image-2032\" src=\"http:\/\/mnwell.com\/wp-content\/uploads\/2023\/07\/watch-case-parts.jpg\" alt=\"watch case parts\" width=\"750\" height=\"750\" srcset=\"https:\/\/mnwell.com\/wp-content\/uploads\/2023\/07\/watch-case-parts.jpg 750w, https:\/\/mnwell.com\/wp-content\/uploads\/2023\/07\/watch-case-parts-150x150.jpg 150w, https:\/\/mnwell.com\/wp-content\/uploads\/2023\/07\/watch-case-parts-300x300.jpg 300w, https:\/\/mnwell.com\/wp-content\/uploads\/2023\/07\/watch-case-parts-600x600.jpg 600w, https:\/\/mnwell.com\/wp-content\/uploads\/2023\/07\/watch-case-parts-100x100.jpg 100w\" sizes=\"(max-width: 750px) 100vw, 750px\" \/> <img loading=\"lazy\" decoding=\"async\" class=\"alignnone size-full wp-image-2033\" src=\"http:\/\/mnwell.com\/wp-content\/uploads\/2023\/07\/stainless-steel-watch-case-parts.jpg\" alt=\"stainless steel watch case parts\" width=\"750\" height=\"750\" srcset=\"https:\/\/mnwell.com\/wp-content\/uploads\/2023\/07\/stainless-steel-watch-case-parts.jpg 750w, https:\/\/mnwell.com\/wp-content\/uploads\/2023\/07\/stainless-steel-watch-case-parts-150x150.jpg 150w, https:\/\/mnwell.com\/wp-content\/uploads\/2023\/07\/stainless-steel-watch-case-parts-300x300.jpg 300w, https:\/\/mnwell.com\/wp-content\/uploads\/2023\/07\/stainless-steel-watch-case-parts-600x600.jpg 600w, https:\/\/mnwell.com\/wp-content\/uploads\/2023\/07\/stainless-steel-watch-case-parts-100x100.jpg 100w\" sizes=\"(max-width: 750px) 100vw, 750px\" \/><\/p>\n<h4>Nuestra empresa<\/h4>\n<p>MindWell es una empresa especializada en servicios de personalizaci\u00f3n de piezas de fundici\u00f3n a presi\u00f3n y piezas de moldes de inyecci\u00f3n de precisi\u00f3n. Nuestra empresa tiene m\u00e1s de diez a\u00f1os de experiencia en el campo del procesamiento de piezas, con una rica tecnolog\u00eda y equipos mec\u00e1nicos avanzados. Proporcionamos a los clientes prototipos r\u00e1pidos y fabricaci\u00f3n bajo demanda para satisfacer sus necesidades de personalizaci\u00f3n. Las industrias a las que servimos han abarcado autom\u00f3viles, tel\u00e9fonos m\u00f3viles, componentes inform\u00e1ticos y m\u00e9dicos, electrodom\u00e9sticos, electr\u00f3nica de consumo, relojes, agricultura, etc. Si necesita un servicio de fundici\u00f3n a presi\u00f3n personalizado, p\u00f3ngase en contacto con nosotros.<\/p>\n<p><img loading=\"lazy\" decoding=\"async\" class=\"alignnone size-full wp-image-1985\" src=\"http:\/\/mnwell.com\/wp-content\/uploads\/2023\/07\/bc62196aa01b7adeaba4a2362274b8a.jpg\" alt=\"\" width=\"500\" height=\"333\" \/><img loading=\"lazy\" decoding=\"async\" class=\"alignnone wp-image-1953\" src=\"http:\/\/mnwell.com\/wp-content\/uploads\/2023\/07\/AYU9598.jpg\" alt=\"mindwell die casting factory\" width=\"501\" height=\"334\" srcset=\"https:\/\/mnwell.com\/wp-content\/uploads\/2023\/07\/AYU9598.jpg 750w, https:\/\/mnwell.com\/wp-content\/uploads\/2023\/07\/AYU9598-600x400.jpg 600w\" sizes=\"(max-width: 501px) 100vw, 501px\" \/><\/p>","protected":false},"excerpt":{"rendered":"<p>Las piezas de acero inoxidable para cajas de reloj se refieren a las distintas partes que componen la caja de un reloj y est\u00e1n fabricadas en acero inoxidable, un material duradero y resistente a la corrosi\u00f3n que se utiliza habitualmente en relojer\u00eda. Nuestra empresa utiliza materiales de alta calidad y tecnolog\u00eda avanzada en la fabricaci\u00f3n de cajas de reloj para garantizar los m\u00e1s altos niveles de calidad y precisi\u00f3n.<\/p>\n<p>La calidad y la durabilidad son los factores clave que debemos tener en cuenta a la hora de dise\u00f1ar y fabricar las piezas de la caja de acero inoxidable. Los materiales de alta calidad, la fabricaci\u00f3n de alta precisi\u00f3n y los estrictos procesos de control de calidad son esenciales para garantizar la longevidad y fiabilidad de estas piezas, ya que la ingenier\u00eda de precisi\u00f3n de estas piezas garantiza que encajen de forma segura en el mecanismo del reloj y funcionen a la perfecci\u00f3n.<\/p>","protected":false},"featured_media":2031,"template":"","meta":{"om_disable_all_campaigns":false,"_monsterinsights_skip_tracking":false,"_monsterinsights_sitenote_active":false,"_monsterinsights_sitenote_note":"","_monsterinsights_sitenote_category":0,"_uf_show_specific_survey":0,"_uf_disable_surveys":false,"site-sidebar-layout":"default","site-content-layout":"default","ast-global-header-display":"","ast-banner-title-visibility":"","ast-main-header-display":"","ast-hfb-above-header-display":"","ast-hfb-below-header-display":"","ast-hfb-mobile-header-display":"","site-post-title":"","ast-breadcrumbs-content":"","ast-featured-img":"","footer-sml-layout":"","theme-transparent-header-meta":"default","adv-header-id-meta":"","stick-header-meta":"","header-above-stick-meta":"","header-main-stick-meta":"","header-below-stick-meta":""},"product_cat":[20,18],"product_tag":[65,64],"aioseo_notices":[],"_links":{"self":[{"href":"https:\/\/mnwell.com\/es\/wp-json\/wp\/v2\/product\/2030"}],"collection":[{"href":"https:\/\/mnwell.com\/es\/wp-json\/wp\/v2\/product"}],"about":[{"href":"https:\/\/mnwell.com\/es\/wp-json\/wp\/v2\/types\/product"}],"wp:featuredmedia":[{"embeddable":true,"href":"https:\/\/mnwell.com\/es\/wp-json\/wp\/v2\/media\/2031"}],"wp:attachment":[{"href":"https:\/\/mnwell.com\/es\/wp-json\/wp\/v2\/media?parent=2030"}],"wp:term":[{"taxonomy":"product_cat","embeddable":true,"href":"https:\/\/mnwell.com\/es\/wp-json\/wp\/v2\/product_cat?post=2030"},{"taxonomy":"product_tag","embeddable":true,"href":"https:\/\/mnwell.com\/es\/wp-json\/wp\/v2\/product_tag?post=2030"}],"curies":[{"name":"wp","href":"https:\/\/api.w.org\/{rel}","templated":true}]}}