{"id":2111,"date":"2023-07-18T15:54:28","date_gmt":"2023-07-18T13:54:28","guid":{"rendered":"https:\/\/mnwell.com\/?post_type=product&#038;p=2111"},"modified":"2023-09-15T07:59:54","modified_gmt":"2023-09-15T05:59:54","slug":"aluminium-pressure-die-casting-components","status":"publish","type":"product","link":"https:\/\/mnwell.com\/es\/producto\/aluminium-pressure-die-casting-components\/","title":{"rendered":"componentes de fundici\u00f3n de aluminio a presi\u00f3n"},"content":{"rendered":"<p>Los componentes de fundici\u00f3n a presi\u00f3n de aluminio desempe\u00f1an un papel importante en la producci\u00f3n de una amplia gama de bienes en diversos sectores. El aluminio fundido se inyecta en moldes de alta presi\u00f3n y se moldea para obtener formas que cumplan las especificaciones de dise\u00f1o especificadas.<\/p>\n<p>Los componentes de fundici\u00f3n a presi\u00f3n de aluminio son una excelente opci\u00f3n para una amplia gama de aplicaciones. Por su rendimiento superior, fiabilidad y rentabilidad, son la primera opci\u00f3n de fabricantes de todo el mundo. Si necesita componentes de fundici\u00f3n a presi\u00f3n de aluminio de alta calidad, no tiene m\u00e1s que acudir a nuestra planta de fabricaci\u00f3n, que puede satisfacer todos sus requisitos.<\/p>\n<p>&nbsp;<\/p>\n<h3>Dimensiones est\u00e1ndar OEM<\/h3>\n<ul>\n<li>Materiales disponibles: AL:5052\/5754\/5082\/5083\/6061\/6063\/6082\u2026.<br \/>\nZL101\/ZL102\/ADC12...<br \/>\nQ235B\/Q345E\/Q345D\/SPCC\/SECC\/DX51D\/DX53D... Acero al carbono<br \/>\nLas calidades de acero inoxidable incluyen 304\/316\/430\/201...<\/li>\n<li>Los tratamientos superficiales incluyen la pulverizaci\u00f3n de pintura, el revestimiento mec\u00e1nico, el anodizado, el pulido, el chorro de arena, la electroforesis y la pasivaci\u00f3n.<br \/>\nT\/T, L\/C, Money Gram, Western Union Entrega<\/li>\n<\/ul>\n<p>&nbsp;<\/p>\n<h4>\u00c1mbito de aplicaci\u00f3n<\/h4>\n<p><a href=\"https:\/\/mnwell.com\/es\/aluminum-die-casting\/\">Fundici\u00f3n inyectada de aluminio<\/a> se emplean ampliamente en diversos sectores, como el automovil\u00edstico, el aeroespacial, el el\u00e9ctrico y el de la construcci\u00f3n. En el sector del autom\u00f3vil se utilizan para fabricar bloques de motor, cajas de cambios y componentes de suspensi\u00f3n. En el sector aeroespacial se utilizan para fabricar piezas de motores, componentes de alas y piezas de trenes de aterrizaje. En el sector el\u00e9ctrico, se utilizan para fabricar disipadores de calor, componentes de carcasas y componentes electr\u00f3nicos.<\/p>\n<p><img loading=\"lazy\" decoding=\"async\" class=\"alignnone size-full wp-image-2112\" src=\"http:\/\/mnwell.com\/wp-content\/uploads\/2023\/07\/AYU9521.jpg\" alt=\"aluminium casting components\" width=\"800\" height=\"800\" srcset=\"https:\/\/mnwell.com\/wp-content\/uploads\/2023\/07\/AYU9521.jpg 800w, https:\/\/mnwell.com\/wp-content\/uploads\/2023\/07\/AYU9521-150x150.jpg 150w, https:\/\/mnwell.com\/wp-content\/uploads\/2023\/07\/AYU9521-768x768.jpg 768w, https:\/\/mnwell.com\/wp-content\/uploads\/2023\/07\/AYU9521-300x300.jpg 300w, https:\/\/mnwell.com\/wp-content\/uploads\/2023\/07\/AYU9521-600x600.jpg 600w, https:\/\/mnwell.com\/wp-content\/uploads\/2023\/07\/AYU9521-100x100.jpg 100w\" sizes=\"(max-width: 800px) 100vw, 800px\" \/><\/p>\n<p>&nbsp;<\/p>\n<h4>Ventajas de los componentes de fundici\u00f3n inyectada de aluminio<\/h4>\n<p>Los componentes de fundici\u00f3n a presi\u00f3n de aluminio son extremadamente fiables y econ\u00f3micos, lo que los convierte en la primera opci\u00f3n para una amplia gama de aplicaciones. Ofrecen una gran precisi\u00f3n dimensional y pulido superficial, y pueden fabricarse r\u00e1pidamente y en grandes cantidades. Estos componentes son duraderos, ligeros y tienen una alta conductividad t\u00e9rmica. Tambi\u00e9n son resistentes a la corrosi\u00f3n, lo que los hace perfectos para su uso en situaciones hostiles.<\/p>\n<p>En nuestra planta de producci\u00f3n fabricamos componentes de fundici\u00f3n inyectada de aluminio de alta calidad que satisfacen o superan las exigencias de nuestros clientes. Contamos con tecnolog\u00eda punta y personas cualificadas que colaboran para producir componentes \u00fanicos que se ajusten a las demandas espec\u00edficas de nuestros clientes. Para garantizar que nuestros componentes cumplen los requisitos de calidad m\u00e1s exigentes, se someten a pruebas y ex\u00e1menes rigurosos.<\/p>\n<p>&nbsp;<\/p>\n<h5>Control de calidad de MindWell<\/h5>\n<p>El control de calidad de los componentes de fundici\u00f3n de aluminio a presi\u00f3n es un paso importante para mantener la calidad del producto. Nuestra organizaci\u00f3n tiene criterios de calidad muy rigurosos y ha implantado el siguiente sistema de gesti\u00f3n de la calidad:<\/p>\n<ol>\n<li>Control de materiales: Elegir materiales de aleaci\u00f3n de aluminio de alta calidad que cumplan las normas y requisitos aplicables. Inspeccione y pruebe las materias primas para garantizar que su composici\u00f3n qu\u00edmica y sus cualidades mec\u00e1nicas cumplen las especificaciones.<\/li>\n<li>Control del dise\u00f1o y la producci\u00f3n de moldes El molde es una herramienta importante en la fundici\u00f3n a presi\u00f3n de aluminio, y la calidad de su dise\u00f1o y fabricaci\u00f3n influye directamente en la calidad del producto. Compruebe que el dise\u00f1o del molde es exacto y que est\u00e1 fabricado con materiales de alta calidad. Realice un mantenimiento peri\u00f3dico del molde para conservarlo en buen estado.<\/li>\n<li>Control del proceso: regule rigurosamente los par\u00e1metros del proceso de fundici\u00f3n a presi\u00f3n de aluminio, como la temperatura de colada, la velocidad de colada, la presi\u00f3n y el tiempo de enfriamiento, entre otros. Cree un flujo de proceso uniforme y realice su seguimiento y documentaci\u00f3n.<\/li>\n<li>Los componentes de fundici\u00f3n a presi\u00f3n de aluminio se inspeccionan y prueban para verificar que sus dimensiones, calidad superficial y cualidades mec\u00e1nicas cumplen las especificaciones. A menudo se utilizan la medici\u00f3n de tres coordenadas, la inspecci\u00f3n por rayos X, el examen ultras\u00f3nico y otros procedimientos de inspecci\u00f3n.<\/li>\n<li>Pruebas no destructivas: Para verificar que el producto est\u00e1 libre de defectos internos, utilice m\u00e9todos de ensayo no destructivos como el ensayo por l\u00edquidos penetrantes, el ensayo por part\u00edculas magn\u00e9ticas, etc. para descubrir fallos en los componentes de fundici\u00f3n a presi\u00f3n de aluminio.<\/li>\n<li>Establezca un sistema de trazabilidad del producto para identificar y registrar de forma exclusiva cada componente de fundici\u00f3n a presi\u00f3n de aluminio, incluidos los lotes de material, las fechas de fabricaci\u00f3n, los par\u00e1metros del proceso, etc., para facilitar la resoluci\u00f3n de problemas y la mejora de la calidad.<\/li>\n<li>Formaci\u00f3n y sensibilizaci\u00f3n: Impartir formaci\u00f3n a los operarios de producci\u00f3n para aumentar su concienciaci\u00f3n y sus capacidades en materia de control de calidad. Para fomentar la colaboraci\u00f3n y la mejora de la calidad, organice peri\u00f3dicamente actividades de formaci\u00f3n y comunicaci\u00f3n sobre calidad.<\/li>\n<\/ol>\n<p><img loading=\"lazy\" decoding=\"async\" class=\"alignnone size-full wp-image-1973\" src=\"http:\/\/mnwell.com\/wp-content\/uploads\/2023\/07\/AYU9596-e1688652039321.jpg\" alt=\"\" width=\"350\" height=\"525\" \/><\/p>\n<p><img loading=\"lazy\" decoding=\"async\" class=\"alignnone size-full wp-image-1985\" src=\"http:\/\/mnwell.com\/wp-content\/uploads\/2023\/07\/bc62196aa01b7adeaba4a2362274b8a.jpg\" alt=\"\" width=\"500\" height=\"333\" \/><\/p>","protected":false},"excerpt":{"rendered":"<p>Los componentes de fundici\u00f3n a presi\u00f3n de aluminio desempe\u00f1an un papel importante en la producci\u00f3n de una amplia gama de bienes en diversos sectores. El aluminio fundido se inyecta en moldes de alta presi\u00f3n y se moldea para obtener formas que cumplan las especificaciones de dise\u00f1o especificadas.<\/p>\n<p>Los componentes de fundici\u00f3n a presi\u00f3n de aluminio son una excelente opci\u00f3n para una amplia gama de aplicaciones. Por su rendimiento superior, fiabilidad y rentabilidad, son la primera opci\u00f3n de fabricantes de todo el mundo. Si necesita componentes de fundici\u00f3n a presi\u00f3n de aluminio de alta calidad, no tiene m\u00e1s que acudir a nuestra planta de fabricaci\u00f3n, que puede satisfacer todos sus requisitos.<\/p>","protected":false},"featured_media":2112,"template":"","meta":{"om_disable_all_campaigns":false,"_monsterinsights_skip_tracking":false,"_monsterinsights_sitenote_active":false,"_monsterinsights_sitenote_note":"","_monsterinsights_sitenote_category":0,"_uf_show_specific_survey":0,"_uf_disable_surveys":false,"site-sidebar-layout":"default","site-content-layout":"default","ast-global-header-display":"","ast-banner-title-visibility":"","ast-main-header-display":"","ast-hfb-above-header-display":"","ast-hfb-below-header-display":"","ast-hfb-mobile-header-display":"","site-post-title":"","ast-breadcrumbs-content":"","ast-featured-img":"","footer-sml-layout":"","theme-transparent-header-meta":"default","adv-header-id-meta":"","stick-header-meta":"","header-above-stick-meta":"","header-main-stick-meta":"","header-below-stick-meta":""},"product_cat":[18],"product_tag":[75,78,76,77],"aioseo_notices":[],"_links":{"self":[{"href":"https:\/\/mnwell.com\/es\/wp-json\/wp\/v2\/product\/2111"}],"collection":[{"href":"https:\/\/mnwell.com\/es\/wp-json\/wp\/v2\/product"}],"about":[{"href":"https:\/\/mnwell.com\/es\/wp-json\/wp\/v2\/types\/product"}],"wp:featuredmedia":[{"embeddable":true,"href":"https:\/\/mnwell.com\/es\/wp-json\/wp\/v2\/media\/2112"}],"wp:attachment":[{"href":"https:\/\/mnwell.com\/es\/wp-json\/wp\/v2\/media?parent=2111"}],"wp:term":[{"taxonomy":"product_cat","embeddable":true,"href":"https:\/\/mnwell.com\/es\/wp-json\/wp\/v2\/product_cat?post=2111"},{"taxonomy":"product_tag","embeddable":true,"href":"https:\/\/mnwell.com\/es\/wp-json\/wp\/v2\/product_tag?post=2111"}],"curies":[{"name":"wp","href":"https:\/\/api.w.org\/{rel}","templated":true}]}}