{"id":2179,"date":"2023-07-22T09:16:35","date_gmt":"2023-07-22T07:16:35","guid":{"rendered":"https:\/\/mnwell.com\/?post_type=product&#038;p=2179"},"modified":"2023-09-15T07:56:43","modified_gmt":"2023-09-15T05:56:43","slug":"aluminum-die-casting-auto-parts","status":"publish","type":"product","link":"https:\/\/mnwell.com\/es\/producto\/aluminum-die-casting-auto-parts\/","title":{"rendered":"piezas de aluminio para autom\u00f3viles"},"content":{"rendered":"<p>La fundici\u00f3n de aluminio a presi\u00f3n se ha convertido en el m\u00e9todo preferido de la industria automovil\u00edstica para fabricar componentes ligeros y fiables, lo que contribuye a crear veh\u00edculos m\u00e1s seguros y respetuosos con el medio ambiente. Gracias a esta tecnolog\u00eda, la industria automovil\u00edstica puede crear veh\u00edculos energ\u00e9ticamente eficientes y de alto rendimiento que cumplen las estrictas normas de ahorro de combustible y los objetivos de sostenibilidad.<\/p>\n<p>Las principales ventajas de la fundici\u00f3n a presi\u00f3n de aluminio en aplicaciones de automoci\u00f3n son su excelente transferencia de calor, acabado superficial y capacidad para producir piezas resistentes y de paredes finas sin comprometer la calidad. Los dos tipos principales de procesos de fundici\u00f3n a presi\u00f3n son la fundici\u00f3n a presi\u00f3n en caliente, en la que el metal se funde antes de la fundici\u00f3n, y la fundici\u00f3n a presi\u00f3n en c\u00e1mara fr\u00eda, que aplica presi\u00f3n al metal en un rango de 30 MPa a 150 MPa.<\/p>\n<p>Los materiales m\u00e1s utilizados en la fundici\u00f3n a presi\u00f3n son el zinc, el aluminio y el magnesio. Mientras que las piezas de fundici\u00f3n a presi\u00f3n de zinc ofrecen una gran resistencia al impacto y flexibilidad, las de aluminio destacan por su resistencia a la corrosi\u00f3n, conductividad t\u00e9rmica y el\u00e9ctrica, y estabilidad dimensional. Estas propiedades hacen que el aluminio sea ideal para componentes ligeros que mejoran el ahorro de combustible y ofrecen resistencia al calor y la fricci\u00f3n.<\/p>\n<p><img loading=\"lazy\" decoding=\"async\" class=\"alignnone size-full wp-image-2181\" src=\"http:\/\/mnwell.com\/wp-content\/uploads\/2023\/07\/timg-1111-\u526f\u672c.jpg\" alt=\"automotive aluminum die casting\" width=\"800\" height=\"800\" srcset=\"https:\/\/mnwell.com\/wp-content\/uploads\/2023\/07\/timg-1111-\u526f\u672c.jpg 800w, https:\/\/mnwell.com\/wp-content\/uploads\/2023\/07\/timg-1111-\u526f\u672c-150x150.jpg 150w, https:\/\/mnwell.com\/wp-content\/uploads\/2023\/07\/timg-1111-\u526f\u672c-768x768.jpg 768w, https:\/\/mnwell.com\/wp-content\/uploads\/2023\/07\/timg-1111-\u526f\u672c-300x300.jpg 300w, https:\/\/mnwell.com\/wp-content\/uploads\/2023\/07\/timg-1111-\u526f\u672c-600x600.jpg 600w, https:\/\/mnwell.com\/wp-content\/uploads\/2023\/07\/timg-1111-\u526f\u672c-100x100.jpg 100w\" sizes=\"(max-width: 800px) 100vw, 800px\" \/><\/p>\n<h3>Ventajas de la fundici\u00f3n a presi\u00f3n de aluminio en la industria del autom\u00f3vil<\/h3>\n<p>En la industria del autom\u00f3vil, la fundici\u00f3n de aluminio a presi\u00f3n ofrece varias ventajas, como componentes ligeros que mejoran la flexibilidad, la seguridad y la fiabilidad, al tiempo que son m\u00e1s respetuosos con el medio ambiente. El proceso es rentable, capaz de producir de cientos a miles de piezas al d\u00eda, y reduce los residuos, ahorrando tiempo y dinero tanto a fabricantes como a clientes.<\/p>\n<p>La tecnolog\u00eda de fundici\u00f3n a presi\u00f3n de precisi\u00f3n es fundamental en la evoluci\u00f3n de las piezas fundidas a presi\u00f3n para la industria de la automoci\u00f3n, ya que permite producir piezas met\u00e1licas con formas y profundidades variables. La fundici\u00f3n a presi\u00f3n ofrece m\u00faltiples opciones de acabado, producci\u00f3n r\u00e1pida, precisi\u00f3n dimensional y componentes ligeros pero resistentes, lo que la convierte en la opci\u00f3n preferida para fabricar piezas de motocicletas y autom\u00f3viles por su resistencia a la corrosi\u00f3n y su excelente relaci\u00f3n resistencia-peso.<\/p>\n<p>&nbsp;<\/p>\n<h4>Aplicaci\u00f3n<\/h4>\n<p>Debido a los diversos beneficios del aluminio en la fabricaci\u00f3n de autopartes, las piezas fundidas de aluminio son ampliamente empleadas en la industria automotriz. Las piezas fundidas a presi\u00f3n de aluminio se utilizan com\u00fanmente en autom\u00f3viles por las siguientes razones:<\/p>\n<ul>\n<li>Los componentes del motor, como las culatas, los bloques de cilindros, los c\u00e1rteres, los colectores de admisi\u00f3n y los alojamientos de las bombas de agua, suelen estar fabricados con piezas de fundici\u00f3n a presi\u00f3n de aluminio. La conductividad t\u00e9rmica superior del material de aluminio contribuye a mejorar la eficiencia de la refrigeraci\u00f3n y la estabilidad del motor a altas temperaturas.<\/li>\n<li>Cajas de cambios y transmisiones: Las cajas de cambios y las transmisiones se fabrican con piezas de fundici\u00f3n de aluminio. Estos componentes deben ser ligeros para mejorar la eficiencia de combustible y reducir el peso total del veh\u00edculo.<\/li>\n<li>Las piezas de fundici\u00f3n de aluminio tambi\u00e9n se utilizan para fabricar componentes del chasis, como brazos de suspensi\u00f3n, pinzas de freno, mu\u00f1ones de direcci\u00f3n y travesa\u00f1os. Para optimizar la maniobrabilidad del veh\u00edculo, estos componentes deben ser fuertes y r\u00edgidos, pero ligeros.<\/li>\n<li>Los cubos y las ruedas tambi\u00e9n se fabrican con frecuencia con aluminio fundido a presi\u00f3n. Las llantas de aluminio ligeras pueden mejorar el manejo del veh\u00edculo y la eficiencia del combustible al reducir el momento de inercia.<\/li>\n<li>Sistema de refrigeraci\u00f3n: La fundici\u00f3n a presi\u00f3n de aluminio es crucial en el sistema de refrigeraci\u00f3n del coche. Las carcasas de la bomba de agua y los protectores del radiador, por ejemplo, suelen ser de aluminio para garantizar que el sistema de refrigeraci\u00f3n funcione con eficacia.<\/li>\n<li>Los componentes de los sistemas de aire acondicionado de los autom\u00f3viles, como las carcasas de los compresores y los tubos de escape, suelen fabricarse con aluminio fundido a presi\u00f3n porque los materiales de aluminio dispersan f\u00e1cilmente el calor.<\/li>\n<\/ul>\n<p><img loading=\"lazy\" decoding=\"async\" class=\"alignnone size-full wp-image-2182\" src=\"http:\/\/mnwell.com\/wp-content\/uploads\/2023\/07\/timg-1212-\u526f\u672c.jpg\" alt=\"aluminium die casting auto parts\" width=\"800\" height=\"800\" srcset=\"https:\/\/mnwell.com\/wp-content\/uploads\/2023\/07\/timg-1212-\u526f\u672c.jpg 800w, https:\/\/mnwell.com\/wp-content\/uploads\/2023\/07\/timg-1212-\u526f\u672c-150x150.jpg 150w, https:\/\/mnwell.com\/wp-content\/uploads\/2023\/07\/timg-1212-\u526f\u672c-768x768.jpg 768w, https:\/\/mnwell.com\/wp-content\/uploads\/2023\/07\/timg-1212-\u526f\u672c-300x300.jpg 300w, https:\/\/mnwell.com\/wp-content\/uploads\/2023\/07\/timg-1212-\u526f\u672c-600x600.jpg 600w, https:\/\/mnwell.com\/wp-content\/uploads\/2023\/07\/timg-1212-\u526f\u672c-100x100.jpg 100w\" sizes=\"(max-width: 800px) 100vw, 800px\" \/><\/p>\n<p>&nbsp;<\/p>\n<p>&nbsp;<\/p>\n<h4>Acerca de Mindwell<\/h4>\n<p>Mindwell es un proveedor l\u00edder de <a href=\"https:\/\/mnwell.com\/es\/custom-die-casting\/\">servicios de fundici\u00f3n a presi\u00f3n de aluminio a medida<\/a> para diversas piezas de autom\u00f3vil. Sus productos s\u00f3lo pesan un tercio que las piezas de acero, lo que ofrece importantes ventajas de reducci\u00f3n de peso. La gama de autopartes de Mindwell incluye tanques enfriadores de aire, turbocompresores, colectores de admisi\u00f3n, carcasas de cajas de cambio y salidas de agua. La empresa cuenta con las certificaciones ISO 9001:2008 y TS16949:2009, y produce entre cientos y miles de piezas de autom\u00f3vil al d\u00eda, priorizando la mejora continua de la calidad y la entrega puntual. Mindwell ofrece un servicio integral, desde el dise\u00f1o del molde hasta la producci\u00f3n en serie, lo que ahorra costes y mano de obra a los clientes.<\/p>\n<p>Numerosos fabricantes de autom\u00f3viles \"Tier 1\" tienen sus propias plantas de fabricaci\u00f3n y adquieren autopartes de aluminio de Mindwell. Adem\u00e1s, los fabricantes de piezas de recambio conf\u00edan en Mindwell para dise\u00f1ar y producir piezas de alta calidad a precios competitivos.<\/p>\n<p><img loading=\"lazy\" decoding=\"async\" class=\"alignnone size-full wp-image-2103\" src=\"http:\/\/mnwell.com\/wp-content\/uploads\/2023\/07\/AYU9581.jpg\" alt=\"die casting factory\" width=\"750\" height=\"500\" srcset=\"https:\/\/mnwell.com\/wp-content\/uploads\/2023\/07\/AYU9581.jpg 750w, https:\/\/mnwell.com\/wp-content\/uploads\/2023\/07\/AYU9581-600x400.jpg 600w\" sizes=\"(max-width: 750px) 100vw, 750px\" \/><\/p>","protected":false},"excerpt":{"rendered":"<p>La fundici\u00f3n de aluminio a presi\u00f3n se ha convertido en el m\u00e9todo preferido de la industria automovil\u00edstica para fabricar componentes ligeros y fiables, lo que contribuye a crear veh\u00edculos m\u00e1s seguros y respetuosos con el medio ambiente. Gracias a esta tecnolog\u00eda, la industria automovil\u00edstica puede crear veh\u00edculos energ\u00e9ticamente eficientes y de alto rendimiento que cumplen las estrictas normas de ahorro de combustible y los objetivos de sostenibilidad.<\/p>\n<p>Las principales ventajas de la fundici\u00f3n a presi\u00f3n de aluminio en aplicaciones de automoci\u00f3n son su excelente transferencia de calor, acabado superficial y capacidad para producir piezas resistentes y de paredes finas sin comprometer la calidad. Los dos tipos principales de procesos de fundici\u00f3n a presi\u00f3n son la fundici\u00f3n a presi\u00f3n en caliente, en la que el metal se funde antes de la fundici\u00f3n, y la fundici\u00f3n a presi\u00f3n en c\u00e1mara fr\u00eda, que aplica presi\u00f3n al metal en un rango de 30 MPa a 150 MPa.<\/p>","protected":false},"featured_media":2180,"template":"","meta":{"om_disable_all_campaigns":false,"_monsterinsights_skip_tracking":false,"_monsterinsights_sitenote_active":false,"_monsterinsights_sitenote_note":"","_monsterinsights_sitenote_category":0,"_uf_show_specific_survey":0,"_uf_disable_surveys":false,"site-sidebar-layout":"default","site-content-layout":"default","ast-global-header-display":"","ast-banner-title-visibility":"","ast-main-header-display":"","ast-hfb-above-header-display":"","ast-hfb-below-header-display":"","ast-hfb-mobile-header-display":"","site-post-title":"","ast-breadcrumbs-content":"","ast-featured-img":"","footer-sml-layout":"","theme-transparent-header-meta":"default","adv-header-id-meta":"","stick-header-meta":"","header-above-stick-meta":"","header-main-stick-meta":"","header-below-stick-meta":""},"product_cat":[18],"product_tag":[129,126,130,60,127,128],"aioseo_notices":[],"_links":{"self":[{"href":"https:\/\/mnwell.com\/es\/wp-json\/wp\/v2\/product\/2179"}],"collection":[{"href":"https:\/\/mnwell.com\/es\/wp-json\/wp\/v2\/product"}],"about":[{"href":"https:\/\/mnwell.com\/es\/wp-json\/wp\/v2\/types\/product"}],"wp:featuredmedia":[{"embeddable":true,"href":"https:\/\/mnwell.com\/es\/wp-json\/wp\/v2\/media\/2180"}],"wp:attachment":[{"href":"https:\/\/mnwell.com\/es\/wp-json\/wp\/v2\/media?parent=2179"}],"wp:term":[{"taxonomy":"product_cat","embeddable":true,"href":"https:\/\/mnwell.com\/es\/wp-json\/wp\/v2\/product_cat?post=2179"},{"taxonomy":"product_tag","embeddable":true,"href":"https:\/\/mnwell.com\/es\/wp-json\/wp\/v2\/product_tag?post=2179"}],"curies":[{"name":"wp","href":"https:\/\/api.w.org\/{rel}","templated":true}]}}