{"id":3199,"date":"2023-09-17T16:10:21","date_gmt":"2023-09-17T14:10:21","guid":{"rendered":"https:\/\/mnwell.com\/?post_type=product&#038;p=3199"},"modified":"2023-09-17T16:14:37","modified_gmt":"2023-09-17T14:14:37","slug":"outdoor-cctv-security-camera-housing-aluminum-die-casting","status":"publish","type":"product","link":"https:\/\/mnwell.com\/es\/producto\/outdoor-cctv-security-camera-housing-aluminum-die-casting\/","title":{"rendered":"Carcasa de c\u00e1mara de seguridad CCTV para exteriores Fundici\u00f3n a presi\u00f3n de aluminio"},"content":{"rendered":"<p>La carcasa de fundici\u00f3n de aluminio para c\u00e1maras de seguridad CCTV de exterior es una carcasa fabricada con material de aleaci\u00f3n de aluminio para c\u00e1maras de vigilancia. Tiene funciones tales como impermeable, a prueba de polvo y a prueba de explosiones. El uso de materiales de aleaci\u00f3n de aluminio tiene las ventajas de alta resistencia y resistencia a la corrosi\u00f3n, y tambi\u00e9n es beneficioso para la disipaci\u00f3n de calor de los componentes electr\u00f3nicos de la c\u00e1mara, asegurando que la c\u00e1mara puede funcionar de forma fiable en ambientes al aire libre. Es una de las mejores opciones para la instalaci\u00f3n de c\u00e1maras en exteriores.<\/p>\n<p><img loading=\"lazy\" decoding=\"async\" class=\"alignnone size-full wp-image-3200\" src=\"http:\/\/mnwell.com\/wp-content\/uploads\/2023\/09\/AYU9519.webp\" alt=\"security camera housing outdoor\" width=\"800\" height=\"800\" srcset=\"https:\/\/mnwell.com\/wp-content\/uploads\/2023\/09\/AYU9519.webp 800w, https:\/\/mnwell.com\/wp-content\/uploads\/2023\/09\/AYU9519-150x150.webp 150w, https:\/\/mnwell.com\/wp-content\/uploads\/2023\/09\/AYU9519-768x768.webp 768w, https:\/\/mnwell.com\/wp-content\/uploads\/2023\/09\/AYU9519-300x300.webp 300w, https:\/\/mnwell.com\/wp-content\/uploads\/2023\/09\/AYU9519-600x600.webp 600w, https:\/\/mnwell.com\/wp-content\/uploads\/2023\/09\/AYU9519-100x100.webp 100w\" sizes=\"(max-width: 800px) 100vw, 800px\" \/><\/p>\n<h3>Ventajas de la carcasa de aluminio<\/h3>\n<ul>\n<li>Resistencia a la intemperie y a la corrosi\u00f3n: La carcasa de aleaci\u00f3n de aluminio tiene una excelente resistencia a la intemperie y puede soportar condiciones clim\u00e1ticas adversas como rayos ultravioleta, alta temperatura, baja temperatura, lluvia y tormentas en el entorno exterior. Tambi\u00e9n tiene una mayor resistencia a los productos qu\u00edmicos corrosivos.<\/li>\n<li>Peso ligero: La aleaci\u00f3n de aluminio es un material relativamente ligero, f\u00e1cil de instalar y transportar, y puede reducir la carga y la presi\u00f3n. Es adecuado para varias posiciones de instalaci\u00f3n y c\u00e1maras de gran altitud.<\/li>\n<li>Alta resistencia: El <a href=\"https:\/\/mnwell.com\/es\/what-is-aluminum-die-cast-housing\/\">carcasa de aluminio fundido a presi\u00f3n<\/a> tiene una gran resistencia y puede proteger eficazmente el equipo interno de la c\u00e1mara y reducir el riesgo de da\u00f1os.<\/li>\n<li>Rendimiento de disipaci\u00f3n del calor: La conductividad t\u00e9rmica de la aleaci\u00f3n de aluminio es excelente, lo que ayuda a disipar el calor generado por la c\u00e1mara y mantener estable la temperatura de funcionamiento del dispositivo.<\/li>\n<li>Precisi\u00f3n de mecanizado: La tecnolog\u00eda de fundici\u00f3n a presi\u00f3n de aluminio puede alcanzar un alto grado de precisi\u00f3n de mecanizado, lo que garantiza que el tama\u00f1o y la forma de la carcasa cumplan los requisitos de dise\u00f1o para adaptarse a la instalaci\u00f3n precisa del conjunto de la c\u00e1mara.<\/li>\n<li>Durabilidad: La carcasa de aleaci\u00f3n de aluminio tiene una excelente durabilidad y puede soportar la prueba del entorno exterior durante mucho tiempo, lo que reduce la frecuencia de mantenimiento y sustituci\u00f3n.<\/li>\n<li>Bonito aspecto: La carcasa de aleaci\u00f3n de aluminio tiene un aspecto moderno y bello, y es adecuada para su instalaci\u00f3n en lugares p\u00fablicos y exteriores de edificios. Tambi\u00e9n podemos realizar los procesos de tratamiento de superficie adecuados seg\u00fan sea necesario para mejorar el rendimiento de la carcasa de aluminio.<\/li>\n<li>Personalizaci\u00f3n: La tecnolog\u00eda de fundici\u00f3n a presi\u00f3n de aluminio permite la fabricaci\u00f3n de dise\u00f1os de carcasa personalizados para satisfacer los requisitos de diferentes modelos y marcas de c\u00e1maras, le invitamos a enviarnos los dibujos.<\/li>\n<\/ul>\n<p>Cuando se utiliza la carcasa de la c\u00e1mara de seguridad en exteriores, tambi\u00e9n se pueden considerar otros factores, como el rendimiento a prueba de agua, el rendimiento a prueba de polvo, los sujetadores, la gesti\u00f3n de cables, etc., para garantizar que la c\u00e1mara funcione de forma fiable en el entorno exterior y proporcione una vigilancia de alta calidad. En nuestra empresa, hemos personalizado productos de fundici\u00f3n a presi\u00f3n de aluminio de la serie de seguridad para muchas empresas. Tenemos ejemplos de accesorios de serie de seguridad. Si lo necesita, p\u00f3ngase en contacto con nosotros y se lo mostraremos. Por supuesto, podemos satisfacer principalmente diversos requisitos de vigilancia de seguridad. necesidades de dise\u00f1o personalizado.<\/p>\n<p>&nbsp;<\/p>\n<h3>Piezas fundidas a presi\u00f3n utilizadas en la fabricaci\u00f3n de sistemas de vigilancia exterior<\/h3>\n<ol>\n<li>Caja estanca de aleaci\u00f3n de aluminio: Generalmente hecha de material de aleaci\u00f3n de aluminio de alta resistencia, tiene funciones a prueba de agua, a prueba de polvo, a prueba de explosiones y otras.<\/li>\n<li>Piezas de fundici\u00f3n a presi\u00f3n de aleaci\u00f3n de aluminio: Generalmente hechas de materiales de aleaci\u00f3n de aluminio, tienen las caracter\u00edsticas de alta resistencia, resistencia a la corrosi\u00f3n, impermeabilidad, etc. Se utilizan en cubiertas traseras de c\u00e1maras, soportes, fijaciones, etc.<\/li>\n<li>Carcasa de aleaci\u00f3n de aluminio: Generalmente hecha de material de aleaci\u00f3n de aluminio, es impermeable, a prueba de polvo, a prueba de explosiones y otras funciones. Envuelve todo el sistema de monitorizaci\u00f3n en su conjunto y desempe\u00f1a una funci\u00f3n protectora.<\/li>\n<li>Carcasa de la c\u00e1mara de vigilancia de aleaci\u00f3n de aluminio: generalmente hecha de material de aleaci\u00f3n de aluminio, con funciones de impermeabilidad, a prueba de polvo, a prueba de explosiones y otras.<\/li>\n<\/ol>\n<p><img loading=\"lazy\" decoding=\"async\" class=\"alignnone size-full wp-image-3201\" src=\"http:\/\/mnwell.com\/wp-content\/uploads\/2023\/09\/AYU9515.webp\" alt=\"camera for outside house\" width=\"800\" height=\"800\" srcset=\"https:\/\/mnwell.com\/wp-content\/uploads\/2023\/09\/AYU9515.webp 800w, https:\/\/mnwell.com\/wp-content\/uploads\/2023\/09\/AYU9515-150x150.webp 150w, https:\/\/mnwell.com\/wp-content\/uploads\/2023\/09\/AYU9515-768x768.webp 768w, https:\/\/mnwell.com\/wp-content\/uploads\/2023\/09\/AYU9515-300x300.webp 300w, https:\/\/mnwell.com\/wp-content\/uploads\/2023\/09\/AYU9515-600x600.webp 600w, https:\/\/mnwell.com\/wp-content\/uploads\/2023\/09\/AYU9515-100x100.webp 100w\" sizes=\"(max-width: 800px) 100vw, 800px\" \/><\/p>\n<h4>tratamiento superficial<\/h4>\n<p>El proceso de tratamiento de la superficie del aluminio fundido a presi\u00f3n de la carcasa de la c\u00e1mara de seguridad para exteriores es muy importante, ya que puede aumentar la resistencia a la intemperie, la resistencia a la corrosi\u00f3n y la est\u00e9tica de la carcasa. A continuaci\u00f3n se indican los procesos habituales de tratamiento de superficies de las carcasas de aluminio fundido a presi\u00f3n:<\/p>\n<ol>\n<li>Anodizado: Se forma una pel\u00edcula de \u00f3xido en la superficie de la carcasa de aluminio sumergi\u00e9ndola en una soluci\u00f3n \u00e1cida que contiene electrolitos. El anodizado mejora la dureza y la resistencia a la abrasi\u00f3n y la corrosi\u00f3n de la carcasa, al tiempo que ofrece diversas opciones de color.<\/li>\n<li>Recubrimiento electrofor\u00e9tico: M\u00e9todo en el que la carcasa se sumerge en pintura y, a continuaci\u00f3n, se utiliza una corriente el\u00e9ctrica para depositar uniformemente la pintura sobre la superficie de la carcasa. As\u00ed se consigue un revestimiento uniforme que mejora la resistencia a la intemperie y la est\u00e9tica.<\/li>\n<li>Revestimiento por pulverizaci\u00f3n: Aplicar una capa de pintura a la cubierta, lo que puede proporcionar una gran variedad de colores y efectos superficiales. Pero hay que asegurarse de utilizar una pintura de alta calidad para garantizar la resistencia a la intemperie.<\/li>\n<li>Pintura en polvo: M\u00e9todo de pulverizaci\u00f3n electrost\u00e1tica de pintura en polvo sobre la superficie de la carcasa y posterior secado a altas temperaturas. El recubrimiento en polvo proporciona una superficie s\u00f3lida con gran resistencia al desgaste y la corrosi\u00f3n.<\/li>\n<li>Pulido y lijado: El pulido y lijado pueden a\u00f1adir brillo y suavidad superficial a la caja. Este m\u00e9todo se utiliza en aplicaciones que requieren superficies muy lisas y reflectantes.<\/li>\n<li>Chorro de arena: El chorro de arena es un m\u00e9todo para aumentar la rugosidad y la adherencia de la superficie mediante la exposici\u00f3n del revestimiento a un chorro de arena o gravilla a alta velocidad. Esto favorece la adherencia del revestimiento o la pintura.<\/li>\n<li>Impresi\u00f3n y etiquetado: Impresi\u00f3n o etiquetado de una caja para a\u00f1adir un logotipo, icono o mensaje de marca.<\/li>\n<\/ol>\n<p>A la hora de elegir un proceso de tratamiento de superficies, hay que tener en cuenta el uso espec\u00edfico, las condiciones ambientales y los requisitos est\u00e9ticos de la carcasa. Los distintos tratamientos superficiales pueden aportar diferentes caracter\u00edsticas de rendimiento y aspecto a la carcasa, por lo que la elecci\u00f3n debe basarse en las necesidades espec\u00edficas.<\/p>\n<p>&nbsp;<\/p>\n<h3>Nuestro proceso de producci\u00f3n<\/h3>\n<p>En Mindwell, despu\u00e9s de recibir sus dibujos, tendremos una comunicaci\u00f3n profunda con usted y le daremos muestras de producci\u00f3n. Despu\u00e9s de pasar la prueba de la muestra, la fabricaci\u00f3n por lotes de nuestras carcasas de aluminio para monitoreo de exteriores requiere de los siguientes pasos:<\/p>\n<ul>\n<li>Preparar materiales de aleaci\u00f3n de aluminio.<\/li>\n<li>Los materiales de aleaci\u00f3n de aluminio se calientan a una temperatura determinada.<\/li>\n<li>Coloque el material de aleaci\u00f3n de aluminio calentado en el molde de fundici\u00f3n a presi\u00f3n.<\/li>\n<li>El molde se cierra y se aplica presi\u00f3n para fundir el material de aleaci\u00f3n de aluminio y rellenar la cavidad del molde.<\/li>\n<li>Mant\u00e9ngalo bajo presi\u00f3n durante un tiempo hasta que el material de aleaci\u00f3n de aluminio se solidifique.<\/li>\n<li>Abra el molde y saque la aleaci\u00f3n de aluminio fundida a presi\u00f3n.<\/li>\n<li>Limpiar, desbarbar e inspeccionar piezas de fundici\u00f3n a presi\u00f3n de aleaci\u00f3n de aluminio.<\/li>\n<li>La superficie se roc\u00eda con un revestimiento impermeable.<\/li>\n<li>Coloca una c\u00e1mara u otros accesorios.<\/li>\n<li>Inspecci\u00f3n y entrega de productos acabados.<\/li>\n<\/ul>\n<p>Mindwell es una empresa de procesamiento de hardware ubicada en Xiamen, China. La ventaja de nuestra empresa es que cuenta con ingenieros t\u00e9cnicos profesionales y un sistema de servicio posventa de alta calidad. Podemos ofrecerle un presupuesto r\u00e1pido y un servicio posventa completo. Para la <a href=\"https:\/\/mnwell.com\/es\/custom-die-casting\/\">piezas de fundici\u00f3n a presi\u00f3n personalizadas<\/a> que desee, le ofrecemos soluciones integrales a la carta, desde el dise\u00f1o del producto hasta su montaje y embalaje, ahorr\u00e1ndole la molestia de comunicarse con varios proveedores.<\/p>\n<p><img loading=\"lazy\" decoding=\"async\" class=\"alignnone size-full wp-image-3189\" src=\"http:\/\/mnwell.com\/wp-content\/uploads\/2023\/09\/die-casting-machine.webp\" alt=\"die-casting\" width=\"750\" height=\"500\" srcset=\"https:\/\/mnwell.com\/wp-content\/uploads\/2023\/09\/die-casting-machine.webp 750w, https:\/\/mnwell.com\/wp-content\/uploads\/2023\/09\/die-casting-machine-600x400.webp 600w\" sizes=\"(max-width: 750px) 100vw, 750px\" \/><\/p>","protected":false},"excerpt":{"rendered":"<p>La carcasa de fundici\u00f3n de aluminio para c\u00e1maras de seguridad CCTV de exterior es una carcasa fabricada con material de aleaci\u00f3n de aluminio para c\u00e1maras de vigilancia. Tiene funciones tales como impermeable, a prueba de polvo y a prueba de explosiones. El uso de materiales de aleaci\u00f3n de aluminio tiene las ventajas de alta resistencia y resistencia a la corrosi\u00f3n, y tambi\u00e9n es beneficioso para la disipaci\u00f3n de calor de los componentes electr\u00f3nicos de la c\u00e1mara, asegurando que la c\u00e1mara puede funcionar de forma fiable en ambientes al aire libre. Es una de las mejores opciones para la instalaci\u00f3n de c\u00e1maras en exteriores.<\/p>","protected":false},"featured_media":3200,"template":"","meta":{"om_disable_all_campaigns":false,"_monsterinsights_skip_tracking":false,"_monsterinsights_sitenote_active":false,"_monsterinsights_sitenote_note":"","_monsterinsights_sitenote_category":0,"_uf_show_specific_survey":0,"_uf_disable_surveys":false,"site-sidebar-layout":"default","site-content-layout":"default","ast-global-header-display":"","ast-banner-title-visibility":"","ast-main-header-display":"","ast-hfb-above-header-display":"","ast-hfb-below-header-display":"","ast-hfb-mobile-header-display":"","site-post-title":"","ast-breadcrumbs-content":"","ast-featured-img":"","footer-sml-layout":"","theme-transparent-header-meta":"default","adv-header-id-meta":"","stick-header-meta":"","header-above-stick-meta":"","header-main-stick-meta":"","header-below-stick-meta":""},"product_cat":[18],"product_tag":[265,266,262,263,261,264,260],"aioseo_notices":[],"_links":{"self":[{"href":"https:\/\/mnwell.com\/es\/wp-json\/wp\/v2\/product\/3199"}],"collection":[{"href":"https:\/\/mnwell.com\/es\/wp-json\/wp\/v2\/product"}],"about":[{"href":"https:\/\/mnwell.com\/es\/wp-json\/wp\/v2\/types\/product"}],"wp:featuredmedia":[{"embeddable":true,"href":"https:\/\/mnwell.com\/es\/wp-json\/wp\/v2\/media\/3200"}],"wp:attachment":[{"href":"https:\/\/mnwell.com\/es\/wp-json\/wp\/v2\/media?parent=3199"}],"wp:term":[{"taxonomy":"product_cat","embeddable":true,"href":"https:\/\/mnwell.com\/es\/wp-json\/wp\/v2\/product_cat?post=3199"},{"taxonomy":"product_tag","embeddable":true,"href":"https:\/\/mnwell.com\/es\/wp-json\/wp\/v2\/product_tag?post=3199"}],"curies":[{"name":"wp","href":"https:\/\/api.w.org\/{rel}","templated":true}]}}