{"id":3509,"date":"2023-10-23T17:43:14","date_gmt":"2023-10-23T15:43:14","guid":{"rendered":"https:\/\/mnwell.com\/?post_type=product&#038;p=3509"},"modified":"2023-10-23T17:44:39","modified_gmt":"2023-10-23T15:44:39","slug":"custom-die-cast-aluminum-junction-box","status":"publish","type":"product","link":"https:\/\/mnwell.com\/es\/producto\/custom-die-cast-aluminum-junction-box\/","title":{"rendered":"Caja de conexiones de aluminio fundido a medida"},"content":{"rendered":"<p>Personalizamos la caja de conexiones de aluminio fundido a presi\u00f3n para nuestros clientes, proporcionamos una soluci\u00f3n integral desde el dise\u00f1o del molde, la fundici\u00f3n a presi\u00f3n por lotes, el procesamiento secundario, el tratamiento superficial y el servicio de embalaje.<\/p>\n<p>La caja de conexiones de aluminio fundido a presi\u00f3n es una caja el\u00e9ctrica vers\u00e1til dise\u00f1ada para almacenar y proteger de forma segura las conexiones de cableado. Las cajas de conexiones de aluminio fundido a presi\u00f3n est\u00e1n fabricadas con aluminio fundido a presi\u00f3n de alta calidad resistente a la corrosi\u00f3n. Este material robusto garantiza la durabilidad y el rendimiento duradero en una variedad de entornos y se utiliza com\u00fanmente para los puertos de cableado en la iluminaci\u00f3n del hogar, electrodom\u00e9sticos, medidores y otros equipos.<\/p>\n<h3>Caracter\u00edsticas principales<\/h3>\n<ol>\n<li>Nuestras cajas de conexiones son resistentes a la corrosi\u00f3n y a las inclemencias del tiempo, por lo que son perfectas para su uso tanto en interiores como en exteriores. Garantizan la integridad de la conexi\u00f3n ofreciendo una protecci\u00f3n fiable contra la corrosi\u00f3n.<\/li>\n<li>CONEXIONES SEGURAS DE CABLES Y ALAMBRES: Con nuestras cajas de conexiones, puede estar seguro de que sus conexiones el\u00e9ctricas est\u00e1n protegidas de da\u00f1os e interferencias y contenidas de forma segura dentro de la caja.<\/li>\n<li>Tama\u00f1o, forma y tama\u00f1o: Su <a href=\"https:\/\/mnwell.com\/es\/aluminum-die-casting\/\">aluminio fundido a presi\u00f3n<\/a> puede adaptarse a sus necesidades de uso.<\/li>\n<li>Versatilidad: Nuestras cajas de conexiones de aluminio fundido a presi\u00f3n se utilizan en aplicaciones el\u00e9ctricas, industriales y de exterior, entre otros sectores. Nuestras cajas de conexiones son capaces de proteger cables en paneles de distribuci\u00f3n, instalaciones exteriores y f\u00e1bricas.<\/li>\n<li>F\u00c1CIL DE INSTALAR: Instalar una de nuestras cajas de conexiones es muy sencillo. Con cada compra, se incluyen instrucciones detalladas y la torniller\u00eda necesaria.<\/li>\n<li>SEGURIDAD GARANTIZADA: Cuando se trabaja con conexiones el\u00e9ctricas, la seguridad es de suma importancia. Nuestras cajas de derivaci\u00f3n garantizan que su cableado sea seguro, reduciendo la posibilidad de percances y peligros el\u00e9ctricos.<\/li>\n<\/ol>\n<h3>V\u00eddeo de presentaci\u00f3n de productos<\/h3>\n<div class=\"ast-oembed-container\" style=\"height: 100%;\"><iframe loading=\"lazy\" title=\"caja de conexiones de aluminio fundido a presi\u00f3n\" width=\"500\" height=\"281\" src=\"https:\/\/www.youtube.com\/embed\/0bk8anFZT4s?feature=oembed\" frameborder=\"0\" allow=\"accelerometer; autoplay; clipboard-write; encrypted-media; gyroscope; picture-in-picture; web-share\" allowfullscreen><\/iframe><\/div>\n<p>&nbsp;<\/p>\n<h3>Ventajas y beneficios<\/h3>\n<ul>\n<li>LAS CAJAS DE EMPALMES EST\u00c1N HECHAS PARA DURAR, INCLUSO EN CONDICIONES DURAS, GRACIAS A NUESTRA CONSTRUCCI\u00d3N EN ALUMINIO FUNDIDO A PRESI\u00d3N.<\/li>\n<li>Resistencia a la intemperie: No importa el entorno, nuestras cajas de conexiones ofrecen una resistencia fiable a la intemperie para salvaguardar sus conexiones el\u00e9ctricas.<\/li>\n<li>Protecci\u00f3n: Nuestras cajas de conexiones ofrecen una excelente defensa contra el deterioro y la humedad que podr\u00edan da\u00f1ar su cable.<\/li>\n<li>Versatilidad: Nuestras cajas de conexiones funcionan bien en una gran variedad de situaciones, desde instalaciones exteriores hasta instalaciones industriales.<\/li>\n<\/ul>\n<h4>Pasos para instalar cajas de conexiones de aluminio fundido a presi\u00f3n:<\/h4>\n<ol>\n<li>Fije la caja de conexiones al cuerpo de la b\u00e1scula en un lugar adecuado y abra la tapa superior de la caja de conexiones.<\/li>\n<li>Pase el cable del sensor y el cable de se\u00f1al del instrumento a trav\u00e9s de la interfaz correspondiente de la caja de conexiones, conecte todos los cables y apriete todas las tuercas cuando haya terminado. Tape las interfaces no utilizadas con juntas de goma de sellado o cemento de caucho, y apriete las tuercas al mismo tiempo.<\/li>\n<li>Conecte el blindaje exterior de todos los cables al poste de conexi\u00f3n a tierra de la caja de conexiones.<\/li>\n<li>De acuerdo con el tama\u00f1o de la se\u00f1al de salida del sensor, ajuste el potenci\u00f3metro correspondiente. (Nota: el potenci\u00f3metro no debe ajustarse por la parte superior.) Tras la puesta en servicio, la tapa superior de la caja de conexiones debe cerrarse y apretarse con tornillos.<\/li>\n<\/ol>\n<p><img loading=\"lazy\" decoding=\"async\" class=\"alignnone size-full wp-image-3510\" src=\"http:\/\/mnwell.com\/wp-content\/uploads\/2023\/10\/\u5fae\u4fe1\u56fe\u7247_20231023223324.png\" alt=\"die cast aluminum junction box\" width=\"892\" height=\"892\" srcset=\"https:\/\/mnwell.com\/wp-content\/uploads\/2023\/10\/\u5fae\u4fe1\u56fe\u7247_20231023223324.png 892w, https:\/\/mnwell.com\/wp-content\/uploads\/2023\/10\/\u5fae\u4fe1\u56fe\u7247_20231023223324-150x150.png 150w, https:\/\/mnwell.com\/wp-content\/uploads\/2023\/10\/\u5fae\u4fe1\u56fe\u7247_20231023223324-768x768.png 768w, https:\/\/mnwell.com\/wp-content\/uploads\/2023\/10\/\u5fae\u4fe1\u56fe\u7247_20231023223324-12x12.png 12w, https:\/\/mnwell.com\/wp-content\/uploads\/2023\/10\/\u5fae\u4fe1\u56fe\u7247_20231023223324-300x300.png 300w, https:\/\/mnwell.com\/wp-content\/uploads\/2023\/10\/\u5fae\u4fe1\u56fe\u7247_20231023223324-600x600.png 600w, https:\/\/mnwell.com\/wp-content\/uploads\/2023\/10\/\u5fae\u4fe1\u56fe\u7247_20231023223324-100x100.png 100w\" sizes=\"(max-width: 892px) 100vw, 892px\" \/><\/p>\n<h4>\u00bfCu\u00e1les son las ventajas de las cajas de empalmes de aluminio fundido a presi\u00f3n?<\/h4>\n<p>Sus conexiones el\u00e9ctricas est\u00e1n protegidas de la corrosi\u00f3n, el deterioro y el desgaste con las cajas de conexiones de aluminio fundido a presi\u00f3n. Es perfecta para muchos usos diferentes.<\/p>\n<ol>\n<li>Precisi\u00f3n: Las cajas de conexiones de aluminio fundido a presi\u00f3n son famosas por su excelente metodolog\u00eda de fabricaci\u00f3n y su precisi\u00f3n de producci\u00f3n excepcionalmente alta. Esto las hace perfectas para equipos el\u00e9ctricos de precisi\u00f3n, ya que garantizan exactitud y consistencia.<\/li>\n<li>El aluminio fundido a presi\u00f3n proporciona una excelente eficiencia energ\u00e9tica tanto en la fabricaci\u00f3n como en el funcionamiento. Su gran conductividad t\u00e9rmica y su construcci\u00f3n ligera ayudan a reducir el consumo de energ\u00eda. Como resultado, se derrochar\u00e1 menos energ\u00eda, se gastar\u00e1 menos dinero en energ\u00eda y se reducir\u00e1 el impacto medioambiental.<\/li>\n<li>Fiable y seguro: Las conexiones el\u00e9ctricas est\u00e1n protegidas por cajas de conexiones de aluminio fundido. El peligro de fallo el\u00e9ctrico disminuye porque ofrecen una defensa fiable contra la humedad, la corrosi\u00f3n y la entrada de materiales extra\u00f1os.<\/li>\n<li>Amplia gama de aplicaciones: La distribuci\u00f3n de energ\u00eda, los controles industriales, las comunicaciones electr\u00f3nicas y los m\u00f3dulos solares son s\u00f3lo algunos de los muchos usos de las cajas de conexiones de aluminio fundido a presi\u00f3n. Pueden adaptarse a los requisitos de muchos sectores, desde sistemas el\u00e9ctricos b\u00e1sicos de baja tensi\u00f3n hasta sofisticados aparatos electr\u00f3nicos.<\/li>\n<li>Larga vida \u00fatil: Gracias a la resistencia del aluminio fundido a presi\u00f3n, las cajas de conexiones pueden utilizarse durante largos periodos de tiempo con menos mantenimiento y sustituciones peri\u00f3dicas. Esto reduce los costes de mantenimiento y aumenta la fiabilidad.<\/li>\n<li>Respetuoso con el medio ambiente: El aluminio fundido a presi\u00f3n es un material reciclable, lo que reduce el desperdicio de recursos y los efectos perjudiciales para el medio ambiente. Adem\u00e1s, su procedimiento de producci\u00f3n produce normalmente menos emisiones de carbono.<\/li>\n<li>Resistencia a la corrosi\u00f3n: El aluminio fundido a presi\u00f3n recibe un tratamiento superficial exclusivo que aumenta su resistencia a la corrosi\u00f3n y le permite mantener su excepcional rendimiento en circunstancias clim\u00e1ticas dif\u00edciles. Para aplicaciones en exteriores o lugares h\u00famedos, esto es crucial.<\/li>\n<li>Las cajas de empalmes de aluminio fundido a presi\u00f3n se presentan en una gran variedad de tama\u00f1os y formas para adaptarse a los distintos requisitos de instalaci\u00f3n. Puede descubrir el modelo adecuado tanto si dispone de una peque\u00f1a superficie como de una enorme ubicaci\u00f3n industrial.<\/li>\n<\/ol>\n<p>En resumen, los atributos de rendimiento, fiabilidad, eficiencia energ\u00e9tica o sostenibilidad que hacen de las cajas de conexiones de aluminio fundido a presi\u00f3n la mejor elecci\u00f3n para el sector el\u00e9ctrico y electr\u00f3nico.<\/p>\n<p>&nbsp;<\/p>\n<h3>\u00bfC\u00f3mo elegir el tama\u00f1o adecuado de una caja de empalmes?<\/h3>\n<ol>\n<li>Elija el tama\u00f1o adecuado en funci\u00f3n del n\u00famero y tama\u00f1o de los cables o hilos que deba alojar. Aseg\u00farate de que hay espacio suficiente para una instalaci\u00f3n correcta.<\/li>\n<li>Dependiendo del tama\u00f1o de la caja el\u00e9ctrica, ser\u00e1 necesario seguir un conjunto diferente de criterios para dimensionar la caja de conexiones si el tama\u00f1o de la caja es superior a 4 AWG; si el tama\u00f1o de la caja es inferior o igual a 4 AWG, se puede utilizar la tabla de NEC 314.16 para determinar el tama\u00f1o m\u00ednimo de la caja de conexiones.<\/li>\n<\/ol>\n<p>Adem\u00e1s, las dimensiones de las cajas de conexiones var\u00edan de un modelo a otro, por ejemplo, las cajas de conexiones del modelo 86 son cuadradas 86 x 86 y rectangulares 146 x 86; las cajas de conexiones del modelo 120 son 74 x 120 y 120 x 1202.<\/p>\n<p>&nbsp;<\/p>\n<h3>\u00bfCu\u00e1l es el grado de protecci\u00f3n IP de las cajas de derivaci\u00f3n para exteriores?<\/h3>\n<p>Para uso en exteriores, se recomienda utilizar una caja de conexiones con un grado de protecci\u00f3n IP65 o superior para evitar la entrada de polvo y agua. Esto garantiza que las conexiones permanezcan seguras en cualquier condici\u00f3n meteorol\u00f3gica.<\/p>\n<h3>\u00bfCu\u00e1les son las ventajas de las cajas de empalmes de aluminio fundido a presi\u00f3n frente a otros materiales?<\/h3>\n<p>El aluminio fundido a presi\u00f3n ofrece una durabilidad y una resistencia a la corrosi\u00f3n superiores a las de materiales como el pl\u00e1stico. Es una opci\u00f3n fiable para aplicaciones exigentes con las siguientes ventajas:<\/p>\n<ul>\n<li>Buena disipaci\u00f3n del calor: la aleaci\u00f3n de aluminio fundido a presi\u00f3n tiene mejor conductividad t\u00e9rmica, lo que favorece la distribuci\u00f3n del calor generado durante el funcionamiento de las cajas y armarios el\u00e9ctricos.<\/li>\n<li>Blindaje electromagn\u00e9tico: la caja de conexiones de aluminio fundido a presi\u00f3n tiene un mejor rendimiento de blindaje electromagn\u00e9tico, lo que puede evitar interferencias electromagn\u00e9ticas.<\/li>\n<li>Antiest\u00e1tica: superficie lisa de la caja de empalmes de aluminio fundido a presi\u00f3n, no es f\u00e1cil que se produzca electricidad est\u00e1tica.<\/li>\n<li>Ign\u00edfugo: la caja de conexiones de aluminio fundido a presi\u00f3n tiene un buen rendimiento ign\u00edfugo, que puede evitar que la caja el\u00e9ctrica y el armario se incendien durante el funcionamiento.<\/li>\n<li>F\u00e1cil de instalar: la caja de empalmes de aluminio fundido a presi\u00f3n es f\u00e1cil de instalar, c\u00f3moda de manejar para el personal de construcci\u00f3n.<\/li>\n<\/ul>\n<p><img loading=\"lazy\" decoding=\"async\" class=\"alignnone size-full wp-image-3246\" src=\"http:\/\/mnwell.com\/wp-content\/uploads\/2023\/09\/die-casting-parts-2.webp\" alt=\"die casting parts\" width=\"750\" height=\"500\" srcset=\"https:\/\/mnwell.com\/wp-content\/uploads\/2023\/09\/die-casting-parts-2.webp 750w, https:\/\/mnwell.com\/wp-content\/uploads\/2023\/09\/die-casting-parts-2-600x400.webp 600w\" sizes=\"(max-width: 750px) 100vw, 750px\" \/><\/p>\n<h3>\u00bfPor qu\u00e9 elegirnos?<\/h3>\n<p>Al personalizar su caja de conexiones de aluminio fundido a presi\u00f3n, lo primero y m\u00e1s importante es su durabilidad superior, que la convierte en una soluci\u00f3n fiable a largo plazo. Tanto si se coloca en condiciones clim\u00e1ticas adversas como si tiene que lidiar con sistemas el\u00e9ctricos de alta tensi\u00f3n, nuestras cajas de conexiones est\u00e1n fabricadas para durar, lo que reduce la frecuencia de mantenimiento y sustituci\u00f3n, ahorrando tiempo y dinero.<\/p>\n<p>En segundo lugar, su excelente resistencia al agua hace que nuestras cajas de conexiones personalizadas de aluminio fundido a presi\u00f3n sean la opci\u00f3n preferida para exteriores y entornos h\u00famedos. Tanto si llueve a c\u00e1ntaros como si nieva o en climas h\u00famedos, le garantiza que sus conexiones el\u00e9ctricas estar\u00e1n siempre seguras. Puede contar con ella para proteger sus componentes electr\u00f3nicos de la humedad y la corrosi\u00f3n.<\/p>\n<p>Por \u00faltimo, la versatilidad es una de las principales ventajas de nuestros productos. En Mindwell, no s\u00f3lo para la distribuci\u00f3n de energ\u00eda y el control industrial, sino tambi\u00e9n para una amplia gama de aplicaciones, como las comunicaciones electr\u00f3nicas y los paneles solares. No importa lo grande o vers\u00e1til que sea su proyecto, podemos satisfacer sus necesidades personalizadas.<\/p>\n<p>Ahora es el momento de elegir cajas de conexiones de aluminio fundido a presi\u00f3n de alta calidad y alto rendimiento que garanticen la seguridad y fiabilidad de sus conexiones el\u00e9ctricas, prolonguen la vida \u00fatil de sus equipos, reduzcan los costes de mantenimiento y, al mismo tiempo, sean m\u00e1s respetuosas con el medio ambiente. P\u00f3ngase en contacto con nosotros hoy mismo.<\/p>","protected":false},"excerpt":{"rendered":"<p>caja de conexiones de aluminio fundido a presi\u00f3n Especificaciones:<\/p>\n<p>Material: Aluminio fundido a presi\u00f3n<br \/>\nTalla: Personalizado<br \/>\nAcabados: Pintura en polvo, anodizado, etc.<br \/>\nClasificaci\u00f3n IP: IP65, IP66, IP67<br \/>\nCertificaci\u00f3n: ISO 9001:2015,CE<br \/>\nEmbalaje: Bolsa de burbujas<br \/>\nColor: Color personalizado<br \/>\nOrigen: China<br \/>\nTemperatura de trabajo: -40\u2103 a 120\u2103;<br \/>\nAspecto de la caja: antiinterferencias de RF, f\u00e1cil de trabajar<br \/>\nInstalaci\u00f3n: el soporte de montaje externo permite montar la caja en la pared o en el panel.<br \/>\nProtecci\u00f3n: tira de sellado de silicona, buen rendimiento de sellado, impermeable, antipolvo, anticorrosi\u00f3n<\/p>","protected":false},"featured_media":3510,"template":"","meta":{"om_disable_all_campaigns":false,"_monsterinsights_skip_tracking":false,"_monsterinsights_sitenote_active":false,"_monsterinsights_sitenote_note":"","_monsterinsights_sitenote_category":0,"_uf_show_specific_survey":0,"_uf_disable_surveys":false,"site-sidebar-layout":"default","site-content-layout":"default","ast-global-header-display":"","ast-banner-title-visibility":"","ast-main-header-display":"","ast-hfb-above-header-display":"","ast-hfb-below-header-display":"","ast-hfb-mobile-header-display":"","site-post-title":"","ast-breadcrumbs-content":"","ast-featured-img":"","footer-sml-layout":"","theme-transparent-header-meta":"default","adv-header-id-meta":"","stick-header-meta":"","header-above-stick-meta":"","header-main-stick-meta":"","header-below-stick-meta":""},"product_cat":[18],"product_tag":[358,355,356,353,352,350,357,351,354],"aioseo_notices":[],"_links":{"self":[{"href":"https:\/\/mnwell.com\/es\/wp-json\/wp\/v2\/product\/3509"}],"collection":[{"href":"https:\/\/mnwell.com\/es\/wp-json\/wp\/v2\/product"}],"about":[{"href":"https:\/\/mnwell.com\/es\/wp-json\/wp\/v2\/types\/product"}],"wp:featuredmedia":[{"embeddable":true,"href":"https:\/\/mnwell.com\/es\/wp-json\/wp\/v2\/media\/3510"}],"wp:attachment":[{"href":"https:\/\/mnwell.com\/es\/wp-json\/wp\/v2\/media?parent=3509"}],"wp:term":[{"taxonomy":"product_cat","embeddable":true,"href":"https:\/\/mnwell.com\/es\/wp-json\/wp\/v2\/product_cat?post=3509"},{"taxonomy":"product_tag","embeddable":true,"href":"https:\/\/mnwell.com\/es\/wp-json\/wp\/v2\/product_tag?post=3509"}],"curies":[{"name":"wp","href":"https:\/\/api.w.org\/{rel}","templated":true}]}}