{"id":4025,"date":"2024-01-29T14:20:15","date_gmt":"2024-01-29T13:20:15","guid":{"rendered":"https:\/\/mnwell.com\/?post_type=product&#038;p=4025"},"modified":"2024-01-29T14:20:30","modified_gmt":"2024-01-29T13:20:30","slug":"aluminum-die-cast-motor-housing","status":"publish","type":"product","link":"https:\/\/mnwell.com\/es\/producto\/aluminum-die-cast-motor-housing\/","title":{"rendered":"Carcasa del motor de aluminio fundido a presi\u00f3n"},"content":{"rendered":"<p>La carcasa del motor de aluminio fundido a presi\u00f3n es un componente crucial en diversas aplicaciones industriales y comerciales. Su excelente protecci\u00f3n y soporte para motores el\u00e9ctricos garantiza su vida \u00fatil y el m\u00e1ximo rendimiento. En la construcci\u00f3n de esta carcasa de motor se utiliza una aleaci\u00f3n de aluminio superior, que proporciona una resistencia, durabilidad y caracter\u00edsticas de disipaci\u00f3n del calor excepcionales.<\/p>\n<p><img loading=\"lazy\" decoding=\"async\" class=\"alignnone wp-image-4026 size-full\" src=\"http:\/\/mnwell.com\/wp-content\/uploads\/2024\/01\/IMG_20231021_121126_1-1.jpg\" alt=\"Aluminum Die-Cast Motor Housing\" width=\"800\" height=\"800\" srcset=\"https:\/\/mnwell.com\/wp-content\/uploads\/2024\/01\/IMG_20231021_121126_1-1.jpg 800w, https:\/\/mnwell.com\/wp-content\/uploads\/2024\/01\/IMG_20231021_121126_1-1-150x150.jpg 150w, https:\/\/mnwell.com\/wp-content\/uploads\/2024\/01\/IMG_20231021_121126_1-1-768x768.jpg 768w, https:\/\/mnwell.com\/wp-content\/uploads\/2024\/01\/IMG_20231021_121126_1-1-12x12.jpg 12w, https:\/\/mnwell.com\/wp-content\/uploads\/2024\/01\/IMG_20231021_121126_1-1-300x300.jpg 300w, https:\/\/mnwell.com\/wp-content\/uploads\/2024\/01\/IMG_20231021_121126_1-1-600x600.jpg 600w, https:\/\/mnwell.com\/wp-content\/uploads\/2024\/01\/IMG_20231021_121126_1-1-100x100.jpg 100w\" sizes=\"(max-width: 800px) 100vw, 800px\" \/> <img loading=\"lazy\" decoding=\"async\" class=\"alignnone size-medium wp-image-4027\" src=\"http:\/\/mnwell.com\/wp-content\/uploads\/2024\/01\/IMG_20231021_120937.jpg\" alt=\"\" width=\"800\" height=\"800\" srcset=\"https:\/\/mnwell.com\/wp-content\/uploads\/2024\/01\/IMG_20231021_120937.jpg 800w, https:\/\/mnwell.com\/wp-content\/uploads\/2024\/01\/IMG_20231021_120937-150x150.jpg 150w, https:\/\/mnwell.com\/wp-content\/uploads\/2024\/01\/IMG_20231021_120937-768x768.jpg 768w, https:\/\/mnwell.com\/wp-content\/uploads\/2024\/01\/IMG_20231021_120937-12x12.jpg 12w, https:\/\/mnwell.com\/wp-content\/uploads\/2024\/01\/IMG_20231021_120937-300x300.jpg 300w, https:\/\/mnwell.com\/wp-content\/uploads\/2024\/01\/IMG_20231021_120937-600x600.jpg 600w, https:\/\/mnwell.com\/wp-content\/uploads\/2024\/01\/IMG_20231021_120937-100x100.jpg 100w\" sizes=\"(max-width: 800px) 100vw, 800px\" \/><\/p>\n<h3>Caracter\u00edsticas<\/h3>\n<ul>\n<li>Construcci\u00f3n robusta: La carcasa del motor es de aleaci\u00f3n de aluminio, conocida por su excepcional durabilidad y resistencia a la corrosi\u00f3n. Esto garantiza la capacidad de la carcasa para soportar circunstancias de trabajo dif\u00edciles y ofrece al motor una protecci\u00f3n fiable.<\/li>\n<li>Disipaci\u00f3n del calor: La carcasa del motor puede dispersar eficazmente el calor producido durante el funcionamiento del motor, ya que el aluminio es un gran conductor del calor. Esto garantiza el m\u00e1ximo rendimiento y fiabilidad a la vez que ayuda a prevenir el sobrecalentamiento.<\/li>\n<li>Ligereza: El aluminio es un material ligero con una gran resistencia en comparaci\u00f3n con otros materiales. Esto reduce el peso total del conjunto del motor y hace que la carcasa del motor sea m\u00e1s f\u00e1cil de manejar durante la instalaci\u00f3n y el mantenimiento.<\/li>\n<li>Excelente conductividad el\u00e9ctrica: La transmisi\u00f3n interna de energ\u00eda el\u00e9ctrica del motor es posible gracias a la excelente conductividad el\u00e9ctrica del aluminio. Esto favorece un funcionamiento eficiente y reduce la p\u00e9rdida de energ\u00eda.<\/li>\n<li>Protecci\u00f3n: La carcasa del motor ofrece un cerramiento que mantiene las piezas internas del motor a salvo de impurezas como la humedad y el polvo que podr\u00edan da\u00f1arlas o perjudicar su funcionamiento.<\/li>\n<li>Personalizaci\u00f3n sencilla: La fundici\u00f3n a presi\u00f3n de aluminio permite crear formas y patrones complejos, lo que facilita la modificaci\u00f3n de la carcasa del motor para satisfacer necesidades particulares. Esto incluye accesorios como soportes de montaje, aletas de refrigeraci\u00f3n y ventilaci\u00f3n adicional o aberturas para cables.<\/li>\n<\/ul>\n<p><img loading=\"lazy\" decoding=\"async\" class=\"alignnone wp-image-4028 size-full\" src=\"http:\/\/mnwell.com\/wp-content\/uploads\/2024\/01\/IMG_20231021_121106.jpg\" alt=\"Aluminum Die-Cast Motor Housing-2\" width=\"800\" height=\"800\" srcset=\"https:\/\/mnwell.com\/wp-content\/uploads\/2024\/01\/IMG_20231021_121106.jpg 800w, https:\/\/mnwell.com\/wp-content\/uploads\/2024\/01\/IMG_20231021_121106-150x150.jpg 150w, https:\/\/mnwell.com\/wp-content\/uploads\/2024\/01\/IMG_20231021_121106-768x768.jpg 768w, https:\/\/mnwell.com\/wp-content\/uploads\/2024\/01\/IMG_20231021_121106-12x12.jpg 12w, https:\/\/mnwell.com\/wp-content\/uploads\/2024\/01\/IMG_20231021_121106-300x300.jpg 300w, https:\/\/mnwell.com\/wp-content\/uploads\/2024\/01\/IMG_20231021_121106-600x600.jpg 600w, https:\/\/mnwell.com\/wp-content\/uploads\/2024\/01\/IMG_20231021_121106-100x100.jpg 100w\" sizes=\"(max-width: 800px) 100vw, 800px\" \/><\/p>\n<h3>Aplicaciones<\/h3>\n<p>Numerosos sectores y aplicaciones hacen un amplio uso de la carcasa del motor de fundici\u00f3n a presi\u00f3n de aluminio, entre ellos:<\/p>\n<ol>\n<li>engranaje industrial<\/li>\n<li>Herramientas el\u00e9ctricas para coches<\/li>\n<li>Las siglas HVAC significan calefacci\u00f3n, ventilaci\u00f3n y aire acondicionado.<\/li>\n<li>Compresores y bombas<\/li>\n<li>Menaje el\u00e9ctrico<\/li>\n<li>Ventajas de la carcasa del motor de fundici\u00f3n inyectada de aluminio para rob\u00f3tica<\/li>\n<\/ol>\n<h4>Elegir una carcasa de motor de aluminio fundido a presi\u00f3n ofrece varias ventajas:<\/h4>\n<ul>\n<li>Rentabilidad: La fabricaci\u00f3n de carcasas de motor de alta calidad a precios razonables es posible gracias a la naturaleza econ\u00f3mica de la fundici\u00f3n a presi\u00f3n de aluminio.<\/li>\n<li>Alta precisi\u00f3n: El procedimiento de fundici\u00f3n a presi\u00f3n produce carcasas de motor que se ajustan con precisi\u00f3n y mejoran el rendimiento general del motor al garantizar unas dimensiones constantes y exactas.<\/li>\n<li>Est\u00e9tica mejorada: Para mejorar su aspecto y proporcionar una mayor protecci\u00f3n contra la corrosi\u00f3n, las carcasas de motor de aluminio pueden completarse con diversos tratamientos superficiales, como pintura, anodizado o recubrimiento en polvo.<\/li>\n<li>Respetuoso con el medio ambiente: Como el aluminio puede reciclarse, es un material sostenible para las carcasas de los motores. Puede reciclarse y fundirse para reducir los residuos y el uso de recursos.<\/li>\n<\/ul>\n<h3><img loading=\"lazy\" decoding=\"async\" class=\"alignnone wp-image-4029 size-full\" src=\"http:\/\/mnwell.com\/wp-content\/uploads\/2024\/01\/IMG_20231021_120955.jpg\" alt=\"Aluminum Die-Cast Motor Housing-3\" width=\"800\" height=\"800\" srcset=\"https:\/\/mnwell.com\/wp-content\/uploads\/2024\/01\/IMG_20231021_120955.jpg 800w, https:\/\/mnwell.com\/wp-content\/uploads\/2024\/01\/IMG_20231021_120955-150x150.jpg 150w, https:\/\/mnwell.com\/wp-content\/uploads\/2024\/01\/IMG_20231021_120955-768x768.jpg 768w, https:\/\/mnwell.com\/wp-content\/uploads\/2024\/01\/IMG_20231021_120955-12x12.jpg 12w, https:\/\/mnwell.com\/wp-content\/uploads\/2024\/01\/IMG_20231021_120955-300x300.jpg 300w, https:\/\/mnwell.com\/wp-content\/uploads\/2024\/01\/IMG_20231021_120955-600x600.jpg 600w, https:\/\/mnwell.com\/wp-content\/uploads\/2024\/01\/IMG_20231021_120955-100x100.jpg 100w\" sizes=\"(max-width: 800px) 100vw, 800px\" \/><\/h3>\n<h3>\u00bfPor qu\u00e9 elegir mindwell?<\/h3>\n<p>Una empresa llamada Mindwell est\u00e1 especializada en la producci\u00f3n de carcasas de motor de aluminio fundido a presi\u00f3n. La misi\u00f3n de la empresa es satisfacer las demandas de muchos sectores ofreciendo a sus clientes carcasas de motor de aleaci\u00f3n de aluminio de primera calidad y dise\u00f1o creativo. Mindwell, empresa puntera en el sector de la fabricaci\u00f3n, ofrece una amplia variedad de servicios a sus clientes con maquinaria de producci\u00f3n de vanguardia y equipos t\u00e9cnicos altamente cualificados.<\/p>\n<p>La organizaci\u00f3n mantiene un estricto sistema de control de calidad para garantizar que cada producto satisface las demandas de los consumidores y las normas del sector. El producto es muy fuerte y resistente a la corrosi\u00f3n gracias a la t\u00e9cnica de fundici\u00f3n a presi\u00f3n de aluminio, que tambi\u00e9n permite fabricar con precisi\u00f3n formas y caracter\u00edsticas intrincadas. El resultado es un motor de mayor rendimiento y fiabilidad.<\/p>\n<p>Mindwell apuesta por la innovaci\u00f3n en el dise\u00f1o de productos, colaborando estrechamente con los clientes para comprender sus demandas y ofrecer soluciones a medida. La organizaci\u00f3n puede satisfacer una amplia gama de demandas de los clientes, ya sea la fabricaci\u00f3n para distintos tama\u00f1os y normas o el dise\u00f1o a medida para determinados sectores de aplicaci\u00f3n.<\/p>\n<div class=\"ast-oembed-container\" style=\"height: 100%;\"><iframe loading=\"lazy\" title=\"Candy le gu\u00eda por las instalaciones de fundici\u00f3n a presi\u00f3n de Mindwell&#039;s\" width=\"500\" height=\"281\" src=\"https:\/\/www.youtube.com\/embed\/EBMqzMlVq3M?feature=oembed\" frameborder=\"0\" allow=\"accelerometer; autoplay; clipboard-write; encrypted-media; gyroscope; picture-in-picture; web-share\" allowfullscreen><\/iframe><\/div>\n<h3>Conclusi\u00f3n<\/h3>\n<p>Los motores el\u00e9ctricos pueden soportarse y protegerse de forma fiable y eficaz gracias a su carcasa de aluminio fundido a presi\u00f3n. Es la alternativa perfecta para una gran variedad de aplicaciones comerciales e industriales gracias a su dise\u00f1o ligero, excepcional disipaci\u00f3n del calor, construcci\u00f3n robusta y posibilidades de personalizaci\u00f3n. La carcasa del motor de fundici\u00f3n a presi\u00f3n de aluminio es una excelente opci\u00f3n para la protecci\u00f3n y el rendimiento del motor gracias a su alta precisi\u00f3n, asequibilidad y respeto por el medio ambiente.<\/p>","protected":false},"excerpt":{"rendered":"<p>La fundici\u00f3n a presi\u00f3n de aluminio es un componente crucial en aplicaciones industriales y comerciales, ya que proporciona una s\u00f3lida protecci\u00f3n y soporte a los motores el\u00e9ctricos. Esta ligera carcasa de motor est\u00e1 fabricada con una aleaci\u00f3n de aluminio superior que ofrece una resistencia, durabilidad y disipaci\u00f3n del calor excepcionales. Su dise\u00f1o ligero, su excelente conductividad el\u00e9ctrica y su sencilla personalizaci\u00f3n facilitan su modificaci\u00f3n y mantenimiento. Las aplicaciones incluyen engranajes industriales, herramientas el\u00e9ctricas, sistemas HVAC, compresores y utensilios de cocina el\u00e9ctricos. Las carcasas de motor de fundici\u00f3n de aluminio son rentables, de alta precisi\u00f3n, est\u00e9tica mejorada y respetuosas con el medio ambiente. Mindwell, fabricante l\u00edder, ofrece soluciones a medida para diversas aplicaciones.<\/p>","protected":false},"featured_media":4026,"template":"","meta":{"om_disable_all_campaigns":false,"_monsterinsights_skip_tracking":false,"_monsterinsights_sitenote_active":false,"_monsterinsights_sitenote_note":"","_monsterinsights_sitenote_category":0,"_uf_show_specific_survey":0,"_uf_disable_surveys":false,"site-sidebar-layout":"default","site-content-layout":"default","ast-global-header-display":"","ast-banner-title-visibility":"","ast-main-header-display":"","ast-hfb-above-header-display":"","ast-hfb-below-header-display":"","ast-hfb-mobile-header-display":"","site-post-title":"","ast-breadcrumbs-content":"","ast-featured-img":"","footer-sml-layout":"","theme-transparent-header-meta":"default","adv-header-id-meta":"","stick-header-meta":"","header-above-stick-meta":"","header-main-stick-meta":"","header-below-stick-meta":""},"product_cat":[18],"product_tag":[],"aioseo_notices":[],"_links":{"self":[{"href":"https:\/\/mnwell.com\/es\/wp-json\/wp\/v2\/product\/4025"}],"collection":[{"href":"https:\/\/mnwell.com\/es\/wp-json\/wp\/v2\/product"}],"about":[{"href":"https:\/\/mnwell.com\/es\/wp-json\/wp\/v2\/types\/product"}],"wp:featuredmedia":[{"embeddable":true,"href":"https:\/\/mnwell.com\/es\/wp-json\/wp\/v2\/media\/4026"}],"wp:attachment":[{"href":"https:\/\/mnwell.com\/es\/wp-json\/wp\/v2\/media?parent=4025"}],"wp:term":[{"taxonomy":"product_cat","embeddable":true,"href":"https:\/\/mnwell.com\/es\/wp-json\/wp\/v2\/product_cat?post=4025"},{"taxonomy":"product_tag","embeddable":true,"href":"https:\/\/mnwell.com\/es\/wp-json\/wp\/v2\/product_tag?post=4025"}],"curies":[{"name":"wp","href":"https:\/\/api.w.org\/{rel}","templated":true}]}}