{"id":4050,"date":"2024-01-29T15:30:56","date_gmt":"2024-01-29T14:30:56","guid":{"rendered":"https:\/\/mnwell.com\/?post_type=product&#038;p=4050"},"modified":"2024-01-29T15:34:22","modified_gmt":"2024-01-29T14:34:22","slug":"aluminum-die-casting-services","status":"publish","type":"product","link":"https:\/\/mnwell.com\/es\/producto\/aluminum-die-casting-services\/","title":{"rendered":"Servicios de fundici\u00f3n de aluminio a presi\u00f3n"},"content":{"rendered":"<p>El servicio de fundici\u00f3n a presi\u00f3n de aluminio es un servicio que proporciona a los clientes piezas y productos personalizados de aleaci\u00f3n de aluminio mediante el proceso de fundici\u00f3n a presi\u00f3n de aluminio. La fundici\u00f3n a presi\u00f3n de aluminio es un proceso de fabricaci\u00f3n eficaz que crea piezas con dise\u00f1os intrincados inyectando aleaci\u00f3n de aluminio fundida en un molde que se ha fabricado cuidadosamente y utilizando despu\u00e9s alta presi\u00f3n para enfriarlo y solidificarlo.<br \/>\nLas cualidades de ligereza y alta resistencia de las aleaciones de aluminio, la rentabilidad y la fabricaci\u00f3n eficaz de componentes de formas complejas son algunas de las principales ventajas de los servicios de fundici\u00f3n a presi\u00f3n de aluminio. Por ello, la fundici\u00f3n a presi\u00f3n de aluminio es la t\u00e9cnica preferida para fabricar componentes intrincados de aleaci\u00f3n de aluminio en numerosas industrias.<\/p>\n<h3><img loading=\"lazy\" decoding=\"async\" class=\"alignnone wp-image-4051 size-full\" src=\"http:\/\/mnwell.com\/wp-content\/uploads\/2024\/01\/DJI_0336-1.jpg\" alt=\"Aluminum Die Casting parts\" width=\"800\" height=\"800\" srcset=\"https:\/\/mnwell.com\/wp-content\/uploads\/2024\/01\/DJI_0336-1.jpg 800w, https:\/\/mnwell.com\/wp-content\/uploads\/2024\/01\/DJI_0336-1-150x150.jpg 150w, https:\/\/mnwell.com\/wp-content\/uploads\/2024\/01\/DJI_0336-1-768x768.jpg 768w, https:\/\/mnwell.com\/wp-content\/uploads\/2024\/01\/DJI_0336-1-12x12.jpg 12w, https:\/\/mnwell.com\/wp-content\/uploads\/2024\/01\/DJI_0336-1-300x300.jpg 300w, https:\/\/mnwell.com\/wp-content\/uploads\/2024\/01\/DJI_0336-1-600x600.jpg 600w, https:\/\/mnwell.com\/wp-content\/uploads\/2024\/01\/DJI_0336-1-100x100.jpg 100w\" sizes=\"(max-width: 800px) 100vw, 800px\" \/><\/h3>\n<h3>Contenido del servicio de fundici\u00f3n a presi\u00f3n de aluminio:<\/h3>\n<ul>\n<li>Dise\u00f1o de productos: Colabora con los clientes para crear dise\u00f1os de productos \u00fanicos comprendiendo a fondo sus requisitos. Par\u00e1metros t\u00e9cnicos, forma, tama\u00f1o, <a href=\"https:\/\/mnwell.com\/es\/surface-treatment\/\">tratamiento superficial<\/a>y otros temas pueden debatirse en este contexto.<\/li>\n<li>La selecci\u00f3n de materiales debe contar con la ayuda de un ingeniero profesional, <a href=\"https:\/\/mnwell.com\/es\/mold-design\/\">dise\u00f1o de moldes<\/a>Optimizaci\u00f3n del proceso de fabricaci\u00f3n y otras tareas relacionadas. El objetivo es garantizar que el producto final satisfaga tanto las demandas del cliente como las estrictas normas de calidad.<\/li>\n<li>Fabricaci\u00f3n de moldes: Para garantizar que los art\u00edculos se fabrican de acuerdo con los requisitos de dise\u00f1o, fabrique moldes de aluminio fundido a presi\u00f3n \u00fanicos. Una fase importante del proceso de fundici\u00f3n de aluminio a presi\u00f3n es el dise\u00f1o y la fabricaci\u00f3n del molde.<\/li>\n<li>Producci\u00f3n y procesamiento: El material de aleaci\u00f3n de aluminio elegido se funde, se bombea al molde y se solidifica r\u00e1pidamente a alta presi\u00f3n mediante el m\u00e9todo de fundici\u00f3n a presi\u00f3n de aluminio. Esto garantiza la excelente calidad de la superficie y el alto grado de precisi\u00f3n de los art\u00edculos.<\/li>\n<li>Control de calidad: Para seguir e identificar cada etapa del proceso de fabricaci\u00f3n, ponemos en marcha un riguroso sistema de control de calidad. Mediante el uso de aparatos de ensayo de \u00faltima generaci\u00f3n, garantizamos que el producto acabado satisface tanto los requisitos del cliente como las normas del sector.<\/li>\n<li>Tratamiento de superficies: Para satisfacer las necesidades del cliente en cuanto a aspecto, resistencia a la corrosi\u00f3n y otras caracter\u00edsticas de rendimiento, se dispone de una variedad de m\u00e9todos de tratamiento de superficies, como anodizado, pulverizaci\u00f3n, revestimiento electrofor\u00e9tico, etc.<\/li>\n<li>Soluciones a medida: El objetivo principal de los servicios de fundici\u00f3n a presi\u00f3n de aluminio es ofrecer a los clientes soluciones a medida que respondan a las necesidades de diversos sectores y casos de uso. Puede tratarse de piezas especiales, especificaciones de alto rendimiento o dise\u00f1os ligeros.<\/li>\n<\/ul>\n<p><img loading=\"lazy\" decoding=\"async\" class=\"alignnone wp-image-4052 size-full\" src=\"http:\/\/mnwell.com\/wp-content\/uploads\/2024\/01\/die-casting-process-1.jpg\" alt=\"Aluminum die casting service content\" width=\"750\" height=\"428\" srcset=\"https:\/\/mnwell.com\/wp-content\/uploads\/2024\/01\/die-casting-process-1.jpg 750w, https:\/\/mnwell.com\/wp-content\/uploads\/2024\/01\/die-casting-process-1-18x10.jpg 18w, https:\/\/mnwell.com\/wp-content\/uploads\/2024\/01\/die-casting-process-1-600x342.jpg 600w\" sizes=\"(max-width: 750px) 100vw, 750px\" \/><\/p>\n<p>&nbsp;<\/p>\n<h3>\u00bfQu\u00e9 son los servicios de fundici\u00f3n de aluminio a presi\u00f3n?<\/h3>\n<p>Los componentes de aluminio intrincados y de alta calidad se fabrican mediante el uso de servicios de fundici\u00f3n de aluminio a presi\u00f3n. El aluminio fundido se inyecta en una cavidad de molde durante este procedimiento, donde se solidifica y adopta la forma del molde. El producto final es una pieza de aluminio precisa y duradera que se utiliza en una amplia gama de sectores, como la electr\u00f3nica, la automoci\u00f3n y el aeroespacial.<\/p>\n<h3><img loading=\"lazy\" decoding=\"async\" class=\"alignnone wp-image-4053 size-full\" src=\"http:\/\/mnwell.com\/wp-content\/uploads\/2024\/01\/DJI_0335.jpg\" alt=\"luminum Die Casting Services\" width=\"800\" height=\"800\" srcset=\"https:\/\/mnwell.com\/wp-content\/uploads\/2024\/01\/DJI_0335.jpg 800w, https:\/\/mnwell.com\/wp-content\/uploads\/2024\/01\/DJI_0335-150x150.jpg 150w, https:\/\/mnwell.com\/wp-content\/uploads\/2024\/01\/DJI_0335-768x768.jpg 768w, https:\/\/mnwell.com\/wp-content\/uploads\/2024\/01\/DJI_0335-12x12.jpg 12w, https:\/\/mnwell.com\/wp-content\/uploads\/2024\/01\/DJI_0335-300x300.jpg 300w, https:\/\/mnwell.com\/wp-content\/uploads\/2024\/01\/DJI_0335-600x600.jpg 600w, https:\/\/mnwell.com\/wp-content\/uploads\/2024\/01\/DJI_0335-100x100.jpg 100w\" sizes=\"(max-width: 800px) 100vw, 800px\" \/><br \/>\nVentajas de la fundici\u00f3n a presi\u00f3n de aluminio<\/h3>\n<p>En comparaci\u00f3n con otras t\u00e9cnicas de producci\u00f3n, <a href=\"https:\/\/mnwell.com\/es\/aluminum-die-casting\/\">fundici\u00f3n de aluminio a presi\u00f3n<\/a> tiene las siguientes ventajas:<\/p>\n<ul>\n<li>Resistente y ligero: Debido a su excepcional relaci\u00f3n resistencia-peso, el aluminio es una gran opci\u00f3n para aplicaciones que requieren caracter\u00edsticas tanto de resistencia como de ligereza.<\/li>\n<li>Geometr\u00edas complejas: La fundici\u00f3n a presi\u00f3n permite fabricar piezas con tolerancias estrechas que se ajustan con precisi\u00f3n y son funcionales.<\/li>\n<li>Alta eficacia: Al permitir altos \u00edndices de producci\u00f3n, la t\u00e9cnica de fundici\u00f3n a presi\u00f3n reduce los gastos y el tiempo de fabricaci\u00f3n.<\/li>\n<li>Excelente acabado superficial: No hay necesidad de procedimientos de acabado adicionales, ya que las piezas de fundici\u00f3n a presi\u00f3n de aluminio tienen un acabado superficial liso y visualmente agradable.<\/li>\n<li>Buena conductividad t\u00e9rmica: El aluminio tiene una alta eficiencia de disipaci\u00f3n t\u00e9rmica, lo que lo convierte en una buena opci\u00f3n para aplicaciones que requieren un control t\u00e9rmico eficiente.<\/li>\n<\/ul>\n<p>&nbsp;<\/p>\n<h3>Nuestros servicios de fundici\u00f3n de aluminio a presi\u00f3n<\/h3>\n<p>en Mindwell, somos expertos en ofrecer servicios de fundici\u00f3n a presi\u00f3n de aluminio de primera calidad para satisfacer las diversas demandas de nuestros clientes. Nuestro personal cualificado y nuestras instalaciones de vanguardia nos permiten producir componentes de aluminio dise\u00f1ados con precisi\u00f3n que cumplen los requisitos industriales m\u00e1s estrictos.<\/p>\n<h4>Apoyo a la ingenier\u00eda y el dise\u00f1o<\/h4>\n<p>En estrecha colaboraci\u00f3n con los clientes, nuestro equipo de ingenieros y dise\u00f1adores de talento optimiza los dise\u00f1os de los productos para el proceso de fundici\u00f3n a presi\u00f3n. Para garantizar la eficacia del dise\u00f1o y la fabricaci\u00f3n de moldes, utilizamos el software CAD\/CAM m\u00e1s reciente.<\/p>\n<h4>Fabricaci\u00f3n de moldes<\/h4>\n<p>Gracias a nuestra capacidad para fabricar moldes internamente, podemos hacer moldes \u00fanicos que se adapten a las necesidades particulares de cada proyecto. Nuestros expertos moldistas crean moldes de alta calidad que garantizan una fabricaci\u00f3n de componentes precisa y fiable mediante el uso de tecnolog\u00eda punta.<\/p>\n<h4>Fundici\u00f3n inyectada de aluminio<\/h4>\n<p>Nuestros avanzados equipos de fundici\u00f3n a presi\u00f3n nos permiten fabricar eficazmente componentes de aluminio con una amplia gama de tama\u00f1os y dise\u00f1os intrincados. Nuestros expertos operarios vigilan atentamente el proceso para garantizar unas condiciones de fundici\u00f3n \u00f3ptimas y reducir los defectos.<\/p>\n<h4>Acabado y mecanizado<\/h4>\n<p>Ofrecemos servicios de mecanizado y acabado secundarios para mejorar a\u00fan m\u00e1s los art\u00edculos tras el proceso de fundici\u00f3n a presi\u00f3n. Podemos obtener medidas exactas y tolerancias ajustadas gracias a nuestros <a href=\"https:\/\/mnwell.com\/es\/cnc-machining-service\/\">Mecanizado CNC<\/a> habilidades. Adem\u00e1s, ofrecemos diversas opciones de acabado, como chapado, anodizado y revestimiento en polvo, para mejorar la resistencia y el atractivo est\u00e9tico de los componentes de aluminio.<\/p>\n<h4>Garant\u00eda de calidad<\/h4>\n<p>Nuestra primera preocupaci\u00f3n es la calidad. A lo largo de todo el proceso de producci\u00f3n, utilizamos estrictos procedimientos de control de calidad para garantizar que cada componente de aluminio satisface los requisitos necesarios. Nuestro comprometido equipo de control de calidad lleva a cabo pruebas e inspecciones exhaustivas para garantizar el mejor rendimiento y calidad posibles del producto.<\/p>\n<p><img loading=\"lazy\" decoding=\"async\" class=\"alignnone wp-image-4054 size-full\" src=\"http:\/\/mnwell.com\/wp-content\/uploads\/2024\/01\/certificate.jpg\" alt=\"Assurance of Quality\" width=\"750\" height=\"414\" srcset=\"https:\/\/mnwell.com\/wp-content\/uploads\/2024\/01\/certificate.jpg 750w, https:\/\/mnwell.com\/wp-content\/uploads\/2024\/01\/certificate-18x10.jpg 18w, https:\/\/mnwell.com\/wp-content\/uploads\/2024\/01\/certificate-600x331.jpg 600w\" sizes=\"(max-width: 750px) 100vw, 750px\" \/><\/p>\n<p>&nbsp;<\/p>\n<h3>\u00bfPor qu\u00e9 elegir nuestros servicios de fundici\u00f3n de aluminio a presi\u00f3n?<\/h3>\n<p>Puede anticipar lo siguiente cuando trabaje con Mindwell en su <a href=\"https:\/\/mnwell.com\/es\/producto\/aluminum-die-casting-parts\/\">fundici\u00f3n de aluminio a presi\u00f3n<\/a> necesidades:<\/p>\n<ul>\n<li>Excelentes componentes de aluminio que cumplen o superan los requisitos del sector<\/li>\n<li>Rapidez para cumplir los plazos de sus proyectos<\/li>\n<li>Los precios competitivos ayudan a aumentar la eficiencia de sus costes<\/li>\n<li>Asistencia t\u00e9cnica profesional y direcci\u00f3n a lo largo del procedimiento<\/li>\n<li>Adaptabilidad para gestionar tiradas de producci\u00f3n modestas y masivas<\/li>\n<li>dedicaci\u00f3n a m\u00e9todos ecol\u00f3gicamente beneficiosos y sostenibles<\/li>\n<\/ul>\n<p>P\u00f3ngase en contacto con nosotros ahora mismo para obtener m\u00e1s informaci\u00f3n sobre nuestros servicios de fundici\u00f3n a presi\u00f3n de aluminio y sobre c\u00f3mo podemos ayudarle a realizar su proyecto.<\/p>\n<p><img loading=\"lazy\" decoding=\"async\" class=\"alignnone size-full wp-image-4049\" src=\"http:\/\/mnwell.com\/wp-content\/uploads\/2024\/01\/our-Factory.jpg\" alt=\"\" width=\"800\" height=\"902\" srcset=\"https:\/\/mnwell.com\/wp-content\/uploads\/2024\/01\/our-Factory.jpg 800w, https:\/\/mnwell.com\/wp-content\/uploads\/2024\/01\/our-Factory-768x866.jpg 768w, https:\/\/mnwell.com\/wp-content\/uploads\/2024\/01\/our-Factory-11x12.jpg 11w, https:\/\/mnwell.com\/wp-content\/uploads\/2024\/01\/our-Factory-600x677.jpg 600w\" sizes=\"(max-width: 800px) 100vw, 800px\" \/><\/p>","protected":false},"excerpt":{"rendered":"<div class=\"QFw9Te BLojaf\" data-quillbot-parent=\"OdOVEvcYYT0FZ0LYfSpXy\">\n<p>&nbsp;<\/p>\n<div class=\"D5aOJc vJwDU\"><\/div>\n<div class=\"hlJJmd\">\n<div class=\"D5aOJc Hapztf\"><\/div>\n<div class=\"Bmcqed\" dir=\"ltr\">\n<div data-id=\"kvLWu\"><\/div>\n<\/div>\n<\/div>\n<div class=\"cEWAef\"><\/div>\n<div class=\"A3dMNc\" data-initial-text=\"\">Los servicios de fundici\u00f3n a presi\u00f3n de aluminio son un proceso de fabricaci\u00f3n que crea piezas y productos intrincados de aleaci\u00f3n de aluminio. Este proceso consiste en inyectar una aleaci\u00f3n de aluminio fundido en un molde y utilizar alta presi\u00f3n para enfriarlo y solidificarlo. El proceso es rentable, ligero y eficaz, lo que lo convierte en la opci\u00f3n preferida para fabricar componentes complejos de aluminio en diversos sectores. Los servicios incluyen dise\u00f1o de productos, fabricaci\u00f3n de moldes, producci\u00f3n y procesamiento, control de calidad, tratamiento de superficies y soluciones a medida. Entre las ventajas de la fundici\u00f3n a presi\u00f3n de aluminio se incluyen la resistencia, la ligereza, las geometr\u00edas complejas, la alta eficiencia, el excelente acabado superficial y la buena conductividad t\u00e9rmica.<\/div>\n<\/div>","protected":false},"featured_media":4051,"template":"","meta":{"om_disable_all_campaigns":false,"_monsterinsights_skip_tracking":false,"_monsterinsights_sitenote_active":false,"_monsterinsights_sitenote_note":"","_monsterinsights_sitenote_category":0,"_uf_show_specific_survey":0,"_uf_disable_surveys":false,"site-sidebar-layout":"default","site-content-layout":"default","ast-global-header-display":"","ast-banner-title-visibility":"","ast-main-header-display":"","ast-hfb-above-header-display":"","ast-hfb-below-header-display":"","ast-hfb-mobile-header-display":"","site-post-title":"","ast-breadcrumbs-content":"","ast-featured-img":"","footer-sml-layout":"","theme-transparent-header-meta":"default","adv-header-id-meta":"","stick-header-meta":"","header-above-stick-meta":"","header-main-stick-meta":"","header-below-stick-meta":""},"product_cat":[18],"product_tag":[],"aioseo_notices":[],"_links":{"self":[{"href":"https:\/\/mnwell.com\/es\/wp-json\/wp\/v2\/product\/4050"}],"collection":[{"href":"https:\/\/mnwell.com\/es\/wp-json\/wp\/v2\/product"}],"about":[{"href":"https:\/\/mnwell.com\/es\/wp-json\/wp\/v2\/types\/product"}],"wp:featuredmedia":[{"embeddable":true,"href":"https:\/\/mnwell.com\/es\/wp-json\/wp\/v2\/media\/4051"}],"wp:attachment":[{"href":"https:\/\/mnwell.com\/es\/wp-json\/wp\/v2\/media?parent=4050"}],"wp:term":[{"taxonomy":"product_cat","embeddable":true,"href":"https:\/\/mnwell.com\/es\/wp-json\/wp\/v2\/product_cat?post=4050"},{"taxonomy":"product_tag","embeddable":true,"href":"https:\/\/mnwell.com\/es\/wp-json\/wp\/v2\/product_tag?post=4050"}],"curies":[{"name":"wp","href":"https:\/\/api.w.org\/{rel}","templated":true}]}}