{"id":4073,"date":"2024-02-04T15:23:41","date_gmt":"2024-02-04T14:23:41","guid":{"rendered":"https:\/\/mnwell.com\/?post_type=product&#038;p=4073"},"modified":"2024-02-04T15:26:43","modified_gmt":"2024-02-04T14:26:43","slug":"electric-motor-housing","status":"publish","type":"product","link":"https:\/\/mnwell.com\/es\/producto\/electric-motor-housing\/","title":{"rendered":"carcasa del motor el\u00e9ctrico"},"content":{"rendered":"<p>El producto a medida de carcasa de motor el\u00e9ctrico de fundici\u00f3n a presi\u00f3n es una carcasa de motor fabricada mediante tecnolog\u00eda de fundici\u00f3n a presi\u00f3n, que puede personalizarse seg\u00fan las necesidades del cliente. Con su excepcional precisi\u00f3n, robustez, peso ligero y aspecto atractivo, esta carcasa de motor a medida puede satisfacer una amplia gama de demandas de los clientes, tanto en lo que respecta al rendimiento del motor como a la est\u00e9tica. Nuestro producto de carcasa de motor a medida fundida a presi\u00f3n en mindwell es un art\u00edculo de primera calidad con excelente precisi\u00f3n, resistencia, peso ligero y aspecto atractivo. Proporcionamos servicios completos y personalizados para satisfacer los requisitos exclusivos de diversas industrias y clientes. Si nos elige, obtendr\u00e1 un producto de excelente calidad y una asistencia postventa sin preocupaciones.<\/p>\n<p><img loading=\"lazy\" decoding=\"async\" class=\"alignnone wp-image-4075 size-full\" src=\"http:\/\/mnwell.com\/wp-content\/uploads\/2024\/02\/IMG_20231021_121020.jpg\" alt=\"electric motor housing\" width=\"800\" height=\"800\" srcset=\"https:\/\/mnwell.com\/wp-content\/uploads\/2024\/02\/IMG_20231021_121020.jpg 800w, https:\/\/mnwell.com\/wp-content\/uploads\/2024\/02\/IMG_20231021_121020-150x150.jpg 150w, https:\/\/mnwell.com\/wp-content\/uploads\/2024\/02\/IMG_20231021_121020-768x768.jpg 768w, https:\/\/mnwell.com\/wp-content\/uploads\/2024\/02\/IMG_20231021_121020-12x12.jpg 12w, https:\/\/mnwell.com\/wp-content\/uploads\/2024\/02\/IMG_20231021_121020-300x300.jpg 300w, https:\/\/mnwell.com\/wp-content\/uploads\/2024\/02\/IMG_20231021_121020-600x600.jpg 600w, https:\/\/mnwell.com\/wp-content\/uploads\/2024\/02\/IMG_20231021_121020-100x100.jpg 100w\" sizes=\"(max-width: 800px) 100vw, 800px\" \/><\/p>\n<p>&nbsp;<\/p>\n<h3>Caracter\u00edsticas de la carcasa del motor el\u00e9ctrico<\/h3>\n<ul>\n<li>Alta precisi\u00f3n: Para garantizar que el tama\u00f1o de la carcasa del motor sea preciso y satisfaga las especificaciones del cliente, se utilizan sofisticadas tecnolog\u00edas de moldeado y fundici\u00f3n a presi\u00f3n. Esto no solo aumenta el rendimiento del motor, sino que tambi\u00e9n disminuye las dificultades de montaje y resoluci\u00f3n de problemas en el futuro.<\/li>\n<li>Alta resistencia: Para garantizar que la carcasa del motor el\u00e9ctrico tenga suficiente resistencia mec\u00e1nica y rigidez y pueda soportar una gran variedad de situaciones de trabajo duro, se eligen materiales met\u00e1licos de primera calidad, como aleaci\u00f3n de zinc, aleaci\u00f3n de aluminio, etc. Adem\u00e1s, la resistencia al impacto de la carcasa aumenta considerablemente gracias a la t\u00e9cnica de fundici\u00f3n a presi\u00f3n de precisi\u00f3n.<\/li>\n<li>Ligereza: La t\u00e9cnica de fundici\u00f3n a presi\u00f3n puede proporcionar una carcasa de motor m\u00e1s ligera y delgada que la de los procesos de fundici\u00f3n convencionales, lo que reduce el peso total del motor y facilita su manejo y funcionamiento. Esto es especialmente apropiado para situaciones en las que es necesario limitar el peso, como en veh\u00edculos de nueva energ\u00eda, aeronaves, etc.<\/li>\n<li>Bonito: La superficie lisa y plana de la carcasa del motor y su alta calidad est\u00e9tica pueden mejorar la percepci\u00f3n general del motor. Una superficie met\u00e1lica pulida o una textura detallada pueden demostrar la complejidad y el alto calibre del producto.<\/li>\n<li>Ciclo de producci\u00f3n eficaz: Gracias al uso de la tecnolog\u00eda de fundici\u00f3n a presi\u00f3n m\u00e1s avanzada, el ciclo de producci\u00f3n se acorta considerablemente, lo que permite satisfacer r\u00e1pidamente las demandas de los clientes.<\/li>\n<li>Buen comportamiento medioambiental: Nos tomamos muy en serio la protecci\u00f3n del medio ambiente a la hora de producir. Antes de verterlos al medio ambiente, todos los residuos y aguas residuales se procesan.<\/li>\n<\/ul>\n<p><img loading=\"lazy\" decoding=\"async\" class=\"alignnone wp-image-4076 size-full\" src=\"http:\/\/mnwell.com\/wp-content\/uploads\/2024\/02\/IMG_20231021_121154.jpg\" alt=\"motor housing die-casting\" width=\"800\" height=\"800\" srcset=\"https:\/\/mnwell.com\/wp-content\/uploads\/2024\/02\/IMG_20231021_121154.jpg 800w, https:\/\/mnwell.com\/wp-content\/uploads\/2024\/02\/IMG_20231021_121154-150x150.jpg 150w, https:\/\/mnwell.com\/wp-content\/uploads\/2024\/02\/IMG_20231021_121154-768x768.jpg 768w, https:\/\/mnwell.com\/wp-content\/uploads\/2024\/02\/IMG_20231021_121154-12x12.jpg 12w, https:\/\/mnwell.com\/wp-content\/uploads\/2024\/02\/IMG_20231021_121154-300x300.jpg 300w, https:\/\/mnwell.com\/wp-content\/uploads\/2024\/02\/IMG_20231021_121154-600x600.jpg 600w, https:\/\/mnwell.com\/wp-content\/uploads\/2024\/02\/IMG_20231021_121154-100x100.jpg 100w\" sizes=\"(max-width: 800px) 100vw, 800px\" \/><\/p>\n<p>&nbsp;<\/p>\n<h3>\u00c1mbito de aplicaci\u00f3n<\/h3>\n<p>El producto de carcasa de motor el\u00e9ctrico personalizada de fundici\u00f3n a presi\u00f3n es una carcasa a medida destinada a una variedad de motores, principalmente motores de CA, CC y servomotores. Para fabricar este producto se utiliza fundici\u00f3n a presi\u00f3n, y se pueden adaptar carcasas de distintas dimensiones y formas a los requisitos exclusivos de los clientes para satisfacer aplicaciones de motores de muchos sectores.<\/p>\n<h4>Tipos de motor aplicables:<\/h4>\n<ol>\n<li>Motor de CA: Con esta carcasa pueden utilizarse motores de diferentes tama\u00f1os y potencias. Dado que los motores de CA se utilizan mucho en la fabricaci\u00f3n de autom\u00f3viles, la automatizaci\u00f3n industrial y otros sectores, pueden fabricarse carcasas especializadas para adaptarse a los requisitos de muchas situaciones de aplicaci\u00f3n.<\/li>\n<li>Los motores de CC son otro tipo popular de motor que se utiliza a menudo en las nuevas energ\u00edas, la automatizaci\u00f3n industrial y otras industrias. La capacidad de ajustar la carcasa del motor a los requisitos de tama\u00f1o y forma de los distintos motores de CC est\u00e1 garantizada gracias a la personalizaci\u00f3n.<\/li>\n<li>Servomotores: En los campos de la rob\u00f3tica y la automatizaci\u00f3n industrial, los servomotores son cruciales. Los requisitos de los servomotores en aplicaciones de alta precisi\u00f3n y alto rendimiento pueden satisfacerse modificando la carcasa.<\/li>\n<\/ol>\n<h4>\u00c1mbitos de aplicaci\u00f3n:<\/h4>\n<ul>\n<li>Automatizaci\u00f3n industrial: Para garantizar el rendimiento y la estabilidad del motor, se pueden utilizar carcasas de motor personalizadas en una amplia gama de equipos de automatizaci\u00f3n industrial.<\/li>\n<li>Los coches el\u00e9ctricos, la energ\u00eda e\u00f3lica, la energ\u00eda solar y otras disciplinas son algunas de las nuevas industrias energ\u00e9ticas que utilizan carcasas de motor para adaptarse a las necesidades de rendimiento y entorno operativo de diversos motores.<\/li>\n<li>Fabricaci\u00f3n de autom\u00f3viles: Para aumentar el rendimiento y la eficiencia generales, pueden utilizarse componentes de carcasas de motor a medida en diversos sistemas el\u00e9ctricos de veh\u00edculos.<\/li>\n<li>Industria aeroespacial: Para satisfacer las necesidades de los motores de aviones, sat\u00e9lites y otras aeronaves, la industria aeroespacial tambi\u00e9n utiliza carcasas de motor personalizadas.<\/li>\n<\/ul>\n<h4>Caracter\u00edsticas personalizadas:<\/h4>\n<ul>\n<li>Especificaciones flexibles: las carcasas de motores el\u00e9ctricos pueden fabricarse para adaptarse a una gran variedad de tipos de motores con distintos tama\u00f1os y especificaciones en funci\u00f3n de las necesidades espec\u00edficas de los clientes.<\/li>\n<li>Variedad de formas: La forma de la carcasa puede modificarse para adaptarse a los requisitos de la aplicaci\u00f3n, lo que garantiza un ajuste y una funcionalidad perfectos.<\/li>\n<li>Selecci\u00f3n del material: Para garantizar la solidez y la resistencia a la corrosi\u00f3n de la carcasa, pueden elegirse materiales adecuados, como aleaci\u00f3n de aluminio, aleaci\u00f3n de magnesio, etc., en funci\u00f3n del entorno y las necesidades de uso.<\/li>\n<\/ul>\n<p><img loading=\"lazy\" decoding=\"async\" class=\"alignnone size-full wp-image-4077\" src=\"http:\/\/mnwell.com\/wp-content\/uploads\/2024\/02\/IMG_20231021_121126_1.jpg\" alt=\"\" width=\"800\" height=\"800\" srcset=\"https:\/\/mnwell.com\/wp-content\/uploads\/2024\/02\/IMG_20231021_121126_1.jpg 800w, https:\/\/mnwell.com\/wp-content\/uploads\/2024\/02\/IMG_20231021_121126_1-150x150.jpg 150w, https:\/\/mnwell.com\/wp-content\/uploads\/2024\/02\/IMG_20231021_121126_1-768x768.jpg 768w, https:\/\/mnwell.com\/wp-content\/uploads\/2024\/02\/IMG_20231021_121126_1-12x12.jpg 12w, https:\/\/mnwell.com\/wp-content\/uploads\/2024\/02\/IMG_20231021_121126_1-300x300.jpg 300w, https:\/\/mnwell.com\/wp-content\/uploads\/2024\/02\/IMG_20231021_121126_1-600x600.jpg 600w, https:\/\/mnwell.com\/wp-content\/uploads\/2024\/02\/IMG_20231021_121126_1-100x100.jpg 100w\" sizes=\"(max-width: 800px) 100vw, 800px\" \/><\/p>\n<p>&nbsp;<\/p>\n<h2>Servicios personalizados<\/h2>\n<ol>\n<li>Servicio personalizado: El principal \u00e9nfasis de su servicio es crear carcasas para motores el\u00e9ctricos que se adapten espec\u00edficamente a las especificaciones y necesidades del cliente. Esto garantiza que el producto satisface completamente los requisitos \u00fanicos del consumidor, impulsando la felicidad del cliente y la idoneidad del producto.<\/li>\n<li>Selecci\u00f3n de materiales: La meticulosa selecci\u00f3n de materiales para la carcasa del motor forma parte de su servicio. Puede realizarse en funci\u00f3n del entorno de aplicaci\u00f3n y las especificaciones del cliente, garantizando que la carcasa tenga la solidez, la resistencia a la corrosi\u00f3n y otros atributos de rendimiento requeridos.<\/li>\n<li>Dise\u00f1o dimensional: Dependiendo de las distintas situaciones de aplicaci\u00f3n, los clientes pueden tener necesidades de tama\u00f1o variadas para sus motores. Como parte de su servicio, usted dise\u00f1a las dimensiones de la carcasa para garantizar que se ajuste con precisi\u00f3n al motor del cliente, cumpliendo al mismo tiempo los criterios de espacio y rendimiento.<\/li>\n<li><a href=\"https:\/\/mnwell.com\/es\/surface-treatment\/\">Tratamiento de la superficie:<\/a> Para aumentar la longevidad y la est\u00e9tica, el tratamiento superficial de la carcasa del motor es crucial. El tratamiento de superficies forma parte de su servicio para garantizar que la carcasa funcione y tenga buen aspecto en diversas condiciones.<\/li>\n<li>Trabajo profesional en equipo: Puesto que pone un gran \u00e9nfasis en trabajar estrechamente con los clientes, su equipo colaborar\u00e1 y se comunicar\u00e1 con ellos de forma eficaz para garantizar que sus demandas se reconocen y satisfacen adecuadamente. Esta estrecha colaboraci\u00f3n permite garantizar que las carcasas de motor especializadas satisfacen las necesidades del cliente.<\/li>\n<li>Orientaci\u00f3n a la satisfacci\u00f3n del cliente: De sus servicios se desprende que se compromete a cumplir los requisitos y expectativas de sus clientes. Al ofrecer una amplia gama de servicios personalizados, se compromete a garantizar que sus clientes queden satisfechos con el calibre y la funcionalidad de su carcasa a medida para motor el\u00e9ctrico.<\/li>\n<li>Amplia aplicaci\u00f3n: Sus servicios tienen una amplia gama de usos en la automatizaci\u00f3n industrial, las nuevas energ\u00edas, la industria aeroespacial, la fabricaci\u00f3n de autom\u00f3viles y otras industrias, ya que son apropiados para diferentes tipos de motores.<\/li>\n<\/ol>\n<p><img loading=\"lazy\" decoding=\"async\" class=\"alignnone size-full wp-image-4048\" src=\"http:\/\/mnwell.com\/wp-content\/uploads\/2024\/01\/die-casting-process.jpg\" alt=\"\" width=\"750\" height=\"428\" srcset=\"https:\/\/mnwell.com\/wp-content\/uploads\/2024\/01\/die-casting-process.jpg 750w, https:\/\/mnwell.com\/wp-content\/uploads\/2024\/01\/die-casting-process-18x10.jpg 18w, https:\/\/mnwell.com\/wp-content\/uploads\/2024\/01\/die-casting-process-600x342.jpg 600w\" sizes=\"(max-width: 750px) 100vw, 750px\" \/><\/p>\n<p>&nbsp;<\/p>\n<h3>Garant\u00eda de calidad<\/h3>\n<p>Cada producto se somete a un riguroso control de calidad para garantizar que satisface las necesidades del cliente y las especificaciones de dise\u00f1o. Al mismo tiempo, ofrecemos un completo servicio posventa para abordar y resolver r\u00e1pidamente los problemas que puedan surgir durante el uso del dispositivo. Proporcionamos constantemente los mejores productos y servicios a nuestros clientes manteniendo la filosof\u00eda de \"la calidad es lo primero\".<\/p>\n<ol>\n<li>riguroso procedimiento de inspecci\u00f3n de calidad Todos los productos personalizados se someten a un riguroso examen de calidad por parte de nuestra organizaci\u00f3n. Esto abarca cada paso del proceso, desde la inspecci\u00f3n de la materia prima hasta la supervisi\u00f3n del proceso de fabricaci\u00f3n y la inspecci\u00f3n final del producto. Confirmamos que el producto satisface las estrictas normas de calidad y las especificaciones de dise\u00f1o pasando por este conjunto de procedimientos de prueba.<\/li>\n<li>Respetar las especificaciones del dise\u00f1o: La finalidad del control de calidad es verificar que el producto satisface tanto las necesidades particulares del cliente como las normas de dise\u00f1o. Esto aumenta la consistencia y fiabilidad del producto y ayuda a evitar fallos de producci\u00f3n.<\/li>\n<li>Satisfacci\u00f3n del consumidor: Nuestra empresa se dedica a asegurarse de que los art\u00edculos pueden cumplir con las expectativas de los consumidores a trav\u00e9s de pruebas de calidad y servicios especializados. Priorizar el placer del cliente fomenta conexiones duraderas y aumenta la fe del consumidor en su empresa.<\/li>\n<li>Asistencia posventa excepcional: ofrecer una asistencia posventa excepcional es esencial. Para aumentar la confianza del consumidor en el producto y ofrecerle una protecci\u00f3n adicional, nuestra organizaci\u00f3n se dedica a resolver y gestionar r\u00e1pidamente los problemas que surgen durante el uso del producto.<\/li>\n<li>La filosof\u00eda de la calidad ante todo: Nuestra empresa defiende constantemente la idea de \"la calidad ante todo\". Esta dedicaci\u00f3n es evidente en todas las facetas de la producci\u00f3n de productos, as\u00ed como en la cultura y las creencias generales de la empresa, lo que garantiza el desarrollo de una imagen de marca superior y de confianza en el mercado.<\/li>\n<li>Bienes y servicios de la mejor calidad: Nuestra empresa aspira a diferenciarse en un mercado ferozmente competitivo centr\u00e1ndose en productos y servicios de la \"mejor calidad\". Esto es evidente no solo en la calidad de los productos, sino tambi\u00e9n en la forma en que se trata a los clientes y en la asistencia posterior a la compra.<\/li>\n<li>mejora continua: La idea de mejora continua se plasma en el \u00e9nfasis que pone nuestra empresa en la calidad de nuestros productos y servicios. Su empresa puede prever mejoras continuas en el calibre de sus bienes y servicios si eval\u00faa y mejora sistem\u00e1ticamente sus procedimientos.<\/li>\n<\/ol>\n<p>&nbsp;<\/p>","protected":false},"excerpt":{"rendered":"<p>Selecci\u00f3n de materiales: Materiales met\u00e1licos comunes: aleaci\u00f3n de aluminio, aleaci\u00f3n de magnesio, etc., carcasa del motor el\u00e9ctrico personalizada seg\u00fan la resistencia y dureza del material.<br \/>\nTama\u00f1o y forma de la carcasa: El tama\u00f1o total y la forma de la carcasa se personalizan seg\u00fan los requisitos<br \/>\nEspesor de la pared: El grosor de la pared de cada parte del armaz\u00f3n se dise\u00f1a en funci\u00f3n de los requisitos estructurales y de resistencia.<br \/>\nPeso: El peso total del malet\u00edn es personalizado<br \/>\nTratamiento de superficies: m\u00e9todos de tratamiento de superficies, como anodizado, revestimiento electrofor\u00e9tico, pulverizaci\u00f3n, etc.<br \/>\nPrecisi\u00f3n de procesamiento: 0,01<br \/>\nDise\u00f1o de la disipaci\u00f3n de calor: El dise\u00f1o de las aletas de disipaci\u00f3n de calor u otras estructuras de disipaci\u00f3n de calor para garantizar el efecto de disipaci\u00f3n de calor del motor cuando est\u00e1 en funcionamiento.<br \/>\nM\u00e9todo de instalaci\u00f3n: El m\u00e9todo de instalaci\u00f3n de la carcasa, incluida la conexi\u00f3n con pernos, el dise\u00f1o de bayoneta, etc.<\/p>","protected":false},"featured_media":4074,"template":"","meta":{"om_disable_all_campaigns":false,"_monsterinsights_skip_tracking":false,"_monsterinsights_sitenote_active":false,"_monsterinsights_sitenote_note":"","_monsterinsights_sitenote_category":0,"_uf_show_specific_survey":0,"_uf_disable_surveys":false,"site-sidebar-layout":"default","site-content-layout":"default","ast-global-header-display":"","ast-banner-title-visibility":"","ast-main-header-display":"","ast-hfb-above-header-display":"","ast-hfb-below-header-display":"","ast-hfb-mobile-header-display":"","site-post-title":"","ast-breadcrumbs-content":"","ast-featured-img":"","footer-sml-layout":"","theme-transparent-header-meta":"default","adv-header-id-meta":"","stick-header-meta":"","header-above-stick-meta":"","header-main-stick-meta":"","header-below-stick-meta":""},"product_cat":[18],"product_tag":[],"aioseo_notices":[],"_links":{"self":[{"href":"https:\/\/mnwell.com\/es\/wp-json\/wp\/v2\/product\/4073"}],"collection":[{"href":"https:\/\/mnwell.com\/es\/wp-json\/wp\/v2\/product"}],"about":[{"href":"https:\/\/mnwell.com\/es\/wp-json\/wp\/v2\/types\/product"}],"wp:featuredmedia":[{"embeddable":true,"href":"https:\/\/mnwell.com\/es\/wp-json\/wp\/v2\/media\/4074"}],"wp:attachment":[{"href":"https:\/\/mnwell.com\/es\/wp-json\/wp\/v2\/media?parent=4073"}],"wp:term":[{"taxonomy":"product_cat","embeddable":true,"href":"https:\/\/mnwell.com\/es\/wp-json\/wp\/v2\/product_cat?post=4073"},{"taxonomy":"product_tag","embeddable":true,"href":"https:\/\/mnwell.com\/es\/wp-json\/wp\/v2\/product_tag?post=4073"}],"curies":[{"name":"wp","href":"https:\/\/api.w.org\/{rel}","templated":true}]}}