{"id":1909,"date":"2023-06-28T17:23:05","date_gmt":"2023-06-28T15:23:05","guid":{"rendered":"https:\/\/mnwell.com\/?post_type=product&#038;p=1909"},"modified":"2024-01-22T15:58:18","modified_gmt":"2024-01-22T14:58:18","slug":"plastic-injection-moulding-products","status":"publish","type":"product","link":"https:\/\/mnwell.com\/fr\/produit\/plastic-injection-moulding-products\/","title":{"rendered":"Produits de moulage par injection de plastique"},"content":{"rendered":"<p>Une gamme de produits de moulage par injection de plastique peut \u00eatre produite \u00e0 l'aide de la technique de fabrication flexible et efficace qu'est le moulage par injection de plastique. Le plastique fondu est inject\u00e9 dans la cavit\u00e9 d'un moule, on le laisse refroidir et se solidifier, puis l'objet termin\u00e9 est \u00e9ject\u00e9 du moule. Les avantages des composants moul\u00e9s par injection plastique comprennent des cycles de production rapides, des co\u00fbts de fabrication peu \u00e9lev\u00e9s, une large gamme de g\u00e9om\u00e9tries de produits compliqu\u00e9es et vari\u00e9es, et une grande efficacit\u00e9 dans la production de masse. La grande productivit\u00e9, la rentabilit\u00e9 et la capacit\u00e9 \u00e0 produire des formes compliqu\u00e9es rendent ce proc\u00e9d\u00e9 populaire dans un grand nombre de secteurs.<\/p>\n<p>Chez Mindwell, nous proposons des solutions de moulage par injection. Notre entreprise produit des composants en plastique moul\u00e9 par injection, des bo\u00eetiers, des accessoires et d'autres articles personnalis\u00e9s pour divers secteurs. Elle peut traiter et produire des composants moul\u00e9s par injection de diff\u00e9rentes tailles gr\u00e2ce \u00e0 ses machines de moulage par injection de 50 \u00e0 1300 tonnes. Nous suivons de pr\u00e8s les contr\u00f4les de qualit\u00e9 dans le cadre de la fabrication sur mesure pour les clients. Pour garantir la qualit\u00e9 des mati\u00e8res premi\u00e8res, nous commen\u00e7ons par s\u00e9lectionner les mat\u00e9riaux de moulage par injection et demandons aux fournisseurs de chaque mat\u00e9riau de fournir les certificats n\u00e9cessaires.<\/p>\n<p>De la conception et du d\u00e9veloppement de moules \u00e0 la fabrication en s\u00e9rie, Mindwell propose des services \u00e0 la demande tout-en-un qui peuvent r\u00e9duire efficacement les co\u00fbts et vous fournir des prix comp\u00e9titifs tout en garantissant la qualit\u00e9 des produits. En outre, l'ensemble du syst\u00e8me de services nous permet de garantir une fabrication r\u00e9guli\u00e8re et le d\u00e9veloppement des ventes en vous fournissant des estimations rapides et en respectant les d\u00e9lais de livraison. Notre \u00e9quipe qualifi\u00e9e d'ing\u00e9nieurs et de responsables du service apr\u00e8s-vente supervise le projet du d\u00e9but \u00e0 la fin. Tous les courriers \u00e9lectroniques sont transmis aux ing\u00e9nieurs, ce qui permet une communication rapide et efficace entre la production et la conception, ainsi que la r\u00e9solution des probl\u00e8mes techniques et des pr\u00e9occupations relatives \u00e0 la qualit\u00e9 du produit, en temps opportun.<\/p>\n<p><img loading=\"lazy\" decoding=\"async\" class=\"alignnone wp-image-1910 size-full\" src=\"http:\/\/mnwell.com\/wp-content\/uploads\/2023\/06\/1-1.jpg\" alt=\"plastic injection moulding products\" width=\"800\" height=\"800\" srcset=\"https:\/\/mnwell.com\/wp-content\/uploads\/2023\/06\/1-1.jpg 800w, https:\/\/mnwell.com\/wp-content\/uploads\/2023\/06\/1-1-150x150.jpg 150w, https:\/\/mnwell.com\/wp-content\/uploads\/2023\/06\/1-1-768x768.jpg 768w, https:\/\/mnwell.com\/wp-content\/uploads\/2023\/06\/1-1-300x300.jpg 300w, https:\/\/mnwell.com\/wp-content\/uploads\/2023\/06\/1-1-600x600.jpg 600w, https:\/\/mnwell.com\/wp-content\/uploads\/2023\/06\/1-1-100x100.jpg 100w\" sizes=\"(max-width: 800px) 100vw, 800px\" \/><\/p>\n<p>&nbsp;<\/p>\n<h3>processus de personnalisation<\/h3>\n<p>Nous assurons le traitement de surface, l'assemblage, le d\u00e9bogage et d'autres services pour les produits moul\u00e9s par injection sur mesure.<\/p>\n<ul>\n<li>Sp\u00e9cifications de conception : Vous pouvez nous fournir le mat\u00e9riau, la taille, la couleur et d'autres param\u00e8tres pour les composants moul\u00e9s par injection que vous souhaitez, ainsi que les exigences de conception.<\/li>\n<li>Coop\u00e9ration en mati\u00e8re de devis : Nous d\u00e9signons des experts techniques pour \u00e9valuer les composants moul\u00e9s par injection conform\u00e9ment \u00e0 vos sp\u00e9cifications. Devis rapide et conseils d'experts<\/li>\n<li>Fabrication des moules : Apr\u00e8s confirmation de la collaboration, nous commencerons \u00e0 produire les moules n\u00e9cessaires pour les composants moul\u00e9s par injection.<\/li>\n<li>Production et prototypage : Le client peut demander au fabricant de se charger de la production et de l'\u00e9preuvage apr\u00e8s la cr\u00e9ation du moule.<\/li>\n<li>Production : L'\u00e9chantillon vous sera envoy\u00e9. Lorsque le test r\u00e9pond \u00e0 vos attentes, nous pouvons proc\u00e9der \u00e0 la fabrication officielle en s\u00e9rie.<\/li>\n<li>Contr\u00f4le de la qualit\u00e9 : Pour garantir que les produits r\u00e9pondent aux sp\u00e9cifications et aux normes du client, nous v\u00e9rifions strictement les pi\u00e8ces moul\u00e9es par injection tout au long du processus de fabrication. Nous v\u00e9rifions notamment la taille, l'apparence et les performances des pi\u00e8ces. Nous vous fournirons \u00e9galement des mises \u00e0 jour en temps r\u00e9el sur le processus de fabrication du produit.<\/li>\n<li>Emballage et exp\u00e9dition : Le fabricant emballe les pi\u00e8ces moul\u00e9es par injection et prend les dispositions n\u00e9cessaires pour l'exp\u00e9dition une fois le contr\u00f4le de qualit\u00e9 termin\u00e9. Pour \u00e9viter tout dommage pendant le transport, les composants moul\u00e9s par injection sont souvent emball\u00e9s dans des bo\u00eetes en bois, des cartons ou du papier bulle.<\/li>\n<\/ul>\n<p><img loading=\"lazy\" decoding=\"async\" class=\"alignnone wp-image-1911 size-full\" src=\"http:\/\/mnwell.com\/wp-content\/uploads\/2023\/06\/1-2.jpg\" alt=\"Plastic Injection Moulding Products-2\" width=\"800\" height=\"800\" srcset=\"https:\/\/mnwell.com\/wp-content\/uploads\/2023\/06\/1-2.jpg 800w, https:\/\/mnwell.com\/wp-content\/uploads\/2023\/06\/1-2-150x150.jpg 150w, https:\/\/mnwell.com\/wp-content\/uploads\/2023\/06\/1-2-768x768.jpg 768w, https:\/\/mnwell.com\/wp-content\/uploads\/2023\/06\/1-2-300x300.jpg 300w, https:\/\/mnwell.com\/wp-content\/uploads\/2023\/06\/1-2-600x600.jpg 600w, https:\/\/mnwell.com\/wp-content\/uploads\/2023\/06\/1-2-100x100.jpg 100w\" sizes=\"(max-width: 800px) 100vw, 800px\" \/><\/p>\n<p>&nbsp;<\/p>\n<h3>Application<\/h3>\n<p>Comme notre soci\u00e9t\u00e9 fournit des services de moulage par injection personnalis\u00e9s, l'application des pi\u00e8ces moul\u00e9es par injection est \u00e9galement tr\u00e8s large, et nous pouvons fournir les pi\u00e8ces moul\u00e9es par injection requises en fonction des exigences, de sorte que les produits moul\u00e9s par injection que nous produisons sont largement utilis\u00e9s dans diverses industries. Les produits de moulage par injection que nous produisons sont donc largement utilis\u00e9s dans diverses industries. Par exemple, les plus courants sont les suivants :<\/p>\n<ol>\n<li>L'industrie automobile : Les <a href=\"https:\/\/mnwell.com\/fr\/automotive-industry\/\">pi\u00e8ces automobiles moul\u00e9es par injection<\/a> sont les plus utilis\u00e9s, tels que la sortie d'air du climatiseur automobile, le bo\u00eetier du r\u00e9troviseur, les pi\u00e8ces int\u00e9rieures, le bo\u00eetier de commande principal, etc.<\/li>\n<li>Appareils \u00e9lectroniques : Les produits de moulage par injection sont souvent utilis\u00e9s dans le domaine des appareils \u00e9lectroniques, notamment les bo\u00eetiers et les boutons de produits \u00e9lectroniques tels que les t\u00e9l\u00e9phones portables, les t\u00e9l\u00e9viseurs et les ordinateurs.<\/li>\n<li>Produits d'ameublement : Certains produits en plastique que l'on trouve couramment dans les produits m\u00e9nagers, tels que les chaises, les tables, les coques de machines \u00e0 laver, les coques d'aspirateurs, etc. sont g\u00e9n\u00e9ralement des produits moul\u00e9s par injection.<\/li>\n<li>Dispositifs m\u00e9dicaux : Il existe de nombreux dispositifs m\u00e9dicaux, tels que les seringues, les sets de perfusion, les bo\u00eetiers de dispositifs m\u00e9dicaux, etc.<\/li>\n<li>S\u00e9rie s\u00e9curit\u00e9 : bo\u00eetier de cam\u00e9ra, accessoires de cam\u00e9ra, etc.<\/li>\n<\/ol>\n<p><img loading=\"lazy\" decoding=\"async\" class=\"alignnone size-full wp-image-957\" src=\"http:\/\/mnwell.com\/wp-content\/uploads\/2023\/05\/AYU9590-1.jpg\" alt=\"injection molding machine\" width=\"750\" height=\"500\" srcset=\"https:\/\/mnwell.com\/wp-content\/uploads\/2023\/05\/AYU9590-1.jpg 750w, https:\/\/mnwell.com\/wp-content\/uploads\/2023\/05\/AYU9590-1-600x400.jpg 600w\" sizes=\"(max-width: 750px) 100vw, 750px\" \/><\/p>\n<p>&nbsp;<\/p>\n<h4>Assurance qualit\u00e9 et personnalisation<\/h4>\n<p>Les producteurs de produits de moulage par injection de mati\u00e8res plastiques ont mis en place des proc\u00e9dures strictes de contr\u00f4le de la qualit\u00e9 afin de garantir la qualit\u00e9 des produits. Il s'agit notamment d'\u00e9valuer les produits finis en termes de dimensions et de r\u00e9sistance, de surveiller les param\u00e8tres du processus et d'inspecter r\u00e9guli\u00e8rement les moules. Les fabricants peuvent \u00e9galement ajouter des \u00e9l\u00e9ments tels que des logos, des textures et des variantes de couleur pour personnaliser davantage les articles.<\/p>\n<h4>\nConsid\u00e9rations environnementales<\/h4>\n<p>Il est possible de d\u00e9velopper et de produire des articles de moulage par injection de plastique en tenant compte de l'environnement. Pour rendre le produit plus \u00e9cologique, les fabricants peuvent ajouter des additifs biod\u00e9gradables ou utiliser des composants en plastique recycl\u00e9. En outre, la proc\u00e9dure elle-m\u00eame produit tr\u00e8s peu de d\u00e9chets puisque le plastique suppl\u00e9mentaire peut \u00eatre recycl\u00e9 ou r\u00e9utilis\u00e9.<\/p>\n<p>&nbsp;<\/p>\n<h3>Conclusion<\/h3>\n<p>Les produits de moulage par injection de plastique pr\u00e9sentent de nombreux avantages, tels que de grandes quantit\u00e9s de production, la diversit\u00e9 des mat\u00e9riaux et la capacit\u00e9 de fabriquer des formes complexes. Ces produits sont largement utilis\u00e9s dans de nombreux secteurs et sont essentiels \u00e0 notre vie quotidienne. Les fabricants peuvent continuer \u00e0 proposer des solutions de moulage par injection de plastique cr\u00e9atives et respectueuses de l'environnement en maintenant un contr\u00f4le de la qualit\u00e9 et en tenant compte des consid\u00e9rations environnementales.<\/p>\n<p>&nbsp;<\/p>","protected":false},"excerpt":{"rendered":"<p>la production sur mesure de produits moul\u00e9s par injection de plastique tels que des pi\u00e8ces en plastique, des bo\u00eetiers en plastique, des accessoires en plastique, etc. dans diverses industries.<br \/>\nNotre soci\u00e9t\u00e9 dispose de 50 \u00e0 1300 tonnes de machines de moulage par injection, ce qui lui permet de traiter et de produire des pi\u00e8ces moul\u00e9es par injection de diff\u00e9rentes tailles. Dans le processus de personnalisation de la production pour les clients, nous contr\u00f4lons strictement l'inspection de la qualit\u00e9. En commen\u00e7ant par la s\u00e9lection des mat\u00e9riaux de moulage par injection, nous demandons aux fournisseurs de chaque mat\u00e9riau de fournir les certifications n\u00e9cessaires pour garantir la qualit\u00e9 des mati\u00e8res premi\u00e8res.<\/p>","protected":false},"featured_media":1910,"template":"","meta":{"om_disable_all_campaigns":false,"_monsterinsights_skip_tracking":false,"_monsterinsights_sitenote_active":false,"_monsterinsights_sitenote_note":"","_monsterinsights_sitenote_category":0,"_uf_show_specific_survey":0,"_uf_disable_surveys":false,"site-sidebar-layout":"default","site-content-layout":"default","ast-global-header-display":"","ast-banner-title-visibility":"","ast-main-header-display":"","ast-hfb-above-header-display":"","ast-hfb-below-header-display":"","ast-hfb-mobile-header-display":"","site-post-title":"","ast-breadcrumbs-content":"","ast-featured-img":"","footer-sml-layout":"","theme-transparent-header-meta":"default","adv-header-id-meta":"","stick-header-meta":"","header-above-stick-meta":"","header-main-stick-meta":"","header-below-stick-meta":""},"product_cat":[19],"product_tag":[],"aioseo_notices":[],"_links":{"self":[{"href":"https:\/\/mnwell.com\/fr\/wp-json\/wp\/v2\/product\/1909"}],"collection":[{"href":"https:\/\/mnwell.com\/fr\/wp-json\/wp\/v2\/product"}],"about":[{"href":"https:\/\/mnwell.com\/fr\/wp-json\/wp\/v2\/types\/product"}],"wp:featuredmedia":[{"embeddable":true,"href":"https:\/\/mnwell.com\/fr\/wp-json\/wp\/v2\/media\/1910"}],"wp:attachment":[{"href":"https:\/\/mnwell.com\/fr\/wp-json\/wp\/v2\/media?parent=1909"}],"wp:term":[{"taxonomy":"product_cat","embeddable":true,"href":"https:\/\/mnwell.com\/fr\/wp-json\/wp\/v2\/product_cat?post=1909"},{"taxonomy":"product_tag","embeddable":true,"href":"https:\/\/mnwell.com\/fr\/wp-json\/wp\/v2\/product_tag?post=1909"}],"curies":[{"name":"wp","href":"https:\/\/api.w.org\/{rel}","templated":true}]}}