{"id":1986,"date":"2023-07-09T08:34:28","date_gmt":"2023-07-09T06:34:28","guid":{"rendered":"https:\/\/mnwell.com\/?post_type=product&#038;p=1986"},"modified":"2023-12-22T16:06:49","modified_gmt":"2023-12-22T15:06:49","slug":"products-made-from-die-casting","status":"publish","type":"product","link":"https:\/\/mnwell.com\/fr\/produit\/products-made-from-die-casting\/","title":{"rendered":"produits fabriqu\u00e9s \u00e0 partir de pi\u00e8ces moul\u00e9es sous pression"},"content":{"rendered":"<p>Les produits fabriqu\u00e9s par moulage sous pression sont largement utilis\u00e9s dans divers domaines, tels que l'\u00e9quipement industriel, l'automobile, les traitements m\u00e9dicaux et le mobilier. Nous les rencontrons aussi souvent dans la production.<\/p>\n<h3>Classification<\/h3>\n<p>Il existe de nombreux types de produits moul\u00e9s sous pression. En fonction du mat\u00e9riau, nous pouvons les diviser en pi\u00e8ces moul\u00e9es sous pression en alliage d'aluminium, pi\u00e8ces moul\u00e9es sous pression en alliage de zinc, pi\u00e8ces moul\u00e9es sous pression en alliage de magn\u00e9sium, pi\u00e8ces moul\u00e9es sous pression en alliage de cuivre, etc. Si vous avez des id\u00e9es de produits moul\u00e9s sous pression personnalis\u00e9s, nous serons heureux de communiquer avec vous.<\/p>\n<p>Notre exp\u00e9rience des produits fabriqu\u00e9s en moulage sous pression :<\/p>\n<ul>\n<li>Le moulage sous pression d'alliages d'aluminium est le plus courant. Il poss\u00e8de non seulement de bonnes propri\u00e9t\u00e9s m\u00e9caniques, mais aussi une excellente conductivit\u00e9 thermique et \u00e9lectrique, ainsi qu'une bonne r\u00e9sistance \u00e0 la corrosion. Il trouve donc un large \u00e9ventail d'applications dans les domaines de l'automobile, de l'aviation, de l'a\u00e9rospatiale, de l'\u00e9lectronique et de la machinerie industrielle.<\/li>\n<li><a href=\"https:\/\/mnwell.com\/fr\/produit\/zinc-alloy-die-casting-product\/\">Moulages sous pression en alliage de zinc<\/a> ont les avantages d'une faible densit\u00e9, d'une grande solidit\u00e9, d'une r\u00e9sistance \u00e0 l'usure et d'une r\u00e9sistance \u00e0 la corrosion. Ils sont largement utilis\u00e9s dans les appareils m\u00e9nagers, les instruments \u00e9lectroniques, les pi\u00e8ces automobiles, le mat\u00e9riel de construction, les cadeaux faits \u00e0 la main et d'autres domaines.<\/li>\n<li>Les pi\u00e8ces moul\u00e9es sous pression en alliage de magn\u00e9sium pr\u00e9sentent les caract\u00e9ristiques suivantes : faible densit\u00e9, haute r\u00e9sistance, r\u00e9sistance aux temp\u00e9ratures \u00e9lev\u00e9es et excellente r\u00e9sistance aux chocs. Elles sont donc largement utilis\u00e9es dans les moteurs automobiles, les syst\u00e8mes hydrauliques, les \u00e9quipements a\u00e9ronautiques, les armes, les \u00e9quipements sportifs et d'autres domaines.<\/li>\n<li>Le moulage sous pression d'alliages de cuivre est un moulage sous pression de haute qualit\u00e9. Le cuivre ayant une bonne conductivit\u00e9 \u00e9lectrique et thermique, associ\u00e9e \u00e0 une bonne r\u00e9sistance \u00e0 la corrosion, il est souvent utilis\u00e9 dans la fabrication de pi\u00e8ces \u00e9lectriques, de pi\u00e8ces de bicyclettes, de pi\u00e8ces automobiles, etc.<\/li>\n<\/ul>\n<p>Les produits de moulage sous pression les plus courants et les applications des diff\u00e9rents mat\u00e9riaux sont pr\u00e9sent\u00e9s ci-dessus. Les produits moul\u00e9s sous pression peuvent \u00eatre utilis\u00e9s dans de nombreux domaines, apportant une garantie de qualit\u00e9 et des avantages \u00e9conomiques \u00e0 diff\u00e9rents secteurs. Si vous avez besoin de fabriquer un certain produit, veuillez v\u00e9rifier s'il peut \u00eatre fabriqu\u00e9 par le processus de moulage sous pression. Vous pouvez \u00e9galement nous envoyer le dessin, et nous vous donnerons des conseils professionnels en toute confidentialit\u00e9.<\/p>\n<p>&nbsp;<\/p>\n<h3>Param\u00e8tres des produits moul\u00e9s sous pression<\/h3>\n<ol>\n<li>Mat\u00e9riau du produit : alliage d'aluminium ADC10, ADC12, A360, A380, A413, A356, alliage de zinc 3#, 5#, 8#, alliage de magn\u00e9sium, laiton, cuivre.<\/li>\n<li>Capacit\u00e9 de production : l'entreprise dispose de machines de coul\u00e9e sous pression (88 tonnes, 280 tonnes, 400 tonnes, 500 tonnes, 800 tonnes et 1250 tonnes), de machines \u00e0 \u00e9tincelles et d'un centre d'usinage CNC.<\/li>\n<li>Format de dessin : step, dwg, igs, pdf<\/li>\n<li>Syst\u00e8me de contr\u00f4le qualit\u00e9 : inspection 100% ou inspection une \u00e0 une avant l'emballage<\/li>\n<\/ol>\n<p><img loading=\"lazy\" decoding=\"async\" class=\"alignnone size-full wp-image-1987\" src=\"http:\/\/mnwell.com\/wp-content\/uploads\/2023\/07\/AYU9529.jpg\" alt=\"products made from die casting\" width=\"800\" height=\"800\" srcset=\"https:\/\/mnwell.com\/wp-content\/uploads\/2023\/07\/AYU9529.jpg 800w, https:\/\/mnwell.com\/wp-content\/uploads\/2023\/07\/AYU9529-150x150.jpg 150w, https:\/\/mnwell.com\/wp-content\/uploads\/2023\/07\/AYU9529-768x768.jpg 768w, https:\/\/mnwell.com\/wp-content\/uploads\/2023\/07\/AYU9529-300x300.jpg 300w, https:\/\/mnwell.com\/wp-content\/uploads\/2023\/07\/AYU9529-600x600.jpg 600w, https:\/\/mnwell.com\/wp-content\/uploads\/2023\/07\/AYU9529-100x100.jpg 100w\" sizes=\"(max-width: 800px) 100vw, 800px\" \/><img loading=\"lazy\" decoding=\"async\" class=\"alignnone size-full wp-image-1946\" src=\"http:\/\/mnwell.com\/wp-content\/uploads\/2023\/07\/AYU9497.jpg\" alt=\"die cast aluminum heat sink\" width=\"800\" height=\"800\" srcset=\"https:\/\/mnwell.com\/wp-content\/uploads\/2023\/07\/AYU9497.jpg 800w, https:\/\/mnwell.com\/wp-content\/uploads\/2023\/07\/AYU9497-150x150.jpg 150w, https:\/\/mnwell.com\/wp-content\/uploads\/2023\/07\/AYU9497-768x768.jpg 768w, https:\/\/mnwell.com\/wp-content\/uploads\/2023\/07\/AYU9497-300x300.jpg 300w, https:\/\/mnwell.com\/wp-content\/uploads\/2023\/07\/AYU9497-600x600.jpg 600w, https:\/\/mnwell.com\/wp-content\/uploads\/2023\/07\/AYU9497-100x100.jpg 100w\" sizes=\"(max-width: 800px) 100vw, 800px\" \/><img loading=\"lazy\" decoding=\"async\" class=\"alignnone size-full wp-image-1975\" src=\"http:\/\/mnwell.com\/wp-content\/uploads\/2023\/07\/01.jpg\" alt=\"\" width=\"800\" height=\"800\" srcset=\"https:\/\/mnwell.com\/wp-content\/uploads\/2023\/07\/01.jpg 800w, https:\/\/mnwell.com\/wp-content\/uploads\/2023\/07\/01-150x150.jpg 150w, https:\/\/mnwell.com\/wp-content\/uploads\/2023\/07\/01-768x768.jpg 768w, https:\/\/mnwell.com\/wp-content\/uploads\/2023\/07\/01-300x300.jpg 300w, https:\/\/mnwell.com\/wp-content\/uploads\/2023\/07\/01-600x600.jpg 600w, https:\/\/mnwell.com\/wp-content\/uploads\/2023\/07\/01-100x100.jpg 100w\" sizes=\"(max-width: 800px) 100vw, 800px\" \/><\/p>\n<p>&nbsp;<\/p>\n<h3>Forme et taille des produits moul\u00e9s sous pression<\/h3>\n<p>Nous disposons de machines de coul\u00e9e sous pression de diff\u00e9rents tonnages et pouvons personnaliser des produits de coul\u00e9e sous pression de diff\u00e9rentes formes et tailles en fonction de vos besoins. En fin de compte, le choix du processus final est bas\u00e9 sur l'utilisation et les mat\u00e9riaux de vos produits de moulage sous pression personnalis\u00e9s. Pi\u00e8ces moul\u00e9es sous pression de forme et de taille diff\u00e9rentes :<\/p>\n<ul>\n<li><a href=\"https:\/\/mnwell.com\/fr\/produit\/die-casting-small-parts\/\">Petites pi\u00e8ces de pr\u00e9cision :<\/a> Le moulage sous pression permet de produire de petites pi\u00e8ces \u00e0 la g\u00e9om\u00e9trie et aux d\u00e9tails complexes, telles que des pi\u00e8ces de t\u00e9l\u00e9phones portables, des bo\u00eetiers d'appareils \u00e9lectroniques, des montures de lunettes, etc.<\/li>\n<li>Pi\u00e8ces m\u00e9caniques moyennes et grandes : Le moulage sous pression peut \u00e9galement \u00eatre utilis\u00e9 pour fabriquer des pi\u00e8ces m\u00e9caniques de moyenne et grande taille, telles que des pi\u00e8ces de moteur automobile, des carters d'\u00e9quipement industriel, des composants a\u00e9rospatiaux, etc.<\/li>\n<li>Composants \u00e0 parois minces : la technologie du moulage sous pression permet de produire des composants \u00e0 parois minces, tels que les ailettes de radiateurs, les bo\u00eetiers d'ordinateurs, etc.<\/li>\n<li>Pi\u00e8ces de structure complexe : Le moulage sous pression peut \u00e9galement produire des pi\u00e8ces de structure complexe, telles que des engrenages, des pales de turbine, des corps de pompe, etc.<\/li>\n<\/ul>\n<p>La forme et la taille du produit final moul\u00e9 sous pression doivent \u00eatre d\u00e9termin\u00e9es en fonction des exigences de conception et de la faisabilit\u00e9 du processus. Notre \u00e9quipe d'ing\u00e9nieurs vous donnera des conseils professionnels et nous prendrons pleinement en compte vos id\u00e9es de fabrication.<\/p>\n<p>&nbsp;<\/p>\n<h3>Produits courants de moulage sous pression et leurs avantages<\/h3>\n<p>1. Pi\u00e8ces d\u00e9tach\u00e9es automobiles :<br \/>\nLe moulage sous pression joue un r\u00f4le cl\u00e9 dans le secteur automobile, en produisant des composants tels que des blocs moteurs, des bo\u00eetes de vitesses, des culasses et des collecteurs d'admission. Le moulage sous pression permet de cr\u00e9er des pi\u00e8ces \u00e0 la fois l\u00e9g\u00e8res et r\u00e9sistantes, ce qui contribue \u00e0 am\u00e9liorer le rendement \u00e9nerg\u00e9tique et les performances globales. En outre, le moulage sous pression facilite l'int\u00e9gration de caract\u00e9ristiques multiples et de g\u00e9om\u00e9tries complexes, ce qui permet une fabrication efficace et rentable.<\/p>\n<p>2. Produits \u00e9lectroniques grand public :<br \/>\nLe moulage sous pression est largement utilis\u00e9 dans la fabrication d'appareils et de composants \u00e9lectroniques grand public, tels que les ch\u00e2ssis d'ordinateurs portables, les coques de smartphones et les \u00e9tuis de tablettes. Ce proc\u00e9d\u00e9 pr\u00e9sente l'avantage de produire des pi\u00e8ces \u00e0 parois minces pr\u00e9sentant une r\u00e9sistance et une stabilit\u00e9 dimensionnelle sup\u00e9rieures. Des conceptions \u00e9l\u00e9gantes et sophistiqu\u00e9es et la possibilit\u00e9 d'incorporer des caract\u00e9ristiques telles que <a href=\"https:\/\/mnwell.com\/fr\/heat-sink\/\">dissipateurs thermiques<\/a> et les connecteurs font des composants moul\u00e9s sous pression des \u00e9l\u00e9ments id\u00e9aux pour les appareils \u00e9lectroniques.<\/p>\n<p>3. Pi\u00e8ces pour l'a\u00e9rospatiale et la d\u00e9fense :<br \/>\nLes composants cl\u00e9s des industries de l'a\u00e9rospatiale et de la d\u00e9fense sont souvent fabriqu\u00e9s par moulage sous pression. Il s'agit notamment de pi\u00e8ces de moteurs d'avion, de pi\u00e8ces structurelles et d'\u00e9quipements de d\u00e9fense. <a href=\"https:\/\/mnwell.com\/fr\/custom-die-casting\/\">Moulage sous pression<\/a> peut produire des pi\u00e8ces l\u00e9g\u00e8res et tr\u00e8s r\u00e9sistantes qui r\u00e9pondent aux normes strictes de qualit\u00e9 et de performance de ces industries.<\/p>\n<p>4. Appareil d'\u00e9clairage :<br \/>\nLe moulage sous pression est courant dans la production d'appareils d'\u00e9clairage, y compris les culots de lampe, les bo\u00eetiers et les r\u00e9flecteurs. Ce proc\u00e9d\u00e9 permet de cr\u00e9er des conceptions complexes et des d\u00e9tails pr\u00e9cis, ce qui donne des produits visuellement attrayants et fonctionnels. Les appareils d'\u00e9clairage moul\u00e9s sous pression pr\u00e9sentent une excellente dissipation de la chaleur, une r\u00e9sistance \u00e0 la corrosion et une grande durabilit\u00e9, et conviennent \u00e0 divers environnements.<\/p>\n<p>5. Quincaillerie d'ameublement :<br \/>\nLe moulage sous pression a eu un impact significatif sur la production de quincaillerie d'ameublement, contribuant \u00e0 la cr\u00e9ation de poign\u00e9es, de boutons et d'accessoires d\u00e9coratifs. Ce proc\u00e9d\u00e9 permet de cr\u00e9er des formes complexes et des motifs compliqu\u00e9s qui rehaussent le design g\u00e9n\u00e9ral et la fonctionnalit\u00e9 du meuble. La quincaillerie d'ameublement moul\u00e9e sous pression est durable, r\u00e9sistante \u00e0 la corrosion et esth\u00e9tique.<\/p>\n<p>6. l'\u00e9quipement m\u00e9dical :<br \/>\nLe moulage sous pression est utilis\u00e9 dans la fabrication d'\u00e9quipements et de dispositifs m\u00e9dicaux pour produire des composants tels que des instruments chirurgicaux, des pi\u00e8ces d'\u00e9quipement d'imagerie et des outils dentaires. Les dispositifs m\u00e9dicaux moul\u00e9s sous pression offrent une grande pr\u00e9cision, une exactitude dimensionnelle et un excellent \u00e9tat de surface, ce qui garantit la conformit\u00e9 aux exigences strictes de l'industrie m\u00e9dicale en mati\u00e8re de qualit\u00e9 et de performance.<\/p>\n<p>En conclusion, le moulage sous pression appara\u00eet comme un processus de fabrication polyvalent capable de produire une large gamme de produits de haute qualit\u00e9. Des pi\u00e8ces automobiles \u00e0 l'\u00e9lectronique grand public, des pi\u00e8ces a\u00e9rospatiales \u00e0 la quincaillerie d'ameublement, les produits moul\u00e9s sous pression offrent toute une s\u00e9rie d'avantages, tels qu'une pr\u00e9cision dimensionnelle sup\u00e9rieure, des conceptions complexes et la durabilit\u00e9. Le moulage sous pression peut traiter des formes complexes et incorporer de multiples caract\u00e9ristiques, ce qui en fait le premier choix dans diverses industries pour r\u00e9pondre aux besoins vari\u00e9s de la fabrication moderne.<\/p>\n<p>&nbsp;<\/p>\n<h4>Choisissez les avantages de MindWell :<\/h4>\n<p>MindWell est une entreprise traditionnelle de moulage sous pression. Nous sommes engag\u00e9s dans la recherche et le d\u00e9veloppement de la technologie des produits moul\u00e9s sous pression, dans la conception de produits et dans une production efficace. Nous disposons d'une \u00e9quipe d'ing\u00e9nieurs professionnels capables de concevoir des produits et des moules. L'arrimage direct nous permet d'\u00e9tablir un devis plus rapidement. Notre \u00e9quipe de vente s'en chargera. Nous \u00e9tablirons un projet pour chacun de nos projets, et chaque projet est \u00e9quip\u00e9 d'un syst\u00e8me de contr\u00f4le de la qualit\u00e9. Les vendeurs et les ing\u00e9nieurs correspondants vous r\u00e9pondront dans les plus brefs d\u00e9lais.<\/p>\n<p><img loading=\"lazy\" decoding=\"async\" class=\"alignnone size-full wp-image-3791\" src=\"http:\/\/mnwell.com\/wp-content\/uploads\/2023\/12\/AYU9598.webp\" alt=\"die casting manufacturers\" width=\"750\" height=\"500\" srcset=\"https:\/\/mnwell.com\/wp-content\/uploads\/2023\/12\/AYU9598.webp 750w, https:\/\/mnwell.com\/wp-content\/uploads\/2023\/12\/AYU9598-18x12.webp 18w, https:\/\/mnwell.com\/wp-content\/uploads\/2023\/12\/AYU9598-600x400.webp 600w\" sizes=\"(max-width: 750px) 100vw, 750px\" \/><\/p>","protected":false},"excerpt":{"rendered":"<p>Les produits fabriqu\u00e9s \u00e0 partir de pi\u00e8ces moul\u00e9es sous pression sont largement utilis\u00e9s dans divers domaines tels que l'\u00e9quipement industriel, l'automobile, les traitements m\u00e9dicaux et l'ameublement. Le moulage sous pression est un processus de fabrication polyvalent qui permet d'obtenir une large gamme de produits de haute qualit\u00e9, notamment des pi\u00e8ces moul\u00e9es en alliage d'aluminium, de zinc, de magn\u00e9sium et de cuivre. Le moulage sous pression d'alliages d'aluminium est le plus courant. Il offre d'excellentes propri\u00e9t\u00e9s m\u00e9caniques, de conductivit\u00e9 thermique, de conductivit\u00e9 \u00e9lectrique et de r\u00e9sistance \u00e0 la corrosion. Les pi\u00e8ces moul\u00e9es sous pression en alliage de zinc sont utilis\u00e9es dans les appareils m\u00e9nagers, les instruments \u00e9lectroniques, les pi\u00e8ces automobiles, le mat\u00e9riel de construction et les cadeaux faits \u00e0 la main. Les pi\u00e8ces moul\u00e9es en alliage de magn\u00e9sium sont utilis\u00e9es dans les moteurs automobiles, les syst\u00e8mes hydrauliques, les \u00e9quipements a\u00e9ronautiques, les armes, les \u00e9quipements sportifs et d'autres domaines. Le moulage sous pression d'alliages de cuivre est un moulage sous pression de haute qualit\u00e9 qui pr\u00e9sente une bonne conductivit\u00e9 \u00e9lectrique et thermique, ainsi qu'une bonne r\u00e9sistance \u00e0 la corrosion. Le moulage sous pression peut \u00eatre adapt\u00e9 \u00e0 diff\u00e9rentes formes et tailles, ce qui garantit la qualit\u00e9 et les avantages \u00e9conomiques. Les produits courants de moulage sous pression comprennent les pi\u00e8ces automobiles, l'\u00e9lectronique grand public, les pi\u00e8ces pour l'a\u00e9rospatiale et la d\u00e9fense, les appareils d'\u00e9clairage, la quincaillerie d'ameublement et l'\u00e9quipement m\u00e9dical. MindWell, une entreprise traditionnelle de moulage sous pression, s'engage dans la recherche et le d\u00e9veloppement de la technologie des produits moul\u00e9s sous pression, dans la conception des produits et dans une production efficace.<\/p>","protected":false},"featured_media":1987,"template":"","meta":{"om_disable_all_campaigns":false,"_monsterinsights_skip_tracking":false,"_monsterinsights_sitenote_active":false,"_monsterinsights_sitenote_note":"","_monsterinsights_sitenote_category":0,"_uf_show_specific_survey":0,"_uf_disable_surveys":false,"site-sidebar-layout":"default","site-content-layout":"default","ast-global-header-display":"","ast-banner-title-visibility":"","ast-main-header-display":"","ast-hfb-above-header-display":"","ast-hfb-below-header-display":"","ast-hfb-mobile-header-display":"","site-post-title":"","ast-breadcrumbs-content":"","ast-featured-img":"","footer-sml-layout":"","theme-transparent-header-meta":"default","adv-header-id-meta":"","stick-header-meta":"","header-above-stick-meta":"","header-main-stick-meta":"","header-below-stick-meta":""},"product_cat":[18],"product_tag":[56,458],"aioseo_notices":[],"_links":{"self":[{"href":"https:\/\/mnwell.com\/fr\/wp-json\/wp\/v2\/product\/1986"}],"collection":[{"href":"https:\/\/mnwell.com\/fr\/wp-json\/wp\/v2\/product"}],"about":[{"href":"https:\/\/mnwell.com\/fr\/wp-json\/wp\/v2\/types\/product"}],"wp:featuredmedia":[{"embeddable":true,"href":"https:\/\/mnwell.com\/fr\/wp-json\/wp\/v2\/media\/1987"}],"wp:attachment":[{"href":"https:\/\/mnwell.com\/fr\/wp-json\/wp\/v2\/media?parent=1986"}],"wp:term":[{"taxonomy":"product_cat","embeddable":true,"href":"https:\/\/mnwell.com\/fr\/wp-json\/wp\/v2\/product_cat?post=1986"},{"taxonomy":"product_tag","embeddable":true,"href":"https:\/\/mnwell.com\/fr\/wp-json\/wp\/v2\/product_tag?post=1986"}],"curies":[{"name":"wp","href":"https:\/\/api.w.org\/{rel}","templated":true}]}}