{"id":1989,"date":"2023-07-09T11:20:34","date_gmt":"2023-07-09T09:20:34","guid":{"rendered":"https:\/\/mnwell.com\/?post_type=product&#038;p=1989"},"modified":"2023-07-09T11:20:35","modified_gmt":"2023-07-09T09:20:35","slug":"automotive-parts-die-casting","status":"publish","type":"product","link":"https:\/\/mnwell.com\/fr\/produit\/automotive-parts-die-casting\/","title":{"rendered":"Pi\u00e8ces automobiles moul\u00e9es sous pression"},"content":{"rendered":"<p>Le moulage sous pression de pi\u00e8ces automobiles permet d'obtenir des applications de haute pr\u00e9cision, de haute r\u00e9sistance et de haute qualit\u00e9, apportant ainsi un soutien solide \u00e0 l'industrie automobile. Les exigences en mati\u00e8re de s\u00e9curit\u00e9 et de fonctionnalit\u00e9 sont plus \u00e9lev\u00e9es pour la production de pi\u00e8ces destin\u00e9es aux automobiles, aux motocyclettes et \u00e0 d'autres v\u00e9hicules, de sorte que le processus de moulage sous pression convient parfaitement \u00e0 la conception et \u00e0 la production de pi\u00e8ces automobiles.<\/p>\n<h3>Processus de moulage sous pression de pi\u00e8ces automobiles<\/h3>\n<p>Le processus de moulage sous pression des pi\u00e8ces automobiles comprend principalement quatre \u00e9tapes : la fabrication du moule, l'injection de m\u00e9tal liquide, le durcissement et le d\u00e9moulage. L'un des \u00e9l\u00e9ments les plus importants est la fabrication des moules. Les moules n\u00e9cessaires au moulage sous pression des pi\u00e8ces automobiles doivent pr\u00e9senter les caract\u00e9ristiques suivantes : haute pr\u00e9cision, haute r\u00e9sistance et haute stabilit\u00e9. La production de chaque moule doit faire l'objet de tests et de d\u00e9bogages stricts afin de garantir que les produits moul\u00e9s sous pression r\u00e9pondent aux exigences de qualit\u00e9.<\/p>\n<p><img loading=\"lazy\" decoding=\"async\" class=\"alignnone size-full wp-image-1990\" src=\"http:\/\/mnwell.com\/wp-content\/uploads\/2023\/07\/magnesium-die-casting-part-picture-\u526f\u672c.jpg\" alt=\"automotive parts die casting\" width=\"800\" height=\"800\" srcset=\"https:\/\/mnwell.com\/wp-content\/uploads\/2023\/07\/magnesium-die-casting-part-picture-\u526f\u672c.jpg 800w, https:\/\/mnwell.com\/wp-content\/uploads\/2023\/07\/magnesium-die-casting-part-picture-\u526f\u672c-150x150.jpg 150w, https:\/\/mnwell.com\/wp-content\/uploads\/2023\/07\/magnesium-die-casting-part-picture-\u526f\u672c-768x768.jpg 768w, https:\/\/mnwell.com\/wp-content\/uploads\/2023\/07\/magnesium-die-casting-part-picture-\u526f\u672c-300x300.jpg 300w, https:\/\/mnwell.com\/wp-content\/uploads\/2023\/07\/magnesium-die-casting-part-picture-\u526f\u672c-600x600.jpg 600w, https:\/\/mnwell.com\/wp-content\/uploads\/2023\/07\/magnesium-die-casting-part-picture-\u526f\u672c-100x100.jpg 100w\" sizes=\"(max-width: 800px) 100vw, 800px\" \/><\/p>\n<h4>param\u00e8tre<\/h4>\n<ul>\n<li>Machine de coul\u00e9e sous pression de 120 \u00e0 2500 tonnes<\/li>\n<li>Assistance logicielle Pro-e\/Solid Work\/UG\/Auto CAD\/CATIA<\/li>\n<li>A319, A356, A360, A369, A380, A383, A384, A413, A535, 44300, 44300, 46000, AlSi9Mg, AlSi9Cu3, ADC12, ZL102, ZL104, ZL108, Zamak2,3,5,7, etc.<\/li>\n<li>Options de finition de surface : \u00c9bavurage, sablage, paiting, anodisation \u00e9lectrophor\u00e9tique<\/li>\n<li>Industrie automobile, bicyclettes et motos, portes et fen\u00eatres et meubles, appareils m\u00e9nagers, compteurs \u00e0 gaz, outils \u00e9lectriques, \u00e9clairage LED, composants d'instruments m\u00e9dicaux, etc.<\/li>\n<li>Contr\u00f4le de la qualit\u00e9 : inspection 100%, le contr\u00f4le est effectu\u00e9 au cours du processus de fabrication, apr\u00e8s la surface et avant l'emballage.<\/li>\n<\/ul>\n<p><img loading=\"lazy\" decoding=\"async\" class=\"alignnone size-full wp-image-1975\" src=\"http:\/\/mnwell.com\/wp-content\/uploads\/2023\/07\/01.jpg\" alt=\"\" width=\"800\" height=\"800\" srcset=\"https:\/\/mnwell.com\/wp-content\/uploads\/2023\/07\/01.jpg 800w, https:\/\/mnwell.com\/wp-content\/uploads\/2023\/07\/01-150x150.jpg 150w, https:\/\/mnwell.com\/wp-content\/uploads\/2023\/07\/01-768x768.jpg 768w, https:\/\/mnwell.com\/wp-content\/uploads\/2023\/07\/01-300x300.jpg 300w, https:\/\/mnwell.com\/wp-content\/uploads\/2023\/07\/01-600x600.jpg 600w, https:\/\/mnwell.com\/wp-content\/uploads\/2023\/07\/01-100x100.jpg 100w\" sizes=\"(max-width: 800px) 100vw, 800px\" \/><\/p>\n<h5>Avantages du proc\u00e9d\u00e9 de moulage sous pression pour la fabrication de pi\u00e8ces automobiles<\/h5>\n<p>Le processus de moulage sous pression pr\u00e9sente de multiples avantages pour la production de pi\u00e8ces automobiles, si bien que de nombreuses pi\u00e8ces automobiles sont presque toutes fabriqu\u00e9es par moulage sous pression. Associ\u00e9e aux caract\u00e9ristiques de la production de masse dans l'industrie automobile, la conception et la fabrication de moules de coul\u00e9e sous pression peut r\u00e9soudre les probl\u00e8mes de pr\u00e9cision et d'uniformit\u00e9 des pi\u00e8ces automobiles, de cycle de production rapide, de r\u00e9alisation de formes g\u00e9om\u00e9triques complexes, etc.<\/p>\n<ul>\n<li>G\u00e9om\u00e9tries complexes : Le proc\u00e9d\u00e9 de moulage sous pression permet de produire des pi\u00e8ces automobiles \u00e0 g\u00e9om\u00e9trie complexe. En utilisant un moule et en injectant du m\u00e9tal en fusion dans la cavit\u00e9 du moule, il est possible d'obtenir des formes de pi\u00e8ces pr\u00e9cises, y compris des structures \u00e0 parois minces, des cavit\u00e9s internes, de petits d\u00e9tails, etc.<\/li>\n<li>Cycle de production rapide : Une fois le moule fabriqu\u00e9, il peut produire rapidement et en continu de grandes quantit\u00e9s de pi\u00e8ces automobiles. Par rapport \u00e0 d'autres proc\u00e9d\u00e9s de fabrication, tels que le moulage et l'usinage, le moulage sous pression permet de r\u00e9pondre plus rapidement aux demandes du march\u00e9 et d'am\u00e9liorer l'efficacit\u00e9 de la production.<\/li>\n<li>Pr\u00e9cision et r\u00e9gularit\u00e9 : Le processus de moulage sous pression permet d'obtenir des pi\u00e8ces automobiles d'une grande pr\u00e9cision. Gr\u00e2ce \u00e0 la pr\u00e9cision des moules et des param\u00e8tres de contr\u00f4le, il est possible d'obtenir une constance dans la taille, la forme et la qualit\u00e9 des pi\u00e8ces. Ceci est tr\u00e8s important pour les pi\u00e8ces automobiles qui n\u00e9cessitent un ajustement de haute pr\u00e9cision, un assemblage fin et de bonnes performances.<\/li>\n<li>S\u00e9lection des mat\u00e9riaux et optimisation des performances : Le processus de moulage sous pression peut utiliser une vari\u00e9t\u00e9 d'alliages m\u00e9talliques, tels que les alliages d'aluminium, les alliages de magn\u00e9sium, les alliages de cuivre, etc. pour r\u00e9pondre aux exigences des diff\u00e9rentes applications. Chaque mat\u00e9riau poss\u00e8de des propri\u00e9t\u00e9s m\u00e9caniques sp\u00e9cifiques, une r\u00e9sistance \u00e0 la corrosion, une conductivit\u00e9 thermique, etc. Les performances du raccord peuvent \u00eatre encore optimis\u00e9es par un choix de mat\u00e9riau et un traitement thermique appropri\u00e9s.<\/li>\n<li>L\u00e9g\u00e8ret\u00e9 et conception optimis\u00e9e : Le processus de moulage sous pression permet de produire des pi\u00e8ces automobiles l\u00e9g\u00e8res. L'utilisation de mat\u00e9riaux l\u00e9gers tels que les alliages d'aluminium et de magn\u00e9sium permet de r\u00e9duire le poids des v\u00e9hicules et d'am\u00e9liorer l'\u00e9conomie de carburant et les performances. En outre, le processus de moulage sous pression peut \u00e9galement optimiser la conception de la pi\u00e8ce afin d'optimiser la structure de la pi\u00e8ce et l'utilisation efficace des mat\u00e9riaux.<\/li>\n<li>Haute r\u00e9sistance et durabilit\u00e9 : Le processus de moulage sous pression permet de produire des pi\u00e8ces automobiles tr\u00e8s r\u00e9sistantes et durables. L'utilisation d'alliages m\u00e9talliques permet d'obtenir des pi\u00e8ces moul\u00e9es sous pression dot\u00e9es d'excellentes propri\u00e9t\u00e9s m\u00e9caniques, capables de r\u00e9sister \u00e0 des charges \u00e9lev\u00e9es et \u00e0 des conditions extr\u00eames. Les pi\u00e8ces moul\u00e9es sous pression sont donc bien adapt\u00e9es aux exigences de l'industrie automobile, y compris les structures de carrosserie, les composants de moteur, les syst\u00e8mes de suspension, etc.<\/li>\n<\/ul>\n<h5><\/h5>\n<h5>Nous sommes une entreprise professionnelle de moulage sous pression<\/h5>\n<p>En tant qu'entreprise professionnelle de moulage sous pression, MINDWELL s'engage \u00e0 fournir des pi\u00e8ces moul\u00e9es sous pression de la meilleure qualit\u00e9 pour l'industrie automobile. Nous utilisons une technologie de moulage sous pression de pointe pour garantir que chaque pi\u00e8ce est fabriqu\u00e9e avec pr\u00e9cision. Nos pi\u00e8ces moul\u00e9es sous pression sont largement utilis\u00e9es dans l'industrie automobile, y compris divers composants de moteurs, de transmissions, de ch\u00e2ssis, de syst\u00e8mes de freinage et d'autres accessoires. Choisissez notre entreprise parce que nous avons les avantages suivants :<\/p>\n<ol>\n<li>Processus de production efficace, de la conception initiale \u00e0 la livraison finale, chaque \u00e9tape garantit que chaque pi\u00e8ce r\u00e9pond \u00e0 vos exigences.<\/li>\n<li>Une \u00e9quipe d'ing\u00e9nieurs hautement sp\u00e9cialis\u00e9s et exp\u00e9riment\u00e9s qui veillent \u00e0 ce que chaque pi\u00e8ce moul\u00e9e sous pression en aluminium soit bien fabriqu\u00e9e et fonctionne correctement.<\/li>\n<li>L'\u00e9quipe d'inspection de la qualit\u00e9, gr\u00e2ce \u00e0 des tests et inspections pr\u00e9cis, garantit que chaque pi\u00e8ce peut fonctionner en toute s\u00e9curit\u00e9 pendant une longue p\u00e9riode.<\/li>\n<li>Nous fournissons un service complet \u00e0 guichet unique, de la production d'\u00e9chantillons \u00e0 la production de masse dans le processus de production, y compris le traitement de surface ult\u00e9rieur, etc.<\/li>\n<li>Nous disposons d'un processus de fabrication professionnel pour le moulage sous pression et d'un \u00e9quipement de pointe pour les machines de moulage sous pression, ce qui nous permet de produire des pi\u00e8ces de haute qualit\u00e9 dans les plus brefs d\u00e9lais.<\/li>\n<\/ol>\n<p><img loading=\"lazy\" decoding=\"async\" class=\"alignnone size-full wp-image-1953\" src=\"http:\/\/mnwell.com\/wp-content\/uploads\/2023\/07\/AYU9598.jpg\" alt=\"mindwell die casting factory\" width=\"750\" height=\"500\" srcset=\"https:\/\/mnwell.com\/wp-content\/uploads\/2023\/07\/AYU9598.jpg 750w, https:\/\/mnwell.com\/wp-content\/uploads\/2023\/07\/AYU9598-600x400.jpg 600w\" sizes=\"(max-width: 750px) 100vw, 750px\" \/><\/p>","protected":false},"excerpt":{"rendered":"<p>Die-casting of auto parts can achieve high-precision, high-strength and high-quality parts applications, providing strong support for the automotive industry. We have higher safety and functional requirements for the production of parts for automobiles, motorcycles and other vehicles, so the die-casting process is just suitable for the design and production of auto parts. Auto Parts Die &hellip;<\/p>\n<p class=\"read-more\"> <a class=\"\" href=\"https:\/\/mnwell.com\/fr\/produit\/automotive-parts-die-casting\/\"> <span class=\"screen-reader-text\">Pi\u00e8ces automobiles moul\u00e9es sous pression<\/span> Lire la suite \"<\/a><\/p>","protected":false},"featured_media":1990,"template":"","meta":{"om_disable_all_campaigns":false,"_monsterinsights_skip_tracking":false,"_monsterinsights_sitenote_active":false,"_monsterinsights_sitenote_note":"","_monsterinsights_sitenote_category":0,"_uf_show_specific_survey":0,"_uf_disable_surveys":false,"site-sidebar-layout":"default","site-content-layout":"default","ast-global-header-display":"","ast-banner-title-visibility":"","ast-main-header-display":"","ast-hfb-above-header-display":"","ast-hfb-below-header-display":"","ast-hfb-mobile-header-display":"","site-post-title":"","ast-breadcrumbs-content":"","ast-featured-img":"","footer-sml-layout":"","theme-transparent-header-meta":"default","adv-header-id-meta":"","stick-header-meta":"","header-above-stick-meta":"","header-main-stick-meta":"","header-below-stick-meta":""},"product_cat":[18],"product_tag":[58,61,59,60,57],"aioseo_notices":[],"_links":{"self":[{"href":"https:\/\/mnwell.com\/fr\/wp-json\/wp\/v2\/product\/1989"}],"collection":[{"href":"https:\/\/mnwell.com\/fr\/wp-json\/wp\/v2\/product"}],"about":[{"href":"https:\/\/mnwell.com\/fr\/wp-json\/wp\/v2\/types\/product"}],"wp:featuredmedia":[{"embeddable":true,"href":"https:\/\/mnwell.com\/fr\/wp-json\/wp\/v2\/media\/1990"}],"wp:attachment":[{"href":"https:\/\/mnwell.com\/fr\/wp-json\/wp\/v2\/media?parent=1989"}],"wp:term":[{"taxonomy":"product_cat","embeddable":true,"href":"https:\/\/mnwell.com\/fr\/wp-json\/wp\/v2\/product_cat?post=1989"},{"taxonomy":"product_tag","embeddable":true,"href":"https:\/\/mnwell.com\/fr\/wp-json\/wp\/v2\/product_tag?post=1989"}],"curies":[{"name":"wp","href":"https:\/\/api.w.org\/{rel}","templated":true}]}}