{"id":2066,"date":"2023-07-14T03:31:39","date_gmt":"2023-07-14T01:31:39","guid":{"rendered":"https:\/\/mnwell.com\/?post_type=product&#038;p=2066"},"modified":"2023-07-14T03:31:39","modified_gmt":"2023-07-14T01:31:39","slug":"aluminum-alloy-cnc-flexible-motor-shaft-connector-coupler","status":"publish","type":"product","link":"https:\/\/mnwell.com\/fr\/produit\/aluminum-alloy-cnc-flexible-motor-shaft-connector-coupler\/","title":{"rendered":"Connecteur d'arbre moteur flexible CNC en alliage d'aluminium"},"content":{"rendered":"<p>Le coupleur de connecteur d'arbre de moteur flexible est une pi\u00e8ce usin\u00e9e avec pr\u00e9cision en alliage d'aluminium utilis\u00e9e pour connecter deux arbres de moteur. L'usinage \u00e0 l'aide de la technologie CNC garantit que le moteur et l'arbre restent fermement connect\u00e9s. Le coupleur de connecteur d'arbre offre la flexibilit\u00e9 n\u00e9cessaire pour s'adapter au d\u00e9salignement et aux vibrations tout en transf\u00e9rant efficacement le couple entre les arbres. Sa conception flexible offre \u00e9galement une plus grande tol\u00e9rance et une meilleure absorption des chocs, ce qui r\u00e9duit l'usure et les dommages caus\u00e9s aux moteurs et aux machines.<\/p>\n<p>Notre soci\u00e9t\u00e9 fournit des solutions d'accouplement sur mesure pour les connecteurs d'arbres de moteurs flexibles en alliage d'aluminium CNC, con\u00e7ues selon vos exigences, personnalis\u00e9es pour s'adapter \u00e0 divers moteurs et arbres de tailles diff\u00e9rentes. Ils offrent des performances, une flexibilit\u00e9 et des options de style exceptionnelles.<\/p>\n<p><img loading=\"lazy\" decoding=\"async\" class=\"alignnone size-full wp-image-2067\" src=\"http:\/\/mnwell.com\/wp-content\/uploads\/2023\/07\/cnc-motor-coupler.jpg\" alt=\"cnc motor coupler\" width=\"750\" height=\"750\" srcset=\"https:\/\/mnwell.com\/wp-content\/uploads\/2023\/07\/cnc-motor-coupler.jpg 750w, https:\/\/mnwell.com\/wp-content\/uploads\/2023\/07\/cnc-motor-coupler-150x150.jpg 150w, https:\/\/mnwell.com\/wp-content\/uploads\/2023\/07\/cnc-motor-coupler-300x300.jpg 300w, https:\/\/mnwell.com\/wp-content\/uploads\/2023\/07\/cnc-motor-coupler-600x600.jpg 600w, https:\/\/mnwell.com\/wp-content\/uploads\/2023\/07\/cnc-motor-coupler-100x100.jpg 100w\" sizes=\"(max-width: 750px) 100vw, 750px\" \/><\/p>\n<p>&nbsp;<\/p>\n<h3>Param\u00e8tres<\/h3>\n<ol>\n<li>Mat\u00e9riau : Alliage d'aluminium<\/li>\n<li>Caract\u00e9ristique : Haute vitesse<\/li>\n<li>Mat\u00e9riau des moyeux : alliage d'aluminium 7075<\/li>\n<li>\u00c9quipement : scie, tour CNC, perceuse, machine \u00e0 tailler, poin\u00e7onneuse, fraiseuse, fa\u00e7onneuse d'engrenages, rectifieuse, centre d'usinage, etc.<\/li>\n<\/ol>\n<h3><\/h3>\n<h4>Avantages de l'usinage et de la fabrication CNC<\/h4>\n<ul>\n<li>Haute pr\u00e9cision : Utilisation <a href=\"https:\/\/mnwell.com\/fr\/cnc-machining-service\/\">Usinage CNC<\/a>Le coupleur de connecteur peut \u00eatre trait\u00e9 avec une tr\u00e8s grande pr\u00e9cision afin de s'assurer que sa taille et sa g\u00e9om\u00e9trie r\u00e9pondent aux exigences de la conception.<\/li>\n<li>Bonne r\u00e9p\u00e9tabilit\u00e9 : L'usinage CNC est programm\u00e9 pour contr\u00f4ler la machine lors des op\u00e9rations d'usinage, de sorte qu'il est garanti que les m\u00eames r\u00e9sultats d'usinage peuvent \u00eatre obtenus sur chaque coupleur de connecteur. Cela permet une production de masse sans compromettre la qualit\u00e9.<\/li>\n<li>Possibilit\u00e9 de fabriquer des formes complexes : L'usinage CNC permet d'usiner des coupleurs de connecteurs de forme complexe, y compris des d\u00e9tails tels que des cavit\u00e9s internes, des trous et des fentes.<\/li>\n<li>Efficacit\u00e9 de production \u00e9lev\u00e9e : L'usinage CNC est un processus de fabrication automatis\u00e9 qui permet d'achever le traitement des coupleurs de connecteurs dans un laps de temps relativement court.<\/li>\n<\/ul>\n<p>Globalement, les avantages de l'usinage CNC pour les coupleurs de connecteurs sont une grande pr\u00e9cision, une bonne r\u00e9p\u00e9tabilit\u00e9, la possibilit\u00e9 de fabriquer des formes complexes et une grande efficacit\u00e9 de production. Ces avantages font de l'usinage CNC une m\u00e9thode fiable et efficace pour la fabrication de coupleurs de connecteurs.<\/p>\n<p><img loading=\"lazy\" decoding=\"async\" class=\"alignnone size-full wp-image-2070\" src=\"http:\/\/mnwell.com\/wp-content\/uploads\/2023\/07\/cnc-flexible-coupling.jpg\" alt=\"cnc flexible coupling\" width=\"750\" height=\"750\" srcset=\"https:\/\/mnwell.com\/wp-content\/uploads\/2023\/07\/cnc-flexible-coupling.jpg 750w, https:\/\/mnwell.com\/wp-content\/uploads\/2023\/07\/cnc-flexible-coupling-150x150.jpg 150w, https:\/\/mnwell.com\/wp-content\/uploads\/2023\/07\/cnc-flexible-coupling-300x300.jpg 300w, https:\/\/mnwell.com\/wp-content\/uploads\/2023\/07\/cnc-flexible-coupling-600x600.jpg 600w, https:\/\/mnwell.com\/wp-content\/uploads\/2023\/07\/cnc-flexible-coupling-100x100.jpg 100w\" sizes=\"(max-width: 750px) 100vw, 750px\" \/><\/p>\n<h4>\u00c9tapes d'accouplement de connecteurs d'arbres CNC sur mesure<\/h4>\n<ol>\n<li>Sp\u00e9cifications de conception : D\u00e9terminer les sp\u00e9cifications de conception du coupleur de connecteurs, y compris la taille, la forme, les exigences en mati\u00e8re de mat\u00e9riaux, les m\u00e9thodes de connexion, etc.<\/li>\n<li>Choix du mat\u00e9riau : compte tenu des propri\u00e9t\u00e9s m\u00e9caniques, de la r\u00e9sistance \u00e0 la corrosion et du poids du mat\u00e9riau, nous recommandons l'utilisation d'un alliage d'aluminium, qui peut \u00eatre choisi en fonction de l'application et des exigences de votre coupleur de connecteurs.<\/li>\n<li>Communication : Vous pouvez nous fournir vos fichiers de conception de coupleurs de connecteurs. Il peut s'agir d'un fichier CAO (par exemple STEP, format IGES) ou d'autres formats de fichiers de conception 3D courants. Assurez-vous que toutes les informations g\u00e9om\u00e9triques n\u00e9cessaires et les exigences d'usinage sont incluses dans le fichier. Ensuite, nos ing\u00e9nieurs examineront rapidement vos besoins de personnalisation et communiqueront avec vous pour en discuter. Apr\u00e8s une communication d\u00e9taill\u00e9e et une bonne compr\u00e9hension de vos besoins, nous discuterons et confirmerons les d\u00e9tails de l'usinage, le d\u00e9roulement du processus et le d\u00e9lai de livraison.<\/li>\n<li>Fabrication d'\u00e9chantillons et essais : Apr\u00e8s avoir conclu un accord, nous utilisons un \u00e9quipement d'usinage CNC pour fabriquer des \u00e9chantillons de coupleurs de connecteurs. Ces \u00e9chantillons peuvent \u00eatre utilis\u00e9s pour tester les performances, l'ad\u00e9quation et la qualit\u00e9 du produit.<\/li>\n<li>Confirmation et production : Nous vous enverrons l'\u00e9chantillon et, une fois le test pass\u00e9, nous confirmerons la conception et le processus d\u00e9finitifs, puis nous passerons \u00e0 l'\u00e9tape de la production en s\u00e9rie. Nous utiliserons des \u00e9quipements de traitement CNC pour la production selon vos exigences, et effectuerons le contr\u00f4le de la qualit\u00e9 et l'inspection.<\/li>\n<\/ol>\n<p>Notre soci\u00e9t\u00e9 dispose d'un centre d'usinage CNC professionnel et d'une \u00e9quipe professionnelle d'ing\u00e9nieurs techniques. Nous avons une grande exp\u00e9rience dans la conception, le traitement et la fabrication de coupleurs de connecteurs CNC personnalis\u00e9s. Nous pouvons vous fournir le coupleur de connecteur CNC personnalis\u00e9 que vous souhaitez.<\/p>\n<p><img loading=\"lazy\" decoding=\"async\" class=\"alignnone size-full wp-image-1985\" src=\"http:\/\/mnwell.com\/wp-content\/uploads\/2023\/07\/bc62196aa01b7adeaba4a2362274b8a.jpg\" alt=\"\" width=\"500\" height=\"333\" \/><\/p>\n<p>&nbsp;<\/p>\n<p>&nbsp;<\/p>\n<p>&nbsp;<\/p>","protected":false},"excerpt":{"rendered":"<p>The Flexible Motor Shaft Connector Coupler is a precision machined part made of aluminum alloy used to connect two motor shafts. Machining with CNC technology ensures that the motor and shaft remain firmly connected. The shaft connector coupling provides the flexibility to accommodate misalignment and vibration while efficiently transferring torque between shafts. Its flexible design &hellip;<\/p>\n<p class=\"read-more\"> <a class=\"\" href=\"https:\/\/mnwell.com\/fr\/produit\/aluminum-alloy-cnc-flexible-motor-shaft-connector-coupler\/\"> <span class=\"screen-reader-text\">Connecteur d'arbre moteur flexible CNC en alliage d'aluminium<\/span> Lire la suite \"<\/a><\/p>","protected":false},"featured_media":2067,"template":"","meta":{"om_disable_all_campaigns":false,"_monsterinsights_skip_tracking":false,"_monsterinsights_sitenote_active":false,"_monsterinsights_sitenote_note":"","_monsterinsights_sitenote_category":0,"_uf_show_specific_survey":0,"_uf_disable_surveys":false,"site-sidebar-layout":"default","site-content-layout":"default","ast-global-header-display":"","ast-banner-title-visibility":"","ast-main-header-display":"","ast-hfb-above-header-display":"","ast-hfb-below-header-display":"","ast-hfb-mobile-header-display":"","site-post-title":"","ast-breadcrumbs-content":"","ast-featured-img":"","footer-sml-layout":"","theme-transparent-header-meta":"default","adv-header-id-meta":"","stick-header-meta":"","header-above-stick-meta":"","header-main-stick-meta":"","header-below-stick-meta":""},"product_cat":[20],"product_tag":[67,66],"aioseo_notices":[],"_links":{"self":[{"href":"https:\/\/mnwell.com\/fr\/wp-json\/wp\/v2\/product\/2066"}],"collection":[{"href":"https:\/\/mnwell.com\/fr\/wp-json\/wp\/v2\/product"}],"about":[{"href":"https:\/\/mnwell.com\/fr\/wp-json\/wp\/v2\/types\/product"}],"wp:featuredmedia":[{"embeddable":true,"href":"https:\/\/mnwell.com\/fr\/wp-json\/wp\/v2\/media\/2067"}],"wp:attachment":[{"href":"https:\/\/mnwell.com\/fr\/wp-json\/wp\/v2\/media?parent=2066"}],"wp:term":[{"taxonomy":"product_cat","embeddable":true,"href":"https:\/\/mnwell.com\/fr\/wp-json\/wp\/v2\/product_cat?post=2066"},{"taxonomy":"product_tag","embeddable":true,"href":"https:\/\/mnwell.com\/fr\/wp-json\/wp\/v2\/product_tag?post=2066"}],"curies":[{"name":"wp","href":"https:\/\/api.w.org\/{rel}","templated":true}]}}