{"id":2942,"date":"2023-08-27T15:20:56","date_gmt":"2023-08-27T13:20:56","guid":{"rendered":"https:\/\/mnwell.com\/?post_type=product&#038;p=2942"},"modified":"2023-08-27T15:20:56","modified_gmt":"2023-08-27T13:20:56","slug":"aluminium-die-casting-led-housing","status":"publish","type":"product","link":"https:\/\/mnwell.com\/fr\/produit\/aluminium-die-casting-led-housing\/","title":{"rendered":"bo\u00eetier led en aluminium moul\u00e9 sous pression"},"content":{"rendered":"<p>Le moulage sous pression de l'aluminium du bo\u00eetier de la lampe LED est un processus de moulage sous pression du bo\u00eetier de la lampe. Le processus de fabrication du bo\u00eetier de lampe \u00e0 LED est fait de mat\u00e9riaux en alliage d'aluminium de haute qualit\u00e9 par le processus de moulage sous pression. Le processus de moulage sous pression de l'aluminium est largement utilis\u00e9 dans la fabrication des bo\u00eetiers de diverses lampes \u00e0 LED, y compris les projecteurs, les downlights, les lampes de grande hauteur, etc.<\/p>\n<p><a href=\"https:\/\/mnwell.com\/fr\/what-is-aluminum-die-cast-housing\/\">Bo\u00eetier d'\u00e9clairage LED en aluminium moul\u00e9 sous pression<\/a> pr\u00e9sente de multiples avantages, ce qui en fait un choix courant pour les produits d'\u00e9clairage LED. Les principaux avantages sont les suivants :<\/p>\n<ul>\n<li>Poids l\u00e9ger : L'aluminium \u00e9tant un mat\u00e9riau tr\u00e8s l\u00e9ger, la coque de la lampe LED en alliage d'aluminium n'augmentera pas le poids total de la lampe, ce qui est tr\u00e8s important pour l'installation et la suspension de la lampe.<\/li>\n<li>R\u00e9sistance \u00e0 la corrosion : L'alliage d'aluminium pr\u00e9sente une excellente r\u00e9sistance \u00e0 la corrosion. Le bo\u00eetier de la lampe LED est g\u00e9n\u00e9ralement utilis\u00e9 en hauteur et son entretien n'est pas ais\u00e9. Il doit \u00eatre capable de maintenir d'excellentes performances pendant une longue p\u00e9riode. La r\u00e9sistance \u00e0 la corrosion de l'alliage d'aluminium est tr\u00e8s appropri\u00e9e. De plus, de nombreuses lampes ne sont pas utilis\u00e9es dans un bon environnement. Le moulage sous pression de l'alliage d'aluminium peut garantir que l'apparence et les performances de la lampe peuvent \u00eatre maintenues dans diverses conditions environnementales.<\/li>\n<li>Bonne dissipation de la chaleur : La puce de la lampe LED g\u00e9n\u00e8re continuellement de la chaleur pendant le processus d'\u00e9clairage. La coque a donc besoin d'un bon mat\u00e9riau thermoconducteur pour dissiper efficacement la chaleur. La dissipation thermique de l'alliage d'aluminium est la meilleure de tous les m\u00e9taux. L'utilisation d'un alliage d'aluminium pour fabriquer l'enveloppe de la LED garantit la stabilit\u00e9 \u00e0 long terme de la lampe \u00e0 LED. Cette stabilit\u00e9 est essentielle pour la dur\u00e9e de vie de la puce LED.<\/li>\n<li>Peu co\u00fbteux : Le co\u00fbt de l'aluminium est relativement bas, ce qui permet de r\u00e9duire le co\u00fbt de fabrication des luminaires \u00e0 LED et de les rendre plus comp\u00e9titifs.<\/li>\n<li>Grande plasticit\u00e9 : L'alliage d'aluminium a une bonne plasticit\u00e9 et peut \u00eatre transform\u00e9 en de nombreuses formes g\u00e9om\u00e9triques complexes gr\u00e2ce \u00e0 la technologie du moulage sous pression, ce qui offre une plus grande libert\u00e9 aux concepteurs d'\u00e9clairage.<\/li>\n<li>Dans l'ensemble, le moulage sous pression de l'aluminium pour les bo\u00eetiers d'\u00e9clairage \u00e0 LED est une m\u00e9thode de fabrication efficace et fiable qui allie l\u00e9g\u00e8ret\u00e9, durabilit\u00e9 et bonne dissipation de la chaleur, ce qui la rend id\u00e9ale pour r\u00e9pondre aux besoins des produits d'\u00e9clairage \u00e0 LED modernes. La grande disponibilit\u00e9 de ce mat\u00e9riau et de cette m\u00e9thode de fabrication permet de fournir des luminaires \u00e0 LED de haute qualit\u00e9 et de haute performance qui r\u00e9pondent aux exigences de diverses applications d'\u00e9clairage.<\/li>\n<\/ul>\n<h3>Quel mat\u00e9riau d'aluminium convient pour le bo\u00eetier d'une lampe \u00e0 DEL ?<\/h3>\n<p>Le mod\u00e8le d'alliage d'aluminium du bo\u00eetier de la lampe \u00e0 LED est g\u00e9n\u00e9ralement s\u00e9lectionn\u00e9 en fonction des besoins et applications sp\u00e9cifiques de la lampe \u00e0 LED. Notre soci\u00e9t\u00e9 utilise plus de mod\u00e8les d'aluminium adapt\u00e9s aux bo\u00eetiers de lampes LED, y compris AA6061 et AA60631. Les alliages AA6061 et AA6063 ont une bonne conductivit\u00e9 thermique et une bonne usinabilit\u00e9. Ils sont adapt\u00e9s au moulage par extrusion et sont largement utilis\u00e9s dans le traitement des dissipateurs thermiques.<\/p>\n<p>La coque de la lampe \u00e0 DEL est g\u00e9n\u00e9ralement constitu\u00e9e d'un alliage de zinc et d'aluminium, et sa conductivit\u00e9 est d'environ 80 W\/M.K. De nombreux projecteurs de faible puissance, de 1 \u00e0 3 W, utilisent essentiellement ce proc\u00e9d\u00e9. Ses avantages sont un faible co\u00fbt de production et une vitesse de production rapide, mais une mauvaise dissipation de la chaleur. L'alliage d'aluminium 6063-T5 est g\u00e9n\u00e9ralement choisi pour la coque en aluminium des lampes \u00e0 \u00e9conomie d'\u00e9nergie \u00e0 LED, et sa conductivit\u00e9 thermique est d'environ 180W\/M.K. Ce proc\u00e9d\u00e9 est utilis\u00e9 pour les coques des lampes \u00e0 \u00e9conomie d'\u00e9nergie \u00e0 LED de plus grande puissance. L'aluminium de la voiture peut \u00eatre plus raffin\u00e9 et l'\u00e9paisseur est facile \u00e0 contr\u00f4ler. La surface de dissipation de la chaleur augmente, ce qui am\u00e9liore l'effet de dissipation de la chaleur.<\/p>\n<p><img loading=\"lazy\" decoding=\"async\" class=\"alignnone wp-image-2945\" src=\"http:\/\/mnwell.com\/wp-content\/uploads\/2023\/08\/led-housing-die-cast-aluminum.webp\" alt=\"\" width=\"600\" height=\"600\" srcset=\"https:\/\/mnwell.com\/wp-content\/uploads\/2023\/08\/led-housing-die-cast-aluminum.webp 800w, https:\/\/mnwell.com\/wp-content\/uploads\/2023\/08\/led-housing-die-cast-aluminum-150x150.webp 150w, https:\/\/mnwell.com\/wp-content\/uploads\/2023\/08\/led-housing-die-cast-aluminum-768x768.webp 768w, https:\/\/mnwell.com\/wp-content\/uploads\/2023\/08\/led-housing-die-cast-aluminum-300x300.webp 300w, https:\/\/mnwell.com\/wp-content\/uploads\/2023\/08\/led-housing-die-cast-aluminum-600x600.webp 600w, https:\/\/mnwell.com\/wp-content\/uploads\/2023\/08\/led-housing-die-cast-aluminum-100x100.webp 100w\" sizes=\"(max-width: 600px) 100vw, 600px\" \/><\/p>\n<h3>Etapes de fabrication du bo\u00eetier de la lampe LED par moulage sous pression de l'aluminium :<\/h3>\n<p>Chez Mindwell, nous fabriquons des bo\u00eetiers en aluminium moul\u00e9 sous pression qui sont largement utilis\u00e9s dans les pi\u00e8ces automobiles, les bo\u00eetiers de lampes, les bo\u00eetiers d'\u00e9quipements m\u00e9caniques, etc. Notre soci\u00e9t\u00e9 poss\u00e8de une riche exp\u00e9rience dans la production et la fabrication de coquilles en aluminium moul\u00e9 sous pression. Le processus g\u00e9n\u00e9ral de fabrication est le suivant. S'il existe des exigences particuli\u00e8res en mati\u00e8re de conception, nous devons bien communiquer sur la conception du dessin. Nos ing\u00e9nieurs r\u00e9pondront aux exigences de conception sp\u00e9ciales en fonction des besoins.<\/p>\n<ol>\n<li>Fusion et coul\u00e9e : Tout d'abord, l'alliage d'aluminium est plac\u00e9 dans un four et chauff\u00e9 \u00e0 la temp\u00e9rature de fusion. Une fois le point de fusion atteint, l'alliage d'aluminium en fusion est achemin\u00e9 vers une machine de coul\u00e9e sous pression. Dans une machine de coul\u00e9e sous pression, l'alliage d'aluminium est rapidement inject\u00e9 sous haute pression dans un moule pr\u00e9d\u00e9fini. La haute pression permet de s'assurer que l'alliage d'aluminium remplit chaque d\u00e9tail du moule afin de garantir la pr\u00e9cision et l'uniformit\u00e9 de la coquille finale.<\/li>\n<li>Refroidissement et solidification : Apr\u00e8s avoir \u00e9t\u00e9 inject\u00e9 dans le moule, l'alliage d'aluminium commence \u00e0 refroidir et \u00e0 se solidifier. Les temps de refroidissement varient g\u00e9n\u00e9ralement en fonction du type d'alliage d'aluminium et de la taille du bo\u00eetier. Cette \u00e9tape permet de s'assurer que la coque conserve sa forme et sa structure apr\u00e8s sa prise.<\/li>\n<li>Ouverture du moule : Une fois l'alliage d'aluminium compl\u00e8tement solidifi\u00e9, le moule est ouvert et le bo\u00eetier form\u00e9 de la lampe \u00e0 DEL est retir\u00e9 du moule. Cette \u00e9tape est essentielle pour s'assurer que le bo\u00eetier n'est pas endommag\u00e9 et qu'il peut \u00eatre facilement retir\u00e9.<\/li>\n<li>Traitement ult\u00e9rieur : Les bo\u00eetiers de luminaires en aluminium form\u00e9s peuvent pr\u00e9senter des bavures ou des surfaces rugueuses. Le bo\u00eetier est donc \u00e9bavur\u00e9, ponc\u00e9 et nettoy\u00e9 pour garantir une finition lisse et r\u00e9pondre aux normes de qualit\u00e9. En outre, le bo\u00eetier peut \u00eatre peint ou recevoir d'autres rev\u00eatements sp\u00e9ciaux pour r\u00e9pondre aux exigences de conception et d'esth\u00e9tique, selon les besoins.<\/li>\n<li>Assemblage : Les bo\u00eetiers de lampe en aluminium finis sont envoy\u00e9s \u00e0 la cha\u00eene de montage pour \u00eatre assembl\u00e9s selon les dessins de conception. \u00c0 ce stade, les composants tels que les composants \u00e9lectriques et les sources lumineuses des lampes \u00e0 LED sont ajout\u00e9s au bo\u00eetier pour former un luminaire \u00e0 LED complet.<\/li>\n<li>Inspection et emballage : Une fois l'assemblage termin\u00e9, les lampes \u00e0 DEL subissent une inspection et un test complets pour s'assurer que la qualit\u00e9 du produit r\u00e9pond aux exigences de la norme. Une fois l'inspection pass\u00e9e, le luminaire \u00e0 LED est emball\u00e9, g\u00e9n\u00e9ralement \u00e0 l'aide de mat\u00e9riaux d'emballage appropri\u00e9s pour le prot\u00e9ger des dommages pendant le transport et le stockage.<\/li>\n<\/ol>\n<h4>Classification des diff\u00e9rents mod\u00e8les de lampes LED moul\u00e9es sous pression<\/h4>\n<p>L'\u00e9clairage LED est d\u00e9velopp\u00e9 depuis de nombreuses ann\u00e9es. Les lampes LED destin\u00e9es \u00e0 diff\u00e9rents usages utilisent diff\u00e9rents mat\u00e9riaux d'alliage d'aluminium, et les formes et tailles de traitement ne sont pas non plus homog\u00e8nes. Mindwell a \u00e9tabli quelques classifications du moulage sous pression de l'aluminium pour les lampes LED en se basant sur des ann\u00e9es d'exp\u00e9rience.<\/p>\n<ul>\n<li style=\"text-align: left;\">Les panneaux lumineux utilisent g\u00e9n\u00e9ralement des profil\u00e9s en aluminium comme cadre, ainsi que des coins en aluminium et des panneaux arri\u00e8re en aluminium, tels que 300 mm x 300 mm. Les panneaux lumineux utilisent \u00e9galement des pi\u00e8ces moul\u00e9es sous pression en alliage d'aluminium comme cadre. Les lampes haut de gamme utilisent g\u00e9n\u00e9ralement des profil\u00e9s d'aluminium \u00e9pais et l'oxydation, tandis que les lampes ordinaires utilisent des profil\u00e9s d'aluminium minces et la pulv\u00e9risation. Il existe \u00e9galement des mod\u00e8les de type cercle, de type S et de type piste. Les panneaux lumineux destin\u00e9s aux bureaux et aux commerces sont g\u00e9n\u00e9ralement fabriqu\u00e9s \u00e0 partir de profil\u00e9s d'aluminium pli\u00e9s, soud\u00e9s ou rivet\u00e9s, puis hiss\u00e9s apr\u00e8s avoir \u00e9t\u00e9 pulv\u00e9ris\u00e9s ;<\/li>\n<li style=\"text-align: left;\">Les projecteurs utilisent g\u00e9n\u00e9ralement des pi\u00e8ces moul\u00e9es sous pression en alliage d'aluminium pour fabriquer des coques en aluminium. Un radiateur en aluminium est install\u00e9 derri\u00e8re le circuit imprim\u00e9 interne pour augmenter la dissipation de la chaleur. Un support est ajout\u00e9 \u00e0 l'ext\u00e9rieur pour faciliter l'installation fixe. Le traitement de surface de la coque moul\u00e9e sous pression est g\u00e9n\u00e9ralement utilis\u00e9 pour la pulv\u00e9risation en ext\u00e9rieur. Certaines sont pulv\u00e9ris\u00e9es avec du polyester, d'autres avec du fluorocarbone, et les poudres pour l'ext\u00e9rieur avec des exigences de protection sp\u00e9ciales sont g\u00e9n\u00e9ralement utilis\u00e9es par Fong's, DuPont, Aksu, etc. afin de prolonger la dur\u00e9e de vie de l'ext\u00e9rieur, et la conception structurelle exige des dimensions strictes des pi\u00e8ces moul\u00e9es sous pression en alliage d'aluminium. La tol\u00e9rance est faible afin que le verre puisse \u00eatre install\u00e9 et que le niveau d'\u00e9tanch\u00e9it\u00e9 puisse \u00eatre augment\u00e9 ;<\/li>\n<li style=\"text-align: left;\">Les lampadaires utilisent g\u00e9n\u00e9ralement des profil\u00e9s d'aluminium \u00e0 grande \u00e9chelle et \u00e0 multiples dents comme dissipateurs de chaleur \u00e0 l'int\u00e9rieur. Tous ces profil\u00e9s sont perc\u00e9s et taraud\u00e9s pour fixer le circuit imprim\u00e9. Les lampes d'\u00e9clairage r\u00e9pondant \u00e0 des exigences de qualit\u00e9 \u00e9lev\u00e9es sont souvent con\u00e7ues comme des profil\u00e9s en aluminium + cavit\u00e9 de fraisage CNC pour enfouir la carte de circuit imprim\u00e9 en profondeur. L'ext\u00e9rieur du lampadaire est g\u00e9n\u00e9ralement constitu\u00e9 de pi\u00e8ces moul\u00e9es sous pression en alliage d'aluminium pour former la coque protectrice, ainsi que d'un anneau en caoutchouc d'\u00e9tanch\u00e9it\u00e9 pour augmenter le niveau d'imperm\u00e9abilit\u00e9, et la surface est \u00e9galement r\u00e9alis\u00e9e par pulv\u00e9risation de poudre en ext\u00e9rieur.<\/li>\n<li style=\"text-align: left;\">Les lampes de ligne, les lampes paysag\u00e8res et les l\u00e8che-mur sont g\u00e9n\u00e9ralement constitu\u00e9es de profil\u00e9s d'aluminium en forme de U pour les bandes lumineuses fixes ou le remplissage de colle, et sont g\u00e9n\u00e9ralement utilis\u00e9es comme lampes d'ext\u00e9rieur ;<\/li>\n<\/ul>\n<p>&nbsp;<\/p>\n<h3>notre entreprise<\/h3>\n<p>Mindwell Aluminum Die Casting Company est un fabricant de premier plan de pi\u00e8ces moul\u00e9es sous pression qui poss\u00e8de de nombreuses ann\u00e9es d'exp\u00e9rience dans la fourniture de solutions de moulage sous pression en aluminium de haute qualit\u00e9 \u00e0 diverses industries. Depuis notre cr\u00e9ation en 2005, nous avons fourni d'excellents produits et services \u00e0 des clients du monde entier gr\u00e2ce \u00e0 notre technologie professionnelle et \u00e0 nos services de haute qualit\u00e9.<\/p>\n<p>Notre soci\u00e9t\u00e9 poss\u00e8de une riche exp\u00e9rience dans le moulage sous pression d'aluminium de lampes LED et a coop\u00e9r\u00e9 avec de nombreux fabricants de lampes dans ce domaine. Nous sommes familiers avec la technologie et le processus de fabrication des bo\u00eetiers de lampes. Les membres de notre \u00e9quipe professionnelle sont \u00e9galement comp\u00e9tents dans les caract\u00e9ristiques et le traitement des alliages d'aluminium, ce qui permet de r\u00e9pondre aux besoins de divers bo\u00eetiers de lampes LED, qu'il s'agisse de concevoir des formes uniques ou d'exiger des performances strictes.<\/p>\n<h4>Notre avantage<\/h4>\n<ul>\n<li>Fabrication de haute qualit\u00e9 : Notre processus de moulage sous pression de l'aluminium garantit une qualit\u00e9 et une pr\u00e9cision constantes pour les bo\u00eetiers d'\u00e9clairage \u00e0 LED, conform\u00e9ment aux normes les plus strictes.<\/li>\n<li>Performance de dissipation de la chaleur : Nous connaissons les caract\u00e9ristiques des mat\u00e9riaux en alliage d'aluminium, c'est pourquoi notre bo\u00eetier pr\u00e9sente d'excellentes performances en mati\u00e8re de dissipation de la chaleur, ce qui garantit une longue dur\u00e9e de vie et une grande efficacit\u00e9 des LED.<\/li>\n<li>Solutions personnalis\u00e9es : Nous nous engageons \u00e0 fournir des solutions personnalis\u00e9es pour le moulage sous pression de l'aluminium afin de r\u00e9pondre aux exigences uniques de nos clients en mati\u00e8re de conception et de sp\u00e9cifications.<\/li>\n<li>Durabilit\u00e9 : Notre entreprise se soucie de l'environnement et se concentre sur la r\u00e9duction des d\u00e9chets et le gaspillage des ressources. Nous insistons sur la n\u00e9cessit\u00e9 de parvenir \u00e0 une pollution nulle.<\/li>\n<li><img loading=\"lazy\" decoding=\"async\" class=\"alignnone size-full wp-image-2713\" src=\"http:\/\/mnwell.com\/wp-content\/uploads\/2023\/08\/die-casting-parts.webp\" alt=\"\" width=\"750\" height=\"500\" srcset=\"https:\/\/mnwell.com\/wp-content\/uploads\/2023\/08\/die-casting-parts.webp 750w, https:\/\/mnwell.com\/wp-content\/uploads\/2023\/08\/die-casting-parts-600x400.webp 600w\" sizes=\"(max-width: 750px) 100vw, 750px\" \/><\/li>\n<\/ul>","protected":false},"excerpt":{"rendered":"<p>Cinq caract\u00e9ristiques du moulage sous pression d'alliages d'aluminium<\/p>\n<ul>\n<li>Durabilit\u00e9 : l'aluminium est stable, antioxydant, les pi\u00e8ces moul\u00e9es en alliage d'aluminium ne rouillent pas et r\u00e9sistent \u00e0 la corrosion ; l'aspect est obtenu par pulv\u00e9risation \u00e9lectrostatique de poudre et par rev\u00eatement au fluorocarbone, ce qui permet de fabriquer divers produits de d\u00e9coration int\u00e9rieure \u00e0 grande \u00e9chelle, dont la couleur peut persister pendant une longue p\u00e9riode.<\/li>\n<li>Plasticit\u00e9 : L'aluminium a une bonne ductilit\u00e9 et il est facile de lui donner des formes vari\u00e9es. Il est patient et peut \u00eatre utilis\u00e9 et recycl\u00e9 \u00e0 l'infini.<\/li>\n<li>S\u00e9curit\u00e9 : Gr\u00e2ce \u00e0 diverses exp\u00e9riences rigoureuses, la r\u00e9sistance aux tremblements de terre, \u00e0 la pression du vent et aux intemp\u00e9ries de l'alliage d'aluminium moul\u00e9 sous pression est garantie.<\/li>\n<li>Prolongez pleinement la dur\u00e9e d'utilisation et le temps de d\u00e9croissance de la lumi\u00e8re de la lampe. Une bonne lampe utilise g\u00e9n\u00e9ralement un dissipateur thermique dot\u00e9 d'un coefficient de dissipation thermique \u00e9lev\u00e9 et d'un mat\u00e9riau en aluminium de grande puret\u00e9. Les plafonniers, les spots, les \u00e9clairages de voiture, les \u00e9clairages en hauteur, les lustres et autres structures circulaires sont g\u00e9n\u00e9ralement fabriqu\u00e9s \u00e0 partir de profil\u00e9s en aluminium + tours CNC pour fabriquer des radiateurs, puis oxyd\u00e9s en noir ou en couleur d'aluminium pour l'installation et l'utilisation ;<\/li>\n<li>L\u00e9g\u00e8ret\u00e9 : les pi\u00e8ces moul\u00e9es sous pression en alliage d'aluminium pr\u00e9sentent \u00e9galement les caract\u00e9ristiques suivantes : l\u00e9g\u00e8ret\u00e9, facilit\u00e9 d'installation et d'entretien.<\/li>\n<\/ul>","protected":false},"featured_media":2943,"template":"","meta":{"om_disable_all_campaigns":false,"_monsterinsights_skip_tracking":false,"_monsterinsights_sitenote_active":false,"_monsterinsights_sitenote_note":"","_monsterinsights_sitenote_category":0,"_uf_show_specific_survey":0,"_uf_disable_surveys":false,"site-sidebar-layout":"default","site-content-layout":"default","ast-global-header-display":"","ast-banner-title-visibility":"","ast-main-header-display":"","ast-hfb-above-header-display":"","ast-hfb-below-header-display":"","ast-hfb-mobile-header-display":"","site-post-title":"","ast-breadcrumbs-content":"","ast-featured-img":"","footer-sml-layout":"","theme-transparent-header-meta":"default","adv-header-id-meta":"","stick-header-meta":"","header-above-stick-meta":"","header-main-stick-meta":"","header-below-stick-meta":""},"product_cat":[18],"product_tag":[195,194,198,197,196,192,193],"aioseo_notices":[],"_links":{"self":[{"href":"https:\/\/mnwell.com\/fr\/wp-json\/wp\/v2\/product\/2942"}],"collection":[{"href":"https:\/\/mnwell.com\/fr\/wp-json\/wp\/v2\/product"}],"about":[{"href":"https:\/\/mnwell.com\/fr\/wp-json\/wp\/v2\/types\/product"}],"wp:featuredmedia":[{"embeddable":true,"href":"https:\/\/mnwell.com\/fr\/wp-json\/wp\/v2\/media\/2943"}],"wp:attachment":[{"href":"https:\/\/mnwell.com\/fr\/wp-json\/wp\/v2\/media?parent=2942"}],"wp:term":[{"taxonomy":"product_cat","embeddable":true,"href":"https:\/\/mnwell.com\/fr\/wp-json\/wp\/v2\/product_cat?post=2942"},{"taxonomy":"product_tag","embeddable":true,"href":"https:\/\/mnwell.com\/fr\/wp-json\/wp\/v2\/product_tag?post=2942"}],"curies":[{"name":"wp","href":"https:\/\/api.w.org\/{rel}","templated":true}]}}