{"id":3010,"date":"2023-09-03T09:08:20","date_gmt":"2023-09-03T07:08:20","guid":{"rendered":"https:\/\/mnwell.com\/?post_type=product&#038;p=3010"},"modified":"2023-09-03T09:08:58","modified_gmt":"2023-09-03T07:08:58","slug":"custom-aluminum-die-casting-parts","status":"publish","type":"product","link":"https:\/\/mnwell.com\/fr\/produit\/custom-aluminum-die-casting-parts\/","title":{"rendered":"pi\u00e8ces moul\u00e9es en aluminium sur mesure"},"content":{"rendered":"<p>Notre soci\u00e9t\u00e9 fournit des services personnalis\u00e9s de moulage d'aluminium sous pression. Nous pouvons concevoir et fabriquer des pi\u00e8ces en aluminium moul\u00e9es sous pression selon les dessins ou les \u00e9chantillons fournis par les clients. Notre soci\u00e9t\u00e9 dispose de machines de coul\u00e9e sous pression de diff\u00e9rents tonnages et d'une \u00e9quipe professionnelle d'ing\u00e9nieurs de coul\u00e9e sous pression, qui peuvent r\u00e9pondre \u00e0 vos besoins de conception personnalis\u00e9e et \u00e0 vos exigences de production de masse.<\/p>\n<h3>Mat\u00e9riaux pour le moulage sous pression d'aluminium sur mesure<\/h3>\n<p>Le choix du mat\u00e9riau pour la fabrication sur mesure <a href=\"https:\/\/mnwell.com\/fr\/what-is-aluminum-die-casting-grinding\/\">moulage sous pression de l'aluminium<\/a> d\u00e9pend des performances souhait\u00e9es, de l'application et du budget. Les alliages d'aluminium sont l'un des mat\u00e9riaux les plus couramment utilis\u00e9s pour le moulage sous pression de l'aluminium en raison de leur l\u00e9g\u00e8ret\u00e9, de leurs excellentes propri\u00e9t\u00e9s m\u00e9caniques et de leur bonne r\u00e9sistance \u00e0 la corrosion. Les alliages d'aluminium les plus courants sont les suivants :<\/p>\n<ul>\n<li>Les alliages aluminium-silicium comprennent principalement YL102 (ADC1, A413.0, etc.), YL104 (ADC3, A360), etc ;<\/li>\n<li>Les alliages aluminium-silicium-cuivre comprennent principalement YL112 (A380, ADC10, etc.), YL113 (3830), YL117 (B390, ADC14) ADC12, etc ;<\/li>\n<li>Les alliages d'aluminium-magn\u00e9sium comprennent principalement le 302 (5180, ADC5,) ADC6, etc.<\/li>\n<\/ul>\n<p>Outre les mat\u00e9riaux d'alliage d'aluminium courants mentionn\u00e9s ci-dessus, nous pouvons \u00e9galement choisir d'autres alliages ou mener des activit\u00e9s de recherche et de d\u00e9veloppement d'alliages personnalis\u00e9s en fonction d'exigences sp\u00e9cifiques. Lors de la s\u00e9lection des mat\u00e9riaux, la chose la plus importante \u00e0 prendre en compte est l'environnement d'application, les propri\u00e9t\u00e9s m\u00e9caniques requises, les consid\u00e9rations de co\u00fbt et l'aptitude au traitement pour s'assurer que le produit final en aluminium moul\u00e9 sous pression r\u00e9pond \u00e0 vos besoins.<\/p>\n<p>&nbsp;<\/p>\n<p><img loading=\"lazy\" decoding=\"async\" class=\"alignnone size-full wp-image-3011\" src=\"http:\/\/mnwell.com\/wp-content\/uploads\/2023\/09\/AYU9535.webp\" alt=\"custom aluminum die casting\" width=\"800\" height=\"800\" srcset=\"https:\/\/mnwell.com\/wp-content\/uploads\/2023\/09\/AYU9535.webp 800w, https:\/\/mnwell.com\/wp-content\/uploads\/2023\/09\/AYU9535-150x150.webp 150w, https:\/\/mnwell.com\/wp-content\/uploads\/2023\/09\/AYU9535-768x768.webp 768w, https:\/\/mnwell.com\/wp-content\/uploads\/2023\/09\/AYU9535-300x300.webp 300w, https:\/\/mnwell.com\/wp-content\/uploads\/2023\/09\/AYU9535-600x600.webp 600w, https:\/\/mnwell.com\/wp-content\/uploads\/2023\/09\/AYU9535-100x100.webp 100w\" sizes=\"(max-width: 800px) 100vw, 800px\" \/><\/p>\n<p>&nbsp;<\/p>\n<h3>Processus de personnalisation du moulage sous pression de l'aluminium :<\/h3>\n<p>Le processus de personnalisation de notre soci\u00e9t\u00e9 peut varier en fonction des exigences et de la complexit\u00e9 du projet sp\u00e9cifique. Le processus de base approximatif est le suivant :<\/p>\n<ol>\n<li>Les clients fournissent des dessins ou des \u00e9chantillons pour le moulage sous pression de l'aluminium.<\/li>\n<li>Les deux parties ont communiqu\u00e9 sur les d\u00e9tails de la personnalisation et les prix des pi\u00e8ces moul\u00e9es sous pression en aluminium.<\/li>\n<li>Les deux parties signent un contrat.<\/li>\n<li>Le client verse un acompte.<\/li>\n<li>L'usine d\u00e9coupe des mat\u00e9riaux pour fabriquer des moules.<\/li>\n<li>L'usine produit des pi\u00e8ces moul\u00e9es en aluminium sous pression.<\/li>\n<li>Une fois que l'usine a termin\u00e9 l'\u00e9chantillon de moulage sous pression de l'aluminium, l'\u00e9chantillon est confirm\u00e9.<\/li>\n<li>L'usine organise l'exp\u00e9dition de pi\u00e8ces moul\u00e9es sous pression en aluminium.<\/li>\n<li>Le client effectue le paiement final<\/li>\n<\/ol>\n<p>Chez Mindwell, le processus de moulage sous pression de l'aluminium est couramment utilis\u00e9 pour produire une vari\u00e9t\u00e9 de produits, notamment des pi\u00e8ces automobiles, des bo\u00eetiers \u00e9lectroniques, des machines industrielles, des pi\u00e8ces a\u00e9rospatiales, etc. Nous sommes un fabricant exp\u00e9riment\u00e9 de moulage d'aluminium sous pression qui peut assurer la r\u00e9ussite des moulages d'aluminium sous pression personnalis\u00e9s gr\u00e2ce \u00e0 une technologie professionnelle et \u00e0 un \u00e9quipement de moulage sous pression avanc\u00e9.<\/p>\n<p>&nbsp;<\/p>\n<h4>Processus de moulage sous pression\uff1a<\/h4>\n<ol>\n<li>Moule de conception<\/li>\n<li>fabrication de moules<\/li>\n<li>Equiper le moule et ajuster les param\u00e8tres<\/li>\n<li>Pr\u00e9paration du mat\u00e9riau en alliage d'aluminium<\/li>\n<li>Injection d'aluminium liquide<\/li>\n<li>Refroidissement des moules<\/li>\n<li>D\u00e9moulage de pi\u00e8ces en alliage d'aluminium<\/li>\n<li>traitement de surface<\/li>\n<li>test<\/li>\n<\/ol>\n<p>&nbsp;<\/p>\n<p>&nbsp;<\/p>\n<p><img loading=\"lazy\" decoding=\"async\" class=\"alignnone size-full wp-image-2929\" src=\"http:\/\/mnwell.com\/wp-content\/uploads\/2023\/08\/AYU9510.webp\" alt=\"aluminum lawn chair parts\" width=\"800\" height=\"800\" srcset=\"https:\/\/mnwell.com\/wp-content\/uploads\/2023\/08\/AYU9510.webp 800w, https:\/\/mnwell.com\/wp-content\/uploads\/2023\/08\/AYU9510-150x150.webp 150w, https:\/\/mnwell.com\/wp-content\/uploads\/2023\/08\/AYU9510-768x768.webp 768w, https:\/\/mnwell.com\/wp-content\/uploads\/2023\/08\/AYU9510-300x300.webp 300w, https:\/\/mnwell.com\/wp-content\/uploads\/2023\/08\/AYU9510-600x600.webp 600w, https:\/\/mnwell.com\/wp-content\/uploads\/2023\/08\/AYU9510-100x100.webp 100w\" sizes=\"(max-width: 800px) 100vw, 800px\" \/><\/p>\n<p>&nbsp;<\/p>\n<h3>Les pi\u00e8ces moul\u00e9es sous pression en alliage d'aluminium pr\u00e9sentent les avantages suivants :<\/h3>\n<ol>\n<li>Haute pr\u00e9cision des pi\u00e8ces moul\u00e9es sous pression : Au cours du processus de moulage sous pression de l'alliage d'aluminium, le moule peut osciller et se d\u00e9placer. Sous haute temp\u00e9rature et haute pression, le liquide d'aluminium peut remplir enti\u00e8rement le moule, minimisant ainsi le retrait et la porosit\u00e9 du moulage sous pression pour obtenir des pi\u00e8ces en alliage d'aluminium de haute pr\u00e9cision.<\/li>\n<li>Efficacit\u00e9 de production \u00e9lev\u00e9e : Gr\u00e2ce \u00e0 l'utilisation de moules \u00e0 cavit\u00e9s multiples, une machine de coul\u00e9e sous pression peut couler plusieurs pi\u00e8ces en alliage d'aluminium en m\u00eame temps.<\/li>\n<li>Bonne qualit\u00e9 de surface : En raison de la duret\u00e9 et de la facilit\u00e9 de traitement de l'alliage d'aluminium, les articles moul\u00e9s sous pression peuvent pr\u00e9senter des surfaces de haute qualit\u00e9, sauf en cas de polissage, de pulv\u00e9risation, d'oxydation et d'autres conditions.<\/li>\n<li>Taux \u00e9lev\u00e9 d'utilisation des mat\u00e9riaux : Au cours du processus de moulage sous pression de l'alliage d'aluminium, le mat\u00e9riau d'aluminium est inject\u00e9 dans le liquide, ce qui permet de r\u00e9duire les d\u00e9chets et d'\u00e9conomiser des co\u00fbts.<\/li>\n<li>L\u00e9g\u00e8ret\u00e9 du produit : La densit\u00e9 des pi\u00e8ces moul\u00e9es sous pression en alliage d'aluminium est inf\u00e9rieure \u00e0 celle des autres mat\u00e9riaux de moulage, ce qui compense les inconv\u00e9nients de leur l\u00e9g\u00e8ret\u00e9, de leur faible r\u00e9sistance et de leur duret\u00e9.<\/li>\n<\/ol>\n<p>&nbsp;<\/p>\n<h3>Domaines d'application du moulage sous pression de l'aluminium sur mesure<\/h3>\n<p><a href=\"https:\/\/mnwell.com\/fr\/custom-die-casting\/\">Pi\u00e8ces moul\u00e9es en aluminium sur mesure<\/a> ont une bonne conductivit\u00e9 thermique, une bonne conductivit\u00e9 \u00e9lectrique et une bonne capacit\u00e9 de coupe, un faible retrait lin\u00e9aire, une bonne capacit\u00e9 de remplissage, une faible densit\u00e9, une grande r\u00e9sistance, et le rapport entre la r\u00e9sistance \u00e0 la traction et la densit\u00e9 est de 9 \u00e0 15. Il peut \u00eatre utilis\u00e9 \u00e0 des temp\u00e9ratures \u00e9lev\u00e9es ou basses. En cours d'utilisation, il conserve \u00e9galement de bonnes propri\u00e9t\u00e9s m\u00e9caniques et pr\u00e9sente une bonne r\u00e9sistance \u00e0 la corrosion et \u00e0 l'oxydation. Par cons\u00e9quent, les pi\u00e8ces moul\u00e9es en aluminium sur mesure sont largement utilis\u00e9es dans divers domaines industriels :<\/p>\n<h4>1. L'industrie automobile :<\/h4>\n<ul>\n<li>Pi\u00e8ces du moteur : culasse, carter, carter d'huile, etc.<\/li>\n<li>Composants du ch\u00e2ssis et de la suspension : bras de contr\u00f4le, \u00e9triers de frein, supports de suspension, etc.<\/li>\n<li>Syst\u00e8me de transmission : bo\u00eetier de bo\u00eete de vitesses, bo\u00eetier de transmission, etc.<\/li>\n<li>Pi\u00e8ces d'aspect : structure de la carrosserie, portes, toit, etc.<\/li>\n<\/ul>\n<h4>2. \u00c9lectronique et appareils \u00e9lectriques :<\/h4>\n<ul>\n<li>Bo\u00eetiers et radiateurs \u00e9lectroniques : tels que les bo\u00eetiers de serveurs informatiques, les bo\u00eetiers de t\u00e9l\u00e9viseurs, les lampes LED, etc.<\/li>\n<li>Connecteurs et composants \u00e9lectriques : tels que prises, douilles, serre-c\u00e2bles, etc.<\/li>\n<li>\u00c9quipement de communication : par exemple, supports d'antenne, bo\u00eetiers d'\u00e9quipement de communication.<\/li>\n<\/ul>\n<h4>3. L'a\u00e9rospatiale :<\/h4>\n<ul>\n<li>Pi\u00e8ces structurelles des a\u00e9ronefs : ailes, gouvernes, structures du fuselage, etc.<\/li>\n<li>Composants de moteurs d'aviation : tels que les carters de turbor\u00e9acteurs, les aubes de turbines, etc.<\/li>\n<li>Pi\u00e8ces d'engins spatiaux : coques de satellites, pi\u00e8ces de missiles, etc.<\/li>\n<\/ul>\n<h4>4. Machines industrielles :<\/h4>\n<ul>\n<li>Pi\u00e8ces de la pompe et de la vanne : telles que le corps de la pompe, le corps de la vanne, le couvercle de la vanne, etc.<\/li>\n<li>Composants du compresseur : tels que le bo\u00eetier du compresseur d'air, le bo\u00eetier du cylindre, etc.<\/li>\n<li>Composants de la machine-outil : tels que la base de la machine-outil, la glissi\u00e8re, le banc, etc.<\/li>\n<\/ul>\n<h4>5. Mat\u00e9riel m\u00e9dical :<\/h4>\n<ul>\n<li>Bo\u00eetiers et socles d'\u00e9quipements m\u00e9dicaux : tels que les \u00e9quipements d'imagerie m\u00e9dicale, les \u00e9quipements chirurgicaux, etc.<\/li>\n<li>Pi\u00e8ces d'instruments m\u00e9dicaux : par exemple, pi\u00e8ces de seringues, pi\u00e8ces d'\u00e9quipements de surveillance des patients.<\/li>\n<\/ul>\n<h4>6. L'industrie de l'\u00e9nergie :<\/h4>\n<ul>\n<li>Pi\u00e8ces pour \u00e9quipements \u00e9oliens et solaires.<\/li>\n<li>Pi\u00e8ces d'\u00e9quipement de centrales \u00e9lectriques, telles que les carters de turbines, les carters de g\u00e9n\u00e9rateurs, etc.<\/li>\n<\/ul>\n<h4>7. Biens de consommation :<\/h4>\n<ul>\n<li>D\u00e9corations domestiques et pi\u00e8ces d'appareils m\u00e9nagers, telles que lampes, bo\u00eetiers de machines \u00e0 caf\u00e9, accessoires de meubles, etc.<\/li>\n<\/ul>\n<p>Ce ne sont l\u00e0 que quelques exemples de la production de notre usine dans l'industrie du moulage sous pression. Les pi\u00e8ces moul\u00e9es en aluminium sur mesure ont un large \u00e9ventail d'applications dans diff\u00e9rentes industries. Avec les pi\u00e8ces moul\u00e9es en aluminium sous pression, vous pouvez obtenir des pi\u00e8ces de forme complexe, l\u00e9g\u00e8res et tr\u00e8s r\u00e9sistantes pour r\u00e9pondre \u00e0 des besoins sp\u00e9cifiques en mati\u00e8re de conception et de performance. Quel que soit votre domaine d'application, vous pouvez nous contacter directement. Nous avons l'exp\u00e9rience de la fabrication dans de nombreuses industries, et nous avons des ing\u00e9nieurs professionnels pour vous contacter. Nous pouvons vous fournir les services et les suggestions les plus professionnels pour vous assurer que vous pouvez produire des produits de moulage d'aluminium sous pression d\u00e9sir\u00e9s.<\/p>\n<p><img loading=\"lazy\" decoding=\"async\" class=\"alignnone size-full wp-image-2103\" src=\"http:\/\/mnwell.com\/wp-content\/uploads\/2023\/07\/AYU9581.jpg\" alt=\"die casting factory\" width=\"750\" height=\"500\" srcset=\"https:\/\/mnwell.com\/wp-content\/uploads\/2023\/07\/AYU9581.jpg 750w, https:\/\/mnwell.com\/wp-content\/uploads\/2023\/07\/AYU9581-600x400.jpg 600w\" sizes=\"(max-width: 750px) 100vw, 750px\" \/><\/p>","protected":false},"excerpt":{"rendered":"<p>Notre soci\u00e9t\u00e9 fournit des services personnalis\u00e9s de moulage d'aluminium sous pression. Nous pouvons concevoir et fabriquer des pi\u00e8ces en aluminium moul\u00e9es sous pression selon les dessins ou les \u00e9chantillons fournis par les clients. Notre soci\u00e9t\u00e9 dispose de machines de coul\u00e9e sous pression de diff\u00e9rents tonnages et d'une \u00e9quipe professionnelle d'ing\u00e9nieurs de coul\u00e9e sous pression, qui peuvent r\u00e9pondre \u00e0 vos besoins de conception personnalis\u00e9e et \u00e0 vos exigences de production de masse.<\/p>","protected":false},"featured_media":3011,"template":"","meta":{"om_disable_all_campaigns":false,"_monsterinsights_skip_tracking":false,"_monsterinsights_sitenote_active":false,"_monsterinsights_sitenote_note":"","_monsterinsights_sitenote_category":0,"_uf_show_specific_survey":0,"_uf_disable_surveys":false,"site-sidebar-layout":"default","site-content-layout":"default","ast-global-header-display":"","ast-banner-title-visibility":"","ast-main-header-display":"","ast-hfb-above-header-display":"","ast-hfb-below-header-display":"","ast-hfb-mobile-header-display":"","site-post-title":"","ast-breadcrumbs-content":"","ast-featured-img":"","footer-sml-layout":"","theme-transparent-header-meta":"default","adv-header-id-meta":"","stick-header-meta":"","header-above-stick-meta":"","header-main-stick-meta":"","header-below-stick-meta":""},"product_cat":[18],"product_tag":[],"aioseo_notices":[],"_links":{"self":[{"href":"https:\/\/mnwell.com\/fr\/wp-json\/wp\/v2\/product\/3010"}],"collection":[{"href":"https:\/\/mnwell.com\/fr\/wp-json\/wp\/v2\/product"}],"about":[{"href":"https:\/\/mnwell.com\/fr\/wp-json\/wp\/v2\/types\/product"}],"wp:featuredmedia":[{"embeddable":true,"href":"https:\/\/mnwell.com\/fr\/wp-json\/wp\/v2\/media\/3011"}],"wp:attachment":[{"href":"https:\/\/mnwell.com\/fr\/wp-json\/wp\/v2\/media?parent=3010"}],"wp:term":[{"taxonomy":"product_cat","embeddable":true,"href":"https:\/\/mnwell.com\/fr\/wp-json\/wp\/v2\/product_cat?post=3010"},{"taxonomy":"product_tag","embeddable":true,"href":"https:\/\/mnwell.com\/fr\/wp-json\/wp\/v2\/product_tag?post=3010"}],"curies":[{"name":"wp","href":"https:\/\/api.w.org\/{rel}","templated":true}]}}