{"id":3142,"date":"2023-09-12T17:24:43","date_gmt":"2023-09-12T15:24:43","guid":{"rendered":"https:\/\/mnwell.com\/?post_type=product&#038;p=3142"},"modified":"2023-09-12T17:24:43","modified_gmt":"2023-09-12T15:24:43","slug":"aluminum-electric-motor-housing","status":"publish","type":"product","link":"https:\/\/mnwell.com\/fr\/produit\/aluminum-electric-motor-housing\/","title":{"rendered":"carter de moteur \u00e9lectrique en aluminium"},"content":{"rendered":"<p>Le carter de moteur \u00e9lectrique en aluminium est un type de carter de moteur qui prot\u00e8ge le corps du moteur et sert de support de montage pour prot\u00e9ger les composants du moteur de la poussi\u00e8re et des dommages. Le carter de moteur en alliage d'aluminium est produit par moulage sous pression d'un alliage d'aluminium. La duret\u00e9 et les propri\u00e9t\u00e9s de dissipation de la chaleur de l'alliage d'aluminium permettent au carter de moteur de dissiper la chaleur ou d'assurer l'isolation acoustique.<\/p>\n<p>Nous pouvons concevoir des bo\u00eetiers de moteur sur mesure en fonction des besoins du client, et notre expertise et notre \u00e9quipement de pointe assureront une fonctionnalit\u00e9 fiable et coh\u00e9rente du moteur tout en maintenant de bonnes performances. Moteur en alliage d'aluminium <a href=\"https:\/\/mnwell.com\/fr\/what-is-aluminum-die-cast-housing\/\">bo\u00eetiers<\/a> sont fabriqu\u00e9s uniquement \u00e0 partir de mat\u00e9riaux en alliage d'aluminium, ce qui les rend solides, durables et r\u00e9sistants. Tous les bo\u00eetiers de moteur en alliage d'aluminium s'adaptent au moteur de votre voiture comme un v\u00eatement, offrant une protection et une dissipation de la chaleur in\u00e9gal\u00e9es.<\/p>\n<p>Mindwell, en tant que fabricant professionnel de moulage d'aluminium sous pression, notre soci\u00e9t\u00e9 dispose de plusieurs machines et \u00e9quipements de moulage sous pression et a la capacit\u00e9 de produire des produits \u00e0 grande \u00e9chelle. Nous disposons d'une \u00e9quipe d'ing\u00e9nieurs qui peuvent concevoir le carter de moteur sur mesure. Qu'il s'agisse d'un bo\u00eetier moul\u00e9 en forme d'ailette ou d'un bo\u00eetier int\u00e9gr\u00e9, nous pouvons le personnaliser en fonction des exigences d'utilisation. Les carters de moteur peuvent \u00e9galement \u00eatre produits par le biais d'une personnalisation standardis\u00e9e ou d'un \u00e9quipement de production \u00e0 faible volume.<\/p>\n<p><img loading=\"lazy\" decoding=\"async\" class=\"alignnone size-full wp-image-3143\" src=\"http:\/\/mnwell.com\/wp-content\/uploads\/2023\/09\/2020_04_30_14_24_IMG_0427-.webp\" alt=\"aluminum motor housing\" width=\"800\" height=\"800\" srcset=\"https:\/\/mnwell.com\/wp-content\/uploads\/2023\/09\/2020_04_30_14_24_IMG_0427-.webp 800w, https:\/\/mnwell.com\/wp-content\/uploads\/2023\/09\/2020_04_30_14_24_IMG_0427--150x150.webp 150w, https:\/\/mnwell.com\/wp-content\/uploads\/2023\/09\/2020_04_30_14_24_IMG_0427--768x768.webp 768w, https:\/\/mnwell.com\/wp-content\/uploads\/2023\/09\/2020_04_30_14_24_IMG_0427--300x300.webp 300w, https:\/\/mnwell.com\/wp-content\/uploads\/2023\/09\/2020_04_30_14_24_IMG_0427--600x600.webp 600w, https:\/\/mnwell.com\/wp-content\/uploads\/2023\/09\/2020_04_30_14_24_IMG_0427--100x100.webp 100w\" sizes=\"(max-width: 800px) 100vw, 800px\" \/><\/p>\n<h3>Mat\u00e9riau du bo\u00eetier du moteur en aluminium<\/h3>\n<ol>\n<li>Alliage d'aluminium A356:L'alliage d'aluminium A356 pr\u00e9sente les caract\u00e9ristiques suivantes : haute r\u00e9sistance, haute t\u00e9nacit\u00e9, bonne r\u00e9sistance \u00e0 la dilatation thermique et bonne r\u00e9sistance \u00e0 la corrosion. La densit\u00e9 de ce mat\u00e9riau est de 2,7g\/cm\u00b3, et il est principalement utilis\u00e9 dans les bo\u00eetiers de moteur en aluminium haut de gamme, les roues automobiles et d'autres domaines.<\/li>\n<li>Alliage d'aluminium ADC12:L'alliage d'aluminium ADC12 poss\u00e8de de bonnes propri\u00e9t\u00e9s m\u00e9caniques et une bonne r\u00e9sistance \u00e0 la fatigue thermique. Sa densit\u00e9 est de 2,73~2,75g\/cm\u00b3. Il est principalement utilis\u00e9 dans des domaines tels que les moteurs, les pi\u00e8ces automobiles et les mat\u00e9riaux de construction.<\/li>\n<li>Alliage d'aluminium 6061:L'alliage d'aluminium 6061 pr\u00e9sente une excellente r\u00e9sistance \u00e0 la corrosion et \u00e0 la chaleur, et sa densit\u00e9 est de 2,7g\/cm\u00b3. Il est principalement utilis\u00e9 dans des domaines tels que l'a\u00e9rospatiale, l'\u00e9lectronique, l'automobile et la fabrication d'\u00e9quipements.<\/li>\n<li>Alliage d'aluminium 5083:L'alliage d'aluminium 5083 est un mat\u00e9riau en alliage d'aluminium \u00e0 haute r\u00e9sistance m\u00e9canique, r\u00e9sistance \u00e0 la corrosion et r\u00e9sistance \u00e0 la chaleur exceptionnelle, avec une densit\u00e9 de 2,66g\/cm\u00b3. Il est principalement utilis\u00e9 dans des domaines tels que la construction navale, la construction navale et le g\u00e9nie oc\u00e9anique.<\/li>\n<\/ol>\n<p>En r\u00e9sum\u00e9, les mat\u00e9riaux d'aluminium couramment utilis\u00e9s pour les carters de moteurs en aluminium sont l'alliage d'aluminium A356, l'alliage d'aluminium ADC12, l'alliage d'aluminium 6061 et l'alliage d'aluminium 5083. Les diff\u00e9rents mat\u00e9riaux ont des caract\u00e9ristiques et des domaines d'application diff\u00e9rents. Le choix du mat\u00e9riau d'aluminium appropri\u00e9 permet de mieux prot\u00e9ger le moteur et de prolonger sa dur\u00e9e de vie.<\/p>\n<p>&nbsp;<\/p>\n<h3>Avantages des carters moteurs en aluminium<\/h3>\n<ul>\n<li>Bonne dissipation de la chaleur : Au cours du fonctionnement du moteur, l'\u00e9nergie est convertie et une grande partie est transform\u00e9e en chaleur. Nous savons que l'aluminium a une bonne capacit\u00e9 de dissipation de la chaleur et qu'il peut refroidir rapidement le moteur et durer plus longtemps.<\/li>\n<li>L\u00e9ger : Le m\u00e9tal aluminium est tr\u00e8s l\u00e9ger. L'utilisation d'un carter de moteur en aluminium permet de r\u00e9duire le poids de l'ensemble du moteur. Facile \u00e0 installer et \u00e0 transporter.<\/li>\n<li>L'aluminium a une bonne aptitude au moulage. L'aluminium a un allongement plus \u00e9lev\u00e9 que le fer, il est facile \u00e0 traiter et a une bonne plasticit\u00e9. Il peut \u00eatre transform\u00e9 en une vari\u00e9t\u00e9 de formes de coques r\u00e9pondant aux exigences, telles que la forme de l'ailette.<\/li>\n<li>Le bo\u00eetier du moteur en alliage d'aluminium peut \u00e9galement r\u00e9duire les vibrations du moteur, r\u00e9duire le bruit, et poss\u00e8de des fonctions d'\u00e9tanch\u00e9it\u00e9, d'anti-poussi\u00e8re, d'anti-corrosion et d'autres fonctions de protection.<\/li>\n<\/ul>\n<p>Les carters de moteur en aluminium ont une bonne capacit\u00e9 de charge et de dissipation de la chaleur et sont largement utilis\u00e9s dans les moteurs industriels, les moteurs automobiles et d'autres industries. L'utilisation de l'aluminium pour les carters de moteurs pr\u00e9sente de grands avantages.<\/p>\n<p><img loading=\"lazy\" decoding=\"async\" class=\"alignnone size-full wp-image-3145\" src=\"http:\/\/mnwell.com\/wp-content\/uploads\/2023\/09\/2020_04_30_14_25_IMG_0428-.webp\" alt=\"motor housing\" width=\"800\" height=\"800\" srcset=\"https:\/\/mnwell.com\/wp-content\/uploads\/2023\/09\/2020_04_30_14_25_IMG_0428-.webp 800w, https:\/\/mnwell.com\/wp-content\/uploads\/2023\/09\/2020_04_30_14_25_IMG_0428--150x150.webp 150w, https:\/\/mnwell.com\/wp-content\/uploads\/2023\/09\/2020_04_30_14_25_IMG_0428--768x768.webp 768w, https:\/\/mnwell.com\/wp-content\/uploads\/2023\/09\/2020_04_30_14_25_IMG_0428--300x300.webp 300w, https:\/\/mnwell.com\/wp-content\/uploads\/2023\/09\/2020_04_30_14_25_IMG_0428--600x600.webp 600w, https:\/\/mnwell.com\/wp-content\/uploads\/2023\/09\/2020_04_30_14_25_IMG_0428--100x100.webp 100w\" sizes=\"(max-width: 800px) 100vw, 800px\" \/><\/p>\n<p>&nbsp;<\/p>\n<h3>Possibilit\u00e9s de traitement de surface pour les carters de moteurs<\/h3>\n<ol>\n<li>Traitement de surface par brossage\uff1aL'emboutissage des m\u00e9taux est un processus de fabrication dans lequel les lignes sont gratt\u00e9es \u00e0 plusieurs reprises sur des feuilles d'aluminium \u00e0 l'aide de papier de verre.<\/li>\n<li>Traitement par \u00e9lectrophor\u00e8se\uff1aL'\u00e9lectrophor\u00e8se utilise l'\u00e9lectrolyse pour fixer un film m\u00e9tallique \u00e0 la surface des pi\u00e8ces m\u00e9talliques ou d'autres mat\u00e9riaux afin de pr\u00e9venir l'oxydation du m\u00e9tal (comme la rouille) et d'am\u00e9liorer la r\u00e9sistance \u00e0 l'usure, la conductivit\u00e9, la r\u00e9flectivit\u00e9 et la r\u00e9sistance \u00e0 la corrosion (sulfate de cuivre, etc.) et d'am\u00e9liorer l'esth\u00e9tique.<\/li>\n<li>Meulage de surface et traitement de polissage\uff1aLe processus de polissage est principalement divis\u00e9 en : polissage m\u00e9canique, polissage chimique et polissage \u00e9lectrolytique. Le bo\u00eetier du moteur en aluminium est poli m\u00e9caniquement + \u00e9lectrolytiquement pour obtenir un effet miroir en acier inoxydable.<\/li>\n<li>Traitement de surface par sablage et grenaillage\uff1aL'utilisation de l'impact d'un flux de sable \u00e0 grande vitesse pour nettoyer et rendre rugueuse la surface du m\u00e9tal permet d'obtenir un certain degr\u00e9 de propret\u00e9 et diff\u00e9rentes rugosit\u00e9s sur la surface de la pi\u00e8ce, am\u00e9liorant ainsi les propri\u00e9t\u00e9s m\u00e9caniques de la surface de la pi\u00e8ce, am\u00e9liorant ainsi la r\u00e9sistance \u00e0 la fatigue de la pi\u00e8ce et augmentant sa r\u00e9sistance \u00e0 la fatigue et sa r\u00e9sistance \u00e0 la fatigue.<\/li>\n<li>Anodisation\uff1aLe traitement de surface le plus couramment utilis\u00e9 pour les coques en aluminium est l'anodisation. L'anodisation permet non seulement de r\u00e9soudre les probl\u00e8mes de duret\u00e9 de la surface de l'aluminium, de r\u00e9sistance \u00e0 l'usure, etc., mais aussi de prolonger la dur\u00e9e de vie de l'aluminium et d'am\u00e9liorer son esth\u00e9tique. Il s'agit du processus de traitement de surface le plus courant pour toutes les coques en aluminium. Il est couramment utilis\u00e9 et constitue le processus le plus abouti.<\/li>\n<\/ol>\n<h3>Pourquoi nous choisir ?<\/h3>\n<ol>\n<li>Un service unique : Nous ne nous concentrons pas seulement sur la fabrication de produits en alliage d'aluminium par moulage sous pression, mais nous couvrons \u00e9galement plusieurs domaines tels que l'extrusion et le traitement de l'alliage d'aluminium et le d\u00e9veloppement de moules pour le moulage sous pression de l'alliage d'aluminium. Cette capacit\u00e9 de production diversifi\u00e9e nous permet de r\u00e9pondre aux divers besoins de nos clients et de leur fournir des solutions globales d'un seul tenant.<\/li>\n<li>Des \u00e9quipements et des proc\u00e9d\u00e9s de pointe : Nous disposons d'une s\u00e9rie d'\u00e9quipements de production sp\u00e9ciaux, tels que des machines de coul\u00e9e sous pression, des machines de grenaillage, des machines de nettoyage \u00e0 ultrasons et des \u00e9quipements de traitement de surface par anodisation. Nous sommes \u00e9galement \u00e9quip\u00e9s de tours CNC, de fraiseuses CNC, de perceuses multifonctions et d'autres machines de pr\u00e9cision g\u00e9n\u00e9rale. Ces \u00e9quipements et processus modernes garantissent la haute qualit\u00e9 et l'efficacit\u00e9 de la production des produits.<\/li>\n<li>Une technologie et une exp\u00e9rience matures : Apr\u00e8s des ann\u00e9es d'am\u00e9lioration et d'optimisation continues, la technologie de production de notre soci\u00e9t\u00e9 dispose d'un processus de production mature et complet, garantissant la coh\u00e9rence et la fiabilit\u00e9 des produits. Notre \u00e9quipe poss\u00e8de une vaste exp\u00e9rience et est en mesure de relever divers d\u00e9fis et de r\u00e9pondre \u00e0 vos besoins.<\/li>\n<li>Contr\u00f4le de qualit\u00e9 avanc\u00e9 : Nous disposons d'\u00e9quipements d'essai de pointe pour garantir que nos produits r\u00e9pondent \u00e0 des normes de qualit\u00e9 \u00e9lev\u00e9es. Nous avons mis en place un syst\u00e8me d'assurance qualit\u00e9 solide et complet pour veiller \u00e0 ce que chaque produit r\u00e9ponde aux attentes des clients, voire les d\u00e9passe.<\/li>\n<li>Service de personnalisation pour les clients : Nous sommes dispos\u00e9s \u00e0 fournir des \u00e9chantillons, des dessins et un traitement fin selon les exigences du client pour produire des produits finis qualifi\u00e9s. Nous sommes attentifs aux besoins de nos clients et nous nous engageons \u00e0 leur fournir des solutions personnalis\u00e9es.<\/li>\n<\/ol>\n<p>En bref, notre soci\u00e9t\u00e9 dispose d'une vaste exp\u00e9rience, d'\u00e9quipements et de processus avanc\u00e9s et de capacit\u00e9s de production diversifi\u00e9es dans le domaine de la fabrication d'alliages d'aluminium. Ces facteurs font de nous votre partenaire id\u00e9al, capable de r\u00e9pondre \u00e0 vos diff\u00e9rents besoins et de vous fournir des produits de haute qualit\u00e9 en alliage d'aluminium.<\/p>\n<p><img loading=\"lazy\" decoding=\"async\" class=\"alignnone size-full wp-image-3146\" src=\"http:\/\/mnwell.com\/wp-content\/uploads\/2023\/09\/AYU9598.webp\" alt=\"aluminum motor housing manufacturers\" width=\"750\" height=\"500\" srcset=\"https:\/\/mnwell.com\/wp-content\/uploads\/2023\/09\/AYU9598.webp 750w, https:\/\/mnwell.com\/wp-content\/uploads\/2023\/09\/AYU9598-600x400.webp 600w\" sizes=\"(max-width: 750px) 100vw, 750px\" \/><\/p>","protected":false},"excerpt":{"rendered":"<p>Le carter de moteur \u00e9lectrique en aluminium est un type de carter de moteur qui prot\u00e8ge le corps du moteur et sert de support de montage pour prot\u00e9ger les composants du moteur de la poussi\u00e8re et des dommages. Le carter de moteur en alliage d'aluminium est produit par moulage sous pression d'un alliage d'aluminium. La duret\u00e9 et les propri\u00e9t\u00e9s de dissipation de la chaleur de l'alliage d'aluminium permettent au carter de moteur de dissiper la chaleur ou d'assurer l'isolation acoustique.<\/p>\n<p>Nous pouvons concevoir des bo\u00eetiers de moteur sur mesure en fonction des besoins du client, et notre expertise et notre \u00e9quipement de pointe assureront une fonctionnalit\u00e9 fiable et coh\u00e9rente du moteur tout en maintenant de bonnes performances. Moteur en alliage d'aluminium <a href=\"https:\/\/mnwell.com\/fr\/what-is-aluminum-die-cast-housing\/\">bo\u00eetiers<\/a> sont fabriqu\u00e9s uniquement \u00e0 partir de mat\u00e9riaux en alliage d'aluminium, ce qui les rend solides, durables et r\u00e9sistants. Tous les bo\u00eetiers de moteur en alliage d'aluminium s'adaptent au moteur de votre voiture comme un v\u00eatement, offrant une protection et une dissipation de la chaleur in\u00e9gal\u00e9es.<\/p>\n<p>Mindwell, en tant que fabricant professionnel de moulage d'aluminium sous pression, notre soci\u00e9t\u00e9 dispose de plusieurs machines et \u00e9quipements de moulage sous pression et a la capacit\u00e9 de produire des produits \u00e0 grande \u00e9chelle. Nous disposons d'une \u00e9quipe d'ing\u00e9nieurs qui peuvent concevoir le carter de moteur sur mesure. Qu'il s'agisse d'un bo\u00eetier moul\u00e9 en forme d'ailette ou d'un bo\u00eetier int\u00e9gr\u00e9, nous pouvons le personnaliser en fonction des exigences d'utilisation. Les carters de moteur peuvent \u00e9galement \u00eatre produits par le biais d'une personnalisation standardis\u00e9e ou d'un \u00e9quipement de production \u00e0 faible volume.<\/p>","protected":false},"featured_media":3143,"template":"","meta":{"om_disable_all_campaigns":false,"_monsterinsights_skip_tracking":false,"_monsterinsights_sitenote_active":false,"_monsterinsights_sitenote_note":"","_monsterinsights_sitenote_category":0,"_uf_show_specific_survey":0,"_uf_disable_surveys":false,"site-sidebar-layout":"default","site-content-layout":"default","ast-global-header-display":"","ast-banner-title-visibility":"","ast-main-header-display":"","ast-hfb-above-header-display":"","ast-hfb-below-header-display":"","ast-hfb-mobile-header-display":"","site-post-title":"","ast-breadcrumbs-content":"","ast-featured-img":"","footer-sml-layout":"","theme-transparent-header-meta":"default","adv-header-id-meta":"","stick-header-meta":"","header-above-stick-meta":"","header-main-stick-meta":"","header-below-stick-meta":""},"product_cat":[18],"product_tag":[160,239,237,236,148,238],"aioseo_notices":[],"_links":{"self":[{"href":"https:\/\/mnwell.com\/fr\/wp-json\/wp\/v2\/product\/3142"}],"collection":[{"href":"https:\/\/mnwell.com\/fr\/wp-json\/wp\/v2\/product"}],"about":[{"href":"https:\/\/mnwell.com\/fr\/wp-json\/wp\/v2\/types\/product"}],"wp:featuredmedia":[{"embeddable":true,"href":"https:\/\/mnwell.com\/fr\/wp-json\/wp\/v2\/media\/3143"}],"wp:attachment":[{"href":"https:\/\/mnwell.com\/fr\/wp-json\/wp\/v2\/media?parent=3142"}],"wp:term":[{"taxonomy":"product_cat","embeddable":true,"href":"https:\/\/mnwell.com\/fr\/wp-json\/wp\/v2\/product_cat?post=3142"},{"taxonomy":"product_tag","embeddable":true,"href":"https:\/\/mnwell.com\/fr\/wp-json\/wp\/v2\/product_tag?post=3142"}],"curies":[{"name":"wp","href":"https:\/\/api.w.org\/{rel}","templated":true}]}}