{"id":3195,"date":"2023-09-15T17:27:33","date_gmt":"2023-09-15T15:27:33","guid":{"rendered":"https:\/\/mnwell.com\/?post_type=product&#038;p=3195"},"modified":"2023-09-17T09:32:25","modified_gmt":"2023-09-17T07:32:25","slug":"injection-molding-automotive-parts","status":"publish","type":"product","link":"https:\/\/mnwell.com\/fr\/produit\/injection-molding-automotive-parts\/","title":{"rendered":"moulage par injection de pi\u00e8ces automobiles"},"content":{"rendered":"<p>Les pi\u00e8ces automobiles moul\u00e9es par injection d\u00e9signent diverses pi\u00e8ces utilis\u00e9es dans la construction automobile, telles que les bouches d'air conditionn\u00e9, les feux, les tableaux de bord, etc. Ces pi\u00e8ces automobiles sont fabriqu\u00e9es \u00e0 partir de mat\u00e9riaux plastiques tr\u00e8s r\u00e9sistants, r\u00e9sistants \u00e0 l'usure, aux temp\u00e9ratures \u00e9lev\u00e9es et \u00e0 la corrosion, tels que l'ABS, le PC, le PA, le POM, etc. et sont ensuite fabriqu\u00e9es \u00e0 l'aide du processus de moulage par injection. Les pi\u00e8ces automobiles fabriqu\u00e9es par le proc\u00e9d\u00e9 de moulage par injection pr\u00e9sentent les caract\u00e9ristiques suivantes : l\u00e9g\u00e8ret\u00e9, haute r\u00e9sistance, haute performance et d\u00e9formation \u00e9lastique \u00e9lev\u00e9e, ce qui affecte directement la s\u00e9curit\u00e9, le confort et la fiabilit\u00e9 de l'automobile.<br \/>\nEn tant que professionnel <strong>fabricant de pi\u00e8ces en plastique pour l'industrie automobile<\/strong>Mindwell Company fournit \u00e0 ses clients des services de moulage par injection de pi\u00e8ces automobiles en plastique personnalis\u00e9es et peut personnaliser les pi\u00e8ces moul\u00e9es par injection requises en fonction de leurs besoins. Mindwell dispose d'une \u00e9quipe technique efficace, d'un \u00e9quipement de production sophistiqu\u00e9 et complet, et d'une gestion scientifique compl\u00e8te pour vous fournir des services professionnels et efficaces de moulage par injection de pi\u00e8ces automobiles personnalis\u00e9es.<\/p>\n<p><img loading=\"lazy\" decoding=\"async\" class=\"alignnone size-full wp-image-3196\" src=\"http:\/\/mnwell.com\/wp-content\/uploads\/2023\/09\/AYU9566.webp\" alt=\"plastic injection molding automotive parts\" width=\"800\" height=\"800\" srcset=\"https:\/\/mnwell.com\/wp-content\/uploads\/2023\/09\/AYU9566.webp 800w, https:\/\/mnwell.com\/wp-content\/uploads\/2023\/09\/AYU9566-150x150.webp 150w, https:\/\/mnwell.com\/wp-content\/uploads\/2023\/09\/AYU9566-768x768.webp 768w, https:\/\/mnwell.com\/wp-content\/uploads\/2023\/09\/AYU9566-300x300.webp 300w, https:\/\/mnwell.com\/wp-content\/uploads\/2023\/09\/AYU9566-600x600.webp 600w, https:\/\/mnwell.com\/wp-content\/uploads\/2023\/09\/AYU9566-100x100.webp 100w\" sizes=\"(max-width: 800px) 100vw, 800px\" \/><\/p>\n<h3>Mat\u00e9riaux de moulage par injection pour l'industrie automobile<\/h3>\n<p>Les pi\u00e8ces automobiles moul\u00e9es par injection sont fabriqu\u00e9es \u00e0 partir d'une vari\u00e9t\u00e9 de mat\u00e9riaux, et le choix sp\u00e9cifique d\u00e9pend de l'application, des exigences de performance et des consid\u00e9rations de co\u00fbt de la pi\u00e8ce moul\u00e9e par injection. Notre soci\u00e9t\u00e9 utilise des mati\u00e8res premi\u00e8res plastiques de haute qualit\u00e9 pour s\u00e9lectionner les mat\u00e9riaux de moulage par injection des pi\u00e8ces automobiles afin de garantir la qualit\u00e9, la s\u00e9curit\u00e9 et la fiabilit\u00e9 des pi\u00e8ces automobiles. Voici les mati\u00e8res premi\u00e8res que nous utilisons le plus souvent dans la production de pi\u00e8ces automobiles moul\u00e9es par injection :<\/p>\n<ol>\n<li>Le caoutchouc acrylonitrile styr\u00e8ne-butadi\u00e8ne (ABS) : Le plastique ABS est le plus utilis\u00e9. En fonction de ses diff\u00e9rentes caract\u00e9ristiques, il est divis\u00e9 en ABS \u00e0 haute r\u00e9sistance aux chocs, ABS \u00e0 tr\u00e8s haute r\u00e9sistance aux chocs, ABS \u00e0 haute rigidit\u00e9, ABS \u00e9lectrod\u00e9pos\u00e9, ABS transparent et ABS chlor\u00e9 m\u00e9lang\u00e9, etc.<\/li>\n<li>Polypropyl\u00e8ne (PP) : Le polypropyl\u00e8ne est un plastique l\u00e9ger qui pr\u00e9sente une r\u00e9sistance \u00e9lev\u00e9e \u00e0 la chaleur et \u00e0 la flexion, ainsi que la densit\u00e9 la plus faible. Dans le secteur automobile, il est principalement utilis\u00e9 dans les pi\u00e8ces moul\u00e9es par injection et les pi\u00e8ces structurelles d\u00e9coratives, telles que les tableaux de bord, les bo\u00eetiers de batterie, les panneaux de porte, la console centrale et les composants des si\u00e8ges. Il pr\u00e9sente une bonne r\u00e9sistance \u00e0 l'usure et une bonne stabilit\u00e9 chimique.<\/li>\n<li>Polystyr\u00e8ne (PS) : Le polystyr\u00e8ne est couramment utilis\u00e9 dans les composants automobiles tels que les garnitures, les panneaux int\u00e9rieurs et les abat-jour. Il se caract\u00e9rise par son prix \u00e9conomique et sa facilit\u00e9 de traitement, mais il est relativement fragile.<\/li>\n<li>Polyur\u00e9thane (PU) : Le polyur\u00e9thane est largement utilis\u00e9 dans des composants tels que les si\u00e8ges de voiture, les volants et les pare-chocs, et est appr\u00e9ci\u00e9 pour sa flexibilit\u00e9 et sa durabilit\u00e9.<\/li>\n<li>Polycarbonate (PC) : Le polycarbonate a une grande solidit\u00e9 et une grande r\u00e9sistance \u00e0 la chaleur. Il est couramment utilis\u00e9 dans les abat-jour des automobiles, les miroirs et autres pi\u00e8ces transparentes.<\/li>\n<li>Polyamide (PA) : Les plastiques polyamides, tels que le nylon, sont utilis\u00e9s dans la fabrication de composants de la transmission automobile, de r\u00e9servoirs de carburant et de tuyaux.<\/li>\n<li>R\u00e9sine de polyester (PET) : La r\u00e9sine de polyester est utilis\u00e9e dans l'industrie automobile pour fabriquer des tissus de si\u00e8ges de voiture et des \u00e9l\u00e9ments de d\u00e9coration int\u00e9rieure.<\/li>\n<li>Poly\u00e9ther\u00e9therc\u00e9tone (PEEK) : Le PEEK est un plastique technique de haute performance utilis\u00e9 dans les applications automobiles \u00e0 haute temp\u00e9rature et \u00e0 haute pression, telles que les composants du moteur.<\/li>\n<li>Silicone : La silicone est principalement utilis\u00e9e dans les joints automobiles, les joints toriques, les tampons thermiques et d'autres applications. Il est appr\u00e9ci\u00e9 pour sa r\u00e9sistance aux temp\u00e9ratures \u00e9lev\u00e9es, sa r\u00e9sistance \u00e0 la corrosion chimique et sa bonne \u00e9lasticit\u00e9.<\/li>\n<li>Plastique renforc\u00e9 de fibres de verre (PRFV) : le PRFV est utilis\u00e9 pour fabriquer la coque, la carrosserie et les composants structurels des automobiles et permet d'am\u00e9liorer le rendement \u00e9nerg\u00e9tique en raison de sa grande r\u00e9sistance et de sa l\u00e9g\u00e8ret\u00e9.<\/li>\n<li>Plastique renforc\u00e9 de fibres de carbone (PRFC) : Le PRFC est un mat\u00e9riau l\u00e9ger et tr\u00e8s r\u00e9sistant utilis\u00e9 pour fabriquer des composants pour les automobiles \u00e0 hautes performances, telles que les voitures de course, les supercars et les composants pour les v\u00e9hicules de luxe haut de gamme.<\/li>\n<\/ol>\n<p>Des mat\u00e9riaux diff\u00e9rents ont des caract\u00e9ristiques diff\u00e9rentes et peuvent r\u00e9pondre aux exigences de s\u00e9curit\u00e9, de durabilit\u00e9, de l\u00e9g\u00e8ret\u00e9, de rentabilit\u00e9 et autres des pi\u00e8ces automobiles moul\u00e9es par injection. Par cons\u00e9quent, lors de la s\u00e9lection des mat\u00e9riaux de moulage par injection, vous devez faire des choix \u00e9clair\u00e9s en fonction des exigences sp\u00e9cifiques de la conception et de l'application.<\/p>\n<h3><img loading=\"lazy\" decoding=\"async\" class=\"alignnone size-full wp-image-3197\" src=\"http:\/\/mnwell.com\/wp-content\/uploads\/2023\/09\/AYU9564.webp\" alt=\"injection molding automotive parts\" width=\"800\" height=\"800\" srcset=\"https:\/\/mnwell.com\/wp-content\/uploads\/2023\/09\/AYU9564.webp 800w, https:\/\/mnwell.com\/wp-content\/uploads\/2023\/09\/AYU9564-150x150.webp 150w, https:\/\/mnwell.com\/wp-content\/uploads\/2023\/09\/AYU9564-768x768.webp 768w, https:\/\/mnwell.com\/wp-content\/uploads\/2023\/09\/AYU9564-300x300.webp 300w, https:\/\/mnwell.com\/wp-content\/uploads\/2023\/09\/AYU9564-600x600.webp 600w, https:\/\/mnwell.com\/wp-content\/uploads\/2023\/09\/AYU9564-100x100.webp 100w\" sizes=\"(max-width: 800px) 100vw, 800px\" \/><\/h3>\n<h3>Avantage<\/h3>\n<p>Les pi\u00e8ces automobiles moul\u00e9es par injection pr\u00e9sentent elles-m\u00eames de nombreux avantages. Avec l'am\u00e9lioration de la technologie de fabrication du moulage par injection, la r\u00e9sistance et la rigidit\u00e9, l'\u00e9tanch\u00e9it\u00e9, la r\u00e9sistance \u00e0 l'usure et \u00e0 la corrosion, la pr\u00e9cision dimensionnelle, la qualit\u00e9 de la surface et la durabilit\u00e9 des pi\u00e8ces automobiles moul\u00e9es par injection s'am\u00e9liorent constamment. . Ces am\u00e9liorations des performances permettent aux pi\u00e8ces automobiles moul\u00e9es par injection de r\u00e9pondre aux besoins des voitures dans diff\u00e9rentes conditions de travail et de garantir la s\u00e9curit\u00e9, la fiabilit\u00e9 et les performances des voitures.<\/p>\n<ol>\n<li>L\u00e9g\u00e8ret\u00e9, r\u00e9duction du poids de la carrosserie. L'un des premiers avantages de l'utilisation des plastiques dans les mat\u00e9riaux automobiles est leur l\u00e9g\u00e8ret\u00e9, qui permet de r\u00e9duire le poids de la carrosserie. L'all\u00e8gement est un objectif poursuivi par l'industrie automobile. C'est pourquoi les pi\u00e8ces moul\u00e9es par injection constituent le premier choix.<\/li>\n<li>Il est facile \u00e0 mettre en forme et se pr\u00eate \u00e0 la transformation de pi\u00e8ces complexes. Pour certaines pi\u00e8ces, des processus complexes sont n\u00e9cessaires et les \u00e9tapes sont nombreuses. En revanche, les pi\u00e8ces transform\u00e9es en plastique sont faciles \u00e0 former, le temps de traitement est court et la pr\u00e9cision est garantie.<\/li>\n<li>Il poss\u00e8de de fortes caract\u00e9ristiques de d\u00e9formation \u00e9lastique et peut absorber une grande quantit\u00e9 d'\u00e9nergie de collision. Si la carrosserie de la voiture subit un choc violent, il peut faire tampon et jouer un r\u00f4le protecteur important.<\/li>\n<li>Am\u00e9liorer le confort. Les produits en plastique utilis\u00e9s dans les pi\u00e8ces automobiles moul\u00e9es par injection ayant \u00e9galement pour caract\u00e9ristiques d'att\u00e9nuer les vibrations et d'absorber le bruit, ils sont plus souples que les produits en m\u00e9tal, ce qui peut am\u00e9liorer l'exp\u00e9rience et le confort de conduite.<\/li>\n<li>Forte r\u00e9sistance \u00e0 la corrosion. La r\u00e9sistance \u00e0 la corrosion des produits en plastique aux acides, alcalis, sels et autres substances est sup\u00e9rieure \u00e0 celle des m\u00e9taux. L'utilisation du plastique comme rev\u00eatement de carrosserie convient parfaitement aux environnements tr\u00e8s pollu\u00e9s et permet de mieux prot\u00e9ger la carrosserie et de r\u00e9duire les risques de corrosion et de rouille.<\/li>\n<\/ol>\n<h4>Le contr\u00f4le de qualit\u00e9 de Mindwell<\/h4>\n<p>Les professionnels de la gestion de la qualit\u00e9 de la soci\u00e9t\u00e9 Mindwell ont une connaissance approfondie du travail sur la qualit\u00e9 des pi\u00e8ces automobiles moul\u00e9es par injection.<br \/>\nLes responsables utilisent des inspections r\u00e9guli\u00e8res ou impr\u00e9vues pour superviser le rapport de production quotidien. Ils trient le taux de d\u00e9fectuosit\u00e9 de chaque produit au cours du processus de production. L'\u00e9quipe technique de l'atelier effectue des statistiques et examine les trois principaux d\u00e9fauts du produit, et l'am\u00e9lioration continue des ph\u00e9nom\u00e8nes ind\u00e9sirables n'a jamais cess\u00e9.<br \/>\nNotre entreprise attache une grande importance au contr\u00f4le de la qualit\u00e9. Comme indiqu\u00e9 plus haut, il s'agit de l'une des t\u00e2ches quotidiennes de nos responsables. En termes de contr\u00f4le de la qualit\u00e9, depuis l'essai des mat\u00e9riaux, le suivi de la production jusqu'\u00e0 l'inspection finale avant l'exp\u00e9dition, nous pouvons 100% garantir que chaque produit r\u00e9pond \u00e0 des normes \u00e9lev\u00e9es.<\/p>\n<p><img loading=\"lazy\" decoding=\"async\" class=\"alignnone size-full wp-image-3198\" src=\"http:\/\/mnwell.com\/wp-content\/uploads\/2023\/09\/AYU9570.webp\" alt=\"molding car parts\" width=\"1000\" height=\"1000\" srcset=\"https:\/\/mnwell.com\/wp-content\/uploads\/2023\/09\/AYU9570.webp 1000w, https:\/\/mnwell.com\/wp-content\/uploads\/2023\/09\/AYU9570-150x150.webp 150w, https:\/\/mnwell.com\/wp-content\/uploads\/2023\/09\/AYU9570-768x768.webp 768w, https:\/\/mnwell.com\/wp-content\/uploads\/2023\/09\/AYU9570-300x300.webp 300w, https:\/\/mnwell.com\/wp-content\/uploads\/2023\/09\/AYU9570-600x600.webp 600w, https:\/\/mnwell.com\/wp-content\/uploads\/2023\/09\/AYU9570-100x100.webp 100w\" sizes=\"(max-width: 1000px) 100vw, 1000px\" \/><\/p>\n<h3>Applications des pi\u00e8ces automobiles moul\u00e9es par injection<\/h3>\n<p>Les pi\u00e8ces automobiles en plastique sont divis\u00e9es en trois cat\u00e9gories : les pi\u00e8ces int\u00e9rieures, les pi\u00e8ces ext\u00e9rieures et les pi\u00e8ces fonctionnelles. Les pi\u00e8ces int\u00e9rieures mettent l'accent sur le toucher, la sensation, le confort et la visibilit\u00e9, tandis que les pi\u00e8ces ext\u00e9rieures exigent une grande solidit\u00e9, une grande robustesse et une grande r\u00e9sistance aux conditions environnementales, ainsi que des propri\u00e9t\u00e9s de r\u00e9sistance aux chocs, etc.<\/p>\n<ul>\n<li>Int\u00e9rieur automobile : Les pi\u00e8ces moul\u00e9es par injection pour l'int\u00e9rieur des v\u00e9hicules comprennent les si\u00e8ges, les panneaux int\u00e9rieurs des portes, les tableaux de bord, les volants, les plafonds de voiture, les panneaux arri\u00e8re, les capots et les tapis de sol, etc.<\/li>\n<li>Aspect automobile : Les pi\u00e8ces moul\u00e9es par injection pour l'apparence des automobiles comprennent les pare-chocs, les feux, les garnitures de fen\u00eatres, les poign\u00e9es de porte, les grilles de radiateur, etc.<\/li>\n<li>Pi\u00e8ces fonctionnelles pour l'automobile : Les pi\u00e8ces moul\u00e9es par injection pour le compartiment moteur et le ch\u00e2ssis comprennent les capots de moteur, les couvercles d\u00e9coratifs de moteur, les p\u00e9dales de frein, les ailes, les prises d'air, les bo\u00eetiers d'\u00e9clairage de voiture, etc.<\/li>\n<\/ul>\n<h3>Pourquoi choisir notre entreprise<\/h3>\n<p>Notre soci\u00e9t\u00e9 propose \u00e0 ses clients des options personnalis\u00e9es et peut assurer la conception de moules, la conception de produits et la production en s\u00e9rie, l'assemblage et d'autres services pour les produits suivants <strong>Pi\u00e8ces automobiles en plastique moul\u00e9es par injection<\/strong> selon les besoins. Une solution unique pour faciliter vos besoins en mati\u00e8re d'achat. Nous sommes dispos\u00e9s \u00e0 vous fournir des \u00e9chantillons \u00e0 des fins d'essai, et nos ing\u00e9nieurs techniques vous fourniront \u00e9galement une assistance technique professionnelle pendant la phase de conception afin de garantir que nos composants automobiles r\u00e9pondent aux exigences et sont de haute qualit\u00e9. Si vous avez besoin de pi\u00e8ces automobiles moul\u00e9es par injection personnalis\u00e9es, n'h\u00e9sitez pas \u00e0 nous contacter. Nous vous r\u00e9pondrons dans les plus brefs d\u00e9lais et vous fournirons un plan de devis d\u00e9taill\u00e9.<\/p>\n<p><img loading=\"lazy\" decoding=\"async\" class=\"alignnone size-full wp-image-3114\" src=\"http:\/\/mnwell.com\/wp-content\/uploads\/2023\/09\/injection-molding.jpg\" alt=\"injection molding manufacturers\" width=\"750\" height=\"500\" srcset=\"https:\/\/mnwell.com\/wp-content\/uploads\/2023\/09\/injection-molding.jpg 750w, https:\/\/mnwell.com\/wp-content\/uploads\/2023\/09\/injection-molding-600x400.jpg 600w\" sizes=\"(max-width: 750px) 100vw, 750px\" \/><\/p>","protected":false},"excerpt":{"rendered":"<p>Les pi\u00e8ces automobiles moul\u00e9es par injection d\u00e9signent diverses pi\u00e8ces utilis\u00e9es dans la construction automobile, telles que les bouches d'air conditionn\u00e9, les feux, les tableaux de bord, etc. Ces pi\u00e8ces automobiles sont fabriqu\u00e9es \u00e0 partir de mat\u00e9riaux plastiques tr\u00e8s r\u00e9sistants, r\u00e9sistants \u00e0 l'usure, aux temp\u00e9ratures \u00e9lev\u00e9es et \u00e0 la corrosion, tels que l'ABS, le PC, le PA, le POM, etc. et sont ensuite fabriqu\u00e9es \u00e0 l'aide du processus de moulage par injection. Les pi\u00e8ces automobiles fabriqu\u00e9es par le proc\u00e9d\u00e9 de moulage par injection pr\u00e9sentent les caract\u00e9ristiques suivantes : l\u00e9g\u00e8ret\u00e9, haute r\u00e9sistance, haute performance et d\u00e9formation \u00e9lastique \u00e9lev\u00e9e, ce qui affecte directement la s\u00e9curit\u00e9, le confort et la fiabilit\u00e9 de l'automobile.<\/p>","protected":false},"featured_media":3197,"template":"","meta":{"om_disable_all_campaigns":false,"_monsterinsights_skip_tracking":false,"_monsterinsights_sitenote_active":false,"_monsterinsights_sitenote_note":"","_monsterinsights_sitenote_category":0,"_uf_show_specific_survey":0,"_uf_disable_surveys":false,"site-sidebar-layout":"default","site-content-layout":"default","ast-global-header-display":"","ast-banner-title-visibility":"","ast-main-header-display":"","ast-hfb-above-header-display":"","ast-hfb-below-header-display":"","ast-hfb-mobile-header-display":"","site-post-title":"","ast-breadcrumbs-content":"","ast-featured-img":"","footer-sml-layout":"","theme-transparent-header-meta":"default","adv-header-id-meta":"","stick-header-meta":"","header-above-stick-meta":"","header-main-stick-meta":"","header-below-stick-meta":""},"product_cat":[19],"product_tag":[251,259,252,257,254,253,256,255,258],"aioseo_notices":[],"_links":{"self":[{"href":"https:\/\/mnwell.com\/fr\/wp-json\/wp\/v2\/product\/3195"}],"collection":[{"href":"https:\/\/mnwell.com\/fr\/wp-json\/wp\/v2\/product"}],"about":[{"href":"https:\/\/mnwell.com\/fr\/wp-json\/wp\/v2\/types\/product"}],"wp:featuredmedia":[{"embeddable":true,"href":"https:\/\/mnwell.com\/fr\/wp-json\/wp\/v2\/media\/3197"}],"wp:attachment":[{"href":"https:\/\/mnwell.com\/fr\/wp-json\/wp\/v2\/media?parent=3195"}],"wp:term":[{"taxonomy":"product_cat","embeddable":true,"href":"https:\/\/mnwell.com\/fr\/wp-json\/wp\/v2\/product_cat?post=3195"},{"taxonomy":"product_tag","embeddable":true,"href":"https:\/\/mnwell.com\/fr\/wp-json\/wp\/v2\/product_tag?post=3195"}],"curies":[{"name":"wp","href":"https:\/\/api.w.org\/{rel}","templated":true}]}}