{"id":4073,"date":"2024-02-04T15:23:41","date_gmt":"2024-02-04T14:23:41","guid":{"rendered":"https:\/\/mnwell.com\/?post_type=product&#038;p=4073"},"modified":"2024-02-04T15:26:43","modified_gmt":"2024-02-04T14:26:43","slug":"electric-motor-housing","status":"publish","type":"product","link":"https:\/\/mnwell.com\/fr\/produit\/electric-motor-housing\/","title":{"rendered":"bo\u00eetier du moteur \u00e9lectrique"},"content":{"rendered":"<p>Le carter de moteur \u00e9lectrique moul\u00e9 sous pression est un carter de moteur fabriqu\u00e9 \u00e0 l'aide de la technologie de moulage sous pression, qui peut \u00eatre personnalis\u00e9 en fonction des besoins du client. Gr\u00e2ce \u00e0 sa pr\u00e9cision exceptionnelle, sa robustesse, sa l\u00e9g\u00e8ret\u00e9 et son aspect attrayant, ce carter de moteur sur mesure peut r\u00e9pondre \u00e0 un large \u00e9ventail de demandes des clients en mati\u00e8re de performances et d'esth\u00e9tique du moteur. Notre produit de carter de moteur personnalis\u00e9 moul\u00e9 sous pression chez mindwell est un article de premi\u00e8re qualit\u00e9 avec une pr\u00e9cision, une robustesse, un poids l\u00e9ger et un aspect attrayant excellents. Nous fournissons des services complets et personnalis\u00e9s pour satisfaire les exigences uniques de diverses industries et de divers clients. En nous choisissant, vous b\u00e9n\u00e9ficierez d'un produit de qualit\u00e9 sup\u00e9rieure et d'une assistance post-achat sans souci.<\/p>\n<p><img loading=\"lazy\" decoding=\"async\" class=\"alignnone wp-image-4075 size-full\" src=\"http:\/\/mnwell.com\/wp-content\/uploads\/2024\/02\/IMG_20231021_121020.jpg\" alt=\"electric motor housing\" width=\"800\" height=\"800\" srcset=\"https:\/\/mnwell.com\/wp-content\/uploads\/2024\/02\/IMG_20231021_121020.jpg 800w, https:\/\/mnwell.com\/wp-content\/uploads\/2024\/02\/IMG_20231021_121020-150x150.jpg 150w, https:\/\/mnwell.com\/wp-content\/uploads\/2024\/02\/IMG_20231021_121020-768x768.jpg 768w, https:\/\/mnwell.com\/wp-content\/uploads\/2024\/02\/IMG_20231021_121020-12x12.jpg 12w, https:\/\/mnwell.com\/wp-content\/uploads\/2024\/02\/IMG_20231021_121020-300x300.jpg 300w, https:\/\/mnwell.com\/wp-content\/uploads\/2024\/02\/IMG_20231021_121020-600x600.jpg 600w, https:\/\/mnwell.com\/wp-content\/uploads\/2024\/02\/IMG_20231021_121020-100x100.jpg 100w\" sizes=\"(max-width: 800px) 100vw, 800px\" \/><\/p>\n<p>&nbsp;<\/p>\n<h3>Caract\u00e9ristiques du bo\u00eetier du moteur \u00e9lectrique<\/h3>\n<ul>\n<li>Haute pr\u00e9cision : Pour garantir que la taille du carter du moteur est pr\u00e9cise et r\u00e9pond aux sp\u00e9cifications du client, des technologies sophistiqu\u00e9es de moulage et de coulage sous pression sont utilis\u00e9es. Cela permet non seulement d'augmenter les performances du moteur, mais aussi de r\u00e9duire les difficult\u00e9s d'assemblage et de d\u00e9pannage \u00e0 l'avenir.<\/li>\n<li>Haute r\u00e9sistance : Pour garantir que le carter du moteur \u00e9lectrique pr\u00e9sente une r\u00e9sistance m\u00e9canique et une rigidit\u00e9 suffisantes et qu'il peut supporter diverses situations de travail difficiles, nous choisissons des mat\u00e9riaux m\u00e9talliques de premi\u00e8re qualit\u00e9, tels que l'alliage de zinc, l'alliage d'aluminium, etc. En outre, la r\u00e9sistance aux chocs du carter est consid\u00e9rablement am\u00e9lior\u00e9e par la technique de moulage sous pression de pr\u00e9cision.<\/li>\n<li>L\u00e9g\u00e8ret\u00e9 : La technique de moulage sous pression peut permettre d'obtenir un carter de moteur plus l\u00e9ger et plus fin que les proc\u00e9d\u00e9s de moulage conventionnels, ce qui r\u00e9duit le poids total du moteur et facilite sa manipulation et son fonctionnement. Ceci est particuli\u00e8rement appropri\u00e9 dans les situations o\u00f9 des restrictions de poids sont n\u00e9cessaires, comme dans les v\u00e9hicules \u00e0 \u00e9nergie nouvelle, les avions, etc.<\/li>\n<li>Belle : La surface lisse et plate de la coque du moteur et la qualit\u00e9 de son apparence peuvent am\u00e9liorer la perception g\u00e9n\u00e9rale du moteur. Une surface m\u00e9tallique polie ou une texture finement d\u00e9taill\u00e9e peut d\u00e9montrer la complexit\u00e9 et le haut niveau du produit.<\/li>\n<li>Un cycle de production efficace : Gr\u00e2ce \u00e0 l'utilisation d'une technologie de pointe pour le moulage sous pression, le cycle de production est consid\u00e9rablement raccourci, ce qui permet de r\u00e9pondre rapidement aux demandes des clients.<\/li>\n<li>De bonnes performances environnementales : Nous prenons la protection de l'environnement au s\u00e9rieux lors de la production. Avant d'\u00eatre rejet\u00e9s dans l'environnement, tous les d\u00e9chets et les eaux us\u00e9es sont trait\u00e9s.<\/li>\n<\/ul>\n<p><img loading=\"lazy\" decoding=\"async\" class=\"alignnone wp-image-4076 size-full\" src=\"http:\/\/mnwell.com\/wp-content\/uploads\/2024\/02\/IMG_20231021_121154.jpg\" alt=\"motor housing die-casting\" width=\"800\" height=\"800\" srcset=\"https:\/\/mnwell.com\/wp-content\/uploads\/2024\/02\/IMG_20231021_121154.jpg 800w, https:\/\/mnwell.com\/wp-content\/uploads\/2024\/02\/IMG_20231021_121154-150x150.jpg 150w, https:\/\/mnwell.com\/wp-content\/uploads\/2024\/02\/IMG_20231021_121154-768x768.jpg 768w, https:\/\/mnwell.com\/wp-content\/uploads\/2024\/02\/IMG_20231021_121154-12x12.jpg 12w, https:\/\/mnwell.com\/wp-content\/uploads\/2024\/02\/IMG_20231021_121154-300x300.jpg 300w, https:\/\/mnwell.com\/wp-content\/uploads\/2024\/02\/IMG_20231021_121154-600x600.jpg 600w, https:\/\/mnwell.com\/wp-content\/uploads\/2024\/02\/IMG_20231021_121154-100x100.jpg 100w\" sizes=\"(max-width: 800px) 100vw, 800px\" \/><\/p>\n<p>&nbsp;<\/p>\n<h3>Domaine d'application<\/h3>\n<p>Le carter de moteur \u00e9lectrique moul\u00e9 sous pression est un carter sur mesure destin\u00e9 \u00e0 une vari\u00e9t\u00e9 de moteurs, principalement des moteurs \u00e0 courant alternatif, \u00e0 courant continu et des servomoteurs. Le moulage sous pression est utilis\u00e9 dans la production de ce produit, et des bo\u00eetiers de diff\u00e9rentes dimensions et formes peuvent \u00eatre adapt\u00e9s aux exigences uniques des clients afin de satisfaire les applications de moteurs dans de nombreuses industries.<\/p>\n<h4>Types de moteurs applicables :<\/h4>\n<ol>\n<li>Moteur \u00e0 courant alternatif : Des moteurs de tailles et de puissances diff\u00e9rentes peuvent \u00eatre utilis\u00e9s avec ce carter. Les moteurs \u00e0 courant alternatif \u00e9tant largement utilis\u00e9s dans la fabrication d'automobiles, l'automatisation industrielle et d'autres secteurs, des carters sp\u00e9cialis\u00e9s peuvent \u00eatre fabriqu\u00e9s pour r\u00e9pondre aux exigences de nombreuses situations d'application.<\/li>\n<li>Les moteurs \u00e0 courant continu sont un autre type de moteur populaire qui est souvent utilis\u00e9 dans les nouvelles \u00e9nergies, l'automatisation industrielle et d'autres industries. La capacit\u00e9 d'adapter la carcasse du moteur aux diff\u00e9rentes exigences de taille et de forme des moteurs \u00e0 courant continu est assur\u00e9e par la personnalisation.<\/li>\n<li>Servomoteurs : Dans les domaines de la robotique et de l'automatisation industrielle, les servomoteurs sont essentiels. Les exigences des servomoteurs dans les applications de haute pr\u00e9cision et de haute performance peuvent \u00eatre satisfaites en modifiant le bo\u00eetier.<\/li>\n<\/ol>\n<h4>Domaines d'application :<\/h4>\n<ul>\n<li>Automatisation industrielle : Pour garantir les performances et la stabilit\u00e9 du moteur, des carters moteur personnalis\u00e9s peuvent \u00eatre utilis\u00e9s dans une gamme d'\u00e9quipements d'automatisation industrielle.<\/li>\n<li>Les voitures \u00e9lectriques, l'\u00e9nergie \u00e9olienne, l'\u00e9nergie solaire et d'autres disciplines font partie des nouvelles industries de l'\u00e9nergie qui utilisent des carters de moteur pour r\u00e9pondre aux besoins de performance et d'environnement de fonctionnement des diff\u00e9rents moteurs.<\/li>\n<li>Fabrication automobile : Afin d'accro\u00eetre les performances et l'efficacit\u00e9 globales, des composants de carter de moteur sur mesure peuvent \u00eatre utilis\u00e9s dans une vari\u00e9t\u00e9 de syst\u00e8mes \u00e9lectriques de v\u00e9hicules.<\/li>\n<li>L'a\u00e9rospatiale : Pour r\u00e9pondre aux besoins des moteurs d'avions, de satellites et d'autres a\u00e9ronefs, l'industrie a\u00e9rospatiale utilise \u00e9galement des carters moteurs personnalis\u00e9s.<\/li>\n<\/ul>\n<h4>Caract\u00e9ristiques personnalis\u00e9es :<\/h4>\n<ul>\n<li>Sp\u00e9cifications flexibles : les carters de moteurs \u00e9lectriques peuvent \u00eatre con\u00e7us pour s'adapter \u00e0 divers types de moteurs, avec des tailles et des sp\u00e9cifications variables, en fonction des besoins uniques des clients.<\/li>\n<li>Vari\u00e9t\u00e9 de formes : La forme du bo\u00eetier peut \u00eatre modifi\u00e9e pour r\u00e9pondre aux exigences de l'application, ce qui garantit un ajustement et une fonctionnalit\u00e9 parfaits.<\/li>\n<li>S\u00e9lection des mat\u00e9riaux : Pour garantir la solidit\u00e9 et la r\u00e9sistance \u00e0 la corrosion de la coque, des mat\u00e9riaux appropri\u00e9s, tels que l'alliage d'aluminium, l'alliage de magn\u00e9sium, etc., peuvent \u00eatre choisis en fonction de l'environnement et des besoins d'utilisation.<\/li>\n<\/ul>\n<p><img loading=\"lazy\" decoding=\"async\" class=\"alignnone size-full wp-image-4077\" src=\"http:\/\/mnwell.com\/wp-content\/uploads\/2024\/02\/IMG_20231021_121126_1.jpg\" alt=\"\" width=\"800\" height=\"800\" srcset=\"https:\/\/mnwell.com\/wp-content\/uploads\/2024\/02\/IMG_20231021_121126_1.jpg 800w, https:\/\/mnwell.com\/wp-content\/uploads\/2024\/02\/IMG_20231021_121126_1-150x150.jpg 150w, https:\/\/mnwell.com\/wp-content\/uploads\/2024\/02\/IMG_20231021_121126_1-768x768.jpg 768w, https:\/\/mnwell.com\/wp-content\/uploads\/2024\/02\/IMG_20231021_121126_1-12x12.jpg 12w, https:\/\/mnwell.com\/wp-content\/uploads\/2024\/02\/IMG_20231021_121126_1-300x300.jpg 300w, https:\/\/mnwell.com\/wp-content\/uploads\/2024\/02\/IMG_20231021_121126_1-600x600.jpg 600w, https:\/\/mnwell.com\/wp-content\/uploads\/2024\/02\/IMG_20231021_121126_1-100x100.jpg 100w\" sizes=\"(max-width: 800px) 100vw, 800px\" \/><\/p>\n<p>&nbsp;<\/p>\n<h2>Services personnalis\u00e9s<\/h2>\n<ol>\n<li>Service personnalis\u00e9 : L'objectif principal de votre service est de cr\u00e9er des carters de moteurs \u00e9lectriques sp\u00e9cifiquement adapt\u00e9s aux sp\u00e9cifications et aux besoins du client. Cela garantit que le produit satisfait pleinement les exigences uniques du consommateur, ce qui accro\u00eet la satisfaction de ce dernier et l'ad\u00e9quation du produit.<\/li>\n<li>S\u00e9lection des mat\u00e9riaux : La s\u00e9lection m\u00e9ticuleuse des mat\u00e9riaux pour le carter du moteur fait partie de votre service. Elle peut \u00eatre effectu\u00e9e en fonction de l'environnement de l'application et des sp\u00e9cifications du client, afin de garantir que le bo\u00eetier pr\u00e9sente la solidit\u00e9, la r\u00e9sistance \u00e0 la corrosion et d'autres caract\u00e9ristiques de performance requises.<\/li>\n<li>Conception dimensionnelle : En fonction des diff\u00e9rentes situations d'application, les clients peuvent avoir des besoins vari\u00e9s en termes de dimensions pour leurs moteurs. Dans le cadre de votre service, vous concevez les dimensions de la carcasse afin de garantir qu'elle s'adapte pr\u00e9cis\u00e9ment au moteur du client tout en respectant les crit\u00e8res d'espace et de performance.<\/li>\n<li><a href=\"https:\/\/mnwell.com\/fr\/surface-treatment\/\">Traitement de surface :<\/a> Pour accro\u00eetre la long\u00e9vit\u00e9 et l'esth\u00e9tique, le traitement de surface du carter du moteur est crucial. Le traitement de surface fait partie de votre service pour garantir le fonctionnement et l'aspect du bo\u00eetier dans diverses conditions.<\/li>\n<li>Travail d'\u00e9quipe professionnel : \u00c9tant donn\u00e9 que vous accordez une grande importance \u00e0 la collaboration avec les clients, votre \u00e9quipe collaborera et communiquera avec eux de mani\u00e8re efficace afin de garantir que leurs demandes sont correctement reconnues et satisfaites. Cette \u00e9troite collaboration permet de garantir que les carters moteurs sp\u00e9cialis\u00e9s r\u00e9pondent aux besoins des clients.<\/li>\n<li>Orientation vers la satisfaction du client : Il ressort clairement de vos services que vous vous engagez \u00e0 r\u00e9pondre aux exigences et aux attentes de vos clients. En offrant une gamme compl\u00e8te de services personnalis\u00e9s, vous vous engagez \u00e0 garantir que vos clients sont satisfaits du calibre et de la fonctionnalit\u00e9 de leur carter de moteur \u00e9lectrique personnalis\u00e9.<\/li>\n<li>Vaste champ d'application : Vos services ont un large \u00e9ventail d'utilisations dans l'automatisation industrielle, les nouvelles \u00e9nergies, l'a\u00e9rospatiale, la construction automobile et d'autres industries, puisqu'ils sont adapt\u00e9s \u00e0 diff\u00e9rents types de moteurs.<\/li>\n<\/ol>\n<p><img loading=\"lazy\" decoding=\"async\" class=\"alignnone size-full wp-image-4048\" src=\"http:\/\/mnwell.com\/wp-content\/uploads\/2024\/01\/die-casting-process.jpg\" alt=\"\" width=\"750\" height=\"428\" srcset=\"https:\/\/mnwell.com\/wp-content\/uploads\/2024\/01\/die-casting-process.jpg 750w, https:\/\/mnwell.com\/wp-content\/uploads\/2024\/01\/die-casting-process-18x10.jpg 18w, https:\/\/mnwell.com\/wp-content\/uploads\/2024\/01\/die-casting-process-600x342.jpg 600w\" sizes=\"(max-width: 750px) 100vw, 750px\" \/><\/p>\n<p>&nbsp;<\/p>\n<h3>Assurance de la qualit\u00e9<\/h3>\n<p>Chaque produit fait l'objet d'un contr\u00f4le de qualit\u00e9 rigoureux afin de garantir qu'il r\u00e9pond aux besoins des clients et aux sp\u00e9cifications de conception. Simultan\u00e9ment, nous fournissons une assistance apr\u00e8s-vente compl\u00e8te pour traiter et r\u00e9soudre rapidement les probl\u00e8mes qui surviennent lors de l'utilisation de l'appareil. Nous fournissons constamment les meilleurs produits et services \u00e0 nos clients en respectant la philosophie de la qualit\u00e9 d'abord.<\/p>\n<ol>\n<li>proc\u00e9dure rigoureuse d'inspection de la qualit\u00e9 : Chaque produit personnalis\u00e9 fait l'objet d'un examen de qualit\u00e9 rigoureux de la part de notre organisation. Cet examen couvre toutes les \u00e9tapes du processus, de l'inspection des mati\u00e8res premi\u00e8res au contr\u00f4le du processus de fabrication, en passant par l'inspection finale du produit. Nous confirmons que le produit satisfait aux normes de qualit\u00e9 strictes et aux sp\u00e9cifications de conception en passant par cet ensemble de proc\u00e9dures d'essai.<\/li>\n<li>Respecter les sp\u00e9cifications de conception : L'objectif du contr\u00f4le de la qualit\u00e9 est de v\u00e9rifier que le produit r\u00e9pond \u00e0 la fois aux besoins particuliers du client et aux normes de conception. Cela permet d'accro\u00eetre la coh\u00e9rence et la fiabilit\u00e9 du produit et d'\u00e9viter les d\u00e9fauts de production.<\/li>\n<li>la satisfaction du consommateur : Notre entreprise s'attache \u00e0 garantir que les produits r\u00e9pondent aux attentes des consommateurs gr\u00e2ce \u00e0 des tests de qualit\u00e9 et \u00e0 des services sp\u00e9cialis\u00e9s. Le fait de donner la priorit\u00e9 au plaisir du client favorise l'\u00e9tablissement de liens durables et renforce la confiance des consommateurs dans votre entreprise.<\/li>\n<li>Un service apr\u00e8s-vente exceptionnel : il est essentiel de fournir un service apr\u00e8s-vente exceptionnel. Afin de renforcer la confiance des consommateurs dans le produit et de leur offrir une protection suppl\u00e9mentaire, notre organisation se consacre \u00e0 la r\u00e9solution et \u00e0 la gestion rapides des probl\u00e8mes qui surviennent au cours de l'utilisation du produit.<\/li>\n<li>La philosophie de la qualit\u00e9 avant tout : Notre entreprise d\u00e9fend constamment l'id\u00e9e de la \"qualit\u00e9 d'abord\". Cet engagement se manifeste dans toutes les facettes de la production des produits ainsi que dans la culture g\u00e9n\u00e9rale et les convictions de l'entreprise, ce qui garantit le d\u00e9veloppement d'une image de marque digne de confiance et sup\u00e9rieure sur le march\u00e9.<\/li>\n<li>Des biens et des services de la meilleure qualit\u00e9 : Notre entreprise vise \u00e0 se diff\u00e9rencier sur un march\u00e9 tr\u00e8s concurrentiel en se concentrant sur des biens et des services de \"meilleure qualit\u00e9\". Cela se traduit non seulement par la qualit\u00e9 des produits, mais aussi par la mani\u00e8re dont les clients sont trait\u00e9s et par l'assistance fournie apr\u00e8s l'achat.<\/li>\n<li>l'am\u00e9lioration continue : L'id\u00e9e d'am\u00e9lioration continue est incarn\u00e9e par l'accent mis par notre entreprise sur la qualit\u00e9 de nos produits et services. Votre entreprise peut s'attendre \u00e0 des am\u00e9liorations continues de la qualit\u00e9 de ses biens et services si elle \u00e9value et am\u00e9liore constamment ses proc\u00e9dures.<\/li>\n<\/ol>\n<p>&nbsp;<\/p>","protected":false},"excerpt":{"rendered":"<p>S\u00e9lection des mat\u00e9riaux : Mat\u00e9riaux m\u00e9talliques courants : alliage d'aluminium, alliage de magn\u00e9sium, etc., carter de moteur \u00e9lectrique personnalis\u00e9 en fonction de la r\u00e9sistance et de la duret\u00e9 du mat\u00e9riau.<br \/>\nTaille et forme du bo\u00eetier : La taille et la forme du bo\u00eetier sont personnalis\u00e9es en fonction des besoins.<br \/>\n\u00c9paisseur de la paroi : L'\u00e9paisseur de la paroi de chaque partie de la coque est d\u00e9termin\u00e9e en fonction des exigences structurelles et de r\u00e9sistance.<br \/>\nPoids : Le poids total de la valise est personnalis\u00e9<br \/>\nTraitement de surface : m\u00e9thodes de traitement de surface, telles que l'anodisation, le rev\u00eatement \u00e9lectrophor\u00e9tique, la pulv\u00e9risation, etc.<br \/>\nPr\u00e9cision de traitement : 0,01<br \/>\nConception de la dissipation thermique : La conception des ailettes de dissipation de la chaleur ou d'autres structures de dissipation de la chaleur pour assurer l'effet de dissipation de la chaleur du moteur lorsqu'il fonctionne.<br \/>\nM\u00e9thode d'installation : La m\u00e9thode d'installation du bo\u00eetier, y compris la connexion par boulons, la conception \u00e0 ba\u00efonnette, etc.<\/p>","protected":false},"featured_media":4074,"template":"","meta":{"om_disable_all_campaigns":false,"_monsterinsights_skip_tracking":false,"_monsterinsights_sitenote_active":false,"_monsterinsights_sitenote_note":"","_monsterinsights_sitenote_category":0,"_uf_show_specific_survey":0,"_uf_disable_surveys":false,"site-sidebar-layout":"default","site-content-layout":"default","ast-global-header-display":"","ast-banner-title-visibility":"","ast-main-header-display":"","ast-hfb-above-header-display":"","ast-hfb-below-header-display":"","ast-hfb-mobile-header-display":"","site-post-title":"","ast-breadcrumbs-content":"","ast-featured-img":"","footer-sml-layout":"","theme-transparent-header-meta":"default","adv-header-id-meta":"","stick-header-meta":"","header-above-stick-meta":"","header-main-stick-meta":"","header-below-stick-meta":""},"product_cat":[18],"product_tag":[],"aioseo_notices":[],"_links":{"self":[{"href":"https:\/\/mnwell.com\/fr\/wp-json\/wp\/v2\/product\/4073"}],"collection":[{"href":"https:\/\/mnwell.com\/fr\/wp-json\/wp\/v2\/product"}],"about":[{"href":"https:\/\/mnwell.com\/fr\/wp-json\/wp\/v2\/types\/product"}],"wp:featuredmedia":[{"embeddable":true,"href":"https:\/\/mnwell.com\/fr\/wp-json\/wp\/v2\/media\/4074"}],"wp:attachment":[{"href":"https:\/\/mnwell.com\/fr\/wp-json\/wp\/v2\/media?parent=4073"}],"wp:term":[{"taxonomy":"product_cat","embeddable":true,"href":"https:\/\/mnwell.com\/fr\/wp-json\/wp\/v2\/product_cat?post=4073"},{"taxonomy":"product_tag","embeddable":true,"href":"https:\/\/mnwell.com\/fr\/wp-json\/wp\/v2\/product_tag?post=4073"}],"curies":[{"name":"wp","href":"https:\/\/api.w.org\/{rel}","templated":true}]}}