{"id":1909,"date":"2023-06-28T17:23:05","date_gmt":"2023-06-28T15:23:05","guid":{"rendered":"https:\/\/mnwell.com\/?post_type=product&#038;p=1909"},"modified":"2024-01-22T15:58:18","modified_gmt":"2024-01-22T14:58:18","slug":"plastic-injection-moulding-products","status":"publish","type":"product","link":"https:\/\/mnwell.com\/it\/prodotto\/plastic-injection-moulding-products\/","title":{"rendered":"Prodotti per lo stampaggio a iniezione di plastica"},"content":{"rendered":"<p>La tecnica di produzione flessibile ed efficace dello stampaggio a iniezione di materie plastiche consente di produrre una serie di prodotti in plastica. La plastica fusa viene iniettata in una cavit\u00e0 dello stampo, lasciata raffreddare e solidificare, e l'oggetto completato viene quindi espulso dallo stampo. I vantaggi dei componenti stampati a iniezione di plastica includono cicli di produzione rapidi, costi di produzione contenuti, un'ampia gamma di geometrie di prodotto complicate e varie e una grande efficienza nella produzione di massa. La grande produttivit\u00e0, l'economicit\u00e0 e la capacit\u00e0 di produrre forme complicate rendono questo processo popolare in un'ampia gamma di settori.<\/p>\n<p>Mindwell offre soluzioni di stampaggio a iniezione. La nostra azienda produce componenti in plastica stampati a iniezione, involucri, accessori e altri articoli personalizzati per diversi settori. \u00c8 in grado di lavorare e produrre componenti stampati a iniezione di varie dimensioni grazie alle sue presse a iniezione da 50-1300 tonnellate. Monitoriamo attentamente le ispezioni di qualit\u00e0 mentre personalizziamo la produzione per i clienti. Per garantire la qualit\u00e0 delle materie prime, iniziamo con la selezione dei materiali per lo stampaggio a iniezione e chiediamo ai fornitori di ciascun materiale di fornire i certificati necessari.<\/p>\n<p>Dalla progettazione e sviluppo di stampi alla produzione di massa, Mindwell offre servizi on-demand all-in-one che possono ridurre efficacemente i costi e fornire prezzi competitivi, garantendo al contempo la qualit\u00e0 del prodotto. Inoltre, l'intero sistema di servizi ci permette di garantire uno sviluppo regolare della produzione e delle vendite, fornendo stime tempestive e consegne puntuali. Il nostro team di ingegneri e manager post-vendita supervisiona il progetto dall'inizio alla fine. Tutte le e-mail vengono inoltrate agli ingegneri, consentendo una comunicazione rapida ed efficiente tra la produzione e la progettazione, nonch\u00e9 la risoluzione di problemi tecnici e preoccupazioni sulla qualit\u00e0 del prodotto. in modo tempestivo.<\/p>\n<p><img loading=\"lazy\" decoding=\"async\" class=\"alignnone wp-image-1910 size-full\" src=\"http:\/\/mnwell.com\/wp-content\/uploads\/2023\/06\/1-1.jpg\" alt=\"plastic injection moulding products\" width=\"800\" height=\"800\" srcset=\"https:\/\/mnwell.com\/wp-content\/uploads\/2023\/06\/1-1.jpg 800w, https:\/\/mnwell.com\/wp-content\/uploads\/2023\/06\/1-1-150x150.jpg 150w, https:\/\/mnwell.com\/wp-content\/uploads\/2023\/06\/1-1-768x768.jpg 768w, https:\/\/mnwell.com\/wp-content\/uploads\/2023\/06\/1-1-300x300.jpg 300w, https:\/\/mnwell.com\/wp-content\/uploads\/2023\/06\/1-1-600x600.jpg 600w, https:\/\/mnwell.com\/wp-content\/uploads\/2023\/06\/1-1-100x100.jpg 100w\" sizes=\"(max-width: 800px) 100vw, 800px\" \/><\/p>\n<p>&nbsp;<\/p>\n<h3>processo di personalizzazione<\/h3>\n<p>Forniamo servizi di trattamento superficiale, assemblaggio, debug e altri servizi per prodotti stampati a iniezione su misura.<\/p>\n<ul>\n<li>Specifiche di progettazione: Potete fornirci il materiale, le dimensioni, il colore e altri parametri dei componenti stampati a iniezione che desiderate, insieme ai requisiti di progettazione.<\/li>\n<li>Cooperazione per la quotazione: Designiamo esperti tecnici per valutare i componenti stampati a iniezione in base alle vostre specifiche. Preventivo veloce e guida esperta<\/li>\n<li>Produzione di stampi: Dopo la conferma della collaborazione, inizieremo a produrre gli stampi necessari per i componenti stampati a iniezione.<\/li>\n<li>Produzione e prototipazione: Il cliente pu\u00f2 chiedere al produttore di occuparsi della produzione e delle prove di stampa dopo la creazione dello stampo.<\/li>\n<li>Produzione: Il campione verr\u00e0 inviato al cliente. Una volta che il test soddisfa le vostre aspettative, possiamo procedere con la produzione ufficiale di massa.<\/li>\n<li>Controllo di qualit\u00e0: Per garantire che i prodotti soddisfino le specifiche e gli standard del cliente, verifichiamo rigorosamente i pezzi stampati a iniezione durante l'intero processo di produzione. Questo include il controllo delle dimensioni, dell'aspetto, delle prestazioni e di altri aspetti dei pezzi. Inoltre, vi forniremo aggiornamenti in tempo reale sul processo di produzione del prodotto.<\/li>\n<li>Imballaggio e spedizione: Al termine dell'ispezione di qualit\u00e0, il produttore confeziona i componenti stampati a iniezione e organizza la spedizione. Per evitare danni durante il trasporto, i componenti stampati a iniezione sono spesso imballati in scatole di legno, cartoni o pluriball.<\/li>\n<\/ul>\n<p><img loading=\"lazy\" decoding=\"async\" class=\"alignnone wp-image-1911 size-full\" src=\"http:\/\/mnwell.com\/wp-content\/uploads\/2023\/06\/1-2.jpg\" alt=\"Plastic Injection Moulding Products-2\" width=\"800\" height=\"800\" srcset=\"https:\/\/mnwell.com\/wp-content\/uploads\/2023\/06\/1-2.jpg 800w, https:\/\/mnwell.com\/wp-content\/uploads\/2023\/06\/1-2-150x150.jpg 150w, https:\/\/mnwell.com\/wp-content\/uploads\/2023\/06\/1-2-768x768.jpg 768w, https:\/\/mnwell.com\/wp-content\/uploads\/2023\/06\/1-2-300x300.jpg 300w, https:\/\/mnwell.com\/wp-content\/uploads\/2023\/06\/1-2-600x600.jpg 600w, https:\/\/mnwell.com\/wp-content\/uploads\/2023\/06\/1-2-100x100.jpg 100w\" sizes=\"(max-width: 800px) 100vw, 800px\" \/><\/p>\n<p>&nbsp;<\/p>\n<h3>Applicazione<\/h3>\n<p>Poich\u00e9 la nostra azienda fornisce servizi di stampaggio a iniezione personalizzati, anche l'applicazione delle parti di stampaggio a iniezione \u00e8 molto ampia e possiamo fornire le parti di stampaggio a iniezione richieste in base ai requisiti, quindi i prodotti di stampaggio a iniezione che produciamo sono ampiamente utilizzati in vari settori. Ad esempio, i pi\u00f9 comuni sono i seguenti:<\/p>\n<ol>\n<li>Industria automobilistica: Il <a href=\"https:\/\/mnwell.com\/it\/automotive-industry\/\">parti stampate ad iniezione di automobili<\/a> sono i pi\u00f9 utilizzati, come l'uscita dell'aria del condizionatore dell'automobile, l'alloggiamento dello specchietto retrovisore, le parti interne, l'alloggiamento del controllo principale, ecc.<\/li>\n<li>Apparecchiature elettroniche: I prodotti per lo stampaggio a iniezione sono spesso utilizzati nel settore degli apparecchi elettronici, compresi gli involucri e i pulsanti di prodotti elettronici come telefoni cellulari, TV e computer.<\/li>\n<li>Prodotti per l'arredamento: Alcuni prodotti in plastica comunemente presenti nei prodotti per la casa, come sedie, tavoli, gusci di lavatrici, gusci di aspirapolvere, ecc. sono solitamente prodotti stampati a iniezione.<\/li>\n<li>Dispositivi medici: Esistono molti dispositivi medici, come siringhe, set per infusione, involucri di dispositivi medici, ecc.<\/li>\n<li>Serie sicurezza: custodia per telecamera, accessori per telecamera, ecc.<\/li>\n<\/ol>\n<p><img loading=\"lazy\" decoding=\"async\" class=\"alignnone size-full wp-image-957\" src=\"http:\/\/mnwell.com\/wp-content\/uploads\/2023\/05\/AYU9590-1.jpg\" alt=\"injection molding machine\" width=\"750\" height=\"500\" srcset=\"https:\/\/mnwell.com\/wp-content\/uploads\/2023\/05\/AYU9590-1.jpg 750w, https:\/\/mnwell.com\/wp-content\/uploads\/2023\/05\/AYU9590-1-600x400.jpg 600w\" sizes=\"(max-width: 750px) 100vw, 750px\" \/><\/p>\n<p>&nbsp;<\/p>\n<h4>Garanzia di qualit\u00e0 e personalizzazione<\/h4>\n<p>I produttori di articoli per lo stampaggio a iniezione di materie plastiche adottano rigorose procedure di controllo della qualit\u00e0 per garantire la qualit\u00e0 dei prodotti. Ci\u00f2 comporta la valutazione della correttezza dimensionale e della resistenza dei prodotti finali, il controllo dei parametri di processo e l'ispezione periodica degli stampi. I produttori possono anche aggiungere elementi come loghi, texture e varianti di colore per personalizzare ulteriormente gli articoli.<\/p>\n<h4>\nConsiderazioni ambientali<\/h4>\n<p>\u00c8 possibile sviluppare e produrre articoli di stampaggio a iniezione di plastica tenendo conto dell'ambiente. Per aumentare l'ecocompatibilit\u00e0 del prodotto, i produttori possono aggiungere additivi biodegradabili o utilizzare componenti in plastica riciclata. Inoltre, la procedura stessa produce pochissimi rifiuti, poich\u00e9 la plastica in eccesso pu\u00f2 essere riciclata o riutilizzata.<\/p>\n<p>&nbsp;<\/p>\n<h3>Conclusione<\/h3>\n<p>Lo stampaggio a iniezione di materie plastiche offre numerosi vantaggi, come grandi quantit\u00e0 di produzione, variet\u00e0 di materiali e capacit\u00e0 di produrre forme complesse. Questi prodotti sono ampiamente utilizzati in molti settori diversi e sono essenziali per la nostra esistenza quotidiana. I produttori possono continuare a offrire soluzioni di stampaggio a iniezione di materie plastiche creative ed ecologiche, mantenendo il controllo della qualit\u00e0 e tenendo conto delle considerazioni ambientali.<\/p>\n<p>&nbsp;<\/p>","protected":false},"excerpt":{"rendered":"<p>produzione personalizzata di prodotti di stampaggio a iniezione di materie plastiche, come parti in plastica, involucri in plastica, accessori in plastica, ecc. in vari settori industriali.<br \/>\nLa nostra azienda dispone di 50-1300 tonnellate di macchine per lo stampaggio a iniezione, in grado di soddisfare la lavorazione e la produzione di pezzi stampati a iniezione di diverse dimensioni. Nel processo di personalizzazione della produzione per i clienti, controlliamo rigorosamente l'ispezione della qualit\u00e0. A partire dalla selezione dei materiali per lo stampaggio a iniezione, richiediamo ai fornitori di ogni materiale di fornire la relativa certificazione per garantire la qualit\u00e0 delle materie prime.<\/p>","protected":false},"featured_media":1910,"template":"","meta":{"om_disable_all_campaigns":false,"_monsterinsights_skip_tracking":false,"_monsterinsights_sitenote_active":false,"_monsterinsights_sitenote_note":"","_monsterinsights_sitenote_category":0,"_uf_show_specific_survey":0,"_uf_disable_surveys":false,"site-sidebar-layout":"default","site-content-layout":"default","ast-global-header-display":"","ast-banner-title-visibility":"","ast-main-header-display":"","ast-hfb-above-header-display":"","ast-hfb-below-header-display":"","ast-hfb-mobile-header-display":"","site-post-title":"","ast-breadcrumbs-content":"","ast-featured-img":"","footer-sml-layout":"","theme-transparent-header-meta":"default","adv-header-id-meta":"","stick-header-meta":"","header-above-stick-meta":"","header-main-stick-meta":"","header-below-stick-meta":""},"product_cat":[19],"product_tag":[],"aioseo_notices":[],"_links":{"self":[{"href":"https:\/\/mnwell.com\/it\/wp-json\/wp\/v2\/product\/1909"}],"collection":[{"href":"https:\/\/mnwell.com\/it\/wp-json\/wp\/v2\/product"}],"about":[{"href":"https:\/\/mnwell.com\/it\/wp-json\/wp\/v2\/types\/product"}],"wp:featuredmedia":[{"embeddable":true,"href":"https:\/\/mnwell.com\/it\/wp-json\/wp\/v2\/media\/1910"}],"wp:attachment":[{"href":"https:\/\/mnwell.com\/it\/wp-json\/wp\/v2\/media?parent=1909"}],"wp:term":[{"taxonomy":"product_cat","embeddable":true,"href":"https:\/\/mnwell.com\/it\/wp-json\/wp\/v2\/product_cat?post=1909"},{"taxonomy":"product_tag","embeddable":true,"href":"https:\/\/mnwell.com\/it\/wp-json\/wp\/v2\/product_tag?post=1909"}],"curies":[{"name":"wp","href":"https:\/\/api.w.org\/{rel}","templated":true}]}}