{"id":1940,"date":"2023-07-01T11:50:59","date_gmt":"2023-07-01T09:50:59","guid":{"rendered":"https:\/\/mnwell.com\/?post_type=product&#038;p=1940"},"modified":"2023-07-01T11:52:34","modified_gmt":"2023-07-01T09:52:34","slug":"die-cast-aluminum-heat-sink","status":"publish","type":"product","link":"https:\/\/mnwell.com\/it\/prodotto\/die-cast-aluminum-heat-sink\/","title":{"rendered":"dissipatore di calore in alluminio pressofuso"},"content":{"rendered":"<p>La nostra azienda ha una ricca esperienza nella progettazione e nella produzione di prodotti in alluminio pressofuso. <a href=\"https:\/\/mnwell.com\/it\/heat-sink\/\">dissipatori di calore<\/a>. Abbiamo fornito servizi personalizzati di dissipatori di calore in alluminio pressofuso a molti clienti in tutto il mondo. Essi ci inviano i disegni di progetto o i campioni di dissipatori di calore in alluminio di cui hanno bisogno. I nostri ingegneri fanno rapidamente un preventivo e danno suggerimenti ragionevoli in base alle caratteristiche delle parti in alluminio. Attualmente, il <a href=\"https:\/\/mnwell.com\/it\/what-is-aluminum-die-cast-housing\/\">alluminio pressofuso<\/a> Il dissipatore di calore esportato dalla nostra azienda viene utilizzato nel controllo principale dell'automobile, nelle apparecchiature elettroniche, nei computer, nel sistema di illuminazione a LED e in altre industrie.<\/p>\n<p><img loading=\"lazy\" decoding=\"async\" class=\"alignnone wp-image-1944\" src=\"http:\/\/mnwell.com\/wp-content\/uploads\/2023\/07\/AYU9498.jpg\" alt=\"die cast heat sink\" width=\"600\" height=\"600\" srcset=\"https:\/\/mnwell.com\/wp-content\/uploads\/2023\/07\/AYU9498.jpg 800w, https:\/\/mnwell.com\/wp-content\/uploads\/2023\/07\/AYU9498-150x150.jpg 150w, https:\/\/mnwell.com\/wp-content\/uploads\/2023\/07\/AYU9498-768x768.jpg 768w, https:\/\/mnwell.com\/wp-content\/uploads\/2023\/07\/AYU9498-300x300.jpg 300w, https:\/\/mnwell.com\/wp-content\/uploads\/2023\/07\/AYU9498-600x600.jpg 600w, https:\/\/mnwell.com\/wp-content\/uploads\/2023\/07\/AYU9498-100x100.jpg 100w\" sizes=\"(max-width: 600px) 100vw, 600px\" \/><\/p>\n<h3><\/h3>\n<h3>Perch\u00e9 i dissipatori di calore utilizzano la tecnologia della pressofusione?<\/h3>\n<p>Perch\u00e9 il processo di pressofusione pu\u00f2 formare forme complesse e dissipatori di calore, che aumentano la superficie per una migliore dissipazione del calore. Se si personalizza il dissipatore di calore in alluminio, questo deve essere utilizzato anche per le apparecchiature elettroniche per dissipare il calore generato dai componenti elettronici. Oppure per il trasferimento di calore di altre apparecchiature. In questo momento, il processo di pressofusione \u00e8 in grado di produrre parti a forma di alette e vengono utilizzati materiali in alluminio. Tutti sappiamo che l'alluminio \u00e8 uno dei materiali pi\u00f9 adatti alla pressofusione. Grazie alla sua leggerezza, alla resistenza alla corrosione e alle caratteristiche di rapida dissipazione del calore, garantisce un efficace raffreddamento delle apparecchiature elettroniche, assicurando le migliori prestazioni e la durata delle parti che generano calore, prevenendone il surriscaldamento. Vi suggeriamo quindi di utilizzare il processo di pressofusione dell'alluminio per il dissipatore di calore che desiderate personalizzare. Naturalmente, se avete requisiti per altri materiali o processi, possiamo anche soddisfare le vostre esigenze, perch\u00e9 siamo un produttore on-demand di componenti hardware.<\/p>\n<p>&nbsp;<\/p>\n<h3>Perch\u00e9 trovare i dissipatori di calore personalizzati in alluminio pressofuso di MindWell<\/h3>\n<p>&nbsp;<\/p>\n<ul>\n<li>Professionalit\u00e0: MindWell \u00e8 un'azienda specializzata in <a href=\"https:\/\/mnwell.com\/it\/custom-die-casting\/\">servizi personalizzati di pressofusione di alluminio<\/a>. Abbiamo una ricca esperienza e una tecnologia professionale. L'azienda \u00e8 impegnata nel settore della pressofusione da oltre dieci anni. Dispone di diverse macchine per la pressofusione e di attrezzature per la lavorazione secondaria, in grado di fornire prodotti e soluzioni di pressofusione di alta qualit\u00e0.<\/li>\n<li>Requisiti di personalizzazione: L'applicazione dei dissipatori di calore \u00e8 ancora molto ampia. I requisiti di dissipazione del calore di ciascun componente elettronico riscaldante, comprese le dimensioni e la forma, possono essere diversi, quindi \u00e8 necessario personalizzarli in base a requisiti specifici. MindWell \u00e8 in grado di fornire tali servizi personalizzati, poich\u00e9 ha gi\u00e0 una grande esperienza di personalizzazione dei clienti, quindi pu\u00f2 progettare e produrre in base alle esigenze del cliente, e la sua esperienza e la sua tecnologia matura possono garantire le prestazioni e l'idoneit\u00e0 dei dissipatori di calore Compatibilit\u00e0.<\/li>\n<li>Effetto di dissipazione del calore: La qualit\u00e0 e il design del dissipatore di calore influiscono direttamente sull'effetto di dissipazione del calore del prodotto. I nostri ingegneri hanno un piano perfetto per il principio e il design del dissipatore di calore. Diversi problemi minori sono gi\u00e0 stati risolti e ottimizzati nella produzione dei clienti passati. Attualmente, abbiamo una grande familiarit\u00e0 con la progettazione e la produzione di dissipatori di calore e l'efficienza \u00e8 molto elevata.<\/li>\n<li>Qualit\u00e0 e affidabilit\u00e0 del prodotto: L'esperienza \u00e8 molto importante nella pressofusione, perch\u00e9 il processo di pressofusione \u00e8 un processo di sperimentazione e sviluppo continuo. MindWell ha iniziato a fornire servizi di pressofusione di alluminio a clienti globali pi\u00f9 di dieci anni fa. Tra questi, anche il volume delle esportazioni di dissipatori di calore continua a progredire. Perch\u00e9 i nostri clienti hanno effettuato ordini con noi per molti anni, e gli stampi sono ancora nella nostra fabbrica, a causa della fiducia, perch\u00e9 crediamo di poter fornire dissipatori di calore di alta qualit\u00e0. Il fatto \u00e8 anche vero, non abbiamo mai deluso i nostri clienti, la nostra fabbrica continua a fornire una tecnologia di pressofusione professionale e l'introduzione di attrezzature di pressofusione ad alte prestazioni, controllo di qualit\u00e0 e test nella produzione per garantire la qualit\u00e0 e l'affidabilit\u00e0 del prodotto, migliorare la durata e le prestazioni del prodotto per garantire la qualit\u00e0 del prodotto.<\/li>\n<li>Controllo dei costi: Dalla progettazione del team di ingegneri, alle vendite post-vendita, al reparto di produzione e al reparto di controllo qualit\u00e0, disponiamo gi\u00e0 di un sistema di produzione snello per evitare sprechi di costi non validi, in modo da poter ridurre al minimo il costo di produzione, e pu\u00f2 essere personalizzato in base ai requisiti di budget del cliente per aiutare i clienti a raggiungere un equilibrio tra costi e prestazioni e fornire la soluzione migliore.<\/li>\n<\/ul>\n<p>In sintesi, scegliendo il dissipatore di calore in alluminio pressofuso personalizzato MindWell \u00e8 possibile soddisfare le specifiche esigenze di dissipazione del calore e ottenere prodotti affidabili e di alta qualit\u00e0. Non vediamo l'ora di collaborare con voi.<\/p>\n<p><img loading=\"lazy\" decoding=\"async\" class=\"alignnone size-full wp-image-1945\" src=\"http:\/\/mnwell.com\/wp-content\/uploads\/2023\/07\/AYU9494.jpg\" alt=\"cast aluminum heat sink\" width=\"800\" height=\"800\" srcset=\"https:\/\/mnwell.com\/wp-content\/uploads\/2023\/07\/AYU9494.jpg 800w, https:\/\/mnwell.com\/wp-content\/uploads\/2023\/07\/AYU9494-150x150.jpg 150w, https:\/\/mnwell.com\/wp-content\/uploads\/2023\/07\/AYU9494-768x768.jpg 768w, https:\/\/mnwell.com\/wp-content\/uploads\/2023\/07\/AYU9494-300x300.jpg 300w, https:\/\/mnwell.com\/wp-content\/uploads\/2023\/07\/AYU9494-600x600.jpg 600w, https:\/\/mnwell.com\/wp-content\/uploads\/2023\/07\/AYU9494-100x100.jpg 100w\" sizes=\"(max-width: 800px) 100vw, 800px\" \/><\/p>\n<p>&nbsp;<\/p>","protected":false},"excerpt":{"rendered":"<p>La nostra azienda ha una ricca esperienza nella progettazione e nella produzione di dissipatori di calore in alluminio pressofuso. Abbiamo fornito servizi personalizzati di dissipatori di calore in alluminio pressofuso a molti clienti in tutto il mondo. Essi ci inviano i disegni di progetto o i campioni di dissipatori di calore in alluminio di cui hanno bisogno. I nostri ingegneri fanno rapidamente un preventivo e danno suggerimenti ragionevoli in base alle caratteristiche dei componenti in alluminio. Attualmente, il <a href=\"https:\/\/mnwell.com\/it\/what-is-aluminum-die-cast-housing\/\">alluminio pressofuso<\/a> Il dissipatore di calore esportato dalla nostra azienda viene utilizzato nel controllo principale dell'automobile, nelle apparecchiature elettroniche, nei computer, nel sistema di illuminazione a LED e in altre industrie.<\/p>","protected":false},"featured_media":1943,"template":"","meta":{"om_disable_all_campaigns":false,"_monsterinsights_skip_tracking":false,"_monsterinsights_sitenote_active":false,"_monsterinsights_sitenote_note":"","_monsterinsights_sitenote_category":0,"_uf_show_specific_survey":0,"_uf_disable_surveys":false,"site-sidebar-layout":"default","site-content-layout":"default","ast-global-header-display":"","ast-banner-title-visibility":"","ast-main-header-display":"","ast-hfb-above-header-display":"","ast-hfb-below-header-display":"","ast-hfb-mobile-header-display":"","site-post-title":"","ast-breadcrumbs-content":"","ast-featured-img":"","footer-sml-layout":"","theme-transparent-header-meta":"default","adv-header-id-meta":"","stick-header-meta":"","header-above-stick-meta":"","header-main-stick-meta":"","header-below-stick-meta":""},"product_cat":[18],"product_tag":[37,38],"aioseo_notices":[],"_links":{"self":[{"href":"https:\/\/mnwell.com\/it\/wp-json\/wp\/v2\/product\/1940"}],"collection":[{"href":"https:\/\/mnwell.com\/it\/wp-json\/wp\/v2\/product"}],"about":[{"href":"https:\/\/mnwell.com\/it\/wp-json\/wp\/v2\/types\/product"}],"wp:featuredmedia":[{"embeddable":true,"href":"https:\/\/mnwell.com\/it\/wp-json\/wp\/v2\/media\/1943"}],"wp:attachment":[{"href":"https:\/\/mnwell.com\/it\/wp-json\/wp\/v2\/media?parent=1940"}],"wp:term":[{"taxonomy":"product_cat","embeddable":true,"href":"https:\/\/mnwell.com\/it\/wp-json\/wp\/v2\/product_cat?post=1940"},{"taxonomy":"product_tag","embeddable":true,"href":"https:\/\/mnwell.com\/it\/wp-json\/wp\/v2\/product_tag?post=1940"}],"curies":[{"name":"wp","href":"https:\/\/api.w.org\/{rel}","templated":true}]}}