{"id":1989,"date":"2023-07-09T11:20:34","date_gmt":"2023-07-09T09:20:34","guid":{"rendered":"https:\/\/mnwell.com\/?post_type=product&#038;p=1989"},"modified":"2023-07-09T11:20:35","modified_gmt":"2023-07-09T09:20:35","slug":"automotive-parts-die-casting","status":"publish","type":"product","link":"https:\/\/mnwell.com\/it\/prodotto\/automotive-parts-die-casting\/","title":{"rendered":"Parti automobilistiche in pressofusione"},"content":{"rendered":"<p>La pressofusione di componenti auto pu\u00f2 raggiungere applicazioni di alta precisione, alta resistenza e alta qualit\u00e0, fornendo un forte supporto all'industria automobilistica. I requisiti di sicurezza e funzionalit\u00e0 per la produzione di componenti per automobili, motocicli e altri veicoli sono pi\u00f9 elevati, per cui il processo di pressofusione \u00e8 particolarmente adatto alla progettazione e alla produzione di componenti per auto.<\/p>\n<h3>Processo di pressofusione di ricambi auto<\/h3>\n<p>Il processo di pressofusione dei componenti auto comprende principalmente quattro fasi: costruzione dello stampo, iniezione del metallo liquido, polimerizzazione e sformatura. Uno degli elementi pi\u00f9 importanti \u00e8 la costruzione degli stampi. Gli stampi necessari per la pressofusione dei ricambi auto devono avere caratteristiche di alta precisione, alta resistenza e alta stabilit\u00e0. La produzione di ogni stampo deve essere sottoposta a rigorosi test e debug per garantire che i prodotti di pressofusione soddisfino i requisiti di qualit\u00e0.<\/p>\n<p><img loading=\"lazy\" decoding=\"async\" class=\"alignnone size-full wp-image-1990\" src=\"http:\/\/mnwell.com\/wp-content\/uploads\/2023\/07\/magnesium-die-casting-part-picture-\u526f\u672c.jpg\" alt=\"automotive parts die casting\" width=\"800\" height=\"800\" srcset=\"https:\/\/mnwell.com\/wp-content\/uploads\/2023\/07\/magnesium-die-casting-part-picture-\u526f\u672c.jpg 800w, https:\/\/mnwell.com\/wp-content\/uploads\/2023\/07\/magnesium-die-casting-part-picture-\u526f\u672c-150x150.jpg 150w, https:\/\/mnwell.com\/wp-content\/uploads\/2023\/07\/magnesium-die-casting-part-picture-\u526f\u672c-768x768.jpg 768w, https:\/\/mnwell.com\/wp-content\/uploads\/2023\/07\/magnesium-die-casting-part-picture-\u526f\u672c-300x300.jpg 300w, https:\/\/mnwell.com\/wp-content\/uploads\/2023\/07\/magnesium-die-casting-part-picture-\u526f\u672c-600x600.jpg 600w, https:\/\/mnwell.com\/wp-content\/uploads\/2023\/07\/magnesium-die-casting-part-picture-\u526f\u672c-100x100.jpg 100w\" sizes=\"(max-width: 800px) 100vw, 800px\" \/><\/p>\n<h4>parametro<\/h4>\n<ul>\n<li>120-2500 tonnellate di macchina per la pressofusione<\/li>\n<li>Assistenza software Pro-e\/Solid Work\/UG\/Auto CAD\/CATIA<\/li>\n<li>A319, A356, A360, A369, A380, A383, A384, A413, A535, 44300, 44300, 46000, AlSi9Mg, AlSi9Cu3, ADC12, ZL102, ZL104, ZL108, Zamak2,3,5,7, ecc.<\/li>\n<li>Opzioni di finitura superficiale: Sbavatura, sabbiatura, paiting, anodizzazione elettroforetica<\/li>\n<li>Industria automobilistica, biciclette e motociclette, porte e finestre e mobili, elettrodomestici, contatori di gas, utensili elettrici, illuminazione a LED, componenti di strumenti medici e cos\u00ec via.<\/li>\n<li>Controllo di qualit\u00e0: l'ispezione 100%, il controllo viene effettuato durante il processo di produzione, dopo la superficie e prima dell'imballaggio.<\/li>\n<\/ul>\n<p><img loading=\"lazy\" decoding=\"async\" class=\"alignnone size-full wp-image-1975\" src=\"http:\/\/mnwell.com\/wp-content\/uploads\/2023\/07\/01.jpg\" alt=\"\" width=\"800\" height=\"800\" srcset=\"https:\/\/mnwell.com\/wp-content\/uploads\/2023\/07\/01.jpg 800w, https:\/\/mnwell.com\/wp-content\/uploads\/2023\/07\/01-150x150.jpg 150w, https:\/\/mnwell.com\/wp-content\/uploads\/2023\/07\/01-768x768.jpg 768w, https:\/\/mnwell.com\/wp-content\/uploads\/2023\/07\/01-300x300.jpg 300w, https:\/\/mnwell.com\/wp-content\/uploads\/2023\/07\/01-600x600.jpg 600w, https:\/\/mnwell.com\/wp-content\/uploads\/2023\/07\/01-100x100.jpg 100w\" sizes=\"(max-width: 800px) 100vw, 800px\" \/><\/p>\n<h5>Vantaggi del processo di pressofusione per la produzione di ricambi auto<\/h5>\n<p>Il processo di pressofusione presenta molteplici vantaggi nella produzione di ricambi auto, tanto che molti pezzi di ricambio per auto sono quasi tutti realizzati in pressofusione. Insieme alle caratteristiche della produzione di massa nell'industria automobilistica, la progettazione e la fabbricazione di stampi per pressofusione possono risolvere i problemi di precisione e consistenza dei ricambi auto, di rapidit\u00e0 del ciclo produttivo, di realizzazione di forme geometriche complesse, ecc.<\/p>\n<ul>\n<li>Geometrie complesse: Il processo di pressofusione \u00e8 in grado di produrre componenti auto con geometrie complesse. Utilizzando uno stampo e iniettando metallo fuso nella cavit\u00e0 dello stampo, \u00e8 possibile ottenere forme precise dei pezzi, comprese strutture a pareti sottili, cavit\u00e0 interne, piccoli dettagli, ecc.<\/li>\n<li>Ciclo di produzione veloce: Una volta realizzato lo stampo, \u00e8 in grado di produrre in modo rapido e continuo grandi quantit\u00e0 di componenti auto. Rispetto ad altri processi produttivi, come la fusione e la lavorazione, la pressofusione pu\u00f2 soddisfare pi\u00f9 rapidamente le richieste del mercato e migliorare l'efficienza produttiva.<\/li>\n<li>Precisione e coerenza: Il processo di pressofusione consente di ottenere componenti auto altamente precisi. Grazie a precisi parametri di stampo e controllo, \u00e8 possibile ottenere la costanza delle dimensioni, della forma e della qualit\u00e0 dei pezzi. Questo aspetto \u00e8 molto importante per i componenti auto che richiedono un accoppiamento di alta precisione, un assemblaggio raffinato e buone prestazioni.<\/li>\n<li>Selezione dei materiali e ottimizzazione delle prestazioni: Il processo di pressofusione pu\u00f2 utilizzare una variet\u00e0 di leghe metalliche, come leghe di alluminio, leghe di magnesio, leghe di rame e cos\u00ec via, per soddisfare i requisiti delle diverse applicazioni. Ogni materiale ha specifiche propriet\u00e0 meccaniche, resistenza alla corrosione, conduttivit\u00e0 termica e altro ancora. Le prestazioni del raccordo possono essere ulteriormente ottimizzate attraverso la scelta del materiale e il trattamento termico.<\/li>\n<li>Design leggero e ottimizzato: Il processo di pressofusione pu\u00f2 produrre componenti auto leggeri. L'uso di materiali leggeri come le leghe di alluminio e magnesio pu\u00f2 ridurre il peso del veicolo e migliorare il risparmio di carburante e le prestazioni. Inoltre, il processo di pressofusione pu\u00f2 anche ottimizzare il design del pezzo per ottenere l'ottimizzazione della struttura del pezzo e l'uso efficace dei materiali.<\/li>\n<li>Alta resistenza e durata: Il processo di pressofusione pu\u00f2 produrre componenti auto ad alta resistenza e durata. L'uso di leghe metalliche consente di ottenere parti pressofuse con eccellenti propriet\u00e0 meccaniche in grado di sopportare carichi elevati e condizioni estreme. Ci\u00f2 rende i pezzi pressofusi adatti ai requisiti dell'industria automobilistica, comprese le strutture della carrozzeria, i componenti del motore, i sistemi di sospensione e altro ancora.<\/li>\n<\/ul>\n<h5><\/h5>\n<h5>Siamo un'azienda professionale di pressofusione<\/h5>\n<p>In qualit\u00e0 di azienda professionale di pressofusione, MINDWELL si impegna a fornire parti di pressofusione della migliore qualit\u00e0 per l'industria automobilistica. Utilizziamo una tecnologia di pressofusione all'avanguardia per garantire che ogni pezzo sia prodotto con precisione. I nostri pezzi pressofusi sono ampiamente utilizzati nell'industria automobilistica, tra cui vari componenti del motore, componenti della trasmissione, componenti del telaio, sistemi frenanti e altri accessori. Scegliete la nostra azienda perch\u00e9 abbiamo i seguenti vantaggi:<\/p>\n<ol>\n<li>Processo di produzione efficiente, dalla progettazione iniziale alla consegna finale, ogni fase garantisce che ogni pezzo soddisfi le vostre esigenze<\/li>\n<li>Un team di ingegneri altamente specializzato e con esperienza nella produzione che garantisce che ogni pezzo di pressofusione di alluminio sia ben fatto e funzioni bene.<\/li>\n<li>Il team di controllo qualit\u00e0 avanzato, attraverso test e ispezioni precise, garantisce che ogni pezzo possa lavorare in sicurezza per lungo tempo.<\/li>\n<li>Forniamo un servizio completo one-stop dalla produzione di campioni alla produzione di massa nel processo di produzione, compreso il successivo trattamento superficiale, ecc.<\/li>\n<li>Disponiamo di un processo di produzione professionale per la pressofusione e di attrezzature avanzate per le macchine per la pressofusione, che ci consentono di produrre pezzi di alta qualit\u00e0 nel pi\u00f9 breve tempo possibile.<\/li>\n<\/ol>\n<p><img loading=\"lazy\" decoding=\"async\" class=\"alignnone size-full wp-image-1953\" src=\"http:\/\/mnwell.com\/wp-content\/uploads\/2023\/07\/AYU9598.jpg\" alt=\"mindwell die casting factory\" width=\"750\" height=\"500\" srcset=\"https:\/\/mnwell.com\/wp-content\/uploads\/2023\/07\/AYU9598.jpg 750w, https:\/\/mnwell.com\/wp-content\/uploads\/2023\/07\/AYU9598-600x400.jpg 600w\" sizes=\"(max-width: 750px) 100vw, 750px\" \/><\/p>","protected":false},"excerpt":{"rendered":"<p>Die-casting of auto parts can achieve high-precision, high-strength and high-quality parts applications, providing strong support for the automotive industry. We have higher safety and functional requirements for the production of parts for automobiles, motorcycles and other vehicles, so the die-casting process is just suitable for the design and production of auto parts. Auto Parts Die &hellip;<\/p>\n<p class=\"read-more\"> <a class=\"\" href=\"https:\/\/mnwell.com\/it\/prodotto\/automotive-parts-die-casting\/\"> <span class=\"screen-reader-text\">Parti automobilistiche in pressofusione<\/span> Leggi altro \"<\/a><\/p>","protected":false},"featured_media":1990,"template":"","meta":{"om_disable_all_campaigns":false,"_monsterinsights_skip_tracking":false,"_monsterinsights_sitenote_active":false,"_monsterinsights_sitenote_note":"","_monsterinsights_sitenote_category":0,"_uf_show_specific_survey":0,"_uf_disable_surveys":false,"site-sidebar-layout":"default","site-content-layout":"default","ast-global-header-display":"","ast-banner-title-visibility":"","ast-main-header-display":"","ast-hfb-above-header-display":"","ast-hfb-below-header-display":"","ast-hfb-mobile-header-display":"","site-post-title":"","ast-breadcrumbs-content":"","ast-featured-img":"","footer-sml-layout":"","theme-transparent-header-meta":"default","adv-header-id-meta":"","stick-header-meta":"","header-above-stick-meta":"","header-main-stick-meta":"","header-below-stick-meta":""},"product_cat":[18],"product_tag":[58,61,59,60,57],"aioseo_notices":[],"_links":{"self":[{"href":"https:\/\/mnwell.com\/it\/wp-json\/wp\/v2\/product\/1989"}],"collection":[{"href":"https:\/\/mnwell.com\/it\/wp-json\/wp\/v2\/product"}],"about":[{"href":"https:\/\/mnwell.com\/it\/wp-json\/wp\/v2\/types\/product"}],"wp:featuredmedia":[{"embeddable":true,"href":"https:\/\/mnwell.com\/it\/wp-json\/wp\/v2\/media\/1990"}],"wp:attachment":[{"href":"https:\/\/mnwell.com\/it\/wp-json\/wp\/v2\/media?parent=1989"}],"wp:term":[{"taxonomy":"product_cat","embeddable":true,"href":"https:\/\/mnwell.com\/it\/wp-json\/wp\/v2\/product_cat?post=1989"},{"taxonomy":"product_tag","embeddable":true,"href":"https:\/\/mnwell.com\/it\/wp-json\/wp\/v2\/product_tag?post=1989"}],"curies":[{"name":"wp","href":"https:\/\/api.w.org\/{rel}","templated":true}]}}