{"id":2184,"date":"2023-07-22T10:46:56","date_gmt":"2023-07-22T08:46:56","guid":{"rendered":"https:\/\/mnwell.com\/?post_type=product&#038;p=2184"},"modified":"2023-07-22T10:46:56","modified_gmt":"2023-07-22T08:46:56","slug":"cnc-aluminum-keyboard-case","status":"publish","type":"product","link":"https:\/\/mnwell.com\/it\/prodotto\/cnc-aluminum-keyboard-case\/","title":{"rendered":"Custodia per tastiera in alluminio cnc"},"content":{"rendered":"<p>Le nostre custodie per tastiera sono sapientemente lavorate a CNC con alluminio di prima qualit\u00e0, per garantire un'eccezionale resistenza e durevolezza, oltre a vantare un design attraente ed elegante. Queste custodie sono progettate specificamente per adattarsi perfettamente a una variet\u00e0 di modelli di tastiera.<\/p>\n<p>Il nostro impianto di lavorazione CNC \u00e8 specializzato nella produzione di custodie per tastiere in alluminio personalizzate per telefoni cellulari, tablet, altoparlanti e altri dispositivi elettronici. Offriamo diversi materiali e possiamo creare design personalizzati per soddisfare requisiti specifici. Il processo di produzione delle custodie per tastiere in alluminio \u00e8 fondamentale per ottenere l'aspetto e la funzionalit\u00e0 desiderati. A seconda della quantit\u00e0 necessaria, si possono adottare diversi metodi di produzione, come la produzione di prototipi o di piccoli lotti.<\/p>\n<p><img loading=\"lazy\" decoding=\"async\" class=\"alignnone size-full wp-image-2185\" src=\"http:\/\/mnwell.com\/wp-content\/uploads\/2023\/07\/\u952e\u76d81.jpg\" alt=\"cnc keyboard case\" width=\"750\" height=\"750\" srcset=\"https:\/\/mnwell.com\/wp-content\/uploads\/2023\/07\/\u952e\u76d81.jpg 750w, https:\/\/mnwell.com\/wp-content\/uploads\/2023\/07\/\u952e\u76d81-150x150.jpg 150w, https:\/\/mnwell.com\/wp-content\/uploads\/2023\/07\/\u952e\u76d81-300x300.jpg 300w, https:\/\/mnwell.com\/wp-content\/uploads\/2023\/07\/\u952e\u76d81-600x600.jpg 600w, https:\/\/mnwell.com\/wp-content\/uploads\/2023\/07\/\u952e\u76d81-100x100.jpg 100w\" sizes=\"(max-width: 750px) 100vw, 750px\" \/><\/p>\n<h3><\/h3>\n<h3>Scatola per tastiera CNC personalizzata<\/h3>\n<p>Siamo specializzati nella creazione di custodie per tastiere in alluminio lavorate a CNC in base alle vostre specifiche esigenze e preferenze, grazie al nostro processo personalizzato:<\/p>\n<ul>\n<li>Progettate su misura la vostra custodia per tastiera con dimensioni, funzioni o estetica precise e i nostri esperti faranno scelte accettabili.<\/li>\n<li>Lavorazione CNC di precisione: Utilizzando processi di lavorazione CNC all'avanguardia, taglieremo e modelleremo con precisione il materiale di vostra scelta per costruire la vostra custodia per tastiera su misura. Precisione, uniformit\u00e0 e finiture di alta qualit\u00e0 sono garantite dalla lavorazione CNC.<\/li>\n<li>Opzioni di finitura: A seconda del materiale e delle vostre preferenze, possiamo fornire anodizzazione, lucidatura, verniciatura o rivestimento a polvere per migliorare l'estetica e le prestazioni della vostra tastiera.<\/li>\n<li>personalizzazione: Possiamo inserire un elemento di personalizzazione, come un logo, un'incisione o altre caratteristiche, per rendere la vostra custodia per tastiera davvero unica.<\/li>\n<li>TEST E ASSICURAZIONE DI QUALIT\u00c0: prima di essere spedita, ogni custodia per tastiera CNC personalizzata viene sottoposta a rigorosi test e controlli di qualit\u00e0 per garantire che soddisfi i nostri esigenti standard.<\/li>\n<li>Ci rendiamo conto dell'importanza di una consegna rapida e lavoriamo sodo per garantire che la vostra custodia per tastiera personalizzata venga creata e consegnata entro il periodo concordato.<\/li>\n<\/ul>\n<p>Siamo in grado di gestire il vostro progetto con precisione e competenza, sia che si tratti di un singolo prototipo che di una grande produzione, e abbiamo una vasta esperienza nella lavorazione CNC della tastiera.<\/p>\n<p><img loading=\"lazy\" decoding=\"async\" class=\"alignnone size-full wp-image-2188\" src=\"http:\/\/mnwell.com\/wp-content\/uploads\/2023\/07\/\u952e\u76d84.jpg\" alt=\"cnc aluminum keyboard\" width=\"750\" height=\"750\" srcset=\"https:\/\/mnwell.com\/wp-content\/uploads\/2023\/07\/\u952e\u76d84.jpg 750w, https:\/\/mnwell.com\/wp-content\/uploads\/2023\/07\/\u952e\u76d84-150x150.jpg 150w, https:\/\/mnwell.com\/wp-content\/uploads\/2023\/07\/\u952e\u76d84-300x300.jpg 300w, https:\/\/mnwell.com\/wp-content\/uploads\/2023\/07\/\u952e\u76d84-600x600.jpg 600w, https:\/\/mnwell.com\/wp-content\/uploads\/2023\/07\/\u952e\u76d84-100x100.jpg 100w\" sizes=\"(max-width: 750px) 100vw, 750px\" \/><\/p>\n<p>&nbsp;<\/p>\n<h4>Materiale<\/h4>\n<p>L'alluminio \u00e8 un metallo ecologico ampiamente utilizzato nell'elettronica e rappresenta una soluzione comoda, leggera e innovativa per le custodie delle tastiere. Offre numerosi vantaggi, tra cui opzioni di colore, durata, resistenza alla ruggine, peso ridotto, propriet\u00e0 riflettenti, duttilit\u00e0, conduttivit\u00e0 termica ed equilibrio. I tipi di alluminio pi\u00f9 utilizzati nelle custodie per tastiere sono l'alluminio 6061, l'alluminio 6063 e l'alluminio 5052, noti per la loro forza, resistenza alla corrosione, saldabilit\u00e0 e lavorabilit\u00e0, che li rendono ideali per varie applicazioni.<\/p>\n<p>&nbsp;<\/p>\n<h4>custodia in alluminio anodizzato<\/h4>\n<p>Per migliorare l'aspetto e prevenire l'ossidazione, offriamo custodie per tastiere in alluminio anodizzato. L'anodizzazione \u00e8 un processo di ossidazione elettrolitica che crea una pellicola di ossido protettiva, decorativa e funzionale sulla superficie dell'alluminio. L'anodizzazione pu\u00f2 produrre una gamma di colori che vanno dal marrone al blu, rosso, viola, verde, nero, grigio e oro.<\/p>\n<p>Esistono due metodi per colorare gli involucri delle tastiere in alluminio: la colorazione elettrolitica e la colorazione per immersione. Offriamo formati standard per le tastiere in alluminio, compresi i formati full size, 1800 compact, keyless, 75%, 60% e 40%. Sebbene l'alluminio possa talvolta interferire con i segnali WiFi, questo problema pu\u00f2 essere attenuato regolando la posizione del router o utilizzando un foglio di alluminio per migliorare la potenza del segnale.<\/p>\n<p>I vantaggi di scegliere le nostre custodie per tastiera in alluminio CNC sono numerosi. Il nostro meticoloso processo di lavorazione CNC assicura che tutti i componenti siano prodotti con tolleranze perfette, garantendo una vestibilit\u00e0 impeccabile e una funzionalit\u00e0 superiore. Le nostre custodie consentono di montare e utilizzare facilmente la tastiera, garantendo una maggiore protezione e un aspetto elegante.<\/p>\n<p><img loading=\"lazy\" decoding=\"async\" class=\"alignnone size-full wp-image-2186\" src=\"http:\/\/mnwell.com\/wp-content\/uploads\/2023\/07\/\u952e\u76d83.jpg\" alt=\"cnc aluminum keyboard case\" width=\"750\" height=\"750\" srcset=\"https:\/\/mnwell.com\/wp-content\/uploads\/2023\/07\/\u952e\u76d83.jpg 750w, https:\/\/mnwell.com\/wp-content\/uploads\/2023\/07\/\u952e\u76d83-150x150.jpg 150w, https:\/\/mnwell.com\/wp-content\/uploads\/2023\/07\/\u952e\u76d83-300x300.jpg 300w, https:\/\/mnwell.com\/wp-content\/uploads\/2023\/07\/\u952e\u76d83-600x600.jpg 600w, https:\/\/mnwell.com\/wp-content\/uploads\/2023\/07\/\u952e\u76d83-100x100.jpg 100w\" sizes=\"(max-width: 750px) 100vw, 750px\" \/><\/p>\n<h3><\/h3>\n<h3><\/h3>\n<h4>Perch\u00e9 scegliere Mindwell<\/h4>\n<p>Siamo orgogliosi di offrire custodie per tastiera altamente personalizzabili con varie opzioni di finitura per soddisfare le preferenze individuali. Che preferiate una finitura lucida, un look in alluminio spazzolato o una finitura anodizzata colorata, abbiamo la soluzione perfetta per il vostro stile.<\/p>\n<p>Quando scegliete la nostra azienda, MindWell, beneficiate di un produttore professionale di pressofusione e lavorazione CNC che fornisce un servizio completo one-stop che comprende la produzione, il trattamento superficiale, l'imballaggio e la spedizione. La nostra azienda si impegna a fornire prodotti di alta qualit\u00e0 a prezzi competitivi. Vantiamo attrezzature avanzate per la lavorazione CNC e impieghiamo operatori qualificati per garantire una qualit\u00e0 eccellente, fornire consigli validi, ottimizzare i costi di lavorazione e offrire un eccellente servizio post-vendita con pazienza.<\/p>\n<p>&nbsp;<\/p>\n<p><img loading=\"lazy\" decoding=\"async\" class=\"alignnone size-full wp-image-2189\" src=\"http:\/\/mnwell.com\/wp-content\/uploads\/2023\/07\/AYU9588.jpg\" alt=\"cnc machining\" width=\"750\" height=\"500\" srcset=\"https:\/\/mnwell.com\/wp-content\/uploads\/2023\/07\/AYU9588.jpg 750w, https:\/\/mnwell.com\/wp-content\/uploads\/2023\/07\/AYU9588-600x400.jpg 600w\" sizes=\"(max-width: 750px) 100vw, 750px\" \/><\/p>","protected":false},"excerpt":{"rendered":"<p>Le nostre custodie per tastiera sono sapientemente lavorate a CNC con alluminio di prima qualit\u00e0, per garantire un'eccezionale resistenza e durevolezza, oltre a vantare un design attraente ed elegante. Queste custodie sono progettate specificamente per adattarsi perfettamente a una variet\u00e0 di modelli di tastiera.<\/p>\n<p>Il nostro impianto di lavorazione CNC \u00e8 specializzato nella produzione di custodie per tastiere in alluminio personalizzate per telefoni cellulari, tablet, altoparlanti e altri dispositivi elettronici. Offriamo diversi materiali e possiamo creare design personalizzati per soddisfare requisiti specifici. Il processo di produzione delle custodie per tastiere in alluminio \u00e8 fondamentale per ottenere l'aspetto e la funzionalit\u00e0 desiderati. A seconda della quantit\u00e0 necessaria, si possono adottare diversi metodi di produzione, come la produzione di prototipi o di piccoli lotti.<\/p>","protected":false},"featured_media":2185,"template":"","meta":{"om_disable_all_campaigns":false,"_monsterinsights_skip_tracking":false,"_monsterinsights_sitenote_active":false,"_monsterinsights_sitenote_note":"","_monsterinsights_sitenote_category":0,"_uf_show_specific_survey":0,"_uf_disable_surveys":false,"site-sidebar-layout":"default","site-content-layout":"default","ast-global-header-display":"","ast-banner-title-visibility":"","ast-main-header-display":"","ast-hfb-above-header-display":"","ast-hfb-below-header-display":"","ast-hfb-mobile-header-display":"","site-post-title":"","ast-breadcrumbs-content":"","ast-featured-img":"","footer-sml-layout":"","theme-transparent-header-meta":"default","adv-header-id-meta":"","stick-header-meta":"","header-above-stick-meta":"","header-main-stick-meta":"","header-below-stick-meta":""},"product_cat":[20],"product_tag":[132,133,131],"aioseo_notices":[],"_links":{"self":[{"href":"https:\/\/mnwell.com\/it\/wp-json\/wp\/v2\/product\/2184"}],"collection":[{"href":"https:\/\/mnwell.com\/it\/wp-json\/wp\/v2\/product"}],"about":[{"href":"https:\/\/mnwell.com\/it\/wp-json\/wp\/v2\/types\/product"}],"wp:featuredmedia":[{"embeddable":true,"href":"https:\/\/mnwell.com\/it\/wp-json\/wp\/v2\/media\/2185"}],"wp:attachment":[{"href":"https:\/\/mnwell.com\/it\/wp-json\/wp\/v2\/media?parent=2184"}],"wp:term":[{"taxonomy":"product_cat","embeddable":true,"href":"https:\/\/mnwell.com\/it\/wp-json\/wp\/v2\/product_cat?post=2184"},{"taxonomy":"product_tag","embeddable":true,"href":"https:\/\/mnwell.com\/it\/wp-json\/wp\/v2\/product_tag?post=2184"}],"curies":[{"name":"wp","href":"https:\/\/api.w.org\/{rel}","templated":true}]}}