{"id":3864,"date":"2023-12-20T16:23:09","date_gmt":"2023-12-20T15:23:09","guid":{"rendered":"https:\/\/mnwell.com\/?post_type=product&#038;p=3864"},"modified":"2023-12-20T16:23:17","modified_gmt":"2023-12-20T15:23:17","slug":"aluminum-die-casting-components","status":"publish","type":"product","link":"https:\/\/mnwell.com\/it\/prodotto\/aluminum-die-casting-components\/","title":{"rendered":"Componenti per la pressofusione di alluminio"},"content":{"rendered":"<p>I componenti in alluminio pressofuso sono parti essenziali di molti settori industriali e offrono un'ampia gamma di vantaggi e applicazioni. Grazie alla loro versatilit\u00e0, resistenza e durata, questi componenti svolgono un ruolo cruciale in vari settori, tra cui quello automobilistico, aerospaziale, elettronico e altri ancora.<\/p>\n<table style=\"height: 591px;\" border=\"1\" width=\"1319\" cellspacing=\"1\" cellpadding=\"1\">\n<tbody>\n<tr>\n<td><b>Tolleranza<\/b><\/td>\n<td>+\/-0,002 mm +\/-0,005 mm<\/td>\n<\/tr>\n<tr>\n<td><b>Trattamento della superficie<\/b><\/td>\n<td>Anodizzazione, sabbiatura, serigrafia, placcatura PVD, placcatura di zinco\/nichel\/cromo\/titanio, spazzolatura, verniciatura, rivestimento in polvere, passivazione, elettroforesi, elettrolucidatura, zigrinatura, laser\/incisione\/incisione, ecc.<\/td>\n<\/tr>\n<tr>\n<td><b>Ruvidit\u00e0 della superficie<\/b><\/td>\n<td>Min Ra0,1~3,2<\/td>\n<\/tr>\n<tr>\n<td><b>Ispezione della qualit\u00e0<\/b><\/td>\n<td>100% CQ Ispezione della qualit\u00e0<\/td>\n<\/tr>\n<tr>\n<td><b>Disegno accettato<\/b><\/td>\n<td>Stp, Step, Igs, AutoCAD (DXF, DWG), PDF o campioni<\/td>\n<\/tr>\n<tr>\n<td><b>Garanzia di qualit\u00e0<\/b><\/td>\n<td>ISO9001:2015, SGS, RoHs, TUV<\/td>\n<\/tr>\n<tr>\n<td><b>Termini di pagamento<\/b><\/td>\n<td>Trade Assurance, TT, PayPal, Western Union<\/td>\n<\/tr>\n<tr>\n<td><b>Tempi di consegna<\/b><\/td>\n<td>3-7 giorni per i campioni, 2-4 settimane per la produzione di massa<\/td>\n<\/tr>\n<tr>\n<td><\/td>\n<td><\/td>\n<\/tr>\n<\/tbody>\n<\/table>\n<h2>Che cos'\u00e8 la pressofusione di alluminio?<\/h2>\n<p>La pressofusione di alluminio \u00e8 un processo di produzione che prevede l'iniezione di alluminio fuso in una cavit\u00e0 dello stampo ad alta pressione. Il metallo fuso si solidifica rapidamente, assumendo la forma dello stampo e creando componenti complessi e precisi. Questo processo consente di produrre pezzi di alta qualit\u00e0 con un'eccellente finitura superficiale e precisione dimensionale.<\/p>\n<p><img loading=\"lazy\" decoding=\"async\" class=\"alignnone size-full wp-image-3865\" src=\"http:\/\/mnwell.com\/wp-content\/uploads\/2023\/12\/IMG_20231021_120353.jpg\" alt=\"Aluminum Die Casting Components\" width=\"800\" height=\"800\" srcset=\"https:\/\/mnwell.com\/wp-content\/uploads\/2023\/12\/IMG_20231021_120353.jpg 800w, https:\/\/mnwell.com\/wp-content\/uploads\/2023\/12\/IMG_20231021_120353-150x150.jpg 150w, https:\/\/mnwell.com\/wp-content\/uploads\/2023\/12\/IMG_20231021_120353-768x768.jpg 768w, https:\/\/mnwell.com\/wp-content\/uploads\/2023\/12\/IMG_20231021_120353-12x12.jpg 12w, https:\/\/mnwell.com\/wp-content\/uploads\/2023\/12\/IMG_20231021_120353-300x300.jpg 300w, https:\/\/mnwell.com\/wp-content\/uploads\/2023\/12\/IMG_20231021_120353-600x600.jpg 600w, https:\/\/mnwell.com\/wp-content\/uploads\/2023\/12\/IMG_20231021_120353-100x100.jpg 100w\" sizes=\"(max-width: 800px) 100vw, 800px\" \/><\/p>\n<h2>Vantaggi dei componenti in alluminio pressofuso<\/h2>\n<p>L'utilizzo di componenti in alluminio pressofuso presenta numerosi vantaggi:<\/p>\n<ul>\n<li><strong>Leggero:<\/strong> L'alluminio \u00e8 noto per le sue propriet\u00e0 di leggerezza, che lo rendono una scelta ideale per le applicazioni in cui la riduzione del peso \u00e8 cruciale, come ad esempio la <a href=\"https:\/\/mnwell.com\/it\/automotive-industry\/\">industria automobilistica e aerospaziale<\/a>.<\/li>\n<li><strong>Forza:<\/strong> Nonostante la loro leggerezza, i componenti in alluminio pressofuso offrono una resistenza e una rigidit\u00e0 eccezionali, garantendo la durata e la longevit\u00e0 dei prodotti finiti.<\/li>\n<li><strong>Resistenza alla corrosione:<\/strong> L'alluminio ha propriet\u00e0 naturali di resistenza alla corrosione, che lo rendono adatto ad applicazioni in ambienti difficili o esposti all'umidit\u00e0.<\/li>\n<li><strong>Dissipazione del calore:<\/strong> L'alluminio ha un'eccellente conducibilit\u00e0 termica, che consente un'efficiente dissipazione del calore e lo rende adatto ai componenti che richiedono un raffreddamento.<\/li>\n<li><strong>Forme complesse:<\/strong> Il processo di pressofusione consente di produrre forme intricate e complesse con tolleranze ristrette, riducendo la necessit\u00e0 di lavorazioni aggiuntive.<\/li>\n<li><strong>Efficiente dal punto di vista dei costi:<\/strong> La pressofusione di alluminio offre una soluzione economicamente vantaggiosa per la produzione di massa, in quanto il processo consente alti tassi di produzione e scarti minimi di materiale.<\/li>\n<\/ul>\n<h2>Applicazioni dei componenti in alluminio pressofuso<\/h2>\n<p>I componenti in alluminio pressofuso trovano applicazione in diversi settori.<\/p>\n<ul>\n<li><strong>Automobile:<\/strong> I componenti in alluminio sono ampiamente utilizzati nell'industria automobilistica per parti di motore, scatole di trasmissione, componenti del telaio e altro ancora.<\/li>\n<li><strong>Aerospaziale:<\/strong> L'industria aerospaziale utilizza componenti in alluminio pressofuso per le parti strutturali degli aerei, i componenti dei motori e gli allestimenti interni.<\/li>\n<li><strong>Elettronica:<\/strong> La pressofusione di alluminio \u00e8 comunemente utilizzata nell'industria elettronica per dissipatori di calore, alloggiamenti e connettori.<\/li>\n<li><strong>Elettrodomestici:<\/strong> Molti elettrodomestici incorporano componenti in alluminio pressofuso, tra cui frigoriferi, condizionatori d'aria e lavatrici.<\/li>\n<li><strong>Telecomunicazioni:<\/strong> I componenti in alluminio si trovano anche nelle apparecchiature per le telecomunicazioni, come le antenne e i sistemi satellitari.<\/li>\n<\/ul>\n<p><img loading=\"lazy\" decoding=\"async\" class=\"alignnone size-full wp-image-3867\" src=\"http:\/\/mnwell.com\/wp-content\/uploads\/2023\/12\/IMG_20231021_120327.jpg\" alt=\"\" width=\"800\" height=\"800\" srcset=\"https:\/\/mnwell.com\/wp-content\/uploads\/2023\/12\/IMG_20231021_120327.jpg 800w, https:\/\/mnwell.com\/wp-content\/uploads\/2023\/12\/IMG_20231021_120327-150x150.jpg 150w, https:\/\/mnwell.com\/wp-content\/uploads\/2023\/12\/IMG_20231021_120327-768x768.jpg 768w, https:\/\/mnwell.com\/wp-content\/uploads\/2023\/12\/IMG_20231021_120327-12x12.jpg 12w, https:\/\/mnwell.com\/wp-content\/uploads\/2023\/12\/IMG_20231021_120327-300x300.jpg 300w, https:\/\/mnwell.com\/wp-content\/uploads\/2023\/12\/IMG_20231021_120327-600x600.jpg 600w, https:\/\/mnwell.com\/wp-content\/uploads\/2023\/12\/IMG_20231021_120327-100x100.jpg 100w\" sizes=\"(max-width: 800px) 100vw, 800px\" \/><\/p>\n<h2>Garanzia di qualit\u00e0 nella pressofusione di alluminio<\/h2>\n<p>Garantire la qualit\u00e0 dei componenti di pressofusione di alluminio \u00e8 fondamentale per soddisfare i severi requisiti di vari settori industriali. Le misure di garanzia della qualit\u00e0 includono:<\/p>\n<ul>\n<li><strong>Controllo dei processi:<\/strong> Implementazione di rigorosi controlli di processo durante l'intero processo di pressofusione, compreso il monitoraggio di temperatura, pressione e velocit\u00e0 di raffreddamento.<\/li>\n<li><strong>Ispezione:<\/strong> condurre ispezioni approfondite in ogni fase della produzione per individuare eventuali difetti o imperfezioni.<\/li>\n<li><strong>Test:<\/strong> eseguire vari test, come controlli dimensionali, prove meccaniche e analisi della finitura superficiale, per garantire che i componenti soddisfino le specifiche richieste.<\/li>\n<li><strong>Certificazioni:<\/strong> ottenere certificazioni, come la ISO 9001, per dimostrare la conformit\u00e0 agli standard di qualit\u00e0 internazionali.<\/li>\n<\/ul>\n<h2>Conclusione<\/h2>\n<p>I componenti in alluminio pressofuso offrono numerosi vantaggi, tra cui leggerezza, robustezza, resistenza alla corrosione e forme complesse. Trovano applicazione in diversi settori, come quello automobilistico, aerospaziale, elettronico e degli elettrodomestici. Garantire la qualit\u00e0 attraverso rigorosi controlli di processo, ispezioni e test \u00e8 essenziale per soddisfare gli standard industriali e fornire componenti affidabili.<\/p>\n<p><img loading=\"lazy\" decoding=\"async\" class=\"alignnone size-full wp-image-3791\" src=\"http:\/\/mnwell.com\/wp-content\/uploads\/2023\/12\/AYU9598.webp\" alt=\"die casting manufacturers\" width=\"750\" height=\"500\" srcset=\"https:\/\/mnwell.com\/wp-content\/uploads\/2023\/12\/AYU9598.webp 750w, https:\/\/mnwell.com\/wp-content\/uploads\/2023\/12\/AYU9598-18x12.webp 18w, https:\/\/mnwell.com\/wp-content\/uploads\/2023\/12\/AYU9598-600x400.webp 600w\" sizes=\"(max-width: 750px) 100vw, 750px\" \/><\/p>","protected":false},"excerpt":{"rendered":"<p>La pressofusione di alluminio \u00e8 un processo produttivo che prevede l'iniezione di alluminio fuso in una cavit\u00e0 dello stampo ad alta pressione, creando componenti complessi e precisi. I componenti in alluminio offrono vantaggi quali leggerezza, robustezza, resistenza alla corrosione, dissipazione del calore, forme complesse ed economicit\u00e0. Sono ampiamente utilizzati in settori come quello automobilistico, aerospaziale, elettronico e degli elettrodomestici. Le misure di garanzia della qualit\u00e0, come il controllo del processo, l'ispezione, i test e le certificazioni, sono essenziali per assicurare la qualit\u00e0 dei componenti in alluminio.<\/p>\n<p>Tolerance:+\/-0.002mm-+\/-0.005mm<br \/>\nTrattamento superficiale: anodizzazione, galvanizzazione e rivestimento in polvere<br \/>\nRugosit\u00e0 superficiale: Ra0.1~3.2<br \/>\nFormato del disegno: 2D\/(Pdf\/CAD)3D(Iges\/Step)<br \/>\nControllo qualit\u00e0: ispezione 100%<br \/>\nDettagli dell'imballaggio: Scatola di legno, pallet, cartone, vassoio del PVC, borsa dei pp come Th<br \/>\nSpecifiche: Servizio dell'OEM, rigorosamente secondo disegno o campione<br \/>\nSpecificazione: Personalizzato<\/p>","protected":false},"featured_media":3865,"template":"","meta":{"om_disable_all_campaigns":false,"_monsterinsights_skip_tracking":false,"_monsterinsights_sitenote_active":false,"_monsterinsights_sitenote_note":"","_monsterinsights_sitenote_category":0,"_uf_show_specific_survey":0,"_uf_disable_surveys":false,"site-sidebar-layout":"default","site-content-layout":"default","ast-global-header-display":"","ast-banner-title-visibility":"","ast-main-header-display":"","ast-hfb-above-header-display":"","ast-hfb-below-header-display":"","ast-hfb-mobile-header-display":"","site-post-title":"","ast-breadcrumbs-content":"","ast-featured-img":"","footer-sml-layout":"","theme-transparent-header-meta":"default","adv-header-id-meta":"","stick-header-meta":"","header-above-stick-meta":"","header-main-stick-meta":"","header-below-stick-meta":""},"product_cat":[18],"product_tag":[],"aioseo_notices":[],"_links":{"self":[{"href":"https:\/\/mnwell.com\/it\/wp-json\/wp\/v2\/product\/3864"}],"collection":[{"href":"https:\/\/mnwell.com\/it\/wp-json\/wp\/v2\/product"}],"about":[{"href":"https:\/\/mnwell.com\/it\/wp-json\/wp\/v2\/types\/product"}],"wp:featuredmedia":[{"embeddable":true,"href":"https:\/\/mnwell.com\/it\/wp-json\/wp\/v2\/media\/3865"}],"wp:attachment":[{"href":"https:\/\/mnwell.com\/it\/wp-json\/wp\/v2\/media?parent=3864"}],"wp:term":[{"taxonomy":"product_cat","embeddable":true,"href":"https:\/\/mnwell.com\/it\/wp-json\/wp\/v2\/product_cat?post=3864"},{"taxonomy":"product_tag","embeddable":true,"href":"https:\/\/mnwell.com\/it\/wp-json\/wp\/v2\/product_tag?post=3864"}],"curies":[{"name":"wp","href":"https:\/\/api.w.org\/{rel}","templated":true}]}}