{"id":1892,"date":"2023-06-27T16:58:03","date_gmt":"2023-06-27T14:58:03","guid":{"rendered":"https:\/\/mnwell.com\/?post_type=product&#038;p=1892"},"modified":"2023-06-27T16:58:03","modified_gmt":"2023-06-27T14:58:03","slug":"aluminum-die-casting-parts","status":"publish","type":"product","link":"https:\/\/mnwell.com\/pl\/produkt\/aluminum-die-casting-parts\/","title":{"rendered":"Cz\u0119\u015bci odlewane ci\u015bnieniowo z aluminium"},"content":{"rendered":"<p>Aluminiowe cz\u0119\u015bci odlewane ci\u015bnieniowo s\u0105 wykonane z aluminium w r\u00f3\u017cnych cz\u0119\u015bciach w procesie odlewania ci\u015bnieniowego. W\u0142a\u015bciwo\u015bci fizyczne, skrawalno\u015b\u0107 i op\u0142acalno\u015b\u0107 aluminium sprawiaj\u0105, \u017ce jest to idealny materia\u0142 do odlewania ci\u015bnieniowego, a my u\u017cywamy aluminium do uzyskania precyzyjnych, wysokowydajnych, wysokiej jako\u015bci aluminiowych cz\u0119\u015bci odlewniczych poprzez odlewanie ci\u015bnieniowe w formach odlewniczych.<\/p>\n<p>W procesie odlewania ci\u015bnieniowego mo\u017cna projektowa\u0107 niestandardowe cz\u0119\u015bci o r\u00f3\u017cnych kszta\u0142tach i rozmiarach poprzez projektowanie form. Posiadamy r\u00f3\u017cne typy maszyn do odlewania ci\u015bnieniowego, takie jak maszyny do odlewania wysokoci\u015bnieniowego, maszyny do odlewania niskoci\u015bnieniowego. Odlewy wysokoci\u015bnieniowe s\u0105 odpowiednie do produkcji precyzyjnych i wytrzyma\u0142ych cz\u0119\u015bci, podczas gdy odlewy niskoci\u015bnieniowe s\u0105 odpowiednie do produkcji ma\u0142ych i \u015brednich odlew\u00f3w. MindWell jest profesjonalnym <a href=\"https:\/\/mnwell.com\/pl\/what-is-aluminum-die-casting-grinding\/\">odlew aluminiowy<\/a> Fabryka cz\u0119\u015bci, z ponad dziesi\u0119cioletnim bogatym do\u015bwiadczeniem w bran\u017cy odlew\u00f3w ci\u015bnieniowych, z technikami odlewania ci\u015bnieniowego, mo\u017ce szybko dostarczy\u0107 oferty i wysokiej jako\u015bci aluminiowe cz\u0119\u015bci odlewnicze.<\/p>\n<p><img loading=\"lazy\" decoding=\"async\" class=\"alignnone wp-image-1893 size-full\" src=\"http:\/\/mnwell.com\/wp-content\/uploads\/2023\/06\/01.jpg\" alt=\"aluminum die casting parts\" width=\"800\" height=\"800\" srcset=\"https:\/\/mnwell.com\/wp-content\/uploads\/2023\/06\/01.jpg 800w, https:\/\/mnwell.com\/wp-content\/uploads\/2023\/06\/01-150x150.jpg 150w, https:\/\/mnwell.com\/wp-content\/uploads\/2023\/06\/01-768x768.jpg 768w, https:\/\/mnwell.com\/wp-content\/uploads\/2023\/06\/01-300x300.jpg 300w, https:\/\/mnwell.com\/wp-content\/uploads\/2023\/06\/01-600x600.jpg 600w, https:\/\/mnwell.com\/wp-content\/uploads\/2023\/06\/01-100x100.jpg 100w\" sizes=\"(max-width: 800px) 100vw, 800px\" \/><\/p>\n<h3>Obr\u00f3bka powierzchni<\/h3>\n<p>Obr\u00f3bka powierzchni mo\u017ce skutecznie poprawi\u0107 wydajno\u015b\u0107 cz\u0119\u015bci odlewanych ci\u015bnieniowo. Po odlaniu aluminiowych element\u00f3w odlewanych ci\u015bnieniowo mo\u017cemy wybra\u0107 r\u00f3\u017cne metody obr\u00f3bki powierzchni w zale\u017cno\u015bci od \u015brodowiska i wygl\u0105du u\u017cytkowania. Do najcz\u0119\u015bciej stosowanych metod nale\u017c\u0105:<\/p>\n<ol>\n<li><strong>Obr\u00f3bka utleniaj\u0105ca:<\/strong> Powierzchnia aluminiowych odlew\u00f3w ci\u015bnieniowych mo\u017ce by\u0107 utleniana w celu wytworzenia warstwy tlenku poprzez utlenianie w celu poprawy twardo\u015bci powierzchni i odporno\u015bci na korozj\u0119 stopu aluminium.<\/li>\n<li><strong>Galwanizacja:<\/strong> Powierzchnia aluminiowych odlew\u00f3w ci\u015bnieniowych mo\u017ce by\u0107 pokryta pow\u0142okami galwanicznymi, takimi jak chromowanie, niklowanie itp. w celu poprawy odporno\u015bci na korozj\u0119 i estetyki.<\/li>\n<li><strong>Piaskowanie:<\/strong> Powierzchnia aluminiowych odlew\u00f3w ci\u015bnieniowych mo\u017ce by\u0107 piaskowana w celu usuni\u0119cia tlenk\u00f3w i zanieczyszcze\u0144 z powierzchni, poprawy chropowato\u015bci powierzchni i zwi\u0119kszenia przyczepno\u015bci.<\/li>\n<li><strong>Obr\u00f3bka polerska:<\/strong> Powierzchnia aluminiowych odlew\u00f3w ci\u015bnieniowych mo\u017ce by\u0107 polerowana, a zadziory i chropowato\u015b\u0107 powierzchni mo\u017cna wyeliminowa\u0107 poprzez szlifowanie mechaniczne, dzi\u0119ki czemu mo\u017cna poprawi\u0107 jasno\u015b\u0107 powierzchni.<\/li>\n<li><strong>Obr\u00f3bka cieplna:<\/strong> Powierzchnia aluminiowych odlew\u00f3w ci\u015bnieniowych mo\u017ce by\u0107 poddawana obr\u00f3bce cieplnej, takiej jak hartowanie, odpuszczanie itp. w celu poprawy jej twardo\u015bci i wytrzyma\u0142o\u015bci.<\/li>\n<li><strong>Leczenie natryskowe:<\/strong> Powierzchnia aluminiowych odlew\u00f3w ci\u015bnieniowych mo\u017ce by\u0107 natryskiwana, np. farb\u0105 natryskow\u0105, farb\u0105 natryskow\u0105 itp. w celu poprawy wygl\u0105du i odporno\u015bci powierzchni na korozj\u0119.<\/li>\n<\/ol>\n<h3>Produkcja cz\u0119\u015bci odlewanych ci\u015bnieniowo z aluminium<\/h3>\n<p>W naszej firmie kontrola temperatury i kontrola ci\u015bnienia w warsztacie produkcyjnym odlewania ci\u015bnieniowego aluminium s\u0105 bardzo wa\u017cne, poniewa\u017c stop aluminium jest podatny na utlenianie, rozk\u0142ad termiczny, pogorszenie jako\u015bci i inne zjawiska podczas procesu ogrzewania, co wp\u0142ynie na jako\u015b\u0107 cz\u0119\u015bci odlewanych ci\u015bnieniowo. W zwi\u0105zku z tym nale\u017cy wzmocni\u0107 kontrol\u0119 temperatury, a temperatura ogrzewania i utrzymywania stopu aluminium powinna by\u0107 \u015bci\u015ble kontrolowana zgodnie z wymaganiami procesu. Ci\u015bnienie maszyny odlewniczej jest zwi\u0105zane z charakterystyk\u0105 stopu aluminium, kszta\u0142tem i rozmiarem odlewu oraz innymi czynnikami. Konieczne jest ustawienie rozs\u0105dnego ci\u015bnienia zgodnie ze struktur\u0105, rozmiarem, grubo\u015bci\u0105 \u015bcianki i materia\u0142em niestandardowego odlewu aluminiowego, tak aby jako\u015b\u0107 produkowanych aluminiowych cz\u0119\u015bci odlewniczych by\u0142a dobra.<\/p>\n<p>W us\u0142ugach odlewania ci\u015bnieniowego aluminium przywi\u0105zujemy r\u00f3wnie\u017c du\u017c\u0105 wag\u0119 do inspekcji i kontroli jako\u015bci, poniewa\u017c jako\u015b\u0107 cz\u0119\u015bci ma bezpo\u015bredni wp\u0142yw na u\u017cytkowanie sprz\u0119tu, a nawet kwestie bezpiecze\u0144stwa, dlatego przeprowadzamy \u015bcis\u0142\u0105 inspekcj\u0119 i kontrol\u0119 jako\u015bci, wykrywamy i rozwi\u0105zujemy problemy jako\u015bciowe na czas oraz zapewniamy jako\u015b\u0107 i kwalifikacj\u0119 produkt\u00f3w Oce\u0144.<\/p>\n<p>&nbsp;<\/p>\n<h4>aplikacja<\/h4>\n<p>Aluminiowe odlewy ci\u015bnieniowe charakteryzuj\u0105 si\u0119 wysok\u0105 wytrzyma\u0142o\u015bci\u0105, wysok\u0105 odporno\u015bci\u0105 na korozj\u0119 i wysok\u0105 precyzj\u0105, co mo\u017ce spe\u0142ni\u0107 wymagania aplikacji w r\u00f3\u017cnych dziedzinach.<\/p>\n<ul>\n<li>Produkt elektroniczny<\/li>\n<li>Produkty motoryzacyjne<\/li>\n<li>Meble<\/li>\n<li>Sprz\u0119t<\/li>\n<li>Sprz\u0119t medyczny<\/li>\n<li>Bezpiecze\u0144stwo<\/li>\n<\/ul>","protected":false},"excerpt":{"rendered":"<p>W procesie odlewania ci\u015bnieniowego mo\u017cna projektowa\u0107 niestandardowe cz\u0119\u015bci o r\u00f3\u017cnych kszta\u0142tach i rozmiarach poprzez projektowanie form. Posiadamy r\u00f3\u017cne typy maszyn odlewniczych, takie jak wysokoci\u015bnieniowe maszyny odlewnicze, niskoci\u015bnieniowe maszyny odlewnicze. Odlewy wysokoci\u015bnieniowe s\u0105 odpowiednie do produkcji precyzyjnych i wytrzyma\u0142ych cz\u0119\u015bci, podczas gdy odlewy niskoci\u015bnieniowe s\u0105 odpowiednie do produkcji ma\u0142ych i \u015brednich odlew\u00f3w. MindWell posiada r\u00f3wnie\u017c ponad dziesi\u0119cioletnie bogate do\u015bwiadczenie w bran\u017cy odlew\u00f3w ci\u015bnieniowych i dysponuje technikami odlewniczymi, kt\u00f3rzy mog\u0105 szybko przedstawi\u0107 oferty i wysokiej jako\u015bci aluminiowe cz\u0119\u015bci odlewane ci\u015bnieniowo.<\/p>\n<p>&nbsp;<\/p>","protected":false},"featured_media":1893,"template":"","meta":{"om_disable_all_campaigns":false,"_monsterinsights_skip_tracking":false,"_monsterinsights_sitenote_active":false,"_monsterinsights_sitenote_note":"","_monsterinsights_sitenote_category":0,"_uf_show_specific_survey":0,"_uf_disable_surveys":false,"site-sidebar-layout":"default","site-content-layout":"default","ast-global-header-display":"","ast-banner-title-visibility":"","ast-main-header-display":"","ast-hfb-above-header-display":"","ast-hfb-below-header-display":"","ast-hfb-mobile-header-display":"","site-post-title":"","ast-breadcrumbs-content":"","ast-featured-img":"","footer-sml-layout":"","theme-transparent-header-meta":"default","adv-header-id-meta":"","stick-header-meta":"","header-above-stick-meta":"","header-main-stick-meta":"","header-below-stick-meta":""},"product_cat":[18],"product_tag":[31,32],"aioseo_notices":[],"_links":{"self":[{"href":"https:\/\/mnwell.com\/pl\/wp-json\/wp\/v2\/product\/1892"}],"collection":[{"href":"https:\/\/mnwell.com\/pl\/wp-json\/wp\/v2\/product"}],"about":[{"href":"https:\/\/mnwell.com\/pl\/wp-json\/wp\/v2\/types\/product"}],"wp:featuredmedia":[{"embeddable":true,"href":"https:\/\/mnwell.com\/pl\/wp-json\/wp\/v2\/media\/1893"}],"wp:attachment":[{"href":"https:\/\/mnwell.com\/pl\/wp-json\/wp\/v2\/media?parent=1892"}],"wp:term":[{"taxonomy":"product_cat","embeddable":true,"href":"https:\/\/mnwell.com\/pl\/wp-json\/wp\/v2\/product_cat?post=1892"},{"taxonomy":"product_tag","embeddable":true,"href":"https:\/\/mnwell.com\/pl\/wp-json\/wp\/v2\/product_tag?post=1892"}],"curies":[{"name":"wp","href":"https:\/\/api.w.org\/{rel}","templated":true}]}}