{"id":1986,"date":"2023-07-09T08:34:28","date_gmt":"2023-07-09T06:34:28","guid":{"rendered":"https:\/\/mnwell.com\/?post_type=product&#038;p=1986"},"modified":"2023-12-22T16:06:49","modified_gmt":"2023-12-22T15:06:49","slug":"products-made-from-die-casting","status":"publish","type":"product","link":"https:\/\/mnwell.com\/pl\/produkt\/products-made-from-die-casting\/","title":{"rendered":"produkty wykonane z odlew\u00f3w ci\u015bnieniowych"},"content":{"rendered":"<p>Produkty wykonane z odlew\u00f3w ci\u015bnieniowych s\u0105 szeroko stosowane w r\u00f3\u017cnych dziedzinach, takich jak sprz\u0119t przemys\u0142owy, samochody, leczenie i meble. Cz\u0119sto spotykamy je r\u00f3wnie\u017c w produkcji.<\/p>\n<h3>Klasyfikacja<\/h3>\n<p>Istnieje wiele rodzaj\u00f3w produkt\u00f3w odlewniczych. W zale\u017cno\u015bci od materia\u0142u mo\u017cemy podzieli\u0107 je na cz\u0119\u015bci odlewane ci\u015bnieniowo ze stopu aluminium, cz\u0119\u015bci odlewane ci\u015bnieniowo ze stopu cynku, cz\u0119\u015bci odlewane ci\u015bnieniowo ze stopu magnezu, cz\u0119\u015bci odlewane ci\u015bnieniowo ze stopu miedzi itp. Je\u015bli masz pomys\u0142y na niestandardowe produkty odlewnicze, ch\u0119tnie si\u0119 z Tob\u0105 skontaktujemy.<\/p>\n<p>Nasze do\u015bwiadczenie z produktami wykonanymi z odlew\u00f3w ci\u015bnieniowych:<\/p>\n<ul>\n<li>Odlewanie ci\u015bnieniowe ze stopu aluminium jest bardziej powszechne. Ma nie tylko dobre w\u0142a\u015bciwo\u015bci mechaniczne, ale tak\u017ce doskona\u0142\u0105 przewodno\u015b\u0107 ciepln\u0105, przewodno\u015b\u0107 elektryczn\u0105 i odporno\u015b\u0107 na korozj\u0119. Dlatego te\u017c ma szeroki zakres zastosowa\u0144 w motoryzacji, lotnictwie, przemy\u015ble kosmicznym, elektronice i maszynach przemys\u0142owych.<\/li>\n<li><a href=\"https:\/\/mnwell.com\/pl\/produkt\/zinc-alloy-die-casting-product\/\">Odlewy ci\u015bnieniowe ze stopu cynku<\/a> maj\u0105 zalety niskiej g\u0119sto\u015bci, wysokiej wytrzyma\u0142o\u015bci, odporno\u015bci na zu\u017cycie i odporno\u015bci na korozj\u0119. Szeroko stosowane w urz\u0105dzeniach gospodarstwa domowego, instrumentach elektronicznych, cz\u0119\u015bciach samochodowych, sprz\u0119cie budowlanym, r\u0119cznie robionych prezentach i innych dziedzinach.<\/li>\n<li>Odlewy ci\u015bnieniowe ze stopu magnezu charakteryzuj\u0105 si\u0119 nisk\u0105 g\u0119sto\u015bci\u0105, wysok\u0105 wytrzyma\u0142o\u015bci\u0105, odporno\u015bci\u0105 na wysokie temperatury i doskona\u0142\u0105 odporno\u015bci\u0105 na uderzenia, dzi\u0119ki czemu s\u0105 szeroko stosowane w silnikach samochodowych, uk\u0142adach hydraulicznych, sprz\u0119cie lotniczym, broni, sprz\u0119cie sportowym i innych dziedzinach.<\/li>\n<li>Odlewy ci\u015bnieniowe ze stop\u00f3w miedzi to wysokiej jako\u015bci odlewy ci\u015bnieniowe, a poniewa\u017c mied\u017a ma dobr\u0105 przewodno\u015b\u0107 elektryczn\u0105 i ciepln\u0105, w po\u0142\u0105czeniu z dobr\u0105 odporno\u015bci\u0105 na korozj\u0119, jest cz\u0119sto stosowana w produkcji cz\u0119\u015bci elektrycznych, cz\u0119\u015bci rowerowych, cz\u0119\u015bci samochodowych itp.<\/li>\n<\/ul>\n<p>Powy\u017cej przedstawiono nasze najpopularniejsze produkty do odlewania ci\u015bnieniowego i zastosowania r\u00f3\u017cnych materia\u0142\u00f3w. Produkty odlewane ci\u015bnieniowo mog\u0105 by\u0107 stosowane w wielu dziedzinach, zapewniaj\u0105c jako\u015b\u0107 i korzy\u015bci ekonomiczne w r\u00f3\u017cnych dziedzinach. Je\u015bli potrzebujesz wyprodukowa\u0107 okre\u015blony produkt, zastan\u00f3w si\u0119, czy mo\u017cna go wytworzy\u0107 w procesie odlewania ci\u015bnieniowego. Mo\u017cesz r\u00f3wnie\u017c przes\u0142a\u0107 nam rysunek, a my udzielimy Ci profesjonalnej porady i zachowamy j\u0105 w tajemnicy.<\/p>\n<p>&nbsp;<\/p>\n<h3>Parametry produktu odlewanego ci\u015bnieniowo<\/h3>\n<ol>\n<li>Materia\u0142 produktu: stop aluminium ADC10, ADC12, A360, A380, A413, A356, stop cynku 3#, 5#, 8#, stop magnezu, mosi\u0105dz, mied\u017a<\/li>\n<li>Zdolno\u015b\u0107 przetw\u00f3rcza: firma posiada maszyny do odlewania ci\u015bnieniowego (88 ton, 280 ton, 400 ton, 500 ton, 800 ton i 1250 ton), maszyny iskrowe i centrum obr\u00f3bcze CNC.<\/li>\n<li>Format rysunku: step, dwg, igs, pdf<\/li>\n<li>System kontroli jako\u015bci: kontrola 100% lub kontrola pojedyncza przed pakowaniem<\/li>\n<\/ol>\n<p><img loading=\"lazy\" decoding=\"async\" class=\"alignnone size-full wp-image-1987\" src=\"http:\/\/mnwell.com\/wp-content\/uploads\/2023\/07\/AYU9529.jpg\" alt=\"products made from die casting\" width=\"800\" height=\"800\" srcset=\"https:\/\/mnwell.com\/wp-content\/uploads\/2023\/07\/AYU9529.jpg 800w, https:\/\/mnwell.com\/wp-content\/uploads\/2023\/07\/AYU9529-150x150.jpg 150w, https:\/\/mnwell.com\/wp-content\/uploads\/2023\/07\/AYU9529-768x768.jpg 768w, https:\/\/mnwell.com\/wp-content\/uploads\/2023\/07\/AYU9529-300x300.jpg 300w, https:\/\/mnwell.com\/wp-content\/uploads\/2023\/07\/AYU9529-600x600.jpg 600w, https:\/\/mnwell.com\/wp-content\/uploads\/2023\/07\/AYU9529-100x100.jpg 100w\" sizes=\"(max-width: 800px) 100vw, 800px\" \/><img loading=\"lazy\" decoding=\"async\" class=\"alignnone size-full wp-image-1946\" src=\"http:\/\/mnwell.com\/wp-content\/uploads\/2023\/07\/AYU9497.jpg\" alt=\"die cast aluminum heat sink\" width=\"800\" height=\"800\" srcset=\"https:\/\/mnwell.com\/wp-content\/uploads\/2023\/07\/AYU9497.jpg 800w, https:\/\/mnwell.com\/wp-content\/uploads\/2023\/07\/AYU9497-150x150.jpg 150w, https:\/\/mnwell.com\/wp-content\/uploads\/2023\/07\/AYU9497-768x768.jpg 768w, https:\/\/mnwell.com\/wp-content\/uploads\/2023\/07\/AYU9497-300x300.jpg 300w, https:\/\/mnwell.com\/wp-content\/uploads\/2023\/07\/AYU9497-600x600.jpg 600w, https:\/\/mnwell.com\/wp-content\/uploads\/2023\/07\/AYU9497-100x100.jpg 100w\" sizes=\"(max-width: 800px) 100vw, 800px\" \/><img loading=\"lazy\" decoding=\"async\" class=\"alignnone size-full wp-image-1975\" src=\"http:\/\/mnwell.com\/wp-content\/uploads\/2023\/07\/01.jpg\" alt=\"\" width=\"800\" height=\"800\" srcset=\"https:\/\/mnwell.com\/wp-content\/uploads\/2023\/07\/01.jpg 800w, https:\/\/mnwell.com\/wp-content\/uploads\/2023\/07\/01-150x150.jpg 150w, https:\/\/mnwell.com\/wp-content\/uploads\/2023\/07\/01-768x768.jpg 768w, https:\/\/mnwell.com\/wp-content\/uploads\/2023\/07\/01-300x300.jpg 300w, https:\/\/mnwell.com\/wp-content\/uploads\/2023\/07\/01-600x600.jpg 600w, https:\/\/mnwell.com\/wp-content\/uploads\/2023\/07\/01-100x100.jpg 100w\" sizes=\"(max-width: 800px) 100vw, 800px\" \/><\/p>\n<p>&nbsp;<\/p>\n<h3>Kszta\u0142t i rozmiar produkt\u00f3w odlewanych ci\u015bnieniowo<\/h3>\n<p>Posiadamy maszyny odlewnicze o r\u00f3\u017cnym tona\u017cu i mo\u017cemy dostosowa\u0107 produkty odlewnicze o r\u00f3\u017cnych kszta\u0142tach i rozmiarach zgodnie z Twoimi wymaganiami. Ostateczny wyb\u00f3r procesu opiera si\u0119 na zastosowaniu i materia\u0142ach niestandardowych produkt\u00f3w odlewniczych. Cz\u0119\u015bci odlewane ci\u015bnieniowo o r\u00f3\u017cnych kszta\u0142tach i rozmiarach:<\/p>\n<ul>\n<li><a href=\"https:\/\/mnwell.com\/pl\/produkt\/die-casting-small-parts\/\">Ma\u0142e precyzyjne cz\u0119\u015bci:<\/a> Odlewanie ci\u015bnieniowe mo\u017ce wytwarza\u0107 ma\u0142e cz\u0119\u015bci o z\u0142o\u017conej geometrii i szczeg\u00f3\u0142ach, takie jak cz\u0119\u015bci telefon\u00f3w kom\u00f3rkowych, obudowy urz\u0105dze\u0144 elektronicznych, oprawki okular\u00f3w itp.<\/li>\n<li>\u015arednie i du\u017ce cz\u0119\u015bci mechaniczne: Odlewanie ci\u015bnieniowe mo\u017ce by\u0107 r\u00f3wnie\u017c wykorzystywane do produkcji \u015brednich i du\u017cych cz\u0119\u015bci mechanicznych, takich jak cz\u0119\u015bci silnik\u00f3w samochodowych, obudowy urz\u0105dze\u0144 przemys\u0142owych, komponenty lotnicze itp.<\/li>\n<li>Elementy cienko\u015bcienne: technologia odlewania ci\u015bnieniowego umo\u017cliwia produkcj\u0119 element\u00f3w cienko\u015bciennych, takich jak \u017cebra ch\u0142odnicy, obudowy komputer\u00f3w itp.<\/li>\n<li>Z\u0142o\u017cone cz\u0119\u015bci konstrukcyjne: Odlewanie ci\u015bnieniowe mo\u017ce r\u00f3wnie\u017c wytwarza\u0107 cz\u0119\u015bci o z\u0142o\u017conej strukturze, takie jak ko\u0142a z\u0119bate, \u0142opatki turbin, korpusy pomp itp.<\/li>\n<\/ul>\n<p>Kszta\u0142t i rozmiar ko\u0144cowego produktu odlewanego ci\u015bnieniowo nale\u017cy okre\u015bli\u0107 zgodnie z wymaganiami projektowymi i wykonalno\u015bci\u0105 procesu. Nasz zesp\u00f3\u0142 in\u017cynier\u00f3w udzieli profesjonalnych porad i w pe\u0142ni rozwa\u017cy pomys\u0142y produkcyjne.<\/p>\n<p>&nbsp;<\/p>\n<h3>Popularne produkty do odlewania ci\u015bnieniowego i ich zalety<\/h3>\n<p>1. Cz\u0119\u015bci samochodowe:<br \/>\nOdlewanie ci\u015bnieniowe odgrywa kluczow\u0105 rol\u0119 w sektorze motoryzacyjnym, produkuj\u0105c komponenty takie jak bloki silnika, skrzynie bieg\u00f3w, g\u0142owice cylindr\u00f3w i kolektory dolotowe. Zastosowanie odlewania ci\u015bnieniowego zapewnia tworzenie lekkich, ale wytrzyma\u0142ych cz\u0119\u015bci, pomagaj\u0105c poprawi\u0107 zu\u017cycie paliwa i og\u00f3ln\u0105 wydajno\u015b\u0107. Co wi\u0119cej, odlewanie ci\u015bnieniowe u\u0142atwia integracj\u0119 wielu element\u00f3w i z\u0142o\u017conych geometrii, co skutkuje wydajn\u0105 i op\u0142acaln\u0105 produkcj\u0105.<\/p>\n<p>2. Produkty elektroniki u\u017cytkowej:<br \/>\nOdlewanie ci\u015bnieniowe jest szeroko stosowane w produkcji urz\u0105dze\u0144 i komponent\u00f3w elektroniki u\u017cytkowej, takich jak ramki laptop\u00f3w, obudowy smartfon\u00f3w i tablet\u00f3w. Zalet\u0105 tego procesu jest wytwarzanie cienko\u015bciennych cz\u0119\u015bci o doskona\u0142ej wytrzyma\u0142o\u015bci i stabilno\u015bci wymiarowej. Stylowe i wyrafinowane projekty oraz mo\u017cliwo\u015b\u0107 w\u0142\u0105czenia funkcji, takich jak <a href=\"https:\/\/mnwell.com\/pl\/heat-sink\/\">radiatory<\/a> i z\u0142\u0105cza sprawiaj\u0105, \u017ce komponenty odlewane ci\u015bnieniowo s\u0105 idealne do urz\u0105dze\u0144 elektronicznych.<\/p>\n<p>3. Cz\u0119\u015bci lotnicze i obronne:<br \/>\nKluczowe komponenty w przemy\u015ble lotniczym i obronnym s\u0105 cz\u0119sto produkowane przy u\u017cyciu odlew\u00f3w ci\u015bnieniowych. Obejmuje to cz\u0119\u015bci silnik\u00f3w lotniczych, cz\u0119\u015bci konstrukcyjne i sprz\u0119t obronny. <a href=\"https:\/\/mnwell.com\/pl\/custom-die-casting\/\">Odlewanie ci\u015bnieniowe<\/a> mo\u017ce produkowa\u0107 lekkie cz\u0119\u015bci o wysokiej wytrzyma\u0142o\u015bci, kt\u00f3re spe\u0142niaj\u0105 rygorystyczne standardy jako\u015bci i wydajno\u015bci obowi\u0105zuj\u0105ce w tych bran\u017cach.<\/p>\n<p>4. Oprawa o\u015bwietleniowa:<br \/>\nOdlewanie ci\u015bnieniowe jest powszechne w produkcji opraw o\u015bwietleniowych, w tym podstaw lamp, obud\u00f3w i reflektor\u00f3w. Proces ten pomaga tworzy\u0107 z\u0142o\u017cone projekty i precyzyjne detale, co skutkuje atrakcyjnymi wizualnie i funkcjonalnymi produktami. Oprawy o\u015bwietleniowe odlewane ci\u015bnieniowo charakteryzuj\u0105 si\u0119 doskona\u0142ym rozpraszaniem ciep\u0142a, odporno\u015bci\u0105 na korozj\u0119 i trwa\u0142o\u015bci\u0105 oraz nadaj\u0105 si\u0119 do r\u00f3\u017cnych \u015brodowisk.<\/p>\n<p>5. Okucia meblowe:<br \/>\nOdlewanie ci\u015bnieniowe mia\u0142o znacz\u0105cy wp\u0142yw na produkcj\u0119 oku\u0107 meblowych, pomagaj\u0105c w tworzeniu uchwyt\u00f3w, ga\u0142ek i akcesori\u00f3w dekoracyjnych. Proces ten pozwala na tworzenie z\u0142o\u017conych kszta\u0142t\u00f3w i skomplikowanych wzor\u00f3w, kt\u00f3re poprawiaj\u0105 og\u00f3lny wygl\u0105d i funkcjonalno\u015b\u0107 mebli. Odlewane ci\u015bnieniowo okucia meblowe oferuj\u0105 trwa\u0142o\u015b\u0107, odporno\u015b\u0107 na korozj\u0119 i estetyczny wygl\u0105d.<\/p>\n<p>6. sprz\u0119t medyczny:<br \/>\nOdlewanie ci\u015bnieniowe jest wykorzystywane w produkcji sprz\u0119tu i urz\u0105dze\u0144 medycznych do wytwarzania komponent\u00f3w, takich jak narz\u0119dzia chirurgiczne, cz\u0119\u015bci sprz\u0119tu do obrazowania i narz\u0119dzia dentystyczne. Odlewane ci\u015bnieniowo urz\u0105dzenia medyczne oferuj\u0105 wysok\u0105 precyzj\u0119, dok\u0142adno\u015b\u0107 wymiarow\u0105 i doskona\u0142e wyko\u0144czenie powierzchni, zapewniaj\u0105c zgodno\u015b\u0107 z rygorystycznymi wymaganiami bran\u017cy medycznej w zakresie jako\u015bci i wydajno\u015bci.<\/p>\n<p>Podsumowuj\u0105c, odlewanie ci\u015bnieniowe jawi si\u0119 jako wszechstronny proces produkcyjny zdolny do wytwarzania szerokiej gamy produkt\u00f3w wysokiej jako\u015bci. Od cz\u0119\u015bci samochodowych po elektronik\u0119 u\u017cytkow\u0105, od cz\u0119\u015bci lotniczych po okucia meblowe, produkty odlewane ci\u015bnieniowo oferuj\u0105 szereg zalet, takich jak doskona\u0142a dok\u0142adno\u015b\u0107 wymiarowa, skomplikowane projekty i trwa\u0142o\u015b\u0107. Odlewanie ci\u015bnieniowe mo\u017ce przetwarza\u0107 z\u0142o\u017cone kszta\u0142ty i zawiera\u0107 wiele funkcji, dzi\u0119ki czemu jest pierwszym wyborem w r\u00f3\u017cnych bran\u017cach, aby zaspokoi\u0107 r\u00f3\u017cnorodne potrzeby nowoczesnej produkcji.<\/p>\n<p>&nbsp;<\/p>\n<h4>Wybierz zalety MindWell:<\/h4>\n<p>MindWell jest tradycyjn\u0105 firm\u0105 odlewnicz\u0105. Jeste\u015bmy zaanga\u017cowani w badania i rozw\u00f3j technologii odlewania ci\u015bnieniowego, projektowanie produkt\u00f3w i wydajn\u0105 produkcj\u0119. Posiadamy profesjonalny zesp\u00f3\u0142 in\u017cynier\u00f3w z umiej\u0119tno\u015bci\u0105 projektowania produkt\u00f3w i form. Bezpo\u015brednie dokowanie pozwala nam na szybsz\u0105 wycen\u0119. Nasz zesp\u00f3\u0142 sprzeda\u017cy zrobi to dobrze. Stworzymy projekt dla ka\u017cdego z naszych projekt\u00f3w, a ka\u017cdy projekt jest wyposa\u017cony w odpowiednich sprzedawc\u00f3w i in\u017cynier\u00f3w, kt\u00f3rzy odpowiedz\u0105 tak szybko, jak to mo\u017cliwe.<\/p>\n<p><img loading=\"lazy\" decoding=\"async\" class=\"alignnone size-full wp-image-3791\" src=\"http:\/\/mnwell.com\/wp-content\/uploads\/2023\/12\/AYU9598.webp\" alt=\"die casting manufacturers\" width=\"750\" height=\"500\" srcset=\"https:\/\/mnwell.com\/wp-content\/uploads\/2023\/12\/AYU9598.webp 750w, https:\/\/mnwell.com\/wp-content\/uploads\/2023\/12\/AYU9598-18x12.webp 18w, https:\/\/mnwell.com\/wp-content\/uploads\/2023\/12\/AYU9598-600x400.webp 600w\" sizes=\"(max-width: 750px) 100vw, 750px\" \/><\/p>","protected":false},"excerpt":{"rendered":"<p>Produkty wykonane z odlew\u00f3w ci\u015bnieniowych s\u0105 szeroko stosowane w r\u00f3\u017cnych dziedzinach, takich jak sprz\u0119t przemys\u0142owy, samochody, leczenie i meble. Odlewanie ci\u015bnieniowe to wszechstronny proces produkcyjny, kt\u00f3ry wytwarza szerok\u0105 gam\u0119 wysokiej jako\u015bci produkt\u00f3w, w tym cz\u0119\u015bci odlewane ci\u015bnieniowo ze stop\u00f3w aluminium, cynku, magnezu i miedzi. Odlewy ci\u015bnieniowe ze stop\u00f3w aluminium s\u0105 najbardziej powszechne, oferuj\u0105c doskona\u0142e w\u0142a\u015bciwo\u015bci mechaniczne, przewodno\u015b\u0107 ciepln\u0105, przewodno\u015b\u0107 elektryczn\u0105 i odporno\u015b\u0107 na korozj\u0119. Odlewy ci\u015bnieniowe ze stopu cynku s\u0105 stosowane w urz\u0105dzeniach gospodarstwa domowego, instrumentach elektronicznych, cz\u0119\u015bciach samochodowych, sprz\u0119cie budowlanym i r\u0119cznie robionych prezentach. Odlewy ci\u015bnieniowe ze stop\u00f3w magnezu s\u0105 stosowane w silnikach samochodowych, uk\u0142adach hydraulicznych, sprz\u0119cie lotniczym, broni, sprz\u0119cie sportowym i innych dziedzinach. Odlewy ci\u015bnieniowe ze stop\u00f3w miedzi to wysokiej jako\u015bci odlewy ci\u015bnieniowe o dobrej przewodno\u015bci elektrycznej i cieplnej, w po\u0142\u0105czeniu z odporno\u015bci\u0105 na korozj\u0119. Odlewy ci\u015bnieniowe mo\u017cna dostosowa\u0107 do r\u00f3\u017cnych kszta\u0142t\u00f3w i rozmiar\u00f3w, zapewniaj\u0105c jako\u015b\u0107 i korzy\u015bci ekonomiczne. Typowe produkty odlewane ci\u015bnieniowo obejmuj\u0105 cz\u0119\u015bci samochodowe, elektronik\u0119 u\u017cytkow\u0105, cz\u0119\u015bci lotnicze i obronne, oprawy o\u015bwietleniowe, sprz\u0119t meblowy i sprz\u0119t medyczny. MindWell, tradycyjna firma odlewnicza, jest zaanga\u017cowana w badania i rozw\u00f3j technologii odlewania ci\u015bnieniowego, projektowanie produkt\u00f3w i wydajn\u0105 produkcj\u0119.<\/p>","protected":false},"featured_media":1987,"template":"","meta":{"om_disable_all_campaigns":false,"_monsterinsights_skip_tracking":false,"_monsterinsights_sitenote_active":false,"_monsterinsights_sitenote_note":"","_monsterinsights_sitenote_category":0,"_uf_show_specific_survey":0,"_uf_disable_surveys":false,"site-sidebar-layout":"default","site-content-layout":"default","ast-global-header-display":"","ast-banner-title-visibility":"","ast-main-header-display":"","ast-hfb-above-header-display":"","ast-hfb-below-header-display":"","ast-hfb-mobile-header-display":"","site-post-title":"","ast-breadcrumbs-content":"","ast-featured-img":"","footer-sml-layout":"","theme-transparent-header-meta":"default","adv-header-id-meta":"","stick-header-meta":"","header-above-stick-meta":"","header-main-stick-meta":"","header-below-stick-meta":""},"product_cat":[18],"product_tag":[56,458],"aioseo_notices":[],"_links":{"self":[{"href":"https:\/\/mnwell.com\/pl\/wp-json\/wp\/v2\/product\/1986"}],"collection":[{"href":"https:\/\/mnwell.com\/pl\/wp-json\/wp\/v2\/product"}],"about":[{"href":"https:\/\/mnwell.com\/pl\/wp-json\/wp\/v2\/types\/product"}],"wp:featuredmedia":[{"embeddable":true,"href":"https:\/\/mnwell.com\/pl\/wp-json\/wp\/v2\/media\/1987"}],"wp:attachment":[{"href":"https:\/\/mnwell.com\/pl\/wp-json\/wp\/v2\/media?parent=1986"}],"wp:term":[{"taxonomy":"product_cat","embeddable":true,"href":"https:\/\/mnwell.com\/pl\/wp-json\/wp\/v2\/product_cat?post=1986"},{"taxonomy":"product_tag","embeddable":true,"href":"https:\/\/mnwell.com\/pl\/wp-json\/wp\/v2\/product_tag?post=1986"}],"curies":[{"name":"wp","href":"https:\/\/api.w.org\/{rel}","templated":true}]}}