{"id":2893,"date":"2023-08-15T13:48:11","date_gmt":"2023-08-15T11:48:11","guid":{"rendered":"https:\/\/mnwell.com\/?post_type=product&#038;p=2893"},"modified":"2023-08-15T16:48:26","modified_gmt":"2023-08-15T14:48:26","slug":"aluminium-pressure-die-cast-motor-body","status":"publish","type":"product","link":"https:\/\/mnwell.com\/pl\/produkt\/aluminium-pressure-die-cast-motor-body\/","title":{"rendered":"aluminiowy korpus silnika odlewany ci\u015bnieniowo"},"content":{"rendered":"<p>Aluminiowy korpus silnika odlewany ci\u015bnieniowo jest wytwarzany w procesie odlewania ci\u015bnieniowego. Aluminiowa forma odlewnicza jest szybko wype\u0142niana wn\u0119k\u0105 formy odlewniczej w okre\u015blonych warunkach pod wysokim ci\u015bnieniem i jest szybko ch\u0142odzona pod okre\u015blonym ci\u015bnieniem. Proces odlewania ci\u015bnieniowego jest procesem organicznego \u0142\u0105czenia i wykorzystywania trzech element\u00f3w produkcji odlew\u00f3w ci\u015bnieniowych: stopu odlewniczego, formy odlewniczej i maszyny odlewniczej.<\/p>\n<p><img loading=\"lazy\" decoding=\"async\" class=\"alignnone size-full wp-image-2894\" src=\"http:\/\/mnwell.com\/wp-content\/uploads\/2023\/08\/01.webp\" alt=\"aluminium pressure die cast motor body\" width=\"800\" height=\"800\" srcset=\"https:\/\/mnwell.com\/wp-content\/uploads\/2023\/08\/01.webp 800w, https:\/\/mnwell.com\/wp-content\/uploads\/2023\/08\/01-150x150.webp 150w, https:\/\/mnwell.com\/wp-content\/uploads\/2023\/08\/01-768x768.webp 768w, https:\/\/mnwell.com\/wp-content\/uploads\/2023\/08\/01-300x300.webp 300w, https:\/\/mnwell.com\/wp-content\/uploads\/2023\/08\/01-600x600.webp 600w, https:\/\/mnwell.com\/wp-content\/uploads\/2023\/08\/01-100x100.webp 100w\" sizes=\"(max-width: 800px) 100vw, 800px\" \/><\/p>\n<h3>Cechy procesu ci\u015bnieniowego odlewania aluminium:<\/h3>\n<ol>\n<li>Aluminiowe formy odlewnicze maj\u0105 zalety wysokiej precyzji, niskiej chropowato\u015bci powierzchni i wysokiego wykorzystania materia\u0142u. Mog\u0105 nie tylko produkowa\u0107 cz\u0119\u015bci metalowe o skomplikowanych kszta\u0142tach, wyra\u017anych konturach i cienko\u015bciennych g\u0142\u0119bokich wn\u0119kach. Dlatego cz\u0119\u015bci odlewane ci\u015bnieniowo maj\u0105 zwart\u0105 struktur\u0119 i wysok\u0105 wytrzyma\u0142o\u015b\u0107 i twardo\u015b\u0107. wysoka wydajno\u015b\u0107.<\/li>\n<li>Najnowsze konstrukcje obud\u00f3w silnik\u00f3w s\u0105 przeznaczone do produkcji odlew\u00f3w ci\u015bnieniowych. Wymagania stawiane odlewom s\u0105 bardzo rygorystyczne. Aby spe\u0142ni\u0107 wymagania specyfikacji w zakresie wytrzyma\u0142o\u015bci komponent\u00f3w i odporno\u015bci na korozj\u0119, stosuje si\u0119 aluminiowo-krzemowe stopy odlewnicze o niskiej zawarto\u015bci \u017celaza i miedzi.<\/li>\n<li>Obudowa jest ch\u0142odzona za pomoc\u0105 ciek\u0142ego medium.<\/li>\n<li>Aby spe\u0142ni\u0107 wymagania wytrzyma\u0142o\u015bciowe, cz\u0119\u015bci s\u0105 odlewane pod pr\u00f3\u017cni\u0105, a nast\u0119pnie poddawane obr\u00f3bce cieplnej.<\/li>\n<\/ol>\n<h4>Cechy aluminiowych form odlewniczych<\/h4>\n<ul>\n<li>Mo\u017cliwo\u015b\u0107 ukierunkowanego i kontrolowanego wype\u0142niania form.<\/li>\n<li>Optymaln\u0105 pr\u0119dko\u015b\u0107 nape\u0142niania mo\u017cna ustawi\u0107 zgodnie z przekrojem, kt\u00f3ry ma by\u0107 nape\u0142niany,<\/li>\n<li>Tworzenie si\u0119 tlenk\u00f3w i zanieczyszcze\u0144 gazowych jest zminimalizowane.<\/li>\n<li>Dzi\u0119ki zastosowaniu wielu pion\u00f3w, przyrost grubo\u015bci \u015bcianki w odlewie mo\u017ce by\u0107 optymalnie uzupe\u0142niany, a otwory skurczowe s\u0105 w znacznym stopniu t\u0142umione.<\/li>\n<\/ul>\n<h4>Zalety zastosowania stopu aluminium w korpusie silnika<\/h4>\n<p>Zalety materia\u0142u ze stopu aluminium to niewielka waga, dobre odprowadzanie ciep\u0142a, dobra przewodno\u015b\u0107 cieplna, dobra plastyczno\u015b\u0107 w procesie odlewania ci\u015bnieniowego, wi\u0119ksze wyd\u0142u\u017cenie ni\u017c w przypadku \u017celaza, niski poziom ha\u0142asu i dobra stabilno\u015b\u0107 operacyjna. Materia\u0142 ze stopu aluminium stosowany w odlewach ci\u015bnieniowych korpusu silnika ma nast\u0119puj\u0105ce 4 zalety:<\/p>\n<ol>\n<li>Dobre odprowadzanie ciep\u0142a: silnik w procesie pracy, ze wzgl\u0119du na prac\u0119 z du\u017c\u0105 pr\u0119dko\u015bci\u0105, sam silnik wytwarza wysok\u0105 temperatur\u0119, kt\u00f3r\u0105 nale\u017cy uwolni\u0107, wiemy, \u017ce pojemno\u015b\u0107 cieplna aluminium jest bardzo du\u017ca, wi\u0119c materia\u0142 ze stopu aluminium jest bardzo odpowiedni do odlewania ci\u015bnieniowego korpusu silnika.<\/li>\n<li>L\u017cejszy silnik: metalowe aluminium jest l\u017cejsze, a waga ca\u0142ej maszyny mo\u017ce zosta\u0107 zmniejszona. \u0141atwy monta\u017c i przenoszenie.<\/li>\n<li>Dobra plastyczno\u015b\u0107: materia\u0142 ze stopu aluminium jest l\u017cejszy ni\u017c stal, ma dobr\u0105 przewodno\u015b\u0107 ciepln\u0105, dobr\u0105 plastyczno\u015b\u0107, mo\u017ce by\u0107 odlewany ci\u015bnieniowo, a wyd\u0142u\u017cenie jest wy\u017csze ni\u017c w przypadku \u017celaza.<\/li>\n<li>lekki aluminiowy korpus silnika, niski poziom wibracji, niski poziom ha\u0142asu, wodoodporny, py\u0142oszczelny, antykorozyjny, energooszcz\u0119dny, wysoka wydajno\u015b\u0107, wysoka wydajno\u015b\u0107, d\u0142uga \u017cywotno\u015b\u0107.<\/li>\n<\/ol>\n<p><span style=\"font-size: 16px;\">Powy\u017cej przedstawiono zalety materia\u0142u ze stopu aluminium stosowanego jako korpus silnika, oczywi\u015bcie materia\u0142 aluminiowy ma r\u00f3wnie\u017c swoje wady, to znaczy wysok\u0105 cen\u0119, nisk\u0105 twardo\u015b\u0107, bardziej nadaje si\u0119 do urz\u0105dzenia, kt\u00f3re nie musi by\u0107 bardzo poza miejscem, takim jak pokrywa silnika, korpus.<\/span><\/p>\n<p><img loading=\"lazy\" decoding=\"async\" class=\"alignnone size-full wp-image-2896\" src=\"http:\/\/mnwell.com\/wp-content\/uploads\/2023\/08\/02-2.webp\" alt=\"\" width=\"800\" height=\"800\" srcset=\"https:\/\/mnwell.com\/wp-content\/uploads\/2023\/08\/02-2.webp 800w, https:\/\/mnwell.com\/wp-content\/uploads\/2023\/08\/02-2-150x150.webp 150w, https:\/\/mnwell.com\/wp-content\/uploads\/2023\/08\/02-2-768x768.webp 768w, https:\/\/mnwell.com\/wp-content\/uploads\/2023\/08\/02-2-300x300.webp 300w, https:\/\/mnwell.com\/wp-content\/uploads\/2023\/08\/02-2-600x600.webp 600w, https:\/\/mnwell.com\/wp-content\/uploads\/2023\/08\/02-2-100x100.webp 100w\" sizes=\"(max-width: 800px) 100vw, 800px\" \/><\/p>\n<p>&nbsp;<\/p>\n<h4>Obr\u00f3bka powierzchni<\/h4>\n<p>Obr\u00f3bka powierzchni obud\u00f3w silnik\u00f3w ze stop\u00f3w aluminium jest r\u00f3wnie\u017c bardzo wa\u017cna. Obr\u00f3bka powierzchni mo\u017ce poprawi\u0107 jako\u015b\u0107, odporno\u015b\u0107 na korozj\u0119 i estetyk\u0119 obudowy silnika. Typowe metody obr\u00f3bki powierzchni obejmuj\u0105 anodowanie, powlekanie elektroforetyczne, natryskiwanie itp. W\u015br\u00f3d nich najcz\u0119\u015bciej stosowan\u0105 metod\u0105 jest anodowanie, kt\u00f3re mo\u017ce tworzy\u0107 warstw\u0119 pow\u0142oki tlenowej oraz poprawia\u0107 odporno\u015b\u0107 na korozj\u0119 i twardo\u015b\u0107 obudowy silnika. Pow\u0142oka elektroforetyczna i natryskiwanie s\u0105 odpowiednie do tworzenia kolorowych i pi\u0119knych obud\u00f3w silnik\u00f3w.<\/p>\n<p>&nbsp;<\/p>\n<p><img loading=\"lazy\" decoding=\"async\" class=\"alignnone size-full wp-image-2612\" src=\"http:\/\/mnwell.com\/wp-content\/uploads\/2023\/07\/AYU9582.jpg\" alt=\"zinc alloy die casting factory\" width=\"750\" height=\"500\" srcset=\"https:\/\/mnwell.com\/wp-content\/uploads\/2023\/07\/AYU9582.jpg 750w, https:\/\/mnwell.com\/wp-content\/uploads\/2023\/07\/AYU9582-600x400.jpg 600w\" sizes=\"(max-width: 750px) 100vw, 750px\" \/><\/p>\n<p>&nbsp;<\/p>\n<h5>FAQ<\/h5>\n<p>1. Co to jest korpus silnika odlewany ci\u015bnieniowo z aluminium?<\/p>\n<p>Aluminiowy korpus silnika odlewanego ci\u015bnieniowo to cz\u0119\u015b\u0107 korpusu silnika owini\u0119ta wok\u00f3\u0142 zewn\u0119trznej pow\u0142oki silnika, kt\u00f3ra jest wykonana ze stopu aluminium w procesie odlewania ci\u015bnieniowego. Odlewanie ci\u015bnieniowe to metoda produkcji, w kt\u00f3rej stopiony metal jest wtryskiwany do formy, a nast\u0119pnie zestalany do po\u017c\u0105danego kszta\u0142tu pod wysokim ci\u015bnieniem, a metoda ta pozwala na masow\u0105 produkcj\u0119 wymaganego korpusu silnika.<\/p>\n<p>2. Jakie s\u0105 zalety korpus\u00f3w silnik\u00f3w odlewanych ci\u015bnieniowo z aluminium?<\/p>\n<p>Aluminiowy korpus silnika odlewanego ci\u015bnieniowo ma zalety lekko\u015bci, wysokiej wytrzyma\u0142o\u015bci, doskona\u0142ej przewodno\u015bci cieplnej i dobrej jako\u015bci powierzchni dzi\u0119ki zastosowaniu materia\u0142u ze stopu aluminium. Aluminiowy korpus silnika jest produkowany w procesie odlewania ci\u015bnieniowego, proces odlewania ci\u015bnieniowego mo\u017ce wytwarza\u0107 z\u0142o\u017cone kszta\u0142ty i precyzyjne wymiary cz\u0119\u015bci aluminiowych, mo\u017ce by\u0107 dostosowany do kszta\u0142tu konstrukcji silnika, w tym konstrukcji powierzchni radiator\u00f3w przypominaj\u0105cych \u017cebra. Materia\u0142 aluminiowy jest \u0142atwy w obr\u00f3bce i mo\u017ce by\u0107 szeroko produkowany.<\/p>\n<p>3. Jakie s\u0105 obszary zastosowa\u0144 korpus\u00f3w silnik\u00f3w odlewanych ci\u015bnieniowo z aluminium?<\/p>\n<p>Aluminiowy korpus silnika odlewanego ci\u015bnieniowo ma szeroki zakres zastosowa\u0144, r\u00f3\u017cne typy skorupy silnika mog\u0105 by\u0107 stosowane w aluminiowej skorupie odlewniczej, w tym w silnikach przemys\u0142owych, sprz\u0119cie AGD, cz\u0119\u015bciach samochodowych i innych dziedzinach. S\u0105 one zwykle u\u017cywane jako zewn\u0119trzna ochrona i konstrukcja no\u015bna silnika, odgrywaj\u0105c rol\u0119 rozpraszania ciep\u0142a, ochrony.<\/p>\n<p>4. Jakie s\u0105 wzgl\u0119dy konstrukcyjne dla korpusu silnika odlewanego ci\u015bnieniowo z aluminium?<\/p>\n<p>Podczas projektowania korpusu silnika odlewanego ci\u015bnieniowo z aluminium nale\u017cy wzi\u0105\u0107 pod uwag\u0119 wytrzyma\u0142o\u015b\u0107 korpusu, wydajno\u015b\u0107 rozpraszania ciep\u0142a, ekranowanie elektromagnetyczne i inne czynniki. Ponadto nale\u017cy r\u00f3wnie\u017c wzi\u0105\u0107 pod uwag\u0119 wygl\u0105d korpusu, aby sprosta\u0107 faktycznemu zastosowaniu i zapotrzebowaniu rynku. W zale\u017cno\u015bci od r\u00f3\u017cnych zastosowa\u0144 mo\u017cna r\u00f3wnie\u017c rozwa\u017cy\u0107 r\u00f3\u017cne sposoby obr\u00f3bki powierzchni, takie jak malowanie, anodowanie itp.<\/p>\n<p>5. Jakie s\u0105 czynniki wp\u0142ywaj\u0105ce na cen\u0119 odlewanych ci\u015bnieniowo aluminiowych korpus\u00f3w silnik\u00f3w?<\/p>\n<p>Na cen\u0119 aluminiowego korpusu silnika odlewanego ci\u015bnieniowo wp\u0142ywa wiele czynnik\u00f3w, w tym cena materia\u0142u aluminiowego, proces produkcji, rozmiar korpusu, ilo\u015b\u0107 i wymagania jako\u015bciowe. Mo\u017cesz przes\u0142a\u0107 nam swoje rysunki, a my szybko przygotujemy wycen\u0119.<\/p>\n<p>6. Jaka jest metoda konserwacji korpus\u00f3w silnik\u00f3w odlewanych ci\u015bnieniowo z aluminium?<\/p>\n<p>Konserwacja aluminiowego korpusu silnika odlewanego ci\u015bnieniowo zwykle obejmuje regularne sprawdzanie powierzchni pod k\u0105tem uszkodze\u0144, czyszczenie zanieczyszcze\u0144 i utrzymywanie dro\u017cno\u015bci kana\u0142\u00f3w ch\u0142odz\u0105cych.<\/p>\n<p>\u2460 \u015arodowisko u\u017cytkowania silnika odlewanego ci\u015bnieniowo z aluminium powinno by\u0107 zawsze suche, wygl\u0105d silnika powinien by\u0107 utrzymywany w czysto\u015bci, wlot powietrza nie powinien by\u0107 blokowany przez kurz, w\u0142\u00f3kna itp.<br \/>\n\u2461 gdy silnik konserwacji termicznej ci\u0105g\u0142ego dzia\u0142ania, powinien zidentyfikowa\u0107 usterk\u0119 silnika lub przeci\u0105\u017cenie lub warto\u015b\u0107 ustawienia urz\u0105dzenia konserwacyjnego jest zbyt niska, wyeliminowa\u0107 usterk\u0119 przed uruchomieniem.<br \/>\n\u2462 Podczas pracy silnika nale\u017cy zapewni\u0107 dobre smarowanie. Po oko\u0142o 5000 godzin pracy silnika nale\u017cy uzupe\u0142ni\u0107 lub wymieni\u0107 smar, w przypadku przegrzania \u0142o\u017cyska lub metamorfozy smarowania nale\u017cy w odpowiednim czasie wymieni\u0107 smar hydrauliczny. Wymiana smaru, powinna usun\u0105\u0107 stary smar i benzyn\u0119 do mycia \u0142o\u017cysk i rowka olejowego pokrywy \u0142o\u017cyska, a nast\u0119pnie smar litowy ZL-3 wype\u0142niaj\u0105cy wn\u0119k\u0119 mi\u0119dzy wewn\u0119trznymi i zewn\u0119trznymi pier\u015bcieniami \u0142o\u017cyska 1\/2 do 2 biegun\u00f3w, 2\/3 do 468 biegun\u00f3w.<br \/>\n\u2463 Gdy \u017cywotno\u015b\u0107 \u0142o\u017cysk dobiegnie ko\u0144ca, wibracje i ha\u0142as pracy silnika wyra\u017anie wzrosn\u0105, sprawd\u017a luz promieniowy \u0142o\u017cysk, aby osi\u0105gn\u0105\u0107 nast\u0119puj\u0105ce warto\u015bci, a nast\u0119pnie \u0142o\u017cyska nale\u017cy wymieni\u0107.<br \/>\n\u2464 Podczas monta\u017cu silnika mo\u017cna zdemontowa\u0107 wirnik zar\u00f3wno od strony przed\u0142u\u017cenia wa\u0142u, jak i od strony bez przed\u0142u\u017cenia. Je\u015bli demonta\u017c wentylatora nie jest konieczny, wygodniej jest wymontowa\u0107 wirnik z niewyd\u0142u\u017conego ko\u0144ca. Podczas wyjmowania wirnika ze stojana nale\u017cy zapobiec uszkodzeniu uzwoje\u0144 lub izolacji stojana.<\/p>\n<p>Podczas wymiany uzwojenia nale\u017cy zanotowa\u0107 kszta\u0142t, rozmiar i liczb\u0119 zwoj\u00f3w oryginalnego uzwojenia, przekr\u00f3j drutu itp. Gdy dane te zostan\u0105 utracone, nale\u017cy je uzyska\u0107 od producenta. Zmiana oryginalnej konstrukcji uzwojenia cz\u0119sto pogarsza wydajno\u015b\u0107 okre\u015blonego elementu lub element\u00f3w silnika, a nawet uniemo\u017cliwia jego u\u017cycie.<\/p>","protected":false},"excerpt":{"rendered":"<p>Aluminiowy korpus silnika odlewanego ci\u015bnieniowo polega na wtryskiwaniu stopionego stopu aluminium do formy, ch\u0142odzeniu i zestalaniu go pod wysokim ci\u015bnieniem, a na koniec uzyskiwaniu po\u017c\u0105danego kszta\u0142tu cz\u0119\u015bci. Ma to nast\u0119puj\u0105ce zalety:<\/p>\n<ul>\n<li>lekki<\/li>\n<li>Wydajno\u015b\u0107 cieplna<\/li>\n<li>w\u0142a\u015bciwo\u015bci mechaniczne<\/li>\n<li>skomplikowany kszta\u0142t<\/li>\n<li>Wydajno\u015b\u0107<\/li>\n<\/ul>","protected":false},"featured_media":2894,"template":"","meta":{"om_disable_all_campaigns":false,"_monsterinsights_skip_tracking":false,"_monsterinsights_sitenote_active":false,"_monsterinsights_sitenote_note":"","_monsterinsights_sitenote_category":0,"_uf_show_specific_survey":0,"_uf_disable_surveys":false,"site-sidebar-layout":"default","site-content-layout":"default","ast-global-header-display":"","ast-banner-title-visibility":"","ast-main-header-display":"","ast-hfb-above-header-display":"","ast-hfb-below-header-display":"","ast-hfb-mobile-header-display":"","site-post-title":"","ast-breadcrumbs-content":"","ast-featured-img":"","footer-sml-layout":"","theme-transparent-header-meta":"default","adv-header-id-meta":"","stick-header-meta":"","header-above-stick-meta":"","header-main-stick-meta":"","header-below-stick-meta":""},"product_cat":[18],"product_tag":[159,161,160],"aioseo_notices":[],"_links":{"self":[{"href":"https:\/\/mnwell.com\/pl\/wp-json\/wp\/v2\/product\/2893"}],"collection":[{"href":"https:\/\/mnwell.com\/pl\/wp-json\/wp\/v2\/product"}],"about":[{"href":"https:\/\/mnwell.com\/pl\/wp-json\/wp\/v2\/types\/product"}],"wp:featuredmedia":[{"embeddable":true,"href":"https:\/\/mnwell.com\/pl\/wp-json\/wp\/v2\/media\/2894"}],"wp:attachment":[{"href":"https:\/\/mnwell.com\/pl\/wp-json\/wp\/v2\/media?parent=2893"}],"wp:term":[{"taxonomy":"product_cat","embeddable":true,"href":"https:\/\/mnwell.com\/pl\/wp-json\/wp\/v2\/product_cat?post=2893"},{"taxonomy":"product_tag","embeddable":true,"href":"https:\/\/mnwell.com\/pl\/wp-json\/wp\/v2\/product_tag?post=2893"}],"curies":[{"name":"wp","href":"https:\/\/api.w.org\/{rel}","templated":true}]}}