{"id":3613,"date":"2023-11-18T16:50:55","date_gmt":"2023-11-18T15:50:55","guid":{"rendered":"https:\/\/mnwell.com\/?post_type=product&#038;p=3613"},"modified":"2023-11-18T16:54:11","modified_gmt":"2023-11-18T15:54:11","slug":"aluminum-die-casting-products","status":"publish","type":"product","link":"https:\/\/mnwell.com\/pl\/produkt\/aluminum-die-casting-products\/","title":{"rendered":"produkty do odlewania ci\u015bnieniowego aluminium"},"content":{"rendered":"<p>Produkty odlewane ci\u015bnieniowo z aluminium maj\u0105 du\u017ce znaczenie w obecnej produkcji przemys\u0142owej i znajduj\u0105 szerokie zastosowanie w r\u00f3\u017cnych bran\u017cach. Wraz z ci\u0105g\u0142ym rozwojem spo\u0142ecze\u0144stwa, rosn\u0105ce wymagania dotycz\u0105ce stylu \u017cycia ludzi nap\u0119dzaj\u0105 ci\u0105g\u0142y rozw\u00f3j technologii odlewania ci\u015bnieniowego aluminium w procesie produkcyjnym.<\/p>\n<p>Zastosowanie komponent\u00f3w odlewanych ci\u015bnieniowo z aluminium jest u\u0142atwione dzi\u0119ki doskona\u0142ej p\u0142ynno\u015bci i plastyczno\u015bci materia\u0142\u00f3w i stop\u00f3w aluminium. Umo\u017cliwia to produkcj\u0119 r\u00f3\u017cnych skomplikowanych i wymagaj\u0105cych komponent\u00f3w odlewanych ci\u015bnieniowo. Komponenty odlewane ze stop\u00f3w aluminium i metalicznego aluminium wykazuj\u0105 wysok\u0105 precyzj\u0119 i g\u0142adko\u015b\u0107 powierzchni, znacznie zmniejszaj\u0105c wymagania dotycz\u0105ce obr\u00f3bki mechanicznej. To z kolei znacznie zmniejsza ilo\u015b\u0107 pracoch\u0142onnej pracy, jednocze\u015bnie oszcz\u0119dzaj\u0105c energi\u0119 i materia\u0142y metaliczne.<\/p>\n<p>W MNWELL obiecujemy najwy\u017csz\u0105 jako\u015b\u0107 produkt\u00f3w odlewanych ci\u015bnieniowo. Nasze zaanga\u017cowanie obejmuje rygorystyczn\u0105 kontrol\u0119 jako\u015bci, najnowocze\u015bniejsz\u0105 technologi\u0119, wykwalifikowane rzemios\u0142o, najwy\u017cszej jako\u015bci materia\u0142y, niestandardowe opcje, terminowe dostawy i skupienie si\u0119 na odpowiedzialno\u015bci za \u015brodowisko. Zaufaj MNWELL w kwestii doskona\u0142o\u015bci odlew\u00f3w ci\u015bnieniowych.<\/p>\n<h3>G\u0142\u00f3wne zalety produkt\u00f3w odlewanych z aluminium to:<\/h3>\n<ol>\n<li>Wygl\u0105d komponent\u00f3w odlewanych ci\u015bnieniowo z aluminium jest estetyczny, a ich waga jest stosunkowo niewielka, dzi\u0119ki czemu s\u0105 \u0142atwe w obs\u0142udze i transporcie podczas pracy.<\/li>\n<li>G\u0119sto\u015b\u0107 stopu aluminium jest znacznie ni\u017csza ni\u017c \u017celiwa i stali, ale jego wytrzyma\u0142o\u015b\u0107 i odporno\u015b\u0107 na korozj\u0119 s\u0105 znacznie wy\u017csze. W zwi\u0105zku z tym, zastosowanie komponent\u00f3w odlewanych ci\u015bnieniowo z aluminium mo\u017ce zmniejszy\u0107 ca\u0142kowit\u0105 wag\u0119 konstrukcji przy takim samym obci\u0105\u017ceniu.<\/li>\n<li>Powierzchnia stopu aluminium ma dobry po\u0142ysk, a jego wydajno\u015b\u0107 odlewania jest godna pochwa\u0142y.<\/li>\n<li>Wydajno\u015b\u0107 mechaniczna i wytrzyma\u0142o\u015b\u0107 na rozci\u0105ganie element\u00f3w odlewanych ci\u015bnieniowo z aluminium wykazuj\u0105 znaczn\u0105 odporno\u015b\u0107 podczas p\u0119kania materia\u0142u w procesie produkcyjnym. Do pewnego stopnia ich wsp\u00f3\u0142czynnik wyd\u0142u\u017cenia s\u0142u\u017cy jako wska\u017anik do pomiaru krucho\u015bci i plastyczno\u015bci materia\u0142u. Twardo\u015b\u0107 to odporno\u015b\u0107 powierzchni materia\u0142u na odkszta\u0142cenia plastyczne spowodowane naciskiem lub tarciem twardych przedmiot\u00f3w.<\/li>\n<li>Temperatura robocza i wilgotno\u015b\u0107, a tak\u017ce wymagania dotycz\u0105ce \u015bredniego kontaktu i szczelno\u015bci komponent\u00f3w odlewanych ci\u015bnieniowo z aluminium, mog\u0105 spe\u0142nia\u0107 odpowiednie specyfikacje dla ca\u0142ego produktu.<\/li>\n<li>Dok\u0142adno\u015b\u0107 wymiarowa i chropowato\u015b\u0107 powierzchni element\u00f3w odlewanych ci\u015bnieniowo z aluminium ma bezpo\u015bredni wp\u0142yw na takie czynniki jak pr\u0119dko\u015b\u0107 robocza pomp i uk\u0142ad\u00f3w hydraulicznych oraz rozw\u00f3j kawitacji. Wytrzyma\u0142o\u015b\u0107 i odporno\u015b\u0107 na szok termiczny odlew\u00f3w aluminiowych, takich jak bloki silnika, g\u0142owice cylindr\u00f3w, tuleje cylindrowe, pier\u015bcienie t\u0142okowe i rury wydechowe, b\u0119d\u0105 mia\u0142y bezpo\u015bredni wp\u0142yw na \u017cywotno\u015b\u0107 silnika.<\/li>\n<\/ol>\n<h3>Czym jest odlewanie ci\u015bnieniowe aluminium?<\/h3>\n<p>&nbsp;<\/p>\n<p><img loading=\"lazy\" decoding=\"async\" class=\"alignnone size-full wp-image-3614\" src=\"http:\/\/mnwell.com\/wp-content\/uploads\/2023\/11\/DJI_0285.jpg\" alt=\"aluminum die casting products\" width=\"800\" height=\"800\" srcset=\"https:\/\/mnwell.com\/wp-content\/uploads\/2023\/11\/DJI_0285.jpg 800w, https:\/\/mnwell.com\/wp-content\/uploads\/2023\/11\/DJI_0285-150x150.jpg 150w, https:\/\/mnwell.com\/wp-content\/uploads\/2023\/11\/DJI_0285-768x768.jpg 768w, https:\/\/mnwell.com\/wp-content\/uploads\/2023\/11\/DJI_0285-12x12.jpg 12w, https:\/\/mnwell.com\/wp-content\/uploads\/2023\/11\/DJI_0285-300x300.jpg 300w, https:\/\/mnwell.com\/wp-content\/uploads\/2023\/11\/DJI_0285-600x600.jpg 600w, https:\/\/mnwell.com\/wp-content\/uploads\/2023\/11\/DJI_0285-100x100.jpg 100w\" sizes=\"(max-width: 800px) 100vw, 800px\" \/><br \/>\nOdlewanie ci\u015bnieniowe aluminium to precyzyjny proces produkcyjny, kt\u00f3ry wykorzystuje wysokie ci\u015bnienie do topienia i wtryskiwania stopu aluminium do formy. Po sch\u0142odzeniu forma jest otwierana, a uformowany produkt jest wyjmowany. Proces ten jest wydajny, przyjazny dla \u015brodowiska, zdolny do produkcji komponent\u00f3w o z\u0142o\u017conych kszta\u0142tach i szeroko stosowany w r\u00f3\u017cnych ga\u0142\u0119ziach przemys\u0142u.<\/p>\n<p>W naszej firmie precyzja i jako\u015b\u0107 maj\u0105 ogromne znaczenie. Dotyczy to nie tylko wygl\u0105du produktu, ale tak\u017ce jego wydajno\u015bci i \u017cywotno\u015bci. Nasze produkty s\u0105 wytwarzane w \u015bcis\u0142ej zgodno\u015bci z mi\u0119dzynarodowymi standardami jako\u015bci i d\u0105\u017cymy do doskona\u0142o\u015bci w ka\u017cdym aspekcie.<\/p>\n<p>Nasze produkty odlewane ci\u015bnieniowo z aluminium s\u0105 zgodne z mi\u0119dzynarodow\u0105 norm\u0105 jako\u015bci ISO\/TS 16949, og\u00f3lnie przyj\u0119tym systemem zarz\u0105dzania jako\u015bci\u0105 w bran\u017cy. <a href=\"https:\/\/mnwell.com\/pl\/automotive-industry\/\">przemys\u0142 motoryzacyjny<\/a>. Ponadto nasze produkty s\u0105 zgodne z normami ochrony \u015brodowiska, takimi jak RoHS i REACH, dzi\u0119ki czemu s\u0105 przyjazne dla \u015brodowiska.<\/p>\n<p>Doskonale wiemy, \u017ce tylko dzi\u0119ki ci\u0105g\u0142emu podnoszeniu jako\u015bci produkt\u00f3w mo\u017cemy sprosta\u0107 ostrej konkurencji rynkowej. B\u0119dziemy nadal przestrzega\u0107 wysokich standard\u00f3w i surowych wymaga\u0144, aby zapewni\u0107 globalnym klientom <a href=\"https:\/\/mnwell.com\/pl\/10-high-quality-aluminum-die-casting-products-from-chinas-leading-manufacturers\/\">Wysokiej jako\u015bci produkty odlewane ci\u015bnieniowo z aluminium<\/a> i us\u0142ug.<\/p>\n<p>&nbsp;<\/p>\n<h3>Mindwell: Zr\u00f3\u017cnicowany producent produkt\u00f3w odlewanych ci\u015bnieniowo z aluminium<\/h3>\n<p>W dziedzinie <a href=\"https:\/\/mnwell.com\/pl\/aluminum-die-casting\/\">odlew aluminiowy<\/a>Mindwell Company jest profesjonalnym producentem w Chinach. Oferujemy zr\u00f3\u017cnicowan\u0105 gam\u0119 produkt\u00f3w szeroko stosowanych w r\u00f3\u017cnych ga\u0142\u0119ziach przemys\u0142u, w tym w motoryzacji, elektronice i sprz\u0119cie przemys\u0142owym.<\/p>\n<h4>Cz\u0119\u015bci samochodowe<\/h4>\n<p>Mindwell dostarcza szereg wysokiej jako\u015bci aluminiowych cz\u0119\u015bci odlewanych ci\u015bnieniowo dla przemys\u0142u motoryzacyjnego, w tym mi\u0119dzy innymi:<\/p>\n<ul>\n<li>Komponenty silnika: takie jak g\u0142owica cylindra, pokrywa cylindra, t\u0142ok itp. Wysoka jako\u015b\u0107 i wydajno\u015b\u0107 tych komponent\u00f3w ma kluczowe znaczenie dla osi\u0105g\u00f3w silnika.<\/li>\n<li>Elementy podwozia i zawieszenia, takie jak zaciski hamulcowe, wsporniki i elementy zawieszenia, maj\u0105 kluczowe znaczenie dla stabilno\u015bci i bezpiecze\u0144stwa pojazdu.<\/li>\n<li>Wymienniki ciep\u0142a, takie jak <a href=\"https:\/\/mnwell.com\/pl\/produkt\/die-cast-aluminum-heat-sink\/\">aluminiowe radiatory<\/a>Intercoolery itp. s\u0105 wykorzystywane do optymalizacji uk\u0142ad\u00f3w ch\u0142odzenia silnika.<\/li>\n<\/ul>\n<h4>Komponent elektroniczny<\/h4>\n<p>Nasza oferta komponent\u00f3w elektronicznych obejmuje:<\/p>\n<ul>\n<li>Obudowa zasilacza i komponenty wewn\u0119trzne: takie jak obudowy transformator\u00f3w, modu\u0142y mocy itp. Do produkcji tych komponent\u00f3w wykorzystujemy technologi\u0119 precyzyjnego odlewania ci\u015bnieniowego, aby zapewni\u0107 ich wysok\u0105 wydajno\u015b\u0107 i stabilno\u015b\u0107.<\/li>\n<li>Z\u0142\u0105cza: Produkujemy r\u00f3\u017cnego rodzaju z\u0142\u0105cza, w tym USB, HDMI itp. w celu zaspokojenia potrzeb stale rozwijaj\u0105cego si\u0119 rynku sprz\u0119tu elektronicznego.<\/li>\n<\/ul>\n<h4>Wyposa\u017cenie przemys\u0142owe<\/h4>\n<p>W dziedzinie urz\u0105dze\u0144 przemys\u0142owych dostarczane przez nas produkty obejmuj\u0105:<\/p>\n<ul>\n<li>Pompy i zawory: Nasze pompy i zawory s\u0105 produkowane w technologii odlew\u00f3w aluminiowych, dzi\u0119ki czemu s\u0105 wydajne, trwa\u0142e i \u0142atwe w konserwacji.<\/li>\n<li>Spr\u0119\u017carki i wentylatory: Produkty te s\u0105 wykorzystywane w r\u00f3\u017cnych zastosowaniach przemys\u0142owych, takich jak ch\u0142odnictwo, wentylacja itp.<\/li>\n<li>Urz\u0105dzenia automatyki: Oferujemy szerok\u0105 gam\u0119 komponent\u00f3w aluminiowych do urz\u0105dze\u0144 automatyki przemys\u0142owej, aby spe\u0142ni\u0107 ich wymagania w zakresie wydajno\u015bci, precyzji i trwa\u0142o\u015bci.<\/li>\n<\/ul>\n<p>W Mindwell wiemy, \u017ce ka\u017cdy klient i ka\u017cdy projekt jest wyj\u0105tkowy, dlatego zawsze \u015bci\u015ble wsp\u00f3\u0142pracujemy z klientami i zachowujemy poufno\u015b\u0107 ich projekt\u00f3w. Dok\u0142adamy wszelkich stara\u0144, aby zaspokaja\u0107 indywidualne potrzeby naszych klient\u00f3w i dostarcza\u0107 produkty i us\u0142ugi dostosowane do ich potrzeb.<br \/>\nJako profesjonalny producent odlew\u00f3w aluminiowych, Mindwell zawsze przestrzega\u0142 zasad innowacji technologicznych i jako\u015bci. Posiadamy zaawansowany sprz\u0119t produkcyjny, znakomit\u0105 technologi\u0119 i rygorystyczny system zarz\u0105dzania jako\u015bci\u0105, aby zapewni\u0107, \u017ce nasze produkty spe\u0142niaj\u0105 najwy\u017csze standardy wydajno\u015bci, jako\u015bci i trwa\u0142o\u015bci. Naszym celem jest sta\u0107 si\u0119 zaufanym partnerem dla naszych klient\u00f3w, dostarczaj\u0105c im produkty i us\u0142ugi najwy\u017cszej jako\u015bci.<\/p>\n<figure id=\"attachment_3615\" aria-describedby=\"caption-attachment-3615\" style=\"width: 750px\" class=\"wp-caption alignnone\"><img loading=\"lazy\" decoding=\"async\" class=\"wp-image-3615 size-full\" src=\"http:\/\/mnwell.com\/wp-content\/uploads\/2023\/11\/AYU9594.jpg\" alt=\"Mindwell Company quality guarantee\" width=\"750\" height=\"500\" srcset=\"https:\/\/mnwell.com\/wp-content\/uploads\/2023\/11\/AYU9594.jpg 750w, https:\/\/mnwell.com\/wp-content\/uploads\/2023\/11\/AYU9594-18x12.jpg 18w, https:\/\/mnwell.com\/wp-content\/uploads\/2023\/11\/AYU9594-600x400.jpg 600w\" sizes=\"(max-width: 750px) 100vw, 750px\" \/><figcaption id=\"caption-attachment-3615\" class=\"wp-caption-text\">Gwarancja jako\u015bci firmy Mindwell<\/figcaption><\/figure>\n<h3>Gwarancja jako\u015bci<\/h3>\n<p>Mindwell Company always adheres to the principle of quality first, and we have adopted a variety of measures and processes in factory quality control to ensure product durability and precision.<\/p>\n<ol>\n<li>Raw material control: We strictly control the quality of raw materials to ensure that the aluminum alloy used meets the customer&#8217;s specifications. All raw materials undergo strict quality inspection, including tests on chemical composition, mechanical properties, etc., to ensure that they meet our quality standards.<\/li>\n<li>Mold Management: We have an experienced mold <a href=\"https:\/\/mnwell.com\/pl\/mold-design\/\">projekt<\/a> and manufacturing team to ensure the accuracy and service life of the mold. During the production process, we regularly maintain and inspect the molds to ensure they are in good working condition.<\/li>\n<li>Production process control: During the production process, we have adopted a variety of quality control measures, including pressure testing, dimensional inspection, <a href=\"https:\/\/mnwell.com\/pl\/surface-treatment\/\">obr\u00f3bka powierzchni<\/a>, etc. Each step of the production process is strictly operated in accordance with specified parameters and standards to ensure product stability and consistency.<\/li>\n<li>Quality Inspection: Our products undergo multiple quality inspections, including first-article inspection, process inspection, and final inspection. These inspections are designed to ensure the durability and accuracy of the product, as well as compliance with customer specifications.<\/li>\n<li>Environmental control: We attach great importance to environmental protection and strictly control the discharge of pollutants such as waste gas, waste water, and noise during the production process. Our factories are equipped with advanced environmental protection facilities to reduce environmental impact.<\/li>\n<\/ol>\n<p>To ensure product durability and accuracy, we employ a variety of testing procedures. These include:<\/p>\n<ol>\n<li>Fatigue test: Test the durability and stability of the product by simulating the fatigue of the product in actual use.<\/li>\n<li>Load test: Apply a certain load to the product to test its capacity and performance.<\/li>\n<li>Dimensional accuracy inspection: Use precision measuring equipment to inspect the dimensions of the product to ensure that it meets specification requirements.<\/li>\n<li>Air tightness test: Used to detect whether the product is leaking to ensure the sealing performance of the product.<\/li>\n<\/ol>\n<p>Our products adhere to the international quality standard ISO\/TS 16949, which is a generally accepted quality management system in the automotive industry. In addition, our products also comply with environmental protection standards such as RoHS and REACH, making them environmentally friendly. These certifications and standards highlight our expertise and rigor in quality control.<\/p>\n<p><img loading=\"lazy\" decoding=\"async\" class=\"alignnone wp-image-3146 size-full\" src=\"http:\/\/mnwell.com\/wp-content\/uploads\/2023\/09\/AYU9598.webp\" alt=\"aluminum die casting companies\" width=\"750\" height=\"500\" srcset=\"https:\/\/mnwell.com\/wp-content\/uploads\/2023\/09\/AYU9598.webp 750w, https:\/\/mnwell.com\/wp-content\/uploads\/2023\/09\/AYU9598-600x400.webp 600w\" sizes=\"(max-width: 750px) 100vw, 750px\" \/><\/p>\n<p>Mindwell Company is committed to providing customers with high-quality <a href=\"https:\/\/mnwell.com\/pl\/aluminum-die-casting-products-revolutionizing-manufacturing-excellence\/\">produkty do odlewania ci\u015bnieniowego aluminium<\/a> and services. Our products are manufactured in line with sustainable development strategies; aluminum materials are not wasted; waste gas treatment and other environmental protection concepts are in place.<\/p>\n<p>To better meet your needs, you can contact our sales team via phone, email, or online chat, and we will be happy to provide you with a quick quote, samples, or more information.<\/p>\n<h3>podsumowuj\u0105c<\/h3>\n<p>Overall, Mindwell is a professional aluminum die-casting manufacturer dedicated to providing customers with high-quality, high-precision aluminum die-casting products. Our products are widely used in various fields, including automobiles, electronics, and industrial equipment. We focus on the selection and quality control of raw materials, and we adopt advanced production equipment and technology to ensure product accuracy and durability. In addition, we also provide personalized customization services to meet our customers&#8217; specific needs. Please feel free to contact us at any time.<\/p>","protected":false},"excerpt":{"rendered":"<p>Produkty odlewane ci\u015bnieniowo z aluminium to wysokiej jako\u015bci produkty wytwarzane przy u\u017cyciu technologii odlewania ci\u015bnieniowego aluminium. Proces ten polega na topieniu stopu aluminium i wtryskiwaniu go do formy. Po sch\u0142odzeniu forma jest otwierana, a uformowany produkt jest wyjmowany. Produkty odlewane ci\u015bnieniowo z aluminium maj\u0105 zalety wysokiej precyzji, wysokiej wytrzyma\u0142o\u015bci, odporno\u015bci na korozj\u0119 itp. i s\u0105 szeroko stosowane w samochodach, elektronice, komunikacji, maszynach i innych dziedzinach.<br \/>\nKszta\u0142t: dostosowany<br \/>\nMiejsce pochodzenia: Xiamen, Chiny<br \/>\nMateria\u0142: aluminium, stop aluminium<br \/>\nRysunki: wszystkie obs\u0142ugiwane<br \/>\nOpakowanie: drewniane pude\u0142ko, bawe\u0142na per\u0142owa, zgodnie z wymaganiami<\/p>","protected":false},"featured_media":3614,"template":"","meta":{"om_disable_all_campaigns":false,"_monsterinsights_skip_tracking":false,"_monsterinsights_sitenote_active":false,"_monsterinsights_sitenote_note":"","_monsterinsights_sitenote_category":0,"_uf_show_specific_survey":0,"_uf_disable_surveys":false,"site-sidebar-layout":"default","site-content-layout":"default","ast-global-header-display":"","ast-banner-title-visibility":"","ast-main-header-display":"","ast-hfb-above-header-display":"","ast-hfb-below-header-display":"","ast-hfb-mobile-header-display":"","site-post-title":"","ast-breadcrumbs-content":"","ast-featured-img":"","footer-sml-layout":"","theme-transparent-header-meta":"default","adv-header-id-meta":"","stick-header-meta":"","header-above-stick-meta":"","header-main-stick-meta":"","header-below-stick-meta":""},"product_cat":[18],"product_tag":[390,394,393,395,392,396,389,391],"aioseo_notices":[],"_links":{"self":[{"href":"https:\/\/mnwell.com\/pl\/wp-json\/wp\/v2\/product\/3613"}],"collection":[{"href":"https:\/\/mnwell.com\/pl\/wp-json\/wp\/v2\/product"}],"about":[{"href":"https:\/\/mnwell.com\/pl\/wp-json\/wp\/v2\/types\/product"}],"wp:featuredmedia":[{"embeddable":true,"href":"https:\/\/mnwell.com\/pl\/wp-json\/wp\/v2\/media\/3614"}],"wp:attachment":[{"href":"https:\/\/mnwell.com\/pl\/wp-json\/wp\/v2\/media?parent=3613"}],"wp:term":[{"taxonomy":"product_cat","embeddable":true,"href":"https:\/\/mnwell.com\/pl\/wp-json\/wp\/v2\/product_cat?post=3613"},{"taxonomy":"product_tag","embeddable":true,"href":"https:\/\/mnwell.com\/pl\/wp-json\/wp\/v2\/product_tag?post=3613"}],"curies":[{"name":"wp","href":"https:\/\/api.w.org\/{rel}","templated":true}]}}