{"id":3715,"date":"2023-12-16T15:57:21","date_gmt":"2023-12-16T14:57:21","guid":{"rendered":"https:\/\/mnwell.com\/?post_type=product&#038;p=3715"},"modified":"2023-12-16T16:05:58","modified_gmt":"2023-12-16T15:05:58","slug":"low-pressure-die-casting-products","status":"publish","type":"product","link":"https:\/\/mnwell.com\/pl\/produkt\/low-pressure-die-casting-products\/","title":{"rendered":"produkty do odlewania ci\u015bnieniowego pod niskim ci\u015bnieniem"},"content":{"rendered":"<p>Niskoci\u015bnieniowe odlewanie ci\u015bnieniowe (LPDC) to wydajny i op\u0142acalny proces produkcyjny wykorzystywany do wytwarzania szerokiej gamy wysokiej jako\u015bci produkt\u00f3w metalowych. Proces ten jest szczeg\u00f3lnie odpowiedni do tworzenia z\u0142o\u017conych kszta\u0142t\u00f3w i skomplikowanych projekt\u00f3w o doskona\u0142ej dok\u0142adno\u015bci wymiarowej i wyko\u0144czeniu powierzchni. W Mindwell Manufacturing specjalizujemy si\u0119 w produkcji najlepszych w swojej klasie niskoci\u015bnieniowych odlew\u00f3w ci\u015bnieniowych, kt\u00f3re spe\u0142niaj\u0105 najwy\u017csze standardy bran\u017cowe.<\/p>\n<h3>Proces odlewania ci\u015bnieniowego LPDC<\/h3>\n<p>LPDC <a href=\"https:\/\/mnwell.com\/pl\/alu-die-casting\/\">odlewanie ci\u015bnieniowe<\/a> Proces ten polega na wtryskiwaniu stopionego metalu do stalowej formy wielokrotnego u\u017cytku pod stosunkowo niskim ci\u015bnieniem. Forma jest wst\u0119pnie podgrzewana i powlekana \u015brodkiem antyadhezyjnym w celu zapewnienia p\u0142ynnego przep\u0142ywu metalu. Niskie ci\u015bnienie pomaga zminimalizowa\u0107 turbulencje, zmniejszy\u0107 porowato\u015b\u0107 i zapewni\u0107 sp\u00f3jne wype\u0142nienie wn\u0119ki formy.<\/p>\n<p>Nasi wykwalifikowani technicy dok\u0142adnie monitoruj\u0105 ca\u0142y proces LPDC, zapewniaj\u0105c precyzyjn\u0105 kontrol\u0119 temperatury, ci\u015bnienia i czasu. Ta dba\u0142o\u015b\u0107 o szczeg\u00f3\u0142y gwarantuje produkcj\u0119 wolnych od wad produkt\u00f3w o doskona\u0142ych w\u0142a\u015bciwo\u015bciach mechanicznych i integralno\u015bci strukturalnej.<\/p>\n<p>&nbsp;<\/p>\n<h3>Zalety niskoci\u015bnieniowego odlewania ci\u015bnieniowego<\/h3>\n<p>Niskoci\u015bnieniowe odlewanie ci\u015bnieniowe oferuje kilka zalet w por\u00f3wnaniu z innymi metodami odlewania, co czyni je pierwszym wyborem w wielu bran\u017cach:<\/p>\n<ul>\n<li>Doskona\u0142e wyko\u0144czenie powierzchni: Niskie turbulencje i kontrolowane wype\u0142nianie wn\u0119ki formy skutkuj\u0105 g\u0142adkim, nieskazitelnym wyko\u0144czeniem powierzchni, zmniejszaj\u0105c potrzeb\u0119 dodatkowej obr\u00f3bki ko\u0144cowej.<br \/>\nZ\u0142o\u017cone geometrie: LPDC mo\u017ce tworzy\u0107 skomplikowane kszta\u0142ty, kt\u00f3re s\u0105 trudne do osi\u0105gni\u0119cia w innych procesach odlewania.<\/li>\n<li>Wysoka dok\u0142adno\u015b\u0107 wymiarowa: Precyzyjna kontrola parametr\u00f3w odlewania zapewnia doskona\u0142\u0105 dok\u0142adno\u015b\u0107 wymiarow\u0105, zmniejszaj\u0105c potrzeb\u0119 kosztownych przer\u00f3bek lub obr\u00f3bki skrawaniem.<br \/>\nOp\u0142acalno\u015b\u0107: LPDC to wydajny proces, kt\u00f3ry minimalizuje ilo\u015b\u0107 odpad\u00f3w materia\u0142owych i wymaga mniejszej liczby etap\u00f3w obr\u00f3bki ko\u0144cowej, co przek\u0142ada si\u0119 na oszcz\u0119dno\u015b\u0107 koszt\u00f3w.<\/li>\n<li>Doskona\u0142e w\u0142a\u015bciwo\u015bci mechaniczne: Kontrolowany proces krzepni\u0119cia w niskoci\u015bnieniowym odlewaniu ci\u015bnieniowym skutkuje produktami o doskona\u0142ych w\u0142a\u015bciwo\u015bciach mechanicznych, w tym wysokiej wytrzyma\u0142o\u015bci i zwi\u0119kszonej odporno\u015bci na zm\u0119czenie.<\/li>\n<\/ul>\n<p><img loading=\"lazy\" decoding=\"async\" class=\"alignnone size-full wp-image-3716\" src=\"http:\/\/mnwell.com\/wp-content\/uploads\/2023\/12\/DJI_0321.jpg\" alt=\"low pressure die casting products\" width=\"800\" height=\"800\" srcset=\"https:\/\/mnwell.com\/wp-content\/uploads\/2023\/12\/DJI_0321.jpg 800w, https:\/\/mnwell.com\/wp-content\/uploads\/2023\/12\/DJI_0321-150x150.jpg 150w, https:\/\/mnwell.com\/wp-content\/uploads\/2023\/12\/DJI_0321-768x768.jpg 768w, https:\/\/mnwell.com\/wp-content\/uploads\/2023\/12\/DJI_0321-12x12.jpg 12w, https:\/\/mnwell.com\/wp-content\/uploads\/2023\/12\/DJI_0321-300x300.jpg 300w, https:\/\/mnwell.com\/wp-content\/uploads\/2023\/12\/DJI_0321-600x600.jpg 600w, https:\/\/mnwell.com\/wp-content\/uploads\/2023\/12\/DJI_0321-100x100.jpg 100w\" sizes=\"(max-width: 800px) 100vw, 800px\" \/><\/p>\n<p>&nbsp;<\/p>\n<h3>Aplikacja produktu LPDC<\/h3>\n<p>Nasze niskoci\u015bnieniowe produkty do odlewania ci\u015bnieniowego s\u0105 wykorzystywane w r\u00f3\u017cnych bran\u017cach, w tym:<\/p>\n<ul>\n<li>Motoryzacja: LPDC jest szeroko stosowany do produkcji komponent\u00f3w silnika, obud\u00f3w skrzyni bieg\u00f3w, element\u00f3w zawieszenia i innych krytycznych komponent\u00f3w samochodowych.<\/li>\n<li>Przemys\u0142 lotniczy: Przemys\u0142 lotniczy wykorzystuje LPDC do produkcji lekkich i wytrzyma\u0142ych komponent\u00f3w, takich jak \u0142opatki turbin, obudowy silnik\u00f3w i cz\u0119\u015bci konstrukcyjne.<\/li>\n<li>Maszyny przemys\u0142owe: Produkty LPDC s\u0105 wykorzystywane w produkcji maszyn przemys\u0142owych, w tym pomp, zawor\u00f3w, przek\u0142adni i uk\u0142ad\u00f3w hydraulicznych.<\/li>\n<li>Elektronika: LPDC nadaje si\u0119 do produkcji <a href=\"https:\/\/mnwell.com\/pl\/heat-sink\/\">radiatory<\/a>, z\u0142\u0105cza i inne komponenty elektroniczne, kt\u00f3re wymagaj\u0105 doskona\u0142ej przewodno\u015bci cieplnej.<\/li>\n<li>Energia: LPDC jest wykorzystywane do produkcji komponent\u00f3w do system\u00f3w energii odnawialnej, takich jak turbiny wiatrowe i panele s\u0142oneczne.<\/li>\n<\/ul>\n<p>&nbsp;<\/p>\n<h3>Dlaczego odlewy niskoci\u015bnieniowe s\u0105 wa\u017cne?<\/h3>\n<p>Odlewanie niskoci\u015bnieniowe to technika produkcji, w kt\u00f3rej ciek\u0142y metal jest wtryskiwany do gniazda formy pod niskim ci\u015bnieniem. Niskoci\u015bnieniowe odlewanie ci\u015bnieniowe oferuje wiele zalet w por\u00f3wnaniu z tradycyjnymi metodami odlewania grawitacyjnego, dzi\u0119ki czemu jest bardzo wa\u017cne w przemy\u015ble wytw\u00f3rczym.<\/p>\n<h4>Precyzja i szczeg\u00f3\u0142owo\u015b\u0107<\/h4>\n<p>Ze wzgl\u0119du na unikaln\u0105 zasad\u0119 dzia\u0142ania, niskie ci\u015bnienie <a href=\"https:\/\/mnwell.com\/pl\/custom-die-casting\/\">odlewanie ci\u015bnieniowe<\/a> mo\u017ce zapewni\u0107 odlewy o wysokiej precyzji. Precyzja ta umo\u017cliwia wytwarzanie produkt\u00f3w o w\u0105skich tolerancjach i drobniejszych szczeg\u00f3\u0142ach. Jest to bardzo wa\u017cne w przypadku komponent\u00f3w wymagaj\u0105cych precyzyjnych wymiar\u00f3w i z\u0142o\u017conych kszta\u0142t\u00f3w, takich jak <a href=\"https:\/\/mnwell.com\/pl\/produkt\/automotive-parts-die-casting\/\">cz\u0119\u015bci samochodowe<\/a>, komponenty elektroniczne itp.<\/p>\n<h4>Wydajno\u015b\u0107<\/h4>\n<p>Niskoci\u015bnieniowe odlewanie ci\u015bnieniowe to technologia produkcji o wysokiej pr\u0119dko\u015bci. Ze wzgl\u0119du na wysoki stopie\u0144 automatyzacji mo\u017cna ograniczy\u0107 r\u0119czn\u0105 interwencj\u0119, zmniejszaj\u0105c w ten spos\u00f3b liczb\u0119 b\u0142\u0119d\u00f3w ludzkich i poprawiaj\u0105c produktywno\u015b\u0107. Ponadto, dzi\u0119ki du\u017cej pr\u0119dko\u015bci nape\u0142niania i krzepni\u0119cia, wi\u0119cej cz\u0119\u015bci mo\u017ce by\u0107 produkowanych szybciej, co skutkuje ni\u017cszymi kosztami jednostkowymi.<\/p>\n<h4>Wszechstronno\u015b\u0107<\/h4>\n<p>Niskoci\u015bnieniowe odlewanie ci\u015bnieniowe mo\u017ce by\u0107 wykorzystywane do produkcji odlew\u00f3w z szerokiej gamy materia\u0142\u00f3w i w r\u00f3\u017cnych rozmiarach. Sprawia to, \u017ce jest to bardzo elastyczna metoda produkcji, kt\u00f3r\u0105 mo\u017cna dostosowa\u0107 do r\u00f3\u017cnych wymaga\u0144. Ponadto, ze wzgl\u0119du na wysok\u0105 dok\u0142adno\u015b\u0107 i jako\u015b\u0107, niskoci\u015bnieniowe odlewanie ci\u015bnieniowe mo\u017ce by\u0107 r\u00f3wnie\u017c wykorzystywane do produkcji cz\u0119\u015bci o z\u0142o\u017conej strukturze wewn\u0119trznej, takich jak bloki silnika, uk\u0142ady hydrauliczne itp.<\/p>\n<h4>zr\u00f3wnowa\u017cony rozw\u00f3j<\/h4>\n<p>Niskoci\u015bnieniowe odlewanie ci\u015bnieniowe jest przyjazn\u0105 dla \u015brodowiska metod\u0105 produkcji. Zu\u017cywa mniej energii i surowc\u00f3w oraz wytwarza mniej odpad\u00f3w ni\u017c tradycyjne metody odlewania. Ponadto, ze wzgl\u0119du na wysok\u0105 precyzj\u0119 i jako\u015b\u0107, mo\u017cna zmniejszy\u0107 potrzeb\u0119 p\u00f3\u017aniejszej obr\u00f3bki i przycinania, co dodatkowo zmniejsza zu\u017cycie energii i surowc\u00f3w.<\/p>\n<p>Podsumowuj\u0105c, niskoci\u015bnieniowe odlewanie ci\u015bnieniowe, jako zaawansowana technologia produkcji, oferuje wiele korzy\u015bci, w tym wysok\u0105 precyzj\u0119, wysok\u0105 wydajno\u015b\u0107, wszechstronno\u015b\u0107 i zr\u00f3wnowa\u017cony rozw\u00f3j. Zalety te sprawiaj\u0105, \u017ce niskoci\u015bnieniowe odlewanie ci\u015bnieniowe jest bardzo wa\u017cne w produkcji, pomagaj\u0105c u\u017cytkownikom cz\u0119\u015bci poprawi\u0107 jako\u015b\u0107 produktu, obni\u017cy\u0107 koszty i zmniejszy\u0107 wp\u0142yw na \u015brodowisko.<\/p>\n<p><img loading=\"lazy\" decoding=\"async\" class=\"alignnone size-full wp-image-3717\" src=\"http:\/\/mnwell.com\/wp-content\/uploads\/2023\/12\/DJI_0322.jpg\" alt=\"low pressure die casting\" width=\"800\" height=\"800\" srcset=\"https:\/\/mnwell.com\/wp-content\/uploads\/2023\/12\/DJI_0322.jpg 800w, https:\/\/mnwell.com\/wp-content\/uploads\/2023\/12\/DJI_0322-150x150.jpg 150w, https:\/\/mnwell.com\/wp-content\/uploads\/2023\/12\/DJI_0322-768x768.jpg 768w, https:\/\/mnwell.com\/wp-content\/uploads\/2023\/12\/DJI_0322-12x12.jpg 12w, https:\/\/mnwell.com\/wp-content\/uploads\/2023\/12\/DJI_0322-300x300.jpg 300w, https:\/\/mnwell.com\/wp-content\/uploads\/2023\/12\/DJI_0322-600x600.jpg 600w, https:\/\/mnwell.com\/wp-content\/uploads\/2023\/12\/DJI_0322-100x100.jpg 100w\" sizes=\"(max-width: 800px) 100vw, 800px\" \/><\/p>\n<h3>Dlaczego warto wybra\u0107 firm\u0119 Mindwell do produkcji odlew\u00f3w niskoci\u015bnieniowych?<\/h3>\n<p>Je\u015bli chodzi o niskoci\u015bnieniowe produkty odlewane ci\u015bnieniowo, powody wyboru firmy Mindwell s\u0105 nast\u0119puj\u0105ce:<\/p>\n<ol>\n<li>Wiedza i do\u015bwiadczenie: Dzi\u0119ki wieloletniemu do\u015bwiadczeniu w bran\u017cy opanowali\u015bmy sztuk\u0119 niskoci\u015bnieniowego odlewania ci\u015bnieniowego, zapewniaj\u0105c najwy\u017csz\u0105 jako\u015b\u0107 produkt\u00f3w.<\/li>\n<li>Najnowocze\u015bniejsze zak\u0142ady: Nasze zaawansowane zak\u0142ady produkcyjne s\u0105 wyposa\u017cone w najnowsze technologie i maszyny, aby dostarcza\u0107 wysokiej jako\u015bci produkty z precyzj\u0105 i wydajno\u015bci\u0105.<\/li>\n<li>Zapewnienie jako\u015bci: Stosujemy rygorystyczne procesy kontroli jako\u015bci, aby zapewni\u0107, \u017ce ka\u017cdy produkt spe\u0142nia lub przekracza oczekiwania klient\u00f3w.<\/li>\n<li>Personalizacja: Rozumiemy, \u017ce ka\u017cdy klient ma unikalne wymagania. Nasz zesp\u00f3\u0142 specjalizuje si\u0119 w dostarczaniu niestandardowych rozwi\u0105za\u0144 spe\u0142niaj\u0105cych okre\u015blone standardy projektowe i wydajno\u015bciowe.<\/li>\n<li>Terminowo\u015b\u0107 dostaw: Cenimy czas naszych klient\u00f3w i staramy si\u0119 dostarcza\u0107 produkty w uzgodnionych ramach czasowych, zapewniaj\u0105c minimalne zak\u0142\u00f3cenia w ich dzia\u0142alno\u015bci.<\/li>\n<\/ol>\n<p>W Mindwell jeste\u015bmy dumni z produkcji wysokiej jako\u015bci niskoci\u015bnieniowych odlew\u00f3w ci\u015bnieniowych, kt\u00f3re konsekwentnie spe\u0142niaj\u0105 r\u00f3\u017cnorodne potrzeby naszych klient\u00f3w. Skontaktuj si\u0119 z nami ju\u017c dzi\u015b, aby om\u00f3wi\u0107 swoje potrzeby i przekona\u0107 si\u0119 o wyj\u0105tkowej wydajno\u015bci naszych produkt\u00f3w LPDC.<\/p>\n<p><img loading=\"lazy\" decoding=\"async\" class=\"alignnone size-full wp-image-3710\" src=\"http:\/\/mnwell.com\/wp-content\/uploads\/2023\/12\/AYU9598.jpg\" alt=\"\" width=\"750\" height=\"500\" srcset=\"https:\/\/mnwell.com\/wp-content\/uploads\/2023\/12\/AYU9598.jpg 750w, https:\/\/mnwell.com\/wp-content\/uploads\/2023\/12\/AYU9598-18x12.jpg 18w, https:\/\/mnwell.com\/wp-content\/uploads\/2023\/12\/AYU9598-600x400.jpg 600w\" sizes=\"(max-width: 750px) 100vw, 750px\" \/><\/p>\n<p>&nbsp;<\/p>\n<h3>Odlewanie niskoci\u015bnieniowe a odlewanie wysokoci\u015bnieniowe<\/h3>\n<p>Odlewanie niskoci\u015bnieniowe i odlewanie wysokoci\u015bnieniowe to powszechnie stosowane metody odlewania metali, a ka\u017cda z nich ma swoje zalety i wady.<\/p>\n<p><strong>Zalety niskoci\u015bnieniowego odlewania ci\u015bnieniowego obejmuj\u0105:<\/strong><\/p>\n<ul>\n<li>Zmniejszenie strat materia\u0142u: Czas nape\u0142niania w procesie odlewania niskoci\u015bnieniowego jest wolniejszy ni\u017c w przypadku odlewania wysokoci\u015bnieniowego, co zmniejsza straty materia\u0142u, ma mniejszy wp\u0142yw na form\u0119 i wyd\u0142u\u017ca jej \u017cywotno\u015b\u0107.<\/li>\n<li>Ni\u017csze koszty form: Struktura niskoci\u015bnieniowych form odlewniczych jest stosunkowo prosta, co sprawia, \u017ce koszty produkcji form s\u0105 stosunkowo niskie.<\/li>\n<li>Dobra elastyczno\u015b\u0107: Odlewanie niskoci\u015bnieniowe nadaje si\u0119 do odlew\u00f3w o r\u00f3\u017cnych rozmiarach i kszta\u0142tach, a proces produkcji jest bardziej elastyczny.<\/li>\n<\/ul>\n<p>Odlewanie ci\u015bnieniowe pod niskim ci\u015bnieniem ma jednak r\u00f3wnie\u017c pewne wady:<\/p>\n<ul>\n<li>Stosunkowo niska wydajno\u015b\u0107 produkcji: W por\u00f3wnaniu z odlewami wysokoci\u015bnieniowymi, wydajno\u015b\u0107 produkcji odlew\u00f3w niskoci\u015bnieniowych jest niska.<\/li>\n<li>Wysokie wymagania dotycz\u0105ce sprz\u0119tu i technologii: Odlewanie niskoci\u015bnieniowe wymaga precyzyjnego sprz\u0119tu i system\u00f3w sterowania, a tak\u017ce wysokiej jako\u015bci technologii i operator\u00f3w.<\/li>\n<\/ul>\n<p><strong>G\u0142\u00f3wne zalety odlewania wysokoci\u015bnieniowego obejmuj\u0105:<\/strong><\/p>\n<ul>\n<li>Wysoka wydajno\u015b\u0107 produkcji: Odlewanie wysokoci\u015bnieniowe szybko wtryskuje ciek\u0142y metal do wn\u0119ki formy pod wysokim ci\u015bnieniem i z du\u017c\u0105 pr\u0119dko\u015bci\u0105, co pozwala wyprodukowa\u0107 du\u017c\u0105 liczb\u0119 odlew\u00f3w w kr\u00f3tkim czasie, poprawiaj\u0105c wydajno\u015b\u0107 produkcji.<\/li>\n<li>Wysoka g\u0119sto\u015b\u0107: Stopiony metal odlewu wysokoci\u015bnieniowego szybko wype\u0142nia wn\u0119k\u0119 formy pod wysokim ci\u015bnieniem, dzi\u0119ki czemu mo\u017cna uzyska\u0107 odlewy o du\u017cej g\u0119sto\u015bci i poprawi\u0107 ich jako\u015b\u0107.<\/li>\n<li>Szeroki zakres zastosowa\u0144: Odlewanie wysokoci\u015bnieniowe mo\u017ce by\u0107 stosowane do odlew\u00f3w o r\u00f3\u017cnych rozmiarach, kszta\u0142tach i materia\u0142ach i ma szeroki zakres zastosowa\u0144.<\/li>\n<\/ul>\n<p>Odlewanie wysokoci\u015bnieniowe ma jednak r\u00f3wnie\u017c pewne wady:<\/p>\n<ul>\n<li>Wysoki koszt formy: Wysokoci\u015bnieniowe formy odlewnicze musz\u0105 wytrzymywa\u0107 uderzenia i ci\u015bnienie ciek\u0142ego metalu pod wysokim ci\u015bnieniem. Dlatego te\u017c materia\u0142y i struktury formy musz\u0105 by\u0107 bardziej z\u0142o\u017cone i precyzyjne, co skutkuje wy\u017cszymi kosztami produkcji form.<\/li>\n<li>Wysokie wymagania techniczne: Odlewanie wysokoci\u015bnieniowe wymaga precyzyjnego sprz\u0119tu i system\u00f3w sterowania, a tak\u017ce wysokich wymaga\u0144 jako\u015bciowych dla personelu technicznego i operacyjnego, wymagaj\u0105cych profesjonalnych umiej\u0119tno\u015bci i do\u015bwiadczenia.<\/li>\n<li>Kwestie \u015brodowiskowe: Proces odlewania wysokoci\u015bnieniowego b\u0119dzie generowa\u0142 du\u017co ha\u0142asu i gaz\u00f3w odlotowych, co b\u0119dzie mia\u0142o pewien wp\u0142yw na \u015brodowisko i nale\u017cy podj\u0105\u0107 odpowiednie \u015brodki ochrony \u015brodowiska.<\/li>\n<\/ul>\n<h3>Podsumowuj\u0105c:<\/h3>\n<p>Kr\u00f3tko m\u00f3wi\u0105c, niskoci\u015bnieniowe produkty odlewnicze s\u0105 szeroko stosowane. Od przemys\u0142u motoryzacyjnego po lotniczy, wszechstronno\u015b\u0107 tych produkt\u00f3w zapocz\u0105tkowa\u0142a now\u0105 er\u0119 jako\u015bci i zr\u00f3wnowa\u017conego rozwoju. Przyjmij przysz\u0142o\u015b\u0107 produkcji i podnie\u015b poprzeczk\u0119 w swojej bran\u017cy dzi\u0119ki niskoci\u015bnieniowemu odlewaniu ci\u015bnieniowemu. Prosimy o kontakt z nasz\u0105 firm\u0105 w celu dostosowania niskoci\u015bnieniowych produkt\u00f3w odlewniczych.<\/p>\n<p>&nbsp;<\/p>\n<h3>FAQ<\/h3>\n<p>Czy niskoci\u015bnieniowe odlewy ci\u015bnieniowe nadaj\u0105 si\u0119 do produkcji na ma\u0142\u0105 skal\u0119?<br \/>\nOczywi\u015bcie niskoci\u015bnieniowe odlewanie ci\u015bnieniowe jest wszechstronne i mo\u017ce by\u0107 dostosowane do produkcji na ma\u0142\u0105 i du\u017c\u0105 skal\u0119, zapewniaj\u0105c op\u0142acalne rozwi\u0105zania dla r\u00f3\u017cnych bran\u017c.<\/p>\n<p>Jakie metale s\u0105 powszechnie stosowane w odlewnictwie niskoci\u015bnieniowym?<br \/>\nAluminium, cynk i magnez s\u0105 powszechnie stosowanymi metalami w niskoci\u015bnieniowych odlewach ci\u015bnieniowych, z kt\u00f3rych ka\u017cdy oferuje unikalne zalety w zale\u017cno\u015bci od wymaga\u0144 aplikacji.<\/p>\n<p>W jaki spos\u00f3b odlewanie niskoci\u015bnieniowe przyczynia si\u0119 do zr\u00f3wnowa\u017conego rozwoju?<br \/>\nProces ten minimalizuje ilo\u015b\u0107 odpad\u00f3w materia\u0142owych i zu\u017cycie energii, zgodnie z przyjaznymi dla \u015brodowiska praktykami produkcyjnymi.<\/p>\n<p>Czy niskoci\u015bnieniowe odlewanie ci\u015bnieniowe pozwala uzyska\u0107 z\u0142o\u017cone geometrie?<br \/>\nTak, kontrolowany charakter procesu pozwala na tworzenie z\u0142o\u017conych kszta\u0142t\u00f3w z wysokim stopniem precyzji.<\/p>\n<p>Czy niskoci\u015bnieniowe odlewanie ci\u015bnieniowe nadaje si\u0119 do produkcji seryjnej?<br \/>\nOczywi\u015bcie wydajno\u015b\u0107 i szybko\u015b\u0107 niskoci\u015bnieniowego odlewania ci\u015bnieniowego sprawiaj\u0105, \u017ce jest to idealne rozwi\u0105zanie do produkcji na du\u017c\u0105 skal\u0119 bez uszczerbku dla jako\u015bci.<\/p>\n<p>Czy odlewanie ci\u015bnieniowe pod niskim ci\u015bnieniem ma jakie\u015b ograniczenia?<br \/>\nChocia\u017c niskoci\u015bnieniowe odlewanie ci\u015bnieniowe jest bardzo skuteczne, mo\u017ce stanowi\u0107 wyzwanie w przypadku ponadwymiarowych lub ci\u0119\u017ckich cz\u0119\u015bci ze wzgl\u0119du na ograniczenia metody niskoci\u015bnieniowej.<\/p>","protected":false},"excerpt":{"rendered":"<p>Niskoci\u015bnieniowe produkty odlewnicze wykorzystuj\u0105 unikaln\u0105 metod\u0119 odlewania, stosuj\u0105c niskie ci\u015bnienie do wt\u0142aczania stopionego metalu do gniazda formy. Ten kontrolowany proces skutkuje bardzo szczeg\u00f3\u0142owymi i dok\u0142adnymi komponentami, co czyni go preferowanym wyborem dla bran\u017c wymagaj\u0105cych precyzji.<br \/>\nMiejsce pochodzenia: Xiamen, Chiny<br \/>\nNazwa marki\uff1aMindwell<br \/>\nMateria\u0142:Aluminium<br \/>\nProces: Toczenie CNC Frezowanie<br \/>\nWymiary: Rozmiary niestandardowe<br \/>\nKontrola jako\u015bci: Profesjonalna inspekcja<br \/>\nObr\u00f3bka powierzchni: Andozing<br \/>\nUs\u0142uga \uff1a Dostosowany OEM<br \/>\nFormat rysunku\uff1a2D\/(PDF\/CAD)3D(IGES\/STEP)<br \/>\nTolerancja: \u017b\u0105danie klienta dotycz\u0105ce rysunku<br \/>\nZastosowanie: Przemys\u0142, Cz\u0119\u015bci samochodowe<br \/>\nStandard: GB ASTM AISI DIN BS<\/p>","protected":false},"featured_media":3716,"template":"","meta":{"om_disable_all_campaigns":false,"_monsterinsights_skip_tracking":false,"_monsterinsights_sitenote_active":false,"_monsterinsights_sitenote_note":"","_monsterinsights_sitenote_category":0,"_uf_show_specific_survey":0,"_uf_disable_surveys":false,"site-sidebar-layout":"default","site-content-layout":"default","ast-global-header-display":"","ast-banner-title-visibility":"","ast-main-header-display":"","ast-hfb-above-header-display":"","ast-hfb-below-header-display":"","ast-hfb-mobile-header-display":"","site-post-title":"","ast-breadcrumbs-content":"","ast-featured-img":"","footer-sml-layout":"","theme-transparent-header-meta":"default","adv-header-id-meta":"","stick-header-meta":"","header-above-stick-meta":"","header-main-stick-meta":"","header-below-stick-meta":""},"product_cat":[18],"product_tag":[54,448],"aioseo_notices":[],"_links":{"self":[{"href":"https:\/\/mnwell.com\/pl\/wp-json\/wp\/v2\/product\/3715"}],"collection":[{"href":"https:\/\/mnwell.com\/pl\/wp-json\/wp\/v2\/product"}],"about":[{"href":"https:\/\/mnwell.com\/pl\/wp-json\/wp\/v2\/types\/product"}],"wp:featuredmedia":[{"embeddable":true,"href":"https:\/\/mnwell.com\/pl\/wp-json\/wp\/v2\/media\/3716"}],"wp:attachment":[{"href":"https:\/\/mnwell.com\/pl\/wp-json\/wp\/v2\/media?parent=3715"}],"wp:term":[{"taxonomy":"product_cat","embeddable":true,"href":"https:\/\/mnwell.com\/pl\/wp-json\/wp\/v2\/product_cat?post=3715"},{"taxonomy":"product_tag","embeddable":true,"href":"https:\/\/mnwell.com\/pl\/wp-json\/wp\/v2\/product_tag?post=3715"}],"curies":[{"name":"wp","href":"https:\/\/api.w.org\/{rel}","templated":true}]}}