{"id":3835,"date":"2023-12-19T16:08:29","date_gmt":"2023-12-19T15:08:29","guid":{"rendered":"https:\/\/mnwell.com\/?post_type=product&#038;p=3835"},"modified":"2023-12-19T16:08:37","modified_gmt":"2023-12-19T15:08:37","slug":"aluminum-pressure-die-casting-products","status":"publish","type":"product","link":"https:\/\/mnwell.com\/pl\/produkt\/aluminum-pressure-die-casting-products\/","title":{"rendered":"Produkty do ci\u015bnieniowego odlewania aluminium"},"content":{"rendered":"<p>Odlewanie ci\u015bnieniowe aluminium to wysoce wydajny i op\u0142acalny proces produkcyjny, kt\u00f3ry pozwala wytwarza\u0107 wysokiej jako\u015bci, skomplikowane i trwa\u0142e cz\u0119\u015bci metalowe. Proces ten polega na wtryskiwaniu stopionego aluminium do stalowej formy lub matrycy pod wysokim ci\u015bnieniem. Stopiony metal szybko krzepnie, przyjmuj\u0105c kszta\u0142t formy, co skutkuje produkcj\u0105 z\u0142o\u017conych i precyzyjnych element\u00f3w aluminiowych.<\/p>\n<p>Firma Mindwell specjalizuje si\u0119 w produkcji szerokiej gamy aluminiowych odlew\u00f3w ci\u015bnieniowych. Nasze produkty znane s\u0105 z wyj\u0105tkowej wytrzyma\u0142o\u015bci, doskona\u0142ego wyko\u0144czenia i doskona\u0142ej dok\u0142adno\u015bci wymiarowej. Dzi\u0119ki naszym najnowocze\u015bniejszym obiektom i wysoko wykwalifikowanemu zespo\u0142owi jeste\u015bmy w stanie produkowa\u0107 z\u0142o\u017cone i skomplikowane cz\u0119\u015bci, kt\u00f3re spe\u0142niaj\u0105 najwy\u017csze standardy bran\u017cowe.<\/p>\n<p><img loading=\"lazy\" decoding=\"async\" class=\"alignnone wp-image-3836\" src=\"http:\/\/mnwell.com\/wp-content\/uploads\/2023\/12\/DJI_0336.jpg\" alt=\"Aluminum Pressure Die Casting Products\" width=\"500\" height=\"500\" srcset=\"https:\/\/mnwell.com\/wp-content\/uploads\/2023\/12\/DJI_0336.jpg 800w, https:\/\/mnwell.com\/wp-content\/uploads\/2023\/12\/DJI_0336-150x150.jpg 150w, https:\/\/mnwell.com\/wp-content\/uploads\/2023\/12\/DJI_0336-768x768.jpg 768w, https:\/\/mnwell.com\/wp-content\/uploads\/2023\/12\/DJI_0336-12x12.jpg 12w, https:\/\/mnwell.com\/wp-content\/uploads\/2023\/12\/DJI_0336-300x300.jpg 300w, https:\/\/mnwell.com\/wp-content\/uploads\/2023\/12\/DJI_0336-600x600.jpg 600w, https:\/\/mnwell.com\/wp-content\/uploads\/2023\/12\/DJI_0336-100x100.jpg 100w\" sizes=\"(max-width: 500px) 100vw, 500px\" \/><\/p>\n<h2>Zalety produkt\u00f3w odlewanych ci\u015bnieniowo z aluminium<\/h2>\n<p>Odlewanie ci\u015bnieniowe aluminium oferuje kilka zalet w por\u00f3wnaniu z innymi procesami produkcyjnymi:<\/p>\n<ul>\n<li><strong>Lekki i wytrzyma\u0142y:<\/strong> Aluminium to lekki metal, kt\u00f3ry oferuje doskona\u0142y stosunek wytrzyma\u0142o\u015bci do masy. Sprawia to, \u017ce jest to idealny wyb\u00f3r do zastosowa\u0144, w kt\u00f3rych redukcja wagi ma kluczowe znaczenie bez uszczerbku dla wytrzyma\u0142o\u015bci.<\/li>\n<li><strong>Geometrie z\u0142o\u017cone:<\/strong> Proces odlewania ci\u015bnieniowego pozwala na produkcj\u0119 cz\u0119\u015bci o skomplikowanych i z\u0142o\u017conych kszta\u0142tach, kt\u00f3re s\u0105 trudne do osi\u0105gni\u0119cia innymi metodami produkcji.<\/li>\n<li><strong>Wysoka dok\u0142adno\u015b\u0107 wymiarowa:<\/strong> Zastosowanie precyzyjnych form stalowych zapewnia, \u017ce produkty ko\u0144cowe maj\u0105 doskona\u0142\u0105 dok\u0142adno\u015b\u0107 wymiarow\u0105 i sp\u00f3jno\u015b\u0107.<\/li>\n<li><strong>Op\u0142acalno\u015b\u0107:<\/strong> Odlewanie ci\u015bnieniowe aluminium jest op\u0142acalnym procesem produkcyjnym ze wzgl\u0119du na wysokie wska\u017aniki produkcji, minimalne straty materia\u0142u i niskie koszty pracy.<\/li>\n<li><strong>Doskona\u0142e wyko\u0144czenie powierzchni:<\/strong> Proces odlewania ci\u015bnieniowego wytwarza cz\u0119\u015bci o g\u0142adkim wyko\u0144czeniu powierzchni, eliminuj\u0105c potrzeb\u0119 dodatkowej obr\u00f3bki lub operacji wyko\u0144czeniowych.<\/li>\n<\/ul>\n<h2>Us\u0142ugi dostosowywania produkt\u00f3w odlewanych ci\u015bnieniowo z aluminium<\/h2>\n<p>W Mindwell rozumiemy, \u017ce ka\u017cdy projekt ma unikalne wymagania. Dlatego oferujemy kompleksowe us\u0142ugi dostosowywania naszych aluminiowych odlew\u00f3w ci\u015bnieniowych. Nasz zesp\u00f3\u0142 do\u015bwiadczonych in\u017cynier\u00f3w i projektant\u00f3w \u015bci\u015ble wsp\u00f3\u0142pracuje z naszymi klientami, aby zrozumie\u0107 ich specyficzne potrzeby i zapewni\u0107 rozwi\u0105zania dostosowane do ich potrzeb.<\/p>\n<p>Nasze us\u0142ugi dostosowywania obejmuj\u0105:<\/p>\n<ul>\n<li><strong>Pomoc przy projektowaniu:<\/strong> Nasz zesp\u00f3\u0142 ekspert\u00f3w mo\u017ce pom\u00f3c w optymalizacji projektu produktu pod k\u0105tem procesu odlewania ci\u015bnieniowego. Mo\u017cemy dostarczy\u0107 cennych spostrze\u017ce\u0144 i zalece\u0144 w celu poprawy mo\u017cliwo\u015bci produkcyjnych, obni\u017cenia koszt\u00f3w i zwi\u0119kszenia wydajno\u015bci produktu.<\/li>\n<li><strong>Wyb\u00f3r materia\u0142u:<\/strong> Oferujemy szerok\u0105 gam\u0119 stop\u00f3w aluminium o r\u00f3\u017cnych w\u0142a\u015bciwo\u015bciach mechanicznych, aby spe\u0142ni\u0107 okre\u015blone wymagania. Nasi eksperci mog\u0105 pom\u00f3c w wyborze najbardziej odpowiedniego stopu, kt\u00f3ry r\u00f3wnowa\u017cy wytrzyma\u0142o\u015b\u0107, wag\u0119 i koszty.<\/li>\n<li><strong>Wyko\u0144czenie powierzchni:<\/strong> Oferujemy r\u00f3\u017cne opcje wyko\u0144czenia powierzchni, w tym malowanie proszkowe, anodowanie i polerowanie, aby poprawi\u0107 wygl\u0105d i odporno\u015b\u0107 na korozj\u0119 produkt\u00f3w odlewanych ci\u015bnieniowo.<\/li>\n<li><strong>Operacje dodatkowe:<\/strong> Opr\u00f3cz odlewania ci\u015bnieniowego zapewniamy r\u00f3wnie\u017c dodatkowe operacje, takie jak obr\u00f3bka CNC, wiercenie, gwintowanie i monta\u017c, aby dostarczy\u0107 w pe\u0142ni wyko\u0144czone i gotowe do u\u017cycia produkty.<\/li>\n<li><strong>Zapewnienie jako\u015bci:<\/strong> Stosujemy rygorystyczne \u015brodki kontroli jako\u015bci, aby zapewni\u0107, \u017ce ka\u017cdy produkt spe\u0142nia najwy\u017csze standardy. Nasz zesp\u00f3\u0142 przeprowadza dok\u0142adne inspekcje i testy na ka\u017cdym etapie procesu produkcyjnego, aby zagwarantowa\u0107 jako\u015b\u0107 i niezawodno\u015b\u0107 naszych produkt\u00f3w.<\/li>\n<\/ul>\n<h2>Zastosowania produkt\u00f3w odlewanych ci\u015bnieniowo z aluminium<\/h2>\n<p>Aluminiowe odlewy ci\u015bnieniowe znajduj\u0105 zastosowanie w r\u00f3\u017cnych ga\u0142\u0119ziach przemys\u0142u, w tym:<\/p>\n<ul>\n<li>Motoryzacja<\/li>\n<li>Lotnictwo i kosmonautyka<\/li>\n<li>Elektronika<\/li>\n<li>Urz\u0105dzenia<\/li>\n<li>Telekomunikacja<\/li>\n<li>Maszyny przemys\u0142owe<\/li>\n<\/ul>\n<p>Produkty te s\u0105 wykorzystywane w szerokim zakresie zastosowa\u0144, takich jak komponenty silnika, obudowy skrzyni bieg\u00f3w, z\u0142\u0105cza elektryczne, <a href=\"https:\/\/mnwell.com\/pl\/heat-sink\/\">radiatory<\/a>i wiele innych.<\/p>\n<h2>Wnioski<\/h2>\n<p>Mindwell jest zaufanym dostawc\u0105 wysokiej jako\u015bci aluminiowych odlew\u00f3w ci\u015bnieniowych i us\u0142ug dostosowywania. Dzi\u0119ki naszemu do\u015bwiadczeniu i d\u0105\u017ceniu do doskona\u0142o\u015bci mo\u017cemy spe\u0142ni\u0107 okre\u015blone wymagania i dostarczy\u0107 doskona\u0142e produkty spe\u0142niaj\u0105ce najwy\u017csze standardy bran\u017cowe. Skontaktuj si\u0119 z nami ju\u017c dzi\u015b, aby om\u00f3wi\u0107 sw\u00f3j projekt i dowiedzie\u0107 si\u0119, w jaki spos\u00f3b nasze rozwi\u0105zania w zakresie ci\u015bnieniowego odlewania aluminium mog\u0105 przynie\u015b\u0107 korzy\u015bci Twojej firmie.<\/p>\n<p><img loading=\"lazy\" decoding=\"async\" class=\"alignnone size-full wp-image-3791\" src=\"http:\/\/mnwell.com\/wp-content\/uploads\/2023\/12\/AYU9598.webp\" alt=\"die casting manufacturers\" width=\"750\" height=\"500\" srcset=\"https:\/\/mnwell.com\/wp-content\/uploads\/2023\/12\/AYU9598.webp 750w, https:\/\/mnwell.com\/wp-content\/uploads\/2023\/12\/AYU9598-18x12.webp 18w, https:\/\/mnwell.com\/wp-content\/uploads\/2023\/12\/AYU9598-600x400.webp 600w\" sizes=\"(max-width: 750px) 100vw, 750px\" \/><\/p>","protected":false},"excerpt":{"rendered":"<p>Odlewanie ci\u015bnieniowe to op\u0142acalny i wydajny proces produkcyjny, kt\u00f3ry pozwala wytwarza\u0107 wysokiej jako\u015bci, skomplikowane i trwa\u0142e cz\u0119\u015bci metalowe. Polega on na wtryskiwaniu stopionego aluminium do stalowej formy lub matrycy pod wysokim ci\u015bnieniem, w wyniku czego powstaj\u0105 z\u0142o\u017cone i precyzyjne komponenty. Mindwell, wyspecjalizowany dostawca aluminiowych produkt\u00f3w do odlewania ci\u015bnieniowego, oferuje us\u0142ugi dostosowywania do unikalnych wymaga\u0144 projektu.<\/p>\n<p>Us\u0142ugi: pomoc w projektowaniu, dob\u00f3r materia\u0142\u00f3w, wyko\u0144czenie powierzchni, operacje wt\u00f3rne i zapewnienie jako\u015bci.<br \/>\nZastosowania: motoryzacja, lotnictwo, elektronika, telekomunikacja i maszyny przemys\u0142owe.<br \/>\nWyko\u0144czenie: galwanizacja, malowanie, malowanie proszkowe<br \/>\nObr\u00f3bka skrawaniem\uff1aCNC<br \/>\nTechnologia\uff1aOdlewanie matryc<br \/>\nStandard: ASTM, AISI &amp; DIN<br \/>\nOEM\uff1aDost\u0119pne<br \/>\nWymiary \uff1a Niestandardowe<br \/>\nSzczeg\u00f3\u0142y dotycz\u0105ce opakowania: karton + paleta, skrzynie ze sklejki lub inne opakowanie zgodnie z wymaganiami klienta<\/p>","protected":false},"featured_media":3836,"template":"","meta":{"om_disable_all_campaigns":false,"_monsterinsights_skip_tracking":false,"_monsterinsights_sitenote_active":false,"_monsterinsights_sitenote_note":"","_monsterinsights_sitenote_category":0,"_uf_show_specific_survey":0,"_uf_disable_surveys":false,"site-sidebar-layout":"default","site-content-layout":"default","ast-global-header-display":"","ast-banner-title-visibility":"","ast-main-header-display":"","ast-hfb-above-header-display":"","ast-hfb-below-header-display":"","ast-hfb-mobile-header-display":"","site-post-title":"","ast-breadcrumbs-content":"","ast-featured-img":"","footer-sml-layout":"","theme-transparent-header-meta":"default","adv-header-id-meta":"","stick-header-meta":"","header-above-stick-meta":"","header-main-stick-meta":"","header-below-stick-meta":""},"product_cat":[18],"product_tag":[451,450],"aioseo_notices":[],"_links":{"self":[{"href":"https:\/\/mnwell.com\/pl\/wp-json\/wp\/v2\/product\/3835"}],"collection":[{"href":"https:\/\/mnwell.com\/pl\/wp-json\/wp\/v2\/product"}],"about":[{"href":"https:\/\/mnwell.com\/pl\/wp-json\/wp\/v2\/types\/product"}],"wp:featuredmedia":[{"embeddable":true,"href":"https:\/\/mnwell.com\/pl\/wp-json\/wp\/v2\/media\/3836"}],"wp:attachment":[{"href":"https:\/\/mnwell.com\/pl\/wp-json\/wp\/v2\/media?parent=3835"}],"wp:term":[{"taxonomy":"product_cat","embeddable":true,"href":"https:\/\/mnwell.com\/pl\/wp-json\/wp\/v2\/product_cat?post=3835"},{"taxonomy":"product_tag","embeddable":true,"href":"https:\/\/mnwell.com\/pl\/wp-json\/wp\/v2\/product_tag?post=3835"}],"curies":[{"name":"wp","href":"https:\/\/api.w.org\/{rel}","templated":true}]}}