{"id":3839,"date":"2023-12-19T16:23:41","date_gmt":"2023-12-19T15:23:41","guid":{"rendered":"https:\/\/mnwell.com\/?post_type=product&#038;p=3839"},"modified":"2023-12-19T16:43:09","modified_gmt":"2023-12-19T15:43:09","slug":"die-casting-lighting-parts","status":"publish","type":"product","link":"https:\/\/mnwell.com\/pl\/produkt\/die-casting-lighting-parts\/","title":{"rendered":"Cz\u0119\u015bci o\u015bwietleniowe odlewane ci\u015bnieniowo"},"content":{"rendered":"<p>Odlewanie ci\u015bnieniowe to wysoce wydajny proces produkcyjny, kt\u00f3ry jest szeroko stosowany w r\u00f3\u017cnych ga\u0142\u0119ziach przemys\u0142u, w tym w produkcji lamp o\u015bwietleniowych. Proces ten polega na wtryskiwaniu stopionego metalu do formy, tworz\u0105c z\u0142o\u017cone i precyzyjne kszta\u0142ty o doskona\u0142ym wyko\u0144czeniu powierzchni. Odlewanie ci\u015bnieniowe ma wiele zalet, takich jak op\u0142acalno\u015b\u0107, elastyczno\u015b\u0107 projektowania i mo\u017cliwo\u015b\u0107 produkcji du\u017cych ilo\u015bci cz\u0119\u015bci o sta\u0142ej jako\u015bci.<\/p>\n<p><img loading=\"lazy\" decoding=\"async\" class=\"alignnone wp-image-3585 size-full\" src=\"http:\/\/mnwell.com\/wp-content\/uploads\/2023\/11\/led-light-components7b95fd22-5ddd-4c54-92a9-64295ee6e7e1.jpg\" alt=\"Die Casting Lighting Parts\" width=\"730\" height=\"730\" srcset=\"https:\/\/mnwell.com\/wp-content\/uploads\/2023\/11\/led-light-components7b95fd22-5ddd-4c54-92a9-64295ee6e7e1.jpg 730w, https:\/\/mnwell.com\/wp-content\/uploads\/2023\/11\/led-light-components7b95fd22-5ddd-4c54-92a9-64295ee6e7e1-150x150.jpg 150w, https:\/\/mnwell.com\/wp-content\/uploads\/2023\/11\/led-light-components7b95fd22-5ddd-4c54-92a9-64295ee6e7e1-12x12.jpg 12w, https:\/\/mnwell.com\/wp-content\/uploads\/2023\/11\/led-light-components7b95fd22-5ddd-4c54-92a9-64295ee6e7e1-300x300.jpg 300w, https:\/\/mnwell.com\/wp-content\/uploads\/2023\/11\/led-light-components7b95fd22-5ddd-4c54-92a9-64295ee6e7e1-600x600.jpg 600w, https:\/\/mnwell.com\/wp-content\/uploads\/2023\/11\/led-light-components7b95fd22-5ddd-4c54-92a9-64295ee6e7e1-100x100.jpg 100w\" sizes=\"(max-width: 730px) 100vw, 730px\" \/><\/p>\n<h2>Zastosowanie odlew\u00f3w ci\u015bnieniowych w lampach o\u015bwietleniowych<\/h2>\n<p>Proces odlewania ci\u015bnieniowego znalaz\u0142 szerokie zastosowanie w produkcji lamp o\u015bwietleniowych. Wykorzystuj\u0105c odlewanie ci\u015bnieniowe, producenci mog\u0105 tworzy\u0107 skomplikowane i trwa\u0142e elementy lamp o wysokiej precyzji i doskona\u0142ej szczeg\u00f3\u0142owo\u015bci. Cz\u0119\u015bci o\u015bwietleniowe odlewane ci\u015bnieniowo oferuj\u0105 doskona\u0142\u0105 wytrzyma\u0142o\u015b\u0107 i stabilno\u015b\u0107, zapewniaj\u0105c, \u017ce lampy wytrzymaj\u0105 rygory codziennego u\u017cytkowania.<\/p>\n<p>Odlewanie ci\u015bnieniowe jest szczeg\u00f3lnie odpowiednie do produkcji obud\u00f3w lamp, <a href=\"https:\/\/mnwell.com\/pl\/heat-sink\/\">radiatory<\/a>wsporniki i inne elementy konstrukcyjne. Cz\u0119\u015bci te odgrywaj\u0105 kluczow\u0105 rol\u0119 we wspieraniu og\u00f3lnej funkcjonalno\u015bci i estetyki opraw o\u015bwietleniowych.<\/p>\n<h2>Cz\u0119\u015bci lamp, kt\u00f3re mog\u0105 by\u0107 odlewane ci\u015bnieniowo z aluminium<\/h2>\n<p>Aluminium jest popularnym wyborem do odlewania ci\u015bnieniowego cz\u0119\u015bci lamp ze wzgl\u0119du na swoje wyj\u0105tkowe w\u0142a\u015bciwo\u015bci. Jest lekkie, odporne na korozj\u0119 i ma doskona\u0142\u0105 przewodno\u015b\u0107 ciepln\u0105. Nast\u0119puj\u0105ce cz\u0119\u015bci lamp mog\u0105 by\u0107 odlewane ci\u015bnieniowo z aluminium:<\/p>\n<ul>\n<li>Obudowy lamp: Odlewane ci\u015bnieniowo aluminiowe obudowy lamp zapewniaj\u0105 solidn\u0105 i trwa\u0142\u0105 obudow\u0119 dla komponent\u00f3w lampy. Oferuj\u0105 doskona\u0142e odprowadzanie ciep\u0142a, zapewniaj\u0105c, \u017ce lampa dzia\u0142a w optymalnych temperaturach.<\/li>\n<li>Radiatory: Odlewane aluminiowe radiatory pomagaj\u0105 rozproszy\u0107 ciep\u0142o generowane przez lamp\u0119, zapobiegaj\u0105c przegrzaniu i wyd\u0142u\u017caj\u0105c \u017cywotno\u015b\u0107 oprawy o\u015bwietleniowej.<\/li>\n<li>Wsporniki i elementy monta\u017cowe: Odlewane ci\u015bnieniowo aluminiowe wsporniki i elementy monta\u017cowe zapewniaj\u0105 bezpieczne i niezawodne wsparcie dla lampy, zapewniaj\u0105c prawid\u0142ow\u0105 instalacj\u0119 i stabilno\u015b\u0107.<\/li>\n<li>Elementy dekoracyjne: Odlewane ci\u015bnieniowo aluminium mo\u017ce by\u0107 r\u00f3wnie\u017c wykorzystywane do tworzenia skomplikowanych i dekoracyjnych element\u00f3w, dodaj\u0105c atrakcyjno\u015bci wizualnej oprawom o\u015bwietleniowym.<\/li>\n<\/ul>\n<h2>Materia\u0142y stosowane w akcesoriach do lamp odlewanych ci\u015bnieniowo<\/h2>\n<p>Opr\u00f3cz aluminium, do produkcji odlewanych ci\u015bnieniowo akcesori\u00f3w do lamp mog\u0105 by\u0107 wykorzystywane tak\u017ce inne materia\u0142y, w zale\u017cno\u015bci od specyficznych wymaga\u0144 danego zastosowania o\u015bwietleniowego. Niekt\u00f3re powszechnie stosowane materia\u0142y obejmuj\u0105:<\/p>\n<ul>\n<li>Cynk: Cynk oferuje doskona\u0142e w\u0142a\u015bciwo\u015bci odlewnicze i jest cz\u0119sto preferowany ze wzgl\u0119du na mo\u017cliwo\u015b\u0107 uzyskania skomplikowanych wzor\u00f3w i cienkich \u015bcianek. Jest r\u00f3wnie\u017c bardzo op\u0142acalny.<\/li>\n<li>Magnez: Magnez jest znany ze swoich lekkich w\u0142a\u015bciwo\u015bci, co czyni go idealnym wyborem do zastosowa\u0144, w kt\u00f3rych kluczowa jest redukcja masy. Oferuje doskona\u0142y stosunek wytrzyma\u0142o\u015bci do masy i dobr\u0105 przewodno\u015b\u0107 ciepln\u0105.<\/li>\n<li>Mied\u017a: Mied\u017a jest ceniona za wysok\u0105 przewodno\u015b\u0107 elektryczn\u0105 i ciepln\u0105. Jest powszechnie stosowana w odlewanych akcesoriach do lamp, kt\u00f3re wymagaj\u0105 doskona\u0142ych w\u0142a\u015bciwo\u015bci przewodz\u0105cych.<\/li>\n<li>Mosi\u0105dz: Mosi\u0105dz to wszechstronny materia\u0142, kt\u00f3ry \u0142\u0105czy w sobie wytrzyma\u0142o\u015b\u0107 cynku z estetycznym wygl\u0105dem miedzi. Jest cz\u0119sto wybierany do odlewanych ci\u015bnieniowo akcesori\u00f3w do lamp, kt\u00f3re wymagaj\u0105 zar\u00f3wno trwa\u0142o\u015bci, jak i atrakcyjno\u015bci wizualnej.<\/li>\n<\/ul>\n<h2>Mo\u017cliwo\u015bci dostosowywania Mindwell<\/h2>\n<p>W Mindwell rozumiemy znaczenie niestandardowych akcesori\u00f3w do lamp, aby spe\u0142ni\u0107 okre\u015blone wymagania projektowe i funkcjonalne. Dzi\u0119ki naszemu bogatemu do\u015bwiadczeniu w odlewaniu ci\u015bnieniowym oferujemy kompleksowe mo\u017cliwo\u015bci dostosowywania, aby dostarcza\u0107 wysokiej jako\u015bci i dopasowane rozwi\u0105zania.<\/p>\n<p>Nasi wykwalifikowani in\u017cynierowie \u015bci\u015ble wsp\u00f3\u0142pracuj\u0105 z klientami, aby zrozumie\u0107 ich unikalne potrzeby i zapewni\u0107 fachowe wskaz\u00f3wki podczas ca\u0142ego procesu dostosowywania. Wykorzystujemy zaawansowane techniki odlewania ci\u015bnieniowego i najnowocze\u015bniejszy sprz\u0119t, aby zapewni\u0107 precyzj\u0119 i sp\u00f3jno\u015b\u0107 ka\u017cdego dostarczanego przez nas produktu.<\/p>\n<p>Niezale\u017cnie od tego, czy potrzebujesz skomplikowanych obud\u00f3w lamp, element\u00f3w dekoracyjnych, czy specjalistycznych wspornik\u00f3w, mamy do\u015bwiadczenie, aby urzeczywistni\u0107 Twoj\u0105 wizj\u0119. Nasze zaanga\u017cowanie w jako\u015b\u0107 i zadowolenie klienta wyr\u00f3\u017cnia nas, czyni\u0105c nas preferowanym partnerem w zakresie akcesori\u00f3w do lamp odlewanych ci\u015bnieniowo.<\/p>\n<p><img loading=\"lazy\" decoding=\"async\" class=\"alignnone size-full wp-image-3582\" src=\"http:\/\/mnwell.com\/wp-content\/uploads\/2023\/11\/led-light-components682729c0-8aaa-42bd-b742-273453eecd03.png\" alt=\"Aluminum Die Casting For LED Lighting Housings\" width=\"600\" height=\"600\" srcset=\"https:\/\/mnwell.com\/wp-content\/uploads\/2023\/11\/led-light-components682729c0-8aaa-42bd-b742-273453eecd03.png 600w, https:\/\/mnwell.com\/wp-content\/uploads\/2023\/11\/led-light-components682729c0-8aaa-42bd-b742-273453eecd03-150x150.png 150w, https:\/\/mnwell.com\/wp-content\/uploads\/2023\/11\/led-light-components682729c0-8aaa-42bd-b742-273453eecd03-12x12.png 12w, https:\/\/mnwell.com\/wp-content\/uploads\/2023\/11\/led-light-components682729c0-8aaa-42bd-b742-273453eecd03-300x300.png 300w, https:\/\/mnwell.com\/wp-content\/uploads\/2023\/11\/led-light-components682729c0-8aaa-42bd-b742-273453eecd03-100x100.png 100w\" sizes=\"(max-width: 600px) 100vw, 600px\" \/><\/p>\n<p>Wnioski:<\/p>\n<p>Odlewanie ci\u015bnieniowe to wszechstronny proces, kt\u00f3ry oferuje liczne korzy\u015bci w produkcji lamp o\u015bwietleniowych. Wykorzystuj\u0105c materia\u0142y takie jak aluminium, cynk, magnez, mied\u017a i mosi\u0105dz, producenci mog\u0105 tworzy\u0107 wysokiej jako\u015bci i niestandardowe akcesoria do lamp, kt\u00f3re spe\u0142niaj\u0105 specyficzne wymagania ka\u017cdego zastosowania o\u015bwietleniowego. Dzi\u0119ki do\u015bwiadczeniu firmy Mindwell w odlewaniu ci\u015bnieniowym i naszemu zaanga\u017cowaniu w dostosowywanie, jeste\u015bmy oddani dostarczaniu wyj\u0105tkowych cz\u0119\u015bci do lamp, kt\u00f3re zwi\u0119kszaj\u0105 funkcjonalno\u015b\u0107 i estetyk\u0119 opraw o\u015bwietleniowych.<\/p>","protected":false},"excerpt":{"rendered":"<p>Odlewanie ci\u015bnieniowe to op\u0142acalny proces produkcyjny wykorzystywany w r\u00f3\u017cnych bran\u017cach, w tym w produkcji lamp o\u015bwietleniowych. Polega on na wtryskiwaniu stopionego metalu do formy w celu stworzenia z\u0142o\u017conych kszta\u0142t\u00f3w o doskona\u0142ym wyko\u0144czeniu powierzchni. Odlewanie ci\u015bnieniowe jest szczeg\u00f3lnie odpowiednie do produkcji obud\u00f3w lamp, <a href=\"https:\/\/mnwell.com\/pl\/heat-sink\/\">radiatory<\/a>wsporniki i inne elementy konstrukcyjne. Aluminium jest popularnym materia\u0142em do odlewania ci\u015bnieniowego cz\u0119\u015bci lamp ze wzgl\u0119du na jego lekko\u015b\u0107, odporno\u015b\u0107 na korozj\u0119 i przewodno\u015b\u0107 ciepln\u0105. Inne materia\u0142y stosowane do odlewanych ci\u015bnieniowo akcesori\u00f3w do lamp obejmuj\u0105 cynk, magnez, mied\u017a i mosi\u0105dz. Mindwell oferuje wszechstronne mo\u017cliwo\u015bci dostosowywania, zapewniaj\u0105c precyzj\u0119 i sp\u00f3jno\u015b\u0107 ka\u017cdego produktu.<br \/>\nTechnologia procesu: odlewanie wysokoci\u015bnieniowe<br \/>\nWymiary produktu: Dostosowane<br \/>\nOg\u00f3lna tolerancja odlewu: Klasa GB-CT4<br \/>\nWyko\u0144czenie powierzchni: Polerowanie, gratowanie wibracyjne, anodowanie, malowanie proszkowe, malowanie itp.<br \/>\nPochodzenie\uff1axiamen Chiny<br \/>\nMateria\u0142: aluminium<br \/>\nZastosowane oprogramowanie\uff1aPRO\/E, Auto CAD, Solid Work 2013, Ug<\/p>","protected":false},"featured_media":3585,"template":"","meta":{"om_disable_all_campaigns":false,"_monsterinsights_skip_tracking":false,"_monsterinsights_sitenote_active":false,"_monsterinsights_sitenote_note":"","_monsterinsights_sitenote_category":0,"_uf_show_specific_survey":0,"_uf_disable_surveys":false,"site-sidebar-layout":"default","site-content-layout":"default","ast-global-header-display":"","ast-banner-title-visibility":"","ast-main-header-display":"","ast-hfb-above-header-display":"","ast-hfb-below-header-display":"","ast-hfb-mobile-header-display":"","site-post-title":"","ast-breadcrumbs-content":"","ast-featured-img":"","footer-sml-layout":"","theme-transparent-header-meta":"default","adv-header-id-meta":"","stick-header-meta":"","header-above-stick-meta":"","header-main-stick-meta":"","header-below-stick-meta":""},"product_cat":[18],"product_tag":[452],"aioseo_notices":[],"_links":{"self":[{"href":"https:\/\/mnwell.com\/pl\/wp-json\/wp\/v2\/product\/3839"}],"collection":[{"href":"https:\/\/mnwell.com\/pl\/wp-json\/wp\/v2\/product"}],"about":[{"href":"https:\/\/mnwell.com\/pl\/wp-json\/wp\/v2\/types\/product"}],"wp:featuredmedia":[{"embeddable":true,"href":"https:\/\/mnwell.com\/pl\/wp-json\/wp\/v2\/media\/3585"}],"wp:attachment":[{"href":"https:\/\/mnwell.com\/pl\/wp-json\/wp\/v2\/media?parent=3839"}],"wp:term":[{"taxonomy":"product_cat","embeddable":true,"href":"https:\/\/mnwell.com\/pl\/wp-json\/wp\/v2\/product_cat?post=3839"},{"taxonomy":"product_tag","embeddable":true,"href":"https:\/\/mnwell.com\/pl\/wp-json\/wp\/v2\/product_tag?post=3839"}],"curies":[{"name":"wp","href":"https:\/\/api.w.org\/{rel}","templated":true}]}}