{"id":4025,"date":"2024-01-29T14:20:15","date_gmt":"2024-01-29T13:20:15","guid":{"rendered":"https:\/\/mnwell.com\/?post_type=product&#038;p=4025"},"modified":"2024-01-29T14:20:30","modified_gmt":"2024-01-29T13:20:30","slug":"aluminum-die-cast-motor-housing","status":"publish","type":"product","link":"https:\/\/mnwell.com\/pl\/produkt\/aluminum-die-cast-motor-housing\/","title":{"rendered":"Aluminiowa obudowa silnika odlewana ci\u015bnieniowo"},"content":{"rendered":"<p>Aluminiowa obudowa silnika odlewana ci\u015bnieniowo jest kluczowym elementem w r\u00f3\u017cnych zastosowaniach przemys\u0142owych i komercyjnych. Jej wyj\u0105tkowa ochrona i wsparcie dla silnik\u00f3w elektrycznych zapewnia ich \u017cywotno\u015b\u0107 i maksymaln\u0105 wydajno\u015b\u0107. W konstrukcji tej obudowy silnika zastosowano najwy\u017cszej jako\u015bci stop aluminium, kt\u00f3ry zapewnia wyj\u0105tkow\u0105 wytrzyma\u0142o\u015b\u0107, trwa\u0142o\u015b\u0107 i w\u0142a\u015bciwo\u015bci rozpraszania ciep\u0142a.<\/p>\n<p><img loading=\"lazy\" decoding=\"async\" class=\"alignnone wp-image-4026 size-full\" src=\"http:\/\/mnwell.com\/wp-content\/uploads\/2024\/01\/IMG_20231021_121126_1-1.jpg\" alt=\"Aluminum Die-Cast Motor Housing\" width=\"800\" height=\"800\" srcset=\"https:\/\/mnwell.com\/wp-content\/uploads\/2024\/01\/IMG_20231021_121126_1-1.jpg 800w, https:\/\/mnwell.com\/wp-content\/uploads\/2024\/01\/IMG_20231021_121126_1-1-150x150.jpg 150w, https:\/\/mnwell.com\/wp-content\/uploads\/2024\/01\/IMG_20231021_121126_1-1-768x768.jpg 768w, https:\/\/mnwell.com\/wp-content\/uploads\/2024\/01\/IMG_20231021_121126_1-1-12x12.jpg 12w, https:\/\/mnwell.com\/wp-content\/uploads\/2024\/01\/IMG_20231021_121126_1-1-300x300.jpg 300w, https:\/\/mnwell.com\/wp-content\/uploads\/2024\/01\/IMG_20231021_121126_1-1-600x600.jpg 600w, https:\/\/mnwell.com\/wp-content\/uploads\/2024\/01\/IMG_20231021_121126_1-1-100x100.jpg 100w\" sizes=\"(max-width: 800px) 100vw, 800px\" \/> <img loading=\"lazy\" decoding=\"async\" class=\"alignnone size-medium wp-image-4027\" src=\"http:\/\/mnwell.com\/wp-content\/uploads\/2024\/01\/IMG_20231021_120937.jpg\" alt=\"\" width=\"800\" height=\"800\" srcset=\"https:\/\/mnwell.com\/wp-content\/uploads\/2024\/01\/IMG_20231021_120937.jpg 800w, https:\/\/mnwell.com\/wp-content\/uploads\/2024\/01\/IMG_20231021_120937-150x150.jpg 150w, https:\/\/mnwell.com\/wp-content\/uploads\/2024\/01\/IMG_20231021_120937-768x768.jpg 768w, https:\/\/mnwell.com\/wp-content\/uploads\/2024\/01\/IMG_20231021_120937-12x12.jpg 12w, https:\/\/mnwell.com\/wp-content\/uploads\/2024\/01\/IMG_20231021_120937-300x300.jpg 300w, https:\/\/mnwell.com\/wp-content\/uploads\/2024\/01\/IMG_20231021_120937-600x600.jpg 600w, https:\/\/mnwell.com\/wp-content\/uploads\/2024\/01\/IMG_20231021_120937-100x100.jpg 100w\" sizes=\"(max-width: 800px) 100vw, 800px\" \/><\/p>\n<h3>Cechy<\/h3>\n<ul>\n<li>Solidna konstrukcja: Obudowa silnika wykonana jest ze stopu aluminium, kt\u00f3ry s\u0142ynie z wyj\u0105tkowej trwa\u0142o\u015bci i odporno\u015bci na korozj\u0119. Gwarantuje to zdolno\u015b\u0107 obudowy do przetrwania trudnych warunk\u00f3w pracy i zapewnia silnikowi niezawodn\u0105 ochron\u0119.<\/li>\n<li>Rozpraszanie ciep\u0142a: Obudowa silnika mo\u017ce skutecznie rozprasza\u0107 ciep\u0142o wytwarzane podczas pracy silnika, poniewa\u017c aluminium jest doskona\u0142ym przewodnikiem ciep\u0142a. Gwarantuje to najwy\u017csz\u0105 wydajno\u015b\u0107 i niezawodno\u015b\u0107, jednocze\u015bnie pomagaj\u0105c w zapobieganiu przegrzaniu.<\/li>\n<li>Lekko\u015b\u0107: Aluminium jest lekkim materia\u0142em o du\u017cej wytrzyma\u0142o\u015bci w por\u00f3wnaniu z innymi materia\u0142ami. Obni\u017ca to ca\u0142kowit\u0105 mas\u0119 zespo\u0142u silnika i sprawia, \u017ce obudowa silnika jest \u0142atwiejsza w obs\u0142udze podczas instalacji i konserwacji.<\/li>\n<li>Doskona\u0142e przewodnictwo elektryczne: Wewn\u0119trzna transmisja energii elektrycznej silnika jest mo\u017cliwa dzi\u0119ki doskona\u0142ej przewodno\u015bci elektrycznej aluminium. Sprzyja to wydajnemu dzia\u0142aniu i ogranicza straty energii.<\/li>\n<li>Ochrona: Obudowa silnika zapewnia ochron\u0119 wewn\u0119trznych cz\u0119\u015bci silnika przed zanieczyszczeniami, takimi jak wilgo\u0107 i kurz, kt\u00f3re mog\u0142yby je uszkodzi\u0107 lub pogorszy\u0107 ich funkcjonalno\u015b\u0107.<\/li>\n<li>Prosta personalizacja: Z\u0142o\u017cone formy i wzory mog\u0105 by\u0107 tworzone przy u\u017cyciu odlew\u00f3w aluminiowych, co u\u0142atwia modyfikacj\u0119 obudowy silnika w celu zaspokojenia konkretnych potrzeb. Obejmuje to akcesoria, takie jak wsporniki monta\u017cowe, \u017cebra ch\u0142odz\u0105ce i dodatkow\u0105 wentylacj\u0119 lub otwory na przewody.<\/li>\n<\/ul>\n<p><img loading=\"lazy\" decoding=\"async\" class=\"alignnone wp-image-4028 size-full\" src=\"http:\/\/mnwell.com\/wp-content\/uploads\/2024\/01\/IMG_20231021_121106.jpg\" alt=\"Aluminum Die-Cast Motor Housing-2\" width=\"800\" height=\"800\" srcset=\"https:\/\/mnwell.com\/wp-content\/uploads\/2024\/01\/IMG_20231021_121106.jpg 800w, https:\/\/mnwell.com\/wp-content\/uploads\/2024\/01\/IMG_20231021_121106-150x150.jpg 150w, https:\/\/mnwell.com\/wp-content\/uploads\/2024\/01\/IMG_20231021_121106-768x768.jpg 768w, https:\/\/mnwell.com\/wp-content\/uploads\/2024\/01\/IMG_20231021_121106-12x12.jpg 12w, https:\/\/mnwell.com\/wp-content\/uploads\/2024\/01\/IMG_20231021_121106-300x300.jpg 300w, https:\/\/mnwell.com\/wp-content\/uploads\/2024\/01\/IMG_20231021_121106-600x600.jpg 600w, https:\/\/mnwell.com\/wp-content\/uploads\/2024\/01\/IMG_20231021_121106-100x100.jpg 100w\" sizes=\"(max-width: 800px) 100vw, 800px\" \/><\/p>\n<h3>Zastosowania<\/h3>\n<p>Wiele sektor\u00f3w i zastosowa\u0144 w szerokim zakresie wykorzystuje aluminiow\u0105 obudow\u0119 silnika odlewan\u0105 ci\u015bnieniowo:<\/p>\n<ol>\n<li>sprz\u0119t przemys\u0142owy<\/li>\n<li>Elektronarz\u0119dzia samochodowe<\/li>\n<li>Systemy HVAC oznaczaj\u0105 ogrzewanie, wentylacj\u0119 i klimatyzacj\u0119.<\/li>\n<li>Spr\u0119\u017carki i pompy<\/li>\n<li>Elektryczne przybory kuchenne<\/li>\n<li>Zalety odlewanej ci\u015bnieniowo aluminiowej obudowy silnika dla robotyki<\/li>\n<\/ol>\n<h4>Wyb\u00f3r odlewanej aluminiowej obudowy silnika ma kilka zalet:<\/h4>\n<ul>\n<li>Op\u0142acalno\u015b\u0107: Produkcja wysokiej jako\u015bci obud\u00f3w silnik\u00f3w w rozs\u0105dnych cenach jest mo\u017cliwa dzi\u0119ki ekonomicznemu charakterowi odlewania ci\u015bnieniowego aluminium.<\/li>\n<li>Wysoka precyzja: Procedura odlewania ci\u015bnieniowego wytwarza obudowy silnik\u00f3w, kt\u00f3re s\u0105 precyzyjnie dopasowane i poprawiaj\u0105 og\u00f3ln\u0105 wydajno\u015b\u0107 silnika poprzez zapewnienie sta\u0142ych i dok\u0142adnych wymiar\u00f3w.<\/li>\n<li>Lepsza estetyka: Aby poprawi\u0107 wygl\u0105d i zapewni\u0107 lepsz\u0105 ochron\u0119 przed korozj\u0105, aluminiowe obudowy silnik\u00f3w mog\u0105 by\u0107 poddawane r\u00f3\u017cnym obr\u00f3bkom powierzchniowym, w tym malowaniu, anodowaniu lub malowaniu proszkowemu.<\/li>\n<li>Przyjazny dla \u015brodowiska: Poniewa\u017c aluminium mo\u017cna podda\u0107 recyklingowi, jest to zr\u00f3wnowa\u017cony materia\u0142 na obudowy silnik\u00f3w. Mo\u017cna je podda\u0107 recyklingowi i przetopi\u0107, aby ograniczy\u0107 ilo\u015b\u0107 odpad\u00f3w i zu\u017cycie zasob\u00f3w.<\/li>\n<\/ul>\n<h3><img loading=\"lazy\" decoding=\"async\" class=\"alignnone wp-image-4029 size-full\" src=\"http:\/\/mnwell.com\/wp-content\/uploads\/2024\/01\/IMG_20231021_120955.jpg\" alt=\"Aluminum Die-Cast Motor Housing-3\" width=\"800\" height=\"800\" srcset=\"https:\/\/mnwell.com\/wp-content\/uploads\/2024\/01\/IMG_20231021_120955.jpg 800w, https:\/\/mnwell.com\/wp-content\/uploads\/2024\/01\/IMG_20231021_120955-150x150.jpg 150w, https:\/\/mnwell.com\/wp-content\/uploads\/2024\/01\/IMG_20231021_120955-768x768.jpg 768w, https:\/\/mnwell.com\/wp-content\/uploads\/2024\/01\/IMG_20231021_120955-12x12.jpg 12w, https:\/\/mnwell.com\/wp-content\/uploads\/2024\/01\/IMG_20231021_120955-300x300.jpg 300w, https:\/\/mnwell.com\/wp-content\/uploads\/2024\/01\/IMG_20231021_120955-600x600.jpg 600w, https:\/\/mnwell.com\/wp-content\/uploads\/2024\/01\/IMG_20231021_120955-100x100.jpg 100w\" sizes=\"(max-width: 800px) 100vw, 800px\" \/><\/h3>\n<h3>Dlaczego warto wybra\u0107 mindwell?<\/h3>\n<p>Firma Mindwell specjalizuje si\u0119 w produkcji odlewanych ci\u015bnieniowo aluminiowych obud\u00f3w silnik\u00f3w. Misj\u0105 firmy jest zaspokajanie potrzeb wielu sektor\u00f3w poprzez oferowanie swoim klientom wysokiej jako\u015bci, kreatywnie zaprojektowanych obud\u00f3w silnik\u00f3w ze stop\u00f3w aluminium. Mindwell, lider w sektorze produkcyjnym, oferuje kompleksow\u0105 gam\u0119 us\u0142ug dla klient\u00f3w dzi\u0119ki najnowocze\u015bniejszym maszynom produkcyjnym i wysoko wykwalifikowanym zespo\u0142om technicznym.<\/p>\n<p>Organizacja utrzymuje rygorystyczny system kontroli jako\u015bci, aby zagwarantowa\u0107, \u017ce ka\u017cdy produkt spe\u0142nia wymagania konsument\u00f3w i standardy bran\u017cowe. Produkt jest bardzo wytrzyma\u0142y i odporny na korozj\u0119 dzi\u0119ki technice odlewania ci\u015bnieniowego aluminium, kt\u00f3ra umo\u017cliwia r\u00f3wnie\u017c precyzyjne wytwarzanie skomplikowanych form i element\u00f3w. Rezultatem jest silnik o lepszej wydajno\u015bci i niezawodno\u015bci.<\/p>\n<p>Mindwell anga\u017cuje si\u0119 w innowacje w projektowaniu produkt\u00f3w, \u015bci\u015ble wsp\u00f3\u0142pracuj\u0105c z klientami w celu zrozumienia ich wymaga\u0144 i zapewnienia dostosowanych rozwi\u0105za\u0144. Organizacja mo\u017ce zaspokoi\u0107 szeroki zakres wymaga\u0144 klient\u00f3w, niezale\u017cnie od tego, czy chodzi o produkcj\u0119 dla r\u00f3\u017cnych rozmiar\u00f3w i standard\u00f3w, czy te\u017c projektowanie na zam\u00f3wienie dla okre\u015blonych sektor\u00f3w zastosowa\u0144.<\/p>\n<div class=\"ast-oembed-container\" style=\"height: 100%;\"><iframe loading=\"lazy\" title=\"Candy oprowadza po zak\u0142adzie odlewniczym Mindwell&amp;#039\" width=\"500\" height=\"281\" src=\"https:\/\/www.youtube.com\/embed\/EBMqzMlVq3M?feature=oembed\" frameborder=\"0\" allow=\"accelerometer; autoplay; clipboard-write; encrypted-media; gyroscope; picture-in-picture; web-share\" allowfullscreen><\/iframe><\/div>\n<h3>Wnioski<\/h3>\n<p>Silniki elektryczne mog\u0105 by\u0107 niezawodnie i skutecznie obs\u0142ugiwane i chronione przez aluminiow\u0105 obudow\u0119 silnika. Jest to idealna alternatywa dla r\u00f3\u017cnych zastosowa\u0144 komercyjnych i przemys\u0142owych ze wzgl\u0119du na lekk\u0105 konstrukcj\u0119, wyj\u0105tkowe rozpraszanie ciep\u0142a, solidn\u0105 konstrukcj\u0119 i mo\u017cliwo\u015bci dostosowania. Aluminiowa obudowa silnika z odlewu ci\u015bnieniowego zapewnia doskona\u0142\u0105 ochron\u0119 i wydajno\u015b\u0107 silnika ze wzgl\u0119du na wysok\u0105 dok\u0142adno\u015b\u0107, przyst\u0119pn\u0105 cen\u0119 i przyjazno\u015b\u0107 dla \u015brodowiska.<\/p>","protected":false},"excerpt":{"rendered":"<p>Odlew aluminiowy jest kluczowym elementem w zastosowaniach przemys\u0142owych i komercyjnych, zapewniaj\u0105c solidn\u0105 ochron\u0119 i wsparcie dla silnik\u00f3w elektrycznych. Ta lekka obudowa silnika wykonana jest z doskona\u0142ego stopu aluminium, oferuj\u0105c wyj\u0105tkow\u0105 wytrzyma\u0142o\u015b\u0107, trwa\u0142o\u015b\u0107 i rozpraszanie ciep\u0142a. Lekka konstrukcja, doskona\u0142a przewodno\u015b\u0107 elektryczna i prosta personalizacja sprawiaj\u0105, \u017ce jest \u0142atwa w modyfikacji i konserwacji. Zastosowania obejmuj\u0105 sprz\u0119t przemys\u0142owy, elektronarz\u0119dzia, systemy HVAC, spr\u0119\u017carki i elektryczne przybory kuchenne. Obudowy silnik\u00f3w odlewane ci\u015bnieniowo z aluminium s\u0105 ekonomiczne, precyzyjne, estetyczne i przyjazne dla \u015brodowiska. Mindwell, wiod\u0105cy producent, oferuje rozwi\u0105zania dostosowane do r\u00f3\u017cnych zastosowa\u0144.<\/p>","protected":false},"featured_media":4026,"template":"","meta":{"om_disable_all_campaigns":false,"_monsterinsights_skip_tracking":false,"_monsterinsights_sitenote_active":false,"_monsterinsights_sitenote_note":"","_monsterinsights_sitenote_category":0,"_uf_show_specific_survey":0,"_uf_disable_surveys":false,"site-sidebar-layout":"default","site-content-layout":"default","ast-global-header-display":"","ast-banner-title-visibility":"","ast-main-header-display":"","ast-hfb-above-header-display":"","ast-hfb-below-header-display":"","ast-hfb-mobile-header-display":"","site-post-title":"","ast-breadcrumbs-content":"","ast-featured-img":"","footer-sml-layout":"","theme-transparent-header-meta":"default","adv-header-id-meta":"","stick-header-meta":"","header-above-stick-meta":"","header-main-stick-meta":"","header-below-stick-meta":""},"product_cat":[18],"product_tag":[],"aioseo_notices":[],"_links":{"self":[{"href":"https:\/\/mnwell.com\/pl\/wp-json\/wp\/v2\/product\/4025"}],"collection":[{"href":"https:\/\/mnwell.com\/pl\/wp-json\/wp\/v2\/product"}],"about":[{"href":"https:\/\/mnwell.com\/pl\/wp-json\/wp\/v2\/types\/product"}],"wp:featuredmedia":[{"embeddable":true,"href":"https:\/\/mnwell.com\/pl\/wp-json\/wp\/v2\/media\/4026"}],"wp:attachment":[{"href":"https:\/\/mnwell.com\/pl\/wp-json\/wp\/v2\/media?parent=4025"}],"wp:term":[{"taxonomy":"product_cat","embeddable":true,"href":"https:\/\/mnwell.com\/pl\/wp-json\/wp\/v2\/product_cat?post=4025"},{"taxonomy":"product_tag","embeddable":true,"href":"https:\/\/mnwell.com\/pl\/wp-json\/wp\/v2\/product_tag?post=4025"}],"curies":[{"name":"wp","href":"https:\/\/api.w.org\/{rel}","templated":true}]}}