{"id":4050,"date":"2024-01-29T15:30:56","date_gmt":"2024-01-29T14:30:56","guid":{"rendered":"https:\/\/mnwell.com\/?post_type=product&#038;p=4050"},"modified":"2024-01-29T15:34:22","modified_gmt":"2024-01-29T14:34:22","slug":"aluminum-die-casting-services","status":"publish","type":"product","link":"https:\/\/mnwell.com\/pl\/produkt\/aluminum-die-casting-services\/","title":{"rendered":"Us\u0142ugi odlewania ci\u015bnieniowego aluminium"},"content":{"rendered":"<p>Us\u0142uga odlewania ci\u015bnieniowego aluminium to us\u0142uga, kt\u00f3ra zapewnia klientom niestandardowe cz\u0119\u015bci i produkty ze stopu aluminium w procesie odlewania ci\u015bnieniowego aluminium. Odlewanie ci\u015bnieniowe aluminium to skuteczny proces produkcyjny, kt\u00f3ry tworzy elementy o skomplikowanych wzorach poprzez wtryskiwanie stopionego stopu aluminium do starannie wykonanej formy, a nast\u0119pnie u\u017cycie wysokiego ci\u015bnienia do sch\u0142odzenia i zestalenia.<br \/>\nLekko\u015b\u0107, wysoka wytrzyma\u0142o\u015b\u0107 stop\u00f3w aluminium, op\u0142acalno\u015b\u0107 i wydajna produkcja skomplikowanych komponent\u00f3w to tylko niekt\u00f3re z g\u0142\u00f3wnych zalet us\u0142ug odlewania ci\u015bnieniowego aluminium. Z tego powodu odlewanie ci\u015bnieniowe aluminium jest technik\u0105 wybieran\u0105 do produkcji skomplikowanych komponent\u00f3w wykonanych ze stopu aluminium w wielu ga\u0142\u0119ziach przemys\u0142u.<\/p>\n<h3><img loading=\"lazy\" decoding=\"async\" class=\"alignnone wp-image-4051 size-full\" src=\"http:\/\/mnwell.com\/wp-content\/uploads\/2024\/01\/DJI_0336-1.jpg\" alt=\"Aluminum Die Casting parts\" width=\"800\" height=\"800\" srcset=\"https:\/\/mnwell.com\/wp-content\/uploads\/2024\/01\/DJI_0336-1.jpg 800w, https:\/\/mnwell.com\/wp-content\/uploads\/2024\/01\/DJI_0336-1-150x150.jpg 150w, https:\/\/mnwell.com\/wp-content\/uploads\/2024\/01\/DJI_0336-1-768x768.jpg 768w, https:\/\/mnwell.com\/wp-content\/uploads\/2024\/01\/DJI_0336-1-12x12.jpg 12w, https:\/\/mnwell.com\/wp-content\/uploads\/2024\/01\/DJI_0336-1-300x300.jpg 300w, https:\/\/mnwell.com\/wp-content\/uploads\/2024\/01\/DJI_0336-1-600x600.jpg 600w, https:\/\/mnwell.com\/wp-content\/uploads\/2024\/01\/DJI_0336-1-100x100.jpg 100w\" sizes=\"(max-width: 800px) 100vw, 800px\" \/><\/h3>\n<h3>Zawarto\u015b\u0107 us\u0142ugi odlewania ci\u015bnieniowego aluminium:<\/h3>\n<ul>\n<li>Projektowanie produkt\u00f3w: Wsp\u00f3\u0142pracuje z klientami w celu stworzenia unikalnych projekt\u00f3w produkt\u00f3w poprzez dok\u0142adne zrozumienie ich wymaga\u0144. Parametry techniczne, forma, rozmiar, <a href=\"https:\/\/mnwell.com\/pl\/surface-treatment\/\">obr\u00f3bka powierzchni<\/a>i inne tematy mog\u0105 by\u0107 omawiane w tym kontek\u015bcie.<\/li>\n<li>Przy wyborze materia\u0142\u00f3w nale\u017cy zapewni\u0107 profesjonaln\u0105 pomoc in\u017cyniersk\u0105, <a href=\"https:\/\/mnwell.com\/pl\/mold-design\/\">projekt formy<\/a>, optymalizacja procesu produkcyjnego i inne powi\u0105zane zadania. Celem jest upewnienie si\u0119, \u017ce gotowy produkt spe\u0142nia zar\u00f3wno wymagania klienta, jak i surowe standardy jako\u015bci.<\/li>\n<li>Produkcja form: Aby zagwarantowa\u0107, \u017ce produkty s\u0105 wytwarzane zgodnie z wymaganiami projektowymi, nale\u017cy wyprodukowa\u0107 unikalne aluminiowe formy odlewnicze. Wa\u017cnym etapem w procesie odlewania ci\u015bnieniowego aluminium jest projektowanie i produkcja form.<\/li>\n<li>Produkcja i przetwarzanie: Wybrany materia\u0142 ze stopu aluminium jest topiony, pompowany do formy i szybko zestalany pod wysokim ci\u015bnieniem przy u\u017cyciu metody odlewania ci\u015bnieniowego aluminium. Gwarantuje to wyj\u0105tkow\u0105 jako\u015b\u0107 powierzchni i wysoki stopie\u0144 dok\u0142adno\u015bci.<\/li>\n<li>Kontrola jako\u015bci: Aby \u015bledzi\u0107 i identyfikowa\u0107 ka\u017cdy etap procesu produkcyjnego, wprowadzili\u015bmy rygorystyczny system kontroli jako\u015bci. Korzystaj\u0105c z najnowocze\u015bniejszej aparatury testuj\u0105cej, gwarantujemy, \u017ce gotowy produkt spe\u0142nia zar\u00f3wno wymagania klienta, jak i normy bran\u017cowe.<\/li>\n<li>Obr\u00f3bka powierzchni: Aby zaspokoi\u0107 potrzeby klient\u00f3w w zakresie wygl\u0105du, odporno\u015bci na korozj\u0119 i innych cech u\u017cytkowych, dost\u0119pne s\u0105 r\u00f3\u017cne metody obr\u00f3bki powierzchni, w tym anodowanie, natryskiwanie, powlekanie elektroforetyczne itp.<\/li>\n<li>Rozwi\u0105zania dostosowane do potrzeb: G\u0142\u00f3wnym celem us\u0142ug odlewania ci\u015bnieniowego aluminium jest dostarczanie klientom rozwi\u0105za\u0144 dostosowanych do ich potrzeb, kt\u00f3re spe\u0142niaj\u0105 wymagania r\u00f3\u017cnych sektor\u00f3w i przypadk\u00f3w u\u017cycia. Mo\u017ce to mie\u0107 zwi\u0105zek z cz\u0119\u015bciami specjalnego przeznaczenia, specyfikacjami o wysokiej wydajno\u015bci lub lekk\u0105 konstrukcj\u0105.<\/li>\n<\/ul>\n<p><img loading=\"lazy\" decoding=\"async\" class=\"alignnone wp-image-4052 size-full\" src=\"http:\/\/mnwell.com\/wp-content\/uploads\/2024\/01\/die-casting-process-1.jpg\" alt=\"Aluminum die casting service content\" width=\"750\" height=\"428\" srcset=\"https:\/\/mnwell.com\/wp-content\/uploads\/2024\/01\/die-casting-process-1.jpg 750w, https:\/\/mnwell.com\/wp-content\/uploads\/2024\/01\/die-casting-process-1-18x10.jpg 18w, https:\/\/mnwell.com\/wp-content\/uploads\/2024\/01\/die-casting-process-1-600x342.jpg 600w\" sizes=\"(max-width: 750px) 100vw, 750px\" \/><\/p>\n<p>&nbsp;<\/p>\n<h3>Czym s\u0105 us\u0142ugi odlewania ci\u015bnieniowego aluminium?<\/h3>\n<p>Wysokiej jako\u015bci, skomplikowane komponenty aluminiowe s\u0105 produkowane przy u\u017cyciu us\u0142ug odlewania ci\u015bnieniowego aluminium. Podczas tej procedury stopione aluminium jest wtryskiwane do wn\u0119ki formy, gdzie zestala si\u0119 i przybiera form\u0119 formy. Produktem ko\u0144cowym jest dok\u0142adna i trwa\u0142a cz\u0119\u015b\u0107 aluminiowa, kt\u00f3ra znajduje zastosowanie w wielu sektorach, takich jak elektronika, motoryzacja i lotnictwo.<\/p>\n<h3><img loading=\"lazy\" decoding=\"async\" class=\"alignnone wp-image-4053 size-full\" src=\"http:\/\/mnwell.com\/wp-content\/uploads\/2024\/01\/DJI_0335.jpg\" alt=\"luminum Die Casting Services\" width=\"800\" height=\"800\" srcset=\"https:\/\/mnwell.com\/wp-content\/uploads\/2024\/01\/DJI_0335.jpg 800w, https:\/\/mnwell.com\/wp-content\/uploads\/2024\/01\/DJI_0335-150x150.jpg 150w, https:\/\/mnwell.com\/wp-content\/uploads\/2024\/01\/DJI_0335-768x768.jpg 768w, https:\/\/mnwell.com\/wp-content\/uploads\/2024\/01\/DJI_0335-12x12.jpg 12w, https:\/\/mnwell.com\/wp-content\/uploads\/2024\/01\/DJI_0335-300x300.jpg 300w, https:\/\/mnwell.com\/wp-content\/uploads\/2024\/01\/DJI_0335-600x600.jpg 600w, https:\/\/mnwell.com\/wp-content\/uploads\/2024\/01\/DJI_0335-100x100.jpg 100w\" sizes=\"(max-width: 800px) 100vw, 800px\" \/><br \/>\nZalety odlewania ci\u015bnieniowego aluminium<\/h3>\n<p>W por\u00f3wnaniu z innymi technikami produkcji, <a href=\"https:\/\/mnwell.com\/pl\/aluminum-die-casting\/\">odlew aluminiowy<\/a> ma nast\u0119puj\u0105ce zalety:<\/p>\n<ul>\n<li>Mocne i lekkie: Ze wzgl\u0119du na wyj\u0105tkowy stosunek wytrzyma\u0142o\u015bci do wagi, aluminium jest doskona\u0142ym rozwi\u0105zaniem dla zastosowa\u0144 wymagaj\u0105cych zar\u00f3wno wytrzyma\u0142o\u015bci, jak i lekko\u015bci.<\/li>\n<li>Z\u0142o\u017cone geometrie: Odlewanie ci\u015bnieniowe umo\u017cliwia produkcj\u0119 element\u00f3w o w\u0105skich tolerancjach, kt\u00f3re s\u0105 zar\u00f3wno precyzyjnie dopasowane, jak i funkcjonalne.<\/li>\n<li>Wysoka wydajno\u015b\u0107: Umo\u017cliwiaj\u0105c wysokie tempo produkcji, technika odlewania ci\u015bnieniowego obni\u017ca koszty i czas produkcji.<\/li>\n<li>Doskona\u0142e wyko\u0144czenie powierzchni: Nie ma potrzeby stosowania dalszych procedur wyko\u0144czeniowych, poniewa\u017c odlewy aluminiowe maj\u0105 g\u0142adkie, przyjemne wizualnie wyko\u0144czenie powierzchni.<\/li>\n<li>Dobra przewodno\u015b\u0107 cieplna: Aluminium ma wysok\u0105 wydajno\u015b\u0107 rozpraszania ciep\u0142a, co czyni go dobrym wyborem do zastosowa\u0144 wymagaj\u0105cych wydajnej kontroli termicznej.<\/li>\n<\/ul>\n<p>&nbsp;<\/p>\n<h3>Nasze us\u0142ugi odlewania ci\u015bnieniowego aluminium<\/h3>\n<p>W Mindwell jeste\u015bmy ekspertami w oferowaniu najwy\u017cszej jako\u015bci us\u0142ug odlewania ci\u015bnieniowego aluminium, aby zaspokoi\u0107 r\u00f3\u017cne wymagania naszych klient\u00f3w. Nasz wykwalifikowany personel i najnowocze\u015bniejsze urz\u0105dzenia umo\u017cliwiaj\u0105 nam produkcj\u0119 precyzyjnie zaprojektowanych komponent\u00f3w aluminiowych, kt\u00f3re spe\u0142niaj\u0105 najsurowsze wymagania bran\u017cowe.<\/p>\n<h4>Wsparcie dla in\u017cynierii i projektowania<\/h4>\n<p>W \u015bcis\u0142ej wsp\u00f3\u0142pracy z klientami nasz zesp\u00f3\u0142 utalentowanych in\u017cynier\u00f3w i projektant\u00f3w optymalizuje projekty produkt\u00f3w pod k\u0105tem procesu odlewania ci\u015bnieniowego. Aby zagwarantowa\u0107 efektywne projektowanie i wytwarzanie form, korzystamy z najnowszego oprogramowania CAD\/CAM.<\/p>\n<h4>Tworzenie form<\/h4>\n<p>Poniewa\u017c mamy mo\u017cliwo\u015b\u0107 wykonywania form we w\u0142asnym zakresie, mo\u017cemy tworzy\u0107 unikalne formy, kt\u00f3re s\u0105 dostosowane do konkretnych potrzeb ka\u017cdego projektu. Nasi eksperci tworz\u0105 wysokiej jako\u015bci formy, kt\u00f3re zapewniaj\u0105 precyzyjn\u0105 i niezawodn\u0105 produkcj\u0119 komponent\u00f3w przy u\u017cyciu najnowocze\u015bniejszych technologii.<\/p>\n<h4>Odlewanie ci\u015bnieniowe aluminium<\/h4>\n<p>Nasz najnowocze\u015bniejszy sprz\u0119t do odlewania ci\u015bnieniowego umo\u017cliwia nam efektywn\u0105 produkcj\u0119 komponent\u00f3w aluminiowych o r\u00f3\u017cnych rozmiarach i skomplikowanych wzorach. Nasi do\u015bwiadczeni operatorzy bacznie obserwuj\u0105 procedur\u0119, aby zagwarantowa\u0107 idealne warunki odlewania i zmniejszy\u0107 liczb\u0119 wad.<\/p>\n<h4>Wyka\u0144czanie i obr\u00f3bka skrawaniem<\/h4>\n<p>Zapewniamy wt\u00f3rn\u0105 obr\u00f3bk\u0119 skrawaniem i us\u0142ugi wyko\u0144czeniowe w celu dalszego ulepszania element\u00f3w po procesie odlewania ci\u015bnieniowego. Mo\u017cemy uzyska\u0107 dok\u0142adne pomiary i w\u0105skie tolerancje dzi\u0119ki naszym <a href=\"https:\/\/mnwell.com\/pl\/cnc-machining-service\/\">Obr\u00f3bka CNC<\/a> umiej\u0119tno\u015bci. Dodatkowo zapewniamy r\u00f3\u017cnorodne opcje wyko\u0144czenia, w tym powlekanie galwaniczne, anodowanie i malowanie proszkowe, aby poprawi\u0107 odporno\u015b\u0107 i estetyk\u0119 komponent\u00f3w aluminiowych.<\/p>\n<h4>Zapewnienie jako\u015bci<\/h4>\n<p>Naszym priorytetem jest jako\u015b\u0107. W ca\u0142ym procesie produkcji stosujemy rygorystyczne procedury kontroli jako\u015bci, aby zagwarantowa\u0107, \u017ce ka\u017cdy element aluminiowy spe\u0142nia niezb\u0119dne wymagania. Nasz zaanga\u017cowany zesp\u00f3\u0142 ds. zapewnienia jako\u015bci przeprowadza dog\u0142\u0119bne testy i inspekcje, aby zapewni\u0107 najlepsz\u0105 mo\u017cliw\u0105 wydajno\u015b\u0107 i jako\u015b\u0107 produktu.<\/p>\n<p><img loading=\"lazy\" decoding=\"async\" class=\"alignnone wp-image-4054 size-full\" src=\"http:\/\/mnwell.com\/wp-content\/uploads\/2024\/01\/certificate.jpg\" alt=\"Assurance of Quality\" width=\"750\" height=\"414\" srcset=\"https:\/\/mnwell.com\/wp-content\/uploads\/2024\/01\/certificate.jpg 750w, https:\/\/mnwell.com\/wp-content\/uploads\/2024\/01\/certificate-18x10.jpg 18w, https:\/\/mnwell.com\/wp-content\/uploads\/2024\/01\/certificate-600x331.jpg 600w\" sizes=\"(max-width: 750px) 100vw, 750px\" \/><\/p>\n<p>&nbsp;<\/p>\n<h3>Dlaczego warto wybra\u0107 nasze us\u0142ugi odlewania ci\u015bnieniowego aluminium?<\/h3>\n<p>Wsp\u00f3\u0142pracuj\u0105c z firm\u0105 Mindwell, mo\u017cesz spodziewa\u0107 si\u0119 nast\u0119puj\u0105cych korzy\u015bci <a href=\"https:\/\/mnwell.com\/pl\/produkt\/aluminum-die-casting-parts\/\">odlew aluminiowy<\/a> potrzeby:<\/p>\n<ul>\n<li>Doskona\u0142e komponenty aluminiowe, kt\u00f3re spe\u0142niaj\u0105 lub przewy\u017cszaj\u0105 wymagania bran\u017cowe<\/li>\n<li>Szybka realizacja w celu dotrzymania termin\u00f3w projekt\u00f3w<\/li>\n<li>Konkurencyjne ceny pomagaj\u0105 zwi\u0119kszy\u0107 efektywno\u015b\u0107 koszt\u00f3w<\/li>\n<li>Profesjonalna pomoc techniczna i wskaz\u00f3wki dotycz\u0105ce ca\u0142ej procedury<\/li>\n<li>Mo\u017cliwo\u015b\u0107 dostosowania do obs\u0142ugi zar\u00f3wno skromnych, jak i masowych serii produkcyjnych<\/li>\n<li>Zaanga\u017cowanie na rzecz ekologicznie korzystnych i zr\u00f3wnowa\u017conych metod<\/li>\n<\/ul>\n<p>Skontaktuj si\u0119 z nami ju\u017c teraz, aby dowiedzie\u0107 si\u0119 wi\u0119cej o naszych us\u0142ugach odlewania ci\u015bnieniowego aluminium i o tym, jak mo\u017cemy pom\u00f3c w realizacji Twojego projektu.<\/p>\n<p><img loading=\"lazy\" decoding=\"async\" class=\"alignnone size-full wp-image-4049\" src=\"http:\/\/mnwell.com\/wp-content\/uploads\/2024\/01\/our-Factory.jpg\" alt=\"\" width=\"800\" height=\"902\" srcset=\"https:\/\/mnwell.com\/wp-content\/uploads\/2024\/01\/our-Factory.jpg 800w, https:\/\/mnwell.com\/wp-content\/uploads\/2024\/01\/our-Factory-768x866.jpg 768w, https:\/\/mnwell.com\/wp-content\/uploads\/2024\/01\/our-Factory-11x12.jpg 11w, https:\/\/mnwell.com\/wp-content\/uploads\/2024\/01\/our-Factory-600x677.jpg 600w\" sizes=\"(max-width: 800px) 100vw, 800px\" \/><\/p>","protected":false},"excerpt":{"rendered":"<div class=\"QFw9Te BLojaf\" data-quillbot-parent=\"OdOVEvcYYT0FZ0LYfSpXy\">\n<p>&nbsp;<\/p>\n<div class=\"D5aOJc vJwDU\"><\/div>\n<div class=\"hlJJmd\">\n<div class=\"D5aOJc Hapztf\"><\/div>\n<div class=\"Bmcqed\" dir=\"ltr\">\n<div data-id=\"kvLWu\"><\/div>\n<\/div>\n<\/div>\n<div class=\"cEWAef\"><\/div>\n<div class=\"A3dMNc\" data-initial-text=\"\">Us\u0142ugi odlewania ci\u015bnieniowego aluminium s\u0105 procesem produkcyjnym, kt\u00f3ry tworzy skomplikowane cz\u0119\u015bci i produkty ze stopu aluminium. Proces ten polega na wtryskiwaniu stopionego stopu aluminium do formy i wykorzystaniu wysokiego ci\u015bnienia do jego sch\u0142odzenia i zestalenia. Proces ten jest op\u0142acalny, lekki i wydajny, co czyni go preferowanym wyborem do produkcji z\u0142o\u017conych komponent\u00f3w aluminiowych w r\u00f3\u017cnych bran\u017cach. Us\u0142ugi obejmuj\u0105 projektowanie produkt\u00f3w, wytwarzanie form, produkcj\u0119 i przetwarzanie, kontrol\u0119 jako\u015bci, obr\u00f3bk\u0119 powierzchni i rozwi\u0105zania dostosowane do potrzeb klienta. Zalety odlewania ci\u015bnieniowego aluminium obejmuj\u0105 wytrzyma\u0142o\u015b\u0107, lekko\u015b\u0107, z\u0142o\u017cone geometrie, wysok\u0105 wydajno\u015b\u0107, doskona\u0142e wyko\u0144czenie powierzchni i dobr\u0105 przewodno\u015b\u0107 ciepln\u0105.<\/div>\n<\/div>","protected":false},"featured_media":4051,"template":"","meta":{"om_disable_all_campaigns":false,"_monsterinsights_skip_tracking":false,"_monsterinsights_sitenote_active":false,"_monsterinsights_sitenote_note":"","_monsterinsights_sitenote_category":0,"_uf_show_specific_survey":0,"_uf_disable_surveys":false,"site-sidebar-layout":"default","site-content-layout":"default","ast-global-header-display":"","ast-banner-title-visibility":"","ast-main-header-display":"","ast-hfb-above-header-display":"","ast-hfb-below-header-display":"","ast-hfb-mobile-header-display":"","site-post-title":"","ast-breadcrumbs-content":"","ast-featured-img":"","footer-sml-layout":"","theme-transparent-header-meta":"default","adv-header-id-meta":"","stick-header-meta":"","header-above-stick-meta":"","header-main-stick-meta":"","header-below-stick-meta":""},"product_cat":[18],"product_tag":[],"aioseo_notices":[],"_links":{"self":[{"href":"https:\/\/mnwell.com\/pl\/wp-json\/wp\/v2\/product\/4050"}],"collection":[{"href":"https:\/\/mnwell.com\/pl\/wp-json\/wp\/v2\/product"}],"about":[{"href":"https:\/\/mnwell.com\/pl\/wp-json\/wp\/v2\/types\/product"}],"wp:featuredmedia":[{"embeddable":true,"href":"https:\/\/mnwell.com\/pl\/wp-json\/wp\/v2\/media\/4051"}],"wp:attachment":[{"href":"https:\/\/mnwell.com\/pl\/wp-json\/wp\/v2\/media?parent=4050"}],"wp:term":[{"taxonomy":"product_cat","embeddable":true,"href":"https:\/\/mnwell.com\/pl\/wp-json\/wp\/v2\/product_cat?post=4050"},{"taxonomy":"product_tag","embeddable":true,"href":"https:\/\/mnwell.com\/pl\/wp-json\/wp\/v2\/product_tag?post=4050"}],"curies":[{"name":"wp","href":"https:\/\/api.w.org\/{rel}","templated":true}]}}