{"id":4073,"date":"2024-02-04T15:23:41","date_gmt":"2024-02-04T14:23:41","guid":{"rendered":"https:\/\/mnwell.com\/?post_type=product&#038;p=4073"},"modified":"2024-02-04T15:26:43","modified_gmt":"2024-02-04T14:26:43","slug":"electric-motor-housing","status":"publish","type":"product","link":"https:\/\/mnwell.com\/pl\/produkt\/electric-motor-housing\/","title":{"rendered":"obudowa silnika elektrycznego"},"content":{"rendered":"<p>Obudowa silnika elektrycznego odlewana ci\u015bnieniowo na zam\u00f3wienie to obudowa silnika wykonana w technologii odlewania ci\u015bnieniowego, kt\u00f3r\u0105 mo\u017cna dostosowa\u0107 do potrzeb klienta. Dzi\u0119ki wyj\u0105tkowej dok\u0142adno\u015bci, solidno\u015bci, lekko\u015bci i atrakcyjnemu wygl\u0105dowi, ta niestandardowa obudowa silnika mo\u017ce zaspokoi\u0107 szeroki zakres wymaga\u0144 klient\u00f3w zar\u00f3wno w zakresie wydajno\u015bci silnika, jak i estetyki. Nasza niestandardowa obudowa silnika odlewana ci\u015bnieniowo w mindwell jest produktem premium o doskona\u0142ej dok\u0142adno\u015bci, wytrzyma\u0142o\u015bci, lekko\u015bci i atrakcyjnym wygl\u0105dzie. Zapewniamy dok\u0142adne, spersonalizowane us\u0142ugi, aby spe\u0142ni\u0107 unikalne wymagania r\u00f3\u017cnych bran\u017c i klient\u00f3w. Wyb\u00f3r naszej firmy zaowocuje doskona\u0142\u0105 jako\u015bci\u0105 produktu i bezproblemow\u0105 pomoc\u0105 po zakupie.<\/p>\n<p><img loading=\"lazy\" decoding=\"async\" class=\"alignnone wp-image-4075 size-full\" src=\"http:\/\/mnwell.com\/wp-content\/uploads\/2024\/02\/IMG_20231021_121020.jpg\" alt=\"electric motor housing\" width=\"800\" height=\"800\" srcset=\"https:\/\/mnwell.com\/wp-content\/uploads\/2024\/02\/IMG_20231021_121020.jpg 800w, https:\/\/mnwell.com\/wp-content\/uploads\/2024\/02\/IMG_20231021_121020-150x150.jpg 150w, https:\/\/mnwell.com\/wp-content\/uploads\/2024\/02\/IMG_20231021_121020-768x768.jpg 768w, https:\/\/mnwell.com\/wp-content\/uploads\/2024\/02\/IMG_20231021_121020-12x12.jpg 12w, https:\/\/mnwell.com\/wp-content\/uploads\/2024\/02\/IMG_20231021_121020-300x300.jpg 300w, https:\/\/mnwell.com\/wp-content\/uploads\/2024\/02\/IMG_20231021_121020-600x600.jpg 600w, https:\/\/mnwell.com\/wp-content\/uploads\/2024\/02\/IMG_20231021_121020-100x100.jpg 100w\" sizes=\"(max-width: 800px) 100vw, 800px\" \/><\/p>\n<p>&nbsp;<\/p>\n<h3>Cechy obudowy silnika elektrycznego<\/h3>\n<ul>\n<li>Wysoka precyzja: Aby zagwarantowa\u0107, \u017ce rozmiar obudowy silnika jest precyzyjny i spe\u0142nia specyfikacje klienta, stosowane s\u0105 zaawansowane technologie formowania i odlewania ci\u015bnieniowego. Nie tylko zwi\u0119ksza to wydajno\u015b\u0107 silnika, ale tak\u017ce zmniejsza trudno\u015bci zwi\u0105zane z monta\u017cem i rozwi\u0105zywaniem problem\u00f3w w przysz\u0142o\u015bci.<\/li>\n<li>Wysoka wytrzyma\u0142o\u015b\u0107: Aby zagwarantowa\u0107, \u017ce obudowa silnika elektrycznego ma wystarczaj\u0105c\u0105 wytrzyma\u0142o\u015b\u0107 mechaniczn\u0105 i sztywno\u015b\u0107 oraz mo\u017ce wytrzyma\u0107 r\u00f3\u017cne trudne sytuacje robocze, nale\u017cy wybra\u0107 najwy\u017cszej jako\u015bci materia\u0142y metalowe, takie jak stop cynku, stop aluminium itp. Co wi\u0119cej, odporno\u015b\u0107 obudowy na uderzenia jest znacznie zwi\u0119kszona dzi\u0119ki precyzyjnej technice odlewania ci\u015bnieniowego.<\/li>\n<li>Lekko\u015b\u0107: Technika odlewania ci\u015bnieniowego mo\u017ce zapewni\u0107 obudow\u0119 silnika, kt\u00f3ra jest l\u017cejsza i cie\u0144sza ni\u017c w przypadku konwencjonalnych proces\u00f3w odlewania, co obni\u017ca ca\u0142kowit\u0105 wag\u0119 silnika i u\u0142atwia obs\u0142ug\u0119 i dzia\u0142anie. Jest to szczeg\u00f3lnie przydatne w sytuacjach, w kt\u00f3rych konieczne jest ograniczenie masy, takich jak nowe pojazdy energetyczne, samoloty itp.<\/li>\n<li>Pi\u0119kny: G\u0142adka, p\u0142aska powierzchnia obudowy silnika i wysoka jako\u015b\u0107 wygl\u0105du mog\u0105 poprawi\u0107 og\u00f3lne postrzeganie silnika. Polerowana metalowa powierzchnia lub drobiazgowa tekstura mog\u0105 \u015bwiadczy\u0107 o z\u0142o\u017cono\u015bci i wysokim poziomie produktu.<\/li>\n<li>Efektywny cykl produkcyjny: Dzi\u0119ki zastosowaniu najnowocze\u015bniejszej technologii odlewania ci\u015bnieniowego cykl produkcyjny ulega znacznemu skr\u00f3ceniu, umo\u017cliwiaj\u0105c szybk\u0105 realizacj\u0119 wymaga\u0144 klient\u00f3w.<\/li>\n<li>Dobra wydajno\u015b\u0107 \u015brodowiskowa: Podczas produkcji powa\u017cnie traktujemy ochron\u0119 \u015brodowiska. Przed uwolnieniem do \u015brodowiska wszystkie odpady i \u015bcieki s\u0105 przetwarzane.<\/li>\n<\/ul>\n<p><img loading=\"lazy\" decoding=\"async\" class=\"alignnone wp-image-4076 size-full\" src=\"http:\/\/mnwell.com\/wp-content\/uploads\/2024\/02\/IMG_20231021_121154.jpg\" alt=\"motor housing die-casting\" width=\"800\" height=\"800\" srcset=\"https:\/\/mnwell.com\/wp-content\/uploads\/2024\/02\/IMG_20231021_121154.jpg 800w, https:\/\/mnwell.com\/wp-content\/uploads\/2024\/02\/IMG_20231021_121154-150x150.jpg 150w, https:\/\/mnwell.com\/wp-content\/uploads\/2024\/02\/IMG_20231021_121154-768x768.jpg 768w, https:\/\/mnwell.com\/wp-content\/uploads\/2024\/02\/IMG_20231021_121154-12x12.jpg 12w, https:\/\/mnwell.com\/wp-content\/uploads\/2024\/02\/IMG_20231021_121154-300x300.jpg 300w, https:\/\/mnwell.com\/wp-content\/uploads\/2024\/02\/IMG_20231021_121154-600x600.jpg 600w, https:\/\/mnwell.com\/wp-content\/uploads\/2024\/02\/IMG_20231021_121154-100x100.jpg 100w\" sizes=\"(max-width: 800px) 100vw, 800px\" \/><\/p>\n<p>&nbsp;<\/p>\n<h3>Zakres zastosowa\u0144<\/h3>\n<p>Niestandardowa obudowa silnika elektrycznego odlewana ci\u015bnieniowo to niestandardowa obudowa przeznaczona do r\u00f3\u017cnych silnik\u00f3w, g\u0142\u00f3wnie AC, DC i serwomotor\u00f3w. W produkcji tego produktu stosuje si\u0119 odlewanie ci\u015bnieniowe, a obudowy o r\u00f3\u017cnych wymiarach i kszta\u0142tach mog\u0105 by\u0107 dostosowane do unikalnych wymaga\u0144 klient\u00f3w, aby zaspokoi\u0107 zastosowania silnik\u00f3w w wielu bran\u017cach.<\/p>\n<h4>Odpowiednie typy silnik\u00f3w:<\/h4>\n<ol>\n<li>Silnik AC: W tej obudowie silnika mo\u017cna stosowa\u0107 silniki o r\u00f3\u017cnych rozmiarach i mocach. Poniewa\u017c silniki AC s\u0105 szeroko stosowane w produkcji samochod\u00f3w, automatyce przemys\u0142owej i innych sektorach, specjalistyczne obudowy mog\u0105 by\u0107 wykonane tak, aby spe\u0142nia\u0142y wymagania wielu zastosowa\u0144.<\/li>\n<li>Silniki pr\u0105du sta\u0142ego to kolejny popularny rodzaj silnik\u00f3w, kt\u00f3re s\u0105 cz\u0119sto wykorzystywane w nowych sektorach energetyki, automatyki przemys\u0142owej i innych bran\u017cach. Mo\u017cliwo\u015b\u0107 dostosowania obudowy silnika do r\u00f3\u017cnych wymaga\u0144 dotycz\u0105cych rozmiaru i kszta\u0142tu silnik\u00f3w DC jest zapewniona dzi\u0119ki personalizacji.<\/li>\n<li>Serwomotory: W dziedzinie robotyki i automatyki przemys\u0142owej serwomotory maj\u0105 kluczowe znaczenie. Wymagania serwomotor\u00f3w w zastosowaniach wymagaj\u0105cych wysokiej precyzji i wydajno\u015bci mo\u017cna spe\u0142ni\u0107 poprzez zmian\u0119 obudowy.<\/li>\n<\/ol>\n<h4>Obszary zastosowa\u0144:<\/h4>\n<ul>\n<li>Automatyka przemys\u0142owa: Aby zagwarantowa\u0107 wydajno\u015b\u0107 i stabilno\u015b\u0107 silnika, niestandardowe obudowy silnik\u00f3w mog\u0105 by\u0107 stosowane w szeregu urz\u0105dze\u0144 automatyki przemys\u0142owej.<\/li>\n<li>Samochody elektryczne, energia wiatrowa, energia s\u0142oneczna i inne dyscypliny nale\u017c\u0105 do nowych ga\u0142\u0119zi przemys\u0142u energetycznego, kt\u00f3re wykorzystuj\u0105 obudowy silnik\u00f3w w celu dostosowania ich wydajno\u015bci i \u015brodowiska pracy do potrzeb r\u00f3\u017cnych silnik\u00f3w.<\/li>\n<li>Produkcja samochod\u00f3w: Aby zwi\u0119kszy\u0107 og\u00f3ln\u0105 wydajno\u015b\u0107 i sprawno\u015b\u0107, komponenty obudowy silnika mog\u0105 by\u0107 stosowane w r\u00f3\u017cnych systemach elektrycznych pojazd\u00f3w.<\/li>\n<li>Przemys\u0142 lotniczy: Aby zaspokoi\u0107 potrzeby silnik\u00f3w w samolotach, satelitach i innych statkach powietrznych, przemys\u0142 lotniczy wykorzystuje r\u00f3wnie\u017c niestandardowe obudowy silnik\u00f3w.<\/li>\n<\/ul>\n<h4>Funkcje niestandardowe:<\/h4>\n<ul>\n<li>Elastyczne specyfikacje: obudowa silnika elektrycznego mo\u017ce by\u0107 wykonana tak, aby pasowa\u0142a do r\u00f3\u017cnych typ\u00f3w silnik\u00f3w o r\u00f3\u017cnych rozmiarach i specyfikacjach w oparciu o unikalne potrzeby klient\u00f3w.<\/li>\n<li>R\u00f3\u017cnorodno\u015b\u0107 kszta\u0142t\u00f3w: Kszta\u0142t obudowy mo\u017cna zmieni\u0107, aby spe\u0142ni\u0107 wymagania aplikacji, gwarantuj\u0105c idealne dopasowanie i funkcjonalno\u015b\u0107.<\/li>\n<li>Wyb\u00f3r materia\u0142u: Aby zagwarantowa\u0107 wytrzyma\u0142o\u015b\u0107 i odporno\u015b\u0107 pow\u0142oki na korozj\u0119, mo\u017cna wybra\u0107 odpowiednie materia\u0142y, takie jak stop aluminium, stop magnezu itp. w zale\u017cno\u015bci od \u015brodowiska u\u017cytkowania i potrzeb.<\/li>\n<\/ul>\n<p><img loading=\"lazy\" decoding=\"async\" class=\"alignnone size-full wp-image-4077\" src=\"http:\/\/mnwell.com\/wp-content\/uploads\/2024\/02\/IMG_20231021_121126_1.jpg\" alt=\"\" width=\"800\" height=\"800\" srcset=\"https:\/\/mnwell.com\/wp-content\/uploads\/2024\/02\/IMG_20231021_121126_1.jpg 800w, https:\/\/mnwell.com\/wp-content\/uploads\/2024\/02\/IMG_20231021_121126_1-150x150.jpg 150w, https:\/\/mnwell.com\/wp-content\/uploads\/2024\/02\/IMG_20231021_121126_1-768x768.jpg 768w, https:\/\/mnwell.com\/wp-content\/uploads\/2024\/02\/IMG_20231021_121126_1-12x12.jpg 12w, https:\/\/mnwell.com\/wp-content\/uploads\/2024\/02\/IMG_20231021_121126_1-300x300.jpg 300w, https:\/\/mnwell.com\/wp-content\/uploads\/2024\/02\/IMG_20231021_121126_1-600x600.jpg 600w, https:\/\/mnwell.com\/wp-content\/uploads\/2024\/02\/IMG_20231021_121126_1-100x100.jpg 100w\" sizes=\"(max-width: 800px) 100vw, 800px\" \/><\/p>\n<p>&nbsp;<\/p>\n<h2>Us\u0142ugi niestandardowe<\/h2>\n<ol>\n<li>Us\u0142uga dostosowana do potrzeb klienta: G\u0142\u00f3wnym celem us\u0142ugi jest stworzenie obudowy silnika elektrycznego, kt\u00f3ra jest specjalnie dostosowana do specyfikacji i potrzeb klienta. Gwarantuje to, \u017ce produkt ca\u0142kowicie spe\u0142nia unikalne wymagania konsumenta, zwi\u0119kszaj\u0105c zadowolenie klienta i adekwatno\u015b\u0107 produktu.<\/li>\n<li>Wyb\u00f3r materia\u0142\u00f3w: Skrupulatny dob\u00f3r materia\u0142\u00f3w na obudow\u0119 silnika jest cz\u0119\u015bci\u0105 us\u0142ugi. Mo\u017cna to zrobi\u0107 zgodnie ze \u015brodowiskiem aplikacji i specyfikacjami klienta, gwarantuj\u0105c, \u017ce obudowa ma wymagan\u0105 wytrzyma\u0142o\u015b\u0107, odporno\u015b\u0107 na korozj\u0119 i inne atrybuty wydajno\u015bci.<\/li>\n<li>Konstrukcja wymiarowa: W zale\u017cno\u015bci od r\u00f3\u017cnych sytuacji zastosowania, klienci mog\u0105 mie\u0107 r\u00f3\u017cne potrzeby w zakresie rozmiar\u00f3w swoich silnik\u00f3w. W ramach us\u0142ugi projektujesz wymiary obudowy, aby zagwarantowa\u0107, \u017ce b\u0119dzie ona dok\u0142adnie pasowa\u0107 do silnika klienta, spe\u0142niaj\u0105c jednocze\u015bnie kryteria dotycz\u0105ce przestrzeni i wydajno\u015bci.<\/li>\n<li><a href=\"https:\/\/mnwell.com\/pl\/surface-treatment\/\">Obr\u00f3bka powierzchni:<\/a> Obr\u00f3bka powierzchni obudowy silnika ma kluczowe znaczenie dla zwi\u0119kszenia jej trwa\u0142o\u015bci i estetyki. Obr\u00f3bka powierzchni jest cz\u0119\u015bci\u0105 us\u0142ugi gwarantuj\u0105cej, \u017ce obudowa dzia\u0142a i wygl\u0105da dobrze w r\u00f3\u017cnych warunkach.<\/li>\n<li>Profesjonalna praca zespo\u0142owa: Poniewa\u017c k\u0142adziemy du\u017cy nacisk na blisk\u0105 wsp\u00f3\u0142prac\u0119 z klientami, nasz zesp\u00f3\u0142 b\u0119dzie wsp\u00f3\u0142pracowa\u0142 i komunikowa\u0142 si\u0119 z nimi w efektywny spos\u00f3b, aby zagwarantowa\u0107, \u017ce ich wymagania zostan\u0105 odpowiednio rozpoznane i spe\u0142nione. Ta \u015bcis\u0142a wsp\u00f3\u0142praca umo\u017cliwia zagwarantowanie, \u017ce wyspecjalizowane obudowy silnik\u00f3w spe\u0142niaj\u0105 potrzeby klient\u00f3w.<\/li>\n<li>Orientacja na satysfakcj\u0119 klienta: Z Twoich us\u0142ug jasno wynika, \u017ce jeste\u015b zaanga\u017cowany w spe\u0142nianie wymaga\u0144 i oczekiwa\u0144 swoich klient\u00f3w. Oferuj\u0105c kompleksow\u0105 gam\u0119 niestandardowych us\u0142ug, zobowi\u0105zujesz si\u0119 zagwarantowa\u0107, \u017ce Twoi klienci b\u0119d\u0105 zadowoleni z kalibru i funkcjonalno\u015bci ich niestandardowej obudowy silnika elektrycznego.<\/li>\n<li>Szerokie zastosowanie: Twoje us\u0142ugi maj\u0105 szeroki zakres zastosowa\u0144 w automatyce przemys\u0142owej, nowej energii, lotnictwie, produkcji samochod\u00f3w i innych bran\u017cach, poniewa\u017c s\u0105 odpowiednie dla r\u00f3\u017cnych rodzaj\u00f3w silnik\u00f3w.<\/li>\n<\/ol>\n<p><img loading=\"lazy\" decoding=\"async\" class=\"alignnone size-full wp-image-4048\" src=\"http:\/\/mnwell.com\/wp-content\/uploads\/2024\/01\/die-casting-process.jpg\" alt=\"\" width=\"750\" height=\"428\" srcset=\"https:\/\/mnwell.com\/wp-content\/uploads\/2024\/01\/die-casting-process.jpg 750w, https:\/\/mnwell.com\/wp-content\/uploads\/2024\/01\/die-casting-process-18x10.jpg 18w, https:\/\/mnwell.com\/wp-content\/uploads\/2024\/01\/die-casting-process-600x342.jpg 600w\" sizes=\"(max-width: 750px) 100vw, 750px\" \/><\/p>\n<p>&nbsp;<\/p>\n<h3>Zapewnienie jako\u015bci<\/h3>\n<p>Ka\u017cdy produkt przechodzi rygorystyczn\u0105 kontrol\u0119 jako\u015bci, aby zagwarantowa\u0107, \u017ce spe\u0142nia potrzeby klienta i specyfikacje projektowe. Jednocze\u015bnie zapewniamy kompleksowe wsparcie posprzeda\u017cowe, aby szybko rozwi\u0105zywa\u0107 problemy pojawiaj\u0105ce si\u0119 podczas korzystania z urz\u0105dzenia. Konsekwentnie dostarczamy naszym klientom najlepsze towary i us\u0142ugi, kieruj\u0105c si\u0119 filozofi\u0105 \"jako\u015b\u0107 przede wszystkim\".<\/p>\n<ol>\n<li>rygorystyczna procedura kontroli jako\u015bci: Ka\u017cdy niestandardowy produkt podlega rygorystycznej kontroli jako\u015bci przeprowadzanej przez nasz\u0105 organizacj\u0119. Obejmuje to ka\u017cdy etap procesu, od kontroli surowc\u00f3w, poprzez monitorowanie procesu produkcyjnego, a\u017c po kontrol\u0119 produktu ko\u0144cowego. Potwierdzamy, \u017ce produkt spe\u0142nia surowe normy jako\u015bci i specyfikacje projektowe, przechodz\u0105c przez ten zestaw procedur testowych.<\/li>\n<li>Przestrzeganie specyfikacji projektowych: Celem kontroli jako\u015bci jest sprawdzenie, czy produkt spe\u0142nia zar\u00f3wno konkretne potrzeby klienta, jak i standardy projektowe. Zwi\u0119ksza to sp\u00f3jno\u015b\u0107 i niezawodno\u015b\u0107 produktu oraz pomaga zapobiega\u0107 wadom produkcyjnym.<\/li>\n<li>Zadowolenie konsument\u00f3w: Nasza firma dok\u0142ada wszelkich stara\u0144, aby produkty spe\u0142nia\u0142y oczekiwania konsument\u00f3w dzi\u0119ki testom jako\u015bci i specjalistycznym us\u0142ugom. Priorytetowe traktowanie przyjemno\u015bci klienta sprzyja trwa\u0142ym po\u0142\u0105czeniom i zwi\u0119ksza wiar\u0119 konsument\u00f3w w Twoj\u0105 firm\u0119.<\/li>\n<li>Wyj\u0105tkowe wsparcie posprzeda\u017cowe: zapewnienie wyj\u0105tkowego wsparcia posprzeda\u017cowego ma kluczowe znaczenie. Aby zwi\u0119kszy\u0107 zaufanie konsument\u00f3w do produktu i zapewni\u0107 im dodatkow\u0105 ochron\u0119, nasza organizacja zajmuje si\u0119 szybkim rozwi\u0105zywaniem i zarz\u0105dzaniem problemami, kt\u00f3re pojawiaj\u0105 si\u0119 podczas u\u017cytkowania produktu.<\/li>\n<li>Filozofia \"jako\u015b\u0107 przede wszystkim\": Nasza firma nieustannie ho\u0142duje idei \"jako\u015b\u0107 przede wszystkim\". To po\u015bwi\u0119cenie jest widoczne w ka\u017cdym aspekcie produkcji produkt\u00f3w, a tak\u017ce w og\u00f3lnej kulturze i przekonaniach firmy, co gwarantuje rozw\u00f3j godnego zaufania, doskona\u0142ego wizerunku marki na rynku.<\/li>\n<li>Najlepsza jako\u015b\u0107 towar\u00f3w i us\u0142ug: Nasza firma d\u0105\u017cy do wyr\u00f3\u017cnienia si\u0119 na bardzo konkurencyjnym rynku poprzez skupienie si\u0119 na \"najlepszej jako\u015bci\" towar\u00f3w i us\u0142ug. Jest to widoczne nie tylko w jako\u015bci towar\u00f3w, ale tak\u017ce w sposobie traktowania klient\u00f3w i zapewnianym wsparciu po zakupie.<\/li>\n<li>ci\u0105g\u0142e doskonalenie: Idea ci\u0105g\u0142ego doskonalenia jest uciele\u015bnieniem nacisku naszej firmy na jako\u015b\u0107 naszych produkt\u00f3w i us\u0142ug. Twoja firma mo\u017ce spodziewa\u0107 si\u0119 ci\u0105g\u0142ej poprawy jako\u015bci swoich towar\u00f3w i us\u0142ug, je\u015bli b\u0119dzie konsekwentnie ocenia\u0107 i ulepsza\u0107 swoje procedury.<\/li>\n<\/ol>\n<p>&nbsp;<\/p>","protected":false},"excerpt":{"rendered":"<p>Wyb\u00f3r materia\u0142u: Typowe materia\u0142y metalowe: stop aluminium, stop magnezu itp., dostosowana obudowa silnika elektrycznego w zale\u017cno\u015bci od wytrzyma\u0142o\u015bci i twardo\u015bci materia\u0142u.<br \/>\nRozmiar i kszta\u0142t obudowy: Ca\u0142kowity rozmiar i kszta\u0142t obudowy s\u0105 dostosowywane zgodnie z wymaganiami.<br \/>\nGrubo\u015b\u0107 \u015bcianki: Grubo\u015b\u0107 \u015bcianki ka\u017cdej cz\u0119\u015bci skorupy jest zaprojektowana zgodnie z wymaganiami konstrukcyjnymi i wytrzyma\u0142o\u015bciowymi.<br \/>\nWaga: Ca\u0142kowita waga obudowy jest niestandardowa<br \/>\nObr\u00f3bka powierzchni: metody obr\u00f3bki powierzchni, takie jak anodowanie, powlekanie elektroforetyczne, natryskiwanie itp.<br \/>\nDok\u0142adno\u015b\u0107 przetwarzania: 0,01<br \/>\nKonstrukcja rozpraszania ciep\u0142a: Konstrukcja \u017ceber rozpraszaj\u0105cych ciep\u0142o lub innych struktur rozpraszaj\u0105cych ciep\u0142o w celu zapewnienia efektu rozpraszania ciep\u0142a przez pracuj\u0105cy silnik.<br \/>\nMetoda instalacji: Metoda instalacji obudowy, w tym po\u0142\u0105czenie \u015brubowe, konstrukcja bagnetowa itp.<\/p>","protected":false},"featured_media":4074,"template":"","meta":{"om_disable_all_campaigns":false,"_monsterinsights_skip_tracking":false,"_monsterinsights_sitenote_active":false,"_monsterinsights_sitenote_note":"","_monsterinsights_sitenote_category":0,"_uf_show_specific_survey":0,"_uf_disable_surveys":false,"site-sidebar-layout":"default","site-content-layout":"default","ast-global-header-display":"","ast-banner-title-visibility":"","ast-main-header-display":"","ast-hfb-above-header-display":"","ast-hfb-below-header-display":"","ast-hfb-mobile-header-display":"","site-post-title":"","ast-breadcrumbs-content":"","ast-featured-img":"","footer-sml-layout":"","theme-transparent-header-meta":"default","adv-header-id-meta":"","stick-header-meta":"","header-above-stick-meta":"","header-main-stick-meta":"","header-below-stick-meta":""},"product_cat":[18],"product_tag":[],"aioseo_notices":[],"_links":{"self":[{"href":"https:\/\/mnwell.com\/pl\/wp-json\/wp\/v2\/product\/4073"}],"collection":[{"href":"https:\/\/mnwell.com\/pl\/wp-json\/wp\/v2\/product"}],"about":[{"href":"https:\/\/mnwell.com\/pl\/wp-json\/wp\/v2\/types\/product"}],"wp:featuredmedia":[{"embeddable":true,"href":"https:\/\/mnwell.com\/pl\/wp-json\/wp\/v2\/media\/4074"}],"wp:attachment":[{"href":"https:\/\/mnwell.com\/pl\/wp-json\/wp\/v2\/media?parent=4073"}],"wp:term":[{"taxonomy":"product_cat","embeddable":true,"href":"https:\/\/mnwell.com\/pl\/wp-json\/wp\/v2\/product_cat?post=4073"},{"taxonomy":"product_tag","embeddable":true,"href":"https:\/\/mnwell.com\/pl\/wp-json\/wp\/v2\/product_tag?post=4073"}],"curies":[{"name":"wp","href":"https:\/\/api.w.org\/{rel}","templated":true}]}}