{"id":1940,"date":"2023-07-01T11:50:59","date_gmt":"2023-07-01T09:50:59","guid":{"rendered":"https:\/\/mnwell.com\/?post_type=product&#038;p=1940"},"modified":"2023-07-01T11:52:34","modified_gmt":"2023-07-01T09:52:34","slug":"die-cast-aluminum-heat-sink","status":"publish","type":"product","link":"https:\/\/mnwell.com\/pt\/produto\/die-cast-aluminum-heat-sink\/","title":{"rendered":"dissipador de calor em alum\u00ednio fundido"},"content":{"rendered":"<p>A nossa empresa tem uma vasta experi\u00eancia na conce\u00e7\u00e3o e fabrico de alum\u00ednio fundido sob press\u00e3o <a href=\"https:\/\/mnwell.com\/pt\/heat-sink\/\">dissipadores de calor<\/a>. Fornecemos servi\u00e7os personalizados de dissipadores de calor em alum\u00ednio fundido sob press\u00e3o para muitos clientes em todo o mundo. Eles enviam-nos os desenhos de projeto ou amostras de dissipadores de calor de alum\u00ednio de que necessitam. Os nossos engenheiros fazem rapidamente a cota\u00e7\u00e3o e d\u00e3o sugest\u00f5es razo\u00e1veis com base nas caracter\u00edsticas das pe\u00e7as de alum\u00ednio. Atualmente, a <a href=\"https:\/\/mnwell.com\/pt\/what-is-aluminum-die-cast-housing\/\">alum\u00ednio fundido<\/a> O dissipador de calor exportado pela nossa empresa \u00e9 utilizado no controlo principal do autom\u00f3vel, equipamento eletr\u00f3nico, computador, sistema de ilumina\u00e7\u00e3o LED e outras ind\u00fastrias.<\/p>\n<p><img loading=\"lazy\" decoding=\"async\" class=\"alignnone wp-image-1944\" src=\"http:\/\/mnwell.com\/wp-content\/uploads\/2023\/07\/AYU9498.jpg\" alt=\"die cast heat sink\" width=\"600\" height=\"600\" srcset=\"https:\/\/mnwell.com\/wp-content\/uploads\/2023\/07\/AYU9498.jpg 800w, https:\/\/mnwell.com\/wp-content\/uploads\/2023\/07\/AYU9498-150x150.jpg 150w, https:\/\/mnwell.com\/wp-content\/uploads\/2023\/07\/AYU9498-768x768.jpg 768w, https:\/\/mnwell.com\/wp-content\/uploads\/2023\/07\/AYU9498-300x300.jpg 300w, https:\/\/mnwell.com\/wp-content\/uploads\/2023\/07\/AYU9498-600x600.jpg 600w, https:\/\/mnwell.com\/wp-content\/uploads\/2023\/07\/AYU9498-100x100.jpg 100w\" sizes=\"(max-width: 600px) 100vw, 600px\" \/><\/p>\n<h3><\/h3>\n<h3>Porque \u00e9 que os dissipadores de calor utilizam a tecnologia de fundi\u00e7\u00e3o injectada?<\/h3>\n<p>Porque o processo de fundi\u00e7\u00e3o sob press\u00e3o pode formar formas complexas e dissipadores de calor, que aumentam a \u00e1rea de superf\u00edcie para uma melhor dissipa\u00e7\u00e3o de calor. Se personalizar o dissipador de calor de alum\u00ednio, este tamb\u00e9m deve ser utilizado em equipamentos electr\u00f3nicos para dissipar o calor gerado pelos componentes electr\u00f3nicos. Ou a transfer\u00eancia de calor de outros equipamentos. Neste momento, o processo de fundi\u00e7\u00e3o sob press\u00e3o pode produzir pe\u00e7as em forma de barbatana e s\u00e3o utilizados materiais de alum\u00ednio. Todos sabemos que o alum\u00ednio \u00e9 um dos materiais mais adequados para a fundi\u00e7\u00e3o injectada. Juntamente com o seu peso leve, resist\u00eancia \u00e0 corros\u00e3o e caracter\u00edsticas de r\u00e1pida dissipa\u00e7\u00e3o de calor, proporciona um arrefecimento eficaz para equipamentos electr\u00f3nicos, garantindo o melhor desempenho e vida \u00fatil das pe\u00e7as geradoras de calor, evitando o sobreaquecimento. Por isso, sugerimos que utilize o processo de fundi\u00e7\u00e3o sob press\u00e3o de alum\u00ednio para o dissipador de calor que pretende personalizar. Naturalmente, se tiver requisitos para outros materiais ou processos, tamb\u00e9m podemos satisfazer as suas necessidades, porque somos um fabricante de pe\u00e7as de hardware a pedido.<\/p>\n<p>&nbsp;<\/p>\n<h3>Por que encontrar os dissipadores de calor de alum\u00ednio fundido sob press\u00e3o personalizados da MindWell<\/h3>\n<p>&nbsp;<\/p>\n<ul>\n<li>Profissionalismo: A MindWell \u00e9 uma empresa especializada em <a href=\"https:\/\/mnwell.com\/pt\/custom-die-casting\/\">servi\u00e7os personalizados de fundi\u00e7\u00e3o de alum\u00ednio sob press\u00e3o<\/a>. Temos uma experi\u00eancia rica e tecnologia profissional. A empresa dedica-se \u00e0 ind\u00fastria de fundi\u00e7\u00e3o injetada h\u00e1 mais de dez anos. Possui v\u00e1rias m\u00e1quinas de fundi\u00e7\u00e3o injetada e equipamento de processamento secund\u00e1rio, que podem fornecer-lhe produtos e solu\u00e7\u00f5es de fundi\u00e7\u00e3o injetada de alta qualidade.<\/li>\n<li>Requisitos de personaliza\u00e7\u00e3o: A aplica\u00e7\u00e3o de dissipadores de calor ainda \u00e9 muito extensa. Os requisitos de dissipa\u00e7\u00e3o de calor de cada componente eletr\u00f3nico de aquecimento, incluindo o tamanho e a forma, podem ser diferentes, pelo que t\u00eam de ser personalizados de acordo com requisitos espec\u00edficos. A MindWell pode fornecer esses servi\u00e7os personalizados, porque j\u00e1 temos muita experi\u00eancia em personaliza\u00e7\u00e3o de clientes, por isso podemos projetar e fabricar de acordo com as necessidades do cliente, e nossa experi\u00eancia e tecnologia madura podem garantir o desempenho e a adequa\u00e7\u00e3o dos dissipadores de calor Compatibilidade.<\/li>\n<li>Efeito de dissipa\u00e7\u00e3o de calor: A qualidade e o design do dissipador de calor afectam diretamente o efeito de dissipa\u00e7\u00e3o de calor do produto. Os nossos engenheiros t\u00eam um plano perfeito para o princ\u00edpio e o design do dissipador de calor. V\u00e1rios problemas menores j\u00e1 foram resolvidos e optimizados na produ\u00e7\u00e3o anterior do cliente. Atualmente, estamos muito familiarizados com o design e a produ\u00e7\u00e3o de dissipadores de calor, e a efici\u00eancia \u00e9 muito elevada.<\/li>\n<li>Qualidade e fiabilidade do produto: A experi\u00eancia \u00e9 muito importante na fundi\u00e7\u00e3o sob press\u00e3o, porque o processo de fundi\u00e7\u00e3o sob press\u00e3o \u00e9 um processo de experimenta\u00e7\u00e3o e desenvolvimento cont\u00ednuos. A MindWell come\u00e7ou a fornecer servi\u00e7os de fundi\u00e7\u00e3o injetada de alum\u00ednio a clientes globais h\u00e1 mais de dez anos. Entre eles, o volume de exporta\u00e7\u00e3o de dissipadores de calor tamb\u00e9m continua a avan\u00e7ar. Porque os nossos clientes fazem encomendas connosco h\u00e1 muitos anos, e os moldes ainda est\u00e3o na nossa f\u00e1brica, por causa da confian\u00e7a, porque acreditamos que podemos fornecer dissipadores de calor de alta qualidade. O facto tamb\u00e9m \u00e9 verdadeiro, nunca desiludimos os nossos clientes, a nossa f\u00e1brica continua a fornecer tecnologia profissional de fundi\u00e7\u00e3o injetada e a introdu\u00e7\u00e3o de equipamento de fundi\u00e7\u00e3o injetada de alto desempenho, controlo de qualidade e testes na produ\u00e7\u00e3o para garantir a qualidade e fiabilidade do produto, melhorar a vida \u00fatil e o desempenho do produto para garantir a qualidade do produto.<\/li>\n<li>Controlo dos custos: Desde a conce\u00e7\u00e3o da equipa de engenheiros, \u00e0s vendas p\u00f3s-venda, ao departamento de produ\u00e7\u00e3o e ao departamento de controlo de qualidade, j\u00e1 dispomos de um sistema de produ\u00e7\u00e3o enxuto para evitar o desperd\u00edcio de custos inv\u00e1lidos, pelo que podemos minimizar o custo de produ\u00e7\u00e3o, e pode ser personalizado de acordo com os requisitos or\u00e7amentais do cliente para ajudar os clientes a alcan\u00e7ar um equil\u00edbrio entre custo e desempenho e fornecer a melhor solu\u00e7\u00e3o.<\/li>\n<\/ul>\n<p>Resumindo, escolher o dissipador de calor de alum\u00ednio fundido sob press\u00e3o personalizado da MindWell pode satisfazer as suas necessidades espec\u00edficas de dissipa\u00e7\u00e3o de calor e obter produtos fi\u00e1veis e de alta qualidade. Estamos ansiosos para colaborar consigo.<\/p>\n<p><img loading=\"lazy\" decoding=\"async\" class=\"alignnone size-full wp-image-1945\" src=\"http:\/\/mnwell.com\/wp-content\/uploads\/2023\/07\/AYU9494.jpg\" alt=\"cast aluminum heat sink\" width=\"800\" height=\"800\" srcset=\"https:\/\/mnwell.com\/wp-content\/uploads\/2023\/07\/AYU9494.jpg 800w, https:\/\/mnwell.com\/wp-content\/uploads\/2023\/07\/AYU9494-150x150.jpg 150w, https:\/\/mnwell.com\/wp-content\/uploads\/2023\/07\/AYU9494-768x768.jpg 768w, https:\/\/mnwell.com\/wp-content\/uploads\/2023\/07\/AYU9494-300x300.jpg 300w, https:\/\/mnwell.com\/wp-content\/uploads\/2023\/07\/AYU9494-600x600.jpg 600w, https:\/\/mnwell.com\/wp-content\/uploads\/2023\/07\/AYU9494-100x100.jpg 100w\" sizes=\"(max-width: 800px) 100vw, 800px\" \/><\/p>\n<p>&nbsp;<\/p>","protected":false},"excerpt":{"rendered":"<p>A nossa empresa tem uma vasta experi\u00eancia na conce\u00e7\u00e3o e fabrico de dissipadores de calor em alum\u00ednio fundido sob press\u00e3o. Fornecemos servi\u00e7os personalizados de dissipadores de calor em alum\u00ednio fundido sob press\u00e3o para muitos clientes em todo o mundo. Eles enviam-nos os desenhos ou amostras de dissipadores de calor de alum\u00ednio de que necessitam. Os nossos engenheiros fazem rapidamente a cota\u00e7\u00e3o e d\u00e3o sugest\u00f5es razo\u00e1veis com base nas caracter\u00edsticas das pe\u00e7as de alum\u00ednio. Atualmente, a <a href=\"https:\/\/mnwell.com\/pt\/what-is-aluminum-die-cast-housing\/\">alum\u00ednio fundido<\/a> O dissipador de calor exportado pela nossa empresa \u00e9 utilizado no controlo principal do autom\u00f3vel, equipamento eletr\u00f3nico, computador, sistema de ilumina\u00e7\u00e3o LED e outras ind\u00fastrias.<\/p>","protected":false},"featured_media":1943,"template":"","meta":{"om_disable_all_campaigns":false,"_monsterinsights_skip_tracking":false,"_monsterinsights_sitenote_active":false,"_monsterinsights_sitenote_note":"","_monsterinsights_sitenote_category":0,"_uf_show_specific_survey":0,"_uf_disable_surveys":false,"site-sidebar-layout":"default","site-content-layout":"default","ast-global-header-display":"","ast-banner-title-visibility":"","ast-main-header-display":"","ast-hfb-above-header-display":"","ast-hfb-below-header-display":"","ast-hfb-mobile-header-display":"","site-post-title":"","ast-breadcrumbs-content":"","ast-featured-img":"","footer-sml-layout":"","theme-transparent-header-meta":"default","adv-header-id-meta":"","stick-header-meta":"","header-above-stick-meta":"","header-main-stick-meta":"","header-below-stick-meta":""},"product_cat":[18],"product_tag":[37,38],"aioseo_notices":[],"_links":{"self":[{"href":"https:\/\/mnwell.com\/pt\/wp-json\/wp\/v2\/product\/1940"}],"collection":[{"href":"https:\/\/mnwell.com\/pt\/wp-json\/wp\/v2\/product"}],"about":[{"href":"https:\/\/mnwell.com\/pt\/wp-json\/wp\/v2\/types\/product"}],"wp:featuredmedia":[{"embeddable":true,"href":"https:\/\/mnwell.com\/pt\/wp-json\/wp\/v2\/media\/1943"}],"wp:attachment":[{"href":"https:\/\/mnwell.com\/pt\/wp-json\/wp\/v2\/media?parent=1940"}],"wp:term":[{"taxonomy":"product_cat","embeddable":true,"href":"https:\/\/mnwell.com\/pt\/wp-json\/wp\/v2\/product_cat?post=1940"},{"taxonomy":"product_tag","embeddable":true,"href":"https:\/\/mnwell.com\/pt\/wp-json\/wp\/v2\/product_tag?post=1940"}],"curies":[{"name":"wp","href":"https:\/\/api.w.org\/{rel}","templated":true}]}}