{"id":1954,"date":"2023-07-05T17:02:06","date_gmt":"2023-07-05T15:02:06","guid":{"rendered":"https:\/\/mnwell.com\/?post_type=product&#038;p=1954"},"modified":"2024-01-22T16:14:13","modified_gmt":"2024-01-22T15:14:13","slug":"high-pressure-aluminum-die-casting-parts","status":"publish","type":"product","link":"https:\/\/mnwell.com\/pt\/produto\/high-pressure-aluminum-die-casting-parts\/","title":{"rendered":"pe\u00e7as de fundi\u00e7\u00e3o injectada de alum\u00ednio de alta press\u00e3o"},"content":{"rendered":"<p>As pe\u00e7as de fundi\u00e7\u00e3o de alum\u00ednio de alta press\u00e3o utilizam a inje\u00e7\u00e3o de alta press\u00e3o de metal fundido, fazendo com que o metal solidifique rapidamente num molde. A solidifica\u00e7\u00e3o r\u00e1pida ajuda a formar uma estrutura de gr\u00e3o fino, melhorando as propriedades mec\u00e2nicas e a qualidade da superf\u00edcie das pe\u00e7as fundidas. Devido \u00e0 natureza da fundi\u00e7\u00e3o injectada a alta press\u00e3o, podemos produzir pe\u00e7as fundidas de alta precis\u00e3o com dimens\u00f5es exactas e superf\u00edcies lisas. Pode realizar formas geom\u00e9tricas complexas e estruturas de paredes finas, de modo a satisfazer os requisitos de design de produtos complexos.<\/p>\n<p>O desempenho do material de alum\u00ednio tem as carater\u00edsticas de alta resist\u00eancia e f\u00e1cil processamento, por isso <a href=\"https:\/\/mnwell.com\/pt\/what-are-high-pressure-aluminum-die-casting-parts\/\">fundi\u00e7\u00e3o injectada de alum\u00ednio de alta press\u00e3o<\/a> t\u00eam elevada resist\u00eancia, dureza e resist\u00eancia ao desgaste, o que pode satisfazer os requisitos de aplica\u00e7\u00e3o de pe\u00e7as espec\u00edficas, tais como pe\u00e7as para autom\u00f3veis, pe\u00e7as para naves espaciais e eletr\u00f3nica, electrodom\u00e9sticos, m\u00e1quinas industriais, etc.<\/p>\n<p>A nossa empresa \u00e9 proficiente em tecnologia de fundi\u00e7\u00e3o sob press\u00e3o de alta press\u00e3o e tem equipamento de fundi\u00e7\u00e3o sob press\u00e3o, que pode alcan\u00e7ar uma produ\u00e7\u00e3o de alta efici\u00eancia. Bem-vindo a trocar as suas ideias sobre pe\u00e7as de alum\u00ednio de alta press\u00e3o connosco. Os nossos engenheiros entrar\u00e3o em contacto consigo o mais rapidamente poss\u00edvel. Se existirem outros materiais, como a liga de alum\u00ednio, tamb\u00e9m pode contactar-nos para as necessidades de fundi\u00e7\u00e3o injetada a alta press\u00e3o de liga de magn\u00e9sio e liga de zinco.<\/p>\n<p><img loading=\"lazy\" decoding=\"async\" class=\"alignnone wp-image-4009 size-full\" src=\"http:\/\/mnwell.com\/wp-content\/uploads\/2023\/07\/IMG_20231021_121116.jpg\" alt=\"High-pressure casting\" width=\"800\" height=\"800\" srcset=\"https:\/\/mnwell.com\/wp-content\/uploads\/2023\/07\/IMG_20231021_121116.jpg 800w, https:\/\/mnwell.com\/wp-content\/uploads\/2023\/07\/IMG_20231021_121116-150x150.jpg 150w, https:\/\/mnwell.com\/wp-content\/uploads\/2023\/07\/IMG_20231021_121116-768x768.jpg 768w, https:\/\/mnwell.com\/wp-content\/uploads\/2023\/07\/IMG_20231021_121116-12x12.jpg 12w, https:\/\/mnwell.com\/wp-content\/uploads\/2023\/07\/IMG_20231021_121116-300x300.jpg 300w, https:\/\/mnwell.com\/wp-content\/uploads\/2023\/07\/IMG_20231021_121116-600x600.jpg 600w, https:\/\/mnwell.com\/wp-content\/uploads\/2023\/07\/IMG_20231021_121116-100x100.jpg 100w\" sizes=\"(max-width: 800px) 100vw, 800px\" \/><\/p>\n<h3>Pe\u00e7as personalizadas de fundi\u00e7\u00e3o injectada de alum\u00ednio de alta press\u00e3o<\/h3>\n<p>Fornecemos pe\u00e7as personalizadas de fundi\u00e7\u00e3o a alta press\u00e3o. A nossa empresa tem uma boa reputa\u00e7\u00e3o e possui conhecimentos profissionais e experi\u00eancia t\u00e9cnica em fundi\u00e7\u00e3o injetada a alta press\u00e3o. Dispomos de um sistema de controlo de qualidade completo e de equipamento avan\u00e7ado para lhe fornecer as sugest\u00f5es e solu\u00e7\u00f5es de fundi\u00e7\u00e3o injetada de que necessita. A seguir, apresentamos os nossos passos personalizados, que s\u00e3o implementados de acordo com a situa\u00e7\u00e3o atual:<\/p>\n<ul>\n<li>Determinar requisitos e especifica\u00e7\u00f5es<\/li>\n<li>Comunica\u00e7\u00e3o em profundidade<\/li>\n<li>Determina\u00e7\u00e3o do material e determina\u00e7\u00e3o do projeto<\/li>\n<li>Conce\u00e7\u00e3o e fabrico de moldes<\/li>\n<li>Fabrico de amostras, ensaio de produtos<\/li>\n<li>produ\u00e7\u00e3o em massa<\/li>\n<li>Processamento subsequente (tratamento de superf\u00edcie e montagem, etc.)<\/li>\n<li>Embalagem e expedi\u00e7\u00e3o<\/li>\n<\/ul>\n<p>A nossa empresa comunica estreitamente com os clientes no processo de personaliza\u00e7\u00e3o de pe\u00e7as de fundi\u00e7\u00e3o injetada de alum\u00ednio de alta press\u00e3o, trocas e negocia\u00e7\u00f5es aprofundadas para garantir que o produto final satisfaz os seus requisitos. Tamb\u00e9m estamos constantemente a atualizar o nosso equipamento e equipados com pessoal t\u00e9cnico profissional para fornecer aos clientes servi\u00e7os profissionais de fundi\u00e7\u00e3o injetada.<\/p>\n<p><img loading=\"lazy\" decoding=\"async\" class=\"alignnone wp-image-4010 size-full\" src=\"http:\/\/mnwell.com\/wp-content\/uploads\/2023\/07\/IMG_20231021_121106.jpg\" alt=\"igh pressure aluminum die castings\" width=\"800\" height=\"800\" srcset=\"https:\/\/mnwell.com\/wp-content\/uploads\/2023\/07\/IMG_20231021_121106.jpg 800w, https:\/\/mnwell.com\/wp-content\/uploads\/2023\/07\/IMG_20231021_121106-150x150.jpg 150w, https:\/\/mnwell.com\/wp-content\/uploads\/2023\/07\/IMG_20231021_121106-768x768.jpg 768w, https:\/\/mnwell.com\/wp-content\/uploads\/2023\/07\/IMG_20231021_121106-12x12.jpg 12w, https:\/\/mnwell.com\/wp-content\/uploads\/2023\/07\/IMG_20231021_121106-300x300.jpg 300w, https:\/\/mnwell.com\/wp-content\/uploads\/2023\/07\/IMG_20231021_121106-600x600.jpg 600w, https:\/\/mnwell.com\/wp-content\/uploads\/2023\/07\/IMG_20231021_121106-100x100.jpg 100w\" sizes=\"(max-width: 800px) 100vw, 800px\" \/><\/p>\n<p>&nbsp;<\/p>\n<h3>Vantagens da fundi\u00e7\u00e3o injectada de alum\u00ednio a alta press\u00e3o<\/h3>\n<ol>\n<li>Resist\u00eancia: Devido \u00e0 sua excelente rela\u00e7\u00e3o resist\u00eancia\/peso, as pe\u00e7as fundidas em alum\u00ednio s\u00e3o uma boa escolha para aplica\u00e7\u00f5es que necessitam de ser leves e duradouras.<\/li>\n<li>Complexidade: A fundi\u00e7\u00e3o sob press\u00e3o elimina a necessidade de maquinagem adicional, produzindo pe\u00e7as complicadas com toler\u00e2ncias apertadas.<\/li>\n<li>Econ\u00f3mica: Uma vez que a fundi\u00e7\u00e3o em alum\u00ednio pode fabricar um grande n\u00famero de componentes com pouco desperd\u00edcio de material, \u00e9 um processo de fabrico rent\u00e1vel.<\/li>\n<li>Resist\u00eancia \u00e0 corros\u00e3o: A camada protetora de \u00f3xido de alum\u00ednio cresce naturalmente, conferindo-lhe uma excecional resist\u00eancia \u00e0 corros\u00e3o e prolongando a vida \u00fatil da pe\u00e7a.<\/li>\n<li>Dissipa\u00e7\u00e3o de calor: O alum\u00ednio \u00e9 uma excelente op\u00e7\u00e3o de material para aplica\u00e7\u00f5es que requerem uma dissipa\u00e7\u00e3o de calor eficaz devido \u00e0 sua elevada condutividade t\u00e9rmica.<\/li>\n<\/ol>\n<h3>Aplica\u00e7\u00e3o de pe\u00e7as fundidas de alum\u00ednio de alta press\u00e3o<\/h3>\n<ol>\n<li>autom\u00f3vel: As pe\u00e7as do motor, as caixas de velocidades e as pe\u00e7as estruturais s\u00e3o alguns dos artigos utilizados no sector autom\u00f3vel.<\/li>\n<li>Eletr\u00f3nica: Para garantir um \u00f3timo desempenho e fiabilidade, fornecemos componentes fundidos sob press\u00e3o para dissipadores de calor, liga\u00e7\u00f5es e inv\u00f3lucros electr\u00f3nicos.<\/li>\n<li>Setor aeroespacial: Os nossos produtos s\u00e3o solu\u00e7\u00f5es leves e duradouras para componentes de aeronaves, cumprindo as especifica\u00e7\u00f5es rigorosas do sector aeroespacial.<\/li>\n<li>Maquinaria industrial: Bombas, v\u00e1lvulas e sistemas hidr\u00e1ulicos s\u00e3o apenas algumas das aplica\u00e7\u00f5es para as nossas pe\u00e7as fundidas sob press\u00e3o em alum\u00ednio de alta press\u00e3o.<\/li>\n<li>Produtos de consumo: Fornecemos componentes fundidos sob press\u00e3o para uma gama de bens de consumo, incluindo ferramentas el\u00e9ctricas, artigos desportivos e electrodom\u00e9sticos.<\/li>\n<\/ol>\n<p><img loading=\"lazy\" decoding=\"async\" class=\"alignnone wp-image-4011 size-full\" src=\"http:\/\/mnwell.com\/wp-content\/uploads\/2023\/07\/IMG_20231021_120955.jpg\" alt=\"high pressure aluminum die castings-2\" width=\"800\" height=\"800\" srcset=\"https:\/\/mnwell.com\/wp-content\/uploads\/2023\/07\/IMG_20231021_120955.jpg 800w, https:\/\/mnwell.com\/wp-content\/uploads\/2023\/07\/IMG_20231021_120955-150x150.jpg 150w, https:\/\/mnwell.com\/wp-content\/uploads\/2023\/07\/IMG_20231021_120955-768x768.jpg 768w, https:\/\/mnwell.com\/wp-content\/uploads\/2023\/07\/IMG_20231021_120955-12x12.jpg 12w, https:\/\/mnwell.com\/wp-content\/uploads\/2023\/07\/IMG_20231021_120955-300x300.jpg 300w, https:\/\/mnwell.com\/wp-content\/uploads\/2023\/07\/IMG_20231021_120955-600x600.jpg 600w, https:\/\/mnwell.com\/wp-content\/uploads\/2023\/07\/IMG_20231021_120955-100x100.jpg 100w\" sizes=\"(max-width: 800px) 100vw, 800px\" \/><\/p>\n<p>&nbsp;<\/p>\n<h3>Porqu\u00ea escolher-nos?<\/h3>\n<ol>\n<li>Compet\u00eancias: A cria\u00e7\u00e3o e produ\u00e7\u00e3o de pe\u00e7as fundidas sob press\u00e3o de qualidade superior \u00e9 uma experi\u00eancia de longa data do nosso grupo de engenheiros e artes\u00e3os experientes.<\/li>\n<li>Qualidade: Para garantir que os nossos componentes cumprem os mais elevados requisitos, utilizamos procedimentos de controlo de qualidade rigorosos ao longo de todo o processo de produ\u00e7\u00e3o.<\/li>\n<li>Personaliza\u00e7\u00e3o: Desde tratamentos de superf\u00edcie a ajustes de design, fornecemos solu\u00e7\u00f5es \u00e0 medida para satisfazer as suas necessidades \u00fanicas.<\/li>\n<li>Entrega atempada: Reconhecemos o valor da entrega atempada e trabalhamos arduamente para satisfazer os pedidos dos nossos clientes sem sacrificar a qualidade.<\/li>\n<li>A felicidade dos clientes \u00e9 a nossa primeira prioridade e colaboramos estreitamente com eles para garantir que as suas exig\u00eancias s\u00e3o satisfeitas.<\/li>\n<\/ol>\n<p>Temos o conhecimento e os recursos para fornecer os componentes de alum\u00ednio fundido sob press\u00e3o que pretende, quer sejam para o sector autom\u00f3vel, eletr\u00f3nico, aeroespacial ou qualquer outro. Para explorar os requisitos do seu projeto e saber como o podemos ajudar, entre em contacto connosco agora mesmo.<\/p>\n<p>&nbsp;<\/p>\n<p><img loading=\"lazy\" decoding=\"async\" class=\"alignnone size-full wp-image-1953\" src=\"http:\/\/mnwell.com\/wp-content\/uploads\/2023\/07\/AYU9598.jpg\" alt=\"mindwell die casting factory\" width=\"750\" height=\"500\" srcset=\"https:\/\/mnwell.com\/wp-content\/uploads\/2023\/07\/AYU9598.jpg 750w, https:\/\/mnwell.com\/wp-content\/uploads\/2023\/07\/AYU9598-600x400.jpg 600w\" sizes=\"(max-width: 750px) 100vw, 750px\" \/><\/p>\n<p>&nbsp;<\/p>\n<h3>O que \u00e9 a fundi\u00e7\u00e3o injectada de alum\u00ednio a alta press\u00e3o?<\/h3>\n<p>Uma t\u00e9cnica de fabrico sofisticada, designada por fundi\u00e7\u00e3o de alum\u00ednio sob alta press\u00e3o, envolve a inje\u00e7\u00e3o de alum\u00ednio fundido sob alta press\u00e3o num molde ou forma de a\u00e7o. Este procedimento cria pe\u00e7as complexas com excelentes acabamentos de superf\u00edcie e toler\u00e2ncias apertadas com per\u00edcia.<\/p>\n<p>As pe\u00e7as fundidas em alum\u00ednio s\u00e3o muito vers\u00e1teis devido \u00e0 sua not\u00e1vel resist\u00eancia, baixo peso e capacidade de resistir \u00e0 corros\u00e3o. \u00c9 utilizada uma press\u00e3o elevada durante todo o processo de produ\u00e7\u00e3o para garantir que o alum\u00ednio fundido preenche completamente o molde, produzindo pe\u00e7as sem falhas e sem vazios.<\/p>\n<h4>Etapas do processo:<\/h4>\n<ul>\n<li>Prepara\u00e7\u00e3o das mat\u00e9rias-primas: Comece por escolher materiais de liga de alum\u00ednio de primeira qualidade. O alum\u00ednio, o cobre, o zinco e outros elementos s\u00e3o frequentemente adicionados a estas ligas para melhorar a resist\u00eancia do componente e outras carater\u00edsticas.<\/li>\n<li>Conce\u00e7\u00e3o e fabrico do molde: Para garantir que o produto acabado adquira a forma e o tamanho adequados e possa suportar a for\u00e7a de uma inje\u00e7\u00e3o de alta press\u00e3o, a conce\u00e7\u00e3o do molde de a\u00e7o \u00e9 essencial.<\/li>\n<li>Fus\u00e3o da liga de alum\u00ednio: Para criar um estado fundido, a liga de alum\u00ednio \u00e9 aquecida at\u00e9 ao seu ponto de fus\u00e3o. Para garantir que a liga tem a fluidez correta, esta fase \u00e9 frequentemente realizada num forno el\u00e9trico.<\/li>\n<li>Processo de inje\u00e7\u00e3o: Uma m\u00e1quina de fundi\u00e7\u00e3o a alta press\u00e3o ou um molde de a\u00e7o previamente preparado \u00e9 rapidamente preenchido com liga de alum\u00ednio fundido.<\/li>\n<li>Fundi\u00e7\u00e3o injectada e arrefecimento: A liga de alum\u00ednio arrefece e solidifica no interior do molde enquanto este est\u00e1 fechado. Este facto garante a precis\u00e3o e a estabilidade dos componentes.<\/li>\n<li>Abertura do molde e remo\u00e7\u00e3o da esc\u00f3ria: Depois de o componente ter arrefecido completamente, o molde abre-se para expor o componente de liga de alum\u00ednio. Nesta altura, podem ser necess\u00e1rios procedimentos de prepara\u00e7\u00e3o da superf\u00edcie, como o corte e a remo\u00e7\u00e3o da esc\u00f3ria.<\/li>\n<li>Tratamento t\u00e9rmico (opcional): Para melhorar as qualidades mec\u00e2nicas e a resist\u00eancia \u00e0 corros\u00e3o de uma pe\u00e7a, pode por vezes ser necess\u00e1rio efetuar um tratamento t\u00e9rmico.<\/li>\n<\/ul>\n<p>&nbsp;<\/p>","protected":false},"excerpt":{"rendered":"<p>As pe\u00e7as de fundi\u00e7\u00e3o de alum\u00ednio de alta press\u00e3o utilizam a inje\u00e7\u00e3o de alta press\u00e3o de metal fundido, fazendo com que o metal solidifique rapidamente num molde. A solidifica\u00e7\u00e3o r\u00e1pida ajuda a formar uma estrutura de gr\u00e3o fino, melhorando as propriedades mec\u00e2nicas e a qualidade da superf\u00edcie das pe\u00e7as fundidas. Devido \u00e0 natureza da fundi\u00e7\u00e3o injectada a alta press\u00e3o, podemos produzir pe\u00e7as fundidas de alta precis\u00e3o com dimens\u00f5es exactas e superf\u00edcies lisas. Pode realizar formas geom\u00e9tricas complexas e estruturas de paredes finas, de modo a satisfazer os requisitos de design de produtos complexos.<\/p>\n<p>O desempenho do material de alum\u00ednio tem as carater\u00edsticas de alta resist\u00eancia e f\u00e1cil processamento, por isso <a href=\"https:\/\/mnwell.com\/pt\/what-are-high-pressure-aluminum-die-casting-parts\/\">fundi\u00e7\u00e3o injectada de alum\u00ednio de alta press\u00e3o<\/a> t\u00eam elevada resist\u00eancia, dureza e resist\u00eancia ao desgaste, o que pode satisfazer os requisitos de aplica\u00e7\u00e3o de pe\u00e7as espec\u00edficas, tais como pe\u00e7as para autom\u00f3veis, pe\u00e7as para naves espaciais e eletr\u00f3nica, electrodom\u00e9sticos, m\u00e1quinas industriais, etc.<\/p>","protected":false},"featured_media":4007,"template":"","meta":{"om_disable_all_campaigns":false,"_monsterinsights_skip_tracking":false,"_monsterinsights_sitenote_active":false,"_monsterinsights_sitenote_note":"","_monsterinsights_sitenote_category":0,"_uf_show_specific_survey":0,"_uf_disable_surveys":false,"site-sidebar-layout":"default","site-content-layout":"default","ast-global-header-display":"","ast-banner-title-visibility":"","ast-main-header-display":"","ast-hfb-above-header-display":"","ast-hfb-below-header-display":"","ast-hfb-mobile-header-display":"","site-post-title":"","ast-breadcrumbs-content":"","ast-featured-img":"","footer-sml-layout":"","theme-transparent-header-meta":"default","adv-header-id-meta":"","stick-header-meta":"","header-above-stick-meta":"","header-main-stick-meta":"","header-below-stick-meta":""},"product_cat":[18],"product_tag":[47,45,46],"aioseo_notices":[],"_links":{"self":[{"href":"https:\/\/mnwell.com\/pt\/wp-json\/wp\/v2\/product\/1954"}],"collection":[{"href":"https:\/\/mnwell.com\/pt\/wp-json\/wp\/v2\/product"}],"about":[{"href":"https:\/\/mnwell.com\/pt\/wp-json\/wp\/v2\/types\/product"}],"wp:featuredmedia":[{"embeddable":true,"href":"https:\/\/mnwell.com\/pt\/wp-json\/wp\/v2\/media\/4007"}],"wp:attachment":[{"href":"https:\/\/mnwell.com\/pt\/wp-json\/wp\/v2\/media?parent=1954"}],"wp:term":[{"taxonomy":"product_cat","embeddable":true,"href":"https:\/\/mnwell.com\/pt\/wp-json\/wp\/v2\/product_cat?post=1954"},{"taxonomy":"product_tag","embeddable":true,"href":"https:\/\/mnwell.com\/pt\/wp-json\/wp\/v2\/product_tag?post=1954"}],"curies":[{"name":"wp","href":"https:\/\/api.w.org\/{rel}","templated":true}]}}