{"id":1983,"date":"2023-07-08T06:27:15","date_gmt":"2023-07-08T04:27:15","guid":{"rendered":"https:\/\/mnwell.com\/?post_type=product&#038;p=1983"},"modified":"2023-12-22T15:54:04","modified_gmt":"2023-12-22T14:54:04","slug":"customized-aluminum-motor-housing-casting","status":"publish","type":"product","link":"https:\/\/mnwell.com\/pt\/produto\/customized-aluminum-motor-housing-casting\/","title":{"rendered":"Fundi\u00e7\u00e3o personalizada de carca\u00e7a de motor em alum\u00ednio"},"content":{"rendered":"<p>As carca\u00e7as de motor em alum\u00ednio fundido s\u00e3o uma solu\u00e7\u00e3o de carca\u00e7a de motor duradoura e de alta qualidade. Proporcionam uma excelente prote\u00e7\u00e3o e suporte para motores numa variedade de aplica\u00e7\u00f5es. O produto \u00e9 fabricado utilizando tecnologia de fundi\u00e7\u00e3o avan\u00e7ada para garantir dimens\u00f5es precisas e um desempenho superior. Na Mindwell, fornecemos <a href=\"https:\/\/mnwell.com\/pt\/produto\/motor-housing-casting\/\">fundi\u00e7\u00e3o da caixa do motor<\/a> solu\u00e7\u00f5es. A nossa atividade principal \u00e9 fornecer solu\u00e7\u00f5es personalizadas <a href=\"https:\/\/mnwell.com\/pt\/high-pressure-aluminum-die-casting-the-complete-guide\/\">carca\u00e7a do motor em alum\u00ednio fundido<\/a> servi\u00e7os para satisfazer as diferentes necessidades e aplica\u00e7\u00f5es dos nossos clientes.<\/p>\n<p><img loading=\"lazy\" decoding=\"async\" class=\"alignnone wp-image-1984\" src=\"http:\/\/mnwell.com\/wp-content\/uploads\/2023\/07\/01-1.jpg\" alt=\"motor housing casting\" width=\"500\" height=\"500\" srcset=\"https:\/\/mnwell.com\/wp-content\/uploads\/2023\/07\/01-1.jpg 800w, https:\/\/mnwell.com\/wp-content\/uploads\/2023\/07\/01-1-150x150.jpg 150w, https:\/\/mnwell.com\/wp-content\/uploads\/2023\/07\/01-1-768x768.jpg 768w, https:\/\/mnwell.com\/wp-content\/uploads\/2023\/07\/01-1-300x300.jpg 300w, https:\/\/mnwell.com\/wp-content\/uploads\/2023\/07\/01-1-600x600.jpg 600w, https:\/\/mnwell.com\/wp-content\/uploads\/2023\/07\/01-1-100x100.jpg 100w\" sizes=\"(max-width: 500px) 100vw, 500px\" \/><\/p>\n<p>&nbsp;<\/p>\n<h2>processo de fabrico<\/h2>\n<p>Para atingir a qualidade e a funcionalidade necess\u00e1rias, as pe\u00e7as fundidas de alum\u00ednio para caixas de motor t\u00eam de passar por uma s\u00e9rie de processos no processo de produ\u00e7\u00e3o. A sele\u00e7\u00e3o de uma liga de alum\u00ednio de grande qualidade que proporcione uma for\u00e7a e resist\u00eancia \u00e0 corros\u00e3o excepcionais \u00e9 o primeiro passo. Depois disso, a liga \u00e9 derretida e vertida num molde criado para criar as carater\u00edsticas e a forma necess\u00e1rias da caixa do motor. A pe\u00e7a fundida \u00e9 cuidadosamente retirada do molde e submetida a procedimentos de acabamento, incluindo tratamento de superf\u00edcie, polimento e maquinagem, depois de arrefecer e solidificar.<\/p>\n<h2>Caracter\u00edsticas<\/h2>\n<p>As pe\u00e7as fundidas de alum\u00ednio para caixas de motor oferecem uma s\u00e9rie de propriedades que as tornam ideais para caixas de motor:<\/p>\n<ul>\n<li>Durabilidade: A liga de alum\u00ednio utilizada nas pe\u00e7as fundidas proporciona uma excelente resist\u00eancia e durabilidade, assegurando um desempenho duradouro mesmo em ambientes adversos.<\/li>\n<li>Resist\u00eancia \u00e0 corros\u00e3o: A resist\u00eancia \u00e0 corros\u00e3o inerente ao alum\u00ednio torna as caixas de motor adequadas para aplica\u00e7\u00f5es interiores e exteriores.<\/li>\n<li>Dissipa\u00e7\u00e3o de calor: O alum\u00ednio tem uma excelente condutividade t\u00e9rmica e pode dissipar eficazmente o calor do motor, ajudando a manter temperaturas de funcionamento \u00f3ptimas.<\/li>\n<li>Leveza: O alum\u00ednio \u00e9 leve e mais f\u00e1cil de manusear e instalar do que outros materiais. Esta carater\u00edstica tamb\u00e9m contribui para a efici\u00eancia energ\u00e9tica.<\/li>\n<li>Personaliza\u00e7\u00e3o: As pe\u00e7as fundidas da caixa do motor podem ser personalizadas para satisfazer requisitos espec\u00edficos, tais como orif\u00edcios de montagem adicionais, pontos de entrada de cabos ou formas \u00fanicas.<\/li>\n<\/ul>\n<h2>\u00c1reas de aplica\u00e7\u00e3o<\/h2>\n<p>As pe\u00e7as fundidas de alum\u00ednio para caixa de motor s\u00e3o amplamente utilizadas em v\u00e1rias ind\u00fastrias e campos, incluindo:<\/p>\n<ol>\n<li>autom\u00f3vel<\/li>\n<li>m\u00e1quinas industriais<\/li>\n<li>produtos electr\u00f3nicos<\/li>\n<li>aeroespacial<\/li>\n<li>produzir eletricidade<\/li>\n<li>A sua versatilidade e durabilidade tornam-no adequado para utiliza\u00e7\u00e3o com uma variedade de tipos de motores, incluindo motores el\u00e9ctricos, geradores, bombas e compressores.<\/li>\n<\/ol>\n<h2>Servi\u00e7os personalizados<\/h2>\n<p>Estamos conscientes de que v\u00e1rias aplica\u00e7\u00f5es podem ter necessidades espec\u00edficas. Prestamos servi\u00e7os de personaliza\u00e7\u00e3o de pe\u00e7as fundidas de alum\u00ednio para carca\u00e7as de motores, a fim de satisfazer estas exig\u00eancias. Os nossos engenheiros e designers especializados colaboram estreitamente com os clientes para criar solu\u00e7\u00f5es \u00fanicas que cumpram os seus requisitos exactos. Quer se trate de alterar o tamanho, incluir mais funcionalidades ou adicionar uma marca, o nosso objetivo \u00e9 fornecer produtos que sejam ideais para a utiliza\u00e7\u00e3o pretendida.<\/p>\n<h3>Por que escolher as carca\u00e7as de motor de fundi\u00e7\u00e3o sob press\u00e3o personalizadas da MindWell?<\/h3>\n<p>Oferecemos aos nossos clientes uma variedade de op\u00e7\u00f5es de fundi\u00e7\u00e3o de carca\u00e7as de motor, incluindo fundi\u00e7\u00e3o de pe\u00e7a \u00fanica e fundi\u00e7\u00e3o de pe\u00e7as m\u00faltiplas. Para a produ\u00e7\u00e3o de grandes volumes, utilizamos a tecnologia de fundi\u00e7\u00e3o multipe\u00e7as para melhorar a efici\u00eancia da produ\u00e7\u00e3o. Para produtos de alto desempenho e exigentes, utilizamos a tecnologia de fundi\u00e7\u00e3o monol\u00edtica para proporcionar maior qualidade e precis\u00e3o. Al\u00e9m disso, oferecemos uma variedade de tecnologias de tratamento de superf\u00edcie e anti-corros\u00e3o para garantir a longa vida \u00fatil da carca\u00e7a do motor.<\/p>\n<p>A nossa equipa t\u00e9cnica \u00e9 constitu\u00edda por um grupo de profissionais experientes e apaixonados. Todos eles possuem excelentes conhecimentos t\u00e9cnicos e compet\u00eancias t\u00e9cnicas de ponta para fornecer aos clientes as melhores solu\u00e7\u00f5es e servi\u00e7os.<\/p>\n<p>Se procura um desempenho fi\u00e1vel e de alta qualidade e todos os tipos de servi\u00e7os profissionais de fundi\u00e7\u00e3o de caixas de motor, pode contactar a nossa equipa. Teremos todo o gosto em fornecer-lhe a melhor solu\u00e7\u00e3o.<\/p>\n<p><img loading=\"lazy\" decoding=\"async\" class=\"alignnone size-full wp-image-3791\" src=\"http:\/\/mnwell.com\/wp-content\/uploads\/2023\/12\/AYU9598.webp\" alt=\"die casting manufacturers\" width=\"750\" height=\"500\" srcset=\"https:\/\/mnwell.com\/wp-content\/uploads\/2023\/12\/AYU9598.webp 750w, https:\/\/mnwell.com\/wp-content\/uploads\/2023\/12\/AYU9598-18x12.webp 18w, https:\/\/mnwell.com\/wp-content\/uploads\/2023\/12\/AYU9598-600x400.webp 600w\" sizes=\"(max-width: 750px) 100vw, 750px\" \/><\/p>\n<p>&nbsp;<\/p>\n<h3 class=\"JlqpRe\"><span class=\"JCzEY ZwRhJd\"><span class=\"CSkcDe\">De que s\u00e3o feitas as carca\u00e7as dos motores?<\/span><\/span><\/h3>\n<p>&nbsp;<\/p>\n<p>O material da caixa do motor \u00e9 normalmente feito de a\u00e7o, alum\u00ednio fundido, cobre fundido e outros materiais met\u00e1licos, que t\u00eam as carater\u00edsticas de elevada resist\u00eancia, elevada rigidez e elevada prote\u00e7\u00e3o. A escolha de materiais espec\u00edficos depende principalmente dos cen\u00e1rios de utiliza\u00e7\u00e3o e das necessidades do motor. Na Mindwell, o material que mais utilizamos atualmente \u00e9 o alum\u00ednio.<\/p>\n<p>Um dos materiais mais populares para as carca\u00e7as dos motores \u00e9 o ferro fundido, que tem a vantagem de ser econ\u00f3mico e altamente dur\u00e1vel. O ferro fundido cinzento ou o ferro fundido d\u00factil s\u00e3o normalmente utilizados para fabricar carca\u00e7as de ferro fundido e, para melhorar o seu aspeto e resist\u00eancia \u00e0 corros\u00e3o, a superf\u00edcie \u00e9 normalmente pintada ou pulverizada com pl\u00e1stico. No entanto, o seu inconveniente \u00e9 o facto de o seu peso interferir com a constru\u00e7\u00e3o leve do motor.<\/p>\n<p>Devido ao seu peso leve e \u00e0 excelente dissipa\u00e7\u00e3o de calor, a caixa em liga de alum\u00ednio \u00e9 uma excelente escolha para a produ\u00e7\u00e3o de motores compactos ou de alta velocidade. S\u00e3o frequentemente utilizadas as ligas de alum\u00ednio 6061 e ADC12. Estes materiais podem ser moldados e t\u00eam elevadas qualidades de processamento. A sua superf\u00edcie pode ser anodizada para aumentar a sua est\u00e9tica e resist\u00eancia \u00e0 corros\u00e3o.<br \/>\nAl\u00e9m disso, as carca\u00e7as dos motores podem ser fabricadas a partir de uma variedade de materiais pl\u00e1sticos ou comp\u00f3sitos \u00fanicos, para al\u00e9m do metal. Estes materiais n\u00e3o met\u00e1licos s\u00e3o normalmente utilizados em ambientes \u00fanicos ou com restri\u00e7\u00f5es or\u00e7amentais.<\/p>\n<div class=\"aj35ze\"><\/div>\n<h2>em conclus\u00e3o<\/h2>\n<p>Uma op\u00e7\u00e3o fi\u00e1vel e adapt\u00e1vel de caixa de motor s\u00e3o as fundi\u00e7\u00f5es de alum\u00ednio para caixas de motor. \u00c9 uma \u00f3ptima op\u00e7\u00e3o para muitas aplica\u00e7\u00f5es devido \u00e0 sua for\u00e7a, resist\u00eancia \u00e0 corros\u00e3o, capacidade de dissipa\u00e7\u00e3o de calor e baixo peso. Atrav\u00e9s do nosso servi\u00e7o de personaliza\u00e7\u00e3o, as pe\u00e7as fundidas para caixas de motor podem ser adaptadas \u00e0s necessidades individuais, garantindo uma efici\u00eancia e funcionalidade m\u00e1ximas. As nossas pe\u00e7as fundidas de alum\u00ednio para carca\u00e7as de motores oferecem solu\u00e7\u00f5es de primeira qualidade que satisfazem as exig\u00eancias de muitos sectores, quer se trate de aplica\u00e7\u00f5es autom\u00f3veis, industriais ou aeroespaciais.<\/p>","protected":false},"excerpt":{"rendered":"<p>As pe\u00e7as fundidas de alum\u00ednio para caixas de motor s\u00e3o uma solu\u00e7\u00e3o duradoura e de alta qualidade para caixas de motor, proporcionando prote\u00e7\u00e3o e apoio em v\u00e1rias aplica\u00e7\u00f5es. Fabricadas com tecnologia de fundi\u00e7\u00e3o avan\u00e7ada, estas pe\u00e7as fundidas oferecem um desempenho e uma precis\u00e3o superiores. S\u00e3o adequadas para v\u00e1rias ind\u00fastrias, incluindo a autom\u00f3vel, maquinaria industrial, produtos electr\u00f3nicos e aeroespacial. A for\u00e7a inerente do alum\u00ednio, a resist\u00eancia \u00e0 corros\u00e3o, a dissipa\u00e7\u00e3o de calor e as propriedades de leveza tornam-no ideal para v\u00e1rias aplica\u00e7\u00f5es. Mindwell <a href=\"https:\/\/mnwell.com\/pt\/custom-die-casting\/\">Fundi\u00e7\u00e3o injectada personalizada<\/a> A Motor Housings oferece uma variedade de op\u00e7\u00f5es de fundi\u00e7\u00e3o, incluindo fundi\u00e7\u00e3o de pe\u00e7a \u00fanica e de pe\u00e7as m\u00faltiplas, e tecnologias de tratamento de superf\u00edcie e anti-corros\u00e3o.<\/p>\n<p>Material: Ferro, alum\u00ednio<br \/>\nAcabamento: galvaniza\u00e7\u00e3o, pintura, revestimento em p\u00f3<br \/>\nMaquina\u00e7\u00e3o\uff1aCNC<br \/>\nTecnologia: Fundi\u00e7\u00e3o em areia, fundi\u00e7\u00e3o sob press\u00e3o, fundi\u00e7\u00e3o por gravidade<br \/>\nNormas: ASTM, AISI, DIN<br \/>\nOEM\uff1aDispon\u00edvel<br \/>\nDimens\u00f5es\uff1aPersonalizado<br \/>\nAplica\u00e7\u00e3o\uff1aIndustrial<\/p>","protected":false},"featured_media":1984,"template":"","meta":{"om_disable_all_campaigns":false,"_monsterinsights_skip_tracking":false,"_monsterinsights_sitenote_active":false,"_monsterinsights_sitenote_note":"","_monsterinsights_sitenote_category":0,"_uf_show_specific_survey":0,"_uf_disable_surveys":false,"site-sidebar-layout":"default","site-content-layout":"default","ast-global-header-display":"","ast-banner-title-visibility":"","ast-main-header-display":"","ast-hfb-above-header-display":"","ast-hfb-below-header-display":"","ast-hfb-mobile-header-display":"","site-post-title":"","ast-breadcrumbs-content":"","ast-featured-img":"","footer-sml-layout":"","theme-transparent-header-meta":"default","adv-header-id-meta":"","stick-header-meta":"","header-above-stick-meta":"","header-main-stick-meta":"","header-below-stick-meta":""},"product_cat":[18],"product_tag":[160,55],"aioseo_notices":[],"_links":{"self":[{"href":"https:\/\/mnwell.com\/pt\/wp-json\/wp\/v2\/product\/1983"}],"collection":[{"href":"https:\/\/mnwell.com\/pt\/wp-json\/wp\/v2\/product"}],"about":[{"href":"https:\/\/mnwell.com\/pt\/wp-json\/wp\/v2\/types\/product"}],"wp:featuredmedia":[{"embeddable":true,"href":"https:\/\/mnwell.com\/pt\/wp-json\/wp\/v2\/media\/1984"}],"wp:attachment":[{"href":"https:\/\/mnwell.com\/pt\/wp-json\/wp\/v2\/media?parent=1983"}],"wp:term":[{"taxonomy":"product_cat","embeddable":true,"href":"https:\/\/mnwell.com\/pt\/wp-json\/wp\/v2\/product_cat?post=1983"},{"taxonomy":"product_tag","embeddable":true,"href":"https:\/\/mnwell.com\/pt\/wp-json\/wp\/v2\/product_tag?post=1983"}],"curies":[{"name":"wp","href":"https:\/\/api.w.org\/{rel}","templated":true}]}}