{"id":2089,"date":"2023-07-16T06:35:10","date_gmt":"2023-07-16T04:35:10","guid":{"rendered":"https:\/\/mnwell.com\/?post_type=product&#038;p=2089"},"modified":"2023-07-16T08:28:07","modified_gmt":"2023-07-16T06:28:07","slug":"custom-car-aluminum-backup-camera-housing","status":"publish","type":"product","link":"https:\/\/mnwell.com\/pt\/produto\/custom-car-aluminum-backup-camera-housing\/","title":{"rendered":"Caixa da c\u00e2mara de vigil\u00e2ncia personalizada em alum\u00ednio para autom\u00f3vel"},"content":{"rendered":"<p>A caixa da c\u00e2mara de reserva \u00e9 a caixa de prote\u00e7\u00e3o da unidade da c\u00e2mara de reserva. \u00c9 fundido sob press\u00e3o a partir de materiais met\u00e1licos leves, como liga de alum\u00ednio ou liga de magn\u00e9sio. A resist\u00eancia do material met\u00e1lico pode garantir que a c\u00e2mara mant\u00e9m fun\u00e7\u00f5es est\u00e1veis e n\u00e3o \u00e9 danificada sob diferentes condi\u00e7\u00f5es climat\u00e9ricas. O fabrico da caixa da c\u00e2mara de vis\u00e3o traseira atrav\u00e9s de um processo de fundi\u00e7\u00e3o pode alcan\u00e7ar uma produ\u00e7\u00e3o eficiente, precisa e consistente, e pode ser produzido em grandes quantidades com boa resist\u00eancia e durabilidade. Por conseguinte, o processo de fundi\u00e7\u00e3o injetada \u00e9 amplamente utilizado na ind\u00fastria autom\u00f3vel para fabricar v\u00e1rios inv\u00f3lucros e pe\u00e7as met\u00e1licas.<\/p>\n<h3>Tamanhos de caixas personalizados<\/h3>\n<p>A forma e o tamanho da caixa da c\u00e2mara de reserva de cada autom\u00f3vel s\u00e3o diferentes, dependendo da posi\u00e7\u00e3o espec\u00edfica de instala\u00e7\u00e3o da c\u00e2mara e dos requisitos de estilo do design do autom\u00f3vel. Normalmente, \u00e9 utilizado material de liga de alum\u00ednio para garantir uma prote\u00e7\u00e3o duradoura da c\u00e2mara. Pode ser concebida \u00e0 medida, de acordo com o suporte de montagem ou outros requisitos de liga\u00e7\u00e3o do autom\u00f3vel, para que possa ser instalada com firmeza na posi\u00e7\u00e3o de utiliza\u00e7\u00e3o junto \u00e0 matr\u00edcula do ve\u00edculo.<\/p>\n<h3>Vantagens da nossa empresa<\/h3>\n<p>A nossa empresa \u00e9 uma empresa profissional de fundi\u00e7\u00e3o injectada. Fornecemos pe\u00e7as de fundi\u00e7\u00e3o injetada de alta qualidade e alta precis\u00e3o para a ind\u00fastria autom\u00f3vel. Personaliz\u00e1mos a caixa da c\u00e2mara de reserva para a Volkswagen e outras empresas de autom\u00f3veis, como mostra a imagem abaixo. Os nossos t\u00e9cnicos e engenheiros especializados garantem que as pe\u00e7as para autom\u00f3veis que produzimos cumprem os mais elevados padr\u00f5es de qualidade e durabilidade.<br \/>\nPara al\u00e9m da equipa profissional, dispomos de equipamento avan\u00e7ado de fundi\u00e7\u00e3o, equipamento de processamento secund\u00e1rio e equipamento de teste de qualidade. De acordo com as suas necessidades personalizadas, a caixa da c\u00e2mara de vis\u00e3o traseira pode ser produzida de forma eficiente e em grandes quantidades para alcan\u00e7ar uma produ\u00e7\u00e3o de pe\u00e7as autom\u00f3veis de alta qualidade e alta precis\u00e3o. Se voc\u00ea \u00e9 uma empresa de reequipamento de autom\u00f3veis ou um fabricante de c\u00e2mara de marcha-atr\u00e1s e tem necessidades personalizadas de caixas de c\u00e2mara de marcha-atr\u00e1s fundidas sob press\u00e3o, por favor contacte-nos e n\u00f3s dar-lhe-emos conselhos e or\u00e7amentos profissionais.<\/p>\n<p><img loading=\"lazy\" decoding=\"async\" class=\"alignnone size-full wp-image-2090\" src=\"http:\/\/mnwell.com\/wp-content\/uploads\/2023\/07\/AYU9512.jpg\" alt=\"backup camera housing\" width=\"800\" height=\"800\" srcset=\"https:\/\/mnwell.com\/wp-content\/uploads\/2023\/07\/AYU9512.jpg 800w, https:\/\/mnwell.com\/wp-content\/uploads\/2023\/07\/AYU9512-150x150.jpg 150w, https:\/\/mnwell.com\/wp-content\/uploads\/2023\/07\/AYU9512-768x768.jpg 768w, https:\/\/mnwell.com\/wp-content\/uploads\/2023\/07\/AYU9512-300x300.jpg 300w, https:\/\/mnwell.com\/wp-content\/uploads\/2023\/07\/AYU9512-600x600.jpg 600w, https:\/\/mnwell.com\/wp-content\/uploads\/2023\/07\/AYU9512-100x100.jpg 100w\" sizes=\"(max-width: 800px) 100vw, 800px\" \/><img loading=\"lazy\" decoding=\"async\" class=\"alignnone size-full wp-image-2093\" src=\"http:\/\/mnwell.com\/wp-content\/uploads\/2023\/07\/AYU9507.jpg\" alt=\"reversing camera housing\" width=\"800\" height=\"800\" srcset=\"https:\/\/mnwell.com\/wp-content\/uploads\/2023\/07\/AYU9507.jpg 800w, https:\/\/mnwell.com\/wp-content\/uploads\/2023\/07\/AYU9507-150x150.jpg 150w, https:\/\/mnwell.com\/wp-content\/uploads\/2023\/07\/AYU9507-768x768.jpg 768w, https:\/\/mnwell.com\/wp-content\/uploads\/2023\/07\/AYU9507-300x300.jpg 300w, https:\/\/mnwell.com\/wp-content\/uploads\/2023\/07\/AYU9507-600x600.jpg 600w, https:\/\/mnwell.com\/wp-content\/uploads\/2023\/07\/AYU9507-100x100.jpg 100w\" sizes=\"(max-width: 800px) 100vw, 800px\" \/><\/p>\n<p>&nbsp;<\/p>\n<h3>Aplica\u00e7\u00e3o da caixa da c\u00e2mara de vigil\u00e2ncia<\/h3>\n<p>A caixa da c\u00e2mara de marcha atr\u00e1s em fundi\u00e7\u00e3o injectada \u00e9 uma parte integrante do sistema de c\u00e2mara de marcha atr\u00e1s aplicado na traseira do ve\u00edculo. A principal fun\u00e7\u00e3o da caixa \u00e9 proteger a c\u00e2mara de marcha atr\u00e1s e os respectivos componentes electr\u00f3nicos para garantir o seu bom funcionamento e a obten\u00e7\u00e3o de imagens n\u00edtidas.<br \/>\nO sistema de c\u00e2mara de marcha-atr\u00e1s \u00e9 uma das ajudas de seguran\u00e7a comuns nos autom\u00f3veis modernos. Ao instalar uma c\u00e2mara na traseira do ve\u00edculo e ao transmitir a imagem para o ecr\u00e3 do autom\u00f3vel, pode ajudar o condutor a observar mais claramente a situa\u00e7\u00e3o atr\u00e1s do ve\u00edculo para reduzir o risco de fazer marcha-atr\u00e1s. Os acidentes acontecem. Atualmente, quase todos os ve\u00edculos est\u00e3o equipados com imagens de marcha-atr\u00e1s. Pode fornecer principalmente as seguintes fun\u00e7\u00f5es:<\/p>\n<h4>O papel do inv\u00f3lucro da imagem de invers\u00e3o fundido em alum\u00ednio:<\/h4>\n<ul>\n<li>proteger a c\u00e2mara<\/li>\n<li>\u00c0 prova de \u00e1gua e de poeira<\/li>\n<li>Desempenho antiss\u00edsmico:<\/li>\n<li>Adaptar-se a v\u00e1rios ambientes de instala\u00e7\u00e3o de ve\u00edculos<\/li>\n<\/ul>\n<p>Em geral, a aplica\u00e7\u00e3o da caixa da c\u00e2mara de marcha atr\u00e1s consiste em proteger a c\u00e2mara no sistema de c\u00e2mara de marcha atr\u00e1s e proporcionar um ambiente de trabalho est\u00e1vel. A liga de alum\u00ednio tem as caracter\u00edsticas de estabilidade e elevada resist\u00eancia para garantir que o condutor possa obter informa\u00e7\u00f5es de imagem claras e fi\u00e1veis ao fazer marcha-atr\u00e1s do autom\u00f3vel, sem abanar ou cair da instala\u00e7\u00e3o, de modo a melhorar a seguran\u00e7a da condu\u00e7\u00e3o.<\/p>\n<p>&nbsp;<\/p>\n<p><img loading=\"lazy\" decoding=\"async\" class=\"alignnone size-full wp-image-2094\" src=\"http:\/\/mnwell.com\/wp-content\/uploads\/2023\/07\/camera-housing.png\" alt=\"backup camera housing\" width=\"826\" height=\"745\" srcset=\"https:\/\/mnwell.com\/wp-content\/uploads\/2023\/07\/camera-housing.png 826w, https:\/\/mnwell.com\/wp-content\/uploads\/2023\/07\/camera-housing-768x693.png 768w, https:\/\/mnwell.com\/wp-content\/uploads\/2023\/07\/camera-housing-600x541.png 600w\" sizes=\"(max-width: 826px) 100vw, 826px\" \/><\/p>\n<p><img loading=\"lazy\" decoding=\"async\" class=\"alignnone size-full wp-image-2091\" src=\"http:\/\/mnwell.com\/wp-content\/uploads\/2023\/07\/AYU9511.jpg\" alt=\"rear view camera housing\" width=\"800\" height=\"800\" srcset=\"https:\/\/mnwell.com\/wp-content\/uploads\/2023\/07\/AYU9511.jpg 800w, https:\/\/mnwell.com\/wp-content\/uploads\/2023\/07\/AYU9511-150x150.jpg 150w, https:\/\/mnwell.com\/wp-content\/uploads\/2023\/07\/AYU9511-768x768.jpg 768w, https:\/\/mnwell.com\/wp-content\/uploads\/2023\/07\/AYU9511-300x300.jpg 300w, https:\/\/mnwell.com\/wp-content\/uploads\/2023\/07\/AYU9511-600x600.jpg 600w, https:\/\/mnwell.com\/wp-content\/uploads\/2023\/07\/AYU9511-100x100.jpg 100w\" sizes=\"(max-width: 800px) 100vw, 800px\" \/><\/p>\n<p>&nbsp;<\/p>\n<h4>O nosso processo de personaliza\u00e7\u00e3o<\/h4>\n<p>A nossa empresa tem mais de dez anos de experi\u00eancia na ind\u00fastria de fundi\u00e7\u00e3o injectada, especialmente na fundi\u00e7\u00e3o injectada de pe\u00e7as para autom\u00f3veis. Se tiver necessidades de personaliza\u00e7\u00e3o de pe\u00e7as para autom\u00f3veis e de caixas para c\u00e2maras de vigil\u00e2ncia, entre em contacto connosco. O nosso fluxo de processo de fundi\u00e7\u00e3o sob press\u00e3o personalizado inclui os seguintes passos:<\/p>\n<ol>\n<li>Comunica\u00e7\u00e3o de pedidos: Pode enviar-nos os desenhos das pe\u00e7as autom\u00f3veis que pretende personalizar. Aceitamos basicamente todos os formatos de desenho. Depois de receber os seus desenhos, o engenheiro ir\u00e1 calcular de acordo com os seus requisitos e par\u00e2metros e, finalmente, dar-lhe uma cota\u00e7\u00e3o r\u00e1pida. e aconselhamento profissional.<\/li>\n<li>Confirma\u00e7\u00e3o da produ\u00e7\u00e3o: Iremos comunicar em profundidade com o cliente sobre as pe\u00e7as personalizadas para garantir que as pe\u00e7as produzidas s\u00e3o as que pretende e cumprem os seus requisitos de utiliza\u00e7\u00e3o. Ap\u00f3s a confirma\u00e7\u00e3o, entraremos no processo de produ\u00e7\u00e3o.<\/li>\n<li>Prepara\u00e7\u00e3o do molde: Criar um molde espec\u00edfico que incorpore a geometria e os detalhes da caixa da c\u00e2mara de marcha-atr\u00e1s.<\/li>\n<li>Metal fundido: Aquecimento de um material met\u00e1lico adequado, como uma liga de alum\u00ednio ou uma liga de magn\u00e9sio, at\u00e9 ao estado fundido.<\/li>\n<li>Inje\u00e7\u00e3o em moldes: Inje\u00e7\u00e3o de metal fundido em moldes previamente preparados.<\/li>\n<li>Arrefecimento e solidifica\u00e7\u00e3o: Depois de o metal ter arrefecido e solidificado no molde, a casca \u00e9 retirada.<\/li>\n<li>Recorte e maquinagem: Corte do inv\u00f3lucro, remo\u00e7\u00e3o do material em excesso e maquinagem e tratamento de superf\u00edcie necess\u00e1rios.<\/li>\n<li>Inspe\u00e7\u00e3o e controlo de qualidade: As caixas fundidas sob press\u00e3o s\u00e3o inspeccionadas para garantir que cumprem as especifica\u00e7\u00f5es e as normas de qualidade.<\/li>\n<\/ol>\n<p>Na nossa empresa, damos grande import\u00e2ncia \u00e0 inspe\u00e7\u00e3o de qualidade e ao servi\u00e7o p\u00f3s-venda, por isso temos um departamento especial de inspe\u00e7\u00e3o de qualidade equipado com v\u00e1rias ferramentas de inspe\u00e7\u00e3o, como a inspe\u00e7\u00e3o de raios X e assim por diante. E criamos uma equipa de projeto especial para projectos de produ\u00e7\u00e3o, com uma clara divis\u00e3o de trabalho, e deixamos os clientes saberem o progresso da nossa produ\u00e7\u00e3o a qualquer momento.<\/p>\n<p><img loading=\"lazy\" decoding=\"async\" class=\"alignnone size-full wp-image-1967\" src=\"http:\/\/mnwell.com\/wp-content\/uploads\/2023\/07\/AYU9559.jpg\" alt=\"\" width=\"750\" height=\"500\" srcset=\"https:\/\/mnwell.com\/wp-content\/uploads\/2023\/07\/AYU9559.jpg 750w, https:\/\/mnwell.com\/wp-content\/uploads\/2023\/07\/AYU9559-600x400.jpg 600w\" sizes=\"(max-width: 750px) 100vw, 750px\" \/><\/p>","protected":false},"excerpt":{"rendered":"<p>A caixa da c\u00e2mara de reserva \u00e9 a caixa de prote\u00e7\u00e3o da unidade da c\u00e2mara de reserva. \u00c9 fundido sob press\u00e3o a partir de materiais met\u00e1licos leves, como liga de alum\u00ednio ou liga de magn\u00e9sio. A resist\u00eancia do material met\u00e1lico pode garantir que a c\u00e2mara mant\u00e9m fun\u00e7\u00f5es est\u00e1veis e n\u00e3o \u00e9 danificada sob diferentes condi\u00e7\u00f5es climat\u00e9ricas. O fabrico da caixa da c\u00e2mara de vis\u00e3o traseira atrav\u00e9s de um processo de fundi\u00e7\u00e3o pode alcan\u00e7ar uma produ\u00e7\u00e3o eficiente, precisa e consistente, e pode ser produzido em grandes quantidades com boa resist\u00eancia e durabilidade. Por conseguinte, o processo de fundi\u00e7\u00e3o injetada \u00e9 amplamente utilizado na ind\u00fastria autom\u00f3vel para fabricar v\u00e1rios inv\u00f3lucros e pe\u00e7as met\u00e1licas.<\/p>","protected":false},"featured_media":2090,"template":"","meta":{"om_disable_all_campaigns":false,"_monsterinsights_skip_tracking":false,"_monsterinsights_sitenote_active":false,"_monsterinsights_sitenote_note":"","_monsterinsights_sitenote_category":0,"_uf_show_specific_survey":0,"_uf_disable_surveys":false,"site-sidebar-layout":"default","site-content-layout":"default","ast-global-header-display":"","ast-banner-title-visibility":"","ast-main-header-display":"","ast-hfb-above-header-display":"","ast-hfb-below-header-display":"","ast-hfb-mobile-header-display":"","site-post-title":"","ast-breadcrumbs-content":"","ast-featured-img":"","footer-sml-layout":"","theme-transparent-header-meta":"default","adv-header-id-meta":"","stick-header-meta":"","header-above-stick-meta":"","header-main-stick-meta":"","header-below-stick-meta":""},"product_cat":[18],"product_tag":[68,70,69,71],"aioseo_notices":[],"_links":{"self":[{"href":"https:\/\/mnwell.com\/pt\/wp-json\/wp\/v2\/product\/2089"}],"collection":[{"href":"https:\/\/mnwell.com\/pt\/wp-json\/wp\/v2\/product"}],"about":[{"href":"https:\/\/mnwell.com\/pt\/wp-json\/wp\/v2\/types\/product"}],"wp:featuredmedia":[{"embeddable":true,"href":"https:\/\/mnwell.com\/pt\/wp-json\/wp\/v2\/media\/2090"}],"wp:attachment":[{"href":"https:\/\/mnwell.com\/pt\/wp-json\/wp\/v2\/media?parent=2089"}],"wp:term":[{"taxonomy":"product_cat","embeddable":true,"href":"https:\/\/mnwell.com\/pt\/wp-json\/wp\/v2\/product_cat?post=2089"},{"taxonomy":"product_tag","embeddable":true,"href":"https:\/\/mnwell.com\/pt\/wp-json\/wp\/v2\/product_tag?post=2089"}],"curies":[{"name":"wp","href":"https:\/\/api.w.org\/{rel}","templated":true}]}}