{"id":2097,"date":"2023-07-16T09:13:50","date_gmt":"2023-07-16T07:13:50","guid":{"rendered":"https:\/\/mnwell.com\/?post_type=product&#038;p=2097"},"modified":"2023-07-16T09:19:04","modified_gmt":"2023-07-16T07:19:04","slug":"aluminum-die-casting-patio-furniture-parts","status":"publish","type":"product","link":"https:\/\/mnwell.com\/pt\/produto\/aluminum-die-casting-patio-furniture-parts\/","title":{"rendered":"Pe\u00e7as para mobili\u00e1rio de p\u00e1tio em fundi\u00e7\u00e3o injectada de alum\u00ednio"},"content":{"rendered":"<p>Muitas pe\u00e7as de mobili\u00e1rio em alum\u00ednio s\u00e3o utilizadas em produtos de mobili\u00e1rio modernos. Estas pe\u00e7as s\u00e3o feitas de liga de alum\u00ednio de alta qualidade e outros materiais met\u00e1licos por fundi\u00e7\u00e3o sob press\u00e3o. T\u00eam muitas vantagens, tais como peso leve, alta resist\u00eancia, alta precis\u00e3o de processamento e v\u00e1rios tratamentos de superf\u00edcie.<\/p>\n<p>Na nossa f\u00e1brica, utilizamos a mais recente tecnologia de processo de fundi\u00e7\u00e3o e equipamento de fundi\u00e7\u00e3o para produzir uma vasta gama de componentes de mobili\u00e1rio em alum\u00ednio, incluindo estruturas de cadeiras, pernas de mesa e liga\u00e7\u00f5es de ferragens para mobili\u00e1rio. A nossa equipa de t\u00e9cnicos e engenheiros qualificados possui conhecimentos profundos e experi\u00eancia na ind\u00fastria de fundi\u00e7\u00e3o sob press\u00e3o, assegurando a produ\u00e7\u00e3o de pe\u00e7as sobressalentes de fundi\u00e7\u00e3o sob press\u00e3o com elevada qualidade, elevada efici\u00eancia na produ\u00e7\u00e3o em massa, menor controlo de custos, ideias personalizadas para pe\u00e7as de mobili\u00e1rio, contacte-nos.<\/p>\n<h3><img loading=\"lazy\" decoding=\"async\" class=\"alignnone size-full wp-image-2098\" src=\"http:\/\/mnwell.com\/wp-content\/uploads\/2023\/07\/AYU9528.jpg\" alt=\"aluminum furniture parts\" width=\"800\" height=\"800\" srcset=\"https:\/\/mnwell.com\/wp-content\/uploads\/2023\/07\/AYU9528.jpg 800w, https:\/\/mnwell.com\/wp-content\/uploads\/2023\/07\/AYU9528-150x150.jpg 150w, https:\/\/mnwell.com\/wp-content\/uploads\/2023\/07\/AYU9528-768x768.jpg 768w, https:\/\/mnwell.com\/wp-content\/uploads\/2023\/07\/AYU9528-300x300.jpg 300w, https:\/\/mnwell.com\/wp-content\/uploads\/2023\/07\/AYU9528-600x600.jpg 600w, https:\/\/mnwell.com\/wp-content\/uploads\/2023\/07\/AYU9528-100x100.jpg 100w\" sizes=\"(max-width: 800px) 100vw, 800px\" \/><\/h3>\n<p>&nbsp;<\/p>\n<h3>Pe\u00e7as de mobili\u00e1rio personalizadas<\/h3>\n<p>Quando personalizamos pe\u00e7as de mobili\u00e1rio, utilizamos mais materiais de liga de alum\u00ednio. Se tiver outras necessidades de materiais, tamb\u00e9m as podemos satisfazer. A liga de alum\u00ednio tem boa plasticidade e resist\u00eancia \u00e0 corros\u00e3o, o que \u00e9 adequado para as necessidades de fabrico de mobili\u00e1rio. Em termos de tratamento de superf\u00edcie, oferecemos-lhe uma escolha de diferentes tamanhos e acabamentos, permitindo-lhe criar designs \u00fanicos e inovadores do seu mobili\u00e1rio para satisfazer as necessidades espec\u00edficas do mercado. Oferecemos uma variedade de acabamentos, incluindo: Acabamentos anodizados, escovados e revestidos a p\u00f3 para obter diferentes texturas, cores e durabilidade.<\/p>\n<p>Em termos de tecnologia, preferimos a fundi\u00e7\u00e3o injectada. Alguns m\u00f3veis com liga\u00e7\u00f5es pequenas podem utilizar a tecnologia de estampagem. Tamb\u00e9m dispomos de m\u00e1quinas de estampagem que lhe podem fornecer as liga\u00e7\u00f5es estampadas que pretende.<\/p>\n<p>&nbsp;<\/p>\n<h4>Par\u00e2metro<\/h4>\n<ul>\n<li>Material: Alum\u00ednio: ADC12, ADC10, A360, A356, A380.steel, cobre, liga de zinco ou personalizado.<\/li>\n<li>QC: 100% Inspe\u00e7\u00e3o rigorosa para cada processamento<\/li>\n<li>Cor: Cor personalizada<\/li>\n<li>Tratamento de superf\u00edcie: Acabamento em moinho, revestimento em p\u00f3, polimento, escovagem, etc.<\/li>\n<li>Formato de desenho: IGES, STEP, AutoCAD, Solidworks, STL, PTC Creo, DWG, PDF, etc.<\/li>\n<li>Servi\u00e7o de balc\u00e3o \u00fanico: Design personalizado, fabrica\u00e7\u00e3o, montagem e entrega<\/li>\n<\/ul>\n<h4>Aplica\u00e7\u00e3o<\/h4>\n<p>Os nossos componentes de mobili\u00e1rio em alum\u00ednio s\u00e3o utilizados numa grande variedade de mobili\u00e1rio de exterior, comercial e dom\u00e9stico. Estes componentes s\u00e3o conhecidos pela sua resist\u00eancia \u00e0 corros\u00e3o e \u00e0s intemp\u00e9ries, o que os torna ideais para mobili\u00e1rio de exterior exposto a condi\u00e7\u00f5es ambientais adversas. Eis algumas pe\u00e7as de mobili\u00e1rio comuns:<\/p>\n<ol>\n<li>Base da cadeira: A base de uma cadeira precisa normalmente de ter uma boa resist\u00eancia e estabilidade. A fundi\u00e7\u00e3o de alum\u00ednio pode proporcionar um design de base leve e garantir resist\u00eancia e durabilidade suficientes.<\/li>\n<li>Pernas da mesa: As pernas da mesa t\u00eam de suportar toda a estrutura e t\u00eam de ter for\u00e7a e estabilidade suficientes.<\/li>\n<li>Apoios de bra\u00e7os e pegas: Os apoios de bra\u00e7os e os puxadores do mobili\u00e1rio s\u00e3o frequentemente tocados e, por isso, t\u00eam de ser duradouros, confort\u00e1veis e ter um bom tato. A fundi\u00e7\u00e3o sob press\u00e3o de alum\u00ednio permite uma variedade de formas e curvas, proporcionando apoios de bra\u00e7os e pegas ergon\u00f3micos.<\/li>\n<li>Conectores de tampos de mesa: Os conectores para tampos de mesa de mobili\u00e1rio t\u00eam de ter uma boa resist\u00eancia e estabilidade para garantir que o tampo da mesa fica bem fixo \u00e0 estrutura da arma\u00e7\u00e3o ou das pernas.<\/li>\n<li>Ornamentos e pe\u00e7as de acabamento: Alguns m\u00f3veis tamb\u00e9m incluem ornamentos decorativos e pe\u00e7as de acabamento. A fundi\u00e7\u00e3o injectada de alum\u00ednio permite obter v\u00e1rios detalhes e formas complexas, conferindo personalidade e beleza ao mobili\u00e1rio.<\/li>\n<\/ol>\n<p>No mobili\u00e1rio, as pe\u00e7as met\u00e1licas de alum\u00ednio s\u00e3o muito utilizadas. Para al\u00e9m das pe\u00e7as listadas acima, tamb\u00e9m podemos fazer designs personalizados de acordo com as suas necessidades. Quer seja utilizado em mesas, cadeiras ou mobili\u00e1rio de exterior, a forma e o tamanho podem ser personalizados de acordo com os requisitos. Incluindo o servi\u00e7o one-stop da nossa empresa, que pode processar pe\u00e7as de mobili\u00e1rio de alum\u00ednio, tais como processamento CNC, pulveriza\u00e7\u00e3o de superf\u00edcie, desenho de fio e outros tratamentos de superf\u00edcie, todos os quais podem satisfazer as suas necessidades.<\/p>\n<p><img loading=\"lazy\" decoding=\"async\" class=\"alignnone size-full wp-image-2099\" src=\"http:\/\/mnwell.com\/wp-content\/uploads\/2023\/07\/AYU9526.jpg\" alt=\"aluminum patio furniture replacement parts\" width=\"800\" height=\"800\" srcset=\"https:\/\/mnwell.com\/wp-content\/uploads\/2023\/07\/AYU9526.jpg 800w, https:\/\/mnwell.com\/wp-content\/uploads\/2023\/07\/AYU9526-150x150.jpg 150w, https:\/\/mnwell.com\/wp-content\/uploads\/2023\/07\/AYU9526-768x768.jpg 768w, https:\/\/mnwell.com\/wp-content\/uploads\/2023\/07\/AYU9526-300x300.jpg 300w, https:\/\/mnwell.com\/wp-content\/uploads\/2023\/07\/AYU9526-600x600.jpg 600w, https:\/\/mnwell.com\/wp-content\/uploads\/2023\/07\/AYU9526-100x100.jpg 100w\" sizes=\"(max-width: 800px) 100vw, 800px\" \/><\/p>\n<h4>Vantagens das pe\u00e7as de mobili\u00e1rio em alum\u00ednio:<\/h4>\n<ul>\n<li>Leveza: O alum\u00ednio \u00e9 um metal leve. Em compara\u00e7\u00e3o com outros metais, como o a\u00e7o, o alum\u00ednio tem uma densidade mais baixa, pelo que as pe\u00e7as de mobili\u00e1rio em alum\u00ednio s\u00e3o relativamente leves. Isto torna o mobili\u00e1rio mais f\u00e1cil de deslocar, organizar e transportar, e reduz o peso total do mobili\u00e1rio.<\/li>\n<li>Resist\u00eancia e durabilidade: O alum\u00ednio tem uma excelente resist\u00eancia. Os acess\u00f3rios para mobili\u00e1rio em alum\u00ednio podem proporcionar resist\u00eancia e estabilidade suficientes para suportar o peso do mobili\u00e1rio e proporcionar durabilidade para uma utiliza\u00e7\u00e3o a longo prazo. As ligas de alum\u00ednio s\u00e3o normalmente tratadas corretamente, como o tratamento t\u00e9rmico ou o tratamento de superf\u00edcie, para aumentar a sua resist\u00eancia e a resist\u00eancia \u00e0 corros\u00e3o.<\/li>\n<li>Bom aspeto e decora\u00e7\u00e3o: Os acess\u00f3rios para m\u00f3veis de alum\u00ednio podem obter v\u00e1rios efeitos de apar\u00eancia atrav\u00e9s de diferentes m\u00e9todos de processamento e tratamento de superf\u00edcie. Podem ser pulverizados, anodizados, galvanizados, etc., para obter cores e texturas de superf\u00edcie ricas. A maleabilidade do alum\u00ednio permite aos designers de mobili\u00e1rio criar uma variedade de visuais modernos, elegantes ou \u00fanicos.<\/li>\n<li>Resist\u00eancia \u00e0 corros\u00e3o: O alum\u00ednio tem uma boa resist\u00eancia \u00e0 corros\u00e3o e n\u00e3o \u00e9 facilmente afetado pela oxida\u00e7\u00e3o, ferrugem ou outros factores ambientais. Isto permite que os acess\u00f3rios para mobili\u00e1rio de alum\u00ednio mantenham o seu aspeto e desempenho em diferentes ambientes interiores e exteriores.<\/li>\n<li>Plasticidade e processabilidade: O alum\u00ednio tem uma excelente plasticidade, e podem ser fabricadas formas e estruturas complexas atrav\u00e9s de v\u00e1rios m\u00e9todos de processamento, como a fundi\u00e7\u00e3o de alum\u00ednio, a extrus\u00e3o e o forjamento. Isto proporciona aos designers um maior espa\u00e7o criativo, que pode realizar o design personalizado e \u00fanico de v\u00e1rios acess\u00f3rios de mobili\u00e1rio.<\/li>\n<li>Reciclabilidade: O alum\u00ednio \u00e9 um material recicl\u00e1vel com boa sustentabilidade ambiental. A utiliza\u00e7\u00e3o de acess\u00f3rios de mobili\u00e1rio em alum\u00ednio pode reduzir a procura de recursos finitos e ajudar a reduzir o impacto ambiental.<\/li>\n<\/ul>\n<h3>Sobre a nossa empresa<\/h3>\n<p>Fornecemos pe\u00e7as de alum\u00ednio para mobili\u00e1rio para muitas empresas de mobili\u00e1rio e temos uma vasta experi\u00eancia no fabrico de pe\u00e7as de mobili\u00e1rio. A nossa empresa est\u00e1 empenhada em satisfazer as expectativas dos nossos clientes em todos os projectos que empreendemos, fornecendo produtos de alta qualidade, excelente servi\u00e7o e pre\u00e7os competitivos.<\/p>\n<p>O nosso compromisso com o controlo de qualidade e a inova\u00e7\u00e3o tecnol\u00f3gica granjeou-nos a reputa\u00e7\u00e3o de fornecedor de pe\u00e7as de mobili\u00e1rio em alum\u00ednio de confian\u00e7a na ind\u00fastria. Quer esteja \u00e0 procura de arma\u00e7\u00f5es de cadeiras, pe\u00e7as de liga\u00e7\u00e3o, acess\u00f3rios para pernas de mesa ou acess\u00f3rios para ferragens de mobili\u00e1rio, etc., temos um design de mobili\u00e1rio para satisfazer as suas necessidades espec\u00edficas.<\/p>\n<p><img loading=\"lazy\" decoding=\"async\" class=\"alignnone size-full wp-image-1953\" src=\"http:\/\/mnwell.com\/wp-content\/uploads\/2023\/07\/AYU9598.jpg\" alt=\"mindwell die casting factory\" width=\"750\" height=\"500\" srcset=\"https:\/\/mnwell.com\/wp-content\/uploads\/2023\/07\/AYU9598.jpg 750w, https:\/\/mnwell.com\/wp-content\/uploads\/2023\/07\/AYU9598-600x400.jpg 600w\" sizes=\"(max-width: 750px) 100vw, 750px\" \/><img loading=\"lazy\" decoding=\"async\" class=\"alignnone size-full wp-image-1967\" src=\"http:\/\/mnwell.com\/wp-content\/uploads\/2023\/07\/AYU9559.jpg\" alt=\"\" width=\"750\" height=\"500\" srcset=\"https:\/\/mnwell.com\/wp-content\/uploads\/2023\/07\/AYU9559.jpg 750w, https:\/\/mnwell.com\/wp-content\/uploads\/2023\/07\/AYU9559-600x400.jpg 600w\" sizes=\"(max-width: 750px) 100vw, 750px\" \/><\/p>","protected":false},"excerpt":{"rendered":"<p>Muitas pe\u00e7as de mobili\u00e1rio em alum\u00ednio s\u00e3o utilizadas em produtos de mobili\u00e1rio modernos. Estas pe\u00e7as s\u00e3o feitas de liga de alum\u00ednio de alta qualidade e outros materiais met\u00e1licos por fundi\u00e7\u00e3o sob press\u00e3o. T\u00eam muitas vantagens, tais como peso leve, alta resist\u00eancia, alta precis\u00e3o de processamento e v\u00e1rios tratamentos de superf\u00edcie.<\/p>\n<p>Na nossa f\u00e1brica, utilizamos a mais recente tecnologia de processo de fundi\u00e7\u00e3o e equipamento de fundi\u00e7\u00e3o para produzir uma vasta gama de componentes de mobili\u00e1rio em alum\u00ednio, incluindo estruturas de cadeiras, pernas de mesa e liga\u00e7\u00f5es de ferragens para mobili\u00e1rio. A nossa equipa de t\u00e9cnicos e engenheiros qualificados possui conhecimentos profundos e experi\u00eancia na ind\u00fastria de fundi\u00e7\u00e3o sob press\u00e3o, assegurando a produ\u00e7\u00e3o de pe\u00e7as sobressalentes de fundi\u00e7\u00e3o sob press\u00e3o com elevada qualidade, elevada efici\u00eancia na produ\u00e7\u00e3o em massa, menor controlo de custos, ideias personalizadas para pe\u00e7as de mobili\u00e1rio, contacte-nos.<\/p>","protected":false},"featured_media":2098,"template":"","meta":{"om_disable_all_campaigns":false,"_monsterinsights_skip_tracking":false,"_monsterinsights_sitenote_active":false,"_monsterinsights_sitenote_note":"","_monsterinsights_sitenote_category":0,"_uf_show_specific_survey":0,"_uf_disable_surveys":false,"site-sidebar-layout":"default","site-content-layout":"default","ast-global-header-display":"","ast-banner-title-visibility":"","ast-main-header-display":"","ast-hfb-above-header-display":"","ast-hfb-below-header-display":"","ast-hfb-mobile-header-display":"","site-post-title":"","ast-breadcrumbs-content":"","ast-featured-img":"","footer-sml-layout":"","theme-transparent-header-meta":"default","adv-header-id-meta":"","stick-header-meta":"","header-above-stick-meta":"","header-main-stick-meta":"","header-below-stick-meta":""},"product_cat":[18],"product_tag":[72],"aioseo_notices":[],"_links":{"self":[{"href":"https:\/\/mnwell.com\/pt\/wp-json\/wp\/v2\/product\/2097"}],"collection":[{"href":"https:\/\/mnwell.com\/pt\/wp-json\/wp\/v2\/product"}],"about":[{"href":"https:\/\/mnwell.com\/pt\/wp-json\/wp\/v2\/types\/product"}],"wp:featuredmedia":[{"embeddable":true,"href":"https:\/\/mnwell.com\/pt\/wp-json\/wp\/v2\/media\/2098"}],"wp:attachment":[{"href":"https:\/\/mnwell.com\/pt\/wp-json\/wp\/v2\/media?parent=2097"}],"wp:term":[{"taxonomy":"product_cat","embeddable":true,"href":"https:\/\/mnwell.com\/pt\/wp-json\/wp\/v2\/product_cat?post=2097"},{"taxonomy":"product_tag","embeddable":true,"href":"https:\/\/mnwell.com\/pt\/wp-json\/wp\/v2\/product_tag?post=2097"}],"curies":[{"name":"wp","href":"https:\/\/api.w.org\/{rel}","templated":true}]}}