{"id":2111,"date":"2023-07-18T15:54:28","date_gmt":"2023-07-18T13:54:28","guid":{"rendered":"https:\/\/mnwell.com\/?post_type=product&#038;p=2111"},"modified":"2023-09-15T07:59:54","modified_gmt":"2023-09-15T05:59:54","slug":"aluminium-pressure-die-casting-components","status":"publish","type":"product","link":"https:\/\/mnwell.com\/pt\/produto\/aluminium-pressure-die-casting-components\/","title":{"rendered":"componentes de fundi\u00e7\u00e3o sob press\u00e3o de alum\u00ednio"},"content":{"rendered":"<p>Os componentes de alum\u00ednio fundido sob press\u00e3o desempenham um papel significativo na produ\u00e7\u00e3o de uma vasta gama de bens numa variedade de sectores. O alum\u00ednio fundido \u00e9 injetado em moldes de alta press\u00e3o e moldado em formas que cumprem as especifica\u00e7\u00f5es de design especificadas.<\/p>\n<p>Os componentes de alum\u00ednio fundido sob press\u00e3o s\u00e3o uma \u00f3ptima escolha para uma vasta gama de aplica\u00e7\u00f5es. Devido ao seu desempenho superior, fiabilidade e efic\u00e1cia em termos de custos, s\u00e3o a primeira escolha dos fabricantes em todo o mundo. Se precisar de componentes de alum\u00ednio fundido sob press\u00e3o de alta qualidade, n\u00e3o v\u00e1 mais longe do que a nossa f\u00e1brica, que pode satisfazer todos os seus requisitos.<\/p>\n<p>&nbsp;<\/p>\n<h3>Dimens\u00f5es padr\u00e3o OEM<\/h3>\n<ul>\n<li>Materiais dispon\u00edveis: AL:5052\/5754\/5082\/5083\/6061\/6063\/6082\u2026.<br \/>\nZL101\/ZL102\/ADC12...<br \/>\nQ235B\/Q345E\/Q345D\/SPCC\/SECC\/DX51D\/DX53D... A\u00e7o carbono<br \/>\nOs tipos de a\u00e7o inoxid\u00e1vel incluem 304\/316\/430\/201...<\/li>\n<li>Os tratamentos de superf\u00edcie incluem pulveriza\u00e7\u00e3o de tinta, revestimento el\u00e9trico, anodiza\u00e7\u00e3o, polimento, jato de areia, eletroforese e passiva\u00e7\u00e3o.<br \/>\nT\/T, L\/C, Money Gram, Western Union Entrega<\/li>\n<\/ul>\n<p>&nbsp;<\/p>\n<h4>Gama de aplica\u00e7\u00f5es<\/h4>\n<p><a href=\"https:\/\/mnwell.com\/pt\/aluminum-die-casting\/\">Fundi\u00e7\u00e3o injectada de alum\u00ednio<\/a> s\u00e3o amplamente utilizados numa variedade de sectores, incluindo o autom\u00f3vel, aeroespacial, el\u00e9trico e de constru\u00e7\u00e3o. No sector autom\u00f3vel, s\u00e3o utilizados para fabricar blocos de motor, caixas de velocidades e componentes de suspens\u00e3o. S\u00e3o utilizados no sector aeroespacial para fabricar pe\u00e7as de motores, componentes de asas e pe\u00e7as de trens de aterragem. S\u00e3o utilizados no sector el\u00e9trico para fabricar dissipadores de calor, componentes de caixas e componentes electr\u00f3nicos.<\/p>\n<p><img loading=\"lazy\" decoding=\"async\" class=\"alignnone size-full wp-image-2112\" src=\"http:\/\/mnwell.com\/wp-content\/uploads\/2023\/07\/AYU9521.jpg\" alt=\"aluminium casting components\" width=\"800\" height=\"800\" srcset=\"https:\/\/mnwell.com\/wp-content\/uploads\/2023\/07\/AYU9521.jpg 800w, https:\/\/mnwell.com\/wp-content\/uploads\/2023\/07\/AYU9521-150x150.jpg 150w, https:\/\/mnwell.com\/wp-content\/uploads\/2023\/07\/AYU9521-768x768.jpg 768w, https:\/\/mnwell.com\/wp-content\/uploads\/2023\/07\/AYU9521-300x300.jpg 300w, https:\/\/mnwell.com\/wp-content\/uploads\/2023\/07\/AYU9521-600x600.jpg 600w, https:\/\/mnwell.com\/wp-content\/uploads\/2023\/07\/AYU9521-100x100.jpg 100w\" sizes=\"(max-width: 800px) 100vw, 800px\" \/><\/p>\n<p>&nbsp;<\/p>\n<h4>As vantagens dos componentes de alum\u00ednio fundido sob press\u00e3o<\/h4>\n<p>Os componentes de alum\u00ednio fundido sob press\u00e3o s\u00e3o extremamente fi\u00e1veis e econ\u00f3micos, o que os torna a primeira op\u00e7\u00e3o para uma vasta gama de aplica\u00e7\u00f5es. Oferecem elevada precis\u00e3o dimensional e polimento de superf\u00edcie, e podem ser fabricados rapidamente e em grandes quantidades. Estes componentes s\u00e3o duradouros, leves e t\u00eam uma elevada condutividade t\u00e9rmica. S\u00e3o tamb\u00e9m resistentes \u00e0 corros\u00e3o, o que os torna perfeitos para utiliza\u00e7\u00e3o em situa\u00e7\u00f5es hostis.<\/p>\n<p>Fabricamos componentes de alum\u00ednio fundido sob press\u00e3o de alta qualidade que satisfazem ou excedem as exig\u00eancias dos nossos clientes na nossa unidade de produ\u00e7\u00e3o. Dispomos de tecnologia de ponta e de pessoas qualificadas que colaboram para produzir componentes \u00fanicos que correspondem \u00e0s exig\u00eancias espec\u00edficas dos nossos clientes. Para garantir que os nossos componentes cumprem os mais elevados requisitos de qualidade, s\u00e3o rigorosamente testados e examinados.<\/p>\n<p>&nbsp;<\/p>\n<h5>Controlo de qualidade da MindWell<\/h5>\n<p>O controlo de qualidade dos componentes de fundi\u00e7\u00e3o sob press\u00e3o de alum\u00ednio \u00e9 um passo importante para manter a qualidade do produto. A nossa organiza\u00e7\u00e3o tem crit\u00e9rios de qualidade muito rigorosos e implementou o seguinte sistema de gest\u00e3o da qualidade:<\/p>\n<ol>\n<li>Controlo de materiais: Selecionar materiais de liga de alum\u00ednio de alta qualidade que cumpram as normas e requisitos aplic\u00e1veis. Inspecionar e testar as mat\u00e9rias-primas para garantir que a sua composi\u00e7\u00e3o qu\u00edmica e qualidades mec\u00e2nicas cumprem as especifica\u00e7\u00f5es.<\/li>\n<li>Controlo da conce\u00e7\u00e3o e produ\u00e7\u00e3o do molde: O molde \u00e9 uma ferramenta importante na fundi\u00e7\u00e3o de alum\u00ednio, e a qualidade da sua conce\u00e7\u00e3o e fabrico tem uma influ\u00eancia direta na qualidade do produto. Verifique se o desenho do molde \u00e9 exato e se \u00e9 feito de materiais de alta qualidade. Manter e conservar o molde numa base regular para o manter em bom estado.<\/li>\n<li>Controlo do processo: regular rigorosamente os par\u00e2metros do processo de fundi\u00e7\u00e3o de alum\u00ednio, como a temperatura de vazamento, a velocidade de vazamento, a press\u00e3o e o tempo de arrefecimento, entre outros. Crie um fluxo de processo uniforme e acompanhe-o e documente-o.<\/li>\n<li>Os componentes de alum\u00ednio fundido sob press\u00e3o s\u00e3o inspeccionados e testados para verificar se as suas dimens\u00f5es, qualidade da superf\u00edcie e qualidades mec\u00e2nicas satisfazem as especifica\u00e7\u00f5es. S\u00e3o frequentemente utilizadas medi\u00e7\u00f5es de tr\u00eas coordenadas, inspe\u00e7\u00e3o por raios X, exame ultrass\u00f3nico e outros procedimentos de inspe\u00e7\u00e3o.<\/li>\n<li>Ensaios n\u00e3o destrutivos: Para verificar se o produto est\u00e1 isento de falhas internas, utilizar m\u00e9todos de ensaio n\u00e3o destrutivos, como o ensaio de penetra\u00e7\u00e3o, o ensaio de part\u00edculas magn\u00e9ticas, etc., para descobrir falhas nos componentes de alum\u00ednio fundido sob press\u00e3o.<\/li>\n<li>Estabelecer um sistema de rastreabilidade do produto para identificar e registar exclusivamente cada componente de fundi\u00e7\u00e3o de alum\u00ednio, incluindo lotes de materiais, datas de fabrico, par\u00e2metros de processo, etc., para ajudar na resolu\u00e7\u00e3o de problemas e na melhoria da qualidade.<\/li>\n<li>Forma\u00e7\u00e3o e sensibiliza\u00e7\u00e3o: Fornecer forma\u00e7\u00e3o aos operadores de produ\u00e7\u00e3o para aumentar a sua sensibiliza\u00e7\u00e3o e capacidade de controlo da qualidade. Para incentivar a colabora\u00e7\u00e3o e a melhoria da qualidade, organizar regularmente actividades de forma\u00e7\u00e3o e comunica\u00e7\u00e3o sobre a qualidade.<\/li>\n<\/ol>\n<p><img loading=\"lazy\" decoding=\"async\" class=\"alignnone size-full wp-image-1973\" src=\"http:\/\/mnwell.com\/wp-content\/uploads\/2023\/07\/AYU9596-e1688652039321.jpg\" alt=\"\" width=\"350\" height=\"525\" \/><\/p>\n<p><img loading=\"lazy\" decoding=\"async\" class=\"alignnone size-full wp-image-1985\" src=\"http:\/\/mnwell.com\/wp-content\/uploads\/2023\/07\/bc62196aa01b7adeaba4a2362274b8a.jpg\" alt=\"\" width=\"500\" height=\"333\" \/><\/p>","protected":false},"excerpt":{"rendered":"<p>Os componentes de alum\u00ednio fundido sob press\u00e3o desempenham um papel significativo na produ\u00e7\u00e3o de uma vasta gama de bens numa variedade de sectores. O alum\u00ednio fundido \u00e9 injetado em moldes de alta press\u00e3o e moldado em formas que cumprem as especifica\u00e7\u00f5es de design especificadas.<\/p>\n<p>Os componentes de alum\u00ednio fundido sob press\u00e3o s\u00e3o uma \u00f3ptima escolha para uma vasta gama de aplica\u00e7\u00f5es. Devido ao seu desempenho superior, fiabilidade e efic\u00e1cia em termos de custos, s\u00e3o a primeira escolha dos fabricantes em todo o mundo. Se precisar de componentes de alum\u00ednio fundido sob press\u00e3o de alta qualidade, n\u00e3o v\u00e1 mais longe do que a nossa f\u00e1brica, que pode satisfazer todos os seus requisitos.<\/p>","protected":false},"featured_media":2112,"template":"","meta":{"om_disable_all_campaigns":false,"_monsterinsights_skip_tracking":false,"_monsterinsights_sitenote_active":false,"_monsterinsights_sitenote_note":"","_monsterinsights_sitenote_category":0,"_uf_show_specific_survey":0,"_uf_disable_surveys":false,"site-sidebar-layout":"default","site-content-layout":"default","ast-global-header-display":"","ast-banner-title-visibility":"","ast-main-header-display":"","ast-hfb-above-header-display":"","ast-hfb-below-header-display":"","ast-hfb-mobile-header-display":"","site-post-title":"","ast-breadcrumbs-content":"","ast-featured-img":"","footer-sml-layout":"","theme-transparent-header-meta":"default","adv-header-id-meta":"","stick-header-meta":"","header-above-stick-meta":"","header-main-stick-meta":"","header-below-stick-meta":""},"product_cat":[18],"product_tag":[75,78,76,77],"aioseo_notices":[],"_links":{"self":[{"href":"https:\/\/mnwell.com\/pt\/wp-json\/wp\/v2\/product\/2111"}],"collection":[{"href":"https:\/\/mnwell.com\/pt\/wp-json\/wp\/v2\/product"}],"about":[{"href":"https:\/\/mnwell.com\/pt\/wp-json\/wp\/v2\/types\/product"}],"wp:featuredmedia":[{"embeddable":true,"href":"https:\/\/mnwell.com\/pt\/wp-json\/wp\/v2\/media\/2112"}],"wp:attachment":[{"href":"https:\/\/mnwell.com\/pt\/wp-json\/wp\/v2\/media?parent=2111"}],"wp:term":[{"taxonomy":"product_cat","embeddable":true,"href":"https:\/\/mnwell.com\/pt\/wp-json\/wp\/v2\/product_cat?post=2111"},{"taxonomy":"product_tag","embeddable":true,"href":"https:\/\/mnwell.com\/pt\/wp-json\/wp\/v2\/product_tag?post=2111"}],"curies":[{"name":"wp","href":"https:\/\/api.w.org\/{rel}","templated":true}]}}